{"id":8212,"date":"2024-10-28T19:19:09","date_gmt":"2024-10-28T19:19:09","guid":{"rendered":"https:\/\/distribucionarc.com\/?post_type=product&#038;p=8212"},"modified":"2024-10-28T22:47:25","modified_gmt":"2024-10-28T22:47:25","slug":"grande-soudeuse-de-boites-carrees-et-circulaires-anr-170","status":"publish","type":"product","link":"https:\/\/distribucionarc.com\/fr\/producto\/selladora-de-latas-grandes-cuadradas-y-circulares-anr-170\/","title":{"rendered":"Scelleuse pour grandes bo\u00eetes carr\u00e9es et circulaires ANR-170"},"content":{"rendered":"<p>Le <strong>Scelleuse de grandes bo\u00eetes ANR-170<\/strong> est une machine sp\u00e9cialis\u00e9e dans le scellage de bo\u00eetes de conserve de diff\u00e9rentes tailles et formes, principalement rondes et carr\u00e9es, utilis\u00e9es dans des secteurs tels que les produits alimentaires, chimiques, agricoles et cosm\u00e9tiques. Sa fonction principale est d&#039;effectuer une fermeture herm\u00e9tique de haute qualit\u00e9 sur diff\u00e9rents types de conteneurs, garantissant ainsi que les produits qu&#039;ils contiennent sont correctement conserv\u00e9s, avec une exposition minimale aux contaminants et une plus grande durabilit\u00e9.<\/p>\n<p>L&#039;objectif principal du <strong>machine \u00e0 sceller ANR-170<\/strong> est d&#039;assurer une \u00e9tanch\u00e9it\u00e9 pr\u00e9cise et coh\u00e9rente sur des contenants m\u00e9talliques de diff\u00e9rentes tailles et formes. Ce processus est crucial pour pr\u00e9server la qualit\u00e9 du produit \u00e0 l\u2019int\u00e9rieur, en le prot\u00e9geant des facteurs externes tels que l\u2019air, l\u2019humidit\u00e9 ou d\u2019\u00e9ventuels micro-organismes. Le scellage de pr\u00e9cision facilite \u00e9galement la distribution et le stockage des produits.<\/p>\n<p>Ses \u00e9l\u00e9ments cl\u00e9s sont les suivants :<\/p>\n<p><strong>La t\u00eate d&#039;\u00e9tanch\u00e9it\u00e9,<\/strong> un composant essentiel qui entre en contact direct avec la bo\u00eete, exer\u00e7ant la pression et la chaleur n\u00e9cessaires pour faire fondre les parties du r\u00e9cipient, garantissant une fermeture herm\u00e9tique, le <strong>Syst\u00e8me d&#039;alimentation <\/strong>qui se compose d&#039;un tapis roulant et de guides r\u00e9glables qui positionnent les bo\u00eetes \u00e0 l&#039;endroit exact pour le scellage, <strong>Syst\u00e8me d&#039;alimentation <\/strong>qui se compose d&#039;une bande transporteuse et de guides r\u00e9glables qui positionnent les bo\u00eetes \u00e0 l&#039;emplacement exact pour le scellement. Le <strong>Structure de soutien <\/strong>Elle est r\u00e9alis\u00e9e en acier r\u00e9sistant (201, 304 et 420), cette structure assure la stabilit\u00e9 et la durabilit\u00e9 de la machine, supportant le poids des canettes et de la t\u00eate de scellage. Il <strong>syst\u00e8me de s\u00e9curit\u00e9 je<\/strong>Il comprend des capteurs qui arr\u00eatent le fonctionnement si des probl\u00e8mes sont d\u00e9tect\u00e9s, tels qu&#039;un mauvais positionnement d&#039;une canette, ce qui minimise les accidents et les dommages \u00e0 la machine.<\/p>\n<p>&nbsp;<\/p>\n<p>La tendance des machines \u00e0 sceller comme l&#039;ANR-170 inclut l&#039;int\u00e9gration de <strong>syst\u00e8mes de surveillance en temps r\u00e9el<\/strong> pour d\u00e9tecter et signaler les probl\u00e8mes de fonctionnement, un <strong>une meilleure automatisation<\/strong> pour g\u00e9rer une plus grande vari\u00e9t\u00e9 de tailles et de formes de canettes, et les futurs mod\u00e8les pourraient int\u00e9grer <strong>capteurs intelligents<\/strong> qui ajustent automatiquement la temp\u00e9rature et la pression de scellage en fonction du type de mat\u00e9riau du conteneur.<\/p>\n<p>En r\u00e9sum\u00e9, le <strong>machine \u00e0 sceller ANR-170<\/strong> Il s&#039;agit d&#039;une machine robuste, efficace et polyvalente qui am\u00e9liore la productivit\u00e9 et garantit la qualit\u00e9 du scellage des bo\u00eetes dans de multiples industries, avec un entretien simple et une conception ax\u00e9e sur la durabilit\u00e9 et la s\u00e9curit\u00e9.<\/p>\n<p><a href=\"https:\/\/distribucionarc.com\/wp-content\/uploads\/2024\/10\/Sellado-de-Latas-Grandes.png\"><img loading=\"lazy\" decoding=\"async\" class=\"alignnone size-medium wp-image-8213\" src=\"https:\/\/distribucionarc.com\/wp-content\/uploads\/2024\/10\/Sellado-de-Latas-Grandes-292x300.png\" alt=\"\" width=\"292\" height=\"300\" srcset=\"https:\/\/distribucionarc.com\/wp-content\/uploads\/2024\/10\/Sellado-de-Latas-Grandes-292x300.png 292w, https:\/\/distribucionarc.com\/wp-content\/uploads\/2024\/10\/Sellado-de-Latas-Grandes-430x441.png 430w, https:\/\/distribucionarc.com\/wp-content\/uploads\/2024\/10\/Sellado-de-Latas-Grandes-150x154.png 150w, https:\/\/distribucionarc.com\/wp-content\/uploads\/2024\/10\/Sellado-de-Latas-Grandes-12x12.png 12w, https:\/\/distribucionarc.com\/wp-content\/uploads\/2024\/10\/Sellado-de-Latas-Grandes.png 563w\" sizes=\"auto, (max-width: 292px) 100vw, 292px\" \/><\/a>\u00a0 \u00a0 \u00a0 <a href=\"https:\/\/distribucionarc.com\/wp-content\/uploads\/2024\/10\/Selladora-de-Latas-industrial.png\"><img loading=\"lazy\" decoding=\"async\" class=\"alignnone size-medium wp-image-8216\" src=\"https:\/\/distribucionarc.com\/wp-content\/uploads\/2024\/10\/Selladora-de-Latas-industrial-285x300.png\" alt=\"\" width=\"285\" height=\"300\" srcset=\"https:\/\/distribucionarc.com\/wp-content\/uploads\/2024\/10\/Selladora-de-Latas-industrial-285x300.png 285w, https:\/\/distribucionarc.com\/wp-content\/uploads\/2024\/10\/Selladora-de-Latas-industrial-430x452.png 430w, https:\/\/distribucionarc.com\/wp-content\/uploads\/2024\/10\/Selladora-de-Latas-industrial-150x158.png 150w, https:\/\/distribucionarc.com\/wp-content\/uploads\/2024\/10\/Selladora-de-Latas-industrial-11x12.png 11w, https:\/\/distribucionarc.com\/wp-content\/uploads\/2024\/10\/Selladora-de-Latas-industrial.png 541w\" sizes=\"auto, (max-width: 285px) 100vw, 285px\" \/><\/a><\/p>\n<p>&nbsp;<\/p>\n<table>\n<thead>\n<tr>\n<th>Sp\u00e9cification<\/th>\n<th>D\u00e9tail<\/th>\n<\/tr>\n<\/thead>\n<tbody>\n<tr>\n<td><strong>Taille de la machine<\/strong><\/td>\n<td>1000x917x1885mm<\/td>\n<\/tr>\n<tr>\n<td><strong>Tension<\/strong><\/td>\n<td>220 V\/50 Hz<\/td>\n<\/tr>\n<tr>\n<td><strong>Production (tours)<\/strong><\/td>\n<td>25-30 canettes\/minute<\/td>\n<\/tr>\n<tr>\n<td><strong>Production (carr\u00e9)<\/strong><\/td>\n<td>15-20 canettes\/minute<\/td>\n<\/tr>\n<tr>\n<td><strong>Pouvoir<\/strong><\/td>\n<td>2,2 kW<\/td>\n<\/tr>\n<tr>\n<td><strong>Diam\u00e8tre de la bo\u00eete<\/strong><\/td>\n<td>50-330mm<\/td>\n<\/tr>\n<tr>\n<td><strong>Hauteur maximale de la bo\u00eete<\/strong><\/td>\n<td>420mm<\/td>\n<\/tr>\n<tr>\n<td><strong>Poids<\/strong><\/td>\n<td>800 kg<\/td>\n<\/tr>\n<tr>\n<td><strong>Mod\u00e8le<\/strong><\/td>\n<td>ANR-170<\/td>\n<\/tr>\n<tr>\n<td><strong>pression atmosph\u00e9rique<\/strong><\/td>\n<td>0,4-0,6MPa<\/td>\n<\/tr>\n<tr>\n<td><strong>\u00c9paisseur du fer blanc<\/strong><\/td>\n<td>Jusqu&#039;\u00e0 0,4 mm<\/td>\n<\/tr>\n<tr>\n<td><strong>r\u00e9gime moteur<\/strong><\/td>\n<td>940 tr\/min<\/td>\n<\/tr>\n<tr>\n<td><strong>UGS<\/strong><\/td>\n<td>AR00127<\/td>\n<\/tr>\n<tr>\n<td><strong>Garantie<\/strong><\/td>\n<td>2 ans<\/td>\n<\/tr>\n<\/tbody>\n<\/table>\n<p>&nbsp;<\/p>\n<p>&nbsp;<\/p>","protected":false},"excerpt":{"rendered":"<p>La machine <strong>Scelleuse de grandes bo\u00eetes ANR-170<\/strong> est un \u00e9quipement sp\u00e9cialis\u00e9 con\u00e7u pour sceller efficacement des bo\u00eetes rondes et de formes sp\u00e9ciales, telles que les bo\u00eetes carr\u00e9es, dans divers secteurs industriels, notamment l&#039;alimentation, la chimie, l&#039;agriculture et la cosm\u00e9tique. Son fonctionnement est simple, caract\u00e9ris\u00e9 par sa grande efficacit\u00e9 et sa polyvalence dans diff\u00e9rents types d&#039;\u00e9tanch\u00e9it\u00e9. Fabriqu\u00e9 \u00e0 partir d&#039;acier de haute qualit\u00e9 (201, 304 et 420), l&#039;ANR-170 offre durabilit\u00e9 et r\u00e9sistance, avec un faible taux de d\u00e9faillance qui garantit une longue dur\u00e9e de vie. Ses principaux composants comprennent la t\u00eate de scellage, le syst\u00e8me de contr\u00f4le et la base de support, ce qui facilite son utilisation et sa maintenance dans les environnements industriels. Cet \u00e9quipement optimise le processus d&#039;emballage, am\u00e9liorant ainsi la s\u00e9curit\u00e9 et la conservation des produits.<\/p>","protected":false},"featured_media":8215,"comment_status":"open","ping_status":"closed","template":"","meta":{"wds_primary_product_brand":0,"wds_primary_product_cat":0},"product_brand":[],"product_cat":[62],"product_tag":[],"class_list":{"0":"post-8212","1":"product","2":"type-product","3":"status-publish","4":"has-post-thumbnail","6":"product_cat-selladoras-de-latas","8":"first","9":"instock","10":"taxable","11":"shipping-taxable","12":"purchasable","13":"product-type-simple"},"yoast_head":"<!-- This site is optimized with the Yoast SEO Premium plugin v24.9 (Yoast SEO v26.1) - https:\/\/yoast.com\/wordpress\/plugins\/seo\/ -->\n<title>Selladora de latas grandes cuadradas y circulares ANR-170 - distribuci\u00f3n ARC<\/title>\n<meta name=\"robots\" content=\"index, follow, max-snippet:-1, max-image-preview:large, max-video-preview:-1\" \/>\n<link rel=\"canonical\" href=\"https:\/\/distribucionarc.com\/fr\/produit\/grande-soudeuse-de-boites-carrees-et-circulaires-anr-170\/\" \/>\n<meta property=\"og:locale\" content=\"fr_FR\" \/>\n<meta property=\"og:type\" content=\"article\" \/>\n<meta property=\"og:title\" content=\"Selladora de latas grandes cuadradas y circulares ANR-170\" \/>\n<meta property=\"og:description\" content=\"La m\u00e1quina Selladora de latas grandes ANR-170 es un equipo especializado dise\u00f1ado para sellar eficientemente latas redondas y de formas especiales, como las cuadradas, en diversos sectores industriales, incluyendo alimentos, productos qu\u00edmicos, agr\u00edcolas y cosm\u00e9ticos. Su operaci\u00f3n es simple, caracteriz\u00e1ndose por su alta eficiencia y versatilidad en diferentes tipos de sellado. Fabricada con acero de alta calidad (201, 304 y 420), la ANR-170 ofrece durabilidad y resistencia, con una baja tasa de fallos que garantiza una larga vida \u00fatil. Sus principales componentes incluyen el cabezal de sellado, el sistema de control y la base de soporte, lo que facilita su uso y mantenimiento en entornos industriales. Este equipo optimiza el proceso de envasado, mejorando la seguridad y la conservaci\u00f3n de los productos.\" \/>\n<meta property=\"og:url\" content=\"https:\/\/distribucionarc.com\/fr\/produit\/grande-soudeuse-de-boites-carrees-et-circulaires-anr-170\/\" \/>\n<meta property=\"og:site_name\" content=\"distribuci\u00f3n ARC\" \/>\n<meta property=\"article:modified_time\" content=\"2024-10-28T22:47:25+00:00\" \/>\n<meta property=\"og:image\" content=\"https:\/\/distribucionarc.com\/wp-content\/uploads\/2024\/10\/Tecnologia-de-Sellado-Preciso-con-la-Selladora-de-latas-grandes.png\" \/>\n\t<meta property=\"og:image:width\" content=\"283\" \/>\n\t<meta property=\"og:image:height\" content=\"457\" \/>\n\t<meta property=\"og:image:type\" content=\"image\/png\" \/>\n<meta name=\"twitter:card\" content=\"summary_large_image\" \/>\n<meta name=\"twitter:label1\" content=\"Dur\u00e9e de lecture estim\u00e9e\" \/>\n\t<meta name=\"twitter:data1\" content=\"3 minutes\" \/>\n<script type=\"application\/ld+json\" class=\"yoast-schema-graph\">{\"@context\":\"https:\/\/schema.org\",\"@graph\":[{\"@type\":\"WebPage\",\"@id\":\"https:\/\/distribucionarc.com\/producto\/selladora-de-latas-grandes-cuadradas-y-circulares-anr-170\/\",\"url\":\"https:\/\/distribucionarc.com\/producto\/selladora-de-latas-grandes-cuadradas-y-circulares-anr-170\/\",\"name\":\"Selladora de latas grandes cuadradas y circulares ANR-170 - distribuci\u00f3n ARC\",\"isPartOf\":{\"@id\":\"https:\/\/distribucionarc.com\/bg\/#website\"},\"primaryImageOfPage\":{\"@id\":\"https:\/\/distribucionarc.com\/producto\/selladora-de-latas-grandes-cuadradas-y-circulares-anr-170\/#primaryimage\"},\"image\":{\"@id\":\"https:\/\/distribucionarc.com\/producto\/selladora-de-latas-grandes-cuadradas-y-circulares-anr-170\/#primaryimage\"},\"thumbnailUrl\":\"https:\/\/distribucionarc.com\/wp-content\/uploads\/2024\/10\/Tecnologia-de-Sellado-Preciso-con-la-Selladora-de-latas-grandes.png\",\"datePublished\":\"2024-10-28T19:19:09+00:00\",\"dateModified\":\"2024-10-28T22:47:25+00:00\",\"breadcrumb\":{\"@id\":\"https:\/\/distribucionarc.com\/producto\/selladora-de-latas-grandes-cuadradas-y-circulares-anr-170\/#breadcrumb\"},\"inLanguage\":\"fr-FR\",\"potentialAction\":[{\"@type\":\"ReadAction\",\"target\":[\"https:\/\/distribucionarc.com\/producto\/selladora-de-latas-grandes-cuadradas-y-circulares-anr-170\/\"]}]},{\"@type\":\"ImageObject\",\"inLanguage\":\"fr-FR\",\"@id\":\"https:\/\/distribucionarc.com\/producto\/selladora-de-latas-grandes-cuadradas-y-circulares-anr-170\/#primaryimage\",\"url\":\"https:\/\/distribucionarc.com\/wp-content\/uploads\/2024\/10\/Tecnologia-de-Sellado-Preciso-con-la-Selladora-de-latas-grandes.png\",\"contentUrl\":\"https:\/\/distribucionarc.com\/wp-content\/uploads\/2024\/10\/Tecnologia-de-Sellado-Preciso-con-la-Selladora-de-latas-grandes.png\",\"width\":283,\"height\":457},{\"@type\":\"BreadcrumbList\",\"@id\":\"https:\/\/distribucionarc.com\/producto\/selladora-de-latas-grandes-cuadradas-y-circulares-anr-170\/#breadcrumb\",\"itemListElement\":[{\"@type\":\"ListItem\",\"position\":1,\"name\":\"Portada\",\"item\":\"https:\/\/distribucionarc.com\/nb\/\"},{\"@type\":\"ListItem\",\"position\":2,\"name\":\"Products\",\"item\":\"https:\/\/www.distribucionarc.com\/en\/shop\/\"},{\"@type\":\"ListItem\",\"position\":3,\"name\":\"Selladora de latas grandes cuadradas y circulares ANR-170\"}]},{\"@type\":\"WebSite\",\"@id\":\"https:\/\/distribucionarc.com\/bg\/#website\",\"url\":\"https:\/\/distribucionarc.com\/bg\/\",\"name\":\"distribuci\u00f3n ARC\",\"description\":\"Empresa especializada en la fabricaci\u00f3n y distribuci\u00f3n de maquinaria industrial, selladoras de latas, Maquinas de hacer pastillas, Maquinas de cortar carne...\",\"publisher\":{\"@id\":\"https:\/\/distribucionarc.com\/bg\/#organization\"},\"potentialAction\":[{\"@type\":\"SearchAction\",\"target\":{\"@type\":\"EntryPoint\",\"urlTemplate\":\"https:\/\/distribucionarc.com\/bg\/?s={search_term_string}\"},\"query-input\":{\"@type\":\"PropertyValueSpecification\",\"valueRequired\":true,\"valueName\":\"search_term_string\"}}],\"inLanguage\":\"fr-FR\"},{\"@type\":\"Organization\",\"@id\":\"https:\/\/distribucionarc.com\/bg\/#organization\",\"name\":\"Distribuci\u00f3n ARC\",\"url\":\"https:\/\/distribucionarc.com\/bg\/\",\"logo\":{\"@type\":\"ImageObject\",\"inLanguage\":\"fr-FR\",\"@id\":\"https:\/\/distribucionarc.com\/bg\/#\/schema\/logo\/image\/\",\"url\":\"https:\/\/distribucionarc.com\/wp-content\/uploads\/2024\/10\/distribucion-ARC-COLOR-SIN-FONDO-e1732295305345.png\",\"contentUrl\":\"https:\/\/distribucionarc.com\/wp-content\/uploads\/2024\/10\/distribucion-ARC-COLOR-SIN-FONDO-e1732295305345.png\",\"width\":1164,\"height\":558,\"caption\":\"Distribuci\u00f3n ARC\"},\"image\":{\"@id\":\"https:\/\/distribucionarc.com\/bg\/#\/schema\/logo\/image\/\"},\"description\":\"Empresa especializada en la fabricaci\u00f3n y distribuci\u00f3n de maquinaria industrial para los sectores alimentario y farmac\u00e9utico. Nos especializamos en: M\u00e1quinas de cortar carne Fabricaci\u00f3n de comprimidos Sistemas de transporte industrial L\u00edneas de embotellado Dosificadores Y mucho m\u00e1s... Ofrecemos soluciones innovadoras y personalizadas para optimizar los procesos productivos de tu empresa.\",\"email\":\"Admistracion@distribucionarc.com\",\"telephone\":\"+34 643496664\",\"legalName\":\"ARC TECH SOLUTIONS\",\"foundingDate\":\"2024-04-09\",\"vatID\":\"B55480172\",\"numberOfEmployees\":{\"@type\":\"QuantitativeValue\",\"minValue\":\"1\",\"maxValue\":\"10\"}}]}<\/script>\n<!-- \/ Yoast SEO Premium plugin. -->","yoast_head_json":{"title":"Scelleuse de grandes bo\u00eetes carr\u00e9es et circulaires ANR-170 - ARC distribution","robots":{"index":"index","follow":"follow","max-snippet":"max-snippet:-1","max-image-preview":"max-image-preview:large","max-video-preview":"max-video-preview:-1"},"canonical":"https:\/\/distribucionarc.com\/fr\/produit\/grande-soudeuse-de-boites-carrees-et-circulaires-anr-170\/","og_locale":"fr_FR","og_type":"article","og_title":"Selladora de latas grandes cuadradas y circulares ANR-170","og_description":"La m\u00e1quina Selladora de latas grandes ANR-170 es un equipo especializado dise\u00f1ado para sellar eficientemente latas redondas y de formas especiales, como las cuadradas, en diversos sectores industriales, incluyendo alimentos, productos qu\u00edmicos, agr\u00edcolas y cosm\u00e9ticos. Su operaci\u00f3n es simple, caracteriz\u00e1ndose por su alta eficiencia y versatilidad en diferentes tipos de sellado. Fabricada con acero de alta calidad (201, 304 y 420), la ANR-170 ofrece durabilidad y resistencia, con una baja tasa de fallos que garantiza una larga vida \u00fatil. Sus principales componentes incluyen el cabezal de sellado, el sistema de control y la base de soporte, lo que facilita su uso y mantenimiento en entornos industriales. Este equipo optimiza el proceso de envasado, mejorando la seguridad y la conservaci\u00f3n de los productos.","og_url":"https:\/\/distribucionarc.com\/fr\/produit\/grande-soudeuse-de-boites-carrees-et-circulaires-anr-170\/","og_site_name":"distribuci\u00f3n ARC","article_modified_time":"2024-10-28T22:47:25+00:00","og_image":[{"width":283,"height":457,"url":"https:\/\/distribucionarc.com\/wp-content\/uploads\/2024\/10\/Tecnologia-de-Sellado-Preciso-con-la-Selladora-de-latas-grandes.png","type":"image\/png"}],"twitter_card":"summary_large_image","twitter_misc":{"Dur\u00e9e de lecture estim\u00e9e":"3 minutes"},"schema":{"@context":"https:\/\/schema.org","@graph":[{"@type":"WebPage","@id":"https:\/\/distribucionarc.com\/producto\/selladora-de-latas-grandes-cuadradas-y-circulares-anr-170\/","url":"https:\/\/distribucionarc.com\/producto\/selladora-de-latas-grandes-cuadradas-y-circulares-anr-170\/","name":"Scelleuse de grandes bo\u00eetes carr\u00e9es et circulaires ANR-170 - ARC distribution","isPartOf":{"@id":"https:\/\/distribucionarc.com\/bg\/#website"},"primaryImageOfPage":{"@id":"https:\/\/distribucionarc.com\/producto\/selladora-de-latas-grandes-cuadradas-y-circulares-anr-170\/#primaryimage"},"image":{"@id":"https:\/\/distribucionarc.com\/producto\/selladora-de-latas-grandes-cuadradas-y-circulares-anr-170\/#primaryimage"},"thumbnailUrl":"https:\/\/distribucionarc.com\/wp-content\/uploads\/2024\/10\/Tecnologia-de-Sellado-Preciso-con-la-Selladora-de-latas-grandes.png","datePublished":"2024-10-28T19:19:09+00:00","dateModified":"2024-10-28T22:47:25+00:00","breadcrumb":{"@id":"https:\/\/distribucionarc.com\/producto\/selladora-de-latas-grandes-cuadradas-y-circulares-anr-170\/#breadcrumb"},"inLanguage":"fr-FR","potentialAction":[{"@type":"ReadAction","target":["https:\/\/distribucionarc.com\/producto\/selladora-de-latas-grandes-cuadradas-y-circulares-anr-170\/"]}]},{"@type":"ImageObject","inLanguage":"fr-FR","@id":"https:\/\/distribucionarc.com\/producto\/selladora-de-latas-grandes-cuadradas-y-circulares-anr-170\/#primaryimage","url":"https:\/\/distribucionarc.com\/wp-content\/uploads\/2024\/10\/Tecnologia-de-Sellado-Preciso-con-la-Selladora-de-latas-grandes.png","contentUrl":"https:\/\/distribucionarc.com\/wp-content\/uploads\/2024\/10\/Tecnologia-de-Sellado-Preciso-con-la-Selladora-de-latas-grandes.png","width":283,"height":457},{"@type":"BreadcrumbList","@id":"https:\/\/distribucionarc.com\/producto\/selladora-de-latas-grandes-cuadradas-y-circulares-anr-170\/#breadcrumb","itemListElement":[{"@type":"ListItem","position":1,"name":"Portada","item":"https:\/\/distribucionarc.com\/nb\/"},{"@type":"ListItem","position":2,"name":"Products","item":"https:\/\/www.distribucionarc.com\/en\/shop\/"},{"@type":"ListItem","position":3,"name":"Selladora de latas grandes cuadradas y circulares ANR-170"}]},{"@type":"WebSite","@id":"https:\/\/distribucionarc.com\/bg\/#website","url":"https:\/\/distribucionarc.com\/bg\/","name":"R\u00e9partition de l&#039;ARC","description":"Entreprise sp\u00e9cialis\u00e9e dans la fabrication et la distribution de machines industrielles, scelleuses de bo\u00eetes, machines \u00e0 comprim\u00e9s, machines \u00e0 d\u00e9couper la viande...","publisher":{"@id":"https:\/\/distribucionarc.com\/bg\/#organization"},"potentialAction":[{"@type":"SearchAction","target":{"@type":"EntryPoint","urlTemplate":"https:\/\/distribucionarc.com\/bg\/?s={search_term_string}"},"query-input":{"@type":"PropertyValueSpecification","valueRequired":true,"valueName":"search_term_string"}}],"inLanguage":"fr-FR"},{"@type":"Organization","@id":"https:\/\/distribucionarc.com\/bg\/#organization","name":"Distribution ARC","url":"https:\/\/distribucionarc.com\/bg\/","logo":{"@type":"ImageObject","inLanguage":"fr-FR","@id":"https:\/\/distribucionarc.com\/bg\/#\/schema\/logo\/image\/","url":"https:\/\/distribucionarc.com\/wp-content\/uploads\/2024\/10\/distribucion-ARC-COLOR-SIN-FONDO-e1732295305345.png","contentUrl":"https:\/\/distribucionarc.com\/wp-content\/uploads\/2024\/10\/distribucion-ARC-COLOR-SIN-FONDO-e1732295305345.png","width":1164,"height":558,"caption":"Distribuci\u00f3n ARC"},"image":{"@id":"https:\/\/distribucionarc.com\/bg\/#\/schema\/logo\/image\/"},"description":"Entreprise sp\u00e9cialis\u00e9e dans la fabrication et la distribution de machines industrielles pour les secteurs alimentaire et pharmaceutique. Nous sommes sp\u00e9cialis\u00e9s dans : Machines \u00e0 couper la viande Fabrication de comprim\u00e9s Syst\u00e8mes de transport industriel Lignes d'embouteillage Machines de dosage Et bien plus encore... Nous proposons des solutions innovantes et personnalis\u00e9es pour optimiser les processus de production de votre entreprise.","email":"Admistracion@distribucionarc.com","telephone":"+34 643496664","legalName":"ARC TECH SOLUTIONS","foundingDate":"2024-04-09","vatID":"B55480172","numberOfEmployees":{"@type":"QuantitativeValue","minValue":"1","maxValue":"10"}}]}},"_links":{"self":[{"href":"https:\/\/distribucionarc.com\/fr\/wp-json\/wp\/v2\/product\/8212","targetHints":{"allow":["GET"]}}],"collection":[{"href":"https:\/\/distribucionarc.com\/fr\/wp-json\/wp\/v2\/product"}],"about":[{"href":"https:\/\/distribucionarc.com\/fr\/wp-json\/wp\/v2\/types\/product"}],"replies":[{"embeddable":true,"href":"https:\/\/distribucionarc.com\/fr\/wp-json\/wp\/v2\/comments?post=8212"}],"version-history":[{"count":0,"href":"https:\/\/distribucionarc.com\/fr\/wp-json\/wp\/v2\/product\/8212\/revisions"}],"wp:featuredmedia":[{"embeddable":true,"href":"https:\/\/distribucionarc.com\/fr\/wp-json\/wp\/v2\/media\/8215"}],"wp:attachment":[{"href":"https:\/\/distribucionarc.com\/fr\/wp-json\/wp\/v2\/media?parent=8212"}],"wp:term":[{"taxonomy":"product_brand","embeddable":true,"href":"https:\/\/distribucionarc.com\/fr\/wp-json\/wp\/v2\/product_brand?post=8212"},{"taxonomy":"product_cat","embeddable":true,"href":"https:\/\/distribucionarc.com\/fr\/wp-json\/wp\/v2\/product_cat?post=8212"},{"taxonomy":"product_tag","embeddable":true,"href":"https:\/\/distribucionarc.com\/fr\/wp-json\/wp\/v2\/product_tag?post=8212"}],"curies":[{"name":"wp","href":"https:\/\/api.w.org\/{rel}","templated":true}]}}