{"id":8219,"date":"2024-10-28T21:03:02","date_gmt":"2024-10-28T21:03:02","guid":{"rendered":"https:\/\/distribucionarc.com\/?post_type=product&#038;p=8219"},"modified":"2024-10-28T22:46:22","modified_gmt":"2024-10-28T22:46:22","slug":"scelleuse-lineaire-de-grandes-boites-carrees-et-circulaires-anr-171","status":"publish","type":"product","link":"https:\/\/distribucionarc.com\/fr\/producto\/selladora-de-latas-grandes-cuadradas-y-circulares-lineal-anr-171\/","title":{"rendered":"Scelleuse lin\u00e9aire de grandes bo\u00eetes carr\u00e9es et circulaires ANR-171"},"content":{"rendered":"<p>Le <strong>Scelleuse lin\u00e9aire de grandes bo\u00eetes carr\u00e9es et circulaires ANR-171<\/strong> est une machine industrielle avanc\u00e9e con\u00e7ue pour r\u00e9aliser le scellement herm\u00e9tique de bo\u00eetes de diff\u00e9rentes formes et tailles, principalement rondes et carr\u00e9es. Sa fonction principale est d&#039;assurer une fermeture s\u00fbre, fiable et durable de chaque bo\u00eete, en pr\u00e9servant la qualit\u00e9 du produit et en \u00e9vitant toute \u00e9ventuelle contamination externe. Cette machine, de conception simple mais tr\u00e8s efficace, est con\u00e7ue pour fonctionner sur des lignes de production \u00e0 grande vitesse dans diverses industries, telles que l&#039;alimentation, la chimie, l&#039;agriculture et la cosm\u00e9tique.<\/p>\n<p>Le <strong>machine \u00e0 sceller ANR-171<\/strong> Son objectif fondamental est de sceller les bo\u00eetes de mani\u00e8re s\u00fbre et uniforme, en maintenant leur contenu dans des conditions optimales pendant de longues p\u00e9riodes. Cette machine peut s&#039;adapter \u00e0 des canettes de diff\u00e9rentes dimensions, ce qui la rend id\u00e9ale pour les industries qui ont besoin de polyvalence en mati\u00e8re d&#039;emballage. Une \u00e9tanch\u00e9it\u00e9 pr\u00e9cise est cruciale pour garantir que les produits sont prot\u00e9g\u00e9s de l\u2019air, de l\u2019humidit\u00e9 ou de tout contaminant externe.<\/p>\n<p>Il se distingue par son fonctionnement pas \u00e0 pas, depuis <strong>peut positionner<\/strong> pleins ou vides, qui sont plac\u00e9s dans le syst\u00e8me d&#039;alimentation et transport\u00e9s par le tapis vers la t\u00eate de scellage, avec le <strong>alignement <\/strong>sur des guides r\u00e9glables qui positionnent chaque bo\u00eete au bon endroit, garantissant qu&#039;elles sont parfaitement align\u00e9es pour le scellement, suivi de<strong> application d&#039;\u00e9tanch\u00e9it\u00e9, <\/strong>La t\u00eate de scellage descend sur le couvercle de la bo\u00eete, appliquant la pression et la temp\u00e9rature n\u00e9cessaires (selon la configuration) pour fusionner le couvercle au corps de la bo\u00eete. Et une fois le scellage termin\u00e9, la canette est d\u00e9plac\u00e9e par le syst\u00e8me de convoyeur vers la phase suivante de la ligne de production ou vers la zone de stockage.<\/p>\n<p>L&#039;avenir du scellant ANR-171 pourrait inclure la mise en \u0153uvre de <strong>syst\u00e8mes de surveillance \u00e0 distance et de maintenance pr\u00e9dictive<\/strong>, qui nous permettent d&#039;anticiper et de r\u00e9soudre les probl\u00e8mes avant qu&#039;ils n&#039;affectent la production. De plus, avec la demande croissante de durabilit\u00e9, il est possible d&#039;int\u00e9grer des technologies d&#039;\u00e9conomie d&#039;\u00e9nergie ou des mat\u00e9riaux de construction recyclables sans compromettre la durabilit\u00e9 et les performances de la machine. En conclusion, le <strong>Scelleuse lin\u00e9aire de grandes bo\u00eetes carr\u00e9es et circulaires ANR-171<\/strong> C\u2019est un \u00e9quipement indispensable dans de multiples industries, gr\u00e2ce \u00e0 sa robustesse, sa fiabilit\u00e9 et sa capacit\u00e9 \u00e0 s\u2019adapter \u00e0 diff\u00e9rents types d\u2019emballages.<\/p>\n<p><a href=\"https:\/\/distribucionarc.com\/wp-content\/uploads\/2024\/10\/Selladora-de-Latascuadradas.png\"><img loading=\"lazy\" decoding=\"async\" class=\"alignnone size-medium wp-image-8224\" src=\"https:\/\/distribucionarc.com\/wp-content\/uploads\/2024\/10\/Selladora-de-Latascuadradas-300x248.png\" alt=\"\" width=\"300\" height=\"248\" srcset=\"https:\/\/distribucionarc.com\/wp-content\/uploads\/2024\/10\/Selladora-de-Latascuadradas-300x248.png 300w, https:\/\/distribucionarc.com\/wp-content\/uploads\/2024\/10\/Selladora-de-Latascuadradas-430x355.png 430w, https:\/\/distribucionarc.com\/wp-content\/uploads\/2024\/10\/Selladora-de-Latascuadradas-150x124.png 150w, https:\/\/distribucionarc.com\/wp-content\/uploads\/2024\/10\/Selladora-de-Latascuadradas-700x578.png 700w, https:\/\/distribucionarc.com\/wp-content\/uploads\/2024\/10\/Selladora-de-Latascuadradas-15x12.png 15w, https:\/\/distribucionarc.com\/wp-content\/uploads\/2024\/10\/Selladora-de-Latascuadradas.png 715w\" sizes=\"auto, (max-width: 300px) 100vw, 300px\" \/><\/a><\/p>\n<table>\n<thead>\n<tr>\n<th>Sp\u00e9cification<\/th>\n<th>D\u00e9tail<\/th>\n<\/tr>\n<\/thead>\n<tbody>\n<tr>\n<td><strong>Taille de la machine<\/strong><\/td>\n<td>1200x860x2000mm<\/td>\n<\/tr>\n<tr>\n<td><strong>Tension<\/strong><\/td>\n<td>380V\/50\/60Hz<\/td>\n<\/tr>\n<tr>\n<td><strong>Production<\/strong><\/td>\n<td>20-25 canettes\/minute<\/td>\n<\/tr>\n<tr>\n<td><strong>Pouvoir<\/strong><\/td>\n<td>2,2 kW<\/td>\n<\/tr>\n<tr>\n<td><strong>Diam\u00e8tre de la bo\u00eete<\/strong><\/td>\n<td>160-200mm<\/td>\n<\/tr>\n<tr>\n<td><strong>Hauteur maximale de la bo\u00eete<\/strong><\/td>\n<td>115-390 mm<\/td>\n<\/tr>\n<tr>\n<td><strong>Poids<\/strong><\/td>\n<td>5000kg<\/td>\n<\/tr>\n<tr>\n<td><strong>Mod\u00e8le<\/strong><\/td>\n<td>ANR-171<\/td>\n<\/tr>\n<tr>\n<td><strong>pression atmosph\u00e9rique<\/strong><\/td>\n<td>0,3-0,5MPa<\/td>\n<\/tr>\n<tr>\n<td><strong>\u00c9paisseur du fer blanc<\/strong><\/td>\n<td>Jusqu&#039;\u00e0 0,4 mm<\/td>\n<\/tr>\n<tr>\n<td><strong>Hauteur du convoyeur<\/strong><\/td>\n<td>1500 mm<\/td>\n<\/tr>\n<tr>\n<td><strong>Longueur du ruban<\/strong><\/td>\n<td>2000mm<\/td>\n<\/tr>\n<tr>\n<td><strong>UGS<\/strong><\/td>\n<td>AR00130<\/td>\n<\/tr>\n<tr>\n<td><strong>Garantie<\/strong><\/td>\n<td>2 ans<\/td>\n<\/tr>\n<\/tbody>\n<\/table>\n<p><a href=\"https:\/\/distribucionarc.com\/wp-content\/uploads\/2024\/10\/Selladora-Alta-Produccion-para-Latas-Industriales.png\"><img loading=\"lazy\" decoding=\"async\" class=\"alignnone size-medium wp-image-8222\" src=\"https:\/\/distribucionarc.com\/wp-content\/uploads\/2024\/10\/Selladora-Alta-Produccion-para-Latas-Industriales-300x300.png\" alt=\"\" width=\"300\" height=\"300\" srcset=\"https:\/\/distribucionarc.com\/wp-content\/uploads\/2024\/10\/Selladora-Alta-Produccion-para-Latas-Industriales-300x300.png 300w, https:\/\/distribucionarc.com\/wp-content\/uploads\/2024\/10\/Selladora-Alta-Produccion-para-Latas-Industriales-430x430.png 430w, https:\/\/distribucionarc.com\/wp-content\/uploads\/2024\/10\/Selladora-Alta-Produccion-para-Latas-Industriales-150x150.png 150w, https:\/\/distribucionarc.com\/wp-content\/uploads\/2024\/10\/Selladora-Alta-Produccion-para-Latas-Industriales-700x700.png 700w, https:\/\/distribucionarc.com\/wp-content\/uploads\/2024\/10\/Selladora-Alta-Produccion-para-Latas-Industriales-768x768.png 768w, https:\/\/distribucionarc.com\/wp-content\/uploads\/2024\/10\/Selladora-Alta-Produccion-para-Latas-Industriales-12x12.png 12w, https:\/\/distribucionarc.com\/wp-content\/uploads\/2024\/10\/Selladora-Alta-Produccion-para-Latas-Industriales.png 1000w\" sizes=\"auto, (max-width: 300px) 100vw, 300px\" \/><\/a>\u00a0 \u00a0 \u00a0 \u00a0 <a href=\"https:\/\/distribucionarc.com\/wp-content\/uploads\/2024\/10\/Tecnologia-de-Sellado-con-Presion-de-Aire.png\"><img loading=\"lazy\" decoding=\"async\" class=\"alignnone size-medium wp-image-8220\" src=\"https:\/\/distribucionarc.com\/wp-content\/uploads\/2024\/10\/Tecnologia-de-Sellado-con-Presion-de-Aire-300x214.png\" alt=\"\" width=\"300\" height=\"214\" srcset=\"https:\/\/distribucionarc.com\/wp-content\/uploads\/2024\/10\/Tecnologia-de-Sellado-con-Presion-de-Aire-300x214.png 300w, https:\/\/distribucionarc.com\/wp-content\/uploads\/2024\/10\/Tecnologia-de-Sellado-con-Presion-de-Aire-430x307.png 430w, https:\/\/distribucionarc.com\/wp-content\/uploads\/2024\/10\/Tecnologia-de-Sellado-con-Presion-de-Aire-150x107.png 150w, https:\/\/distribucionarc.com\/wp-content\/uploads\/2024\/10\/Tecnologia-de-Sellado-con-Presion-de-Aire-18x12.png 18w, https:\/\/distribucionarc.com\/wp-content\/uploads\/2024\/10\/Tecnologia-de-Sellado-con-Presion-de-Aire.png 474w\" sizes=\"auto, (max-width: 300px) 100vw, 300px\" \/><\/a><\/p>","protected":false},"excerpt":{"rendered":"<p>Le <strong>Scelleuse lin\u00e9aire de grandes bo\u00eetes carr\u00e9es et circulaires ANR-171<\/strong> est une machine sp\u00e9cialis\u00e9e con\u00e7ue pour fermer herm\u00e9tiquement des bo\u00eetes de conserve de diff\u00e9rentes tailles et formes, principalement rondes et carr\u00e9es. Sa fonction principale est d&#039;assurer une fermeture pr\u00e9cise et s\u00e9curis\u00e9e des canettes. Utilis\u00e9e dans les industries alimentaire, chimique, agricole et cosm\u00e9tique, cette machine est polyvalente et peut s&#039;adapter \u00e0 diff\u00e9rents types de scellage, optimisant l&#039;efficacit\u00e9 de l&#039;emballage et am\u00e9liorant la s\u00e9curit\u00e9 et la conservation des produits.<\/p>","protected":false},"featured_media":8223,"comment_status":"open","ping_status":"closed","template":"","meta":{"wds_primary_product_brand":0,"wds_primary_product_cat":0},"product_brand":[],"product_cat":[62],"product_tag":[],"class_list":{"0":"post-8219","1":"product","2":"type-product","3":"status-publish","4":"has-post-thumbnail","6":"product_cat-selladoras-de-latas","8":"first","9":"instock","10":"taxable","11":"shipping-taxable","12":"purchasable","13":"product-type-simple"},"yoast_head":"<!-- This site is optimized with the Yoast SEO Premium plugin v24.9 (Yoast SEO v26.1) - https:\/\/yoast.com\/wordpress\/plugins\/seo\/ -->\n<title>Selladora de latas grandes cuadradas y circulares lineal ANR-171 - distribuci\u00f3n ARC<\/title>\n<meta name=\"robots\" content=\"index, follow, max-snippet:-1, max-image-preview:large, max-video-preview:-1\" \/>\n<link rel=\"canonical\" href=\"https:\/\/www.distribucionarc.com\/sk\/producto\/selladora-de-latas-grandes-cuadradas-y-circulares-lineal-anr-171\/\" \/>\n<meta property=\"og:locale\" content=\"fr_FR\" \/>\n<meta property=\"og:type\" content=\"article\" \/>\n<meta property=\"og:title\" content=\"Selladora de latas grandes cuadradas y circulares lineal ANR-171\" \/>\n<meta property=\"og:description\" content=\"La Selladora de Latas Grandes Cuadradas y Circulares Lineal ANR-171 es una m\u00e1quina especializada dise\u00f1ada para sellar de forma herm\u00e9tica latas de distintos tama\u00f1os y formas, principalmente redondas y cuadradas. Su funci\u00f3n principal es asegurar un cierre preciso y seguro de las latas. Utilizada en las industrias de alimentos, productos qu\u00edmicos, agr\u00edcolas y cosm\u00e9ticos, esta m\u00e1quina es vers\u00e1til y puede adaptarse a diversos tipos de sellado, optimizando la eficiencia en el envasado y mejorando la seguridad y conservaci\u00f3n de los productos.\" \/>\n<meta property=\"og:url\" content=\"https:\/\/www.distribucionarc.com\/sk\/producto\/selladora-de-latas-grandes-cuadradas-y-circulares-lineal-anr-171\/\" \/>\n<meta property=\"og:site_name\" content=\"distribuci\u00f3n ARC\" \/>\n<meta property=\"article:modified_time\" content=\"2024-10-28T22:46:22+00:00\" \/>\n<meta property=\"og:image\" content=\"https:\/\/www.distribucionarc.com\/wp-content\/uploads\/2024\/10\/Maquina-Selladora-de-Latas-ANR-171.png\" \/>\n\t<meta property=\"og:image:width\" content=\"715\" \/>\n\t<meta property=\"og:image:height\" content=\"590\" \/>\n\t<meta property=\"og:image:type\" content=\"image\/png\" \/>\n<meta name=\"twitter:card\" content=\"summary_large_image\" \/>\n<meta name=\"twitter:label1\" content=\"Dur\u00e9e de lecture estim\u00e9e\" \/>\n\t<meta name=\"twitter:data1\" content=\"3 minutes\" \/>\n<script type=\"application\/ld+json\" class=\"yoast-schema-graph\">{\"@context\":\"https:\/\/schema.org\",\"@graph\":[{\"@type\":\"WebPage\",\"@id\":\"https:\/\/www.distribucionarc.com\/sk\/producto\/selladora-de-latas-grandes-cuadradas-y-circulares-lineal-anr-171\/\",\"url\":\"https:\/\/www.distribucionarc.com\/sk\/producto\/selladora-de-latas-grandes-cuadradas-y-circulares-lineal-anr-171\/\",\"name\":\"Selladora de latas grandes cuadradas y circulares lineal ANR-171 - distribuci\u00f3n ARC\",\"isPartOf\":{\"@id\":\"https:\/\/www.distribucionarc.com\/sl\/#website\"},\"primaryImageOfPage\":{\"@id\":\"https:\/\/www.distribucionarc.com\/sk\/producto\/selladora-de-latas-grandes-cuadradas-y-circulares-lineal-anr-171\/#primaryimage\"},\"image\":{\"@id\":\"https:\/\/www.distribucionarc.com\/sk\/producto\/selladora-de-latas-grandes-cuadradas-y-circulares-lineal-anr-171\/#primaryimage\"},\"thumbnailUrl\":\"https:\/\/distribucionarc.com\/wp-content\/uploads\/2024\/10\/Maquina-Selladora-de-Latas-ANR-171.png\",\"datePublished\":\"2024-10-28T21:03:02+00:00\",\"dateModified\":\"2024-10-28T22:46:22+00:00\",\"breadcrumb\":{\"@id\":\"https:\/\/www.distribucionarc.com\/sk\/producto\/selladora-de-latas-grandes-cuadradas-y-circulares-lineal-anr-171\/#breadcrumb\"},\"inLanguage\":\"fr-FR\",\"potentialAction\":[{\"@type\":\"ReadAction\",\"target\":[\"https:\/\/www.distribucionarc.com\/sk\/producto\/selladora-de-latas-grandes-cuadradas-y-circulares-lineal-anr-171\/\"]}]},{\"@type\":\"ImageObject\",\"inLanguage\":\"fr-FR\",\"@id\":\"https:\/\/www.distribucionarc.com\/sk\/producto\/selladora-de-latas-grandes-cuadradas-y-circulares-lineal-anr-171\/#primaryimage\",\"url\":\"https:\/\/distribucionarc.com\/wp-content\/uploads\/2024\/10\/Maquina-Selladora-de-Latas-ANR-171.png\",\"contentUrl\":\"https:\/\/distribucionarc.com\/wp-content\/uploads\/2024\/10\/Maquina-Selladora-de-Latas-ANR-171.png\",\"width\":715,\"height\":590},{\"@type\":\"BreadcrumbList\",\"@id\":\"https:\/\/www.distribucionarc.com\/sk\/producto\/selladora-de-latas-grandes-cuadradas-y-circulares-lineal-anr-171\/#breadcrumb\",\"itemListElement\":[{\"@type\":\"ListItem\",\"position\":1,\"name\":\"Portada\",\"item\":\"https:\/\/www.distribucionarc.com\/\"},{\"@type\":\"ListItem\",\"position\":2,\"name\":\"\u00dcr\u00fcnler\",\"item\":\"https:\/\/www.distribucionarc.com\/tr\/magaza\/\"},{\"@type\":\"ListItem\",\"position\":3,\"name\":\"Selladora de latas grandes cuadradas y circulares lineal ANR-171\"}]},{\"@type\":\"WebSite\",\"@id\":\"https:\/\/www.distribucionarc.com\/sl\/#website\",\"url\":\"https:\/\/www.distribucionarc.com\/sl\/\",\"name\":\"distribuci\u00f3n ARC\",\"description\":\"Empresa especializada en la fabricaci\u00f3n y distribuci\u00f3n de maquinaria industrial, selladoras de latas, Maquinas de hacer pastillas, Maquinas de cortar carne...\",\"publisher\":{\"@id\":\"https:\/\/www.distribucionarc.com\/sl\/#organization\"},\"potentialAction\":[{\"@type\":\"SearchAction\",\"target\":{\"@type\":\"EntryPoint\",\"urlTemplate\":\"https:\/\/www.distribucionarc.com\/sl\/?s={search_term_string}\"},\"query-input\":{\"@type\":\"PropertyValueSpecification\",\"valueRequired\":true,\"valueName\":\"search_term_string\"}}],\"inLanguage\":\"fr-FR\"},{\"@type\":\"Organization\",\"@id\":\"https:\/\/www.distribucionarc.com\/sl\/#organization\",\"name\":\"Distribuci\u00f3n ARC\",\"url\":\"https:\/\/www.distribucionarc.com\/sl\/\",\"logo\":{\"@type\":\"ImageObject\",\"inLanguage\":\"fr-FR\",\"@id\":\"https:\/\/www.distribucionarc.com\/sl\/#\/schema\/logo\/image\/\",\"url\":\"https:\/\/distribucionarc.com\/wp-content\/uploads\/2024\/10\/distribucion-ARC-COLOR-SIN-FONDO-e1732295305345.png\",\"contentUrl\":\"https:\/\/distribucionarc.com\/wp-content\/uploads\/2024\/10\/distribucion-ARC-COLOR-SIN-FONDO-e1732295305345.png\",\"width\":1164,\"height\":558,\"caption\":\"Distribuci\u00f3n ARC\"},\"image\":{\"@id\":\"https:\/\/www.distribucionarc.com\/sl\/#\/schema\/logo\/image\/\"},\"description\":\"Empresa especializada en la fabricaci\u00f3n y distribuci\u00f3n de maquinaria industrial para los sectores alimentario y farmac\u00e9utico. Nos especializamos en: M\u00e1quinas de cortar carne Fabricaci\u00f3n de comprimidos Sistemas de transporte industrial L\u00edneas de embotellado Dosificadores Y mucho m\u00e1s... Ofrecemos soluciones innovadoras y personalizadas para optimizar los procesos productivos de tu empresa.\",\"email\":\"Admistracion@distribucionarc.com\",\"telephone\":\"+34 643496664\",\"legalName\":\"ARC TECH SOLUTIONS\",\"foundingDate\":\"2024-04-09\",\"vatID\":\"B55480172\",\"numberOfEmployees\":{\"@type\":\"QuantitativeValue\",\"minValue\":\"1\",\"maxValue\":\"10\"}}]}<\/script>\n<!-- \/ Yoast SEO Premium plugin. -->","yoast_head_json":{"title":"Scelleuse lin\u00e9aire de grandes bo\u00eetes carr\u00e9es et circulaires ANR-171 - Distribution ARC","robots":{"index":"index","follow":"follow","max-snippet":"max-snippet:-1","max-image-preview":"max-image-preview:large","max-video-preview":"max-video-preview:-1"},"canonical":"https:\/\/www.distribucionarc.com\/sk\/producto\/selladora-de-latas-grandes-cuadradas-y-circulares-lineal-anr-171\/","og_locale":"fr_FR","og_type":"article","og_title":"Selladora de latas grandes cuadradas y circulares lineal ANR-171","og_description":"La Selladora de Latas Grandes Cuadradas y Circulares Lineal ANR-171 es una m\u00e1quina especializada dise\u00f1ada para sellar de forma herm\u00e9tica latas de distintos tama\u00f1os y formas, principalmente redondas y cuadradas. Su funci\u00f3n principal es asegurar un cierre preciso y seguro de las latas. Utilizada en las industrias de alimentos, productos qu\u00edmicos, agr\u00edcolas y cosm\u00e9ticos, esta m\u00e1quina es vers\u00e1til y puede adaptarse a diversos tipos de sellado, optimizando la eficiencia en el envasado y mejorando la seguridad y conservaci\u00f3n de los productos.","og_url":"https:\/\/www.distribucionarc.com\/sk\/producto\/selladora-de-latas-grandes-cuadradas-y-circulares-lineal-anr-171\/","og_site_name":"distribuci\u00f3n ARC","article_modified_time":"2024-10-28T22:46:22+00:00","og_image":[{"width":715,"height":590,"url":"https:\/\/www.distribucionarc.com\/wp-content\/uploads\/2024\/10\/Maquina-Selladora-de-Latas-ANR-171.png","type":"image\/png"}],"twitter_card":"summary_large_image","twitter_misc":{"Dur\u00e9e de lecture estim\u00e9e":"3 minutes"},"schema":{"@context":"https:\/\/schema.org","@graph":[{"@type":"WebPage","@id":"https:\/\/www.distribucionarc.com\/sk\/producto\/selladora-de-latas-grandes-cuadradas-y-circulares-lineal-anr-171\/","url":"https:\/\/www.distribucionarc.com\/sk\/producto\/selladora-de-latas-grandes-cuadradas-y-circulares-lineal-anr-171\/","name":"Scelleuse lin\u00e9aire de grandes bo\u00eetes carr\u00e9es et circulaires ANR-171 - Distribution ARC","isPartOf":{"@id":"https:\/\/www.distribucionarc.com\/sl\/#website"},"primaryImageOfPage":{"@id":"https:\/\/www.distribucionarc.com\/sk\/producto\/selladora-de-latas-grandes-cuadradas-y-circulares-lineal-anr-171\/#primaryimage"},"image":{"@id":"https:\/\/www.distribucionarc.com\/sk\/producto\/selladora-de-latas-grandes-cuadradas-y-circulares-lineal-anr-171\/#primaryimage"},"thumbnailUrl":"https:\/\/distribucionarc.com\/wp-content\/uploads\/2024\/10\/Maquina-Selladora-de-Latas-ANR-171.png","datePublished":"2024-10-28T21:03:02+00:00","dateModified":"2024-10-28T22:46:22+00:00","breadcrumb":{"@id":"https:\/\/www.distribucionarc.com\/sk\/producto\/selladora-de-latas-grandes-cuadradas-y-circulares-lineal-anr-171\/#breadcrumb"},"inLanguage":"fr-FR","potentialAction":[{"@type":"ReadAction","target":["https:\/\/www.distribucionarc.com\/sk\/producto\/selladora-de-latas-grandes-cuadradas-y-circulares-lineal-anr-171\/"]}]},{"@type":"ImageObject","inLanguage":"fr-FR","@id":"https:\/\/www.distribucionarc.com\/sk\/producto\/selladora-de-latas-grandes-cuadradas-y-circulares-lineal-anr-171\/#primaryimage","url":"https:\/\/distribucionarc.com\/wp-content\/uploads\/2024\/10\/Maquina-Selladora-de-Latas-ANR-171.png","contentUrl":"https:\/\/distribucionarc.com\/wp-content\/uploads\/2024\/10\/Maquina-Selladora-de-Latas-ANR-171.png","width":715,"height":590},{"@type":"BreadcrumbList","@id":"https:\/\/www.distribucionarc.com\/sk\/producto\/selladora-de-latas-grandes-cuadradas-y-circulares-lineal-anr-171\/#breadcrumb","itemListElement":[{"@type":"ListItem","position":1,"name":"Portada","item":"https:\/\/www.distribucionarc.com\/"},{"@type":"ListItem","position":2,"name":"\u00dcr\u00fcnler","item":"https:\/\/www.distribucionarc.com\/tr\/magaza\/"},{"@type":"ListItem","position":3,"name":"Selladora de latas grandes cuadradas y circulares lineal ANR-171"}]},{"@type":"WebSite","@id":"https:\/\/www.distribucionarc.com\/sl\/#website","url":"https:\/\/www.distribucionarc.com\/sl\/","name":"R\u00e9partition de l&#039;ARC","description":"Entreprise sp\u00e9cialis\u00e9e dans la fabrication et la distribution de machines industrielles, scelleuses de bo\u00eetes, machines \u00e0 comprim\u00e9s, machines \u00e0 d\u00e9couper la viande...","publisher":{"@id":"https:\/\/www.distribucionarc.com\/sl\/#organization"},"potentialAction":[{"@type":"SearchAction","target":{"@type":"EntryPoint","urlTemplate":"https:\/\/www.distribucionarc.com\/sl\/?s={search_term_string}"},"query-input":{"@type":"PropertyValueSpecification","valueRequired":true,"valueName":"search_term_string"}}],"inLanguage":"fr-FR"},{"@type":"Organization","@id":"https:\/\/www.distribucionarc.com\/sl\/#organization","name":"Distribution ARC","url":"https:\/\/www.distribucionarc.com\/sl\/","logo":{"@type":"ImageObject","inLanguage":"fr-FR","@id":"https:\/\/www.distribucionarc.com\/sl\/#\/schema\/logo\/image\/","url":"https:\/\/distribucionarc.com\/wp-content\/uploads\/2024\/10\/distribucion-ARC-COLOR-SIN-FONDO-e1732295305345.png","contentUrl":"https:\/\/distribucionarc.com\/wp-content\/uploads\/2024\/10\/distribucion-ARC-COLOR-SIN-FONDO-e1732295305345.png","width":1164,"height":558,"caption":"Distribuci\u00f3n ARC"},"image":{"@id":"https:\/\/www.distribucionarc.com\/sl\/#\/schema\/logo\/image\/"},"description":"Entreprise sp\u00e9cialis\u00e9e dans la fabrication et la distribution de machines industrielles pour les secteurs alimentaire et pharmaceutique. Nous sommes sp\u00e9cialis\u00e9s dans : Machines \u00e0 couper la viande Fabrication de comprim\u00e9s Syst\u00e8mes de transport industriel Lignes d'embouteillage Machines de dosage Et bien plus encore... Nous proposons des solutions innovantes et personnalis\u00e9es pour optimiser les processus de production de votre entreprise.","email":"Admistracion@distribucionarc.com","telephone":"+34 643496664","legalName":"ARC TECH SOLUTIONS","foundingDate":"2024-04-09","vatID":"B55480172","numberOfEmployees":{"@type":"QuantitativeValue","minValue":"1","maxValue":"10"}}]}},"_links":{"self":[{"href":"https:\/\/distribucionarc.com\/fr\/wp-json\/wp\/v2\/product\/8219","targetHints":{"allow":["GET"]}}],"collection":[{"href":"https:\/\/distribucionarc.com\/fr\/wp-json\/wp\/v2\/product"}],"about":[{"href":"https:\/\/distribucionarc.com\/fr\/wp-json\/wp\/v2\/types\/product"}],"replies":[{"embeddable":true,"href":"https:\/\/distribucionarc.com\/fr\/wp-json\/wp\/v2\/comments?post=8219"}],"version-history":[{"count":0,"href":"https:\/\/distribucionarc.com\/fr\/wp-json\/wp\/v2\/product\/8219\/revisions"}],"wp:featuredmedia":[{"embeddable":true,"href":"https:\/\/distribucionarc.com\/fr\/wp-json\/wp\/v2\/media\/8223"}],"wp:attachment":[{"href":"https:\/\/distribucionarc.com\/fr\/wp-json\/wp\/v2\/media?parent=8219"}],"wp:term":[{"taxonomy":"product_brand","embeddable":true,"href":"https:\/\/distribucionarc.com\/fr\/wp-json\/wp\/v2\/product_brand?post=8219"},{"taxonomy":"product_cat","embeddable":true,"href":"https:\/\/distribucionarc.com\/fr\/wp-json\/wp\/v2\/product_cat?post=8219"},{"taxonomy":"product_tag","embeddable":true,"href":"https:\/\/distribucionarc.com\/fr\/wp-json\/wp\/v2\/product_tag?post=8219"}],"curies":[{"name":"wp","href":"https:\/\/api.w.org\/{rel}","templated":true}]}}