{"id":8228,"date":"2024-10-28T21:32:30","date_gmt":"2024-10-28T21:32:30","guid":{"rendered":"https:\/\/distribucionarc.com\/?post_type=product&#038;p=8228"},"modified":"2024-12-03T18:42:03","modified_gmt":"2024-12-03T18:42:03","slug":"scelleuse-de-boites-sous-vide-semi-automatique-a-lazote-anr-08","status":"publish","type":"product","link":"https:\/\/distribucionarc.com\/fr\/producto\/selladora-semiautomatica-de-latas-al-vacio-con-nitrogeno-anr-08\/","title":{"rendered":"Scelleuse semi-automatique de canettes sous vide \u00e0 l&#039;azote ANR-08"},"content":{"rendered":"<p>Vous souhaitez conserver vos produits frais \ud83e\udd57 et dans les meilleures conditions plus longtemps ? Le <strong>Scelleuse de bo\u00eetes sous vide semi-automatique avec azote ANR-08<\/strong> C&#039;est l&#039;outil dont vous avez besoin. Cette machine, \u00e9galement connue sous le nom <em>sertisseuse de bo\u00eetes sous vide<\/em> soit <em>machine \u00e0 sceller les canettes<\/em>\u2014 non seulement il ferme herm\u00e9tiquement, mais il le fait gr\u00e2ce \u00e0 une technologie avanc\u00e9e d&#039;injection d&#039;azote, id\u00e9ale pour pr\u00e9venir l&#039;oxydation et pr\u00e9server la qualit\u00e9 de vos produits.<\/p>\n<h3><strong>Qu&#039;est-ce qui rend cette machine sp\u00e9ciale ?<\/strong> \u2728<\/h3>\n<ul>\n<li><strong>Prolongez la dur\u00e9e de vie utile de vos produits\u00a0:<\/strong> Gr\u00e2ce \u00e0 l&#039;injection d&#039;azote, il r\u00e9duit l&#039;oxyg\u00e8ne \u00e0 l&#039;int\u00e9rieur des canettes, prot\u00e9geant ainsi leur contenu. \ud83d\udd52<\/li>\n<li><strong>Eviter les d\u00e9formations :<\/strong> Le gaz cr\u00e9e un environnement \u00e0 basse pression qui maintient le r\u00e9cipient intact. \ud83d\udee1\ufe0f<\/li>\n<li><strong>\u00c9tanch\u00e9it\u00e9 pr\u00e9cise\u00a0:<\/strong> Son contr\u00f4le de couple r\u00e9glable garantit que chaque couvercle est bien ferm\u00e9 sans dommage. \ud83d\udd27<\/li>\n<\/ul>\n<h3><strong>Comment \u00e7a marche ?<\/strong> \ud83e\udd14<\/h3>\n<p>C&#039;est tr\u00e8s simple :<br \/>\n1\ufe0f\u20e3 Placez la canette sur la base de la machine et assurez-vous qu&#039;elle est bien positionn\u00e9e.<br \/>\n2\ufe0f\u20e3 Le syst\u00e8me \u00e9limine l&#039;air de l&#039;emballage pour cr\u00e9er un vide parfait \ud83c\udf2c\ufe0f.<br \/>\n3\ufe0f\u20e3 Ensuite, de l&#039;azote est inject\u00e9, d\u00e9pla\u00e7ant les d\u00e9chets d&#039;oxyg\u00e8ne \ud83e\uddf4.<br \/>\n4\ufe0f\u20e3 La t\u00eate de scellage s\u00e9curise le couvercle en appliquant une pression exacte \ud83c\udfaf.<br \/>\n5\ufe0f\u20e3 Pr\u00eat ! Retirez la canette scell\u00e9e et passez \u00e0 l&#039;\u00e9tape suivante \ud83d\ude9a.<\/p>\n<p>Avec ce proc\u00e9d\u00e9, vos produits seront non seulement prot\u00e9g\u00e9s, mais auront \u00e9galement une pr\u00e9sentation impeccable. Ce <strong>machine \u00e0 sceller les canettes<\/strong> Il est parfait pour les aliments, les boissons (comme la bi\u00e8re \ud83c\udf7a) et autres produits n\u00e9cessitant une conservation optimale.<\/p>\n<h3><\/h3>\n<p><a href=\"https:\/\/distribucionarc.com\/wp-content\/uploads\/2024\/10\/Sellado-Hermetico-de-Latas-con-Inyeccion-de-Nitrogeno-2.png\"><img loading=\"lazy\" decoding=\"async\" class=\"alignnone size-medium wp-image-8230\" src=\"https:\/\/distribucionarc.com\/wp-content\/uploads\/2024\/10\/Sellado-Hermetico-de-Latas-con-Inyeccion-de-Nitrogeno-2-287x300.png\" alt=\"\" width=\"287\" height=\"300\" srcset=\"https:\/\/distribucionarc.com\/wp-content\/uploads\/2024\/10\/Sellado-Hermetico-de-Latas-con-Inyeccion-de-Nitrogeno-2-287x300.png 287w, https:\/\/distribucionarc.com\/wp-content\/uploads\/2024\/10\/Sellado-Hermetico-de-Latas-con-Inyeccion-de-Nitrogeno-2-150x157.png 150w, https:\/\/distribucionarc.com\/wp-content\/uploads\/2024\/10\/Sellado-Hermetico-de-Latas-con-Inyeccion-de-Nitrogeno-2-11x12.png 11w, https:\/\/distribucionarc.com\/wp-content\/uploads\/2024\/10\/Sellado-Hermetico-de-Latas-con-Inyeccion-de-Nitrogeno-2.png 409w\" sizes=\"auto, (max-width: 287px) 100vw, 287px\" \/><\/a>\u00a0 \u00a0 \u00a0 \u00a0 \u00a0 \u00a0 \u00a0 \u00a0 \u00a0 <a href=\"https:\/\/distribucionarc.com\/wp-content\/uploads\/2024\/10\/Sellado-Hermetico-de-Latas-con-Inyeccion-de-Nitrogeno-1.png\"><img loading=\"lazy\" decoding=\"async\" class=\"alignnone size-medium wp-image-8229\" src=\"https:\/\/distribucionarc.com\/wp-content\/uploads\/2024\/10\/Sellado-Hermetico-de-Latas-con-Inyeccion-de-Nitrogeno-1-261x300.png\" alt=\"\" width=\"261\" height=\"300\" srcset=\"https:\/\/distribucionarc.com\/wp-content\/uploads\/2024\/10\/Sellado-Hermetico-de-Latas-con-Inyeccion-de-Nitrogeno-1-261x300.png 261w, https:\/\/distribucionarc.com\/wp-content\/uploads\/2024\/10\/Sellado-Hermetico-de-Latas-con-Inyeccion-de-Nitrogeno-1-430x494.png 430w, https:\/\/distribucionarc.com\/wp-content\/uploads\/2024\/10\/Sellado-Hermetico-de-Latas-con-Inyeccion-de-Nitrogeno-1-150x172.png 150w, https:\/\/distribucionarc.com\/wp-content\/uploads\/2024\/10\/Sellado-Hermetico-de-Latas-con-Inyeccion-de-Nitrogeno-1-10x12.png 10w, https:\/\/distribucionarc.com\/wp-content\/uploads\/2024\/10\/Sellado-Hermetico-de-Latas-con-Inyeccion-de-Nitrogeno-1.png 480w\" sizes=\"auto, (max-width: 261px) 100vw, 261px\" \/><\/a><\/p>\n<div class=\"container\"><\/div>\n<p>&nbsp;<\/p>\n<h3><strong>Sp\u00e9cifications techniques<\/strong> \ud83d\udccb<\/h3>\n<table>\n<thead>\n<tr>\n<th>Sp\u00e9cification<\/th>\n<th>D\u00e9tail<\/th>\n<\/tr>\n<\/thead>\n<tbody>\n<tr>\n<td><strong>Taille de la machine<\/strong><\/td>\n<td>780x580x1750mm<\/td>\n<\/tr>\n<tr>\n<td><strong>Tension<\/strong><\/td>\n<td>220 V\/50 Hz<\/td>\n<\/tr>\n<tr>\n<td><strong>Production<\/strong><\/td>\n<td>4-6 canettes\/minute<\/td>\n<\/tr>\n<tr>\n<td><strong>Pouvoir<\/strong><\/td>\n<td>2,25 kW<\/td>\n<\/tr>\n<tr>\n<td><strong>Diam\u00e8tre de la bo\u00eete<\/strong><\/td>\n<td>50-130mm<\/td>\n<\/tr>\n<tr>\n<td><strong>Hauteur maximale de la bo\u00eete<\/strong><\/td>\n<td>50-200mm<\/td>\n<\/tr>\n<tr>\n<td><strong>Poids<\/strong><\/td>\n<td>300 kg<\/td>\n<\/tr>\n<tr>\n<td><strong>Mod\u00e8le<\/strong><\/td>\n<td>ANR-08<\/td>\n<\/tr>\n<tr>\n<td><strong>pression atmosph\u00e9rique<\/strong><\/td>\n<td>0,3-0,6MPa<\/td>\n<\/tr>\n<tr>\n<td><strong>\u00c9paisseur du fer blanc<\/strong><\/td>\n<td>Jusqu&#039;\u00e0 0,4 mm<\/td>\n<\/tr>\n<tr>\n<td><strong>UGS<\/strong><\/td>\n<td>AR00220<\/td>\n<\/tr>\n<tr>\n<td><strong>Garantie<\/strong><\/td>\n<td>2 ans<\/td>\n<\/tr>\n<\/tbody>\n<\/table>\n<p><a href=\"https:\/\/distribucionarc.com\/wp-content\/uploads\/2024\/10\/Equipo-Industrial-selladora-al-vacio-con-nitrogeno.png\"><img loading=\"lazy\" decoding=\"async\" class=\"alignnone size-medium wp-image-8232\" src=\"https:\/\/distribucionarc.com\/wp-content\/uploads\/2024\/10\/Equipo-Industrial-selladora-al-vacio-con-nitrogeno-300x264.png\" alt=\"\" width=\"300\" height=\"264\" srcset=\"https:\/\/distribucionarc.com\/wp-content\/uploads\/2024\/10\/Equipo-Industrial-selladora-al-vacio-con-nitrogeno-300x264.png 300w, https:\/\/distribucionarc.com\/wp-content\/uploads\/2024\/10\/Equipo-Industrial-selladora-al-vacio-con-nitrogeno-150x132.png 150w, https:\/\/distribucionarc.com\/wp-content\/uploads\/2024\/10\/Equipo-Industrial-selladora-al-vacio-con-nitrogeno-14x12.png 14w, https:\/\/distribucionarc.com\/wp-content\/uploads\/2024\/10\/Equipo-Industrial-selladora-al-vacio-con-nitrogeno.png 402w\" sizes=\"auto, (max-width: 300px) 100vw, 300px\" \/><\/a><\/p>\n<h3><strong>Pourquoi choisir le scellant ANR-08\u00a0?<\/strong> \ud83d\udca1<\/h3>\n<p>Cette machine est con\u00e7ue pour <strong>facilitez votre travail<\/strong> et vous offrir des r\u00e9sultats coh\u00e9rents :<\/p>\n<ul>\n<li>Pr\u00e9servez la fra\u00eecheur et la qualit\u00e9 de vos produits, en r\u00e9duisant les pertes \ud83d\udee1\ufe0f.<\/li>\n<li>Id\u00e9al pour les secteurs de l&#039;alimentation, des conserves \ud83e\udd6b et des boissons \ud83c\udf7b.<\/li>\n<li>Sa construction robuste garantit une durabilit\u00e9 et un entretien facile.<\/li>\n<\/ul>\n<p>Avec le <strong>Scelleuse de canettes sous vide ANR-08<\/strong>, vous disposerez d&#039;une solution efficace et pratique pour que vos produits soient toujours conserv\u00e9s dans les meilleures conditions \ud83e\udd47. Pr\u00eat \u00e0 faire passer votre production au niveau sup\u00e9rieur\u00a0? \ud83d\ude80<\/p>","protected":false},"excerpt":{"rendered":"<p>Le <strong>Scelleuse de bo\u00eetes sous vide semi-automatique avec azote ANR-08<\/strong> est une machine con\u00e7ue pour la mise sous vide de bo\u00eetes de conserve, avec injection d&#039;azote gazeux pour pr\u00e9server le contenu. Sa fonction principale est de cr\u00e9er un environnement contr\u00f4l\u00e9 \u00e0 l&#039;int\u00e9rieur de la canette, r\u00e9duisant l&#039;oxyg\u00e8ne pour prolonger la fra\u00eecheur et la qualit\u00e9 du produit. Parmi ses composants les plus importants figurent le contr\u00f4leur de couple r\u00e9glable, qui permet une \u00e9tanch\u00e9it\u00e9 pr\u00e9cise du couvercle rotatif et minimise l&#039;usure des pi\u00e8ces, le syst\u00e8me d&#039;injection de vide et d&#039;azote, et une structure r\u00e9sistante en acier 304 et 420, qui garantit durabilit\u00e9 et faible taux de d\u00e9faillance.<\/p>\n<p>Cette machine est applicable dans diverses industries, telles que l&#039;alimentation, la chimie, l&#039;agriculture et la cosm\u00e9tique, o\u00f9 elle garantit une \u00e9tanch\u00e9it\u00e9 de haute qualit\u00e9 qui prot\u00e8ge le contenu des contaminants, am\u00e9liore la conservation et assure une longue dur\u00e9e de vie du produit.<\/p>","protected":false},"featured_media":8233,"comment_status":"open","ping_status":"closed","template":"","meta":{"wds_primary_product_brand":0,"wds_primary_product_cat":0},"product_brand":[],"product_cat":[62],"product_tag":[],"class_list":{"0":"post-8228","1":"product","2":"type-product","3":"status-publish","4":"has-post-thumbnail","6":"product_cat-selladoras-de-latas","8":"first","9":"instock","10":"taxable","11":"shipping-taxable","12":"purchasable","13":"product-type-simple"},"yoast_head":"<!-- This site is optimized with the Yoast SEO Premium plugin v24.9 (Yoast SEO v26.1) - https:\/\/yoast.com\/wordpress\/plugins\/seo\/ -->\n<title>Selladora semiautom\u00e1tica de latas al vac\u00edo con nitr\u00f3geno ANR-08 - distribuci\u00f3n ARC<\/title>\n<meta name=\"description\" content=\"Selladora Semiautom\u00e1tica de Latas al Vac\u00edo ANR-08, dise\u00f1ada para un sellado herm\u00e9tico con inyecci\u00f3n de nitr\u00f3geno. Ideal para conservar frescura y calidad en alimentos, bebidas y m\u00e1s. \u00a1Eficiencia garantizada! \ud83d\ude80\" \/>\n<meta name=\"robots\" content=\"index, follow, max-snippet:-1, max-image-preview:large, max-video-preview:-1\" \/>\n<link rel=\"canonical\" href=\"https:\/\/distribucionarc.com\/fr\/produit\/scelleuse-de-boites-sous-vide-semi-automatique-a-lazote-anr-08\/\" \/>\n<meta property=\"og:locale\" content=\"fr_FR\" \/>\n<meta property=\"og:type\" content=\"article\" \/>\n<meta property=\"og:title\" content=\"Selladora semiautom\u00e1tica de latas al vac\u00edo con nitr\u00f3geno ANR-08\" \/>\n<meta property=\"og:description\" content=\"Selladora Semiautom\u00e1tica de Latas al Vac\u00edo ANR-08, dise\u00f1ada para un sellado herm\u00e9tico con inyecci\u00f3n de nitr\u00f3geno. Ideal para conservar frescura y calidad en alimentos, bebidas y m\u00e1s. \u00a1Eficiencia garantizada! \ud83d\ude80\" \/>\n<meta property=\"og:url\" content=\"https:\/\/distribucionarc.com\/fr\/produit\/scelleuse-de-boites-sous-vide-semi-automatique-a-lazote-anr-08\/\" \/>\n<meta property=\"og:site_name\" content=\"distribuci\u00f3n ARC\" \/>\n<meta property=\"article:modified_time\" content=\"2024-12-03T18:42:03+00:00\" \/>\n<meta property=\"og:image\" content=\"https:\/\/distribucionarc.com\/wp-content\/uploads\/2024\/10\/Selladora-al-Vacio-con-Nitrogeno.png\" \/>\n\t<meta property=\"og:image:width\" content=\"391\" \/>\n\t<meta property=\"og:image:height\" content=\"348\" \/>\n\t<meta property=\"og:image:type\" content=\"image\/png\" \/>\n<meta name=\"twitter:card\" content=\"summary_large_image\" \/>\n<meta name=\"twitter:label1\" content=\"Dur\u00e9e de lecture estim\u00e9e\" \/>\n\t<meta name=\"twitter:data1\" content=\"3 minutes\" \/>\n<script type=\"application\/ld+json\" class=\"yoast-schema-graph\">{\"@context\":\"https:\/\/schema.org\",\"@graph\":[{\"@type\":\"WebPage\",\"@id\":\"https:\/\/distribucionarc.com\/sl\/producto\/selladora-semiautomatica-de-latas-al-vacio-con-nitrogeno-anr-08\/\",\"url\":\"https:\/\/distribucionarc.com\/sl\/producto\/selladora-semiautomatica-de-latas-al-vacio-con-nitrogeno-anr-08\/\",\"name\":\"Selladora semiautom\u00e1tica de latas al vac\u00edo con nitr\u00f3geno ANR-08 - distribuci\u00f3n ARC\",\"isPartOf\":{\"@id\":\"https:\/\/distribucionarc.com\/bg\/#website\"},\"primaryImageOfPage\":{\"@id\":\"https:\/\/distribucionarc.com\/sl\/producto\/selladora-semiautomatica-de-latas-al-vacio-con-nitrogeno-anr-08\/#primaryimage\"},\"image\":{\"@id\":\"https:\/\/distribucionarc.com\/sl\/producto\/selladora-semiautomatica-de-latas-al-vacio-con-nitrogeno-anr-08\/#primaryimage\"},\"thumbnailUrl\":\"https:\/\/distribucionarc.com\/wp-content\/uploads\/2024\/10\/Selladora-al-Vacio-con-Nitrogeno.png\",\"datePublished\":\"2024-10-28T21:32:30+00:00\",\"dateModified\":\"2024-12-03T18:42:03+00:00\",\"description\":\"Selladora Semiautom\u00e1tica de Latas al Vac\u00edo ANR-08, dise\u00f1ada para un sellado herm\u00e9tico con inyecci\u00f3n de nitr\u00f3geno. Ideal para conservar frescura y calidad en alimentos, bebidas y m\u00e1s. \u00a1Eficiencia garantizada! \ud83d\ude80\",\"breadcrumb\":{\"@id\":\"https:\/\/distribucionarc.com\/sl\/producto\/selladora-semiautomatica-de-latas-al-vacio-con-nitrogeno-anr-08\/#breadcrumb\"},\"inLanguage\":\"fr-FR\",\"potentialAction\":[{\"@type\":\"ReadAction\",\"target\":[\"https:\/\/distribucionarc.com\/sl\/producto\/selladora-semiautomatica-de-latas-al-vacio-con-nitrogeno-anr-08\/\"]}]},{\"@type\":\"ImageObject\",\"inLanguage\":\"fr-FR\",\"@id\":\"https:\/\/distribucionarc.com\/sl\/producto\/selladora-semiautomatica-de-latas-al-vacio-con-nitrogeno-anr-08\/#primaryimage\",\"url\":\"https:\/\/distribucionarc.com\/wp-content\/uploads\/2024\/10\/Selladora-al-Vacio-con-Nitrogeno.png\",\"contentUrl\":\"https:\/\/distribucionarc.com\/wp-content\/uploads\/2024\/10\/Selladora-al-Vacio-con-Nitrogeno.png\",\"width\":391,\"height\":348},{\"@type\":\"BreadcrumbList\",\"@id\":\"https:\/\/distribucionarc.com\/sl\/producto\/selladora-semiautomatica-de-latas-al-vacio-con-nitrogeno-anr-08\/#breadcrumb\",\"itemListElement\":[{\"@type\":\"ListItem\",\"position\":1,\"name\":\"Portada\",\"item\":\"https:\/\/distribucionarc.com\/nb\/\"},{\"@type\":\"ListItem\",\"position\":2,\"name\":\"Products\",\"item\":\"https:\/\/www.distribucionarc.com\/en\/shop\/\"},{\"@type\":\"ListItem\",\"position\":3,\"name\":\"Selladora semiautom\u00e1tica de latas al vac\u00edo con nitr\u00f3geno ANR-08\"}]},{\"@type\":\"WebSite\",\"@id\":\"https:\/\/distribucionarc.com\/bg\/#website\",\"url\":\"https:\/\/distribucionarc.com\/bg\/\",\"name\":\"distribuci\u00f3n ARC\",\"description\":\"Empresa especializada en la fabricaci\u00f3n y distribuci\u00f3n de maquinaria industrial, selladoras de latas, Maquinas de hacer pastillas, Maquinas de cortar carne...\",\"publisher\":{\"@id\":\"https:\/\/distribucionarc.com\/bg\/#organization\"},\"potentialAction\":[{\"@type\":\"SearchAction\",\"target\":{\"@type\":\"EntryPoint\",\"urlTemplate\":\"https:\/\/distribucionarc.com\/bg\/?s={search_term_string}\"},\"query-input\":{\"@type\":\"PropertyValueSpecification\",\"valueRequired\":true,\"valueName\":\"search_term_string\"}}],\"inLanguage\":\"fr-FR\"},{\"@type\":\"Organization\",\"@id\":\"https:\/\/distribucionarc.com\/bg\/#organization\",\"name\":\"Distribuci\u00f3n ARC\",\"url\":\"https:\/\/distribucionarc.com\/bg\/\",\"logo\":{\"@type\":\"ImageObject\",\"inLanguage\":\"fr-FR\",\"@id\":\"https:\/\/distribucionarc.com\/bg\/#\/schema\/logo\/image\/\",\"url\":\"https:\/\/distribucionarc.com\/wp-content\/uploads\/2024\/10\/distribucion-ARC-COLOR-SIN-FONDO-e1732295305345.png\",\"contentUrl\":\"https:\/\/distribucionarc.com\/wp-content\/uploads\/2024\/10\/distribucion-ARC-COLOR-SIN-FONDO-e1732295305345.png\",\"width\":1164,\"height\":558,\"caption\":\"Distribuci\u00f3n ARC\"},\"image\":{\"@id\":\"https:\/\/distribucionarc.com\/bg\/#\/schema\/logo\/image\/\"},\"description\":\"Empresa especializada en la fabricaci\u00f3n y distribuci\u00f3n de maquinaria industrial para los sectores alimentario y farmac\u00e9utico. Nos especializamos en: M\u00e1quinas de cortar carne Fabricaci\u00f3n de comprimidos Sistemas de transporte industrial L\u00edneas de embotellado Dosificadores Y mucho m\u00e1s... Ofrecemos soluciones innovadoras y personalizadas para optimizar los procesos productivos de tu empresa.\",\"email\":\"Admistracion@distribucionarc.com\",\"telephone\":\"+34 643496664\",\"legalName\":\"ARC TECH SOLUTIONS\",\"foundingDate\":\"2024-04-09\",\"vatID\":\"B55480172\",\"numberOfEmployees\":{\"@type\":\"QuantitativeValue\",\"minValue\":\"1\",\"maxValue\":\"10\"}}]}<\/script>\n<!-- \/ Yoast SEO Premium plugin. -->","yoast_head_json":{"title":"Scelleuse de bo\u00eetes sous vide semi-automatique \u00e0 l&#039;azote ANR-08 - ARC distribution","description":"Scelleuse de canettes sous vide semi-automatique ANR-08, con\u00e7ue pour une fermeture herm\u00e9tique avec injection d&#039;azote. Id\u00e9al pour pr\u00e9server la fra\u00eecheur et la qualit\u00e9 des aliments, des boissons et plus encore. Efficacit\u00e9 garantie ! \ud83d\ude80","robots":{"index":"index","follow":"follow","max-snippet":"max-snippet:-1","max-image-preview":"max-image-preview:large","max-video-preview":"max-video-preview:-1"},"canonical":"https:\/\/distribucionarc.com\/fr\/produit\/scelleuse-de-boites-sous-vide-semi-automatique-a-lazote-anr-08\/","og_locale":"fr_FR","og_type":"article","og_title":"Selladora semiautom\u00e1tica de latas al vac\u00edo con nitr\u00f3geno ANR-08","og_description":"Selladora Semiautom\u00e1tica de Latas al Vac\u00edo ANR-08, dise\u00f1ada para un sellado herm\u00e9tico con inyecci\u00f3n de nitr\u00f3geno. Ideal para conservar frescura y calidad en alimentos, bebidas y m\u00e1s. \u00a1Eficiencia garantizada! \ud83d\ude80","og_url":"https:\/\/distribucionarc.com\/fr\/produit\/scelleuse-de-boites-sous-vide-semi-automatique-a-lazote-anr-08\/","og_site_name":"distribuci\u00f3n ARC","article_modified_time":"2024-12-03T18:42:03+00:00","og_image":[{"width":391,"height":348,"url":"https:\/\/distribucionarc.com\/wp-content\/uploads\/2024\/10\/Selladora-al-Vacio-con-Nitrogeno.png","type":"image\/png"}],"twitter_card":"summary_large_image","twitter_misc":{"Dur\u00e9e de lecture estim\u00e9e":"3 minutes"},"schema":{"@context":"https:\/\/schema.org","@graph":[{"@type":"WebPage","@id":"https:\/\/distribucionarc.com\/sl\/producto\/selladora-semiautomatica-de-latas-al-vacio-con-nitrogeno-anr-08\/","url":"https:\/\/distribucionarc.com\/sl\/producto\/selladora-semiautomatica-de-latas-al-vacio-con-nitrogeno-anr-08\/","name":"Scelleuse de bo\u00eetes sous vide semi-automatique \u00e0 l&#039;azote ANR-08 - ARC distribution","isPartOf":{"@id":"https:\/\/distribucionarc.com\/bg\/#website"},"primaryImageOfPage":{"@id":"https:\/\/distribucionarc.com\/sl\/producto\/selladora-semiautomatica-de-latas-al-vacio-con-nitrogeno-anr-08\/#primaryimage"},"image":{"@id":"https:\/\/distribucionarc.com\/sl\/producto\/selladora-semiautomatica-de-latas-al-vacio-con-nitrogeno-anr-08\/#primaryimage"},"thumbnailUrl":"https:\/\/distribucionarc.com\/wp-content\/uploads\/2024\/10\/Selladora-al-Vacio-con-Nitrogeno.png","datePublished":"2024-10-28T21:32:30+00:00","dateModified":"2024-12-03T18:42:03+00:00","description":"Scelleuse de canettes sous vide semi-automatique ANR-08, con\u00e7ue pour une fermeture herm\u00e9tique avec injection d&#039;azote. Id\u00e9al pour pr\u00e9server la fra\u00eecheur et la qualit\u00e9 des aliments, des boissons et plus encore. Efficacit\u00e9 garantie ! \ud83d\ude80","breadcrumb":{"@id":"https:\/\/distribucionarc.com\/sl\/producto\/selladora-semiautomatica-de-latas-al-vacio-con-nitrogeno-anr-08\/#breadcrumb"},"inLanguage":"fr-FR","potentialAction":[{"@type":"ReadAction","target":["https:\/\/distribucionarc.com\/sl\/producto\/selladora-semiautomatica-de-latas-al-vacio-con-nitrogeno-anr-08\/"]}]},{"@type":"ImageObject","inLanguage":"fr-FR","@id":"https:\/\/distribucionarc.com\/sl\/producto\/selladora-semiautomatica-de-latas-al-vacio-con-nitrogeno-anr-08\/#primaryimage","url":"https:\/\/distribucionarc.com\/wp-content\/uploads\/2024\/10\/Selladora-al-Vacio-con-Nitrogeno.png","contentUrl":"https:\/\/distribucionarc.com\/wp-content\/uploads\/2024\/10\/Selladora-al-Vacio-con-Nitrogeno.png","width":391,"height":348},{"@type":"BreadcrumbList","@id":"https:\/\/distribucionarc.com\/sl\/producto\/selladora-semiautomatica-de-latas-al-vacio-con-nitrogeno-anr-08\/#breadcrumb","itemListElement":[{"@type":"ListItem","position":1,"name":"Portada","item":"https:\/\/distribucionarc.com\/nb\/"},{"@type":"ListItem","position":2,"name":"Products","item":"https:\/\/www.distribucionarc.com\/en\/shop\/"},{"@type":"ListItem","position":3,"name":"Selladora semiautom\u00e1tica de latas al vac\u00edo con nitr\u00f3geno ANR-08"}]},{"@type":"WebSite","@id":"https:\/\/distribucionarc.com\/bg\/#website","url":"https:\/\/distribucionarc.com\/bg\/","name":"R\u00e9partition de l&#039;ARC","description":"Entreprise sp\u00e9cialis\u00e9e dans la fabrication et la distribution de machines industrielles, scelleuses de bo\u00eetes, machines \u00e0 comprim\u00e9s, machines \u00e0 d\u00e9couper la viande...","publisher":{"@id":"https:\/\/distribucionarc.com\/bg\/#organization"},"potentialAction":[{"@type":"SearchAction","target":{"@type":"EntryPoint","urlTemplate":"https:\/\/distribucionarc.com\/bg\/?s={search_term_string}"},"query-input":{"@type":"PropertyValueSpecification","valueRequired":true,"valueName":"search_term_string"}}],"inLanguage":"fr-FR"},{"@type":"Organization","@id":"https:\/\/distribucionarc.com\/bg\/#organization","name":"Distribution ARC","url":"https:\/\/distribucionarc.com\/bg\/","logo":{"@type":"ImageObject","inLanguage":"fr-FR","@id":"https:\/\/distribucionarc.com\/bg\/#\/schema\/logo\/image\/","url":"https:\/\/distribucionarc.com\/wp-content\/uploads\/2024\/10\/distribucion-ARC-COLOR-SIN-FONDO-e1732295305345.png","contentUrl":"https:\/\/distribucionarc.com\/wp-content\/uploads\/2024\/10\/distribucion-ARC-COLOR-SIN-FONDO-e1732295305345.png","width":1164,"height":558,"caption":"Distribuci\u00f3n ARC"},"image":{"@id":"https:\/\/distribucionarc.com\/bg\/#\/schema\/logo\/image\/"},"description":"Entreprise sp\u00e9cialis\u00e9e dans la fabrication et la distribution de machines industrielles pour les secteurs alimentaire et pharmaceutique. Nous sommes sp\u00e9cialis\u00e9s dans : Machines \u00e0 couper la viande Fabrication de comprim\u00e9s Syst\u00e8mes de transport industriel Lignes d'embouteillage Machines de dosage Et bien plus encore... Nous proposons des solutions innovantes et personnalis\u00e9es pour optimiser les processus de production de votre entreprise.","email":"Admistracion@distribucionarc.com","telephone":"+34 643496664","legalName":"ARC TECH SOLUTIONS","foundingDate":"2024-04-09","vatID":"B55480172","numberOfEmployees":{"@type":"QuantitativeValue","minValue":"1","maxValue":"10"}}]}},"_links":{"self":[{"href":"https:\/\/distribucionarc.com\/fr\/wp-json\/wp\/v2\/product\/8228","targetHints":{"allow":["GET"]}}],"collection":[{"href":"https:\/\/distribucionarc.com\/fr\/wp-json\/wp\/v2\/product"}],"about":[{"href":"https:\/\/distribucionarc.com\/fr\/wp-json\/wp\/v2\/types\/product"}],"replies":[{"embeddable":true,"href":"https:\/\/distribucionarc.com\/fr\/wp-json\/wp\/v2\/comments?post=8228"}],"version-history":[{"count":0,"href":"https:\/\/distribucionarc.com\/fr\/wp-json\/wp\/v2\/product\/8228\/revisions"}],"wp:featuredmedia":[{"embeddable":true,"href":"https:\/\/distribucionarc.com\/fr\/wp-json\/wp\/v2\/media\/8233"}],"wp:attachment":[{"href":"https:\/\/distribucionarc.com\/fr\/wp-json\/wp\/v2\/media?parent=8228"}],"wp:term":[{"taxonomy":"product_brand","embeddable":true,"href":"https:\/\/distribucionarc.com\/fr\/wp-json\/wp\/v2\/product_brand?post=8228"},{"taxonomy":"product_cat","embeddable":true,"href":"https:\/\/distribucionarc.com\/fr\/wp-json\/wp\/v2\/product_cat?post=8228"},{"taxonomy":"product_tag","embeddable":true,"href":"https:\/\/distribucionarc.com\/fr\/wp-json\/wp\/v2\/product_tag?post=8228"}],"curies":[{"name":"wp","href":"https:\/\/api.w.org\/{rel}","templated":true}]}}