{"id":901,"date":"2020-07-14T16:13:43","date_gmt":"2020-07-14T16:13:43","guid":{"rendered":"https:\/\/distribucionarc.com\/?post_type=product&#038;p=901"},"modified":"2020-09-26T15:46:27","modified_gmt":"2020-09-26T15:46:27","slug":"machine-pour-mini-gaufres-coeur","status":"publish","type":"product","link":"https:\/\/distribucionarc.com\/fr\/producto\/maquina-para-mini-gofres-corazon\/","title":{"rendered":"Machine \u00e0 cr\u00eapes mini coeur"},"content":{"rendered":"<h3>Machine \u00e0 cr\u00eapes mini coeur<\/h3>\n<p>&nbsp;<\/p>\n<p>Le <strong>machine \u00e0 gaufres<\/strong> <strong><span style=\"color: #ff0000;\">\u00c0<\/span><span style=\"color: #0000ff;\">R.<\/span>CMGC2<\/strong> Il est \u00e9quip\u00e9 de plaques en fonte et d&#039;un bac collecteur amovible en inox \u00e0 contour arrondi. Les moules \u00e0 p\u00e2tisserie sont antiadh\u00e9sifs et pr\u00e9sentent une conductivit\u00e9 thermique \u00e9lev\u00e9e, ce qui <span style=\"color: #008000;\"><strong>Ils privil\u00e9gient la faible consommation \u00e9lectrique du gaufrier<\/strong><\/span>.<\/p>\n<p>La partie chauffante est s\u00e9par\u00e9e, de sorte que les temp\u00e9ratures \u00e9lev\u00e9es ne peuvent pas atteindre le bas de la machine, les composants \u00e9lectroniques \u00e0 l&#039;int\u00e9rieur du corps sont prot\u00e9g\u00e9s et lui permettent de durer plusieurs ann\u00e9es. C&#039;est tr\u00e8s facile \u00e0 nettoyer. Les utilisateurs n&#039;ont qu&#039;\u00e0 utiliser un chiffon sec ou humide pour nettoyer la surface, pas besoin de les laver \u00e0 l&#039;eau<\/p>\n<p>Ce produit est tr\u00e8s adapt\u00e9 \u00e0 la cuisson des aliments <strong>magasins<\/strong>, <strong>restaurants<\/strong>, <strong>fours<\/strong>, <strong>glaciers,<\/strong> etc. Son syst\u00e8me efficace vous aidera \u00e0 fournir des plats chauds au client de la mani\u00e8re la plus pratique et la plus simple.<\/p>\n<p>La plaque en fonte hautement conductrice r\u00e9partit la chaleur uniform\u00e9ment, le gaufrier <strong><span style=\"color: #ff0000;\">\u00c0<\/span><span style=\"color: #0000ff;\">R.<\/span>c<\/strong> peut cuire jusqu&#039;\u00e0 50 petits <strong>gaufres<\/strong> avec la forme du c\u0153ur \u00e0 la fois, cela ne vous prendra que 3 \u00e0 5 minutes, l&#039;appareil lumineux vous rappellera quand le <strong>gaufres<\/strong> et \u00e0 quelle heure <strong>gaufrier<\/strong> Il a atteint son point chaud.<\/p>\n<p>&nbsp;<\/p>\n<h6><strong>Garantie<span style=\"color: #ff0000;\">\u00a0\u00c0<\/span><span style=\"color: #0000ff;\">R.<\/span>C 2 ANS<\/strong><\/h6>\n<h6><span style=\"color: #008000;\">Mini gaufri\u00e8re coeur efficace, basse consommation 1600w<\/span><\/h6>\n<h6><strong>support technique inclus<\/strong><\/h6>\n<p>&nbsp;<\/p>\n<table role=\"presentation\" width=\"100%\" cellspacing=\"0\" cellpadding=\"0\">\n<tbody>\n<tr>\n<td class=\"attrLabels\">Temp\u00e9rature:<\/td>\n<td width=\"50.0%\">0-300\u00baC<\/td>\n<\/tr>\n<tr>\n<td class=\"attrLabels\">Pays de distribution\u00a0:<\/td>\n<td width=\"50.0%\">Espagne, Allemagne, \u00c9tats-Unis<\/td>\n<td class=\"attrLabels\">Poids:<\/td>\n<td width=\"50.0%\">10,5 kg<\/td>\n<\/tr>\n<tr>\n<td class=\"attrLabels\">Marque:<\/td>\n<td width=\"50.0%\">ARC<\/td>\n<td class=\"attrLabels\">Hauteur:<\/td>\n<td width=\"50.0%\">11,6 cm<\/td>\n<\/tr>\n<tr>\n<td class=\"attrLabels\">Couleur:<\/td>\n<td width=\"50.0%\">Argent<\/td>\n<td class=\"attrLabels\">Long:<\/td>\n<td width=\"50.0%\">\u00a027,6 cm<\/td>\n<\/tr>\n<tr>\n<td class=\"attrLabels\">Type de produit\u00a0:<\/td>\n<td width=\"50.0%\">Gaufrier coeur<\/td>\n<td class=\"attrLabels\">Large:<\/td>\n<td width=\"50.0%\">16,5 cm<\/td>\n<\/tr>\n<tr>\n<td class=\"attrLabels\">Num\u00e9ro du fabricant :<\/td>\n<td width=\"50.0%\">ARCMGC2<\/td>\n<td class=\"attrLabels\">Pouvoir:<\/td>\n<td width=\"50.0%\">2800W<\/td>\n<\/tr>\n<tr>\n<td class=\"attrLabels\">Mat\u00e9riel:<\/td>\n<td width=\"50.0%\">acier inoxydable, plaque en t\u00e9flon, contr\u00f4le de la temp\u00e9rature<\/td>\n<td class=\"attrLabels\">tension d&#039;entr\u00e9e<\/td>\n<td width=\"50.0%\">220 V \u2013 60 Hz<\/td>\n<\/tr>\n<tr>\n<td class=\"attrLabels\">Taille du c\u0153ur\u00a0:<\/td>\n<td width=\"50.0%\">4 cm<\/td>\n<td class=\"attrLabels\">Garantie:<\/td>\n<td width=\"50.0%\">2 ANS<\/td>\n<\/tr>\n<tr>\n<td class=\"attrLabels\">Outils d&#039;installation\u00a0:<\/td>\n<td width=\"50.0%\">Ouais<\/td>\n<td class=\"attrLabels\">Production:<\/td>\n<td width=\"50.0%\">50 pi\u00e8ces<\/td>\n<\/tr>\n<\/tbody>\n<\/table>\n<p>&nbsp;<\/p>\n<h3><\/h3>","protected":false},"excerpt":{"rendered":"<h2>Machine \u00e0 cr\u00eapes mini coeur<\/h2>\n<p>Il <strong>gaufre<\/strong> C&#039;est l&#039;aliment pr\u00e9f\u00e9r\u00e9 de la plupart des gens et avec le <strong>machine \u00e0 gaufres<\/strong> de<strong><span style=\"color: #ff0000;\"> \u00c0<\/span><span style=\"color: #0000ff;\">R.<\/span>c<\/strong> Vous pouvez les rendre encore plus attrayants gr\u00e2ce \u00e0 leur conception en c\u0153ur, faisant tomber vos clients amoureux de leur d\u00e9licieuse saveur.<\/p>\n<p><strong><span style=\"color: #ff0000;\">\u00c0<\/span><span style=\"color: #0000ff;\">R.<\/span>CMGC2<\/strong> Il est con\u00e7u pour cuire <strong>gaufres<\/strong> plus moelleux et grill\u00e9 en forme de mini c\u0153ur. Compos\u00e9 de deux plaques, il permet de r\u00e9aliser <strong>50 gaufres<\/strong> \u00e0 la fois et ce processus ne prend que 5 \u00e0 8 minutes. De cette fa\u00e7on, vous pouvez obtenir une production de 100 <strong>mini<\/strong> <strong>gaufres<\/strong> dans 10 minutes. De plus, il a un style novateur, facile \u00e0 utiliser, un contr\u00f4le automatique de la temp\u00e9rature, <strong><span style=\"color: #008000;\">faible consommation d&#039;\u00e9nergie<\/span><\/strong>, vitesse de chauffage rapide.<\/p>\n<h6><\/h6>\n<h6><strong>Garantie<span style=\"color: #ff0000;\">\u00a0\u00c0<\/span><span style=\"color: #0000ff;\">R.<\/span>C 2 ANS<\/strong><\/h6>\n<h6><span style=\"color: #008000;\">Mini gaufri\u00e8re coeur efficace, basse consommation 1600w<\/span><\/h6>\n<h6><strong>support technique inclus<\/strong><\/h6>","protected":false},"featured_media":902,"comment_status":"open","ping_status":"closed","template":"","meta":{"wds_primary_product_brand":0,"wds_primary_product_cat":0},"product_brand":[],"product_cat":[51],"product_tag":[],"class_list":{"0":"post-901","1":"product","2":"type-product","3":"status-publish","4":"has-post-thumbnail","6":"product_cat-gofreras-profesionales","7":"product_shipping_class-hosteleria","9":"first","10":"instock","11":"sale","12":"taxable","13":"shipping-taxable","14":"purchasable","15":"product-type-simple"},"yoast_head":"<!-- This site is optimized with the Yoast SEO Premium plugin v24.9 (Yoast SEO v26.1) - https:\/\/yoast.com\/wordpress\/plugins\/seo\/ -->\n<title>M\u00e1quina para mini pancakes coraz\u00f3n - distribuci\u00f3n ARC<\/title>\n<meta name=\"robots\" content=\"index, follow, max-snippet:-1, max-image-preview:large, max-video-preview:-1\" \/>\n<link rel=\"canonical\" href=\"https:\/\/distribucionarc.com\/fr\/produit\/machine-pour-mini-gaufres-coeur\/\" \/>\n<meta property=\"og:locale\" content=\"fr_FR\" \/>\n<meta property=\"og:type\" content=\"article\" \/>\n<meta property=\"og:title\" content=\"M\u00e1quina para mini pancakes coraz\u00f3n\" \/>\n<meta property=\"og:description\" content=\"M\u00e1quina para mini pancakes coraz\u00f3n El gofre es la comida favorita de la mayor\u00eda de la gente y con la m\u00e1quina de gofres de ARC puedes conseguir que sean a\u00fan m\u00e1s atractivos por su dise\u00f1o de coraz\u00f3n enamorando a tus clientes con su delicioso sabor.  ARCMGC2 est\u00e1 dise\u00f1ada para hornear los gofres m\u00e1s esponjosos y tostados en forma de mini coraz\u00f3n. Compuesto de dos placas, se puede utilizar para hacer 50pcs gofres a la vez y este proceso s\u00f3lo toma 5-8 minutos de esta forma puedes obtener una producci\u00f3n de 100 mini gofres en 10 min. Adem\u00e1s, cuenta con estilo novedoso, f\u00e1cil de utilizar, control autom\u00e1tico de la temperatura, bajo consumo de energ\u00eda, velocidad de calentamiento r\u00e1pida.  Garant\u00eda\u00a0ARC 2 A\u00d1OS Maquina para mini gofres coraz\u00f3n eficiente, bajo consumo 1600w soporte t\u00e9cnico\u00a0incluido\" \/>\n<meta property=\"og:url\" content=\"https:\/\/distribucionarc.com\/fr\/produit\/machine-pour-mini-gaufres-coeur\/\" \/>\n<meta property=\"og:site_name\" content=\"distribuci\u00f3n ARC\" \/>\n<meta property=\"article:modified_time\" content=\"2020-09-26T15:46:27+00:00\" \/>\n<meta property=\"og:image\" content=\"https:\/\/distribucionarc.com\/wp-content\/uploads\/2020\/07\/M\u00e1quina-para-mini-gofres-coraz\u00f3n-5.jpg\" \/>\n\t<meta property=\"og:image:width\" content=\"1001\" \/>\n\t<meta property=\"og:image:height\" content=\"1001\" \/>\n\t<meta property=\"og:image:type\" content=\"image\/jpeg\" \/>\n<meta name=\"twitter:card\" content=\"summary_large_image\" \/>\n<meta name=\"twitter:label1\" content=\"Dur\u00e9e de lecture estim\u00e9e\" \/>\n\t<meta name=\"twitter:data1\" content=\"2 minutes\" \/>\n<script type=\"application\/ld+json\" class=\"yoast-schema-graph\">{\"@context\":\"https:\/\/schema.org\",\"@graph\":[{\"@type\":\"WebPage\",\"@id\":\"https:\/\/distribucionarc.com\/sl\/producto\/maquina-para-mini-gofres-corazon\/\",\"url\":\"https:\/\/distribucionarc.com\/sl\/producto\/maquina-para-mini-gofres-corazon\/\",\"name\":\"M\u00e1quina para mini pancakes coraz\u00f3n - distribuci\u00f3n ARC\",\"isPartOf\":{\"@id\":\"https:\/\/distribucionarc.com\/de\/#website\"},\"primaryImageOfPage\":{\"@id\":\"https:\/\/distribucionarc.com\/sl\/producto\/maquina-para-mini-gofres-corazon\/#primaryimage\"},\"image\":{\"@id\":\"https:\/\/distribucionarc.com\/sl\/producto\/maquina-para-mini-gofres-corazon\/#primaryimage\"},\"thumbnailUrl\":\"https:\/\/distribucionarc.com\/wp-content\/uploads\/2020\/07\/M\u00e1quina-para-mini-gofres-coraz\u00f3n-5.jpg\",\"datePublished\":\"2020-07-14T16:13:43+00:00\",\"dateModified\":\"2020-09-26T15:46:27+00:00\",\"breadcrumb\":{\"@id\":\"https:\/\/distribucionarc.com\/sl\/producto\/maquina-para-mini-gofres-corazon\/#breadcrumb\"},\"inLanguage\":\"fr-FR\",\"potentialAction\":[{\"@type\":\"ReadAction\",\"target\":[\"https:\/\/distribucionarc.com\/sl\/producto\/maquina-para-mini-gofres-corazon\/\"]}]},{\"@type\":\"ImageObject\",\"inLanguage\":\"fr-FR\",\"@id\":\"https:\/\/distribucionarc.com\/sl\/producto\/maquina-para-mini-gofres-corazon\/#primaryimage\",\"url\":\"https:\/\/distribucionarc.com\/wp-content\/uploads\/2020\/07\/M\u00e1quina-para-mini-gofres-coraz\u00f3n-5.jpg\",\"contentUrl\":\"https:\/\/distribucionarc.com\/wp-content\/uploads\/2020\/07\/M\u00e1quina-para-mini-gofres-coraz\u00f3n-5.jpg\",\"width\":1001,\"height\":1001,\"caption\":\"maquina para mini gofres coraz\u00f3n\"},{\"@type\":\"BreadcrumbList\",\"@id\":\"https:\/\/distribucionarc.com\/sl\/producto\/maquina-para-mini-gofres-corazon\/#breadcrumb\",\"itemListElement\":[{\"@type\":\"ListItem\",\"position\":1,\"name\":\"Portada\",\"item\":\"https:\/\/distribucionarc.com\/pl\/\"},{\"@type\":\"ListItem\",\"position\":2,\"name\":\"Produkty\",\"item\":\"https:\/\/distribucionarc.com\/pl\/shop\/\"},{\"@type\":\"ListItem\",\"position\":3,\"name\":\"M\u00e1quina para mini pancakes coraz\u00f3n\"}]},{\"@type\":\"WebSite\",\"@id\":\"https:\/\/distribucionarc.com\/de\/#website\",\"url\":\"https:\/\/distribucionarc.com\/de\/\",\"name\":\"distribuci\u00f3n ARC\",\"description\":\"Empresa especializada en la fabricaci\u00f3n y distribuci\u00f3n de maquinaria industrial, selladoras de latas, Maquinas de hacer pastillas, Maquinas de cortar carne...\",\"publisher\":{\"@id\":\"https:\/\/distribucionarc.com\/de\/#organization\"},\"potentialAction\":[{\"@type\":\"SearchAction\",\"target\":{\"@type\":\"EntryPoint\",\"urlTemplate\":\"https:\/\/distribucionarc.com\/de\/?s={search_term_string}\"},\"query-input\":{\"@type\":\"PropertyValueSpecification\",\"valueRequired\":true,\"valueName\":\"search_term_string\"}}],\"inLanguage\":\"fr-FR\"},{\"@type\":\"Organization\",\"@id\":\"https:\/\/distribucionarc.com\/de\/#organization\",\"name\":\"Distribuci\u00f3n ARC\",\"url\":\"https:\/\/distribucionarc.com\/de\/\",\"logo\":{\"@type\":\"ImageObject\",\"inLanguage\":\"fr-FR\",\"@id\":\"https:\/\/distribucionarc.com\/de\/#\/schema\/logo\/image\/\",\"url\":\"https:\/\/distribucionarc.com\/wp-content\/uploads\/2024\/10\/distribucion-ARC-COLOR-SIN-FONDO-e1732295305345.png\",\"contentUrl\":\"https:\/\/distribucionarc.com\/wp-content\/uploads\/2024\/10\/distribucion-ARC-COLOR-SIN-FONDO-e1732295305345.png\",\"width\":1164,\"height\":558,\"caption\":\"Distribuci\u00f3n ARC\"},\"image\":{\"@id\":\"https:\/\/distribucionarc.com\/de\/#\/schema\/logo\/image\/\"},\"description\":\"Empresa especializada en la fabricaci\u00f3n y distribuci\u00f3n de maquinaria industrial para los sectores alimentario y farmac\u00e9utico. Nos especializamos en: M\u00e1quinas de cortar carne Fabricaci\u00f3n de comprimidos Sistemas de transporte industrial L\u00edneas de embotellado Dosificadores Y mucho m\u00e1s... Ofrecemos soluciones innovadoras y personalizadas para optimizar los procesos productivos de tu empresa.\",\"email\":\"Admistracion@distribucionarc.com\",\"telephone\":\"+34 643496664\",\"legalName\":\"ARC TECH SOLUTIONS\",\"foundingDate\":\"2024-04-09\",\"vatID\":\"B55480172\",\"numberOfEmployees\":{\"@type\":\"QuantitativeValue\",\"minValue\":\"1\",\"maxValue\":\"10\"}}]}<\/script>\n<!-- \/ Yoast SEO Premium plugin. -->","yoast_head_json":{"title":"Machine \u00e0 cr\u00eapes mini coeur - ARC distribution","robots":{"index":"index","follow":"follow","max-snippet":"max-snippet:-1","max-image-preview":"max-image-preview:large","max-video-preview":"max-video-preview:-1"},"canonical":"https:\/\/distribucionarc.com\/fr\/produit\/machine-pour-mini-gaufres-coeur\/","og_locale":"fr_FR","og_type":"article","og_title":"M\u00e1quina para mini pancakes coraz\u00f3n","og_description":"M\u00e1quina para mini pancakes coraz\u00f3n El gofre es la comida favorita de la mayor\u00eda de la gente y con la m\u00e1quina de gofres de ARC puedes conseguir que sean a\u00fan m\u00e1s atractivos por su dise\u00f1o de coraz\u00f3n enamorando a tus clientes con su delicioso sabor.  ARCMGC2 est\u00e1 dise\u00f1ada para hornear los gofres m\u00e1s esponjosos y tostados en forma de mini coraz\u00f3n. Compuesto de dos placas, se puede utilizar para hacer 50pcs gofres a la vez y este proceso s\u00f3lo toma 5-8 minutos de esta forma puedes obtener una producci\u00f3n de 100 mini gofres en 10 min. Adem\u00e1s, cuenta con estilo novedoso, f\u00e1cil de utilizar, control autom\u00e1tico de la temperatura, bajo consumo de energ\u00eda, velocidad de calentamiento r\u00e1pida.  Garant\u00eda\u00a0ARC 2 A\u00d1OS Maquina para mini gofres coraz\u00f3n eficiente, bajo consumo 1600w soporte t\u00e9cnico\u00a0incluido","og_url":"https:\/\/distribucionarc.com\/fr\/produit\/machine-pour-mini-gaufres-coeur\/","og_site_name":"distribuci\u00f3n ARC","article_modified_time":"2020-09-26T15:46:27+00:00","og_image":[{"width":1001,"height":1001,"url":"https:\/\/distribucionarc.com\/wp-content\/uploads\/2020\/07\/M\u00e1quina-para-mini-gofres-coraz\u00f3n-5.jpg","type":"image\/jpeg"}],"twitter_card":"summary_large_image","twitter_misc":{"Dur\u00e9e de lecture estim\u00e9e":"2 minutes"},"schema":{"@context":"https:\/\/schema.org","@graph":[{"@type":"WebPage","@id":"https:\/\/distribucionarc.com\/sl\/producto\/maquina-para-mini-gofres-corazon\/","url":"https:\/\/distribucionarc.com\/sl\/producto\/maquina-para-mini-gofres-corazon\/","name":"Machine \u00e0 cr\u00eapes mini coeur - ARC distribution","isPartOf":{"@id":"https:\/\/distribucionarc.com\/de\/#website"},"primaryImageOfPage":{"@id":"https:\/\/distribucionarc.com\/sl\/producto\/maquina-para-mini-gofres-corazon\/#primaryimage"},"image":{"@id":"https:\/\/distribucionarc.com\/sl\/producto\/maquina-para-mini-gofres-corazon\/#primaryimage"},"thumbnailUrl":"https:\/\/distribucionarc.com\/wp-content\/uploads\/2020\/07\/M\u00e1quina-para-mini-gofres-coraz\u00f3n-5.jpg","datePublished":"2020-07-14T16:13:43+00:00","dateModified":"2020-09-26T15:46:27+00:00","breadcrumb":{"@id":"https:\/\/distribucionarc.com\/sl\/producto\/maquina-para-mini-gofres-corazon\/#breadcrumb"},"inLanguage":"fr-FR","potentialAction":[{"@type":"ReadAction","target":["https:\/\/distribucionarc.com\/sl\/producto\/maquina-para-mini-gofres-corazon\/"]}]},{"@type":"ImageObject","inLanguage":"fr-FR","@id":"https:\/\/distribucionarc.com\/sl\/producto\/maquina-para-mini-gofres-corazon\/#primaryimage","url":"https:\/\/distribucionarc.com\/wp-content\/uploads\/2020\/07\/M\u00e1quina-para-mini-gofres-coraz\u00f3n-5.jpg","contentUrl":"https:\/\/distribucionarc.com\/wp-content\/uploads\/2020\/07\/M\u00e1quina-para-mini-gofres-coraz\u00f3n-5.jpg","width":1001,"height":1001,"caption":"maquina para mini gofres coraz\u00f3n"},{"@type":"BreadcrumbList","@id":"https:\/\/distribucionarc.com\/sl\/producto\/maquina-para-mini-gofres-corazon\/#breadcrumb","itemListElement":[{"@type":"ListItem","position":1,"name":"Portada","item":"https:\/\/distribucionarc.com\/pl\/"},{"@type":"ListItem","position":2,"name":"Produkty","item":"https:\/\/distribucionarc.com\/pl\/shop\/"},{"@type":"ListItem","position":3,"name":"M\u00e1quina para mini pancakes coraz\u00f3n"}]},{"@type":"WebSite","@id":"https:\/\/distribucionarc.com\/de\/#website","url":"https:\/\/distribucionarc.com\/de\/","name":"R\u00e9partition de l&#039;ARC","description":"Entreprise sp\u00e9cialis\u00e9e dans la fabrication et la distribution de machines industrielles, scelleuses de bo\u00eetes, machines \u00e0 comprim\u00e9s, machines \u00e0 d\u00e9couper la viande...","publisher":{"@id":"https:\/\/distribucionarc.com\/de\/#organization"},"potentialAction":[{"@type":"SearchAction","target":{"@type":"EntryPoint","urlTemplate":"https:\/\/distribucionarc.com\/de\/?s={search_term_string}"},"query-input":{"@type":"PropertyValueSpecification","valueRequired":true,"valueName":"search_term_string"}}],"inLanguage":"fr-FR"},{"@type":"Organization","@id":"https:\/\/distribucionarc.com\/de\/#organization","name":"Distribution ARC","url":"https:\/\/distribucionarc.com\/de\/","logo":{"@type":"ImageObject","inLanguage":"fr-FR","@id":"https:\/\/distribucionarc.com\/de\/#\/schema\/logo\/image\/","url":"https:\/\/distribucionarc.com\/wp-content\/uploads\/2024\/10\/distribucion-ARC-COLOR-SIN-FONDO-e1732295305345.png","contentUrl":"https:\/\/distribucionarc.com\/wp-content\/uploads\/2024\/10\/distribucion-ARC-COLOR-SIN-FONDO-e1732295305345.png","width":1164,"height":558,"caption":"Distribuci\u00f3n ARC"},"image":{"@id":"https:\/\/distribucionarc.com\/de\/#\/schema\/logo\/image\/"},"description":"Entreprise sp\u00e9cialis\u00e9e dans la fabrication et la distribution de machines industrielles pour les secteurs alimentaire et pharmaceutique. Nous sommes sp\u00e9cialis\u00e9s dans : Machines \u00e0 couper la viande Fabrication de comprim\u00e9s Syst\u00e8mes de transport industriel Lignes d'embouteillage Machines de dosage Et bien plus encore... Nous proposons des solutions innovantes et personnalis\u00e9es pour optimiser les processus de production de votre entreprise.","email":"Admistracion@distribucionarc.com","telephone":"+34 643496664","legalName":"ARC TECH SOLUTIONS","foundingDate":"2024-04-09","vatID":"B55480172","numberOfEmployees":{"@type":"QuantitativeValue","minValue":"1","maxValue":"10"}}]}},"_links":{"self":[{"href":"https:\/\/distribucionarc.com\/fr\/wp-json\/wp\/v2\/product\/901","targetHints":{"allow":["GET"]}}],"collection":[{"href":"https:\/\/distribucionarc.com\/fr\/wp-json\/wp\/v2\/product"}],"about":[{"href":"https:\/\/distribucionarc.com\/fr\/wp-json\/wp\/v2\/types\/product"}],"replies":[{"embeddable":true,"href":"https:\/\/distribucionarc.com\/fr\/wp-json\/wp\/v2\/comments?post=901"}],"version-history":[{"count":0,"href":"https:\/\/distribucionarc.com\/fr\/wp-json\/wp\/v2\/product\/901\/revisions"}],"wp:featuredmedia":[{"embeddable":true,"href":"https:\/\/distribucionarc.com\/fr\/wp-json\/wp\/v2\/media\/902"}],"wp:attachment":[{"href":"https:\/\/distribucionarc.com\/fr\/wp-json\/wp\/v2\/media?parent=901"}],"wp:term":[{"taxonomy":"product_brand","embeddable":true,"href":"https:\/\/distribucionarc.com\/fr\/wp-json\/wp\/v2\/product_brand?post=901"},{"taxonomy":"product_cat","embeddable":true,"href":"https:\/\/distribucionarc.com\/fr\/wp-json\/wp\/v2\/product_cat?post=901"},{"taxonomy":"product_tag","embeddable":true,"href":"https:\/\/distribucionarc.com\/fr\/wp-json\/wp\/v2\/product_tag?post=901"}],"curies":[{"name":"wp","href":"https:\/\/api.w.org\/{rel}","templated":true}]}}