{"id":997,"date":"2020-07-15T16:59:51","date_gmt":"2020-07-15T16:59:51","guid":{"rendered":"https:\/\/distribucionarc.com\/?post_type=product&#038;p=997"},"modified":"2024-09-05T18:13:08","modified_gmt":"2024-09-05T18:13:08","slug":"fenetre-daffichage-a-chaud","status":"publish","type":"product","link":"https:\/\/distribucionarc.com\/fr\/producto\/vitrina-expositora-caliente\/","title":{"rendered":"Vitrine chaude normale"},"content":{"rendered":"<h3>Vitrine chaude normale<\/h3>\n<p>Si vous recherchez la solution id\u00e9ale pour conserver vos aliments au chaud \u00e0 temp\u00e9rature de service pendant plusieurs heures dans les espaces \u00ab\u00a0pr\u00e9sentation et vente\u00a0\u00bb, vous recherchez<strong> radiateurs<\/strong> et <strong>vitrines de plats chauds<\/strong> de <strong><span style=\"color: #ff0000;\">\u00c0<\/span><span style=\"color: #0000ff;\">R.<\/span>c<\/strong>. Le <strong>vitrine chaude<\/strong> de <strong><span style=\"color: #ff0000;\">\u00c0<\/span><span style=\"color: #0000ff;\">R.<\/span>c<\/strong> propose des solutions d&#039;\u00e9quipement pour les caf\u00e9t\u00e9rias, les buffets, les magasins et les restaurants.<\/p>\n<p>Ce <strong>vitrine<\/strong> <strong>chaud <span style=\"color: #ff0000;\">\u00c0<\/span><span style=\"color: #0000ff;\">R.<\/span>c<\/strong> Le comptoir a un cadre robuste en acier inoxydable, des parois en verre tremp\u00e9 et des portes en acrylique. Avec une grande stabilit\u00e9 et une visibilit\u00e9 am\u00e9lior\u00e9e. Il est livr\u00e9 avec des portes \u00e0 ouverture facile, du verre tremp\u00e9 combin\u00e9 \u00e0 un syst\u00e8me de fermeture magn\u00e9tique. Fournit une meilleure \u00e9tanch\u00e9it\u00e9 de la porte.<\/p>\n<p>Le <strong>vitrine chaude <span style=\"color: #ff0000;\">\u00c0<\/span><span style=\"color: #0000ff;\">R.<\/span>CVEC1<\/strong> Il dispose d&#039;un bouton de commande thermostatique rotatif, qui vous permet de choisir la temp\u00e9rature la plus adapt\u00e9e aux diff\u00e9rents types d&#039;aliments. Les deux couches de paniers sont constitu\u00e9es de 2 plateaux en inox mesurant 19,5 x 17,5 cm. Les plateaux peuvent \u00eatre gliss\u00e9s vers l&#039;int\u00e9rieur et l&#039;ext\u00e9rieur, offrant ainsi une plus grande capacit\u00e9 aux chauffe-po\u00eales.<strong> vitrines chaudes<\/strong>, comporte g\u00e9n\u00e9ralement des seaux pour la disposition des aliments sur le bar, \u00e9galement appel\u00e9s <strong>vitrines<\/strong>r, ils sont maintenus \u00e0 la temp\u00e9rature appropri\u00e9e gr\u00e2ce \u00e0 la chaleur dans laquelle les seaux sont immerg\u00e9s. G\u00e9n\u00e9ralement le <strong>vitrines chaudes<\/strong> Le bain-marie dispose d&#039;une vidange pour un entretien et un nettoyage facile. En plus des portes coulissantes pour maintenir la temp\u00e9rature et ne pas gaspiller d&#039;\u00e9nergie, en le transformant en un <strong><span style=\"color: #008000;\">machine de consommation efficace<\/span><\/strong>.<\/p>\n<p>Les lumi\u00e8res chaudes d\u00e9coratives rendent la nourriture plus attrayante et accrocheuse pour le client\u00a0; avec interrupteur marche\/arr\u00eat fiable et s\u00fbr, \u00e9tanche \u00e0 l&#039;eau, \u00e0 la poussi\u00e8re et aux fuites \u00e9lectriques\u00a0; Un bac pour collecter l&#039;huile est inclus en bas.<\/p>\n<p>&nbsp;<\/p>\n<h6><strong>Garantie\u00a0<span style=\"color: #ff0000;\">\u00c0<span style=\"color: #0000ff;\">R.<\/span><\/span>C 2 ANS<\/strong><\/h6>\n<h6><span style=\"color: #008000;\">Vitrine chaude efficace, basse consommation 600w<\/span><\/h6>\n<h6><strong>support technique inclus.<\/strong><\/h6>\n<p>&nbsp;<\/p>\n<p>&nbsp;<\/p>\n<table role=\"presentation\" width=\"100%\" cellspacing=\"0\" cellpadding=\"0\">\n<tbody>\n<tr>\n<td class=\"attrLabels\">Temp\u00e9rature:<\/td>\n<td width=\"50.0%\">30-85\u00baC<\/td>\n<\/tr>\n<tr>\n<td class=\"attrLabels\">Pays de distribution\u00a0:<\/td>\n<td width=\"50.0%\">Espagne, Allemagne, \u00c9tats-Unis<\/td>\n<td class=\"attrLabels\">Poids:<\/td>\n<td width=\"50.0%\">17 kg<\/td>\n<\/tr>\n<tr>\n<td class=\"attrLabels\">Marque:<\/td>\n<td width=\"50.0%\">ARC<\/td>\n<td class=\"attrLabels\">Hauteur:<\/td>\n<td width=\"50.0%\">51 cm<\/td>\n<\/tr>\n<tr>\n<td class=\"attrLabels\">Couleur:<\/td>\n<td width=\"50.0%\">Argent<\/td>\n<td class=\"attrLabels\">Long:<\/td>\n<td width=\"50.0%\">61 cm<\/td>\n<\/tr>\n<tr>\n<td class=\"attrLabels\">Type de produit\u00a0:<\/td>\n<td width=\"50.0%\">Vitrine chaude<\/td>\n<td class=\"attrLabels\">Large:<\/td>\n<td width=\"50.0%\">38 cm<\/td>\n<\/tr>\n<tr>\n<td class=\"attrLabels\">Num\u00e9ro du fabricant :<\/td>\n<td width=\"50.0%\">ARCVEC1<\/td>\n<td class=\"attrLabels\">Pouvoir:<\/td>\n<td width=\"50.0%\">600W<\/td>\n<\/tr>\n<tr>\n<td class=\"attrLabels\">Mat\u00e9riel:<\/td>\n<td width=\"50.0%\">en acier inoxydable, contr\u00f4le de la temp\u00e9rature<\/td>\n<td class=\"attrLabels\">tension d&#039;entr\u00e9e<\/td>\n<td width=\"50.0%\">220 V \u2013 60 Hz<\/td>\n<\/tr>\n<tr>\n<td class=\"attrLabels\">Niveaux\u00a0:<\/td>\n<td width=\"50.0%\">\u00a02<\/td>\n<td class=\"attrLabels\">Taille de la cabine\u00a0:<\/td>\n<td width=\"50.0%\">14 cm<\/td>\n<\/tr>\n<tr>\n<td class=\"attrLabels\">Outils d&#039;installation\u00a0:<\/td>\n<td width=\"50.0%\">Ouais<\/td>\n<td class=\"attrLabels\">Garantie:<\/td>\n<td width=\"50.0%\">2 ANS<\/td>\n<\/tr>\n<\/tbody>\n<\/table>","protected":false},"excerpt":{"rendered":"<h2><strong style=\"font-size: 16px;\">Vitrina caliente Expositor de sobremesa de ARC \u2013 600W<\/strong><\/h2>\n<div class=\"group\/conversation-turn relative flex w-full min-w-0 flex-col agent-turn\">\n<div class=\"flex-col gap-1 md:gap-3\">\n<div class=\"flex max-w-full flex-col flex-grow\">\n<div class=\"min-h-[20px] text-message flex w-full flex-col items-end gap-2 break-words [.text-message+&amp;]:mt-5 overflow-x-auto whitespace-normal\" dir=\"auto\" data-message-author-role=\"assistant\" data-message-id=\"581870f1-c993-4564-b525-941801f8dd53\">\n<div class=\"flex w-full flex-col gap-1 empty:hidden first:pt-[3px]\">\n<div class=\"markdown prose w-full break-words dark:prose-invert light\">\n<p>La <strong>vitrina de exposici\u00f3n caliente de sobremesa<\/strong> de ARC es perfecta para mantener los alimentos calientes y frescos, garantizando una presentaci\u00f3n atractiva. Con una potencia de <strong>600 vatios (W)<\/strong> y fabricada en <strong>acero inoxidable 304<\/strong>, apto para el uso alimentario, asegura durabilidad, seguridad y f\u00e1cil limpieza. Sus dimensiones de <strong>61 cent\u00edmetros (cm) x 38 cent\u00edmetros (cm) x 51 cent\u00edmetros (cm)<\/strong> proporcionan el espacio necesario, con <strong>dos niveles<\/strong> que permiten una excelente exposici\u00f3n de alimentos.<\/p>\n<h3>Productos que puedes exhibir en esta <strong>vitrina caliente de sobremesa<\/strong>:<\/h3>\n<ul>\n<li><strong>Pizzas<\/strong>: Mant\u00e9n porciones individuales de pizza calientes y listas para servir.<\/li>\n<li><strong>Empanadas<\/strong>: Perfectas para mantener crujientes y calientes.<\/li>\n<li><strong>Croissants<\/strong>: Ideal para panader\u00edas y cafeter\u00edas.<\/li>\n<li><strong>Hot dogs<\/strong>: Listos para ser servidos en tiendas de conveniencia o buffets.<\/li>\n<li><strong>Bocadillos<\/strong>: S\u00e1ndwiches y bocadillos calientes, perfectos para cafeter\u00edas.<\/li>\n<li><strong>Hamburguesas<\/strong>: Mant\u00e9n las hamburguesas jugosas y calientes antes de servir.<\/li>\n<li><strong>Panes y boller\u00eda<\/strong>: Exhibe pan reci\u00e9n horneado, manteni\u00e9ndolo caliente.<\/li>\n<li><strong>Carnes asadas<\/strong>: Como pollos asados o costillas, listos para llevar.<\/li>\n<li><strong>Patatas fritas<\/strong>: Mant\u00e9n las patatas crujientes a la temperatura perfecta.<\/li>\n<\/ul>\n<h3>Sectores donde se puede implementar esta <strong>vitrina de exposici\u00f3n caliente<\/strong>:<\/h3>\n<ul>\n<li><strong>Cafeter\u00edas<\/strong>: Exhibe croissants, bocadillos y hamburguesas calientes.<\/li>\n<li><strong>Panader\u00edas y pasteler\u00edas<\/strong>: Perfecta para productos horneados calientes.<\/li>\n<li><strong>Restaurantes de comida r\u00e1pida<\/strong>: Ideal para hamburguesas, pizzas y otros alimentos calientes.<\/li>\n<li><strong>Hoteles<\/strong>: Perfecta para buffets de desayuno, manteniendo el pan y otros productos calientes.<\/li>\n<li><strong>Supermercados<\/strong>: Para comidas preparadas y listas para llevar.<\/li>\n<li><strong>Estaciones de servicio<\/strong>: Hot dogs, empanadas, y bocadillos calientes listos para el cliente en movimiento.<\/li>\n<li><strong>Catering y eventos<\/strong>: Mant\u00e9n la comida caliente y fresca durante eventos o reuniones.<\/li>\n<\/ul>\n<p>La <strong>vitrina caliente de sobremesa<\/strong> de ARC es una opci\u00f3n ideal para cualquier negocio que busque una soluci\u00f3n profesional para mantener y exhibir alimentos calientes de manera atractiva. Esta <strong>vitrina caliente profesional<\/strong> es indispensable para quienes valoran la calidad y el control de temperatura en sus productos.<\/p>\n<\/div>\n<\/div>\n<\/div>\n<\/div>\n<\/div>\n<\/div>\n","protected":false},"featured_media":1005,"comment_status":"open","ping_status":"closed","template":"","meta":{"wds_primary_product_brand":0,"wds_primary_product_cat":0},"product_brand":[],"product_cat":[41],"product_tag":[],"class_list":{"0":"post-997","1":"product","2":"type-product","3":"status-publish","4":"has-post-thumbnail","6":"product_cat-expositor-de-alimentos","7":"product_shipping_class-hosteleria","9":"first","10":"instock","11":"taxable","12":"shipping-taxable","13":"purchasable","14":"product-type-simple"},"yoast_head":"<!-- This site is optimized with the Yoast SEO Premium plugin v24.9 (Yoast SEO v26.1) - https:\/\/yoast.com\/wordpress\/plugins\/seo\/ -->\n<title>Vitrina expositor caliente normal - distribuci\u00f3n ARC<\/title>\n<meta name=\"robots\" content=\"index, follow, max-snippet:-1, max-image-preview:large, max-video-preview:-1\" \/>\n<link rel=\"canonical\" href=\"https:\/\/distribucionarc.com\/fr\/produit\/fenetre-daffichage-a-chaud\/\" \/>\n<meta property=\"og:locale\" content=\"fr_FR\" \/>\n<meta property=\"og:type\" content=\"article\" \/>\n<meta property=\"og:title\" content=\"Vitrina expositor caliente normal\" \/>\n<meta property=\"og:description\" content=\"Vitrina caliente Expositor de sobremesa de ARC \u2013 600W        La vitrina de exposici\u00f3n caliente de sobremesa de ARC es perfecta para mantener los alimentos calientes y frescos, garantizando una presentaci\u00f3n atractiva. Con una potencia de 600 vatios (W) y fabricada en acero inoxidable 304, apto para el uso alimentario, asegura durabilidad, seguridad y f\u00e1cil limpieza. Sus dimensiones de 61 cent\u00edmetros (cm) x 38 cent\u00edmetros (cm) x 51 cent\u00edmetros (cm) proporcionan el espacio necesario, con dos niveles que permiten una excelente exposici\u00f3n de alimentos. Productos que puedes exhibir en esta vitrina caliente de sobremesa:   Pizzas: Mant\u00e9n porciones individuales de pizza calientes y listas para servir.  Empanadas: Perfectas para mantener crujientes y calientes.  Croissants: Ideal para panader\u00edas y cafeter\u00edas.  Hot dogs: Listos para ser servidos en tiendas de conveniencia o buffets.  Bocadillos: S\u00e1ndwiches y bocadillos calientes, perfectos para cafeter\u00edas.  Hamburguesas: Mant\u00e9n las hamburguesas jugosas y calientes antes de servir.  Panes y boller\u00eda: Exhibe pan reci\u00e9n horneado, manteni\u00e9ndolo caliente.  Carnes asadas: Como pollos asados o costillas, listos para llevar.  Patatas fritas: Mant\u00e9n las patatas crujientes a la temperatura perfecta.  Sectores donde se puede implementar esta vitrina de exposici\u00f3n caliente:   Cafeter\u00edas: Exhibe croissants, bocadillos y hamburguesas calientes.  Panader\u00edas y pasteler\u00edas: Perfecta para productos horneados calientes.  Restaurantes de comida r\u00e1pida: Ideal para hamburguesas, pizzas y otros alimentos calientes.  Hoteles: Perfecta para buffets de desayuno, manteniendo el pan y otros productos calientes.  Supermercados: Para comidas preparadas y listas para llevar.  Estaciones de servicio: Hot dogs, empanadas, y bocadillos calientes listos para el cliente en movimiento.  Catering y eventos: Mant\u00e9n la comida caliente y fresca durante eventos o reuniones.  La vitrina caliente de sobremesa de ARC es una opci\u00f3n ideal para cualquier negocio que busque una soluci\u00f3n profesional para mantener y exhibir alimentos calientes de manera atractiva. Esta vitrina caliente profesional es indispensable para quienes valoran la calidad y el control de temperatura en sus productos.\" \/>\n<meta property=\"og:url\" content=\"https:\/\/distribucionarc.com\/fr\/produit\/fenetre-daffichage-a-chaud\/\" \/>\n<meta property=\"og:site_name\" content=\"distribuci\u00f3n ARC\" \/>\n<meta property=\"article:modified_time\" content=\"2024-09-05T18:13:08+00:00\" \/>\n<meta property=\"og:image\" content=\"https:\/\/distribucionarc.com\/wp-content\/uploads\/2020\/07\/vitrina-expositora-caliente-0.jpg\" \/>\n\t<meta property=\"og:image:width\" content=\"1600\" \/>\n\t<meta property=\"og:image:height\" content=\"1600\" \/>\n\t<meta property=\"og:image:type\" content=\"image\/jpeg\" \/>\n<meta name=\"twitter:card\" content=\"summary_large_image\" \/>\n<meta name=\"twitter:label1\" content=\"Dur\u00e9e de lecture estim\u00e9e\" \/>\n\t<meta name=\"twitter:data1\" content=\"2 minutes\" \/>\n<script type=\"application\/ld+json\" class=\"yoast-schema-graph\">{\"@context\":\"https:\/\/schema.org\",\"@graph\":[{\"@type\":\"WebPage\",\"@id\":\"https:\/\/distribucionarc.com\/producto\/vitrina-expositora-caliente\/\",\"url\":\"https:\/\/distribucionarc.com\/producto\/vitrina-expositora-caliente\/\",\"name\":\"Vitrina expositor caliente normal - distribuci\u00f3n ARC\",\"isPartOf\":{\"@id\":\"https:\/\/www.distribucionarc.com\/de\/#website\"},\"primaryImageOfPage\":{\"@id\":\"https:\/\/distribucionarc.com\/producto\/vitrina-expositora-caliente\/#primaryimage\"},\"image\":{\"@id\":\"https:\/\/distribucionarc.com\/producto\/vitrina-expositora-caliente\/#primaryimage\"},\"thumbnailUrl\":\"https:\/\/distribucionarc.com\/wp-content\/uploads\/2020\/07\/vitrina-expositora-caliente-0.jpg\",\"datePublished\":\"2020-07-15T16:59:51+00:00\",\"dateModified\":\"2024-09-05T18:13:08+00:00\",\"breadcrumb\":{\"@id\":\"https:\/\/distribucionarc.com\/producto\/vitrina-expositora-caliente\/#breadcrumb\"},\"inLanguage\":\"fr-FR\",\"potentialAction\":[{\"@type\":\"ReadAction\",\"target\":[\"https:\/\/distribucionarc.com\/producto\/vitrina-expositora-caliente\/\"]}]},{\"@type\":\"ImageObject\",\"inLanguage\":\"fr-FR\",\"@id\":\"https:\/\/distribucionarc.com\/producto\/vitrina-expositora-caliente\/#primaryimage\",\"url\":\"https:\/\/distribucionarc.com\/wp-content\/uploads\/2020\/07\/vitrina-expositora-caliente-0.jpg\",\"contentUrl\":\"https:\/\/distribucionarc.com\/wp-content\/uploads\/2020\/07\/vitrina-expositora-caliente-0.jpg\",\"width\":1600,\"height\":1600,\"caption\":\"vitrina expositora caliente\"},{\"@type\":\"BreadcrumbList\",\"@id\":\"https:\/\/distribucionarc.com\/producto\/vitrina-expositora-caliente\/#breadcrumb\",\"itemListElement\":[{\"@type\":\"ListItem\",\"position\":1,\"name\":\"Portada\",\"item\":\"https:\/\/www.distribucionarc.com\/en\/\"},{\"@type\":\"ListItem\",\"position\":2,\"name\":\"Products\",\"item\":\"https:\/\/www.distribucionarc.com\/en\/shop\/\"},{\"@type\":\"ListItem\",\"position\":3,\"name\":\"Vitrina expositor caliente normal\"}]},{\"@type\":\"WebSite\",\"@id\":\"https:\/\/www.distribucionarc.com\/de\/#website\",\"url\":\"https:\/\/www.distribucionarc.com\/de\/\",\"name\":\"distribuci\u00f3n ARC\",\"description\":\"Empresa especializada en la fabricaci\u00f3n y distribuci\u00f3n de maquinaria industrial, selladoras de latas, Maquinas de hacer pastillas, Maquinas de cortar carne...\",\"publisher\":{\"@id\":\"https:\/\/www.distribucionarc.com\/de\/#organization\"},\"potentialAction\":[{\"@type\":\"SearchAction\",\"target\":{\"@type\":\"EntryPoint\",\"urlTemplate\":\"https:\/\/www.distribucionarc.com\/de\/?s={search_term_string}\"},\"query-input\":{\"@type\":\"PropertyValueSpecification\",\"valueRequired\":true,\"valueName\":\"search_term_string\"}}],\"inLanguage\":\"fr-FR\"},{\"@type\":\"Organization\",\"@id\":\"https:\/\/www.distribucionarc.com\/de\/#organization\",\"name\":\"Distribuci\u00f3n ARC\",\"url\":\"https:\/\/www.distribucionarc.com\/de\/\",\"logo\":{\"@type\":\"ImageObject\",\"inLanguage\":\"fr-FR\",\"@id\":\"https:\/\/www.distribucionarc.com\/de\/#\/schema\/logo\/image\/\",\"url\":\"https:\/\/distribucionarc.com\/wp-content\/uploads\/2024\/10\/distribucion-ARC-COLOR-SIN-FONDO-e1732295305345.png\",\"contentUrl\":\"https:\/\/distribucionarc.com\/wp-content\/uploads\/2024\/10\/distribucion-ARC-COLOR-SIN-FONDO-e1732295305345.png\",\"width\":1164,\"height\":558,\"caption\":\"Distribuci\u00f3n ARC\"},\"image\":{\"@id\":\"https:\/\/www.distribucionarc.com\/de\/#\/schema\/logo\/image\/\"},\"description\":\"Empresa especializada en la fabricaci\u00f3n y distribuci\u00f3n de maquinaria industrial para los sectores alimentario y farmac\u00e9utico. Nos especializamos en: M\u00e1quinas de cortar carne Fabricaci\u00f3n de comprimidos Sistemas de transporte industrial L\u00edneas de embotellado Dosificadores Y mucho m\u00e1s... Ofrecemos soluciones innovadoras y personalizadas para optimizar los procesos productivos de tu empresa.\",\"email\":\"Admistracion@distribucionarc.com\",\"telephone\":\"+34 643496664\",\"legalName\":\"ARC TECH SOLUTIONS\",\"foundingDate\":\"2024-04-09\",\"vatID\":\"B55480172\",\"numberOfEmployees\":{\"@type\":\"QuantitativeValue\",\"minValue\":\"1\",\"maxValue\":\"10\"}}]}<\/script>\n<!-- \/ Yoast SEO Premium plugin. -->","yoast_head_json":{"title":"Vitrine chaude normale - Distribution ARC","robots":{"index":"index","follow":"follow","max-snippet":"max-snippet:-1","max-image-preview":"max-image-preview:large","max-video-preview":"max-video-preview:-1"},"canonical":"https:\/\/distribucionarc.com\/fr\/produit\/fenetre-daffichage-a-chaud\/","og_locale":"fr_FR","og_type":"article","og_title":"Vitrina expositor caliente normal","og_description":"Vitrina caliente Expositor de sobremesa de ARC \u2013 600W        La vitrina de exposici\u00f3n caliente de sobremesa de ARC es perfecta para mantener los alimentos calientes y frescos, garantizando una presentaci\u00f3n atractiva. Con una potencia de 600 vatios (W) y fabricada en acero inoxidable 304, apto para el uso alimentario, asegura durabilidad, seguridad y f\u00e1cil limpieza. Sus dimensiones de 61 cent\u00edmetros (cm) x 38 cent\u00edmetros (cm) x 51 cent\u00edmetros (cm) proporcionan el espacio necesario, con dos niveles que permiten una excelente exposici\u00f3n de alimentos. Productos que puedes exhibir en esta vitrina caliente de sobremesa:   Pizzas: Mant\u00e9n porciones individuales de pizza calientes y listas para servir.  Empanadas: Perfectas para mantener crujientes y calientes.  Croissants: Ideal para panader\u00edas y cafeter\u00edas.  Hot dogs: Listos para ser servidos en tiendas de conveniencia o buffets.  Bocadillos: S\u00e1ndwiches y bocadillos calientes, perfectos para cafeter\u00edas.  Hamburguesas: Mant\u00e9n las hamburguesas jugosas y calientes antes de servir.  Panes y boller\u00eda: Exhibe pan reci\u00e9n horneado, manteni\u00e9ndolo caliente.  Carnes asadas: Como pollos asados o costillas, listos para llevar.  Patatas fritas: Mant\u00e9n las patatas crujientes a la temperatura perfecta.  Sectores donde se puede implementar esta vitrina de exposici\u00f3n caliente:   Cafeter\u00edas: Exhibe croissants, bocadillos y hamburguesas calientes.  Panader\u00edas y pasteler\u00edas: Perfecta para productos horneados calientes.  Restaurantes de comida r\u00e1pida: Ideal para hamburguesas, pizzas y otros alimentos calientes.  Hoteles: Perfecta para buffets de desayuno, manteniendo el pan y otros productos calientes.  Supermercados: Para comidas preparadas y listas para llevar.  Estaciones de servicio: Hot dogs, empanadas, y bocadillos calientes listos para el cliente en movimiento.  Catering y eventos: Mant\u00e9n la comida caliente y fresca durante eventos o reuniones.  La vitrina caliente de sobremesa de ARC es una opci\u00f3n ideal para cualquier negocio que busque una soluci\u00f3n profesional para mantener y exhibir alimentos calientes de manera atractiva. Esta vitrina caliente profesional es indispensable para quienes valoran la calidad y el control de temperatura en sus productos.","og_url":"https:\/\/distribucionarc.com\/fr\/produit\/fenetre-daffichage-a-chaud\/","og_site_name":"distribuci\u00f3n ARC","article_modified_time":"2024-09-05T18:13:08+00:00","og_image":[{"width":1600,"height":1600,"url":"https:\/\/distribucionarc.com\/wp-content\/uploads\/2020\/07\/vitrina-expositora-caliente-0.jpg","type":"image\/jpeg"}],"twitter_card":"summary_large_image","twitter_misc":{"Dur\u00e9e de lecture estim\u00e9e":"2 minutes"},"schema":{"@context":"https:\/\/schema.org","@graph":[{"@type":"WebPage","@id":"https:\/\/distribucionarc.com\/producto\/vitrina-expositora-caliente\/","url":"https:\/\/distribucionarc.com\/producto\/vitrina-expositora-caliente\/","name":"Vitrine chaude normale - Distribution ARC","isPartOf":{"@id":"https:\/\/www.distribucionarc.com\/de\/#website"},"primaryImageOfPage":{"@id":"https:\/\/distribucionarc.com\/producto\/vitrina-expositora-caliente\/#primaryimage"},"image":{"@id":"https:\/\/distribucionarc.com\/producto\/vitrina-expositora-caliente\/#primaryimage"},"thumbnailUrl":"https:\/\/distribucionarc.com\/wp-content\/uploads\/2020\/07\/vitrina-expositora-caliente-0.jpg","datePublished":"2020-07-15T16:59:51+00:00","dateModified":"2024-09-05T18:13:08+00:00","breadcrumb":{"@id":"https:\/\/distribucionarc.com\/producto\/vitrina-expositora-caliente\/#breadcrumb"},"inLanguage":"fr-FR","potentialAction":[{"@type":"ReadAction","target":["https:\/\/distribucionarc.com\/producto\/vitrina-expositora-caliente\/"]}]},{"@type":"ImageObject","inLanguage":"fr-FR","@id":"https:\/\/distribucionarc.com\/producto\/vitrina-expositora-caliente\/#primaryimage","url":"https:\/\/distribucionarc.com\/wp-content\/uploads\/2020\/07\/vitrina-expositora-caliente-0.jpg","contentUrl":"https:\/\/distribucionarc.com\/wp-content\/uploads\/2020\/07\/vitrina-expositora-caliente-0.jpg","width":1600,"height":1600,"caption":"vitrina expositora caliente"},{"@type":"BreadcrumbList","@id":"https:\/\/distribucionarc.com\/producto\/vitrina-expositora-caliente\/#breadcrumb","itemListElement":[{"@type":"ListItem","position":1,"name":"Portada","item":"https:\/\/www.distribucionarc.com\/en\/"},{"@type":"ListItem","position":2,"name":"Products","item":"https:\/\/www.distribucionarc.com\/en\/shop\/"},{"@type":"ListItem","position":3,"name":"Vitrina expositor caliente normal"}]},{"@type":"WebSite","@id":"https:\/\/www.distribucionarc.com\/de\/#website","url":"https:\/\/www.distribucionarc.com\/de\/","name":"R\u00e9partition de l&#039;ARC","description":"Entreprise sp\u00e9cialis\u00e9e dans la fabrication et la distribution de machines industrielles, scelleuses de bo\u00eetes, machines \u00e0 comprim\u00e9s, machines \u00e0 d\u00e9couper la viande...","publisher":{"@id":"https:\/\/www.distribucionarc.com\/de\/#organization"},"potentialAction":[{"@type":"SearchAction","target":{"@type":"EntryPoint","urlTemplate":"https:\/\/www.distribucionarc.com\/de\/?s={search_term_string}"},"query-input":{"@type":"PropertyValueSpecification","valueRequired":true,"valueName":"search_term_string"}}],"inLanguage":"fr-FR"},{"@type":"Organization","@id":"https:\/\/www.distribucionarc.com\/de\/#organization","name":"Distribution ARC","url":"https:\/\/www.distribucionarc.com\/de\/","logo":{"@type":"ImageObject","inLanguage":"fr-FR","@id":"https:\/\/www.distribucionarc.com\/de\/#\/schema\/logo\/image\/","url":"https:\/\/distribucionarc.com\/wp-content\/uploads\/2024\/10\/distribucion-ARC-COLOR-SIN-FONDO-e1732295305345.png","contentUrl":"https:\/\/distribucionarc.com\/wp-content\/uploads\/2024\/10\/distribucion-ARC-COLOR-SIN-FONDO-e1732295305345.png","width":1164,"height":558,"caption":"Distribuci\u00f3n ARC"},"image":{"@id":"https:\/\/www.distribucionarc.com\/de\/#\/schema\/logo\/image\/"},"description":"Entreprise sp\u00e9cialis\u00e9e dans la fabrication et la distribution de machines industrielles pour les secteurs alimentaire et pharmaceutique. Nous sommes sp\u00e9cialis\u00e9s dans : Machines \u00e0 couper la viande Fabrication de comprim\u00e9s Syst\u00e8mes de transport industriel Lignes d'embouteillage Machines de dosage Et bien plus encore... Nous proposons des solutions innovantes et personnalis\u00e9es pour optimiser les processus de production de votre entreprise.","email":"Admistracion@distribucionarc.com","telephone":"+34 643496664","legalName":"ARC TECH SOLUTIONS","foundingDate":"2024-04-09","vatID":"B55480172","numberOfEmployees":{"@type":"QuantitativeValue","minValue":"1","maxValue":"10"}}]}},"_links":{"self":[{"href":"https:\/\/distribucionarc.com\/fr\/wp-json\/wp\/v2\/product\/997","targetHints":{"allow":["GET"]}}],"collection":[{"href":"https:\/\/distribucionarc.com\/fr\/wp-json\/wp\/v2\/product"}],"about":[{"href":"https:\/\/distribucionarc.com\/fr\/wp-json\/wp\/v2\/types\/product"}],"replies":[{"embeddable":true,"href":"https:\/\/distribucionarc.com\/fr\/wp-json\/wp\/v2\/comments?post=997"}],"version-history":[{"count":0,"href":"https:\/\/distribucionarc.com\/fr\/wp-json\/wp\/v2\/product\/997\/revisions"}],"wp:featuredmedia":[{"embeddable":true,"href":"https:\/\/distribucionarc.com\/fr\/wp-json\/wp\/v2\/media\/1005"}],"wp:attachment":[{"href":"https:\/\/distribucionarc.com\/fr\/wp-json\/wp\/v2\/media?parent=997"}],"wp:term":[{"taxonomy":"product_brand","embeddable":true,"href":"https:\/\/distribucionarc.com\/fr\/wp-json\/wp\/v2\/product_brand?post=997"},{"taxonomy":"product_cat","embeddable":true,"href":"https:\/\/distribucionarc.com\/fr\/wp-json\/wp\/v2\/product_cat?post=997"},{"taxonomy":"product_tag","embeddable":true,"href":"https:\/\/distribucionarc.com\/fr\/wp-json\/wp\/v2\/product_tag?post=997"}],"curies":[{"name":"wp","href":"https:\/\/api.w.org\/{rel}","templated":true}]}}