{"id":68,"date":"2020-04-15T09:20:08","date_gmt":"2020-04-15T09:20:08","guid":{"rendered":"https:\/\/distribucionarc.com\/?page_id=68"},"modified":"2025-04-24T06:55:00","modified_gmt":"2025-04-24T04:55:00","slug":"politika-kolacica","status":"publish","type":"page","link":"https:\/\/distribucionarc.com\/hr\/inicio\/politica-de-cookies\/","title":{"rendered":"politika kola\u010di\u0107a"},"content":{"rendered":"<div data-elementor-type=\"wp-page\" data-elementor-id=\"68\" class=\"elementor elementor-68\" data-elementor-post-type=\"page\">\n\t\t\t\t<div class=\"elementor-element elementor-element-a152b90 wd-section-stretch e-flex e-con-boxed wpr-particle-no wpr-jarallax-no wpr-parallax-no wpr-sticky-section-no e-con e-parent\" data-id=\"a152b90\" data-element_type=\"container\" data-e-type=\"container\" data-settings=\"{&quot;background_background&quot;:&quot;classic&quot;}\">\n\t\t\t\t\t<div class=\"e-con-inner\">\n\t\t<div class=\"elementor-element elementor-element-09d3b2a e-con-full e-flex wpr-particle-no wpr-jarallax-no wpr-parallax-no wpr-sticky-section-no e-con e-child\" data-id=\"09d3b2a\" data-element_type=\"container\" data-e-type=\"container\">\n\t\t\t\t<div class=\"elementor-element elementor-element-c63fd6d elementor-widget elementor-widget-heading\" data-id=\"c63fd6d\" data-element_type=\"widget\" data-e-type=\"widget\" data-widget_type=\"heading.default\">\n\t\t\t\t\t<h2 class=\"elementor-heading-title elementor-size-default\">politika kola\u010di\u0107a<\/h2>\t\t\t\t<\/div>\n\t\t\t\t<\/div>\n\t\t\t\t\t<\/div>\n\t\t\t\t<\/div>\n\t\t<div class=\"wd-negative-gap elementor-element elementor-element-4cdd5007 e-flex e-con-boxed wpr-particle-no wpr-jarallax-no wpr-parallax-no wpr-sticky-section-no e-con e-parent\" data-id=\"4cdd5007\" data-element_type=\"container\" data-e-type=\"container\">\n\t\t\t\t\t<div class=\"e-con-inner\">\n\t\t\t\t<div class=\"elementor-element elementor-element-75fee04d color-scheme-inherit text-left elementor-widget elementor-widget-text-editor\" data-id=\"75fee04d\" data-element_type=\"widget\" data-e-type=\"widget\" data-widget_type=\"text-editor.default\">\n\t\t\t\t\t\t\t\t\t\n<p><strong>Ulaskom na web mjesto DISTRIBUCION ARC, ako ste podesili svoj preglednik da dopu\u0161ta prihva\u0107anje kola\u010di\u0107a, razumijemo da \u017eelite koristiti usluge i proizvode DISTRIBUCION ARC i pristajete na kori\u0161tenje kola\u010di\u0107a ili drugih tehnologija kako bismo vam pru\u017eili \u017eeljenu uslugu.<\/strong><\/p>\n\n<p><strong>\u0160to je kola\u010di\u0107?<\/strong><\/p>\n\n<p>Kola\u010di\u0107 je alfanumeri\u010dki znak koji \u0161alje web stranica i pohranjuje se u korisnikovom pregledniku putem internetskog preglednika kako bi web stranica mogla vidjeti informacije. Kola\u010di\u0107i omogu\u0107uju, na primjer, da se zapamti sadr\u017eaj ko\u0161arice za kupnju, da va\u0161 preglednik zapamti va\u0161e korisni\u010dko ime ili da provede statisti\u010dku analizu za pobolj\u0161anje sadr\u017eaja, usluga i proizvoda DISTRIBUCION ARC.<\/p>\n\n<p>Kako biste se ispravno kretali DISTRIBUCION ARC-om i koristili sve njegove funkcije, morate imati aktivirano prihva\u0107anje kola\u010di\u0107a. Onemogu\u0107avanje kola\u010di\u0107a mo\u017ee zna\u010diti da ne mo\u017eete ispravno koristiti na\u0161u web stranicu.<\/p>\n\n<p><strong>Koje kola\u010di\u0107e koristimo na distribucionarc.com<\/strong><\/p>\n\n<ul class=\"wp-block-list\">\n<li>\u00a0PRIVOLBA \u2013 trajna \u2013 vlastita<\/li>\n<li>\u00a0PHPSESSID \u2013 trajno \u2013 vlastiti<\/li>\n<li>\u00a0ga \u2013 trajno \u2013 tre\u0107a strana\u00a0<\/li>\n<li>\u00a0gat \u2013 trajno \u2013 tre\u0107a strana<\/li>\n<li>\u00a0gid \u2013 trajno \u2013 tre\u0107a strana<\/li>\n<li>\u00a0valuta \u2013 stalna \u2013 vlastita<\/li>\n<li>\u00a0zadano \u2013 trajno \u2013 vlastito<\/li>\n<li>\u00a0jezik \u2013 postojan \u2013 svoj<\/li>\n<\/ul>\n\n<p><strong>Kako aktivirati kola\u010di\u0107e u svom pregledniku?<\/strong><\/p>\n\n<p><strong>MICROSOFT INTERNET EXPLORER<\/strong><\/p>\n\n<p>\u2022 Otvorite izbornik \u201cExtras\u201d i odaberite \u201cInternet Options\u201d.<br \/>\u2022 Pritisnite karticu &quot;Za\u0161tita podataka&quot;.<br \/>\u2022 Pritisnite gumb &quot;Standardno&quot; (ili ru\u010dno idite na opciju &quot;Srednje&quot;) u &quot;Postavke&quot;.<br \/>\u2022 Pritisnite \u00abOK\u00bb.<br \/><br \/><strong>MOZILLA FIREFOX<\/strong><br \/><br \/>\u2022 Otvorite izbornik \u201cExtras\u201d.<br \/>\u2022 Odaberite \u201cPostavke\u201d.<br \/>\u2022 Odaberite simbol \u201cZa\u0161tita podataka\u201d.<br \/>\u2022 Ozna\u010dite potvrdni okvir &quot;Prihvati kola\u010di\u0107e&quot;.<br \/>\u2022 Pritisnite \u201cOK\u201d za spremanje promjena.<br \/><br \/><strong>GOOGLE CHROME<\/strong><br \/><br \/>\u2022 Kliknite na izbornik \u201cExtras\u201d.<br \/>\u2022 Odaberite \u201cPostavke\u201d.<br \/>\u2022 Kliknite karticu &quot;Napredne postavke&quot; ili &quot;Detalji&quot; (ovisno o verziji).<br \/>\u2022 Pod \u201cPrivatnost\u201d kliknite \u201cPostavke sadr\u017eaja...\u201d.<br \/>\u2022 Odaberite opciju \u201cDopusti snimanje lokalnih podataka\u201d.<br \/><br \/><strong>SAFARI<\/strong><br \/><br \/>\u2022 Idite na Safari padaju\u0107i izbornik.<br \/>\u2022 Odaberite \u201cPostavke\u201d.<br \/>\u2022 Odaberite karticu &quot;Za\u0161tita podataka&quot;.<br \/>\u2022 Pod \u201cBlokiraj kola\u010di\u0107e\u201d odaberite \u201cNikad\u201d.<br \/><br \/><strong>Kako mogu onemogu\u0107iti kola\u010di\u0107e u svom pregledniku?<\/strong><br \/><br \/>Funkcija Pomo\u0107 ve\u0107ine preglednika govori vam kako postaviti preglednik da ne prihva\u0107a kola\u010di\u0107e, da vas obavijesti svaki put kada primite novi kola\u010di\u0107, kao i da potpuno onemogu\u0107ite sve kola\u010di\u0107e.<\/p>\n\t\t\t\t\t\t\t\t<\/div>\n\t\t\t\t\t<\/div>\n\t\t\t\t<\/div>\n\t\t\t\t<\/div>","protected":false},"excerpt":{"rendered":"<p>Pravila o kola\u010di\u0107ima Kada posjetite web stranicu DISTRIBUCION ARC, ako ste postavili svoj preglednik da to dopu\u0161ta<\/p>","protected":false},"author":1,"featured_media":0,"parent":45,"menu_order":0,"comment_status":"closed","ping_status":"closed","template":"elementor_header_footer","meta":{"footnotes":""},"class_list":["post-68","page","type-page","status-publish","hentry"],"yoast_head":"<!-- This site is optimized with the Yoast SEO Premium plugin v24.9 (Yoast SEO v26.1) - https:\/\/yoast.com\/wordpress\/plugins\/seo\/ -->\n<title>politica de cookies - distribuci\u00f3n ARC<\/title>\n<meta name=\"robots\" content=\"index, follow, max-snippet:-1, max-image-preview:large, max-video-preview:-1\" \/>\n<link rel=\"canonical\" href=\"https:\/\/distribucionarc.com\/hr\/pocetak\/politika-kolacica\/\" \/>\n<meta property=\"og:locale\" content=\"hr_HR\" \/>\n<meta property=\"og:type\" content=\"article\" \/>\n<meta property=\"og:title\" content=\"politica de cookies\" \/>\n<meta property=\"og:description\" content=\"politica de cookies Al entrar en la p\u00e1gina web de DISTRIBUCION ARC, si usted tiene ajustado su navegador para permitir\" \/>\n<meta property=\"og:url\" content=\"https:\/\/distribucionarc.com\/hr\/pocetak\/politika-kolacica\/\" \/>\n<meta property=\"og:site_name\" content=\"distribuci\u00f3n ARC\" \/>\n<meta property=\"article:modified_time\" content=\"2025-04-24T04:55:00+00:00\" \/>\n<meta property=\"og:image\" content=\"https:\/\/distribucionarc.com\/wp-content\/uploads\/2024\/12\/icono-arc.jpg\" \/>\n\t<meta property=\"og:image:width\" content=\"612\" \/>\n\t<meta property=\"og:image:height\" content=\"792\" \/>\n\t<meta property=\"og:image:type\" content=\"image\/jpeg\" \/>\n<meta name=\"twitter:card\" content=\"summary_large_image\" \/>\n<meta name=\"twitter:label1\" content=\"Procijenjeno vrijeme \u010ditanja\" \/>\n\t<meta name=\"twitter:data1\" content=\"2 minute\" \/>\n<script type=\"application\/ld+json\" class=\"yoast-schema-graph\">{\"@context\":\"https:\/\/schema.org\",\"@graph\":[{\"@type\":\"WebPage\",\"@id\":\"https:\/\/distribucionarc.com\/pt\/inicio\/politica-de-cookies\/\",\"url\":\"https:\/\/distribucionarc.com\/pt\/inicio\/politica-de-cookies\/\",\"name\":\"politica de cookies - distribuci\u00f3n ARC\",\"isPartOf\":{\"@id\":\"https:\/\/jagdesd.tempurl.host\/ar\/#website\"},\"datePublished\":\"2020-04-15T09:20:08+00:00\",\"dateModified\":\"2025-04-24T04:55:00+00:00\",\"breadcrumb\":{\"@id\":\"https:\/\/distribucionarc.com\/pt\/inicio\/politica-de-cookies\/#breadcrumb\"},\"inLanguage\":\"hr\",\"potentialAction\":[{\"@type\":\"ReadAction\",\"target\":[\"https:\/\/distribucionarc.com\/pt\/inicio\/politica-de-cookies\/\"]}]},{\"@type\":\"BreadcrumbList\",\"@id\":\"https:\/\/distribucionarc.com\/pt\/inicio\/politica-de-cookies\/#breadcrumb\",\"itemListElement\":[{\"@type\":\"ListItem\",\"position\":1,\"name\":\"Portada\",\"item\":\"https:\/\/distribucionarc.com\/sk\/\"},{\"@type\":\"ListItem\",\"position\":2,\"name\":\"inicio\",\"item\":\"https:\/\/www.distribucionarc.com\/sk\/inicio\/\"},{\"@type\":\"ListItem\",\"position\":3,\"name\":\"politica de cookies\"}]},{\"@type\":\"WebSite\",\"@id\":\"https:\/\/jagdesd.tempurl.host\/ar\/#website\",\"url\":\"https:\/\/jagdesd.tempurl.host\/ar\/\",\"name\":\"distribuci\u00f3n ARC\",\"description\":\"Empresa especializada en la fabricaci\u00f3n y distribuci\u00f3n de maquinaria industrial, selladoras de latas, Maquinas de hacer pastillas, Maquinas de cortar carne...\",\"publisher\":{\"@id\":\"https:\/\/jagdesd.tempurl.host\/ar\/#organization\"},\"potentialAction\":[{\"@type\":\"SearchAction\",\"target\":{\"@type\":\"EntryPoint\",\"urlTemplate\":\"https:\/\/jagdesd.tempurl.host\/ar\/?s={search_term_string}\"},\"query-input\":{\"@type\":\"PropertyValueSpecification\",\"valueRequired\":true,\"valueName\":\"search_term_string\"}}],\"inLanguage\":\"hr\"},{\"@type\":\"Organization\",\"@id\":\"https:\/\/jagdesd.tempurl.host\/ar\/#organization\",\"name\":\"Distribuci\u00f3n ARC\",\"url\":\"https:\/\/jagdesd.tempurl.host\/ar\/\",\"logo\":{\"@type\":\"ImageObject\",\"inLanguage\":\"hr\",\"@id\":\"https:\/\/jagdesd.tempurl.host\/ar\/#\/schema\/logo\/image\/\",\"url\":\"https:\/\/distribucionarc.com\/wp-content\/uploads\/2024\/10\/distribucion-ARC-COLOR-SIN-FONDO-e1732295305345.png\",\"contentUrl\":\"https:\/\/distribucionarc.com\/wp-content\/uploads\/2024\/10\/distribucion-ARC-COLOR-SIN-FONDO-e1732295305345.png\",\"width\":1164,\"height\":558,\"caption\":\"Distribuci\u00f3n ARC\"},\"image\":{\"@id\":\"https:\/\/jagdesd.tempurl.host\/ar\/#\/schema\/logo\/image\/\"},\"description\":\"Empresa especializada en la fabricaci\u00f3n y distribuci\u00f3n de maquinaria industrial para los sectores alimentario y farmac\u00e9utico. Nos especializamos en: M\u00e1quinas de cortar carne Fabricaci\u00f3n de comprimidos Sistemas de transporte industrial L\u00edneas de embotellado Dosificadores Y mucho m\u00e1s... Ofrecemos soluciones innovadoras y personalizadas para optimizar los procesos productivos de tu empresa.\",\"email\":\"Admistracion@distribucionarc.com\",\"telephone\":\"+34 643496664\",\"legalName\":\"ARC TECH SOLUTIONS\",\"foundingDate\":\"2024-04-09\",\"vatID\":\"B55480172\",\"numberOfEmployees\":{\"@type\":\"QuantitativeValue\",\"minValue\":\"1\",\"maxValue\":\"10\"}}]}<\/script>\n<!-- \/ Yoast SEO Premium plugin. -->","yoast_head_json":{"title":"politika kola\u010di\u0107a - ARC distribucija","robots":{"index":"index","follow":"follow","max-snippet":"max-snippet:-1","max-image-preview":"max-image-preview:large","max-video-preview":"max-video-preview:-1"},"canonical":"https:\/\/distribucionarc.com\/hr\/pocetak\/politika-kolacica\/","og_locale":"hr_HR","og_type":"article","og_title":"politica de cookies","og_description":"politica de cookies Al entrar en la p\u00e1gina web de DISTRIBUCION ARC, si usted tiene ajustado su navegador para permitir","og_url":"https:\/\/distribucionarc.com\/hr\/pocetak\/politika-kolacica\/","og_site_name":"distribuci\u00f3n ARC","article_modified_time":"2025-04-24T04:55:00+00:00","og_image":[{"width":612,"height":792,"url":"https:\/\/distribucionarc.com\/wp-content\/uploads\/2024\/12\/icono-arc.jpg","type":"image\/jpeg"}],"twitter_card":"summary_large_image","twitter_misc":{"Procijenjeno vrijeme \u010ditanja":"2 minute"},"schema":{"@context":"https:\/\/schema.org","@graph":[{"@type":"WebPage","@id":"https:\/\/distribucionarc.com\/pt\/inicio\/politica-de-cookies\/","url":"https:\/\/distribucionarc.com\/pt\/inicio\/politica-de-cookies\/","name":"politika kola\u010di\u0107a - ARC distribucija","isPartOf":{"@id":"https:\/\/jagdesd.tempurl.host\/ar\/#website"},"datePublished":"2020-04-15T09:20:08+00:00","dateModified":"2025-04-24T04:55:00+00:00","breadcrumb":{"@id":"https:\/\/distribucionarc.com\/pt\/inicio\/politica-de-cookies\/#breadcrumb"},"inLanguage":"hr","potentialAction":[{"@type":"ReadAction","target":["https:\/\/distribucionarc.com\/pt\/inicio\/politica-de-cookies\/"]}]},{"@type":"BreadcrumbList","@id":"https:\/\/distribucionarc.com\/pt\/inicio\/politica-de-cookies\/#breadcrumb","itemListElement":[{"@type":"ListItem","position":1,"name":"Portada","item":"https:\/\/distribucionarc.com\/sk\/"},{"@type":"ListItem","position":2,"name":"inicio","item":"https:\/\/www.distribucionarc.com\/sk\/inicio\/"},{"@type":"ListItem","position":3,"name":"politica de cookies"}]},{"@type":"WebSite","@id":"https:\/\/jagdesd.tempurl.host\/ar\/#website","url":"https:\/\/jagdesd.tempurl.host\/ar\/","name":"ARC distribucija","description":"Tvrtka specijalizirana za proizvodnju i distribuciju industrijskih strojeva, strojeva za zatvaranje limenki, strojeva za izradu pilula, strojeva za rezanje mesa itd.","publisher":{"@id":"https:\/\/jagdesd.tempurl.host\/ar\/#organization"},"potentialAction":[{"@type":"SearchAction","target":{"@type":"EntryPoint","urlTemplate":"https:\/\/jagdesd.tempurl.host\/ar\/?s={search_term_string}"},"query-input":{"@type":"PropertyValueSpecification","valueRequired":true,"valueName":"search_term_string"}}],"inLanguage":"hr"},{"@type":"Organization","@id":"https:\/\/jagdesd.tempurl.host\/ar\/#organization","name":"ARC distribucija","url":"https:\/\/jagdesd.tempurl.host\/ar\/","logo":{"@type":"ImageObject","inLanguage":"hr","@id":"https:\/\/jagdesd.tempurl.host\/ar\/#\/schema\/logo\/image\/","url":"https:\/\/distribucionarc.com\/wp-content\/uploads\/2024\/10\/distribucion-ARC-COLOR-SIN-FONDO-e1732295305345.png","contentUrl":"https:\/\/distribucionarc.com\/wp-content\/uploads\/2024\/10\/distribucion-ARC-COLOR-SIN-FONDO-e1732295305345.png","width":1164,"height":558,"caption":"Distribuci\u00f3n ARC"},"image":{"@id":"https:\/\/jagdesd.tempurl.host\/ar\/#\/schema\/logo\/image\/"},"description":"Tvrtka specijalizirana za proizvodnju i distribuciju industrijskih strojeva za prehrambeni i farmaceutski sektor. Specijalizirani smo za: Strojeve za rezanje mesa Proizvodnja tableta Industrijske transportne sustave Linije za punjenje Strojevi za doziranje I jo\u0161 mnogo toga... Nudimo inovativna i prilago\u0111ena rje\u0161enja za optimizaciju proizvodnih procesa Va\u0161e tvrtke.","email":"Admistracion@distribucionarc.com","telephone":"+34 643496664","legalName":"ARC TECH SOLUTIONS","foundingDate":"2024-04-09","vatID":"B55480172","numberOfEmployees":{"@type":"QuantitativeValue","minValue":"1","maxValue":"10"}}]}},"_links":{"self":[{"href":"https:\/\/distribucionarc.com\/hr\/wp-json\/wp\/v2\/pages\/68","targetHints":{"allow":["GET"]}}],"collection":[{"href":"https:\/\/distribucionarc.com\/hr\/wp-json\/wp\/v2\/pages"}],"about":[{"href":"https:\/\/distribucionarc.com\/hr\/wp-json\/wp\/v2\/types\/page"}],"author":[{"embeddable":true,"href":"https:\/\/distribucionarc.com\/hr\/wp-json\/wp\/v2\/users\/1"}],"replies":[{"embeddable":true,"href":"https:\/\/distribucionarc.com\/hr\/wp-json\/wp\/v2\/comments?post=68"}],"version-history":[{"count":4,"href":"https:\/\/distribucionarc.com\/hr\/wp-json\/wp\/v2\/pages\/68\/revisions"}],"predecessor-version":[{"id":16303,"href":"https:\/\/distribucionarc.com\/hr\/wp-json\/wp\/v2\/pages\/68\/revisions\/16303"}],"up":[{"embeddable":true,"href":"https:\/\/distribucionarc.com\/hr\/wp-json\/wp\/v2\/pages\/45"}],"wp:attachment":[{"href":"https:\/\/distribucionarc.com\/hr\/wp-json\/wp\/v2\/media?parent=68"}],"curies":[{"name":"radni list","href":"https:\/\/api.w.org\/{rel}","templated":true}]}}