{"id":71,"date":"2020-04-15T09:30:06","date_gmt":"2020-04-15T09:30:06","guid":{"rendered":"https:\/\/distribucionarc.com\/?page_id=71"},"modified":"2025-04-25T07:08:47","modified_gmt":"2025-04-25T05:08:47","slug":"politika-privatnosti","status":"publish","type":"page","link":"https:\/\/distribucionarc.com\/hr\/politica-de-privacidad\/","title":{"rendered":"Politika privatnosti"},"content":{"rendered":"<div data-elementor-type=\"wp-page\" data-elementor-id=\"71\" class=\"elementor elementor-71\" data-elementor-post-type=\"page\">\n\t\t\t\t<div class=\"elementor-element elementor-element-55ddc61 wd-section-stretch e-flex e-con-boxed wpr-particle-no wpr-jarallax-no wpr-parallax-no wpr-sticky-section-no e-con e-parent\" data-id=\"55ddc61\" data-element_type=\"container\" data-e-type=\"container\" data-settings=\"{&quot;background_background&quot;:&quot;classic&quot;}\">\n\t\t\t\t\t<div class=\"e-con-inner\">\n\t\t<div class=\"elementor-element elementor-element-5745e6e e-con-full e-flex wpr-particle-no wpr-jarallax-no wpr-parallax-no wpr-sticky-section-no e-con e-child\" data-id=\"5745e6e\" data-element_type=\"container\" data-e-type=\"container\">\n\t\t\t\t<div class=\"elementor-element elementor-element-05ceda0 elementor-widget elementor-widget-heading\" data-id=\"05ceda0\" data-element_type=\"widget\" data-e-type=\"widget\" data-widget_type=\"heading.default\">\n\t\t\t\t\t<h2 class=\"elementor-heading-title elementor-size-default\">Politika privatnosti<\/h2>\t\t\t\t<\/div>\n\t\t\t\t<\/div>\n\t\t\t\t\t<\/div>\n\t\t\t\t<\/div>\n\t\t<div class=\"wd-negative-gap elementor-element elementor-element-428fd617 e-flex e-con-boxed wpr-particle-no wpr-jarallax-no wpr-parallax-no wpr-sticky-section-no e-con e-parent\" data-id=\"428fd617\" data-element_type=\"container\" data-e-type=\"container\">\n\t\t\t\t\t<div class=\"e-con-inner\">\n\t\t\t\t<div class=\"elementor-element elementor-element-8a7b043 color-scheme-inherit text-left elementor-widget elementor-widget-text-editor\" data-id=\"8a7b043\" data-element_type=\"widget\" data-e-type=\"widget\" data-widget_type=\"text-editor.default\">\n\t\t\t\t\t\t\t\t\t\n<h2 class=\"wp-block-heading\">Prethodna preporuka<\/h2>\n\n<p>\u017delimo vam dobrodo\u0161licu na ovu web stranicu i preporu\u010dujemo da pro\u010ditate na\u0161u Politiku privatnosti. Ovo opisuje na\u010din na koji\u00a0 <strong>DISTRIBUCIONARC.COM<\/strong> \u00a0prikuplja i koristi podatke o svojim klijentima, korisnicima i pretplatnicima ove web stranice.\u00a0<\/p>\n\n<p><strong>DISTRIBUCIONARC.COM<\/strong> s B55480172 i adresom C\/CASTELL N1 46970 ALAQUAS (VALENCIA), kao odgovorna za obradu Va\u0161ih podataka, obra\u0111uje Va\u0161e podatke putem ove web stranice gdje se osobni podaci korisnika po\u0161tuju i vodi ra\u010duna. Kao korisnik trebali biste znati da su va\u0161a prava zajam\u010dena.<\/p>\n\n<p>Potrebno je upozoriti da ova Pravila privatnosti mogu varirati ovisno o zakonskim ili samoregulacijskim zahtjevima, stoga se korisnicima savjetuje da ih povremeno posje\u0107uju. Bit \u0107e primjenjiv ako korisnici odlu\u010de ispuniti bilo koji od svojih kontakt obrazaca gdje se prikupljaju osobni podaci.<\/p>\n\n<p>Pravni propisi s kojima je ova Politika privatnosti uskla\u0111ena<\/p>\n\n<ul class=\"wp-block-list\">\n<li>On\u00a0<strong>GDPR (Uredba (EU) 2016\/679 Europskog parlamenta i Vije\u0107a od 27. travnja 2016. o za\u0161titi fizi\u010dkih osoba)<\/strong>, \u0161to je nova regulativa Europske unije koja objedinjuje regulativu obrade osobnih podataka u razli\u010ditim zemljama EU.<\/li>\n\n<li>The\u00a0<strong>LOPD (Organski zakon 03\/2018, od 5. prosinca o za\u0161titi podataka i jamstvu digitalnih prava).<\/strong><\/li>\n\n<li>The\u00a0<strong>LSSI ili LSSICE (Zakon 34\/2002, od 11. srpnja, o uslugama informacijskog dru\u0161tva i elektroni\u010dkoj trgovini)<\/strong>, koji regulira gospodarske transakcije elektroni\u010dkim putem, kao \u0161to je slu\u010daj ove web stranice.<\/li>\n<\/ul>\n\n<p>Svrhe lije\u010denja<\/p>\n\n<p>U slu\u010daju upita i prijedloga, putem postoje\u0107ih rubrika za tu svrhu, informacije \u0107e se koristiti isklju\u010divo za odgovor na postavljena pitanja.<\/p>\n\n<p>Osim u poljima gdje je izri\u010dito druga\u010dije navedeno, dostava informacija potrebnih u obrascima zahtjeva za podatke obavezna je za ispravno upravljanje zahtjevima, upitima i prijedlozima koje postavljate. Neispunjavanje polja koja su odre\u0111ena kao obvezna ili uno\u0161enje neto\u010dnih podataka onemogu\u0107it \u0107e\u00a0<strong>RASPODJELA LUKA<\/strong>\u00a0mo\u017ee njima ispravno upravljati.<\/p>\n\n<p>Legitimacija za lije\u010denje<\/p>\n\n<p>Kada nas kontaktira putem na\u0161e web stranice, Korisnik izjavljuje da je upoznat s uvjetima za\u0161tite osobnih podataka, prihva\u0107a i pristaje na obradu istih od strane nas.\u00a0 <strong>RASPODJELA LUKA<\/strong> \u00a0na na\u010din i u nazna\u010dene svrhe.<\/p>\n\n<p>\u010cuvanje i prijenos podataka<\/p>\n\n<p>Navedeni podaci \u0107e se \u010duvati sve dok se poslovni odnos odr\u017eava ili tijekom godina potrebnih za ispunjavanje zakonskih obveza.<\/p>\n\n<p>Podaci se ne\u0107e prenositi tre\u0107im stranama osim u slu\u010dajevima kada postoji zakonska obveza.\u00a0 <strong>RASPODJELA LUKA<\/strong> \u00a0ne prodaje, iznajmljuje ili prenosi osobne podatke koji bi mogli identificirati korisnika, niti \u0107e to \u010diniti ubudu\u0107e, tre\u0107im osobama bez prethodne suglasnosti. Me\u0111utim, u nekim slu\u010dajevima mo\u017ee se ostvariti suradnja s drugim stru\u010dnjacima za organiziranje obuke ili pru\u017eanje usluga. U tim slu\u010dajevima bit \u0107e potrebna suglasnost korisnika, koja \u0107e ih informirati o identitetu suradnika i svrsi suradnje. Uvijek \u0107e se provoditi uz najstro\u017ee sigurnosne standarde.<\/p>\n\n<p>Ostvarivanje prava na za\u0161titu podataka<\/p>\n\n<p>Korisnik mo\u017ee usmjeravati svoju komunikaciju i ostvarivati prava pristupa, ispravka, brisanja i prigovora, kao i ograni\u010denja obrade i prenosivosti podataka putem po\u0161te na\u00a0<strong>CARRER CASTELL N1 46970 ALAQUAS (VALENCIJA)<\/strong>, ili na e-po\u0161tu: rgpd@distribucionarc.com zajedno s va\u017ee\u0107om identifikacijom, kao \u0161to je fotokopija DNI ili ekvivalenta, s naznakom u predmetu &quot;ZA\u0160TITA PODATAKA&quot;.<\/p>\n\n<p>Usluge tre\u0107ih strana koje koristim na ovoj web stranici<\/p>\n\n<ul class=\"wp-block-list\">\n<li><strong>Hosting: strato<\/strong><\/li>\n\n<li><strong>Web platforma: wordpress<\/strong><\/li>\n\n<li><strong>Google Analytics<\/strong><\/li>\n<\/ul>\n\n<p>Korisnici se u bilo kojem trenutku mogu odjaviti s usluga koje pru\u017ea <strong>DISTRIBUCIONARC.COM<\/strong> isti Newsletter. U skladu s va\u017ee\u0107im propisima o za\u0161titi osobnih podataka, pretplatom na ovaj blog i komentarom na bilo kojoj stranici i\/ili unosu, korisnik pristaje:<\/p>\n\n<h2 class=\"wp-block-heading\">To\u010dnost i istinitost podataka<\/h2>\n\n<p>Korisnik je isklju\u010divo odgovoran za istinitost i to\u010dnost podataka koje \u0161alje\u00a0 <strong>DISTRIBUCIONARC.COM<\/strong> \u00a0osloba\u0111aju\u0107i Davatelja svake odgovornosti u tom pogledu. Korisnici jam\u010de i u svakom slu\u010daju odgovaraju za to\u010dnost, valjanost i vjerodostojnost dostavljenih osobnih podataka te se obvezuju da \u0107e iste redovito a\u017eurirati. Korisnik je suglasan dati potpune i to\u010dne podatke u obrascu za kontakt ili pretplatu.<\/p>\n\n<h2 class=\"wp-block-heading\">Promjene ove politike privatnosti<\/h2>\n\n<p><strong>RASPODJELA LUKA<\/strong>\u00a0zadr\u017eava pravo izmjene ove politike kako bi je prilagodio razvoju zakonodavstva ili sudske prakse, kao i praksi u industriji. U takvim slu\u010dajevima, Davatelj \u0107e objaviti promjene uvedene na ovoj stranici uz razumnu prethodnu obavijest o njihovoj provedbi.<\/p>\n\t\t\t\t\t\t\t\t<\/div>\n\t\t\t\t\t<\/div>\n\t\t\t\t<\/div>\n\t\t\t\t<\/div>","protected":false},"excerpt":{"rendered":"<p>Pravila o privatnosti Prethodna preporuka Dobrodo\u0161li na ovu web stranicu i preporu\u010dujemo da pro\u010ditate na\u0161a pravila o privatnosti.<\/p>","protected":false},"author":1,"featured_media":0,"parent":0,"menu_order":0,"comment_status":"closed","ping_status":"closed","template":"elementor_header_footer","meta":{"footnotes":""},"class_list":["post-71","page","type-page","status-publish","hentry"],"yoast_head":"<!-- This site is optimized with the Yoast SEO Premium plugin v24.9 (Yoast SEO v26.1) - https:\/\/yoast.com\/wordpress\/plugins\/seo\/ -->\n<title>politica de privacidad - distribuci\u00f3n ARC<\/title>\n<meta name=\"robots\" content=\"index, follow, max-snippet:-1, max-image-preview:large, max-video-preview:-1\" \/>\n<link rel=\"canonical\" href=\"https:\/\/www.distribucionarc.com\/hr\/politica-de-privacidad\/\" \/>\n<meta property=\"og:locale\" content=\"hr_HR\" \/>\n<meta property=\"og:type\" content=\"article\" \/>\n<meta property=\"og:title\" content=\"politica de privacidad\" \/>\n<meta property=\"og:description\" content=\"politica de privacidad Recomendaci\u00f3n previa Les damos la bienvenida a esta web y les recomendamos que lean nuestra pol\u00edtica de\" \/>\n<meta property=\"og:url\" content=\"https:\/\/www.distribucionarc.com\/hr\/politica-de-privacidad\/\" \/>\n<meta property=\"og:site_name\" content=\"distribuci\u00f3n ARC\" \/>\n<meta property=\"article:modified_time\" content=\"2025-04-25T05:08:47+00:00\" \/>\n<meta property=\"og:image\" content=\"https:\/\/distribucionarc.com\/wp-content\/uploads\/2024\/12\/icono-arc.jpg\" \/>\n\t<meta property=\"og:image:width\" content=\"612\" \/>\n\t<meta property=\"og:image:height\" content=\"792\" \/>\n\t<meta property=\"og:image:type\" content=\"image\/jpeg\" \/>\n<meta name=\"twitter:card\" content=\"summary_large_image\" \/>\n<meta name=\"twitter:label1\" content=\"Procijenjeno vrijeme \u010ditanja\" \/>\n\t<meta name=\"twitter:data1\" content=\"4 minute\" \/>\n<script type=\"application\/ld+json\" class=\"yoast-schema-graph\">{\"@context\":\"https:\/\/schema.org\",\"@graph\":[{\"@type\":\"WebPage\",\"@id\":\"https:\/\/www.distribucionarc.com\/hr\/politica-de-privacidad\/\",\"url\":\"https:\/\/www.distribucionarc.com\/hr\/politica-de-privacidad\/\",\"name\":\"politica de privacidad - distribuci\u00f3n ARC\",\"isPartOf\":{\"@id\":\"https:\/\/www.distribucionarc.com\/sl\/#website\"},\"datePublished\":\"2020-04-15T09:30:06+00:00\",\"dateModified\":\"2025-04-25T05:08:47+00:00\",\"breadcrumb\":{\"@id\":\"https:\/\/www.distribucionarc.com\/hr\/politica-de-privacidad\/#breadcrumb\"},\"inLanguage\":\"hr\",\"potentialAction\":[{\"@type\":\"ReadAction\",\"target\":[\"https:\/\/www.distribucionarc.com\/hr\/politica-de-privacidad\/\"]}]},{\"@type\":\"BreadcrumbList\",\"@id\":\"https:\/\/www.distribucionarc.com\/hr\/politica-de-privacidad\/#breadcrumb\",\"itemListElement\":[{\"@type\":\"ListItem\",\"position\":1,\"name\":\"Portada\",\"item\":\"https:\/\/www.distribucionarc.com\/\"},{\"@type\":\"ListItem\",\"position\":2,\"name\":\"politica de privacidad\"}]},{\"@type\":\"WebSite\",\"@id\":\"https:\/\/www.distribucionarc.com\/sl\/#website\",\"url\":\"https:\/\/www.distribucionarc.com\/sl\/\",\"name\":\"distribuci\u00f3n ARC\",\"description\":\"Empresa especializada en la fabricaci\u00f3n y distribuci\u00f3n de maquinaria industrial, selladoras de latas, Maquinas de hacer pastillas, Maquinas de cortar carne...\",\"publisher\":{\"@id\":\"https:\/\/www.distribucionarc.com\/sl\/#organization\"},\"potentialAction\":[{\"@type\":\"SearchAction\",\"target\":{\"@type\":\"EntryPoint\",\"urlTemplate\":\"https:\/\/www.distribucionarc.com\/sl\/?s={search_term_string}\"},\"query-input\":{\"@type\":\"PropertyValueSpecification\",\"valueRequired\":true,\"valueName\":\"search_term_string\"}}],\"inLanguage\":\"hr\"},{\"@type\":\"Organization\",\"@id\":\"https:\/\/www.distribucionarc.com\/sl\/#organization\",\"name\":\"Distribuci\u00f3n ARC\",\"url\":\"https:\/\/www.distribucionarc.com\/sl\/\",\"logo\":{\"@type\":\"ImageObject\",\"inLanguage\":\"hr\",\"@id\":\"https:\/\/www.distribucionarc.com\/sl\/#\/schema\/logo\/image\/\",\"url\":\"https:\/\/distribucionarc.com\/wp-content\/uploads\/2024\/10\/distribucion-ARC-COLOR-SIN-FONDO-e1732295305345.png\",\"contentUrl\":\"https:\/\/distribucionarc.com\/wp-content\/uploads\/2024\/10\/distribucion-ARC-COLOR-SIN-FONDO-e1732295305345.png\",\"width\":1164,\"height\":558,\"caption\":\"Distribuci\u00f3n ARC\"},\"image\":{\"@id\":\"https:\/\/www.distribucionarc.com\/sl\/#\/schema\/logo\/image\/\"},\"description\":\"Empresa especializada en la fabricaci\u00f3n y distribuci\u00f3n de maquinaria industrial para los sectores alimentario y farmac\u00e9utico. Nos especializamos en: M\u00e1quinas de cortar carne Fabricaci\u00f3n de comprimidos Sistemas de transporte industrial L\u00edneas de embotellado Dosificadores Y mucho m\u00e1s... Ofrecemos soluciones innovadoras y personalizadas para optimizar los procesos productivos de tu empresa.\",\"email\":\"Admistracion@distribucionarc.com\",\"telephone\":\"+34 643496664\",\"legalName\":\"ARC TECH SOLUTIONS\",\"foundingDate\":\"2024-04-09\",\"vatID\":\"B55480172\",\"numberOfEmployees\":{\"@type\":\"QuantitativeValue\",\"minValue\":\"1\",\"maxValue\":\"10\"}}]}<\/script>\n<!-- \/ Yoast SEO Premium plugin. -->","yoast_head_json":{"title":"politika privatnosti - ARC distribucija","robots":{"index":"index","follow":"follow","max-snippet":"max-snippet:-1","max-image-preview":"max-image-preview:large","max-video-preview":"max-video-preview:-1"},"canonical":"https:\/\/www.distribucionarc.com\/hr\/politica-de-privacidad\/","og_locale":"hr_HR","og_type":"article","og_title":"politica de privacidad","og_description":"politica de privacidad Recomendaci\u00f3n previa Les damos la bienvenida a esta web y les recomendamos que lean nuestra pol\u00edtica de","og_url":"https:\/\/www.distribucionarc.com\/hr\/politica-de-privacidad\/","og_site_name":"distribuci\u00f3n ARC","article_modified_time":"2025-04-25T05:08:47+00:00","og_image":[{"width":612,"height":792,"url":"https:\/\/distribucionarc.com\/wp-content\/uploads\/2024\/12\/icono-arc.jpg","type":"image\/jpeg"}],"twitter_card":"summary_large_image","twitter_misc":{"Procijenjeno vrijeme \u010ditanja":"4 minute"},"schema":{"@context":"https:\/\/schema.org","@graph":[{"@type":"WebPage","@id":"https:\/\/www.distribucionarc.com\/hr\/politica-de-privacidad\/","url":"https:\/\/www.distribucionarc.com\/hr\/politica-de-privacidad\/","name":"politika privatnosti - ARC distribucija","isPartOf":{"@id":"https:\/\/www.distribucionarc.com\/sl\/#website"},"datePublished":"2020-04-15T09:30:06+00:00","dateModified":"2025-04-25T05:08:47+00:00","breadcrumb":{"@id":"https:\/\/www.distribucionarc.com\/hr\/politica-de-privacidad\/#breadcrumb"},"inLanguage":"hr","potentialAction":[{"@type":"ReadAction","target":["https:\/\/www.distribucionarc.com\/hr\/politica-de-privacidad\/"]}]},{"@type":"BreadcrumbList","@id":"https:\/\/www.distribucionarc.com\/hr\/politica-de-privacidad\/#breadcrumb","itemListElement":[{"@type":"ListItem","position":1,"name":"Portada","item":"https:\/\/www.distribucionarc.com\/"},{"@type":"ListItem","position":2,"name":"politica de privacidad"}]},{"@type":"WebSite","@id":"https:\/\/www.distribucionarc.com\/sl\/#website","url":"https:\/\/www.distribucionarc.com\/sl\/","name":"ARC distribucija","description":"Tvrtka specijalizirana za proizvodnju i distribuciju industrijskih strojeva, strojeva za zatvaranje limenki, strojeva za izradu pilula, strojeva za rezanje mesa itd.","publisher":{"@id":"https:\/\/www.distribucionarc.com\/sl\/#organization"},"potentialAction":[{"@type":"SearchAction","target":{"@type":"EntryPoint","urlTemplate":"https:\/\/www.distribucionarc.com\/sl\/?s={search_term_string}"},"query-input":{"@type":"PropertyValueSpecification","valueRequired":true,"valueName":"search_term_string"}}],"inLanguage":"hr"},{"@type":"Organization","@id":"https:\/\/www.distribucionarc.com\/sl\/#organization","name":"ARC distribucija","url":"https:\/\/www.distribucionarc.com\/sl\/","logo":{"@type":"ImageObject","inLanguage":"hr","@id":"https:\/\/www.distribucionarc.com\/sl\/#\/schema\/logo\/image\/","url":"https:\/\/distribucionarc.com\/wp-content\/uploads\/2024\/10\/distribucion-ARC-COLOR-SIN-FONDO-e1732295305345.png","contentUrl":"https:\/\/distribucionarc.com\/wp-content\/uploads\/2024\/10\/distribucion-ARC-COLOR-SIN-FONDO-e1732295305345.png","width":1164,"height":558,"caption":"Distribuci\u00f3n ARC"},"image":{"@id":"https:\/\/www.distribucionarc.com\/sl\/#\/schema\/logo\/image\/"},"description":"Tvrtka specijalizirana za proizvodnju i distribuciju industrijskih strojeva za prehrambeni i farmaceutski sektor. Specijalizirani smo za: Strojeve za rezanje mesa Proizvodnja tableta Industrijske transportne sustave Linije za punjenje Strojevi za doziranje I jo\u0161 mnogo toga... Nudimo inovativna i prilago\u0111ena rje\u0161enja za optimizaciju proizvodnih procesa Va\u0161e tvrtke.","email":"Admistracion@distribucionarc.com","telephone":"+34 643496664","legalName":"ARC TECH SOLUTIONS","foundingDate":"2024-04-09","vatID":"B55480172","numberOfEmployees":{"@type":"QuantitativeValue","minValue":"1","maxValue":"10"}}]}},"_links":{"self":[{"href":"https:\/\/distribucionarc.com\/hr\/wp-json\/wp\/v2\/pages\/71","targetHints":{"allow":["GET"]}}],"collection":[{"href":"https:\/\/distribucionarc.com\/hr\/wp-json\/wp\/v2\/pages"}],"about":[{"href":"https:\/\/distribucionarc.com\/hr\/wp-json\/wp\/v2\/types\/page"}],"author":[{"embeddable":true,"href":"https:\/\/distribucionarc.com\/hr\/wp-json\/wp\/v2\/users\/1"}],"replies":[{"embeddable":true,"href":"https:\/\/distribucionarc.com\/hr\/wp-json\/wp\/v2\/comments?post=71"}],"version-history":[{"count":5,"href":"https:\/\/distribucionarc.com\/hr\/wp-json\/wp\/v2\/pages\/71\/revisions"}],"predecessor-version":[{"id":16724,"href":"https:\/\/distribucionarc.com\/hr\/wp-json\/wp\/v2\/pages\/71\/revisions\/16724"}],"wp:attachment":[{"href":"https:\/\/distribucionarc.com\/hr\/wp-json\/wp\/v2\/media?parent=71"}],"curies":[{"name":"radni list","href":"https:\/\/api.w.org\/{rel}","templated":true}]}}