{"id":74,"date":"2020-04-15T09:38:42","date_gmt":"2020-04-15T09:38:42","guid":{"rendered":"https:\/\/distribucionarc.com\/?page_id=74"},"modified":"2025-05-06T15:58:50","modified_gmt":"2025-05-06T13:58:50","slug":"pravno-upozorenje","status":"publish","type":"page","link":"https:\/\/distribucionarc.com\/hr\/inicio\/aviso-legal\/","title":{"rendered":"pravna obavijest"},"content":{"rendered":"<div data-elementor-type=\"wp-page\" data-elementor-id=\"74\" class=\"elementor elementor-74\" data-elementor-post-type=\"page\">\n\t\t\t\t<div class=\"elementor-element elementor-element-17a78b4 wd-section-stretch e-flex e-con-boxed wpr-particle-no wpr-jarallax-no wpr-parallax-no wpr-sticky-section-no e-con e-parent\" data-id=\"17a78b4\" data-element_type=\"container\" data-e-type=\"container\" data-settings=\"{&quot;background_background&quot;:&quot;classic&quot;}\">\n\t\t\t\t\t<div class=\"e-con-inner\">\n\t\t<div class=\"elementor-element elementor-element-8e49855 e-con-full e-flex wpr-particle-no wpr-jarallax-no wpr-parallax-no wpr-sticky-section-no e-con e-child\" data-id=\"8e49855\" data-element_type=\"container\" data-e-type=\"container\">\n\t\t\t\t<div class=\"elementor-element elementor-element-3d3bbd4 elementor-widget elementor-widget-heading\" data-id=\"3d3bbd4\" data-element_type=\"widget\" data-e-type=\"widget\" data-widget_type=\"heading.default\">\n\t\t\t\t\t<h2 class=\"elementor-heading-title elementor-size-default\">pravna obavijest<\/h2>\t\t\t\t<\/div>\n\t\t\t\t<\/div>\n\t\t\t\t\t<\/div>\n\t\t\t\t<\/div>\n\t\t<div class=\"elementor-element elementor-element-7cdcae67 e-flex e-con-boxed wpr-particle-no wpr-jarallax-no wpr-parallax-no wpr-sticky-section-no e-con e-parent\" data-id=\"7cdcae67\" data-element_type=\"container\" data-e-type=\"container\">\n\t\t\t\t\t<div class=\"e-con-inner\">\n\t\t\t\t<div class=\"elementor-element elementor-element-fa54b7a color-scheme-inherit text-left elementor-widget elementor-widget-text-editor\" data-id=\"fa54b7a\" data-element_type=\"widget\" data-e-type=\"widget\" data-widget_type=\"text-editor.default\">\n\t\t\t\t\t\t\t\t\t\n<p>Podaci o prodava\u010du<\/p>\n\n<p>Vlasnik: ARC TECH SOLUTIONS SL<\/p>\n\n<p>Adresa: Carrer Castell N1 Bajo Left 46970 Alaquas (Valencia)<\/p>\n\n<p>NIF: B55480172<\/p>\n\n<p>\u00a0<\/p>\n\n<p>E-mail: info@distribucionarc.com<\/p>\n\n<p>Telefon: +34 643496664<\/p>\n\n<p>Klijent (u daljnjem tekstu \u201e<strong>Kupac<\/strong>&quot;) koja pristupa web stranici (&quot;<strong>Web stranica<\/strong>&quot;) u vlasni\u0161tvu DISTRIBUCION ARC. (&quot;<strong>Dru\u0161tvo<\/strong>&quot;), registrirati se ili kupiti proizvode putem web-mjesta, suglasni ste podnijeti ovu Pravnu obavijest i Op\u0107e uvjete kako su napisani u trenutku kada pristupite web-mjestu.<\/p>\n\n<p>Pravila za ovla\u0161teno kori\u0161tenje web stranice (\u201c<strong>Web stranica<\/strong>&quot;)<\/p>\n\n<p>Klijent mo\u017ee pristupiti web stranicama bez naknade, ne dovode\u0107i u pitanje tro\u0161kove priklju\u010denja putem telekomunikacijske mre\u017ee koje mora platiti subjektu s kojim je sklopio ugovor.<\/p>\n\n<p>Op\u0107enito, pristup web stranici je zabranjen maloljetnicima mla\u0111im od 18 godina koji nemaju odgovaraju\u0107u suglasnost roditelja ili zakonskih skrbnika.<\/p>\n\n<p>Klijent se obvezuje pridr\u017eavati se ove Pravne obavijesti i posebnih upozorenja ili uputa za kori\u0161tenje sadr\u017eanih na web stranici te se uvijek pona\u0161ati u skladu sa Zakonom, dobrim obi\u010dajima i zahtjevima dobre vjere, marljivo\u0161\u0107u primjerenom prirodi usluge koju pru\u017eate u\u017eivati.<\/p>\n\n<p>Klijent se mora suzdr\u017eati od: (i) neovla\u0161tenog ili prijevarnog kori\u0161tenja web stranice i\/ili njezinog sadr\u017eaja; (ii) pristupiti ili poku\u0161ati pristupiti ograni\u010denim resursima ili podru\u010djima web stranice, bez ispunjavanja uvjeta potrebnih za takav pristup; (iii) koristiti web-mjesto i\/ili sadr\u017eaj u druge svrhe osim stjecanja bilo kojeg od proizvoda ponu\u0111enih na web-mjestu, svrhe ili u\u010dinke koji su nedopu\u0161teni, nezakoniti, protivni onome \u0161to je utvr\u0111eno u ovoj Pravnoj obavijesti, u dobroj vjeri i javno nalog, \u0161tetan za prava i interese tre\u0107ih strana, ili koji na bilo koji na\u010din mo\u017ee o\u0161tetiti, onemogu\u0107iti ili preopteretiti web stranicu ili sprije\u010diti normalnu upotrebu ili u\u017eivanje u njoj; (iv) uzrokovati \u0161tetu ljudima ili imovini Dru\u0161tva, njegovih dobavlja\u010da, Klijenta ili tre\u0107ih strana; (v) unositi ili \u0161iriti ra\u010dunalne viruse ili bilo koje druge fizi\u010dke ili logi\u010dke sustave na mre\u017ei koji bi mogli uzrokovati \u0161tetu fizi\u010dkim ili logi\u010dkim sustavima Dru\u0161tva, njegovih dobavlja\u010da ili tre\u0107ih strana.<\/p>\n\n<p>Klijent je suglasan koristiti web stranicu samo za pravljenje pravno valjanih upita ili narud\u017ebi, a ne za davanje la\u017enih ili prijevarnih narud\u017ebi. U suprotnom, bit \u0107emo ovla\u0161teni otkazati ga i obavijestiti nadle\u017ena tijela.<\/p>\n\n<p>Ne\u0107emo biti odgovorni za bilo kakvu \u0161tetu ili gubitak koji utje\u010de na va\u0161e ra\u010dunalo kao rezultat prethodnih radnji, ili kori\u0161tenja web stranice ili preuzimanja sadr\u017eaja s nje ili na koje mo\u017ee biti preusmjereno.<\/p>\n\n<p>Web stranica mo\u017ee sadr\u017eavati poveznice na druge web stranice, dru\u0161tvene mre\u017ee i materijale tre\u0107ih strana. Ove poveznice slu\u017ee samo u informativne svrhe, stoga Dru\u0161tvo nema kontrolu nad sadr\u017eajem navedenih web stranica ili materijala. Posljedi\u010dno, Dru\u0161tvo ne\u0107e biti odgovorno za bilo kakvu \u0161tetu ili gubitke koji proizlaze iz kori\u0161tenja ovih poveznica ili materijala tre\u0107ih strana.<\/p>\n\n<p>Za\u0161tita podataka<\/p>\n\n<p>Za potrebe odredbi Organskog zakona 15\/1999 od 13. prosinca o za\u0161titi osobnih podataka (\u201c<strong>LOPD<\/strong>&quot;), DISTRIBUCION ARC obavje\u0161tava Klijenta da \u0107e svi osobni podaci koji se u bilo kojem trenutku i dobrovoljno daju na\u0161oj tvrtki ili na\u0161im zaposlenicima, biti uklju\u010deni u automatiziranu datoteku osobnih podataka stvorenu i odr\u017eavanu pod odgovorno\u0161\u0107u DISTRIBUCION ARC. i bit \u0107e obra\u0111eni isklju\u010divo u svrhu obrade va\u0161eg zahtjeva za narud\u017ebom, kao i upita ili prijedloga koje je postavio Klijent. Svoje pravo na pristup, ispravak, otkazivanje i protivljenje mo\u017eete iskoristiti u bilo kojem trenutku slanjem zahtjeva na adresu, e-po\u0161tu, telefon ili faks navedene u prethodnom odjeljku.<\/p>\n\n<p>Kako bi podaci sadr\u017eani u na\u0161im datotekama bili uvijek a\u017eurni i bez gre\u0161aka, molimo Klijenta da nas \u0161to prije obavijesti o svim izmjenama i ispravcima svojih osobnih podataka.<\/p>\n\n<p>Obavje\u0161tavamo vas da su usvojene sve potrebne tehni\u010dke i organizacijske sigurnosne mjere kako bi se zajam\u010dila za\u0161tita va\u0161ih osobnih podataka i sprije\u010dila njihova izmjena, gubitak, obrada i\/ili neovla\u0161teni pristup, uzimaju\u0107i u obzir najnovija dostignu\u0107a, prirodu pohranjenih podataka i rizika kojima su izlo\u017eeni, a sve to sukladno odredbama ZOPD-a i njegovih provedbenih propisa.<\/p>\n\n<p>Osim u poljima gdje je izri\u010dito navedeno druga\u010dije, dostava informacija potrebnih u obrascima zahtjeva za podatke obavezna je za ispravno upravljanje narud\u017ebama, upitima i prijedlozima koje ste postavili. Nepopunjavanje polja za koje je utvr\u0111eno da su obvezna ili davanje neto\u010dnih podataka onemogu\u0107it \u0107e DISTRIBUCION ARC da njima ispravno upravlja.<\/p>\n\n<p>Garancija i odgovornost<\/p>\n\n<p>Kori\u0161tenje web stranice od strane Klijenta se u svakom trenutku provodi pod njegovim punim rizikom i odgovorno\u0161\u0107u, koju on izri\u010dito priznaje i prihva\u0107a, za koju Dru\u0161tvo ne\u0107e preuzeti nikakvu odgovornost, izravnu ili neizravnu, proiza\u0161lu iz zlouporabe ili nepravilnog kori\u0161tenja, la\u017eno ili nedopu\u0161teno kori\u0161tenje web stranice od strane klijenata.<\/p>\n\n<p>Tvrtka \u0107e u\u010diniti sve \u0161to je mogu\u0107e kako bi osigurala nesmetan rad web stranice, izri\u010dito potvr\u0111uju\u0107i Klijentu da nije mogu\u0107e ponuditi potpunu dostupnost 100%. Me\u0111utim, Dru\u0161tvo se obvezuje da \u0107e Internetsku stranicu dr\u017eati dostupnom \u0161to je du\u017ee mogu\u0107e. Me\u0111utim, Dru\u0161tvo zadr\u017eava pravo ograni\u010diti pristup internetskoj stranici, u cijelosti ili djelomi\u010dno, privremeno ili trajno, zbog radova na odr\u017eavanju, kapaciteta ili doga\u0111aja koji su izvan kontrole Dru\u0161tva.<\/p>\n\n<p>Bez iscrpnosti, napominje se da Dru\u0161tvo ne\u0107e biti odgovorno za:<\/p>\n\n<ul class=\"wp-block-list\">\n<li>Prekidi, kvarovi, propusti ili isklju\u010denja sustava, smetnje ili virusi, problemi s pristupom i, op\u0107enito, bilo koji problem dostupnosti, kvara i\/ili kontinuiteta pru\u017eanja usluge koji mo\u017ee utjecati na web stranicu.<\/li>\n<\/ul>\n\n<ul class=\"wp-block-list\">\n<li>Svaku \u0161tetu koja mo\u017ee nastati na opremi ili tehnolo\u0161kim ure\u0111ajima Klijenta kori\u0161tenjem web stranice.<\/li>\n<\/ul>\n\n<ul class=\"wp-block-list\">\n<li>Radnje tre\u0107ih strana, uklju\u010duju\u0107i same Klijente, izvan kontrole Dru\u0161tva.<\/li>\n<\/ul>\n\n<p>Intelektualno i industrijsko vlasni\u0161tvo<\/p>\n\n<p>Tvrtka je isklju\u010divi vlasnik web stranice. Zabranjena je bilo kakva reprodukcija web stranice u cijelosti ili djelomi\u010dno.<\/p>\n\n<p>Sav sadr\u017eaj prikazan na web stranici, a posebno svi proizvodi, dizajni, tekstovi, grafike, logotipi, ikone, gumbi, softver, trgova\u010dka imena, marke, industrijski crte\u017ei ili bilo koji drugi znakovi podlo\u017eni industrijskoj i komercijalnoj uporabi podlo\u017eni su intelektualnoj i prava industrijskog vlasni\u0161tva Dru\u0161tva ili vlasnika tre\u0107ih strana koji su propisno odobrili njihovo uklju\u010divanje na web stranicu.<\/p>\n\n<p>Ni u kojem slu\u010daju se ne\u0107e smatrati da je bilo koja licenca dodijeljena ili da se navedena prava odri\u010du, prenose, prenose u cijelosti ili djelomi\u010dno, niti se dodjeljuje bilo kakvo pravo, a posebno, izmjene, iskori\u0161tavanja, reprodukcije, distribucije ili javnog priop\u0107avanja na navedene sadr\u017eaje bez prethodnog izri\u010ditog odobrenja Dru\u0161tva ili odgovaraju\u0107ih vlasnika, posljedi\u010dno, Klijent ne smije reproducirati, transformirati, modificirati, rastavljati, vr\u0161iti obrnuti in\u017eenjering, distribuirati, iznajmljivati, posu\u0111ivati, u\u010diniti dostupnim ili dopustiti pristup javnosti putem bilo kojeg na\u010dina javna komunikacija nikoga od elemente iz prethodnog stavka.<\/p>\n\n<p>Kola\u010di\u0107i<\/p>\n\n<p>Web stranica koristi kola\u010di\u0107e, odnosno datoteke koje se preuzimaju na ure\u0111aj Klijenta prilikom pristupa istom. Kola\u010di\u0107i nam omogu\u0107uju da, izme\u0111u ostalog, razumijemo kako se Klijenti kre\u0107u web-stranicom, pohranjuju i dohva\u0107aju informacije koje se odnose na navigaciju i navike Klijenta.<\/p>\n\n<p>Web stranica koristi vlastite kola\u010di\u0107e i kola\u010di\u0107e tre\u0107ih strana, koji omogu\u0107uju pam\u0107enje podataka o pregledavanju radi pobolj\u0161anja iskustva pregledavanja. Klijent mo\u017ee konfigurirati svoj internetski preglednik da bri\u0161e, blokira ili prima upozorenja ako su instalirani kola\u010di\u0107i, ne dovode\u0107i u pitanje \u010dinjenicu da za kori\u0161tenje odre\u0111enih usluga na web stranici kola\u010di\u0107i moraju biti omogu\u0107eni.<\/p>\n\n<p>Kola\u010di\u0107i koji se koriste na web stranici su:<\/p>\n\n<ul class=\"wp-block-list\">\n<li>Tehni\u010dki kola\u010di\u0107i: omogu\u0107uju Klijentu kori\u0161tenje razli\u010ditih opcija navigacije ili usluga web stranice, kao \u0161to je identifikacija sesije ili provo\u0111enje procesa kupnje ili registracije.<\/li>\n<\/ul>\n\n<ul class=\"wp-block-list\">\n<li>Personalizacijski kola\u010di\u0107i: omogu\u0107uju Klijentu pristup usluzi s unaprijed definiranim op\u0107im karakteristikama, kao \u0161to su postavke jezika ili zemlje.<\/li>\n<\/ul>\n\n<ul class=\"wp-block-list\">\n<li>Kola\u010di\u0107i za analizu: koriste se za pra\u0107enje pona\u0161anja kupaca na na\u0161oj web stranici, u svrhu uvo\u0111enja pobolj\u0161anja na web stranicu.<\/li>\n<\/ul>\n\n<ul class=\"wp-block-list\">\n<li>Kola\u010di\u0107i za ogla\u0161avanje i bihevioralno ogla\u0161avanje: pohranjuju informacije o pona\u0161anju Klijenta i tome prilago\u0111avaju ogla\u0161avanje.<\/li>\n<\/ul>\n\n<p>Kontakt<\/p>\n\n<p>Stojimo vam na raspolaganju da odgovorimo na va\u0161a pitanja, prijedloge ili komentare u vezi s na\u0161om tvrtkom, na\u0161im proizvodima, na\u0161om web stranicom ili na\u0161om politikom privatnosti. Da biste to u\u010dinili, mo\u017eete nas kontaktirati putem e-po\u0161te, telefonskog broja ili broja faksa koji se pojavljuje u podacima prodavatelja.<\/p>\n\n<p>Radno vrijeme na\u0161e korisni\u010dke slu\u017ebe je od ponedjeljka do petka od 8 do 18 sati.<\/p>\n\t\t\t\t\t\t\t\t<\/div>\n\t\t\t\t\t<\/div>\n\t\t\t\t<\/div>\n\t\t\t\t<\/div>","protected":false},"excerpt":{"rendered":"<p>Podaci o prodavatelju Vlasnik: ARC TECH SOLUTIONS SL Adresa: Carrer Castell N1, dolje lijevo, 46970 Alaquas (Valencia) NIF:<\/p>","protected":false},"author":1,"featured_media":0,"parent":45,"menu_order":0,"comment_status":"closed","ping_status":"closed","template":"elementor_header_footer","meta":{"footnotes":""},"class_list":["post-74","page","type-page","status-publish","hentry"],"yoast_head":"<!-- This site is optimized with the Yoast SEO Premium plugin v24.9 (Yoast SEO v26.1) - https:\/\/yoast.com\/wordpress\/plugins\/seo\/ -->\n<title>aviso legal - distribuci\u00f3n ARC<\/title>\n<meta name=\"robots\" content=\"index, follow, max-snippet:-1, max-image-preview:large, max-video-preview:-1\" \/>\n<link rel=\"canonical\" href=\"https:\/\/www.distribucionarc.com\/it\/inicio\/aviso-legal\/\" \/>\n<meta property=\"og:locale\" content=\"hr_HR\" \/>\n<meta property=\"og:type\" content=\"article\" \/>\n<meta property=\"og:title\" content=\"aviso legal\" \/>\n<meta property=\"og:description\" content=\"aviso legal Datos del vendedor Titular: ARC TECH SOLUTIONS S.L Direcci\u00f3n: carrer castell n1 bajo izquierda 46970 alaquas (valencia) N.I.F.:\" \/>\n<meta property=\"og:url\" content=\"https:\/\/www.distribucionarc.com\/it\/inicio\/aviso-legal\/\" \/>\n<meta property=\"og:site_name\" content=\"distribuci\u00f3n ARC\" \/>\n<meta property=\"article:modified_time\" content=\"2025-05-06T13:58:50+00:00\" \/>\n<meta property=\"og:image\" content=\"https:\/\/distribucionarc.com\/wp-content\/uploads\/2024\/12\/icono-arc.jpg\" \/>\n\t<meta property=\"og:image:width\" content=\"612\" \/>\n\t<meta property=\"og:image:height\" content=\"792\" \/>\n\t<meta property=\"og:image:type\" content=\"image\/jpeg\" \/>\n<meta name=\"twitter:card\" content=\"summary_large_image\" \/>\n<meta name=\"twitter:label1\" content=\"Procijenjeno vrijeme \u010ditanja\" \/>\n\t<meta name=\"twitter:data1\" content=\"8 minuta\" \/>\n<script type=\"application\/ld+json\" class=\"yoast-schema-graph\">{\"@context\":\"https:\/\/schema.org\",\"@graph\":[{\"@type\":\"WebPage\",\"@id\":\"https:\/\/www.distribucionarc.com\/it\/inicio\/aviso-legal\/\",\"url\":\"https:\/\/www.distribucionarc.com\/it\/inicio\/aviso-legal\/\",\"name\":\"aviso legal - distribuci\u00f3n ARC\",\"isPartOf\":{\"@id\":\"https:\/\/www.distribucionarc.com\/de\/#website\"},\"datePublished\":\"2020-04-15T09:38:42+00:00\",\"dateModified\":\"2025-05-06T13:58:50+00:00\",\"breadcrumb\":{\"@id\":\"https:\/\/www.distribucionarc.com\/it\/inicio\/aviso-legal\/#breadcrumb\"},\"inLanguage\":\"hr\",\"potentialAction\":[{\"@type\":\"ReadAction\",\"target\":[\"https:\/\/www.distribucionarc.com\/it\/inicio\/aviso-legal\/\"]}]},{\"@type\":\"BreadcrumbList\",\"@id\":\"https:\/\/www.distribucionarc.com\/it\/inicio\/aviso-legal\/#breadcrumb\",\"itemListElement\":[{\"@type\":\"ListItem\",\"position\":1,\"name\":\"Portada\",\"item\":\"https:\/\/www.distribucionarc.com\/en\/\"},{\"@type\":\"ListItem\",\"position\":2,\"name\":\"inicio\",\"item\":\"https:\/\/www.distribucionarc.com\/it\/inicio\/\"},{\"@type\":\"ListItem\",\"position\":3,\"name\":\"aviso legal\"}]},{\"@type\":\"WebSite\",\"@id\":\"https:\/\/www.distribucionarc.com\/de\/#website\",\"url\":\"https:\/\/www.distribucionarc.com\/de\/\",\"name\":\"distribuci\u00f3n ARC\",\"description\":\"Empresa especializada en la fabricaci\u00f3n y distribuci\u00f3n de maquinaria industrial, selladoras de latas, Maquinas de hacer pastillas, Maquinas de cortar carne...\",\"publisher\":{\"@id\":\"https:\/\/www.distribucionarc.com\/de\/#organization\"},\"potentialAction\":[{\"@type\":\"SearchAction\",\"target\":{\"@type\":\"EntryPoint\",\"urlTemplate\":\"https:\/\/www.distribucionarc.com\/de\/?s={search_term_string}\"},\"query-input\":{\"@type\":\"PropertyValueSpecification\",\"valueRequired\":true,\"valueName\":\"search_term_string\"}}],\"inLanguage\":\"hr\"},{\"@type\":\"Organization\",\"@id\":\"https:\/\/www.distribucionarc.com\/de\/#organization\",\"name\":\"Distribuci\u00f3n ARC\",\"url\":\"https:\/\/www.distribucionarc.com\/de\/\",\"logo\":{\"@type\":\"ImageObject\",\"inLanguage\":\"hr\",\"@id\":\"https:\/\/www.distribucionarc.com\/de\/#\/schema\/logo\/image\/\",\"url\":\"https:\/\/distribucionarc.com\/wp-content\/uploads\/2024\/10\/distribucion-ARC-COLOR-SIN-FONDO-e1732295305345.png\",\"contentUrl\":\"https:\/\/distribucionarc.com\/wp-content\/uploads\/2024\/10\/distribucion-ARC-COLOR-SIN-FONDO-e1732295305345.png\",\"width\":1164,\"height\":558,\"caption\":\"Distribuci\u00f3n ARC\"},\"image\":{\"@id\":\"https:\/\/www.distribucionarc.com\/de\/#\/schema\/logo\/image\/\"},\"description\":\"Empresa especializada en la fabricaci\u00f3n y distribuci\u00f3n de maquinaria industrial para los sectores alimentario y farmac\u00e9utico. Nos especializamos en: M\u00e1quinas de cortar carne Fabricaci\u00f3n de comprimidos Sistemas de transporte industrial L\u00edneas de embotellado Dosificadores Y mucho m\u00e1s... Ofrecemos soluciones innovadoras y personalizadas para optimizar los procesos productivos de tu empresa.\",\"email\":\"Admistracion@distribucionarc.com\",\"telephone\":\"+34 643496664\",\"legalName\":\"ARC TECH SOLUTIONS\",\"foundingDate\":\"2024-04-09\",\"vatID\":\"B55480172\",\"numberOfEmployees\":{\"@type\":\"QuantitativeValue\",\"minValue\":\"1\",\"maxValue\":\"10\"}}]}<\/script>\n<!-- \/ Yoast SEO Premium plugin. -->","yoast_head_json":{"title":"pravna obavijest - ARC distribucija","robots":{"index":"index","follow":"follow","max-snippet":"max-snippet:-1","max-image-preview":"max-image-preview:large","max-video-preview":"max-video-preview:-1"},"canonical":"https:\/\/www.distribucionarc.com\/it\/inicio\/aviso-legal\/","og_locale":"hr_HR","og_type":"article","og_title":"aviso legal","og_description":"aviso legal Datos del vendedor Titular: ARC TECH SOLUTIONS S.L Direcci\u00f3n: carrer castell n1 bajo izquierda 46970 alaquas (valencia) N.I.F.:","og_url":"https:\/\/www.distribucionarc.com\/it\/inicio\/aviso-legal\/","og_site_name":"distribuci\u00f3n ARC","article_modified_time":"2025-05-06T13:58:50+00:00","og_image":[{"width":612,"height":792,"url":"https:\/\/distribucionarc.com\/wp-content\/uploads\/2024\/12\/icono-arc.jpg","type":"image\/jpeg"}],"twitter_card":"summary_large_image","twitter_misc":{"Procijenjeno vrijeme \u010ditanja":"8 minuta"},"schema":{"@context":"https:\/\/schema.org","@graph":[{"@type":"WebPage","@id":"https:\/\/www.distribucionarc.com\/it\/inicio\/aviso-legal\/","url":"https:\/\/www.distribucionarc.com\/it\/inicio\/aviso-legal\/","name":"pravna obavijest - ARC distribucija","isPartOf":{"@id":"https:\/\/www.distribucionarc.com\/de\/#website"},"datePublished":"2020-04-15T09:38:42+00:00","dateModified":"2025-05-06T13:58:50+00:00","breadcrumb":{"@id":"https:\/\/www.distribucionarc.com\/it\/inicio\/aviso-legal\/#breadcrumb"},"inLanguage":"hr","potentialAction":[{"@type":"ReadAction","target":["https:\/\/www.distribucionarc.com\/it\/inicio\/aviso-legal\/"]}]},{"@type":"BreadcrumbList","@id":"https:\/\/www.distribucionarc.com\/it\/inicio\/aviso-legal\/#breadcrumb","itemListElement":[{"@type":"ListItem","position":1,"name":"Portada","item":"https:\/\/www.distribucionarc.com\/en\/"},{"@type":"ListItem","position":2,"name":"inicio","item":"https:\/\/www.distribucionarc.com\/it\/inicio\/"},{"@type":"ListItem","position":3,"name":"aviso legal"}]},{"@type":"WebSite","@id":"https:\/\/www.distribucionarc.com\/de\/#website","url":"https:\/\/www.distribucionarc.com\/de\/","name":"ARC distribucija","description":"Tvrtka specijalizirana za proizvodnju i distribuciju industrijskih strojeva, strojeva za zatvaranje limenki, strojeva za izradu pilula, strojeva za rezanje mesa itd.","publisher":{"@id":"https:\/\/www.distribucionarc.com\/de\/#organization"},"potentialAction":[{"@type":"SearchAction","target":{"@type":"EntryPoint","urlTemplate":"https:\/\/www.distribucionarc.com\/de\/?s={search_term_string}"},"query-input":{"@type":"PropertyValueSpecification","valueRequired":true,"valueName":"search_term_string"}}],"inLanguage":"hr"},{"@type":"Organization","@id":"https:\/\/www.distribucionarc.com\/de\/#organization","name":"ARC distribucija","url":"https:\/\/www.distribucionarc.com\/de\/","logo":{"@type":"ImageObject","inLanguage":"hr","@id":"https:\/\/www.distribucionarc.com\/de\/#\/schema\/logo\/image\/","url":"https:\/\/distribucionarc.com\/wp-content\/uploads\/2024\/10\/distribucion-ARC-COLOR-SIN-FONDO-e1732295305345.png","contentUrl":"https:\/\/distribucionarc.com\/wp-content\/uploads\/2024\/10\/distribucion-ARC-COLOR-SIN-FONDO-e1732295305345.png","width":1164,"height":558,"caption":"Distribuci\u00f3n ARC"},"image":{"@id":"https:\/\/www.distribucionarc.com\/de\/#\/schema\/logo\/image\/"},"description":"Tvrtka specijalizirana za proizvodnju i distribuciju industrijskih strojeva za prehrambeni i farmaceutski sektor. Specijalizirani smo za: Strojeve za rezanje mesa Proizvodnja tableta Industrijske transportne sustave Linije za punjenje Strojevi za doziranje I jo\u0161 mnogo toga... Nudimo inovativna i prilago\u0111ena rje\u0161enja za optimizaciju proizvodnih procesa Va\u0161e tvrtke.","email":"Admistracion@distribucionarc.com","telephone":"+34 643496664","legalName":"ARC TECH SOLUTIONS","foundingDate":"2024-04-09","vatID":"B55480172","numberOfEmployees":{"@type":"QuantitativeValue","minValue":"1","maxValue":"10"}}]}},"_links":{"self":[{"href":"https:\/\/distribucionarc.com\/hr\/wp-json\/wp\/v2\/pages\/74","targetHints":{"allow":["GET"]}}],"collection":[{"href":"https:\/\/distribucionarc.com\/hr\/wp-json\/wp\/v2\/pages"}],"about":[{"href":"https:\/\/distribucionarc.com\/hr\/wp-json\/wp\/v2\/types\/page"}],"author":[{"embeddable":true,"href":"https:\/\/distribucionarc.com\/hr\/wp-json\/wp\/v2\/users\/1"}],"replies":[{"embeddable":true,"href":"https:\/\/distribucionarc.com\/hr\/wp-json\/wp\/v2\/comments?post=74"}],"version-history":[{"count":5,"href":"https:\/\/distribucionarc.com\/hr\/wp-json\/wp\/v2\/pages\/74\/revisions"}],"predecessor-version":[{"id":17442,"href":"https:\/\/distribucionarc.com\/hr\/wp-json\/wp\/v2\/pages\/74\/revisions\/17442"}],"up":[{"embeddable":true,"href":"https:\/\/distribucionarc.com\/hr\/wp-json\/wp\/v2\/pages\/45"}],"wp:attachment":[{"href":"https:\/\/distribucionarc.com\/hr\/wp-json\/wp\/v2\/media?parent=74"}],"curies":[{"name":"radni list","href":"https:\/\/api.w.org\/{rel}","templated":true}]}}