{"id":1043,"date":"2020-07-16T09:25:55","date_gmt":"2020-07-16T09:25:55","guid":{"rendered":"https:\/\/distribucionarc.com\/?post_type=product&#038;p=1043"},"modified":"2024-09-05T21:08:07","modified_gmt":"2024-09-05T21:08:07","slug":"pekac-za-vafle-profesionalni","status":"publish","type":"product","link":"https:\/\/distribucionarc.com\/hr\/producto\/gofrera-profesional\/","title":{"rendered":"Profesionalni aparat za vafle"},"content":{"rendered":"<h2><strong>Profesionalni aparat za vafle\u00a0<\/strong><\/h2>\n<p>The\u00a0<strong>Dvostruki profesionalni peka\u010d za vafle<\/strong>\u00a0od<span style=\"color: #ff0000;\">\u00a0<\/span><strong><span style=\"color: #ff0000;\">DO<\/span><span style=\"color: #0000ff;\">R<\/span>c<\/strong>, ima dizajn s dvostrukom glavom, \u010dine\u0107i proces kuhanja od\u00a0<strong>vafli<\/strong> biti u\u010dinkovitiji i profitabilniji. Dovoljna snaga od 1880 W. Kalup omogu\u0107uje kontinuirano zagrijavanje od 360 stupnjeva i bolji do\u017eivljaj kuhanja. Oni tako\u0111er jo\u0161 uvijek doprinose <span style=\"color: #008000;\">r<strong>u\u010dinkovita energetska u\u010dinkovitost<\/strong><\/span>\u00a0od\u00a0<strong>profesionalni peka\u010d za vafle<\/strong>.<\/p>\n<p>Glavom se upravlja neovisno pomo\u0107u glatkih gumba. Temperatura se kre\u0107e izme\u0111u 50 i 300\u00baC uz LED svjetlo koje pokazuje radni status. The <strong>profesionalni peka\u010d za vafle\u00a0<span style=\"color: #ff0000;\">DO<\/span><span style=\"color: #0000ff;\">R<\/span>CMGE2<\/strong>\u00a0Ima precizan mjera\u010d vremena od najvi\u0161e 5 minuta, s jasnim i melodi\u010dnim alarmom kada su vafli spremni.<\/p>\n<p>Voditeljica <strong>profesionalni peka\u010d za vafle<\/strong>\u00a0Usvaja dva kalupa (gornji i donji). Zajedno tvore ukusne vafle. Oba kalupa vam omogu\u0107uju ravnomjerno zagrijavanje. Teflon presvu\u010dena povr\u0161ina za kuhanje je neprianjaju\u0107a i \u010dini aparat lakim za \u010di\u0161\u0107enje.\u00a0<strong>vafli<\/strong>.<\/p>\n<p>Zadebljani stra\u017enji nosa\u010d povezuje kalup s\u00a0<strong>stroj za vafle<\/strong>, prednji nosa\u010d ima stabilnu trokutastu strukturu. Takav dizajn pobolj\u0161ava razinu sigurnosti, izdr\u017eljiviji je i \u010dini<strong> aparat za vafle <span style=\"color: #ff0000;\">DO<\/span><span style=\"color: #0000ff;\">R<\/span>CMGE2<\/strong>\u00a0Dobijte funkcionalan dizajn koji je ujedno i estetski elegantan. Set debele ru\u010dke od nehr\u0111aju\u0107eg \u010delika za jednostavno dr\u017eanje i kori\u0161tenje bez napora. Upotreba materijala koji dobro odvodi toplinu osigurava da njegova temperatura nije previsoka. \u0160titi korisnika od opeklina.<\/p>\n<p>s\u00a0<strong>Profesionalni aparat za vafle<\/strong>\u00a0od\u00a0<strong><span style=\"color: #ff0000;\">DO<\/span><span style=\"color: #0000ff;\">R<\/span>c<\/strong>\u00a0dobit \u0107e\u0161 ne\u0161to\u00a0<strong>vafli<\/strong> jedinstven s vrlo upe\u010datljivim dizajnom srca, mekom unutra\u0161njosti i hrskavom vanj\u0161tinom s beskrajnim okusom. \u010cokolada, bomboni i drugi ukrasi mogu se dodati slobodno za dodatni okus.<\/p>\n<p>&nbsp;<\/p>\n<h6><strong>Jamstvo\u00a0<span style=\"color: #ff0000;\">DO<\/span><span style=\"color: #0000ff;\">R<\/span>C 2 GODINE<\/strong><\/h6>\n<h6><span style=\"color: #008000;\">U\u010dinkovit profesionalni aparat za vafle, niske potro\u0161nje 1550w<\/span><\/h6>\n<h6><strong>uklju\u010dena tehni\u010dka podr\u0161ka.<\/strong><\/h6>\n<p>&nbsp;<\/p>\n<p>&nbsp;<\/p>\n<table role=\"presentation\" width=\"100%\" cellspacing=\"0\" cellpadding=\"0\">\n<tbody>\n<tr>\n<td class=\"attrLabels\">Temperatura:<\/td>\n<td width=\"50.0%\">50-300\u00baC<\/td>\n<\/tr>\n<tr>\n<td class=\"attrLabels\">Zemlja distribucije:<\/td>\n<td width=\"50.0%\">\u0160panjolska, Njema\u010dka, SAD, Latinska Amerika<\/td>\n<td class=\"attrLabels\">Te\u017eina:<\/td>\n<td width=\"50.0%\">11,6 kg<\/td>\n<\/tr>\n<tr>\n<td class=\"attrLabels\">Marka:<\/td>\n<td width=\"50.0%\">LUK<\/td>\n<td class=\"attrLabels\">Visina:<\/td>\n<td width=\"50.0%\">33 cm<\/td>\n<\/tr>\n<tr>\n<td class=\"attrLabels\">Boja:<\/td>\n<td width=\"50.0%\">Srebro<\/td>\n<td class=\"attrLabels\">dugo:<\/td>\n<td width=\"50.0%\">49 cm<\/td>\n<\/tr>\n<tr>\n<td class=\"attrLabels\">Vrsta proizvoda:<\/td>\n<td width=\"50.0%\">Profesionalni aparat za vafle<\/td>\n<td class=\"attrLabels\">\u0160iroko:<\/td>\n<td width=\"50.0%\">39 cm<\/td>\n<\/tr>\n<tr>\n<td class=\"attrLabels\">Proizvo\u0111a\u010dki broj:<\/td>\n<td width=\"50.0%\">ARCMGE2<\/td>\n<td class=\"attrLabels\">Vlast:<\/td>\n<td width=\"50.0%\">1880W<\/td>\n<\/tr>\n<tr>\n<td class=\"attrLabels\">Materijal:<\/td>\n<td width=\"50.0%\">nehr\u0111aju\u0107i \u010delik, teflonska plo\u010da, kontrola temperature<\/td>\n<td class=\"attrLabels\">ulazni napon<\/td>\n<td width=\"50.0%\">220V \u2013 60Hz 110V \u2013 50Hz<\/td>\n<\/tr>\n<tr>\n<td class=\"attrLabels\">Veli\u010dina vafla:<\/td>\n<td width=\"50.0%\">\u00a035 cm promjera<\/td>\n<td class=\"attrLabels\">Jamstvo:<\/td>\n<td width=\"50.0%\">2 GODINE<\/td>\n<\/tr>\n<tr>\n<td class=\"attrLabels\">Alati za instalaciju:<\/td>\n<td width=\"50.0%\">Da<\/td>\n<td class=\"attrLabels\">Proizvodnja:<\/td>\n<td width=\"50.0%\">1 komada<\/td>\n<\/tr>\n<\/tbody>\n<\/table>","protected":false},"excerpt":{"rendered":"<h2><strong>Peka\u010d za vafle u obliku srca \u2013 5 porcija s mjera\u010dem vremena<\/strong><\/h2>\n<p>Na\u0161e <strong>peka\u010d za vafle u obliku srca<\/strong> je idealan alat za stvaranje atraktivnih i ukusnih vafla u obliku srca, podijeljenih na <strong>5 porcija<\/strong>. s a <strong>podesivi mjera\u010d vremena od 0 do 5 minuta<\/strong> i temperaturni raspon od <strong>50 do 300 stupnjeva Celzijusa (\u00b0C)<\/strong>, ovaj stroj jam\u010di brzo i precizno kuhanje. Promjer vafla je <strong>35 centimetara (cm)<\/strong>, omogu\u0107uju\u0107i vam stvaranje velikih, atraktivnih vafla koji su savr\u0161eni za dijeljenje.<\/p>\n<h3>Proizvodi koje mo\u017eete napraviti s ovim <strong>peka\u010d za vafle u obliku srca<\/strong>:<\/h3>\n<ul>\n<li><strong>Tradicionalni vafli<\/strong>: Poslu\u017euje se sa sirupom, vrhnjem ili svje\u017eim vo\u0107em.<\/li>\n<li><strong>\u010cokoladni vafli<\/strong>: S komadi\u0107ima otopljene \u010dokolade u tijestu.<\/li>\n<li><strong>Vafli bez glutena<\/strong>: Zdrava alternativa za osobe s intolerancijom na hranu.<\/li>\n<li><strong>Vafli od cjelovitog zrna p\u0161enice<\/strong>: Savr\u0161en za ponudu u zdravim jelovnicima.<\/li>\n<li><strong>Banana zobeni vafli<\/strong>: Ukusna i hranjiva opcija.<\/li>\n<li><strong>Slani vafli<\/strong>: Punjene sirom, \u0161unkom ili \u0161pinatom, idealne za marende.<\/li>\n<li><strong>Mini pizze s vaflima<\/strong>: Kreativna varijacija u obliku srca za podloge za pizzu.<\/li>\n<\/ul>\n<h3>Sektori u kojima se to mo\u017ee provesti <strong>profesionalni aparat za vafle srce<\/strong>:<\/h3>\n<ul>\n<li><strong>Kafi\u0107i i slasti\u010darne<\/strong>: Savr\u0161eno za privla\u010denje kupaca privla\u010dnim prezentacijama slatkih i slanih vafla.<\/li>\n<li><strong>Restorani<\/strong>: Idealno za ponudu slastica i posebnih jela u obliku srca.<\/li>\n<li><strong>kamioni s hranom<\/strong>: Atraktivno za sajmove i doga\u0111anja gdje \u0107e vafli u obliku srca biti hit.<\/li>\n<li><strong>Hoteli i bifei<\/strong>: Savr\u0161eno za ponudu za doru\u010dak i u\u017einu, s prilagodljivim opcijama za ve\u010dere.<\/li>\n<li><strong>Catering i posebna doga\u0111anja<\/strong>: Kao \u0161to su vjen\u010danja, godi\u0161njice ili tematske zabave, gdje oblik srca daje poseban \u0161tih.<\/li>\n<li><strong>Pekare<\/strong>: Pro\u0161irite ponudu svje\u017eim vaflima originalnih oblika kako biste iznenadili kupce.<\/li>\n<li><strong>Obroci za djecu<\/strong>: Na obiteljskim doga\u0111ajima ili na mjestima namijenjenim djeci, oblik srca posebno je privla\u010dan.<\/li>\n<\/ul>\n<p>S ovim <strong>peka\u010d za vafle u obliku srca<\/strong>, mo\u017eete ponuditi jedinstvene proizvode koji ne samo da dobro izgledaju, ve\u0107 su i izvrsnog okusa. Nadalje, <strong>profesionalni elektri\u010dni aparat za vafle<\/strong> Sadr\u017ei sustav kontrole temperature jednostavan za kori\u0161tenje, osiguravaju\u0107i savr\u0161eno kuhanje svaki put.<\/p>","protected":false},"featured_media":1050,"comment_status":"open","ping_status":"closed","template":"","meta":{"wds_primary_product_brand":0,"wds_primary_product_cat":0},"product_brand":[],"product_cat":[51],"product_tag":[],"class_list":{"0":"post-1043","1":"product","2":"type-product","3":"status-publish","4":"has-post-thumbnail","6":"product_cat-gofreras-profesionales","7":"product_shipping_class-hosteleria","9":"first","10":"instock","11":"taxable","12":"shipping-taxable","13":"purchasable","14":"product-type-simple"},"yoast_head":"<!-- This site is optimized with the Yoast SEO Premium plugin v24.9 (Yoast SEO v26.1) - https:\/\/yoast.com\/wordpress\/plugins\/seo\/ -->\n<title>Gofrera profesional - distribuci\u00f3n ARC<\/title>\n<meta name=\"robots\" content=\"index, follow, max-snippet:-1, max-image-preview:large, max-video-preview:-1\" \/>\n<link rel=\"canonical\" href=\"https:\/\/www.distribucionarc.com\/lt\/producto\/gofrera-profesional\/\" \/>\n<meta property=\"og:locale\" content=\"hr_HR\" \/>\n<meta property=\"og:type\" content=\"article\" \/>\n<meta property=\"og:title\" content=\"Gofrera profesional\" \/>\n<meta property=\"og:description\" content=\"M\u00e1quina para hacer gofres en forma de coraz\u00f3n \u2013 5 porciones con temporizador Nuestra m\u00e1quina para hacer gofres en forma de coraz\u00f3n es la herramienta ideal para crear gofres atractivos y deliciosos en forma de coraz\u00f3n, divididos en 5 porciones. Con un temporizador ajustable de 0 a 5 minutos y un rango de temperatura de 50 a 300 grados cent\u00edgrados (\u00b0C), esta m\u00e1quina garantiza una cocci\u00f3n r\u00e1pida y precisa. El di\u00e1metro del gofre es de 35 cent\u00edmetros (cm), lo que permite crear gofres grandes y atractivos que son perfectos para compartir. Productos que puedes hacer con esta gofrera en forma de coraz\u00f3n:   Gofres tradicionales: Servidos con jarabe, crema o frutas frescas.  Gofres de chocolate: Con trozos de chocolate fundido en la masa.  Gofres sin gluten: Alternativa saludable para personas con intolerancias alimentarias.  Gofres integrales: Perfectos para ofrecer en men\u00fas saludables.  Gofres de avena y pl\u00e1tano: Opci\u00f3n deliciosa y nutritiva.  Gofres salados: Rellenos de queso, jam\u00f3n o espinacas, ideales para brunches.  Mini pizzas de gofre: Variaci\u00f3n creativa usando la forma de coraz\u00f3n para bases de pizza.  Sectores donde se puede implementar esta gofrera de coraz\u00f3n profesional:   Cafeter\u00edas y pasteler\u00edas: Perfecta para atraer a clientes con presentaciones llamativas de gofres dulces y salados.  Restaurantes: Ideal para ofrecer postres y platos especiales en forma de coraz\u00f3n.  Food trucks: Atractiva para ferias y eventos donde los gofres en forma de coraz\u00f3n ser\u00e1n un \u00e9xito.  Hoteles y buffets: Perfecta para ofrecer en desayunos y brunches, con opciones personalizables para los comensales.  Catering y eventos especiales: Como bodas, aniversarios o fiestas tem\u00e1ticas, donde la forma de coraz\u00f3n a\u00f1ade un toque especial.  Panader\u00edas: Ampl\u00eda la oferta con gofres frescos y en formas originales para sorprender a los clientes.  Comidas para ni\u00f1os: En eventos familiares o en locales orientados a ni\u00f1os, la forma de coraz\u00f3n es especialmente atractiva.  Con esta m\u00e1quina de gofres en forma de coraz\u00f3n, puedes ofrecer productos \u00fanicos que no solo se ven bien, sino que tambi\u00e9n tienen un sabor excelente. Adem\u00e1s, la gofrera el\u00e9ctrica profesional cuenta con un sistema de control de temperatura f\u00e1cil de usar, lo que garantiza la cocci\u00f3n perfecta en todo momento.\" \/>\n<meta property=\"og:url\" content=\"https:\/\/www.distribucionarc.com\/lt\/producto\/gofrera-profesional\/\" \/>\n<meta property=\"og:site_name\" content=\"distribuci\u00f3n ARC\" \/>\n<meta property=\"article:modified_time\" content=\"2024-09-05T21:08:07+00:00\" \/>\n<meta property=\"og:image\" content=\"https:\/\/www.distribucionarc.com\/wp-content\/uploads\/2020\/07\/Gofrera-profesional-0.jpg\" \/>\n\t<meta property=\"og:image:width\" content=\"1600\" \/>\n\t<meta property=\"og:image:height\" content=\"1600\" \/>\n\t<meta property=\"og:image:type\" content=\"image\/jpeg\" \/>\n<meta name=\"twitter:card\" content=\"summary_large_image\" \/>\n<meta name=\"twitter:label1\" content=\"Procijenjeno vrijeme \u010ditanja\" \/>\n\t<meta name=\"twitter:data1\" content=\"2 minute\" \/>\n<script type=\"application\/ld+json\" class=\"yoast-schema-graph\">{\"@context\":\"https:\/\/schema.org\",\"@graph\":[{\"@type\":\"WebPage\",\"@id\":\"https:\/\/www.distribucionarc.com\/lt\/producto\/gofrera-profesional\/\",\"url\":\"https:\/\/www.distribucionarc.com\/lt\/producto\/gofrera-profesional\/\",\"name\":\"Gofrera profesional - distribuci\u00f3n ARC\",\"isPartOf\":{\"@id\":\"https:\/\/www.distribucionarc.com\/sl\/#website\"},\"primaryImageOfPage\":{\"@id\":\"https:\/\/www.distribucionarc.com\/lt\/producto\/gofrera-profesional\/#primaryimage\"},\"image\":{\"@id\":\"https:\/\/www.distribucionarc.com\/lt\/producto\/gofrera-profesional\/#primaryimage\"},\"thumbnailUrl\":\"https:\/\/distribucionarc.com\/wp-content\/uploads\/2020\/07\/Gofrera-profesional-0.jpg\",\"datePublished\":\"2020-07-16T09:25:55+00:00\",\"dateModified\":\"2024-09-05T21:08:07+00:00\",\"breadcrumb\":{\"@id\":\"https:\/\/www.distribucionarc.com\/lt\/producto\/gofrera-profesional\/#breadcrumb\"},\"inLanguage\":\"hr\",\"potentialAction\":[{\"@type\":\"ReadAction\",\"target\":[\"https:\/\/www.distribucionarc.com\/lt\/producto\/gofrera-profesional\/\"]}]},{\"@type\":\"ImageObject\",\"inLanguage\":\"hr\",\"@id\":\"https:\/\/www.distribucionarc.com\/lt\/producto\/gofrera-profesional\/#primaryimage\",\"url\":\"https:\/\/distribucionarc.com\/wp-content\/uploads\/2020\/07\/Gofrera-profesional-0.jpg\",\"contentUrl\":\"https:\/\/distribucionarc.com\/wp-content\/uploads\/2020\/07\/Gofrera-profesional-0.jpg\",\"width\":1600,\"height\":1600,\"caption\":\"Gofrera profesional\"},{\"@type\":\"BreadcrumbList\",\"@id\":\"https:\/\/www.distribucionarc.com\/lt\/producto\/gofrera-profesional\/#breadcrumb\",\"itemListElement\":[{\"@type\":\"ListItem\",\"position\":1,\"name\":\"Portada\",\"item\":\"https:\/\/www.distribucionarc.com\/\"},{\"@type\":\"ListItem\",\"position\":2,\"name\":\"\u00dcr\u00fcnler\",\"item\":\"https:\/\/www.distribucionarc.com\/tr\/magaza\/\"},{\"@type\":\"ListItem\",\"position\":3,\"name\":\"Gofrera profesional\"}]},{\"@type\":\"WebSite\",\"@id\":\"https:\/\/www.distribucionarc.com\/sl\/#website\",\"url\":\"https:\/\/www.distribucionarc.com\/sl\/\",\"name\":\"distribuci\u00f3n ARC\",\"description\":\"Empresa especializada en la fabricaci\u00f3n y distribuci\u00f3n de maquinaria industrial, selladoras de latas, Maquinas de hacer pastillas, Maquinas de cortar carne...\",\"publisher\":{\"@id\":\"https:\/\/www.distribucionarc.com\/sl\/#organization\"},\"potentialAction\":[{\"@type\":\"SearchAction\",\"target\":{\"@type\":\"EntryPoint\",\"urlTemplate\":\"https:\/\/www.distribucionarc.com\/sl\/?s={search_term_string}\"},\"query-input\":{\"@type\":\"PropertyValueSpecification\",\"valueRequired\":true,\"valueName\":\"search_term_string\"}}],\"inLanguage\":\"hr\"},{\"@type\":\"Organization\",\"@id\":\"https:\/\/www.distribucionarc.com\/sl\/#organization\",\"name\":\"Distribuci\u00f3n ARC\",\"url\":\"https:\/\/www.distribucionarc.com\/sl\/\",\"logo\":{\"@type\":\"ImageObject\",\"inLanguage\":\"hr\",\"@id\":\"https:\/\/www.distribucionarc.com\/sl\/#\/schema\/logo\/image\/\",\"url\":\"https:\/\/distribucionarc.com\/wp-content\/uploads\/2024\/10\/distribucion-ARC-COLOR-SIN-FONDO-e1732295305345.png\",\"contentUrl\":\"https:\/\/distribucionarc.com\/wp-content\/uploads\/2024\/10\/distribucion-ARC-COLOR-SIN-FONDO-e1732295305345.png\",\"width\":1164,\"height\":558,\"caption\":\"Distribuci\u00f3n ARC\"},\"image\":{\"@id\":\"https:\/\/www.distribucionarc.com\/sl\/#\/schema\/logo\/image\/\"},\"description\":\"Empresa especializada en la fabricaci\u00f3n y distribuci\u00f3n de maquinaria industrial para los sectores alimentario y farmac\u00e9utico. Nos especializamos en: M\u00e1quinas de cortar carne Fabricaci\u00f3n de comprimidos Sistemas de transporte industrial L\u00edneas de embotellado Dosificadores Y mucho m\u00e1s... Ofrecemos soluciones innovadoras y personalizadas para optimizar los procesos productivos de tu empresa.\",\"email\":\"Admistracion@distribucionarc.com\",\"telephone\":\"+34 643496664\",\"legalName\":\"ARC TECH SOLUTIONS\",\"foundingDate\":\"2024-04-09\",\"vatID\":\"B55480172\",\"numberOfEmployees\":{\"@type\":\"QuantitativeValue\",\"minValue\":\"1\",\"maxValue\":\"10\"}}]}<\/script>\n<!-- \/ Yoast SEO Premium plugin. -->","yoast_head_json":{"title":"Profesionalni peka\u010d vafla - ARC distribucija","robots":{"index":"index","follow":"follow","max-snippet":"max-snippet:-1","max-image-preview":"max-image-preview:large","max-video-preview":"max-video-preview:-1"},"canonical":"https:\/\/www.distribucionarc.com\/lt\/producto\/gofrera-profesional\/","og_locale":"hr_HR","og_type":"article","og_title":"Gofrera profesional","og_description":"M\u00e1quina para hacer gofres en forma de coraz\u00f3n \u2013 5 porciones con temporizador Nuestra m\u00e1quina para hacer gofres en forma de coraz\u00f3n es la herramienta ideal para crear gofres atractivos y deliciosos en forma de coraz\u00f3n, divididos en 5 porciones. Con un temporizador ajustable de 0 a 5 minutos y un rango de temperatura de 50 a 300 grados cent\u00edgrados (\u00b0C), esta m\u00e1quina garantiza una cocci\u00f3n r\u00e1pida y precisa. El di\u00e1metro del gofre es de 35 cent\u00edmetros (cm), lo que permite crear gofres grandes y atractivos que son perfectos para compartir. Productos que puedes hacer con esta gofrera en forma de coraz\u00f3n:   Gofres tradicionales: Servidos con jarabe, crema o frutas frescas.  Gofres de chocolate: Con trozos de chocolate fundido en la masa.  Gofres sin gluten: Alternativa saludable para personas con intolerancias alimentarias.  Gofres integrales: Perfectos para ofrecer en men\u00fas saludables.  Gofres de avena y pl\u00e1tano: Opci\u00f3n deliciosa y nutritiva.  Gofres salados: Rellenos de queso, jam\u00f3n o espinacas, ideales para brunches.  Mini pizzas de gofre: Variaci\u00f3n creativa usando la forma de coraz\u00f3n para bases de pizza.  Sectores donde se puede implementar esta gofrera de coraz\u00f3n profesional:   Cafeter\u00edas y pasteler\u00edas: Perfecta para atraer a clientes con presentaciones llamativas de gofres dulces y salados.  Restaurantes: Ideal para ofrecer postres y platos especiales en forma de coraz\u00f3n.  Food trucks: Atractiva para ferias y eventos donde los gofres en forma de coraz\u00f3n ser\u00e1n un \u00e9xito.  Hoteles y buffets: Perfecta para ofrecer en desayunos y brunches, con opciones personalizables para los comensales.  Catering y eventos especiales: Como bodas, aniversarios o fiestas tem\u00e1ticas, donde la forma de coraz\u00f3n a\u00f1ade un toque especial.  Panader\u00edas: Ampl\u00eda la oferta con gofres frescos y en formas originales para sorprender a los clientes.  Comidas para ni\u00f1os: En eventos familiares o en locales orientados a ni\u00f1os, la forma de coraz\u00f3n es especialmente atractiva.  Con esta m\u00e1quina de gofres en forma de coraz\u00f3n, puedes ofrecer productos \u00fanicos que no solo se ven bien, sino que tambi\u00e9n tienen un sabor excelente. Adem\u00e1s, la gofrera el\u00e9ctrica profesional cuenta con un sistema de control de temperatura f\u00e1cil de usar, lo que garantiza la cocci\u00f3n perfecta en todo momento.","og_url":"https:\/\/www.distribucionarc.com\/lt\/producto\/gofrera-profesional\/","og_site_name":"distribuci\u00f3n ARC","article_modified_time":"2024-09-05T21:08:07+00:00","og_image":[{"width":1600,"height":1600,"url":"https:\/\/www.distribucionarc.com\/wp-content\/uploads\/2020\/07\/Gofrera-profesional-0.jpg","type":"image\/jpeg"}],"twitter_card":"summary_large_image","twitter_misc":{"Procijenjeno vrijeme \u010ditanja":"2 minute"},"schema":{"@context":"https:\/\/schema.org","@graph":[{"@type":"WebPage","@id":"https:\/\/www.distribucionarc.com\/lt\/producto\/gofrera-profesional\/","url":"https:\/\/www.distribucionarc.com\/lt\/producto\/gofrera-profesional\/","name":"Profesionalni peka\u010d vafla - ARC distribucija","isPartOf":{"@id":"https:\/\/www.distribucionarc.com\/sl\/#website"},"primaryImageOfPage":{"@id":"https:\/\/www.distribucionarc.com\/lt\/producto\/gofrera-profesional\/#primaryimage"},"image":{"@id":"https:\/\/www.distribucionarc.com\/lt\/producto\/gofrera-profesional\/#primaryimage"},"thumbnailUrl":"https:\/\/distribucionarc.com\/wp-content\/uploads\/2020\/07\/Gofrera-profesional-0.jpg","datePublished":"2020-07-16T09:25:55+00:00","dateModified":"2024-09-05T21:08:07+00:00","breadcrumb":{"@id":"https:\/\/www.distribucionarc.com\/lt\/producto\/gofrera-profesional\/#breadcrumb"},"inLanguage":"hr","potentialAction":[{"@type":"ReadAction","target":["https:\/\/www.distribucionarc.com\/lt\/producto\/gofrera-profesional\/"]}]},{"@type":"ImageObject","inLanguage":"hr","@id":"https:\/\/www.distribucionarc.com\/lt\/producto\/gofrera-profesional\/#primaryimage","url":"https:\/\/distribucionarc.com\/wp-content\/uploads\/2020\/07\/Gofrera-profesional-0.jpg","contentUrl":"https:\/\/distribucionarc.com\/wp-content\/uploads\/2020\/07\/Gofrera-profesional-0.jpg","width":1600,"height":1600,"caption":"Gofrera profesional"},{"@type":"BreadcrumbList","@id":"https:\/\/www.distribucionarc.com\/lt\/producto\/gofrera-profesional\/#breadcrumb","itemListElement":[{"@type":"ListItem","position":1,"name":"Portada","item":"https:\/\/www.distribucionarc.com\/"},{"@type":"ListItem","position":2,"name":"\u00dcr\u00fcnler","item":"https:\/\/www.distribucionarc.com\/tr\/magaza\/"},{"@type":"ListItem","position":3,"name":"Gofrera profesional"}]},{"@type":"WebSite","@id":"https:\/\/www.distribucionarc.com\/sl\/#website","url":"https:\/\/www.distribucionarc.com\/sl\/","name":"ARC distribucija","description":"Tvrtka specijalizirana za proizvodnju i distribuciju industrijskih strojeva, strojeva za zatvaranje limenki, strojeva za izradu pilula, strojeva za rezanje mesa itd.","publisher":{"@id":"https:\/\/www.distribucionarc.com\/sl\/#organization"},"potentialAction":[{"@type":"SearchAction","target":{"@type":"EntryPoint","urlTemplate":"https:\/\/www.distribucionarc.com\/sl\/?s={search_term_string}"},"query-input":{"@type":"PropertyValueSpecification","valueRequired":true,"valueName":"search_term_string"}}],"inLanguage":"hr"},{"@type":"Organization","@id":"https:\/\/www.distribucionarc.com\/sl\/#organization","name":"ARC distribucija","url":"https:\/\/www.distribucionarc.com\/sl\/","logo":{"@type":"ImageObject","inLanguage":"hr","@id":"https:\/\/www.distribucionarc.com\/sl\/#\/schema\/logo\/image\/","url":"https:\/\/distribucionarc.com\/wp-content\/uploads\/2024\/10\/distribucion-ARC-COLOR-SIN-FONDO-e1732295305345.png","contentUrl":"https:\/\/distribucionarc.com\/wp-content\/uploads\/2024\/10\/distribucion-ARC-COLOR-SIN-FONDO-e1732295305345.png","width":1164,"height":558,"caption":"Distribuci\u00f3n ARC"},"image":{"@id":"https:\/\/www.distribucionarc.com\/sl\/#\/schema\/logo\/image\/"},"description":"Tvrtka specijalizirana za proizvodnju i distribuciju industrijskih strojeva za prehrambeni i farmaceutski sektor. Specijalizirani smo za: Strojeve za rezanje mesa Proizvodnja tableta Industrijske transportne sustave Linije za punjenje Strojevi za doziranje I jo\u0161 mnogo toga... Nudimo inovativna i prilago\u0111ena rje\u0161enja za optimizaciju proizvodnih procesa Va\u0161e tvrtke.","email":"Admistracion@distribucionarc.com","telephone":"+34 643496664","legalName":"ARC TECH SOLUTIONS","foundingDate":"2024-04-09","vatID":"B55480172","numberOfEmployees":{"@type":"QuantitativeValue","minValue":"1","maxValue":"10"}}]}},"_links":{"self":[{"href":"https:\/\/distribucionarc.com\/hr\/wp-json\/wp\/v2\/product\/1043","targetHints":{"allow":["GET"]}}],"collection":[{"href":"https:\/\/distribucionarc.com\/hr\/wp-json\/wp\/v2\/product"}],"about":[{"href":"https:\/\/distribucionarc.com\/hr\/wp-json\/wp\/v2\/types\/product"}],"replies":[{"embeddable":true,"href":"https:\/\/distribucionarc.com\/hr\/wp-json\/wp\/v2\/comments?post=1043"}],"version-history":[{"count":0,"href":"https:\/\/distribucionarc.com\/hr\/wp-json\/wp\/v2\/product\/1043\/revisions"}],"wp:featuredmedia":[{"embeddable":true,"href":"https:\/\/distribucionarc.com\/hr\/wp-json\/wp\/v2\/media\/1050"}],"wp:attachment":[{"href":"https:\/\/distribucionarc.com\/hr\/wp-json\/wp\/v2\/media?parent=1043"}],"wp:term":[{"taxonomy":"product_brand","embeddable":true,"href":"https:\/\/distribucionarc.com\/hr\/wp-json\/wp\/v2\/product_brand?post=1043"},{"taxonomy":"product_cat","embeddable":true,"href":"https:\/\/distribucionarc.com\/hr\/wp-json\/wp\/v2\/product_cat?post=1043"},{"taxonomy":"product_tag","embeddable":true,"href":"https:\/\/distribucionarc.com\/hr\/wp-json\/wp\/v2\/product_tag?post=1043"}],"curies":[{"name":"radni list","href":"https:\/\/api.w.org\/{rel}","templated":true}]}}