{"id":1210,"date":"2020-07-17T16:01:37","date_gmt":"2020-07-17T16:01:37","guid":{"rendered":"https:\/\/distribucionarc.com\/?post_type=product&#038;p=1210"},"modified":"2024-09-08T17:51:46","modified_gmt":"2024-09-08T17:51:46","slug":"automatski-stroj-za-krafne-ili-rosquillas-profesionalni","status":"publish","type":"product","link":"https:\/\/distribucionarc.com\/hr\/producto\/maquina-automatica-para-donuts-o-rosquillas-profesional\/","title":{"rendered":"Profesionalni automatski aparat za krafne ili krafne"},"content":{"rendered":"<h3>Profesionalni automatski aparat za krafne ili krafne<\/h3>\n<p>Pove\u0107ajte svoju proizvodnju bez gubitka okusa va\u0161eg proizvoda s<strong> automatski aparat za krafne<\/strong> od <strong><span style=\"color: #ff0000;\">DO<\/span><span style=\"color: #0000ff;\">R<\/span>c<\/strong>. Ima potrebne zna\u010dajke za isticanje va\u0161eg a<strong>visoke performanse<\/strong>, upravljivost i <span style=\"color: #008000;\"><strong>niska potro\u0161nja energije<\/strong><\/span>.<\/p>\n<p>Ovaj <strong>komercijalni aparat za krafne<\/strong> od <strong><span style=\"color: #ff0000;\">DO<\/span><span style=\"color: #0000ff;\">R<\/span>c<\/strong> Izra\u0111en je od nehr\u0111aju\u0107eg \u010delika kvalitete 304 za hranu, \u010dvrst je i izdr\u017eljiv. Otporan na koroziju, otporan na hr\u0111u i jednostavan za \u010di\u0161\u0107enje.<\/p>\n<p>The <strong>automatski aparat za krafne<\/strong> <strong><span style=\"color: #ff0000;\">DO<\/span><span style=\"color: #0000ff;\">R<\/span>CMAD10<\/strong> Opremljen je inteligentnom kontrolnom plo\u010dom za prakti\u010dnu i preciznu kontrolu temperature ulja i vremena pr\u017eenja. S indikatorima za prikaz statusa kuhanja u svakom trenutku. Ovaj <strong>aparat za krafne<\/strong>\u00a0od <strong><span style=\"color: #ff0000;\">DO<\/span><span style=\"color: #0000ff;\">R<\/span>c<\/strong> Potpuno je automatski, s automatskim oblikovanjem, automatskom kontrolom temperature, automatskim pr\u017eenjem, automatskim okretanjem i izlazom, koji <span style=\"color: #008000;\"><strong>uvelike \u0161tedi va\u0161u energiju<\/strong> <\/span>i njegovo vrijeme.<\/p>\n<p>The <strong>mini automatski stroj za izradu krafni<\/strong> Dolazi s spremnikom velikog kapaciteta za 7 litara tijesta. Mo\u017eete napraviti nekoliko krafni u isto vrijeme, bez ponovnog punjenja spremnika.<\/p>\n<p>Dostupne su tri veli\u010dine kalupa za krafne (2,5 cm\/3,5 cm\/4,5 cm), za izradu mini krafni, srednjih krafni i velikih krafni, kako bi se ispunili va\u0161i razli\u010diti zahtjevi. Mogu\u0107nost proizvodnje 1100 krafni od 3-5 cm na sat, 950 krafni od 5-9 cm na sat ili 850 komada krafni od 7-12 cm na sat<\/p>\n<p>Dostavljen je razni pribor, uklju\u010duju\u0107i dva hvataljka za hranu, dva mjerna cilindra od 20L <span style=\"font-size: 16px; font-style: normal; font-weight: 400;\">\u00a0i dva pladnja za spremanje pr\u017eenih krafni.<\/span><\/p>\n<p>&nbsp;<\/p>\n<h6><strong>Jamstvo\u00a0<span style=\"color: #ff0000;\">DO<\/span><span style=\"color: #0000ff;\">R<\/span>c<\/strong><strong>\u00a02 GODINE<\/strong><\/h6>\n<h6><span style=\"color: #008000;\">Automatski aparat za krafne i krafne u\u010dinkovit, male potro\u0161nje 5800w<\/span><\/h6>\n<h6><strong>uklju\u010dena tehni\u010dka podr\u0161ka<\/strong><\/h6>\n<p>&nbsp;<\/p>\n<table>\n<thead>\n<tr>\n<th><strong>Karakteristike<\/strong><\/th>\n<th><strong>Opis<\/strong><\/th>\n<\/tr>\n<\/thead>\n<tbody>\n<tr>\n<td><strong>Proizvo\u0111a\u010dki broj<\/strong><\/td>\n<td>ARCMAD11<\/td>\n<\/tr>\n<tr>\n<td><strong>Zemlje s tehni\u010dkom podr\u0161kom<\/strong><\/td>\n<td><a href=\"https:\/\/distribucionarc.com\/hr\/tehnicka-sluzba\/\">Ovdje se obratite tehni\u010dkoj podr\u0161ci<\/a><\/td>\n<\/tr>\n<tr>\n<td><strong>Te\u017eina<\/strong><\/td>\n<td>48 kilograma (kg)<\/td>\n<\/tr>\n<tr>\n<td><strong>Dimenzije stroja<\/strong><\/td>\n<td><strong>visoko<\/strong>: 65 cm, <strong>dugo<\/strong>: 110 cm, <strong>\u0161iroka<\/strong>: 55 cm<\/td>\n<\/tr>\n<tr>\n<td><strong>Boja<\/strong><\/td>\n<td>Srebro<\/td>\n<\/tr>\n<tr>\n<td><strong>Vlast<\/strong><\/td>\n<td>2800 vata (W)<\/td>\n<\/tr>\n<tr>\n<td><strong>ulazni napon<\/strong><\/td>\n<td>220V \u2013 60Hz<\/td>\n<\/tr>\n<tr>\n<td><strong>Raspon temperature<\/strong><\/td>\n<td>0-300\u00baC<\/td>\n<\/tr>\n<tr>\n<td><strong>Veli\u010dina krafne<\/strong><\/td>\n<td>2,5 cm\/3,5 cm\/4,5 cm<\/td>\n<\/tr>\n<tr>\n<td><strong>Proizvodnja<\/strong><\/td>\n<td>850 \u2013 1100 krafni na sat (ovisno o veli\u010dini)<\/td>\n<\/tr>\n<tr>\n<td><strong>Materijal<\/strong><\/td>\n<td>Nehr\u0111aju\u0107i \u010delik s kontrolom temperature, potpuno automatski sustav<\/td>\n<\/tr>\n<tr>\n<td><strong>Alati za instalaciju<\/strong><\/td>\n<td>Uklju\u010deno<\/td>\n<\/tr>\n<tr>\n<td><strong>Marka<\/strong><\/td>\n<td>LUK<\/td>\n<\/tr>\n<tr>\n<td><strong>Jamstvo<\/strong><\/td>\n<td>2 godine<\/td>\n<\/tr>\n<\/tbody>\n<\/table>\n<p>&nbsp;<\/p>\n<p>&nbsp;<\/p>","protected":false},"excerpt":{"rendered":"<p><strong>Profesionalni automatski stroj za izradu krafni \u2013 industrijska uporaba<\/strong><\/p>\n<p>Ovaj <strong>profesionalni stroj za izradu krafni<\/strong> Dizajniran je za masovnu proizvodnju, idealan za tvornice, pekare ili velika doga\u0111anja. S kapacitetom proizvodnje do <strong>1100 krafni na sat<\/strong>, ovaj je stroj u\u010dinkovit i svestran te omogu\u0107uje izradu krafni <strong>tri razli\u010dite veli\u010dine<\/strong>. Izmjenjivi kalupi nude opcije za <strong>mini krafne<\/strong>, <strong>srednje krafne<\/strong> i <strong>velike krafne<\/strong>, koji zadovoljava razli\u010dite proizvodne zahtjeve.<\/p>\n<h3>Glavne karakteristike:<\/h3>\n<ul>\n<li><strong>Tri veli\u010dine kalupa<\/strong>:\n<ul>\n<li><strong>mini krafne<\/strong> 2,5 centimetra (cm)<\/li>\n<li><strong>Srednje krafne<\/strong> 3,5 cm<\/li>\n<li><strong>velike krafne<\/strong> 4,5 cm<\/li>\n<\/ul>\n<p>Stroj proizvodi:<\/p>\n<ul>\n<li><strong>1100 mini krafni na sat<\/strong> (3 do 5 cm u promjeru)<\/li>\n<li><strong>950 srednjih krafni na sat<\/strong> (5 do 9 cm u promjeru)<\/li>\n<li><strong>850 velikih krafni na sat<\/strong> (7 do 12 cm u promjeru)<\/li>\n<\/ul>\n<\/li>\n<li><strong>Pokretna traka<\/strong>: Uklju\u010duje automatsku pokretnu traku koja omogu\u0107uje istjecanje ulja iz krafni, osiguravaju\u0107i savr\u0161enu zavr\u0161nicu i smanjuju\u0107i koli\u010dinu ulja u kona\u010dnom proizvodu.<\/li>\n<li><strong>Materijal visoke kvalitete<\/strong>: Izra\u0111en od nehr\u0111aju\u0107eg \u010delika, jam\u010di izdr\u017eljivost i jednostavno odr\u017eavanje, osim \u0161to je siguran za kontakt s hranom.<\/li>\n<li><strong>Intuitivna upravlja\u010dka plo\u010da<\/strong>: Olak\u0161ava pode\u0161avanje postavki kako bi odgovarale razli\u010ditim receptima i proizvodnim zahtjevima.<\/li>\n<\/ul>\n<h3>Primjeri upotrebe:<\/h3>\n<ul>\n<li><strong>Industrijske pekare<\/strong>: Savr\u0161eno za brzu i u\u010dinkovitu proizvodnju velikih koli\u010dina krafni.<\/li>\n<li><strong>Tvornice hrane<\/strong>: Idealno za tvrtke kojima je potreban stroj visoke proizvodnje i lakog odr\u017eavanja.<\/li>\n<li><strong>lanci kave<\/strong>: Osigurati dosljednu i ujedna\u010denu proizvodnju svje\u017eih krafni.<\/li>\n<li><strong>Doga\u0111anja velikih razmjera i catering<\/strong>: Izvrsna opcija za zadovoljenje potra\u017enje za masovnim doga\u0111ajima.<\/li>\n<\/ul>\n<h3>Sektori u kojima se mo\u017ee implementirati:<\/h3>\n<ul>\n<li><strong>Tvornice za proizvodnju hrane<\/strong>: Posebno oni koji se bave proizvodnjom slastica.<\/li>\n<li><strong>Pekare i slasti\u010darnice<\/strong>: Pove\u0107ati dnevni kapacitet proizvodnje.<\/li>\n<li><strong>Kafi\u0107i i fran\u0161ize<\/strong>: Idealno za tvrtke koje tra\u017ee kontinuiranu i kontroliranu proizvodnju krafni.<\/li>\n<li><strong>Ugostiteljstvo i masovna doga\u0111anja<\/strong>: Osigurava stalni protok svje\u017eih, visokokvalitetnih proizvoda za veliki broj posjetitelja.<\/li>\n<\/ul>\n<p>S ovim <strong>profesionalni stroj za izradu krafni<\/strong>, va\u0161a \u0107e tvrtka mo\u0107i pove\u0107ati produktivnost i zadovoljiti potra\u017enju u\u010dinkovito i brzo, nude\u0107i savr\u0161ene krafne u razli\u010ditim veli\u010dinama. Sustav od <strong>automatsko pra\u017enjenje<\/strong> smanjuje udio ulja, pobolj\u0161ava kvalitetu kona\u010dnog proizvoda i \u010dini ga zdravijim i privla\u010dnijim potro\u0161a\u010dima.<\/p>","protected":false},"featured_media":1217,"comment_status":"open","ping_status":"closed","template":"","meta":{"wds_primary_product_brand":0,"wds_primary_product_cat":0},"product_brand":[],"product_cat":[56,53],"product_tag":[],"class_list":{"0":"post-1210","1":"product","2":"type-product","3":"status-publish","4":"has-post-thumbnail","6":"product_cat-maquinaria-para-ferias","7":"product_cat-panaderia-y-pasteleria-industrial","8":"product_shipping_class-hosteleria","10":"first","11":"instock","12":"sale","13":"taxable","14":"shipping-taxable","15":"purchasable","16":"product-type-simple"},"yoast_head":"<!-- This site is optimized with the Yoast SEO Premium plugin v24.9 (Yoast SEO v26.1) - https:\/\/yoast.com\/wordpress\/plugins\/seo\/ -->\n<title>M\u00e1quina autom\u00e1tica para donuts o rosquillas profesional - distribuci\u00f3n ARC<\/title>\n<meta name=\"robots\" content=\"index, follow, max-snippet:-1, max-image-preview:large, max-video-preview:-1\" \/>\n<link rel=\"canonical\" href=\"https:\/\/www.distribucionarc.com\/nl\/producto\/maquina-automatica-para-donuts-o-rosquillas-profesional\/\" \/>\n<meta property=\"og:locale\" content=\"hr_HR\" \/>\n<meta property=\"og:type\" content=\"article\" \/>\n<meta property=\"og:title\" content=\"M\u00e1quina autom\u00e1tica para donuts o rosquillas profesional\" \/>\n<meta property=\"og:description\" content=\"M\u00e1quina autom\u00e1tica para hacer donuts profesional \u2013 Uso industrial  Esta m\u00e1quina profesional para hacer donuts est\u00e1 dise\u00f1ada para la producci\u00f3n en masa, ideal para f\u00e1bricas, panader\u00edas o grandes eventos. Con capacidad para producir hasta 1100 donuts por hora, esta m\u00e1quina es eficiente y vers\u00e1til, permitiendo la creaci\u00f3n de donuts en tres tama\u00f1os diferentes. Los moldes intercambiables ofrecen opciones para mini donuts, donuts medianos y donuts grandes, lo que satisface los diferentes requisitos de producci\u00f3n. Caracter\u00edsticas principales:   Tres tama\u00f1os de moldes:   Mini donuts de 2,5 cent\u00edmetros (cm)  Donuts medianos de 3,5 cm  Donuts grandes de 4,5 cm  La m\u00e1quina produce:   1100 mini donuts por hora (3 a 5 cm de di\u00e1metro)  950 donuts medianos por hora (5 a 9 cm de di\u00e1metro)  850 donuts grandes por hora (7 a 12 cm de di\u00e1metro)    Cinta transportadora: Incluye una cinta transportadora autom\u00e1tica que permite escurrir el aceite de los donuts, asegurando un acabado perfecto y reduciendo la cantidad de aceite en el producto final.  Material de alta calidad: Fabricada en acero inoxidable, garantiza durabilidad y un f\u00e1cil mantenimiento, adem\u00e1s de ser segura para el contacto con alimentos.  Panel de control intuitivo: Facilita el ajuste de las configuraciones para adaptarse a diferentes recetas y requisitos de producci\u00f3n.  Ejemplos de uso:   Panader\u00edas industriales: Perfecta para producir grandes cantidades de donuts de forma r\u00e1pida y eficiente.  F\u00e1bricas de alimentos: Ideal para empresas que necesitan una m\u00e1quina de alta producci\u00f3n y f\u00e1cil mantenimiento.  Cadenas de cafeter\u00edas: Para garantizar una producci\u00f3n constante y uniforme de donuts frescos.  Eventos y catering a gran escala: Excelente opci\u00f3n para satisfacer la demanda de eventos multitudinarios.  Sectores donde se puede implementar:   F\u00e1bricas de producci\u00f3n alimentaria: Especialmente aquellas dedicadas a la producci\u00f3n de dulces.  Panader\u00edas y pasteler\u00edas: Para aumentar la capacidad de producci\u00f3n diaria.  Cafeter\u00edas y franquicias: Ideal para negocios que buscan una producci\u00f3n continua y controlada de donuts.  Catering y eventos masivos: Asegura un flujo constante de productos frescos y de alta calidad para grandes cantidades de asistentes.  Con esta m\u00e1quina profesional para hacer donuts, tu negocio podr\u00e1 aumentar la productividad y satisfacer la demanda de manera eficiente y r\u00e1pida, ofreciendo donuts perfectos en diferentes tama\u00f1os. El sistema de escurrido autom\u00e1tico reduce el contenido de aceite, mejorando la calidad del producto final y haci\u00e9ndolo m\u00e1s saludable y atractivo para los consumidores.\" \/>\n<meta property=\"og:url\" content=\"https:\/\/www.distribucionarc.com\/nl\/producto\/maquina-automatica-para-donuts-o-rosquillas-profesional\/\" \/>\n<meta property=\"og:site_name\" content=\"distribuci\u00f3n ARC\" \/>\n<meta property=\"article:modified_time\" content=\"2024-09-08T17:51:46+00:00\" \/>\n<meta property=\"og:image\" content=\"https:\/\/distribucionarc.com\/wp-content\/uploads\/2020\/07\/M\u00e1quina-autom\u00e1tica-para-donuts-rosquillas-profesional-0.jpg\" \/>\n\t<meta property=\"og:image:width\" content=\"1600\" \/>\n\t<meta property=\"og:image:height\" content=\"1600\" \/>\n\t<meta property=\"og:image:type\" content=\"image\/jpeg\" \/>\n<meta name=\"twitter:card\" content=\"summary_large_image\" \/>\n<meta name=\"twitter:label1\" content=\"Procijenjeno vrijeme \u010ditanja\" \/>\n\t<meta name=\"twitter:data1\" content=\"2 minute\" \/>\n<script type=\"application\/ld+json\" class=\"yoast-schema-graph\">{\"@context\":\"https:\/\/schema.org\",\"@graph\":[{\"@type\":\"WebPage\",\"@id\":\"https:\/\/www.distribucionarc.com\/nl\/producto\/maquina-automatica-para-donuts-o-rosquillas-profesional\/\",\"url\":\"https:\/\/www.distribucionarc.com\/nl\/producto\/maquina-automatica-para-donuts-o-rosquillas-profesional\/\",\"name\":\"M\u00e1quina autom\u00e1tica para donuts o rosquillas profesional - distribuci\u00f3n ARC\",\"isPartOf\":{\"@id\":\"https:\/\/www.distribucionarc.com\/sl\/#website\"},\"primaryImageOfPage\":{\"@id\":\"https:\/\/www.distribucionarc.com\/nl\/producto\/maquina-automatica-para-donuts-o-rosquillas-profesional\/#primaryimage\"},\"image\":{\"@id\":\"https:\/\/www.distribucionarc.com\/nl\/producto\/maquina-automatica-para-donuts-o-rosquillas-profesional\/#primaryimage\"},\"thumbnailUrl\":\"https:\/\/distribucionarc.com\/wp-content\/uploads\/2020\/07\/M\u00e1quina-autom\u00e1tica-para-donuts-rosquillas-profesional-0.jpg\",\"datePublished\":\"2020-07-17T16:01:37+00:00\",\"dateModified\":\"2024-09-08T17:51:46+00:00\",\"breadcrumb\":{\"@id\":\"https:\/\/www.distribucionarc.com\/nl\/producto\/maquina-automatica-para-donuts-o-rosquillas-profesional\/#breadcrumb\"},\"inLanguage\":\"hr\",\"potentialAction\":[{\"@type\":\"ReadAction\",\"target\":[\"https:\/\/www.distribucionarc.com\/nl\/producto\/maquina-automatica-para-donuts-o-rosquillas-profesional\/\"]}]},{\"@type\":\"ImageObject\",\"inLanguage\":\"hr\",\"@id\":\"https:\/\/www.distribucionarc.com\/nl\/producto\/maquina-automatica-para-donuts-o-rosquillas-profesional\/#primaryimage\",\"url\":\"https:\/\/distribucionarc.com\/wp-content\/uploads\/2020\/07\/M\u00e1quina-autom\u00e1tica-para-donuts-rosquillas-profesional-0.jpg\",\"contentUrl\":\"https:\/\/distribucionarc.com\/wp-content\/uploads\/2020\/07\/M\u00e1quina-autom\u00e1tica-para-donuts-rosquillas-profesional-0.jpg\",\"width\":1600,\"height\":1600,\"caption\":\"Maquina automatica para donuts profesional\"},{\"@type\":\"BreadcrumbList\",\"@id\":\"https:\/\/www.distribucionarc.com\/nl\/producto\/maquina-automatica-para-donuts-o-rosquillas-profesional\/#breadcrumb\",\"itemListElement\":[{\"@type\":\"ListItem\",\"position\":1,\"name\":\"Portada\",\"item\":\"https:\/\/www.distribucionarc.com\/\"},{\"@type\":\"ListItem\",\"position\":2,\"name\":\"\u00dcr\u00fcnler\",\"item\":\"https:\/\/www.distribucionarc.com\/tr\/magaza\/\"},{\"@type\":\"ListItem\",\"position\":3,\"name\":\"M\u00e1quina autom\u00e1tica para donuts o rosquillas profesional\"}]},{\"@type\":\"WebSite\",\"@id\":\"https:\/\/www.distribucionarc.com\/sl\/#website\",\"url\":\"https:\/\/www.distribucionarc.com\/sl\/\",\"name\":\"distribuci\u00f3n ARC\",\"description\":\"Empresa especializada en la fabricaci\u00f3n y distribuci\u00f3n de maquinaria industrial, selladoras de latas, Maquinas de hacer pastillas, Maquinas de cortar carne...\",\"publisher\":{\"@id\":\"https:\/\/www.distribucionarc.com\/sl\/#organization\"},\"potentialAction\":[{\"@type\":\"SearchAction\",\"target\":{\"@type\":\"EntryPoint\",\"urlTemplate\":\"https:\/\/www.distribucionarc.com\/sl\/?s={search_term_string}\"},\"query-input\":{\"@type\":\"PropertyValueSpecification\",\"valueRequired\":true,\"valueName\":\"search_term_string\"}}],\"inLanguage\":\"hr\"},{\"@type\":\"Organization\",\"@id\":\"https:\/\/www.distribucionarc.com\/sl\/#organization\",\"name\":\"Distribuci\u00f3n ARC\",\"url\":\"https:\/\/www.distribucionarc.com\/sl\/\",\"logo\":{\"@type\":\"ImageObject\",\"inLanguage\":\"hr\",\"@id\":\"https:\/\/www.distribucionarc.com\/sl\/#\/schema\/logo\/image\/\",\"url\":\"https:\/\/distribucionarc.com\/wp-content\/uploads\/2024\/10\/distribucion-ARC-COLOR-SIN-FONDO-e1732295305345.png\",\"contentUrl\":\"https:\/\/distribucionarc.com\/wp-content\/uploads\/2024\/10\/distribucion-ARC-COLOR-SIN-FONDO-e1732295305345.png\",\"width\":1164,\"height\":558,\"caption\":\"Distribuci\u00f3n ARC\"},\"image\":{\"@id\":\"https:\/\/www.distribucionarc.com\/sl\/#\/schema\/logo\/image\/\"},\"description\":\"Empresa especializada en la fabricaci\u00f3n y distribuci\u00f3n de maquinaria industrial para los sectores alimentario y farmac\u00e9utico. Nos especializamos en: M\u00e1quinas de cortar carne Fabricaci\u00f3n de comprimidos Sistemas de transporte industrial L\u00edneas de embotellado Dosificadores Y mucho m\u00e1s... Ofrecemos soluciones innovadoras y personalizadas para optimizar los procesos productivos de tu empresa.\",\"email\":\"Admistracion@distribucionarc.com\",\"telephone\":\"+34 643496664\",\"legalName\":\"ARC TECH SOLUTIONS\",\"foundingDate\":\"2024-04-09\",\"vatID\":\"B55480172\",\"numberOfEmployees\":{\"@type\":\"QuantitativeValue\",\"minValue\":\"1\",\"maxValue\":\"10\"}}]}<\/script>\n<!-- \/ Yoast SEO Premium plugin. -->","yoast_head_json":{"title":"Profesionalni automatski aparat za krafne ili krafne - ARC distribucija","robots":{"index":"index","follow":"follow","max-snippet":"max-snippet:-1","max-image-preview":"max-image-preview:large","max-video-preview":"max-video-preview:-1"},"canonical":"https:\/\/www.distribucionarc.com\/nl\/producto\/maquina-automatica-para-donuts-o-rosquillas-profesional\/","og_locale":"hr_HR","og_type":"article","og_title":"M\u00e1quina autom\u00e1tica para donuts o rosquillas profesional","og_description":"M\u00e1quina autom\u00e1tica para hacer donuts profesional \u2013 Uso industrial  Esta m\u00e1quina profesional para hacer donuts est\u00e1 dise\u00f1ada para la producci\u00f3n en masa, ideal para f\u00e1bricas, panader\u00edas o grandes eventos. Con capacidad para producir hasta 1100 donuts por hora, esta m\u00e1quina es eficiente y vers\u00e1til, permitiendo la creaci\u00f3n de donuts en tres tama\u00f1os diferentes. Los moldes intercambiables ofrecen opciones para mini donuts, donuts medianos y donuts grandes, lo que satisface los diferentes requisitos de producci\u00f3n. Caracter\u00edsticas principales:   Tres tama\u00f1os de moldes:   Mini donuts de 2,5 cent\u00edmetros (cm)  Donuts medianos de 3,5 cm  Donuts grandes de 4,5 cm  La m\u00e1quina produce:   1100 mini donuts por hora (3 a 5 cm de di\u00e1metro)  950 donuts medianos por hora (5 a 9 cm de di\u00e1metro)  850 donuts grandes por hora (7 a 12 cm de di\u00e1metro)    Cinta transportadora: Incluye una cinta transportadora autom\u00e1tica que permite escurrir el aceite de los donuts, asegurando un acabado perfecto y reduciendo la cantidad de aceite en el producto final.  Material de alta calidad: Fabricada en acero inoxidable, garantiza durabilidad y un f\u00e1cil mantenimiento, adem\u00e1s de ser segura para el contacto con alimentos.  Panel de control intuitivo: Facilita el ajuste de las configuraciones para adaptarse a diferentes recetas y requisitos de producci\u00f3n.  Ejemplos de uso:   Panader\u00edas industriales: Perfecta para producir grandes cantidades de donuts de forma r\u00e1pida y eficiente.  F\u00e1bricas de alimentos: Ideal para empresas que necesitan una m\u00e1quina de alta producci\u00f3n y f\u00e1cil mantenimiento.  Cadenas de cafeter\u00edas: Para garantizar una producci\u00f3n constante y uniforme de donuts frescos.  Eventos y catering a gran escala: Excelente opci\u00f3n para satisfacer la demanda de eventos multitudinarios.  Sectores donde se puede implementar:   F\u00e1bricas de producci\u00f3n alimentaria: Especialmente aquellas dedicadas a la producci\u00f3n de dulces.  Panader\u00edas y pasteler\u00edas: Para aumentar la capacidad de producci\u00f3n diaria.  Cafeter\u00edas y franquicias: Ideal para negocios que buscan una producci\u00f3n continua y controlada de donuts.  Catering y eventos masivos: Asegura un flujo constante de productos frescos y de alta calidad para grandes cantidades de asistentes.  Con esta m\u00e1quina profesional para hacer donuts, tu negocio podr\u00e1 aumentar la productividad y satisfacer la demanda de manera eficiente y r\u00e1pida, ofreciendo donuts perfectos en diferentes tama\u00f1os. El sistema de escurrido autom\u00e1tico reduce el contenido de aceite, mejorando la calidad del producto final y haci\u00e9ndolo m\u00e1s saludable y atractivo para los consumidores.","og_url":"https:\/\/www.distribucionarc.com\/nl\/producto\/maquina-automatica-para-donuts-o-rosquillas-profesional\/","og_site_name":"distribuci\u00f3n ARC","article_modified_time":"2024-09-08T17:51:46+00:00","og_image":[{"width":1600,"height":1600,"url":"https:\/\/distribucionarc.com\/wp-content\/uploads\/2020\/07\/M\u00e1quina-autom\u00e1tica-para-donuts-rosquillas-profesional-0.jpg","type":"image\/jpeg"}],"twitter_card":"summary_large_image","twitter_misc":{"Procijenjeno vrijeme \u010ditanja":"2 minute"},"schema":{"@context":"https:\/\/schema.org","@graph":[{"@type":"WebPage","@id":"https:\/\/www.distribucionarc.com\/nl\/producto\/maquina-automatica-para-donuts-o-rosquillas-profesional\/","url":"https:\/\/www.distribucionarc.com\/nl\/producto\/maquina-automatica-para-donuts-o-rosquillas-profesional\/","name":"Profesionalni automatski aparat za krafne ili krafne - ARC distribucija","isPartOf":{"@id":"https:\/\/www.distribucionarc.com\/sl\/#website"},"primaryImageOfPage":{"@id":"https:\/\/www.distribucionarc.com\/nl\/producto\/maquina-automatica-para-donuts-o-rosquillas-profesional\/#primaryimage"},"image":{"@id":"https:\/\/www.distribucionarc.com\/nl\/producto\/maquina-automatica-para-donuts-o-rosquillas-profesional\/#primaryimage"},"thumbnailUrl":"https:\/\/distribucionarc.com\/wp-content\/uploads\/2020\/07\/M\u00e1quina-autom\u00e1tica-para-donuts-rosquillas-profesional-0.jpg","datePublished":"2020-07-17T16:01:37+00:00","dateModified":"2024-09-08T17:51:46+00:00","breadcrumb":{"@id":"https:\/\/www.distribucionarc.com\/nl\/producto\/maquina-automatica-para-donuts-o-rosquillas-profesional\/#breadcrumb"},"inLanguage":"hr","potentialAction":[{"@type":"ReadAction","target":["https:\/\/www.distribucionarc.com\/nl\/producto\/maquina-automatica-para-donuts-o-rosquillas-profesional\/"]}]},{"@type":"ImageObject","inLanguage":"hr","@id":"https:\/\/www.distribucionarc.com\/nl\/producto\/maquina-automatica-para-donuts-o-rosquillas-profesional\/#primaryimage","url":"https:\/\/distribucionarc.com\/wp-content\/uploads\/2020\/07\/M\u00e1quina-autom\u00e1tica-para-donuts-rosquillas-profesional-0.jpg","contentUrl":"https:\/\/distribucionarc.com\/wp-content\/uploads\/2020\/07\/M\u00e1quina-autom\u00e1tica-para-donuts-rosquillas-profesional-0.jpg","width":1600,"height":1600,"caption":"Maquina automatica para donuts profesional"},{"@type":"BreadcrumbList","@id":"https:\/\/www.distribucionarc.com\/nl\/producto\/maquina-automatica-para-donuts-o-rosquillas-profesional\/#breadcrumb","itemListElement":[{"@type":"ListItem","position":1,"name":"Portada","item":"https:\/\/www.distribucionarc.com\/"},{"@type":"ListItem","position":2,"name":"\u00dcr\u00fcnler","item":"https:\/\/www.distribucionarc.com\/tr\/magaza\/"},{"@type":"ListItem","position":3,"name":"M\u00e1quina autom\u00e1tica para donuts o rosquillas profesional"}]},{"@type":"WebSite","@id":"https:\/\/www.distribucionarc.com\/sl\/#website","url":"https:\/\/www.distribucionarc.com\/sl\/","name":"ARC distribucija","description":"Tvrtka specijalizirana za proizvodnju i distribuciju industrijskih strojeva, strojeva za zatvaranje limenki, strojeva za izradu pilula, strojeva za rezanje mesa itd.","publisher":{"@id":"https:\/\/www.distribucionarc.com\/sl\/#organization"},"potentialAction":[{"@type":"SearchAction","target":{"@type":"EntryPoint","urlTemplate":"https:\/\/www.distribucionarc.com\/sl\/?s={search_term_string}"},"query-input":{"@type":"PropertyValueSpecification","valueRequired":true,"valueName":"search_term_string"}}],"inLanguage":"hr"},{"@type":"Organization","@id":"https:\/\/www.distribucionarc.com\/sl\/#organization","name":"ARC distribucija","url":"https:\/\/www.distribucionarc.com\/sl\/","logo":{"@type":"ImageObject","inLanguage":"hr","@id":"https:\/\/www.distribucionarc.com\/sl\/#\/schema\/logo\/image\/","url":"https:\/\/distribucionarc.com\/wp-content\/uploads\/2024\/10\/distribucion-ARC-COLOR-SIN-FONDO-e1732295305345.png","contentUrl":"https:\/\/distribucionarc.com\/wp-content\/uploads\/2024\/10\/distribucion-ARC-COLOR-SIN-FONDO-e1732295305345.png","width":1164,"height":558,"caption":"Distribuci\u00f3n ARC"},"image":{"@id":"https:\/\/www.distribucionarc.com\/sl\/#\/schema\/logo\/image\/"},"description":"Tvrtka specijalizirana za proizvodnju i distribuciju industrijskih strojeva za prehrambeni i farmaceutski sektor. Specijalizirani smo za: Strojeve za rezanje mesa Proizvodnja tableta Industrijske transportne sustave Linije za punjenje Strojevi za doziranje I jo\u0161 mnogo toga... Nudimo inovativna i prilago\u0111ena rje\u0161enja za optimizaciju proizvodnih procesa Va\u0161e tvrtke.","email":"Admistracion@distribucionarc.com","telephone":"+34 643496664","legalName":"ARC TECH SOLUTIONS","foundingDate":"2024-04-09","vatID":"B55480172","numberOfEmployees":{"@type":"QuantitativeValue","minValue":"1","maxValue":"10"}}]}},"_links":{"self":[{"href":"https:\/\/distribucionarc.com\/hr\/wp-json\/wp\/v2\/product\/1210","targetHints":{"allow":["GET"]}}],"collection":[{"href":"https:\/\/distribucionarc.com\/hr\/wp-json\/wp\/v2\/product"}],"about":[{"href":"https:\/\/distribucionarc.com\/hr\/wp-json\/wp\/v2\/types\/product"}],"replies":[{"embeddable":true,"href":"https:\/\/distribucionarc.com\/hr\/wp-json\/wp\/v2\/comments?post=1210"}],"version-history":[{"count":0,"href":"https:\/\/distribucionarc.com\/hr\/wp-json\/wp\/v2\/product\/1210\/revisions"}],"wp:featuredmedia":[{"embeddable":true,"href":"https:\/\/distribucionarc.com\/hr\/wp-json\/wp\/v2\/media\/1217"}],"wp:attachment":[{"href":"https:\/\/distribucionarc.com\/hr\/wp-json\/wp\/v2\/media?parent=1210"}],"wp:term":[{"taxonomy":"product_brand","embeddable":true,"href":"https:\/\/distribucionarc.com\/hr\/wp-json\/wp\/v2\/product_brand?post=1210"},{"taxonomy":"product_cat","embeddable":true,"href":"https:\/\/distribucionarc.com\/hr\/wp-json\/wp\/v2\/product_cat?post=1210"},{"taxonomy":"product_tag","embeddable":true,"href":"https:\/\/distribucionarc.com\/hr\/wp-json\/wp\/v2\/product_tag?post=1210"}],"curies":[{"name":"radni list","href":"https:\/\/api.w.org\/{rel}","templated":true}]}}