{"id":1263,"date":"2020-07-20T13:17:24","date_gmt":"2020-07-20T13:17:24","guid":{"rendered":"https:\/\/distribucionarc.com\/?post_type=product&#038;p=1263"},"modified":"2024-09-08T22:32:59","modified_gmt":"2024-09-08T22:32:59","slug":"stroj-za-izradu-mekog-sladoleda-12l","status":"publish","type":"product","link":"https:\/\/distribucionarc.com\/hr\/producto\/maquina-para-hacer-helados-suaves-12l\/","title":{"rendered":"Aparat za kremasti sladoled od 12L"},"content":{"rendered":"<h3>Aparat za kremasti sladoled od 12L<\/h3>\n<p><strong>Stroj za sladoled<\/strong> od <strong><span style=\"color: #ff0000;\">DO<\/span><span style=\"color: #0000ff;\">R<\/span>c<\/strong> \u0160iroko se primjenjuje u restoranima, kafi\u0107ima, slasti\u010darnicama, odmori\u0161tu. brza hrana. Bez kompliciranih koraka, mo\u017eete <strong>brzo pripremiti sladoled<\/strong>, <strong>jogurt<\/strong> ili <strong>\u0161erbet<\/strong><\/p>\n<p>The <strong><span style=\"color: #ff0000;\">DO<\/span><span style=\"color: #0000ff;\">R<\/span>CMH02<\/strong> Opremljen je dvostrukim GMCC kompresorima, dva 6L lijevka od nehr\u0111aju\u0107eg \u010delika, visokoenergetskim radijatorom i rashladnim sredstvom R410a, s funkcijom prethodnog hla\u0111enja i proizvodnjom u rasponu od 20 L\/H do 28 L\/H.<\/p>\n<p>The <strong>aparat za sladoled<\/strong> Ima dvije ugra\u0111ene posude od nehr\u0111aju\u0107eg \u010delika, ovu <strong>aparat za sladoled<\/strong> od <strong><span style=\"color: #ff0000;\">DO<\/span><span style=\"color: #0000ff;\">R<\/span>c<\/strong> Mo\u017ee se koristiti za stvaranje triju okusa sladoleda, uklju\u010duju\u0107i dva obi\u010dna okusa i jednu mje\u0161avinu okusa, za razli\u010dite okuse.<\/p>\n<p>Vrijeme, temperatura, tvrdo\u0107a i koli\u010dina sladoleda mogu se prikazati na LCD zaslonu osjetljivom na dodir za stalno promatranje. Mo\u017eete slobodno modulirati prema ukusu. Dodatno, \u010di\u0161\u0107enje jednim gumbom omogu\u0107uje brzo i automatsko \u010di\u0161\u0107enje aparata za sladoled.<\/p>\n<p>Sastojci od <strong>aparat za sladoled<\/strong> Mogu se prethodno ohladiti kako bi sladoled mogao biti <strong>brzo pripremiti<\/strong> nakon pokretanja stroja. Zna\u010dajka skladi\u0161tenja preko no\u0107i smanjuje u\u010destalost \u010di\u0161\u0107enja i \u0161tedi sastojke.<\/p>\n<p>Pobolj\u0161ani dr\u017ea\u010d konusa nalazi se s vanjske strane<strong> aparat za sladoled<\/strong>, kako se korneti sladoleda ne bi lako smo\u010dili i kako bi se okus korneta zadr\u017eao.<\/p>\n<h6><\/h6>\n<h6><strong>Jamstvo\u00a0<span style=\"color: #ff0000;\">DO<\/span><span style=\"color: #0000ff;\">R<\/span>C 2 GODINE<\/strong><\/h6>\n<h6><span style=\"color: #008000;\">U\u010dinkovit stroj za pravljenje sladoleda, male potro\u0161nje 2000w<\/span><\/h6>\n<h6><strong>uklju\u010dena tehni\u010dka podr\u0161ka<\/strong><\/h6>\n<p>&nbsp;<\/p>\n<table>\n<thead>\n<tr>\n<th><strong>Karakteristike<\/strong><\/th>\n<th><strong>Opis<\/strong><\/th>\n<\/tr>\n<\/thead>\n<tbody>\n<tr>\n<td><strong>Proizvo\u0111a\u010dki broj<\/strong><\/td>\n<td>ARCMH02<\/td>\n<\/tr>\n<tr>\n<td><strong>Zemlje s tehni\u010dkom podr\u0161kom<\/strong><\/td>\n<td><a href=\"https:\/\/distribucionarc.com\/hr\/tehnicka-sluzba\/\" target=\"_new\" rel=\"noopener\">Ovdje se obratite tehni\u010dkoj podr\u0161ci<\/a><\/td>\n<\/tr>\n<tr>\n<td><strong>Te\u017eina<\/strong><\/td>\n<td>132 kilograma (kg)<\/td>\n<\/tr>\n<tr>\n<td><strong>Dimenzije stroja<\/strong><\/td>\n<td><strong>Visina<\/strong>: 149 cm, <strong>dugo<\/strong>: 63 cm, <strong>\u0161iroka<\/strong>: 61 cm<\/td>\n<\/tr>\n<tr>\n<td><strong>Boja<\/strong><\/td>\n<td>Srebro<\/td>\n<\/tr>\n<tr>\n<td><strong>Vlast<\/strong><\/td>\n<td>2000 vata (W)<\/td>\n<\/tr>\n<tr>\n<td><strong>ulazni napon<\/strong><\/td>\n<td>220V \u2013 60Hz<\/td>\n<\/tr>\n<tr>\n<td><strong>Kapacitet proizvodnje<\/strong><\/td>\n<td>20 \u2013 28 litara (L) na sat<\/td>\n<\/tr>\n<tr>\n<td><strong>Rashladno sredstvo<\/strong><\/td>\n<td>R410a<\/td>\n<\/tr>\n<tr>\n<td><strong>Veli\u010dina depozita<\/strong><\/td>\n<td>6 litara (L) po jedinici<\/td>\n<\/tr>\n<tr>\n<td><strong>Materijal<\/strong><\/td>\n<td>Nehr\u0111aju\u0107i \u010delik, pametni LCD zaslon osjetljiv na dodir<\/td>\n<\/tr>\n<tr>\n<td><strong>Alati za instalaciju<\/strong><\/td>\n<td>Uklju\u010deno<\/td>\n<\/tr>\n<tr>\n<td><strong>Jamstvo<\/strong><\/td>\n<td>2 godine<\/td>\n<\/tr>\n<\/tbody>\n<\/table>","protected":false},"excerpt":{"rendered":"<h2>ARC stroj za izradu mekog i kremastog sladoleda \u2013 Visokog kapaciteta i performansi za slasti\u010darne i restorane<\/h2>\n<p>The <strong>ARC profesionalni stroj za izradu mekog i kremastog sladoleda<\/strong> To je idealna opcija za tvrtke koje trebaju brzo i u\u010dinkovito proizvoditi mekani sladoled. Njegova sposobnost da <strong>20 do 28 litara na sat<\/strong> osigurava stalan protok visokokvalitetnog sladoleda, savr\u0161enog za udovoljavanje kupcima <strong>slasti\u010darnice<\/strong>, <strong>restorana<\/strong> i <strong>fran\u0161ize<\/strong>.<\/p>\n<p>Sustav hla\u0111enja koristi <strong>R410a<\/strong>, rashladno sredstvo visoke u\u010dinkovitosti, koje osigurava da sladoled zadr\u017ei svoju idealnu kremastost i glatko\u0107u. Nadalje, <strong>pametni LCD zaslon osjetljiv na dodir<\/strong> Omogu\u0107uje vam jednostavno pode\u0161avanje temperature i konzistencije sladoleda, \u010dine\u0107i rad jednostavnim i preciznim.<\/p>\n<h3>Proizvodi koji se mogu napraviti:<\/h3>\n<ul>\n<li><strong>Mekani i kremasti sladoled<\/strong>: Idealne teksture i uvijek savr\u0161ene temperature.<\/li>\n<li><strong>Sladoledi s kombinacijama okusa<\/strong>: Ovaj aparat omogu\u0107uje poslu\u017eivanje do tri razli\u010dita okusa sladoleda.<\/li>\n<li><strong>Mije\u0161ani sladoledi<\/strong>: Omogu\u0107uje vam mije\u0161anje nekoliko okusa u jednoj porciji, \u0161to je savr\u0161eno za diverzifikaciju va\u0161e ponude.<\/li>\n<\/ul>\n<h3>Sektori u kojima se mo\u017ee implementirati:<\/h3>\n<ul>\n<li><strong>Slasti\u010darnice<\/strong>: Za brzu proizvodnju mekih sladoleda s razli\u010ditim okusima.<\/li>\n<li><strong>Restorani i fran\u0161ize<\/strong>: Idealno za ponudu personaliziranih smrznutih deserata na jelovniku.<\/li>\n<li><strong>Kafi\u0107i i barovi<\/strong>: Izvrsno za poslu\u017eivanje svje\u017eeg sladoleda kupcima.<\/li>\n<li><strong>Catering i doga\u0111anja<\/strong>: Savr\u0161eno za poslu\u017eivanje velikog broja ljudi na doga\u0111ajima.<\/li>\n<\/ul>","protected":false},"featured_media":6051,"comment_status":"open","ping_status":"closed","template":"","meta":{"wds_primary_product_brand":0,"wds_primary_product_cat":0},"product_brand":[],"product_cat":[56,58],"product_tag":[],"class_list":{"0":"post-1263","1":"product","2":"type-product","3":"status-publish","4":"has-post-thumbnail","6":"product_cat-maquinaria-para-ferias","7":"product_cat-maquinaria-para-heladerias-profesionales","8":"product_shipping_class-hosteleria","10":"first","11":"instock","12":"sale","13":"taxable","14":"shipping-taxable","15":"purchasable","16":"product-type-simple"},"yoast_head":"<!-- This site is optimized with the Yoast SEO Premium plugin v24.9 (Yoast SEO v26.1) - https:\/\/yoast.com\/wordpress\/plugins\/seo\/ -->\n<title>Maquina para hacer helados cremosos 12L - distribuci\u00f3n ARC<\/title>\n<meta name=\"robots\" content=\"index, follow, max-snippet:-1, max-image-preview:large, max-video-preview:-1\" \/>\n<link rel=\"canonical\" href=\"https:\/\/distribucionarc.com\/hr\/proizvod\/stroj-za-izradu-mekog-sladoleda-12l\/\" \/>\n<meta property=\"og:locale\" content=\"hr_HR\" \/>\n<meta property=\"og:type\" content=\"article\" \/>\n<meta property=\"og:title\" content=\"Maquina para hacer helados cremosos 12L\" \/>\n<meta property=\"og:description\" content=\"M\u00e1quina para hacer helados blandos y cremosos ARC \u2013 Alta capacidad y rendimiento para helader\u00edas y restaurantes La m\u00e1quina para hacer helados blandos y cremosos profesional ARC es la opci\u00f3n ideal para negocios que necesitan producir helados suaves de manera r\u00e1pida y eficiente. Su capacidad de 20 a 28 litros por hora garantiza un flujo constante de helado de alta calidad, perfecto para satisfacer a los clientes en helader\u00edas, restaurantes y franquicias.  El sistema de refrigeraci\u00f3n utiliza R410a, un refrigerante de alta eficiencia, lo que asegura que el helado mantenga su cremosidad y suavidad ideal. Adem\u00e1s, el panel LCD t\u00e1ctil inteligente te permite ajustar de manera f\u00e1cil la temperatura y la consistencia del helado, lo que hace que la operaci\u00f3n sea sencilla y precisa. Productos que se pueden hacer:   Helado suave y cremoso: Con una textura ideal y siempre a la temperatura perfecta.  Helados con combinaciones de sabores: Esta m\u00e1quina permite servir hasta tres sabores diferentes de helado.  Helados mixtos: Permite mezclar varios sabores en una sola porci\u00f3n, lo que es perfecto para diversificar tu oferta.  Sectores donde se puede implementar:   Helader\u00edas: Para la producci\u00f3n r\u00e1pida de helados suaves con diferentes sabores.  Restaurantes y franquicias: Ideal para ofrecer postres helados personalizados en el men\u00fa.  Cafeter\u00edas y bares: Excelente para servir helados frescos a los clientes.  Catering y eventos: Perfecta para atender grandes vol\u00famenes de personas en eventos.\" \/>\n<meta property=\"og:url\" content=\"https:\/\/distribucionarc.com\/hr\/proizvod\/stroj-za-izradu-mekog-sladoleda-12l\/\" \/>\n<meta property=\"og:site_name\" content=\"distribuci\u00f3n ARC\" \/>\n<meta property=\"article:modified_time\" content=\"2024-09-08T22:32:59+00:00\" \/>\n<meta property=\"og:image\" content=\"https:\/\/distribucionarc.com\/wp-content\/uploads\/2020\/07\/Maquina-para-hacer-helados-cremosos-12L-imagen-producto.jpg\" \/>\n\t<meta property=\"og:image:width\" content=\"1600\" \/>\n\t<meta property=\"og:image:height\" content=\"1600\" \/>\n\t<meta property=\"og:image:type\" content=\"image\/jpeg\" \/>\n<meta name=\"twitter:card\" content=\"summary_large_image\" \/>\n<meta name=\"twitter:label1\" content=\"Procijenjeno vrijeme \u010ditanja\" \/>\n\t<meta name=\"twitter:data1\" content=\"2 minute\" \/>\n<script type=\"application\/ld+json\" class=\"yoast-schema-graph\">{\"@context\":\"https:\/\/schema.org\",\"@graph\":[{\"@type\":\"WebPage\",\"@id\":\"https:\/\/distribucionarc.com\/hr\/producto\/maquina-para-hacer-helados-suaves-12l\/\",\"url\":\"https:\/\/distribucionarc.com\/hr\/producto\/maquina-para-hacer-helados-suaves-12l\/\",\"name\":\"Maquina para hacer helados cremosos 12L - distribuci\u00f3n ARC\",\"isPartOf\":{\"@id\":\"https:\/\/distribucionarc.com\/de\/#website\"},\"primaryImageOfPage\":{\"@id\":\"https:\/\/distribucionarc.com\/hr\/producto\/maquina-para-hacer-helados-suaves-12l\/#primaryimage\"},\"image\":{\"@id\":\"https:\/\/distribucionarc.com\/hr\/producto\/maquina-para-hacer-helados-suaves-12l\/#primaryimage\"},\"thumbnailUrl\":\"https:\/\/distribucionarc.com\/wp-content\/uploads\/2020\/07\/Maquina-para-hacer-helados-cremosos-12L-imagen-producto.jpg\",\"datePublished\":\"2020-07-20T13:17:24+00:00\",\"dateModified\":\"2024-09-08T22:32:59+00:00\",\"breadcrumb\":{\"@id\":\"https:\/\/distribucionarc.com\/hr\/producto\/maquina-para-hacer-helados-suaves-12l\/#breadcrumb\"},\"inLanguage\":\"hr\",\"potentialAction\":[{\"@type\":\"ReadAction\",\"target\":[\"https:\/\/distribucionarc.com\/hr\/producto\/maquina-para-hacer-helados-suaves-12l\/\"]}]},{\"@type\":\"ImageObject\",\"inLanguage\":\"hr\",\"@id\":\"https:\/\/distribucionarc.com\/hr\/producto\/maquina-para-hacer-helados-suaves-12l\/#primaryimage\",\"url\":\"https:\/\/distribucionarc.com\/wp-content\/uploads\/2020\/07\/Maquina-para-hacer-helados-cremosos-12L-imagen-producto.jpg\",\"contentUrl\":\"https:\/\/distribucionarc.com\/wp-content\/uploads\/2020\/07\/Maquina-para-hacer-helados-cremosos-12L-imagen-producto.jpg\",\"width\":1600,\"height\":1600},{\"@type\":\"BreadcrumbList\",\"@id\":\"https:\/\/distribucionarc.com\/hr\/producto\/maquina-para-hacer-helados-suaves-12l\/#breadcrumb\",\"itemListElement\":[{\"@type\":\"ListItem\",\"position\":1,\"name\":\"Portada\",\"item\":\"https:\/\/distribucionarc.com\/pl\/\"},{\"@type\":\"ListItem\",\"position\":2,\"name\":\"Produkty\",\"item\":\"https:\/\/distribucionarc.com\/pl\/shop\/\"},{\"@type\":\"ListItem\",\"position\":3,\"name\":\"Maquina para hacer helados cremosos 12L\"}]},{\"@type\":\"WebSite\",\"@id\":\"https:\/\/distribucionarc.com\/de\/#website\",\"url\":\"https:\/\/distribucionarc.com\/de\/\",\"name\":\"distribuci\u00f3n ARC\",\"description\":\"Empresa especializada en la fabricaci\u00f3n y distribuci\u00f3n de maquinaria industrial, selladoras de latas, Maquinas de hacer pastillas, Maquinas de cortar carne...\",\"publisher\":{\"@id\":\"https:\/\/distribucionarc.com\/de\/#organization\"},\"potentialAction\":[{\"@type\":\"SearchAction\",\"target\":{\"@type\":\"EntryPoint\",\"urlTemplate\":\"https:\/\/distribucionarc.com\/de\/?s={search_term_string}\"},\"query-input\":{\"@type\":\"PropertyValueSpecification\",\"valueRequired\":true,\"valueName\":\"search_term_string\"}}],\"inLanguage\":\"hr\"},{\"@type\":\"Organization\",\"@id\":\"https:\/\/distribucionarc.com\/de\/#organization\",\"name\":\"Distribuci\u00f3n ARC\",\"url\":\"https:\/\/distribucionarc.com\/de\/\",\"logo\":{\"@type\":\"ImageObject\",\"inLanguage\":\"hr\",\"@id\":\"https:\/\/distribucionarc.com\/de\/#\/schema\/logo\/image\/\",\"url\":\"https:\/\/distribucionarc.com\/wp-content\/uploads\/2024\/10\/distribucion-ARC-COLOR-SIN-FONDO-e1732295305345.png\",\"contentUrl\":\"https:\/\/distribucionarc.com\/wp-content\/uploads\/2024\/10\/distribucion-ARC-COLOR-SIN-FONDO-e1732295305345.png\",\"width\":1164,\"height\":558,\"caption\":\"Distribuci\u00f3n ARC\"},\"image\":{\"@id\":\"https:\/\/distribucionarc.com\/de\/#\/schema\/logo\/image\/\"},\"description\":\"Empresa especializada en la fabricaci\u00f3n y distribuci\u00f3n de maquinaria industrial para los sectores alimentario y farmac\u00e9utico. Nos especializamos en: M\u00e1quinas de cortar carne Fabricaci\u00f3n de comprimidos Sistemas de transporte industrial L\u00edneas de embotellado Dosificadores Y mucho m\u00e1s... Ofrecemos soluciones innovadoras y personalizadas para optimizar los procesos productivos de tu empresa.\",\"email\":\"Admistracion@distribucionarc.com\",\"telephone\":\"+34 643496664\",\"legalName\":\"ARC TECH SOLUTIONS\",\"foundingDate\":\"2024-04-09\",\"vatID\":\"B55480172\",\"numberOfEmployees\":{\"@type\":\"QuantitativeValue\",\"minValue\":\"1\",\"maxValue\":\"10\"}}]}<\/script>\n<!-- \/ Yoast SEO Premium plugin. -->","yoast_head_json":{"title":"Stroj za izradu kremastog sladoleda od 12L - distribucija ARC","robots":{"index":"index","follow":"follow","max-snippet":"max-snippet:-1","max-image-preview":"max-image-preview:large","max-video-preview":"max-video-preview:-1"},"canonical":"https:\/\/distribucionarc.com\/hr\/proizvod\/stroj-za-izradu-mekog-sladoleda-12l\/","og_locale":"hr_HR","og_type":"article","og_title":"Maquina para hacer helados cremosos 12L","og_description":"M\u00e1quina para hacer helados blandos y cremosos ARC \u2013 Alta capacidad y rendimiento para helader\u00edas y restaurantes La m\u00e1quina para hacer helados blandos y cremosos profesional ARC es la opci\u00f3n ideal para negocios que necesitan producir helados suaves de manera r\u00e1pida y eficiente. Su capacidad de 20 a 28 litros por hora garantiza un flujo constante de helado de alta calidad, perfecto para satisfacer a los clientes en helader\u00edas, restaurantes y franquicias.  El sistema de refrigeraci\u00f3n utiliza R410a, un refrigerante de alta eficiencia, lo que asegura que el helado mantenga su cremosidad y suavidad ideal. Adem\u00e1s, el panel LCD t\u00e1ctil inteligente te permite ajustar de manera f\u00e1cil la temperatura y la consistencia del helado, lo que hace que la operaci\u00f3n sea sencilla y precisa. Productos que se pueden hacer:   Helado suave y cremoso: Con una textura ideal y siempre a la temperatura perfecta.  Helados con combinaciones de sabores: Esta m\u00e1quina permite servir hasta tres sabores diferentes de helado.  Helados mixtos: Permite mezclar varios sabores en una sola porci\u00f3n, lo que es perfecto para diversificar tu oferta.  Sectores donde se puede implementar:   Helader\u00edas: Para la producci\u00f3n r\u00e1pida de helados suaves con diferentes sabores.  Restaurantes y franquicias: Ideal para ofrecer postres helados personalizados en el men\u00fa.  Cafeter\u00edas y bares: Excelente para servir helados frescos a los clientes.  Catering y eventos: Perfecta para atender grandes vol\u00famenes de personas en eventos.","og_url":"https:\/\/distribucionarc.com\/hr\/proizvod\/stroj-za-izradu-mekog-sladoleda-12l\/","og_site_name":"distribuci\u00f3n ARC","article_modified_time":"2024-09-08T22:32:59+00:00","og_image":[{"width":1600,"height":1600,"url":"https:\/\/distribucionarc.com\/wp-content\/uploads\/2020\/07\/Maquina-para-hacer-helados-cremosos-12L-imagen-producto.jpg","type":"image\/jpeg"}],"twitter_card":"summary_large_image","twitter_misc":{"Procijenjeno vrijeme \u010ditanja":"2 minute"},"schema":{"@context":"https:\/\/schema.org","@graph":[{"@type":"WebPage","@id":"https:\/\/distribucionarc.com\/hr\/producto\/maquina-para-hacer-helados-suaves-12l\/","url":"https:\/\/distribucionarc.com\/hr\/producto\/maquina-para-hacer-helados-suaves-12l\/","name":"Stroj za izradu kremastog sladoleda od 12L - distribucija ARC","isPartOf":{"@id":"https:\/\/distribucionarc.com\/de\/#website"},"primaryImageOfPage":{"@id":"https:\/\/distribucionarc.com\/hr\/producto\/maquina-para-hacer-helados-suaves-12l\/#primaryimage"},"image":{"@id":"https:\/\/distribucionarc.com\/hr\/producto\/maquina-para-hacer-helados-suaves-12l\/#primaryimage"},"thumbnailUrl":"https:\/\/distribucionarc.com\/wp-content\/uploads\/2020\/07\/Maquina-para-hacer-helados-cremosos-12L-imagen-producto.jpg","datePublished":"2020-07-20T13:17:24+00:00","dateModified":"2024-09-08T22:32:59+00:00","breadcrumb":{"@id":"https:\/\/distribucionarc.com\/hr\/producto\/maquina-para-hacer-helados-suaves-12l\/#breadcrumb"},"inLanguage":"hr","potentialAction":[{"@type":"ReadAction","target":["https:\/\/distribucionarc.com\/hr\/producto\/maquina-para-hacer-helados-suaves-12l\/"]}]},{"@type":"ImageObject","inLanguage":"hr","@id":"https:\/\/distribucionarc.com\/hr\/producto\/maquina-para-hacer-helados-suaves-12l\/#primaryimage","url":"https:\/\/distribucionarc.com\/wp-content\/uploads\/2020\/07\/Maquina-para-hacer-helados-cremosos-12L-imagen-producto.jpg","contentUrl":"https:\/\/distribucionarc.com\/wp-content\/uploads\/2020\/07\/Maquina-para-hacer-helados-cremosos-12L-imagen-producto.jpg","width":1600,"height":1600},{"@type":"BreadcrumbList","@id":"https:\/\/distribucionarc.com\/hr\/producto\/maquina-para-hacer-helados-suaves-12l\/#breadcrumb","itemListElement":[{"@type":"ListItem","position":1,"name":"Portada","item":"https:\/\/distribucionarc.com\/pl\/"},{"@type":"ListItem","position":2,"name":"Produkty","item":"https:\/\/distribucionarc.com\/pl\/shop\/"},{"@type":"ListItem","position":3,"name":"Maquina para hacer helados cremosos 12L"}]},{"@type":"WebSite","@id":"https:\/\/distribucionarc.com\/de\/#website","url":"https:\/\/distribucionarc.com\/de\/","name":"ARC distribucija","description":"Tvrtka specijalizirana za proizvodnju i distribuciju industrijskih strojeva, strojeva za zatvaranje limenki, strojeva za izradu pilula, strojeva za rezanje mesa itd.","publisher":{"@id":"https:\/\/distribucionarc.com\/de\/#organization"},"potentialAction":[{"@type":"SearchAction","target":{"@type":"EntryPoint","urlTemplate":"https:\/\/distribucionarc.com\/de\/?s={search_term_string}"},"query-input":{"@type":"PropertyValueSpecification","valueRequired":true,"valueName":"search_term_string"}}],"inLanguage":"hr"},{"@type":"Organization","@id":"https:\/\/distribucionarc.com\/de\/#organization","name":"ARC distribucija","url":"https:\/\/distribucionarc.com\/de\/","logo":{"@type":"ImageObject","inLanguage":"hr","@id":"https:\/\/distribucionarc.com\/de\/#\/schema\/logo\/image\/","url":"https:\/\/distribucionarc.com\/wp-content\/uploads\/2024\/10\/distribucion-ARC-COLOR-SIN-FONDO-e1732295305345.png","contentUrl":"https:\/\/distribucionarc.com\/wp-content\/uploads\/2024\/10\/distribucion-ARC-COLOR-SIN-FONDO-e1732295305345.png","width":1164,"height":558,"caption":"Distribuci\u00f3n ARC"},"image":{"@id":"https:\/\/distribucionarc.com\/de\/#\/schema\/logo\/image\/"},"description":"Tvrtka specijalizirana za proizvodnju i distribuciju industrijskih strojeva za prehrambeni i farmaceutski sektor. Specijalizirani smo za: Strojeve za rezanje mesa Proizvodnja tableta Industrijske transportne sustave Linije za punjenje Strojevi za doziranje I jo\u0161 mnogo toga... Nudimo inovativna i prilago\u0111ena rje\u0161enja za optimizaciju proizvodnih procesa Va\u0161e tvrtke.","email":"Admistracion@distribucionarc.com","telephone":"+34 643496664","legalName":"ARC TECH SOLUTIONS","foundingDate":"2024-04-09","vatID":"B55480172","numberOfEmployees":{"@type":"QuantitativeValue","minValue":"1","maxValue":"10"}}]}},"_links":{"self":[{"href":"https:\/\/distribucionarc.com\/hr\/wp-json\/wp\/v2\/product\/1263","targetHints":{"allow":["GET"]}}],"collection":[{"href":"https:\/\/distribucionarc.com\/hr\/wp-json\/wp\/v2\/product"}],"about":[{"href":"https:\/\/distribucionarc.com\/hr\/wp-json\/wp\/v2\/types\/product"}],"replies":[{"embeddable":true,"href":"https:\/\/distribucionarc.com\/hr\/wp-json\/wp\/v2\/comments?post=1263"}],"version-history":[{"count":0,"href":"https:\/\/distribucionarc.com\/hr\/wp-json\/wp\/v2\/product\/1263\/revisions"}],"wp:featuredmedia":[{"embeddable":true,"href":"https:\/\/distribucionarc.com\/hr\/wp-json\/wp\/v2\/media\/6051"}],"wp:attachment":[{"href":"https:\/\/distribucionarc.com\/hr\/wp-json\/wp\/v2\/media?parent=1263"}],"wp:term":[{"taxonomy":"product_brand","embeddable":true,"href":"https:\/\/distribucionarc.com\/hr\/wp-json\/wp\/v2\/product_brand?post=1263"},{"taxonomy":"product_cat","embeddable":true,"href":"https:\/\/distribucionarc.com\/hr\/wp-json\/wp\/v2\/product_cat?post=1263"},{"taxonomy":"product_tag","embeddable":true,"href":"https:\/\/distribucionarc.com\/hr\/wp-json\/wp\/v2\/product_tag?post=1263"}],"curies":[{"name":"radni list","href":"https:\/\/api.w.org\/{rel}","templated":true}]}}