{"id":1343,"date":"2020-07-23T10:16:39","date_gmt":"2020-07-23T10:16:39","guid":{"rendered":"https:\/\/distribucionarc.com\/?post_type=product&#038;p=1343"},"modified":"2020-09-29T18:25:55","modified_gmt":"2020-09-29T18:25:55","slug":"elektricna-vrcaljka-4m","status":"publish","type":"product","link":"https:\/\/distribucionarc.com\/hr\/producto\/extractor-de-miel-electrico-4m\/","title":{"rendered":"4M elektri\u010dna vrcaljka za med"},"content":{"rendered":"<h3><strong>4M elektri\u010dna vrcaljka za med<\/strong><\/h3>\n<p>Ovaj\u00a0<strong>industrijski elektri\u010dni stroj<\/strong>\u00a0za\u00a0<strong>p\u010delarstvo<\/strong>\u00a0Sadr\u017ei visokokvalitetno ku\u0107i\u0161te od poliranog nehr\u0111aju\u0107eg \u010delika i okvir ko\u0161nice za otpornost na hr\u0111u i abraziju. Be\u0161avna zavarena konstrukcija olak\u0161at \u0107e vam odr\u017eavanje i \u010di\u0161\u0107enje stroja.<\/p>\n<p>The\u00a0<strong>elektri\u010dna vrcalica za med <span style=\"color: #ff0000\">DO<\/span><span style=\"color: #0000ff\">R<\/span>CEME03<\/strong>\u00a0Ima motor od 120 W 1,1 A, 1300 okretaja u minuti s opcijama promjenjive brzine, ovu vrcalicu pokre\u0107e elektri\u010dni motor. Metoda rada je jednostavna, \u0161tedi vrijeme i rad. Osim \u0161to pogoduje potro\u0161nji energije zbog svoje\u00a0<strong>motor male potro\u0161nje<\/strong>.<\/p>\n<p>The\u00a0<strong>strojevi za p\u010delarstvo<\/strong>\u00a0od\u00a0<strong><span style=\"color: #ff0000\">DO<\/span><span style=\"color: #0000ff\">R<\/span>c<\/strong> Dizajniran je za te\u0161ke uvjete rada, mo\u017ee podnijeti do 4 standardna okvira na niskoj, srednjoj i velikoj dubini, zatvorena oprema na okviru poma\u017ee da se ne kontaminiraju <strong>Med<\/strong>.<br \/>\nIntegrirana zadebljana greda izra\u0111ena je od izdr\u017eljive aluminijske legure koja je ja\u010da i stabilnija. Bez o\u0161trih rubova kako bi se izbjegla kontaminacija<strong>\u00a0Med<\/strong>\u00a0i osigurati sigurnije rukovanje. Kompaktan i dizajniran da vam pru\u017ei ve\u0107u stabilnost<br \/>\nIma 2 prozirna poklopca koji omogu\u0107uju promatranje tijekom procesa\u00a0<strong>izvla\u010denje<\/strong>. Vrata\u00a0<strong>dizajniran za med<\/strong>\u00a0na dnu spremnika omogu\u0107uje medu da te\u010de po volji.<\/p>\n<p>Upotreba\u00a0<strong><span style=\"color: #ff0000\">DO<\/span><span style=\"color: #0000ff\">R<\/span>CEME03<\/strong>\u00a0\u0107e vam pomo\u0107i u procesu\u00a0<strong>pravljenje meda<\/strong>\u00a0zbog njegove prakti\u010dnosti i jednostavnosti obrade, jednostavnog poput postavljanja<strong>\u00a0sa\u0107e<\/strong>\u00a0na okvire i aktivirati elektromotor da se po\u010dne okretati i tako dobiti finalni proizvod; u vrlo kratkom vremenu. Idealno za hobiste ili\u00a0<strong>mali p\u010delar<\/strong>.<\/p>\n<h6><strong>Jamstvo\u00a0<span style=\"color: red\">DO<\/span><span style=\"color: blue\">R<\/span>C 2 GODINE<\/strong><\/h6>\n<h6><span style=\"color: green\">U\u010dinkovita elektri\u010dna vrcalica, niske potro\u0161nje 120w<\/span><\/h6>\n<h6><strong>uklju\u010dena tehni\u010dka podr\u0161ka<\/strong><\/h6>\n<p>&nbsp;<\/p>\n<p>&nbsp;<\/p>\n<table role=\"presentation\" width=\"100%\" cellspacing=\"0\" cellpadding=\"0\">\n<tbody>\n<tr>\n<td class=\"attrLabels\">vlast:<\/td>\n<td width=\"50.0%\">120 W<\/td>\n<\/tr>\n<tr>\n<td class=\"attrLabels\">Zemlja distribucije:<\/td>\n<td width=\"50.0%\">\u0160panjolska, Njema\u010dka, SAD<\/td>\n<td class=\"attrLabels\">Te\u017eina:<\/td>\n<td width=\"50.0%\">23 kg<\/td>\n<\/tr>\n<tr>\n<td class=\"attrLabels\">Marka:<\/td>\n<td width=\"50.0%\">LUK<\/td>\n<td class=\"attrLabels\">Visina:<\/td>\n<td width=\"50.0%\">78 cm<\/td>\n<\/tr>\n<tr>\n<td class=\"attrLabels\">Boja:<\/td>\n<td width=\"50.0%\">Srebro<\/td>\n<td class=\"attrLabels\">dugo:<\/td>\n<td width=\"50.0%\">\u00a053 cm<\/td>\n<\/tr>\n<tr>\n<td class=\"attrLabels\">Vrsta proizvoda:<\/td>\n<td width=\"50.0%\">elektri\u010dna vrcalica za med<\/td>\n<td class=\"attrLabels\">\u0160iroko:<\/td>\n<td width=\"50.0%\">53 cm<\/td>\n<\/tr>\n<tr>\n<td class=\"attrLabels\">Proizvo\u0111a\u010dki broj:<\/td>\n<td width=\"50.0%\">ARCEME03<\/td>\n<td class=\"attrLabels\">Snaga motora:<\/td>\n<td width=\"50.0%\">1.1A<\/td>\n<\/tr>\n<tr>\n<td class=\"attrLabels\">Materijal:<\/td>\n<td width=\"50.0%\">nehr\u0111aju\u0107i \u010delik, motor male potro\u0161nje, aluminijska legura<\/td>\n<td class=\"attrLabels\">ulazni napon<\/td>\n<td width=\"50.0%\">220V \u2013 50Hz110V \u2013 60Hz<\/td>\n<\/tr>\n<tr>\n<td class=\"attrLabels\">Dimenzije cijevi:<\/td>\n<td width=\"50.0%\">50cm Promjer<\/td>\n<td class=\"attrLabels\">Jamstvo:<\/td>\n<td width=\"50.0%\">2 GODINE<\/td>\n<\/tr>\n<tr>\n<td class=\"attrLabels\">Visina cijevi:<\/td>\n<td width=\"50.0%\">60 cm<\/td>\n<td class=\"attrLabels\">Proizvodnja:<\/td>\n<td width=\"50.0%\">4 oznake<\/td>\n<\/tr>\n<\/tbody>\n<\/table>","protected":false},"excerpt":{"rendered":"<h2>4M elektri\u010dna vrcaljka za med<\/h2>\n<p>On<strong>\u00a0elektri\u010dna vrcalica za med<\/strong>\u00a0od<strong>\u00a0<span style=\"color: red\">DO<\/span><span style=\"color: blue\">R<\/span>c<\/strong> Dizajniran je za obradu 4 okvira, izra\u0111en je od izuzetno izdr\u017eljivog nehr\u0111aju\u0107eg \u010delika. Ovaj <strong>strojevi za p\u010delarstvo<\/strong>\u00a0pru\u017ea se a<strong>\u00a0nenadma\u0161na cijena<\/strong>\u00a0za njihovu brigu u proizvodnji meda i njihove vrhunske sirovine.<\/p>\n<p>On\u00a0<strong>ekstraktor sranja<\/strong>l Dolazi s 2 prozirna poklopca i 2 bo\u010dne ru\u010dke za jednostavno no\u0161enje. Donji unutarnji dio stabljike je sto\u017eastog oblika. The\u00a0<strong>Med<\/strong>\u00a0Ispu\u0161ta se iz dozatora od 5 cm s ure\u0111ajem za zaklju\u010davanje. On\u00a0<strong>elektri\u010dna vrcalica za med<\/strong> je dizajniran za obradu <strong>4 okvira<\/strong>\u00a0i pogodan je za okvire niske, srednje i velike dubine. Metalni zup\u010danici su potpuno unutarnji kako se ne bi zaprljali medom. On\u00a0<strong>vrcalica za med\u00a0<span style=\"color: red\">DO<\/span><span style=\"color: blue\">R<\/span>CEME03<\/strong>\u00a0Jedna je od rijetkih na tr\u017ei\u0161tu opremljena ni\u017eim podignutim le\u017eajem koji sprje\u010dava prodiranje vrcanog meda. Zavr\u0161na obrada od sjajnog nehr\u0111aju\u0107eg \u010delika daje mu vrlo elegantne zna\u010dajke.<\/p>\n<h6><strong>Jamstvo\u00a0<span style=\"color: red\">DO<\/span><span style=\"color: blue\">R<\/span>C 2 GODINE<\/strong><\/h6>\n<h6><span style=\"color: green\">U\u010dinkovita elektri\u010dna vrcalica, niske potro\u0161nje 120w<\/span><\/h6>\n<h6><strong>uklju\u010dena tehni\u010dka podr\u0161ka<\/strong><\/h6>","protected":false},"featured_media":1352,"comment_status":"open","ping_status":"closed","template":"","meta":{"wds_primary_product_brand":0,"wds_primary_product_cat":0},"product_brand":[],"product_cat":[30],"product_tag":[],"class_list":{"0":"post-1343","1":"product","2":"type-product","3":"status-publish","4":"has-post-thumbnail","6":"product_cat-maquinaria-apicola","7":"product_shipping_class-express","9":"first","10":"instock","11":"sale","12":"taxable","13":"shipping-taxable","14":"purchasable","15":"product-type-simple"},"yoast_head":"<!-- This site is optimized with the Yoast SEO Premium plugin v24.9 (Yoast SEO v26.1) - https:\/\/yoast.com\/wordpress\/plugins\/seo\/ -->\n<title>Extractor de miel el\u00e9ctrico 4M - distribuci\u00f3n ARC<\/title>\n<meta name=\"robots\" content=\"index, follow, max-snippet:-1, max-image-preview:large, max-video-preview:-1\" \/>\n<link rel=\"canonical\" href=\"https:\/\/distribucionarc.com\/hr\/proizvod\/elektricna-vrcaljka-4m\/\" \/>\n<meta property=\"og:locale\" content=\"hr_HR\" \/>\n<meta property=\"og:type\" content=\"article\" \/>\n<meta property=\"og:title\" content=\"Extractor de miel el\u00e9ctrico 4M\" \/>\n<meta property=\"og:description\" content=\"Extractor de miel el\u00e9ctrico 4M El\u00a0Extractor de miel el\u00e9ctrico\u00a0de\u00a0ARC est\u00e1 dise\u00f1ada para procesar 4 marcos, est\u00e1 hecho de acero inoxidable extremadamente duradero. Esta maquinaria ap\u00edcola\u00a0se proporciona a un\u00a0precio inmejorable\u00a0por su cuidado en la elaboraci\u00f3n de la miel y sus materiales de primera calidad.  El\u00a0extractor de miel viene con 2 tapas transparentes y 2 asas laterales para facilitar el transporte. La parte inferior interna del tallo tiene forma c\u00f3nica. La\u00a0miel\u00a0se descarga del dispensador de 5 cm con un dispositivo de bloqueo. El\u00a0extractor de miel el\u00e9ctrico est\u00e1 dise\u00f1ado para procesar 4\u00a0marcos\u00a0y es adecuado para marcos de baja, media y alta profundidad. Los engranajes met\u00e1licos son totalmente internos para evitar que se ensucie con la miel. El\u00a0extractor de miel\u00a0ARCEME03\u00a0es uno de los pocos en el mercado equipado con un rodamiento elevado m\u00e1s bajo que impide la penetraci\u00f3n de la miel extra\u00edda. El acabado de acero inoxidable pulido espejo le da unas caracter\u00edsticas muy elegantes. Garant\u00eda\u00a0ARC 2 A\u00d1OS Extractor de miel el\u00e9ctrico eficiente, bajo consumo 120w soporte t\u00e9cnico\u00a0incluido\" \/>\n<meta property=\"og:url\" content=\"https:\/\/distribucionarc.com\/hr\/proizvod\/elektricna-vrcaljka-4m\/\" \/>\n<meta property=\"og:site_name\" content=\"distribuci\u00f3n ARC\" \/>\n<meta property=\"article:modified_time\" content=\"2020-09-29T18:25:55+00:00\" \/>\n<meta property=\"og:image\" content=\"https:\/\/distribucionarc.com\/wp-content\/uploads\/2020\/07\/Extractor-de-miel-el\u00e9ctrico-4M-2.jpg\" \/>\n\t<meta property=\"og:image:width\" content=\"1600\" \/>\n\t<meta property=\"og:image:height\" content=\"1600\" \/>\n\t<meta property=\"og:image:type\" content=\"image\/jpeg\" \/>\n<meta name=\"twitter:card\" content=\"summary_large_image\" \/>\n<meta name=\"twitter:label1\" content=\"Procijenjeno vrijeme \u010ditanja\" \/>\n\t<meta name=\"twitter:data1\" content=\"2 minute\" \/>\n<script type=\"application\/ld+json\" class=\"yoast-schema-graph\">{\"@context\":\"https:\/\/schema.org\",\"@graph\":[{\"@type\":\"WebPage\",\"@id\":\"https:\/\/distribucionarc.com\/sk\/producto\/extractor-de-miel-electrico-4m\/\",\"url\":\"https:\/\/distribucionarc.com\/sk\/producto\/extractor-de-miel-electrico-4m\/\",\"name\":\"Extractor de miel el\u00e9ctrico 4M - distribuci\u00f3n ARC\",\"isPartOf\":{\"@id\":\"https:\/\/www.distribucionarc.com\/sl\/#website\"},\"primaryImageOfPage\":{\"@id\":\"https:\/\/distribucionarc.com\/sk\/producto\/extractor-de-miel-electrico-4m\/#primaryimage\"},\"image\":{\"@id\":\"https:\/\/distribucionarc.com\/sk\/producto\/extractor-de-miel-electrico-4m\/#primaryimage\"},\"thumbnailUrl\":\"https:\/\/distribucionarc.com\/wp-content\/uploads\/2020\/07\/Extractor-de-miel-el\u00e9ctrico-4M-2.jpg\",\"datePublished\":\"2020-07-23T10:16:39+00:00\",\"dateModified\":\"2020-09-29T18:25:55+00:00\",\"breadcrumb\":{\"@id\":\"https:\/\/distribucionarc.com\/sk\/producto\/extractor-de-miel-electrico-4m\/#breadcrumb\"},\"inLanguage\":\"hr\",\"potentialAction\":[{\"@type\":\"ReadAction\",\"target\":[\"https:\/\/distribucionarc.com\/sk\/producto\/extractor-de-miel-electrico-4m\/\"]}]},{\"@type\":\"ImageObject\",\"inLanguage\":\"hr\",\"@id\":\"https:\/\/distribucionarc.com\/sk\/producto\/extractor-de-miel-electrico-4m\/#primaryimage\",\"url\":\"https:\/\/distribucionarc.com\/wp-content\/uploads\/2020\/07\/Extractor-de-miel-el\u00e9ctrico-4M-2.jpg\",\"contentUrl\":\"https:\/\/distribucionarc.com\/wp-content\/uploads\/2020\/07\/Extractor-de-miel-el\u00e9ctrico-4M-2.jpg\",\"width\":1600,\"height\":1600,\"caption\":\"Extractor de miel el\u00e9ctrico 4M\"},{\"@type\":\"BreadcrumbList\",\"@id\":\"https:\/\/distribucionarc.com\/sk\/producto\/extractor-de-miel-electrico-4m\/#breadcrumb\",\"itemListElement\":[{\"@type\":\"ListItem\",\"position\":1,\"name\":\"Portada\",\"item\":\"https:\/\/www.distribucionarc.com\/\"},{\"@type\":\"ListItem\",\"position\":2,\"name\":\"\u00dcr\u00fcnler\",\"item\":\"https:\/\/www.distribucionarc.com\/tr\/magaza\/\"},{\"@type\":\"ListItem\",\"position\":3,\"name\":\"Extractor de miel el\u00e9ctrico 4M\"}]},{\"@type\":\"WebSite\",\"@id\":\"https:\/\/www.distribucionarc.com\/sl\/#website\",\"url\":\"https:\/\/www.distribucionarc.com\/sl\/\",\"name\":\"distribuci\u00f3n ARC\",\"description\":\"Empresa especializada en la fabricaci\u00f3n y distribuci\u00f3n de maquinaria industrial, selladoras de latas, Maquinas de hacer pastillas, Maquinas de cortar carne...\",\"publisher\":{\"@id\":\"https:\/\/www.distribucionarc.com\/sl\/#organization\"},\"potentialAction\":[{\"@type\":\"SearchAction\",\"target\":{\"@type\":\"EntryPoint\",\"urlTemplate\":\"https:\/\/www.distribucionarc.com\/sl\/?s={search_term_string}\"},\"query-input\":{\"@type\":\"PropertyValueSpecification\",\"valueRequired\":true,\"valueName\":\"search_term_string\"}}],\"inLanguage\":\"hr\"},{\"@type\":\"Organization\",\"@id\":\"https:\/\/www.distribucionarc.com\/sl\/#organization\",\"name\":\"Distribuci\u00f3n ARC\",\"url\":\"https:\/\/www.distribucionarc.com\/sl\/\",\"logo\":{\"@type\":\"ImageObject\",\"inLanguage\":\"hr\",\"@id\":\"https:\/\/www.distribucionarc.com\/sl\/#\/schema\/logo\/image\/\",\"url\":\"https:\/\/distribucionarc.com\/wp-content\/uploads\/2024\/10\/distribucion-ARC-COLOR-SIN-FONDO-e1732295305345.png\",\"contentUrl\":\"https:\/\/distribucionarc.com\/wp-content\/uploads\/2024\/10\/distribucion-ARC-COLOR-SIN-FONDO-e1732295305345.png\",\"width\":1164,\"height\":558,\"caption\":\"Distribuci\u00f3n ARC\"},\"image\":{\"@id\":\"https:\/\/www.distribucionarc.com\/sl\/#\/schema\/logo\/image\/\"},\"description\":\"Empresa especializada en la fabricaci\u00f3n y distribuci\u00f3n de maquinaria industrial para los sectores alimentario y farmac\u00e9utico. Nos especializamos en: M\u00e1quinas de cortar carne Fabricaci\u00f3n de comprimidos Sistemas de transporte industrial L\u00edneas de embotellado Dosificadores Y mucho m\u00e1s... Ofrecemos soluciones innovadoras y personalizadas para optimizar los procesos productivos de tu empresa.\",\"email\":\"Admistracion@distribucionarc.com\",\"telephone\":\"+34 643496664\",\"legalName\":\"ARC TECH SOLUTIONS\",\"foundingDate\":\"2024-04-09\",\"vatID\":\"B55480172\",\"numberOfEmployees\":{\"@type\":\"QuantitativeValue\",\"minValue\":\"1\",\"maxValue\":\"10\"}}]}<\/script>\n<!-- \/ Yoast SEO Premium plugin. -->","yoast_head_json":{"title":"4M elektri\u010dna vrcalica - ARC distribucija","robots":{"index":"index","follow":"follow","max-snippet":"max-snippet:-1","max-image-preview":"max-image-preview:large","max-video-preview":"max-video-preview:-1"},"canonical":"https:\/\/distribucionarc.com\/hr\/proizvod\/elektricna-vrcaljka-4m\/","og_locale":"hr_HR","og_type":"article","og_title":"Extractor de miel el\u00e9ctrico 4M","og_description":"Extractor de miel el\u00e9ctrico 4M El\u00a0Extractor de miel el\u00e9ctrico\u00a0de\u00a0ARC est\u00e1 dise\u00f1ada para procesar 4 marcos, est\u00e1 hecho de acero inoxidable extremadamente duradero. Esta maquinaria ap\u00edcola\u00a0se proporciona a un\u00a0precio inmejorable\u00a0por su cuidado en la elaboraci\u00f3n de la miel y sus materiales de primera calidad.  El\u00a0extractor de miel viene con 2 tapas transparentes y 2 asas laterales para facilitar el transporte. La parte inferior interna del tallo tiene forma c\u00f3nica. La\u00a0miel\u00a0se descarga del dispensador de 5 cm con un dispositivo de bloqueo. El\u00a0extractor de miel el\u00e9ctrico est\u00e1 dise\u00f1ado para procesar 4\u00a0marcos\u00a0y es adecuado para marcos de baja, media y alta profundidad. Los engranajes met\u00e1licos son totalmente internos para evitar que se ensucie con la miel. El\u00a0extractor de miel\u00a0ARCEME03\u00a0es uno de los pocos en el mercado equipado con un rodamiento elevado m\u00e1s bajo que impide la penetraci\u00f3n de la miel extra\u00edda. El acabado de acero inoxidable pulido espejo le da unas caracter\u00edsticas muy elegantes. Garant\u00eda\u00a0ARC 2 A\u00d1OS Extractor de miel el\u00e9ctrico eficiente, bajo consumo 120w soporte t\u00e9cnico\u00a0incluido","og_url":"https:\/\/distribucionarc.com\/hr\/proizvod\/elektricna-vrcaljka-4m\/","og_site_name":"distribuci\u00f3n ARC","article_modified_time":"2020-09-29T18:25:55+00:00","og_image":[{"width":1600,"height":1600,"url":"https:\/\/distribucionarc.com\/wp-content\/uploads\/2020\/07\/Extractor-de-miel-el\u00e9ctrico-4M-2.jpg","type":"image\/jpeg"}],"twitter_card":"summary_large_image","twitter_misc":{"Procijenjeno vrijeme \u010ditanja":"2 minute"},"schema":{"@context":"https:\/\/schema.org","@graph":[{"@type":"WebPage","@id":"https:\/\/distribucionarc.com\/sk\/producto\/extractor-de-miel-electrico-4m\/","url":"https:\/\/distribucionarc.com\/sk\/producto\/extractor-de-miel-electrico-4m\/","name":"4M elektri\u010dna vrcalica - ARC distribucija","isPartOf":{"@id":"https:\/\/www.distribucionarc.com\/sl\/#website"},"primaryImageOfPage":{"@id":"https:\/\/distribucionarc.com\/sk\/producto\/extractor-de-miel-electrico-4m\/#primaryimage"},"image":{"@id":"https:\/\/distribucionarc.com\/sk\/producto\/extractor-de-miel-electrico-4m\/#primaryimage"},"thumbnailUrl":"https:\/\/distribucionarc.com\/wp-content\/uploads\/2020\/07\/Extractor-de-miel-el\u00e9ctrico-4M-2.jpg","datePublished":"2020-07-23T10:16:39+00:00","dateModified":"2020-09-29T18:25:55+00:00","breadcrumb":{"@id":"https:\/\/distribucionarc.com\/sk\/producto\/extractor-de-miel-electrico-4m\/#breadcrumb"},"inLanguage":"hr","potentialAction":[{"@type":"ReadAction","target":["https:\/\/distribucionarc.com\/sk\/producto\/extractor-de-miel-electrico-4m\/"]}]},{"@type":"ImageObject","inLanguage":"hr","@id":"https:\/\/distribucionarc.com\/sk\/producto\/extractor-de-miel-electrico-4m\/#primaryimage","url":"https:\/\/distribucionarc.com\/wp-content\/uploads\/2020\/07\/Extractor-de-miel-el\u00e9ctrico-4M-2.jpg","contentUrl":"https:\/\/distribucionarc.com\/wp-content\/uploads\/2020\/07\/Extractor-de-miel-el\u00e9ctrico-4M-2.jpg","width":1600,"height":1600,"caption":"Extractor de miel el\u00e9ctrico 4M"},{"@type":"BreadcrumbList","@id":"https:\/\/distribucionarc.com\/sk\/producto\/extractor-de-miel-electrico-4m\/#breadcrumb","itemListElement":[{"@type":"ListItem","position":1,"name":"Portada","item":"https:\/\/www.distribucionarc.com\/"},{"@type":"ListItem","position":2,"name":"\u00dcr\u00fcnler","item":"https:\/\/www.distribucionarc.com\/tr\/magaza\/"},{"@type":"ListItem","position":3,"name":"Extractor de miel el\u00e9ctrico 4M"}]},{"@type":"WebSite","@id":"https:\/\/www.distribucionarc.com\/sl\/#website","url":"https:\/\/www.distribucionarc.com\/sl\/","name":"ARC distribucija","description":"Tvrtka specijalizirana za proizvodnju i distribuciju industrijskih strojeva, strojeva za zatvaranje limenki, strojeva za izradu pilula, strojeva za rezanje mesa itd.","publisher":{"@id":"https:\/\/www.distribucionarc.com\/sl\/#organization"},"potentialAction":[{"@type":"SearchAction","target":{"@type":"EntryPoint","urlTemplate":"https:\/\/www.distribucionarc.com\/sl\/?s={search_term_string}"},"query-input":{"@type":"PropertyValueSpecification","valueRequired":true,"valueName":"search_term_string"}}],"inLanguage":"hr"},{"@type":"Organization","@id":"https:\/\/www.distribucionarc.com\/sl\/#organization","name":"ARC distribucija","url":"https:\/\/www.distribucionarc.com\/sl\/","logo":{"@type":"ImageObject","inLanguage":"hr","@id":"https:\/\/www.distribucionarc.com\/sl\/#\/schema\/logo\/image\/","url":"https:\/\/distribucionarc.com\/wp-content\/uploads\/2024\/10\/distribucion-ARC-COLOR-SIN-FONDO-e1732295305345.png","contentUrl":"https:\/\/distribucionarc.com\/wp-content\/uploads\/2024\/10\/distribucion-ARC-COLOR-SIN-FONDO-e1732295305345.png","width":1164,"height":558,"caption":"Distribuci\u00f3n ARC"},"image":{"@id":"https:\/\/www.distribucionarc.com\/sl\/#\/schema\/logo\/image\/"},"description":"Tvrtka specijalizirana za proizvodnju i distribuciju industrijskih strojeva za prehrambeni i farmaceutski sektor. Specijalizirani smo za: Strojeve za rezanje mesa Proizvodnja tableta Industrijske transportne sustave Linije za punjenje Strojevi za doziranje I jo\u0161 mnogo toga... Nudimo inovativna i prilago\u0111ena rje\u0161enja za optimizaciju proizvodnih procesa Va\u0161e tvrtke.","email":"Admistracion@distribucionarc.com","telephone":"+34 643496664","legalName":"ARC TECH SOLUTIONS","foundingDate":"2024-04-09","vatID":"B55480172","numberOfEmployees":{"@type":"QuantitativeValue","minValue":"1","maxValue":"10"}}]}},"_links":{"self":[{"href":"https:\/\/distribucionarc.com\/hr\/wp-json\/wp\/v2\/product\/1343","targetHints":{"allow":["GET"]}}],"collection":[{"href":"https:\/\/distribucionarc.com\/hr\/wp-json\/wp\/v2\/product"}],"about":[{"href":"https:\/\/distribucionarc.com\/hr\/wp-json\/wp\/v2\/types\/product"}],"replies":[{"embeddable":true,"href":"https:\/\/distribucionarc.com\/hr\/wp-json\/wp\/v2\/comments?post=1343"}],"version-history":[{"count":0,"href":"https:\/\/distribucionarc.com\/hr\/wp-json\/wp\/v2\/product\/1343\/revisions"}],"wp:featuredmedia":[{"embeddable":true,"href":"https:\/\/distribucionarc.com\/hr\/wp-json\/wp\/v2\/media\/1352"}],"wp:attachment":[{"href":"https:\/\/distribucionarc.com\/hr\/wp-json\/wp\/v2\/media?parent=1343"}],"wp:term":[{"taxonomy":"product_brand","embeddable":true,"href":"https:\/\/distribucionarc.com\/hr\/wp-json\/wp\/v2\/product_brand?post=1343"},{"taxonomy":"product_cat","embeddable":true,"href":"https:\/\/distribucionarc.com\/hr\/wp-json\/wp\/v2\/product_cat?post=1343"},{"taxonomy":"product_tag","embeddable":true,"href":"https:\/\/distribucionarc.com\/hr\/wp-json\/wp\/v2\/product_tag?post=1343"}],"curies":[{"name":"radni list","href":"https:\/\/api.w.org\/{rel}","templated":true}]}}