{"id":1368,"date":"2020-07-23T15:26:48","date_gmt":"2020-07-23T15:26:48","guid":{"rendered":"https:\/\/distribucionarc.com\/?post_type=product&#038;p=1368"},"modified":"2023-05-06T18:01:14","modified_gmt":"2023-05-06T18:01:14","slug":"mesoreznica-profesionalna-500kg","status":"publish","type":"product","link":"https:\/\/distribucionarc.com\/hr\/producto\/cortadora-fileteadora-de-carnes-profesional-500kg\/","title":{"rendered":"Profesionalna ma\u0161ina za filetiranje mesa 500 kg"},"content":{"rendered":"<h3>Profesionalna ma\u0161ina za filetiranje mesa 500 kg<\/h3>\n<p>s <strong>profesionalne mesoreznice<\/strong> od <strong><span style=\"color: #ff0000;\">DO<\/span><span style=\"color: #0000ff;\">R<\/span>c<\/strong> Mo\u0107i \u0107ete dobiti proizvod koji odgovara va\u0161im potrebama, ovaj stroj \u0107e bolje sa\u010duvati va\u0161e proizvode olak\u0161avaju\u0107i rezanje u najkra\u0107em mogu\u0107em vremenu, mo\u017eete prilagoditi fileter prema zahtjevima va\u0161ih kupaca kako biste dobili ravnomjerne i precizne rezove.<\/p>\n<p>The <strong>profesionalna ma\u0161ina za filetiranje<\/strong> od<strong><span style=\"color: #ff0000;\"> DO<\/span><span style=\"color: #0000ff;\">R<\/span>c<\/strong> U potpunosti je izra\u0111en od nehr\u0111aju\u0107eg \u010delika koji jam\u010di njegovu tvrdo\u0107u i robusnost. O\u0161trice su izra\u0111ene od drugog posebnog materijala za prehrambeni sektor, \u010dija tvrdo\u0107a mo\u017ee dose\u0107i tvrdo\u0107u od 52\u00ba, \u0161to im omogu\u0107uje dugotrajno kori\u0161tenje.<\/p>\n<p>Ovaj <strong>komercijalni reza\u010d <span style=\"color: #ff0000;\">DO<\/span><span style=\"color: #0000ff;\">R<\/span>CMFTC1<\/strong> Ima sigurnosnu za\u0161titnu tipku, kada je stroj izlo\u017een, automatski se zaklju\u010dava. <strong>Ovaj profesionalni fileter<\/strong> pove\u0107at \u0107e svoju proizvodnju dostizanjem <span style=\"color: #ff0000;\"><b style=\"color: #ff0000;\">proizvoditi <\/b><span style=\"color: #ff0000;\"><b>500 kg<\/b><\/span><b style=\"color: #ff0000;\"> na sat,<\/b><\/span> dok ima koristi od <span style=\"color: #008000;\"><strong>motor male potro\u0161nje<\/strong><\/span>.<\/p>\n<p>Profesionalni fileter dolazi sa slobodnom o\u0161tricom od 0,3 cm, zahvaljuju\u0107i tome mo\u017ee napraviti rezove od 0,25 do 50 cm. Profesionalni reza\u010d je najprikladniji za delikatese, barove, restorane, prera\u0111iva\u010de mesa, bifee, hotele.<\/p>\n<h6>Jamstvo<strong>\u00a0<span style=\"color: #ff0000;\">DO<\/span><span style=\"color: #0000ff;\">R<\/span>C 2 GODINE<\/strong><\/h6>\n<h6><span style=\"color: #008000;\">naju\u010dinkovitiji motor niske potro\u0161nje 1000w<\/span><\/h6>\n<h6>uklju\u010dena tehni\u010dka podr\u0161ka.<\/h6>\n<p>&nbsp;<\/p>\n<p>&nbsp;<\/p>\n<table role=\"presentation\" width=\"100%\" cellspacing=\"0\" cellpadding=\"0\">\n<tbody>\n<tr>\n<td class=\"attrLabels\">Vlast:<\/td>\n<td width=\"50.0%\">1000 W<\/td>\n<\/tr>\n<tr>\n<td class=\"attrLabels\">Napon:<\/td>\n<td width=\"50.0%\">110V \u2013 220V 50Hz do 60Hz<\/td>\n<td class=\"attrLabels\">Te\u017eina:<\/td>\n<td width=\"50.0%\">50 kg<\/td>\n<\/tr>\n<tr>\n<td class=\"attrLabels\">Zemlja distribucije:<\/td>\n<td width=\"50.0%\">\u0160panjolska, Njema\u010dka, SAD<\/td>\n<td class=\"attrLabels\">Visina:<\/td>\n<td width=\"50.0%\">74,5 cm<\/td>\n<\/tr>\n<tr>\n<td class=\"attrLabels\">Marka:<\/td>\n<td width=\"50.0%\">LUK<\/td>\n<td class=\"attrLabels\">dugo:<\/td>\n<td width=\"50.0%\">12&quot;<\/td>\n<\/tr>\n<tr>\n<td class=\"attrLabels\">Vrsta proizvoda:<\/td>\n<td width=\"50.0%\">Profesionalni fileter za rezanje<\/td>\n<td class=\"attrLabels\">\u0160iroko:<\/td>\n<td width=\"50.0%\">\u00a053 cm<\/td>\n<\/tr>\n<tr>\n<td class=\"attrLabels\">Proizvo\u0111a\u010dki broj:<\/td>\n<td width=\"50.0%\">ARCMFTC1<\/td>\n<td class=\"attrLabels\">Brzina rada:<\/td>\n<td width=\"50.0%\">\u00a0500 kg na sat<\/td>\n<\/tr>\n<tr>\n<td class=\"attrLabels\">Materijal:<\/td>\n<td width=\"50.0%\">nehr\u0111aju\u0107i \u010delik, neklizaju\u0107i kota\u010di,<\/td>\n<td class=\"attrLabels\">Veli\u010dina unosa:<\/td>\n<td width=\"50.0%\">14,5 x 7 cm<\/td>\n<\/tr>\n<tr>\n<td class=\"attrLabels\">Boja:<\/td>\n<td width=\"50.0%\">Srebro<\/td>\n<td class=\"attrLabels\">Proizvodnja:<\/td>\n<td width=\"50.0%\">360 kg<\/td>\n<\/tr>\n<tr>\n<td class=\"attrLabels\">Alati za instalaciju:<\/td>\n<td width=\"50.0%\">Da<\/td>\n<td class=\"attrLabels\">Jamstvo:<\/td>\n<td width=\"50.0%\">2 GODINE<\/td>\n<\/tr>\n<\/tbody>\n<\/table>\n<p>&nbsp;<\/p>\n<p>&nbsp;<\/p>\n<p>&nbsp;<\/p>","protected":false},"excerpt":{"rendered":"<h2>Profesionalna ma\u0161ina za filetiranje mesa 500 kg<\/h2>\n<p>Ovaj <strong>komercijalna ma\u0161ina za rezanje mesa<span style=\"color: #ff0000;\"> DO<\/span><span style=\"color: #0000ff;\">R<\/span>c<\/strong> Pogodan je za restorane, prera\u0111iva\u010de mesa, bifee, hotele. S ovim profesionalnim reza\u010dem pove\u0107at \u0107ete svoju proizvodnju mogu\u0107no\u0161\u0107u obrade <span style=\"color: #ff0000;\"><strong>500 kg na sat<\/strong><\/span>.<\/p>\n<p>The <strong>profesionalna ma\u0161ina za filetiranje<span style=\"color: #ff0000;\"> DO<\/span><span style=\"color: #0000ff;\">R<\/span>CMFTC1<\/strong> U\u010dinkovit je u rezanju govedine, svinjetine, janjetine i drugog mesa na komade. Povr\u0161ina ovih narezaka je glatka, a debljina jednaka, \u0161to je vrlo korisno za odr\u017eavanje kvalitete svje\u017eeg mesa. The <strong>mesoreznica<\/strong> Dizajniran je da bude jednostavan i \u010dist, slobodan za rotiranje; Jedinica no\u017ea mo\u017ee se lak\u0161e ukloniti, o\u010distiti i prilagoditi. Izra\u0111en od najkvalitetnijeg nehr\u0111aju\u0107eg \u010delika za prehrambeni sektor.<\/p>\n<h6>Jamstvo<strong>\u00a0<span style=\"color: #ff0000;\">DO<\/span><span style=\"color: #0000ff;\">R<\/span>C 2 GODINE<\/strong><\/h6>\n<h6><span style=\"color: #008000;\">naju\u010dinkovitiji motor niske potro\u0161nje 1000w<\/span><\/h6>\n<h6>uklju\u010dena tehni\u010dka podr\u0161ka.<\/h6>\n<p>&nbsp;<\/p>","protected":false},"featured_media":1374,"comment_status":"open","ping_status":"closed","template":"","meta":{"wds_primary_product_brand":0,"wds_primary_product_cat":0},"product_brand":[],"product_cat":[43],"product_tag":[],"class_list":{"0":"post-1368","1":"product","2":"type-product","3":"status-publish","4":"has-post-thumbnail","6":"product_cat-cortadoras-de-alimentos","7":"product_shipping_class-express","9":"first","10":"instock","11":"sale","12":"taxable","13":"shipping-taxable","14":"purchasable","15":"product-type-simple"},"yoast_head":"<!-- This site is optimized with the Yoast SEO Premium plugin v24.9 (Yoast SEO v26.1) - https:\/\/yoast.com\/wordpress\/plugins\/seo\/ -->\n<title>Cortadora fileteadora de carnes profesional 500Kg - distribuci\u00f3n ARC<\/title>\n<meta name=\"robots\" content=\"index, follow, max-snippet:-1, max-image-preview:large, max-video-preview:-1\" \/>\n<link rel=\"canonical\" href=\"https:\/\/www.distribucionarc.com\/en\/producto\/cortadora-fileteadora-de-carnes-profesional-500kg\/\" \/>\n<meta property=\"og:locale\" content=\"hr_HR\" \/>\n<meta property=\"og:type\" content=\"article\" \/>\n<meta property=\"og:title\" content=\"Cortadora fileteadora de carnes profesional 500Kg\" \/>\n<meta property=\"og:description\" content=\"Cortadora fileteadora de carnes profesional 500Kg Esta cortadora comercial de carne ARC es el adecuado para la industria de restaurantes, procesadores de carnes, buffet, hoteles. Con esta cortadora profesional aumentara su produccion al poder procesar 500Kg por hora.  La fileteadora profesional ARCMFTC1 es eficaz en el corte de carne de res, cerdo, cordero y otras carnes en trozos. la superficie de estas carnes en rodajas es lisa y el espesor es igual, resulta muy \u00fatil para mantener la calidad de la carne fresca. La cortadora de carne est\u00e1 dise\u00f1ada para ser simple y limpia, libre de girar; la unidad de cuchillo se puede quitar, limpiar y ajustar m\u00e1s f\u00e1cilmente. Fabricada de acero inoxidable de la mejor calidad para el \u00e1mbito alimenticio. Garant\u00eda\u00a0ARC 2 A\u00d1OS motor m\u00e1s eficiente bajo consumo 1000w soporte t\u00e9cnico\u00a0incluido. &nbsp;\" \/>\n<meta property=\"og:url\" content=\"https:\/\/www.distribucionarc.com\/en\/producto\/cortadora-fileteadora-de-carnes-profesional-500kg\/\" \/>\n<meta property=\"og:site_name\" content=\"distribuci\u00f3n ARC\" \/>\n<meta property=\"article:modified_time\" content=\"2023-05-06T18:01:14+00:00\" \/>\n<meta property=\"og:image\" content=\"https:\/\/www.distribucionarc.com\/wp-content\/uploads\/2020\/07\/Cortadora-fileteadora-de-carnes-profesional-500Kg-0.jpg\" \/>\n\t<meta property=\"og:image:width\" content=\"1600\" \/>\n\t<meta property=\"og:image:height\" content=\"1600\" \/>\n\t<meta property=\"og:image:type\" content=\"image\/jpeg\" \/>\n<meta name=\"twitter:card\" content=\"summary_large_image\" \/>\n<meta name=\"twitter:label1\" content=\"Procijenjeno vrijeme \u010ditanja\" \/>\n\t<meta name=\"twitter:data1\" content=\"1 minuta\" \/>\n<script type=\"application\/ld+json\" class=\"yoast-schema-graph\">{\"@context\":\"https:\/\/schema.org\",\"@graph\":[{\"@type\":\"WebPage\",\"@id\":\"https:\/\/www.distribucionarc.com\/en\/producto\/cortadora-fileteadora-de-carnes-profesional-500kg\/\",\"url\":\"https:\/\/www.distribucionarc.com\/en\/producto\/cortadora-fileteadora-de-carnes-profesional-500kg\/\",\"name\":\"Cortadora fileteadora de carnes profesional 500Kg - distribuci\u00f3n ARC\",\"isPartOf\":{\"@id\":\"https:\/\/www.distribucionarc.com\/sl\/#website\"},\"primaryImageOfPage\":{\"@id\":\"https:\/\/www.distribucionarc.com\/en\/producto\/cortadora-fileteadora-de-carnes-profesional-500kg\/#primaryimage\"},\"image\":{\"@id\":\"https:\/\/www.distribucionarc.com\/en\/producto\/cortadora-fileteadora-de-carnes-profesional-500kg\/#primaryimage\"},\"thumbnailUrl\":\"https:\/\/distribucionarc.com\/wp-content\/uploads\/2020\/07\/Cortadora-fileteadora-de-carnes-profesional-500Kg-0.jpg\",\"datePublished\":\"2020-07-23T15:26:48+00:00\",\"dateModified\":\"2023-05-06T18:01:14+00:00\",\"breadcrumb\":{\"@id\":\"https:\/\/www.distribucionarc.com\/en\/producto\/cortadora-fileteadora-de-carnes-profesional-500kg\/#breadcrumb\"},\"inLanguage\":\"hr\",\"potentialAction\":[{\"@type\":\"ReadAction\",\"target\":[\"https:\/\/www.distribucionarc.com\/en\/producto\/cortadora-fileteadora-de-carnes-profesional-500kg\/\"]}]},{\"@type\":\"ImageObject\",\"inLanguage\":\"hr\",\"@id\":\"https:\/\/www.distribucionarc.com\/en\/producto\/cortadora-fileteadora-de-carnes-profesional-500kg\/#primaryimage\",\"url\":\"https:\/\/distribucionarc.com\/wp-content\/uploads\/2020\/07\/Cortadora-fileteadora-de-carnes-profesional-500Kg-0.jpg\",\"contentUrl\":\"https:\/\/distribucionarc.com\/wp-content\/uploads\/2020\/07\/Cortadora-fileteadora-de-carnes-profesional-500Kg-0.jpg\",\"width\":1600,\"height\":1600,\"caption\":\"Cortadora fileteadora de carnes profesional 500Kg\"},{\"@type\":\"BreadcrumbList\",\"@id\":\"https:\/\/www.distribucionarc.com\/en\/producto\/cortadora-fileteadora-de-carnes-profesional-500kg\/#breadcrumb\",\"itemListElement\":[{\"@type\":\"ListItem\",\"position\":1,\"name\":\"Portada\",\"item\":\"https:\/\/www.distribucionarc.com\/\"},{\"@type\":\"ListItem\",\"position\":2,\"name\":\"\u00dcr\u00fcnler\",\"item\":\"https:\/\/www.distribucionarc.com\/tr\/magaza\/\"},{\"@type\":\"ListItem\",\"position\":3,\"name\":\"Cortadora fileteadora de carnes profesional 500Kg\"}]},{\"@type\":\"WebSite\",\"@id\":\"https:\/\/www.distribucionarc.com\/sl\/#website\",\"url\":\"https:\/\/www.distribucionarc.com\/sl\/\",\"name\":\"distribuci\u00f3n ARC\",\"description\":\"Empresa especializada en la fabricaci\u00f3n y distribuci\u00f3n de maquinaria industrial, selladoras de latas, Maquinas de hacer pastillas, Maquinas de cortar carne...\",\"publisher\":{\"@id\":\"https:\/\/www.distribucionarc.com\/sl\/#organization\"},\"potentialAction\":[{\"@type\":\"SearchAction\",\"target\":{\"@type\":\"EntryPoint\",\"urlTemplate\":\"https:\/\/www.distribucionarc.com\/sl\/?s={search_term_string}\"},\"query-input\":{\"@type\":\"PropertyValueSpecification\",\"valueRequired\":true,\"valueName\":\"search_term_string\"}}],\"inLanguage\":\"hr\"},{\"@type\":\"Organization\",\"@id\":\"https:\/\/www.distribucionarc.com\/sl\/#organization\",\"name\":\"Distribuci\u00f3n ARC\",\"url\":\"https:\/\/www.distribucionarc.com\/sl\/\",\"logo\":{\"@type\":\"ImageObject\",\"inLanguage\":\"hr\",\"@id\":\"https:\/\/www.distribucionarc.com\/sl\/#\/schema\/logo\/image\/\",\"url\":\"https:\/\/distribucionarc.com\/wp-content\/uploads\/2024\/10\/distribucion-ARC-COLOR-SIN-FONDO-e1732295305345.png\",\"contentUrl\":\"https:\/\/distribucionarc.com\/wp-content\/uploads\/2024\/10\/distribucion-ARC-COLOR-SIN-FONDO-e1732295305345.png\",\"width\":1164,\"height\":558,\"caption\":\"Distribuci\u00f3n ARC\"},\"image\":{\"@id\":\"https:\/\/www.distribucionarc.com\/sl\/#\/schema\/logo\/image\/\"},\"description\":\"Empresa especializada en la fabricaci\u00f3n y distribuci\u00f3n de maquinaria industrial para los sectores alimentario y farmac\u00e9utico. Nos especializamos en: M\u00e1quinas de cortar carne Fabricaci\u00f3n de comprimidos Sistemas de transporte industrial L\u00edneas de embotellado Dosificadores Y mucho m\u00e1s... Ofrecemos soluciones innovadoras y personalizadas para optimizar los procesos productivos de tu empresa.\",\"email\":\"Admistracion@distribucionarc.com\",\"telephone\":\"+34 643496664\",\"legalName\":\"ARC TECH SOLUTIONS\",\"foundingDate\":\"2024-04-09\",\"vatID\":\"B55480172\",\"numberOfEmployees\":{\"@type\":\"QuantitativeValue\",\"minValue\":\"1\",\"maxValue\":\"10\"}}]}<\/script>\n<!-- \/ Yoast SEO Premium plugin. -->","yoast_head_json":{"title":"Profesionalna ma\u0161ina za filetiranje mesa od 500 kg - distribucija ARC","robots":{"index":"index","follow":"follow","max-snippet":"max-snippet:-1","max-image-preview":"max-image-preview:large","max-video-preview":"max-video-preview:-1"},"canonical":"https:\/\/www.distribucionarc.com\/en\/producto\/cortadora-fileteadora-de-carnes-profesional-500kg\/","og_locale":"hr_HR","og_type":"article","og_title":"Cortadora fileteadora de carnes profesional 500Kg","og_description":"Cortadora fileteadora de carnes profesional 500Kg Esta cortadora comercial de carne ARC es el adecuado para la industria de restaurantes, procesadores de carnes, buffet, hoteles. Con esta cortadora profesional aumentara su produccion al poder procesar 500Kg por hora.  La fileteadora profesional ARCMFTC1 es eficaz en el corte de carne de res, cerdo, cordero y otras carnes en trozos. la superficie de estas carnes en rodajas es lisa y el espesor es igual, resulta muy \u00fatil para mantener la calidad de la carne fresca. La cortadora de carne est\u00e1 dise\u00f1ada para ser simple y limpia, libre de girar; la unidad de cuchillo se puede quitar, limpiar y ajustar m\u00e1s f\u00e1cilmente. Fabricada de acero inoxidable de la mejor calidad para el \u00e1mbito alimenticio. Garant\u00eda\u00a0ARC 2 A\u00d1OS motor m\u00e1s eficiente bajo consumo 1000w soporte t\u00e9cnico\u00a0incluido. &nbsp;","og_url":"https:\/\/www.distribucionarc.com\/en\/producto\/cortadora-fileteadora-de-carnes-profesional-500kg\/","og_site_name":"distribuci\u00f3n ARC","article_modified_time":"2023-05-06T18:01:14+00:00","og_image":[{"width":1600,"height":1600,"url":"https:\/\/www.distribucionarc.com\/wp-content\/uploads\/2020\/07\/Cortadora-fileteadora-de-carnes-profesional-500Kg-0.jpg","type":"image\/jpeg"}],"twitter_card":"summary_large_image","twitter_misc":{"Procijenjeno vrijeme \u010ditanja":"1 minuta"},"schema":{"@context":"https:\/\/schema.org","@graph":[{"@type":"WebPage","@id":"https:\/\/www.distribucionarc.com\/en\/producto\/cortadora-fileteadora-de-carnes-profesional-500kg\/","url":"https:\/\/www.distribucionarc.com\/en\/producto\/cortadora-fileteadora-de-carnes-profesional-500kg\/","name":"Profesionalna ma\u0161ina za filetiranje mesa od 500 kg - distribucija ARC","isPartOf":{"@id":"https:\/\/www.distribucionarc.com\/sl\/#website"},"primaryImageOfPage":{"@id":"https:\/\/www.distribucionarc.com\/en\/producto\/cortadora-fileteadora-de-carnes-profesional-500kg\/#primaryimage"},"image":{"@id":"https:\/\/www.distribucionarc.com\/en\/producto\/cortadora-fileteadora-de-carnes-profesional-500kg\/#primaryimage"},"thumbnailUrl":"https:\/\/distribucionarc.com\/wp-content\/uploads\/2020\/07\/Cortadora-fileteadora-de-carnes-profesional-500Kg-0.jpg","datePublished":"2020-07-23T15:26:48+00:00","dateModified":"2023-05-06T18:01:14+00:00","breadcrumb":{"@id":"https:\/\/www.distribucionarc.com\/en\/producto\/cortadora-fileteadora-de-carnes-profesional-500kg\/#breadcrumb"},"inLanguage":"hr","potentialAction":[{"@type":"ReadAction","target":["https:\/\/www.distribucionarc.com\/en\/producto\/cortadora-fileteadora-de-carnes-profesional-500kg\/"]}]},{"@type":"ImageObject","inLanguage":"hr","@id":"https:\/\/www.distribucionarc.com\/en\/producto\/cortadora-fileteadora-de-carnes-profesional-500kg\/#primaryimage","url":"https:\/\/distribucionarc.com\/wp-content\/uploads\/2020\/07\/Cortadora-fileteadora-de-carnes-profesional-500Kg-0.jpg","contentUrl":"https:\/\/distribucionarc.com\/wp-content\/uploads\/2020\/07\/Cortadora-fileteadora-de-carnes-profesional-500Kg-0.jpg","width":1600,"height":1600,"caption":"Cortadora fileteadora de carnes profesional 500Kg"},{"@type":"BreadcrumbList","@id":"https:\/\/www.distribucionarc.com\/en\/producto\/cortadora-fileteadora-de-carnes-profesional-500kg\/#breadcrumb","itemListElement":[{"@type":"ListItem","position":1,"name":"Portada","item":"https:\/\/www.distribucionarc.com\/"},{"@type":"ListItem","position":2,"name":"\u00dcr\u00fcnler","item":"https:\/\/www.distribucionarc.com\/tr\/magaza\/"},{"@type":"ListItem","position":3,"name":"Cortadora fileteadora de carnes profesional 500Kg"}]},{"@type":"WebSite","@id":"https:\/\/www.distribucionarc.com\/sl\/#website","url":"https:\/\/www.distribucionarc.com\/sl\/","name":"ARC distribucija","description":"Tvrtka specijalizirana za proizvodnju i distribuciju industrijskih strojeva, strojeva za zatvaranje limenki, strojeva za izradu pilula, strojeva za rezanje mesa itd.","publisher":{"@id":"https:\/\/www.distribucionarc.com\/sl\/#organization"},"potentialAction":[{"@type":"SearchAction","target":{"@type":"EntryPoint","urlTemplate":"https:\/\/www.distribucionarc.com\/sl\/?s={search_term_string}"},"query-input":{"@type":"PropertyValueSpecification","valueRequired":true,"valueName":"search_term_string"}}],"inLanguage":"hr"},{"@type":"Organization","@id":"https:\/\/www.distribucionarc.com\/sl\/#organization","name":"ARC distribucija","url":"https:\/\/www.distribucionarc.com\/sl\/","logo":{"@type":"ImageObject","inLanguage":"hr","@id":"https:\/\/www.distribucionarc.com\/sl\/#\/schema\/logo\/image\/","url":"https:\/\/distribucionarc.com\/wp-content\/uploads\/2024\/10\/distribucion-ARC-COLOR-SIN-FONDO-e1732295305345.png","contentUrl":"https:\/\/distribucionarc.com\/wp-content\/uploads\/2024\/10\/distribucion-ARC-COLOR-SIN-FONDO-e1732295305345.png","width":1164,"height":558,"caption":"Distribuci\u00f3n ARC"},"image":{"@id":"https:\/\/www.distribucionarc.com\/sl\/#\/schema\/logo\/image\/"},"description":"Tvrtka specijalizirana za proizvodnju i distribuciju industrijskih strojeva za prehrambeni i farmaceutski sektor. Specijalizirani smo za: Strojeve za rezanje mesa Proizvodnja tableta Industrijske transportne sustave Linije za punjenje Strojevi za doziranje I jo\u0161 mnogo toga... Nudimo inovativna i prilago\u0111ena rje\u0161enja za optimizaciju proizvodnih procesa Va\u0161e tvrtke.","email":"Admistracion@distribucionarc.com","telephone":"+34 643496664","legalName":"ARC TECH SOLUTIONS","foundingDate":"2024-04-09","vatID":"B55480172","numberOfEmployees":{"@type":"QuantitativeValue","minValue":"1","maxValue":"10"}}]}},"_links":{"self":[{"href":"https:\/\/distribucionarc.com\/hr\/wp-json\/wp\/v2\/product\/1368","targetHints":{"allow":["GET"]}}],"collection":[{"href":"https:\/\/distribucionarc.com\/hr\/wp-json\/wp\/v2\/product"}],"about":[{"href":"https:\/\/distribucionarc.com\/hr\/wp-json\/wp\/v2\/types\/product"}],"replies":[{"embeddable":true,"href":"https:\/\/distribucionarc.com\/hr\/wp-json\/wp\/v2\/comments?post=1368"}],"version-history":[{"count":0,"href":"https:\/\/distribucionarc.com\/hr\/wp-json\/wp\/v2\/product\/1368\/revisions"}],"wp:featuredmedia":[{"embeddable":true,"href":"https:\/\/distribucionarc.com\/hr\/wp-json\/wp\/v2\/media\/1374"}],"wp:attachment":[{"href":"https:\/\/distribucionarc.com\/hr\/wp-json\/wp\/v2\/media?parent=1368"}],"wp:term":[{"taxonomy":"product_brand","embeddable":true,"href":"https:\/\/distribucionarc.com\/hr\/wp-json\/wp\/v2\/product_brand?post=1368"},{"taxonomy":"product_cat","embeddable":true,"href":"https:\/\/distribucionarc.com\/hr\/wp-json\/wp\/v2\/product_cat?post=1368"},{"taxonomy":"product_tag","embeddable":true,"href":"https:\/\/distribucionarc.com\/hr\/wp-json\/wp\/v2\/product_tag?post=1368"}],"curies":[{"name":"radni list","href":"https:\/\/api.w.org\/{rel}","templated":true}]}}