{"id":1487,"date":"2020-07-25T11:51:24","date_gmt":"2020-07-25T11:51:24","guid":{"rendered":"https:\/\/distribucionarc.com\/?post_type=product&#038;p=1487"},"modified":"2020-09-27T09:58:53","modified_gmt":"2020-09-27T09:58:53","slug":"pecnica-friteza-na-vruci-zrak-s-funkcijom-okretanja","status":"publish","type":"product","link":"https:\/\/distribucionarc.com\/hr\/producto\/horno-freidora-de-aire-caliente-con-funcion-giratoria\/","title":{"rendered":"Pe\u0107nica na vru\u0107i zrak s rotiraju\u0107om funkcijom"},"content":{"rendered":"<h3>Pe\u0107nica na vru\u0107i zrak s rotiraju\u0107om funkcijom<\/h3>\n<p>Kapacitet <strong>friteza na vru\u0107i zrak<\/strong> Ima 12 L s u\u010dinkovitim prostorom za kuhanje i rotiraju\u0107om funkcijom. Njegova funkcija o\u010duvanja topline pomo\u0107i \u0107e pridonijeti a <span style=\"color: #008000;\"><strong>niska potro\u0161nja energije<\/strong><\/span>.<\/p>\n<p>s <strong>friteza pe\u0107nica <span style=\"color: #ff0000;\">DO<\/span><span style=\"color: #0000ff;\">R<\/span>CFHA12<\/strong> i njegovih 1600 W, imate svestrani kuhinjski aparat s kojim mo\u017eete pe\u0107i ili pr\u017eiti ribu, meso, povr\u0107e, veganska jela i slastice. Zbog svoje veli\u010dine i funkcije brzog zagrijavanja bit \u0107e nezamjenjiv.<\/p>\n<p>Sli\u010dno a <strong>konvekcijska pe\u0107nica<\/strong>, jela se pripremaju na gornjoj temperaturi, a ne na ulju ili masti, prvenstveno u struji vru\u0107eg zraka. Grija\u0107i element od <strong>pe\u0107nica za fritezu na vru\u0107i zrak <span style=\"color: #ff0000;\">DO<\/span><span style=\"color: #0000ff;\">R<\/span>c<\/strong> Izra\u0111en je od najboljeg nehr\u0111aju\u0107eg \u010delika za prehrambenu upotrebu.<\/p>\n<p>S digitalnim zaslonom <strong>pe\u0107nica na topli zrak<\/strong>, kontrolirat \u0107e podesivo vrijeme kuhanja od 1-60 min kao i temperaturu od 50\u00baC do 200\u00baC. Njegovih 9 uspostavljenih programa pru\u017eit \u0107e vam razne termine za razli\u010dita jela. Tehnologija kru\u017eenja zraka velike brzine \u0161tedi vam vrijeme.<\/p>\n<h6><\/h6>\n<h6>Jamstvo<strong>\u00a0<span style=\"color: #ff0000;\">DO<\/span><span style=\"color: #0000ff;\">R<\/span>C 2 GODINE<\/strong><\/h6>\n<h6><span style=\"color: #008000;\">U\u010dinkovita elektri\u010dna pe\u0107nica za fritezu, niske potro\u0161nje 1600w<\/span><\/h6>\n<h6>uklju\u010dena tehni\u010dka podr\u0161ka<\/h6>\n<p>&nbsp;<\/p>\n<table role=\"presentation\" width=\"100%\" cellspacing=\"0\" cellpadding=\"0\">\n<tbody>\n<tr>\n<td class=\"attrLabels\">Temperatura:<\/td>\n<td width=\"50.0%\">50-200\u00baC<\/td>\n<\/tr>\n<tr>\n<td class=\"attrLabels\">Zemlja distribucije:<\/td>\n<td width=\"50.0%\">\u0160panjolska, Njema\u010dka, SAD<\/td>\n<td class=\"attrLabels\">Te\u017eina:<\/td>\n<td width=\"50.0%\">7 kg<\/td>\n<\/tr>\n<tr>\n<td class=\"attrLabels\">Marka:<\/td>\n<td width=\"50.0%\">LUK<\/td>\n<td class=\"attrLabels\">Visina:<\/td>\n<td width=\"50.0%\">\u00a037 cm<\/td>\n<\/tr>\n<tr>\n<td class=\"attrLabels\">Boja:<\/td>\n<td width=\"50.0%\">Srebro<\/td>\n<td class=\"attrLabels\">dugo:<\/td>\n<td width=\"50.0%\">34 cm<\/td>\n<\/tr>\n<tr>\n<td class=\"attrLabels\">Vrsta proizvoda:<\/td>\n<td width=\"50.0%\">pe\u0107nica za fritezu na vru\u0107i zrak<\/td>\n<td class=\"attrLabels\">\u0160iroko:<\/td>\n<td width=\"50.0%\">33 cm<\/td>\n<\/tr>\n<tr>\n<td class=\"attrLabels\">Proizvo\u0111a\u010dki broj:<\/td>\n<td width=\"50.0%\">ARCFHA12<\/td>\n<td class=\"attrLabels\">Vlast:<\/td>\n<td width=\"50.0%\">1600 W<\/td>\n<\/tr>\n<tr>\n<td class=\"attrLabels\">Materijal:<\/td>\n<td width=\"50.0%\">nehr\u0111aju\u0107i \u010delik, LCD zaslon osjetljiv na dodir<\/td>\n<td class=\"attrLabels\">ulazni napon<\/td>\n<td width=\"50.0%\">220V \u2013 50Hz<\/td>\n<\/tr>\n<tr>\n<td class=\"attrLabels\">Zna\u010dajke:<\/td>\n<td width=\"50.0%\">Pe\u0107nica na topli zrak, friteza, tostiranje, funkcija rotiranja, pe\u010denje<\/td>\n<td class=\"attrLabels\">Sposobnost:<\/td>\n<td width=\"50.0%\">12L<\/td>\n<\/tr>\n<tr>\n<td class=\"attrLabels\">Alati za instalaciju:<\/td>\n<td width=\"50.0%\">Da<\/td>\n<td class=\"attrLabels\">Jamstvo:<\/td>\n<td width=\"50.0%\">LUK 2 GOD<\/td>\n<\/tr>\n<\/tbody>\n<\/table>","protected":false},"excerpt":{"rendered":"<h2>Pe\u0107nica na vru\u0107i zrak s rotiraju\u0107om funkcijom<\/h2>\n<p>Pobrinite se za svoje klijente i iznenadite ih s <strong>friteze na vru\u0107i zrak <span style=\"color: #ff0000;\">DO<\/span><span style=\"color: #0000ff;\">R<\/span>c<\/strong>Va\u0161a \u0107e jela biti najzdravija i najukusnija jer ne ovise o uljima i mastima, do <strong>80% manje masti<\/strong> a u isto vrijeme a <strong>100% okus<\/strong>.<\/p>\n<p>s<strong> friteza na vru\u0107i zrak<\/strong> od <strong><span style=\"color: #ff0000;\">DO<\/span><span style=\"color: #0000ff;\">R<\/span>c<\/strong>, jela se pripremaju u struji vru\u0107eg zraka, sli\u010dno a<strong> konvekcijska pe\u0107nica<\/strong> Distribucijom cirkuliraju\u0107eg zraka kroz gornji i donji dio, bez potrebe za uljem ili ma\u0161\u0107u, mo\u017eete posti\u0107i nenadma\u0161ne rezultate. The<strong> friteza na vru\u0107i zrak <span style=\"color: #ff0000;\">DO<\/span><span style=\"color: #0000ff;\">R<\/span>CFHA12<\/strong> Ima u\u010dinkovit prostor za kuhanje i, u usporedbi s pe\u0107nicom s cirkulacijom zraka, posti\u0107i \u0107e \u017eeljenu radnu temperaturu u rekordnom vremenu. Nadalje, njegova funkcija o\u010duvanja topline doprinosi a <span style=\"color: #008000;\"><strong>niska potro\u0161nja energije.<\/strong><\/span><\/p>\n<h6>Jamstvo<strong>\u00a0<span style=\"color: #ff0000;\">DO<\/span><span style=\"color: #0000ff;\">R<\/span>C 2 GODINE<\/strong><\/h6>\n<h6><span style=\"color: #008000;\">U\u010dinkovita elektri\u010dna pe\u0107nica za fritezu, niske potro\u0161nje 1600w<\/span><\/h6>\n<h6>uklju\u010dena tehni\u010dka podr\u0161ka<\/h6>\n<p>&nbsp;<\/p>","protected":false},"featured_media":1488,"comment_status":"open","ping_status":"closed","template":"","meta":{"wds_primary_product_brand":0,"wds_primary_product_cat":0},"product_brand":[],"product_cat":[42,38,40],"product_tag":[],"class_list":{"0":"post-1487","1":"product","2":"type-product","3":"status-publish","4":"has-post-thumbnail","6":"product_cat-asador-de-pollos","7":"product_cat-freidoras","8":"product_cat-hornos","9":"product_shipping_class-hosteleria","11":"first","12":"instock","13":"sale","14":"taxable","15":"shipping-taxable","16":"purchasable","17":"product-type-simple"},"yoast_head":"<!-- This site is optimized with the Yoast SEO Premium plugin v24.9 (Yoast SEO v26.1) - https:\/\/yoast.com\/wordpress\/plugins\/seo\/ -->\n<title>Horno freidora de aire caliente con funci\u00f3n giratoria - distribuci\u00f3n ARC<\/title>\n<meta name=\"robots\" content=\"index, follow, max-snippet:-1, max-image-preview:large, max-video-preview:-1\" \/>\n<link rel=\"canonical\" href=\"https:\/\/distribucionarc.com\/hr\/proizvod\/pecnica-friteza-na-vruci-zrak-s-funkcijom-okretanja\/\" \/>\n<meta property=\"og:locale\" content=\"hr_HR\" \/>\n<meta property=\"og:type\" content=\"article\" \/>\n<meta property=\"og:title\" content=\"Horno freidora de aire caliente con funci\u00f3n giratoria\" \/>\n<meta property=\"og:description\" content=\"Horno freidora de aire caliente con funci\u00f3n giratoria Cuida a tus clientes y sorpr\u00e9ndelos con las freidoras de aire caliente ARC, tus platos ser\u00e1n los m\u00e1s sanos y sabrosos al no depender de aceites o grasas, hasta un 80% menos de grasa y al mismo tiempo un 100% de sabor.  Con la freidora de aire caliente de ARC, los platos se preparan en una corriente de aire caliente, similar a un horno de convecci\u00f3n repartiendo el aire circulante por ambas partes superior \/inferior, sin necesidad de aceite o grasas podr\u00e1 lograr unos resultados insuperables. La freidora de aire caliente ARCFHA12 dispone de un espacio de cocci\u00f3n eficaz adem\u00e1s en comparaci\u00f3n con un horno de aire circulante conseguir\u00e1 la temperatura de funcionamiento deseada en tiempo r\u00e9cord. Adem\u00e1s, su funci\u00f3n de conservaci\u00f3n del calor contribuye a un bajo consumo energ\u00e9tico. Garant\u00eda\u00a0ARC 2 A\u00d1OS Horno freidora el\u00e9ctrica eficiente, bajo consumo 1600w soporte t\u00e9cnico\u00a0incluido &nbsp;\" \/>\n<meta property=\"og:url\" content=\"https:\/\/distribucionarc.com\/hr\/proizvod\/pecnica-friteza-na-vruci-zrak-s-funkcijom-okretanja\/\" \/>\n<meta property=\"og:site_name\" content=\"distribuci\u00f3n ARC\" \/>\n<meta property=\"article:modified_time\" content=\"2020-09-27T09:58:53+00:00\" \/>\n<meta property=\"og:image\" content=\"https:\/\/distribucionarc.com\/wp-content\/uploads\/2020\/07\/Horno-freidora-de-aire-caliente-con-funci\u00f3n-giratoria-0.jpeg\" \/>\n\t<meta property=\"og:image:width\" content=\"1600\" \/>\n\t<meta property=\"og:image:height\" content=\"1548\" \/>\n\t<meta property=\"og:image:type\" content=\"image\/jpeg\" \/>\n<meta name=\"twitter:card\" content=\"summary_large_image\" \/>\n<meta name=\"twitter:label1\" content=\"Procijenjeno vrijeme \u010ditanja\" \/>\n\t<meta name=\"twitter:data1\" content=\"1 minuta\" \/>\n<script type=\"application\/ld+json\" class=\"yoast-schema-graph\">{\"@context\":\"https:\/\/schema.org\",\"@graph\":[{\"@type\":\"WebPage\",\"@id\":\"https:\/\/distribucionarc.com\/en\/producto\/horno-freidora-de-aire-caliente-con-funcion-giratoria\/\",\"url\":\"https:\/\/distribucionarc.com\/en\/producto\/horno-freidora-de-aire-caliente-con-funcion-giratoria\/\",\"name\":\"Horno freidora de aire caliente con funci\u00f3n giratoria - distribuci\u00f3n ARC\",\"isPartOf\":{\"@id\":\"https:\/\/www.distribucionarc.com\/de\/#website\"},\"primaryImageOfPage\":{\"@id\":\"https:\/\/distribucionarc.com\/en\/producto\/horno-freidora-de-aire-caliente-con-funcion-giratoria\/#primaryimage\"},\"image\":{\"@id\":\"https:\/\/distribucionarc.com\/en\/producto\/horno-freidora-de-aire-caliente-con-funcion-giratoria\/#primaryimage\"},\"thumbnailUrl\":\"https:\/\/distribucionarc.com\/wp-content\/uploads\/2020\/07\/Horno-freidora-de-aire-caliente-con-funci\u00f3n-giratoria-0.jpeg\",\"datePublished\":\"2020-07-25T11:51:24+00:00\",\"dateModified\":\"2020-09-27T09:58:53+00:00\",\"breadcrumb\":{\"@id\":\"https:\/\/distribucionarc.com\/en\/producto\/horno-freidora-de-aire-caliente-con-funcion-giratoria\/#breadcrumb\"},\"inLanguage\":\"hr\",\"potentialAction\":[{\"@type\":\"ReadAction\",\"target\":[\"https:\/\/distribucionarc.com\/en\/producto\/horno-freidora-de-aire-caliente-con-funcion-giratoria\/\"]}]},{\"@type\":\"ImageObject\",\"inLanguage\":\"hr\",\"@id\":\"https:\/\/distribucionarc.com\/en\/producto\/horno-freidora-de-aire-caliente-con-funcion-giratoria\/#primaryimage\",\"url\":\"https:\/\/distribucionarc.com\/wp-content\/uploads\/2020\/07\/Horno-freidora-de-aire-caliente-con-funci\u00f3n-giratoria-0.jpeg\",\"contentUrl\":\"https:\/\/distribucionarc.com\/wp-content\/uploads\/2020\/07\/Horno-freidora-de-aire-caliente-con-funci\u00f3n-giratoria-0.jpeg\",\"width\":1600,\"height\":1548,\"caption\":\"Horno freidora de aire caliente\"},{\"@type\":\"BreadcrumbList\",\"@id\":\"https:\/\/distribucionarc.com\/en\/producto\/horno-freidora-de-aire-caliente-con-funcion-giratoria\/#breadcrumb\",\"itemListElement\":[{\"@type\":\"ListItem\",\"position\":1,\"name\":\"Portada\",\"item\":\"https:\/\/www.distribucionarc.com\/en\/\"},{\"@type\":\"ListItem\",\"position\":2,\"name\":\"Products\",\"item\":\"https:\/\/www.distribucionarc.com\/en\/shop\/\"},{\"@type\":\"ListItem\",\"position\":3,\"name\":\"Horno freidora de aire caliente con funci\u00f3n giratoria\"}]},{\"@type\":\"WebSite\",\"@id\":\"https:\/\/www.distribucionarc.com\/de\/#website\",\"url\":\"https:\/\/www.distribucionarc.com\/de\/\",\"name\":\"distribuci\u00f3n ARC\",\"description\":\"Empresa especializada en la fabricaci\u00f3n y distribuci\u00f3n de maquinaria industrial, selladoras de latas, Maquinas de hacer pastillas, Maquinas de cortar carne...\",\"publisher\":{\"@id\":\"https:\/\/www.distribucionarc.com\/de\/#organization\"},\"potentialAction\":[{\"@type\":\"SearchAction\",\"target\":{\"@type\":\"EntryPoint\",\"urlTemplate\":\"https:\/\/www.distribucionarc.com\/de\/?s={search_term_string}\"},\"query-input\":{\"@type\":\"PropertyValueSpecification\",\"valueRequired\":true,\"valueName\":\"search_term_string\"}}],\"inLanguage\":\"hr\"},{\"@type\":\"Organization\",\"@id\":\"https:\/\/www.distribucionarc.com\/de\/#organization\",\"name\":\"Distribuci\u00f3n ARC\",\"url\":\"https:\/\/www.distribucionarc.com\/de\/\",\"logo\":{\"@type\":\"ImageObject\",\"inLanguage\":\"hr\",\"@id\":\"https:\/\/www.distribucionarc.com\/de\/#\/schema\/logo\/image\/\",\"url\":\"https:\/\/distribucionarc.com\/wp-content\/uploads\/2024\/10\/distribucion-ARC-COLOR-SIN-FONDO-e1732295305345.png\",\"contentUrl\":\"https:\/\/distribucionarc.com\/wp-content\/uploads\/2024\/10\/distribucion-ARC-COLOR-SIN-FONDO-e1732295305345.png\",\"width\":1164,\"height\":558,\"caption\":\"Distribuci\u00f3n ARC\"},\"image\":{\"@id\":\"https:\/\/www.distribucionarc.com\/de\/#\/schema\/logo\/image\/\"},\"description\":\"Empresa especializada en la fabricaci\u00f3n y distribuci\u00f3n de maquinaria industrial para los sectores alimentario y farmac\u00e9utico. Nos especializamos en: M\u00e1quinas de cortar carne Fabricaci\u00f3n de comprimidos Sistemas de transporte industrial L\u00edneas de embotellado Dosificadores Y mucho m\u00e1s... Ofrecemos soluciones innovadoras y personalizadas para optimizar los procesos productivos de tu empresa.\",\"email\":\"Admistracion@distribucionarc.com\",\"telephone\":\"+34 643496664\",\"legalName\":\"ARC TECH SOLUTIONS\",\"foundingDate\":\"2024-04-09\",\"vatID\":\"B55480172\",\"numberOfEmployees\":{\"@type\":\"QuantitativeValue\",\"minValue\":\"1\",\"maxValue\":\"10\"}}]}<\/script>\n<!-- \/ Yoast SEO Premium plugin. -->","yoast_head_json":{"title":"Friteza na vru\u0107i zrak s rotiraju\u0107om funkcijom - ARC distribucija","robots":{"index":"index","follow":"follow","max-snippet":"max-snippet:-1","max-image-preview":"max-image-preview:large","max-video-preview":"max-video-preview:-1"},"canonical":"https:\/\/distribucionarc.com\/hr\/proizvod\/pecnica-friteza-na-vruci-zrak-s-funkcijom-okretanja\/","og_locale":"hr_HR","og_type":"article","og_title":"Horno freidora de aire caliente con funci\u00f3n giratoria","og_description":"Horno freidora de aire caliente con funci\u00f3n giratoria Cuida a tus clientes y sorpr\u00e9ndelos con las freidoras de aire caliente ARC, tus platos ser\u00e1n los m\u00e1s sanos y sabrosos al no depender de aceites o grasas, hasta un 80% menos de grasa y al mismo tiempo un 100% de sabor.  Con la freidora de aire caliente de ARC, los platos se preparan en una corriente de aire caliente, similar a un horno de convecci\u00f3n repartiendo el aire circulante por ambas partes superior \/inferior, sin necesidad de aceite o grasas podr\u00e1 lograr unos resultados insuperables. La freidora de aire caliente ARCFHA12 dispone de un espacio de cocci\u00f3n eficaz adem\u00e1s en comparaci\u00f3n con un horno de aire circulante conseguir\u00e1 la temperatura de funcionamiento deseada en tiempo r\u00e9cord. Adem\u00e1s, su funci\u00f3n de conservaci\u00f3n del calor contribuye a un bajo consumo energ\u00e9tico. Garant\u00eda\u00a0ARC 2 A\u00d1OS Horno freidora el\u00e9ctrica eficiente, bajo consumo 1600w soporte t\u00e9cnico\u00a0incluido &nbsp;","og_url":"https:\/\/distribucionarc.com\/hr\/proizvod\/pecnica-friteza-na-vruci-zrak-s-funkcijom-okretanja\/","og_site_name":"distribuci\u00f3n ARC","article_modified_time":"2020-09-27T09:58:53+00:00","og_image":[{"width":1600,"height":1548,"url":"https:\/\/distribucionarc.com\/wp-content\/uploads\/2020\/07\/Horno-freidora-de-aire-caliente-con-funci\u00f3n-giratoria-0.jpeg","type":"image\/jpeg"}],"twitter_card":"summary_large_image","twitter_misc":{"Procijenjeno vrijeme \u010ditanja":"1 minuta"},"schema":{"@context":"https:\/\/schema.org","@graph":[{"@type":"WebPage","@id":"https:\/\/distribucionarc.com\/en\/producto\/horno-freidora-de-aire-caliente-con-funcion-giratoria\/","url":"https:\/\/distribucionarc.com\/en\/producto\/horno-freidora-de-aire-caliente-con-funcion-giratoria\/","name":"Friteza na vru\u0107i zrak s rotiraju\u0107om funkcijom - ARC distribucija","isPartOf":{"@id":"https:\/\/www.distribucionarc.com\/de\/#website"},"primaryImageOfPage":{"@id":"https:\/\/distribucionarc.com\/en\/producto\/horno-freidora-de-aire-caliente-con-funcion-giratoria\/#primaryimage"},"image":{"@id":"https:\/\/distribucionarc.com\/en\/producto\/horno-freidora-de-aire-caliente-con-funcion-giratoria\/#primaryimage"},"thumbnailUrl":"https:\/\/distribucionarc.com\/wp-content\/uploads\/2020\/07\/Horno-freidora-de-aire-caliente-con-funci\u00f3n-giratoria-0.jpeg","datePublished":"2020-07-25T11:51:24+00:00","dateModified":"2020-09-27T09:58:53+00:00","breadcrumb":{"@id":"https:\/\/distribucionarc.com\/en\/producto\/horno-freidora-de-aire-caliente-con-funcion-giratoria\/#breadcrumb"},"inLanguage":"hr","potentialAction":[{"@type":"ReadAction","target":["https:\/\/distribucionarc.com\/en\/producto\/horno-freidora-de-aire-caliente-con-funcion-giratoria\/"]}]},{"@type":"ImageObject","inLanguage":"hr","@id":"https:\/\/distribucionarc.com\/en\/producto\/horno-freidora-de-aire-caliente-con-funcion-giratoria\/#primaryimage","url":"https:\/\/distribucionarc.com\/wp-content\/uploads\/2020\/07\/Horno-freidora-de-aire-caliente-con-funci\u00f3n-giratoria-0.jpeg","contentUrl":"https:\/\/distribucionarc.com\/wp-content\/uploads\/2020\/07\/Horno-freidora-de-aire-caliente-con-funci\u00f3n-giratoria-0.jpeg","width":1600,"height":1548,"caption":"Horno freidora de aire caliente"},{"@type":"BreadcrumbList","@id":"https:\/\/distribucionarc.com\/en\/producto\/horno-freidora-de-aire-caliente-con-funcion-giratoria\/#breadcrumb","itemListElement":[{"@type":"ListItem","position":1,"name":"Portada","item":"https:\/\/www.distribucionarc.com\/en\/"},{"@type":"ListItem","position":2,"name":"Products","item":"https:\/\/www.distribucionarc.com\/en\/shop\/"},{"@type":"ListItem","position":3,"name":"Horno freidora de aire caliente con funci\u00f3n giratoria"}]},{"@type":"WebSite","@id":"https:\/\/www.distribucionarc.com\/de\/#website","url":"https:\/\/www.distribucionarc.com\/de\/","name":"ARC distribucija","description":"Tvrtka specijalizirana za proizvodnju i distribuciju industrijskih strojeva, strojeva za zatvaranje limenki, strojeva za izradu pilula, strojeva za rezanje mesa itd.","publisher":{"@id":"https:\/\/www.distribucionarc.com\/de\/#organization"},"potentialAction":[{"@type":"SearchAction","target":{"@type":"EntryPoint","urlTemplate":"https:\/\/www.distribucionarc.com\/de\/?s={search_term_string}"},"query-input":{"@type":"PropertyValueSpecification","valueRequired":true,"valueName":"search_term_string"}}],"inLanguage":"hr"},{"@type":"Organization","@id":"https:\/\/www.distribucionarc.com\/de\/#organization","name":"ARC distribucija","url":"https:\/\/www.distribucionarc.com\/de\/","logo":{"@type":"ImageObject","inLanguage":"hr","@id":"https:\/\/www.distribucionarc.com\/de\/#\/schema\/logo\/image\/","url":"https:\/\/distribucionarc.com\/wp-content\/uploads\/2024\/10\/distribucion-ARC-COLOR-SIN-FONDO-e1732295305345.png","contentUrl":"https:\/\/distribucionarc.com\/wp-content\/uploads\/2024\/10\/distribucion-ARC-COLOR-SIN-FONDO-e1732295305345.png","width":1164,"height":558,"caption":"Distribuci\u00f3n ARC"},"image":{"@id":"https:\/\/www.distribucionarc.com\/de\/#\/schema\/logo\/image\/"},"description":"Tvrtka specijalizirana za proizvodnju i distribuciju industrijskih strojeva za prehrambeni i farmaceutski sektor. Specijalizirani smo za: Strojeve za rezanje mesa Proizvodnja tableta Industrijske transportne sustave Linije za punjenje Strojevi za doziranje I jo\u0161 mnogo toga... Nudimo inovativna i prilago\u0111ena rje\u0161enja za optimizaciju proizvodnih procesa Va\u0161e tvrtke.","email":"Admistracion@distribucionarc.com","telephone":"+34 643496664","legalName":"ARC TECH SOLUTIONS","foundingDate":"2024-04-09","vatID":"B55480172","numberOfEmployees":{"@type":"QuantitativeValue","minValue":"1","maxValue":"10"}}]}},"_links":{"self":[{"href":"https:\/\/distribucionarc.com\/hr\/wp-json\/wp\/v2\/product\/1487","targetHints":{"allow":["GET"]}}],"collection":[{"href":"https:\/\/distribucionarc.com\/hr\/wp-json\/wp\/v2\/product"}],"about":[{"href":"https:\/\/distribucionarc.com\/hr\/wp-json\/wp\/v2\/types\/product"}],"replies":[{"embeddable":true,"href":"https:\/\/distribucionarc.com\/hr\/wp-json\/wp\/v2\/comments?post=1487"}],"version-history":[{"count":0,"href":"https:\/\/distribucionarc.com\/hr\/wp-json\/wp\/v2\/product\/1487\/revisions"}],"wp:featuredmedia":[{"embeddable":true,"href":"https:\/\/distribucionarc.com\/hr\/wp-json\/wp\/v2\/media\/1488"}],"wp:attachment":[{"href":"https:\/\/distribucionarc.com\/hr\/wp-json\/wp\/v2\/media?parent=1487"}],"wp:term":[{"taxonomy":"product_brand","embeddable":true,"href":"https:\/\/distribucionarc.com\/hr\/wp-json\/wp\/v2\/product_brand?post=1487"},{"taxonomy":"product_cat","embeddable":true,"href":"https:\/\/distribucionarc.com\/hr\/wp-json\/wp\/v2\/product_cat?post=1487"},{"taxonomy":"product_tag","embeddable":true,"href":"https:\/\/distribucionarc.com\/hr\/wp-json\/wp\/v2\/product_tag?post=1487"}],"curies":[{"name":"radni list","href":"https:\/\/api.w.org\/{rel}","templated":true}]}}