{"id":1495,"date":"2020-07-25T13:22:21","date_gmt":"2020-07-25T13:22:21","guid":{"rendered":"https:\/\/distribucionarc.com\/?post_type=product&#038;p=1495"},"modified":"2020-09-27T10:00:40","modified_gmt":"2020-09-27T10:00:40","slug":"pusnica-rostilj-profesionalac","status":"publish","type":"product","link":"https:\/\/distribucionarc.com\/hr\/producto\/ahumador-barbacoa-profesional\/","title":{"rendered":"Profesionalna pu\u0161nica za ro\u0161tilj"},"content":{"rendered":"<h3>Profesionalna pu\u0161nica za ro\u0161tilj<\/h3>\n<p>Ovaj <strong>elektri\u010dni ro\u0161tilj<\/strong> od<strong><span style=\"color: red;\"> DO<\/span><span style=\"color: blue;\">R<\/span>c<\/strong> Izra\u0111en je od vrlo izdr\u017eljivog i najboljeg nehr\u0111aju\u0107eg \u010delika za hranu. Njegov u\u010dinkovit motor <strong><span style=\"color: green;\">pomo\u0107i \u0107e u u\u0161tedi potro\u0161nje energije.<\/span><\/strong><\/p>\n<p>S ovim <strong>elektri\u010dni pu\u0161a\u010d <span style=\"color: red;\">DO<\/span><span style=\"color: blue;\">R<\/span>CBAP01<\/strong> Mo\u017eete kuhati i dimiti u isto vrijeme kako biste bolje dali jedinstveni dodir svojim jelima, jednostavno za kori\u0161tenje; Samo priklju\u010dite ro\u0161tilj, uklju\u010dite grija\u010d i to je to.<\/p>\n<p>Mo\u017eete otvoriti <strong>ARC elektri\u010dni pu\u0161a\u010d<\/strong> Za stalniju kontrolu, tri kromirane police 40 x 25 cm nude mnogo prostora, dok tri kuke omogu\u0107uju vje\u0161anje kobasica, \u0161unke itd. Uklonjiva posuda za sakupljanje skuplja kondenzaciju i masno\u0107u, \u010dine\u0107i \u010di\u0161\u0107enje lakim. Intenzitet dima mo\u017ee se jednostavno prilagoditi zahvaljuju\u0107i ventilacijskim vratima na stra\u017enjoj strani elektri\u010dne pu\u0161a\u010de.<\/p>\n<h6><\/h6>\n<h6><strong>Jamstvo\u00a0<span style=\"color: #ff0000;\">DO<\/span><span style=\"color: #0000ff;\">R<\/span>C 2 GODINE<\/strong><\/h6>\n<h6><span style=\"color: #008000;\">U\u010dinkovit elektri\u010dni ro\u0161tilj za dimljenje, niske potro\u0161nje 1400w<\/span><\/h6>\n<h6><strong>uklju\u010dena tehni\u010dka podr\u0161ka<\/strong><\/h6>\n<p>&nbsp;<\/p>\n<table role=\"presentation\" width=\"100%\" cellspacing=\"0\" cellpadding=\"0\">\n<tbody>\n<tr>\n<td class=\"attrLabels\">Temperatura:<\/td>\n<td width=\"50.0%\">50-300\u00baC<\/td>\n<\/tr>\n<tr>\n<td class=\"attrLabels\">Zemlja distribucije:<\/td>\n<td width=\"50.0%\">\u0160panjolska, Njema\u010dka, SAD<\/td>\n<td class=\"attrLabels\">Te\u017eina:<\/td>\n<td width=\"50.0%\">13,5 kg<\/td>\n<\/tr>\n<tr>\n<td class=\"attrLabels\">Marka:<\/td>\n<td width=\"50.0%\">LUK<\/td>\n<td class=\"attrLabels\">Visina:<\/td>\n<td width=\"50.0%\">74 cm<\/td>\n<\/tr>\n<tr>\n<td class=\"attrLabels\">Boja:<\/td>\n<td width=\"50.0%\">Srebro<\/td>\n<td class=\"attrLabels\">dugo:<\/td>\n<td width=\"50.0%\">54 cm<\/td>\n<\/tr>\n<tr>\n<td class=\"attrLabels\">Vrsta proizvoda:<\/td>\n<td width=\"50.0%\">\u00a0elektri\u010dna kuhinjska re\u0161etka<\/td>\n<td class=\"attrLabels\">\u0160iroko:<\/td>\n<td width=\"50.0%\">45 cm<\/td>\n<\/tr>\n<tr>\n<td class=\"attrLabels\">Proizvo\u0111a\u010dki broj:<\/td>\n<td width=\"50.0%\">ARCBAP01<\/td>\n<td class=\"attrLabels\">unutarnje dimenzije:<\/td>\n<td width=\"50.0%\">45 x 57,5 x 29 cm<\/td>\n<\/tr>\n<tr>\n<td class=\"attrLabels\">Materijal:<\/td>\n<td width=\"50.0%\">nehr\u0111aju\u0107i \u010delik, ro\u0161tilj, kontrola temperature<\/td>\n<td class=\"attrLabels\">Ulazni napon:<\/td>\n<td width=\"50.0%\">220V \u2013 50Hz<\/td>\n<\/tr>\n<tr>\n<td class=\"attrLabels\">Razine:<\/td>\n<td width=\"50.0%\">Opcija 3 plus 3 udice<\/td>\n<td class=\"attrLabels\">\u00a0Vlast:<\/td>\n<td width=\"50.0%\">1400 W<\/td>\n<\/tr>\n<tr>\n<td class=\"attrLabels\">Veli\u010dina \u017eeljeza:<\/td>\n<td width=\"50.0%\">40x25 cm<\/td>\n<td class=\"attrLabels\">Jamstvo:<\/td>\n<td width=\"50.0%\">2 GODINE<\/td>\n<\/tr>\n<\/tbody>\n<\/table>","protected":false},"excerpt":{"rendered":"<h2>Profesionalna pu\u0161nica za ro\u0161tilj<\/h2>\n<p>Ovaj<strong> elektri\u010dni ro\u0161tilj <\/strong>pomo\u0107i \u0107e vam dati dodatnu to\u010dku okusa va\u0161em kuhanju, the<strong> Elektri\u010dni pu\u0161nica za ro\u0161tilj <span style=\"color: #ff0000;\">DO<\/span><span style=\"color: #0000ff;\">R<\/span>c<\/strong> Ima 1400 W snage za nje\u017eno pe\u010denje ribe, mesa, kobasica, tofua, povr\u0107a itd.<\/p>\n<p>Jednostavno rukovanje pripremom i paljenjem <strong>elektri\u010dni pu\u0161a\u010d<\/strong> Pomo\u0107i \u0107e vam u\u0161tedjeti vrijeme kako bi va\u0161i kupci mogli u\u017eivati u izvrsnim jelima koja \u010duvaju kuhanje i okus autenti\u010dnog pe\u010denja. Izra\u0111en od najboljeg nehr\u0111aju\u0107eg \u010delika za hranu.  Ovaj<strong> elektri\u010dni ro\u0161tilj<\/strong> <span style=\"color: #ff0000;\"><strong>DO<\/strong><\/span><span style=\"color: #0000ff;\"><strong>R<\/strong><\/span><strong>CBAP01<\/strong> To \u0107e va\u0161e mjesto u\u010diniti druga\u010dijim od ostalih. Ima ventilacijska vrata na stra\u017enjoj strani, termometar do 300\u00baC na vratima i ru\u010dku za no\u0161enje na vrhu.<\/p>\n<h6><strong>Jamstvo\u00a0<span style=\"color: #ff0000;\">DO<\/span><span style=\"color: #0000ff;\">R<\/span>C 2 GODINE<\/strong><\/h6>\n<h6><span style=\"color: #008000;\">U\u010dinkovit elektri\u010dni ro\u0161tilj za dimljenje, niske potro\u0161nje 1400w<\/span><\/h6>\n<h6><strong>uklju\u010dena tehni\u010dka podr\u0161ka<\/strong><\/h6>\n<p>&nbsp;<\/p>","protected":false},"featured_media":1499,"comment_status":"open","ping_status":"closed","template":"","meta":{"wds_primary_product_brand":0,"wds_primary_product_cat":0},"product_brand":[],"product_cat":[60],"product_tag":[],"class_list":{"0":"post-1495","1":"product","2":"type-product","3":"status-publish","4":"has-post-thumbnail","6":"product_cat-ahumadores-profesionales","7":"product_shipping_class-hosteleria","9":"first","10":"instock","11":"sale","12":"taxable","13":"shipping-taxable","14":"purchasable","15":"product-type-simple"},"yoast_head":"<!-- This site is optimized with the Yoast SEO Premium plugin v24.9 (Yoast SEO v26.1) - https:\/\/yoast.com\/wordpress\/plugins\/seo\/ -->\n<title>Ahumador barbacoa profesional - distribuci\u00f3n ARC<\/title>\n<meta name=\"robots\" content=\"index, follow, max-snippet:-1, max-image-preview:large, max-video-preview:-1\" \/>\n<link rel=\"canonical\" href=\"https:\/\/distribucionarc.com\/hr\/proizvod\/pusnica-rostilj-profesionalac\/\" \/>\n<meta property=\"og:locale\" content=\"hr_HR\" \/>\n<meta property=\"og:type\" content=\"article\" \/>\n<meta property=\"og:title\" content=\"Ahumador barbacoa profesional\" \/>\n<meta property=\"og:description\" content=\"Ahumador barbacoa profesional Esta barbacoa el\u00e9ctrica le ayudar\u00e1 a darle un punto extra de sabor a su cocina, el Ahumador barbacoa el\u00e9ctrica ARC cuenta con 1400W de potencia para asar suavemente pescados, carnes, embutidos, tofu, verduras, etc.  El f\u00e1cil manejo de preparaci\u00f3n y encendido del ahumador el\u00e9ctrico le ayudar\u00e1 a ahorrar tiempo para que sus clientes disfruten de unos exquisitos platos que conservan la cocci\u00f3n y sabor de un aut\u00e9ntico asado. Hecho del acero inoxidable de la mejor calidad alimentaria. \u00a0Esta barbacoa el\u00e9ctrica ARCBAP01 har\u00e1 que tu local sea diferente de los dem\u00e1s.\u00a0Dispone de puerta de ventilaci\u00f3n en la parte posterior, term\u00f3metro de hasta 300\u00baC en la puerta y asa de transporte en la parte superior Garant\u00eda\u00a0ARC 2 A\u00d1OS Ahumador barbacoa el\u00e9ctrico eficiente, bajo consumo 1400w soporte t\u00e9cnico\u00a0incluido &nbsp;\" \/>\n<meta property=\"og:url\" content=\"https:\/\/distribucionarc.com\/hr\/proizvod\/pusnica-rostilj-profesionalac\/\" \/>\n<meta property=\"og:site_name\" content=\"distribuci\u00f3n ARC\" \/>\n<meta property=\"article:modified_time\" content=\"2020-09-27T10:00:40+00:00\" \/>\n<meta property=\"og:image\" content=\"https:\/\/distribucionarc.com\/wp-content\/uploads\/2020\/07\/Ahumador-barbacoa-profesional-0.jpg\" \/>\n\t<meta property=\"og:image:width\" content=\"1500\" \/>\n\t<meta property=\"og:image:height\" content=\"1500\" \/>\n\t<meta property=\"og:image:type\" content=\"image\/jpeg\" \/>\n<meta name=\"twitter:card\" content=\"summary_large_image\" \/>\n<meta name=\"twitter:label1\" content=\"Procijenjeno vrijeme \u010ditanja\" \/>\n\t<meta name=\"twitter:data1\" content=\"1 minuta\" \/>\n<script type=\"application\/ld+json\" class=\"yoast-schema-graph\">{\"@context\":\"https:\/\/schema.org\",\"@graph\":[{\"@type\":\"WebPage\",\"@id\":\"https:\/\/distribucionarc.com\/hr\/producto\/ahumador-barbacoa-profesional\/\",\"url\":\"https:\/\/distribucionarc.com\/hr\/producto\/ahumador-barbacoa-profesional\/\",\"name\":\"Ahumador barbacoa profesional - distribuci\u00f3n ARC\",\"isPartOf\":{\"@id\":\"https:\/\/distribucionarc.com\/de\/#website\"},\"primaryImageOfPage\":{\"@id\":\"https:\/\/distribucionarc.com\/hr\/producto\/ahumador-barbacoa-profesional\/#primaryimage\"},\"image\":{\"@id\":\"https:\/\/distribucionarc.com\/hr\/producto\/ahumador-barbacoa-profesional\/#primaryimage\"},\"thumbnailUrl\":\"https:\/\/distribucionarc.com\/wp-content\/uploads\/2020\/07\/Ahumador-barbacoa-profesional-0.jpg\",\"datePublished\":\"2020-07-25T13:22:21+00:00\",\"dateModified\":\"2020-09-27T10:00:40+00:00\",\"breadcrumb\":{\"@id\":\"https:\/\/distribucionarc.com\/hr\/producto\/ahumador-barbacoa-profesional\/#breadcrumb\"},\"inLanguage\":\"hr\",\"potentialAction\":[{\"@type\":\"ReadAction\",\"target\":[\"https:\/\/distribucionarc.com\/hr\/producto\/ahumador-barbacoa-profesional\/\"]}]},{\"@type\":\"ImageObject\",\"inLanguage\":\"hr\",\"@id\":\"https:\/\/distribucionarc.com\/hr\/producto\/ahumador-barbacoa-profesional\/#primaryimage\",\"url\":\"https:\/\/distribucionarc.com\/wp-content\/uploads\/2020\/07\/Ahumador-barbacoa-profesional-0.jpg\",\"contentUrl\":\"https:\/\/distribucionarc.com\/wp-content\/uploads\/2020\/07\/Ahumador-barbacoa-profesional-0.jpg\",\"width\":1500,\"height\":1500,\"caption\":\"Ahumador barbacoa profesional\"},{\"@type\":\"BreadcrumbList\",\"@id\":\"https:\/\/distribucionarc.com\/hr\/producto\/ahumador-barbacoa-profesional\/#breadcrumb\",\"itemListElement\":[{\"@type\":\"ListItem\",\"position\":1,\"name\":\"Portada\",\"item\":\"https:\/\/distribucionarc.com\/pl\/\"},{\"@type\":\"ListItem\",\"position\":2,\"name\":\"Produkty\",\"item\":\"https:\/\/distribucionarc.com\/pl\/shop\/\"},{\"@type\":\"ListItem\",\"position\":3,\"name\":\"Ahumador barbacoa profesional\"}]},{\"@type\":\"WebSite\",\"@id\":\"https:\/\/distribucionarc.com\/de\/#website\",\"url\":\"https:\/\/distribucionarc.com\/de\/\",\"name\":\"distribuci\u00f3n ARC\",\"description\":\"Empresa especializada en la fabricaci\u00f3n y distribuci\u00f3n de maquinaria industrial, selladoras de latas, Maquinas de hacer pastillas, Maquinas de cortar carne...\",\"publisher\":{\"@id\":\"https:\/\/distribucionarc.com\/de\/#organization\"},\"potentialAction\":[{\"@type\":\"SearchAction\",\"target\":{\"@type\":\"EntryPoint\",\"urlTemplate\":\"https:\/\/distribucionarc.com\/de\/?s={search_term_string}\"},\"query-input\":{\"@type\":\"PropertyValueSpecification\",\"valueRequired\":true,\"valueName\":\"search_term_string\"}}],\"inLanguage\":\"hr\"},{\"@type\":\"Organization\",\"@id\":\"https:\/\/distribucionarc.com\/de\/#organization\",\"name\":\"Distribuci\u00f3n ARC\",\"url\":\"https:\/\/distribucionarc.com\/de\/\",\"logo\":{\"@type\":\"ImageObject\",\"inLanguage\":\"hr\",\"@id\":\"https:\/\/distribucionarc.com\/de\/#\/schema\/logo\/image\/\",\"url\":\"https:\/\/distribucionarc.com\/wp-content\/uploads\/2024\/10\/distribucion-ARC-COLOR-SIN-FONDO-e1732295305345.png\",\"contentUrl\":\"https:\/\/distribucionarc.com\/wp-content\/uploads\/2024\/10\/distribucion-ARC-COLOR-SIN-FONDO-e1732295305345.png\",\"width\":1164,\"height\":558,\"caption\":\"Distribuci\u00f3n ARC\"},\"image\":{\"@id\":\"https:\/\/distribucionarc.com\/de\/#\/schema\/logo\/image\/\"},\"description\":\"Empresa especializada en la fabricaci\u00f3n y distribuci\u00f3n de maquinaria industrial para los sectores alimentario y farmac\u00e9utico. Nos especializamos en: M\u00e1quinas de cortar carne Fabricaci\u00f3n de comprimidos Sistemas de transporte industrial L\u00edneas de embotellado Dosificadores Y mucho m\u00e1s... Ofrecemos soluciones innovadoras y personalizadas para optimizar los procesos productivos de tu empresa.\",\"email\":\"Admistracion@distribucionarc.com\",\"telephone\":\"+34 643496664\",\"legalName\":\"ARC TECH SOLUTIONS\",\"foundingDate\":\"2024-04-09\",\"vatID\":\"B55480172\",\"numberOfEmployees\":{\"@type\":\"QuantitativeValue\",\"minValue\":\"1\",\"maxValue\":\"10\"}}]}<\/script>\n<!-- \/ Yoast SEO Premium plugin. -->","yoast_head_json":{"title":"Profesionalna pu\u0161nica za ro\u0161tilj - ARC distribucija","robots":{"index":"index","follow":"follow","max-snippet":"max-snippet:-1","max-image-preview":"max-image-preview:large","max-video-preview":"max-video-preview:-1"},"canonical":"https:\/\/distribucionarc.com\/hr\/proizvod\/pusnica-rostilj-profesionalac\/","og_locale":"hr_HR","og_type":"article","og_title":"Ahumador barbacoa profesional","og_description":"Ahumador barbacoa profesional Esta barbacoa el\u00e9ctrica le ayudar\u00e1 a darle un punto extra de sabor a su cocina, el Ahumador barbacoa el\u00e9ctrica ARC cuenta con 1400W de potencia para asar suavemente pescados, carnes, embutidos, tofu, verduras, etc.  El f\u00e1cil manejo de preparaci\u00f3n y encendido del ahumador el\u00e9ctrico le ayudar\u00e1 a ahorrar tiempo para que sus clientes disfruten de unos exquisitos platos que conservan la cocci\u00f3n y sabor de un aut\u00e9ntico asado. Hecho del acero inoxidable de la mejor calidad alimentaria. \u00a0Esta barbacoa el\u00e9ctrica ARCBAP01 har\u00e1 que tu local sea diferente de los dem\u00e1s.\u00a0Dispone de puerta de ventilaci\u00f3n en la parte posterior, term\u00f3metro de hasta 300\u00baC en la puerta y asa de transporte en la parte superior Garant\u00eda\u00a0ARC 2 A\u00d1OS Ahumador barbacoa el\u00e9ctrico eficiente, bajo consumo 1400w soporte t\u00e9cnico\u00a0incluido &nbsp;","og_url":"https:\/\/distribucionarc.com\/hr\/proizvod\/pusnica-rostilj-profesionalac\/","og_site_name":"distribuci\u00f3n ARC","article_modified_time":"2020-09-27T10:00:40+00:00","og_image":[{"width":1500,"height":1500,"url":"https:\/\/distribucionarc.com\/wp-content\/uploads\/2020\/07\/Ahumador-barbacoa-profesional-0.jpg","type":"image\/jpeg"}],"twitter_card":"summary_large_image","twitter_misc":{"Procijenjeno vrijeme \u010ditanja":"1 minuta"},"schema":{"@context":"https:\/\/schema.org","@graph":[{"@type":"WebPage","@id":"https:\/\/distribucionarc.com\/hr\/producto\/ahumador-barbacoa-profesional\/","url":"https:\/\/distribucionarc.com\/hr\/producto\/ahumador-barbacoa-profesional\/","name":"Profesionalna pu\u0161nica za ro\u0161tilj - ARC distribucija","isPartOf":{"@id":"https:\/\/distribucionarc.com\/de\/#website"},"primaryImageOfPage":{"@id":"https:\/\/distribucionarc.com\/hr\/producto\/ahumador-barbacoa-profesional\/#primaryimage"},"image":{"@id":"https:\/\/distribucionarc.com\/hr\/producto\/ahumador-barbacoa-profesional\/#primaryimage"},"thumbnailUrl":"https:\/\/distribucionarc.com\/wp-content\/uploads\/2020\/07\/Ahumador-barbacoa-profesional-0.jpg","datePublished":"2020-07-25T13:22:21+00:00","dateModified":"2020-09-27T10:00:40+00:00","breadcrumb":{"@id":"https:\/\/distribucionarc.com\/hr\/producto\/ahumador-barbacoa-profesional\/#breadcrumb"},"inLanguage":"hr","potentialAction":[{"@type":"ReadAction","target":["https:\/\/distribucionarc.com\/hr\/producto\/ahumador-barbacoa-profesional\/"]}]},{"@type":"ImageObject","inLanguage":"hr","@id":"https:\/\/distribucionarc.com\/hr\/producto\/ahumador-barbacoa-profesional\/#primaryimage","url":"https:\/\/distribucionarc.com\/wp-content\/uploads\/2020\/07\/Ahumador-barbacoa-profesional-0.jpg","contentUrl":"https:\/\/distribucionarc.com\/wp-content\/uploads\/2020\/07\/Ahumador-barbacoa-profesional-0.jpg","width":1500,"height":1500,"caption":"Ahumador barbacoa profesional"},{"@type":"BreadcrumbList","@id":"https:\/\/distribucionarc.com\/hr\/producto\/ahumador-barbacoa-profesional\/#breadcrumb","itemListElement":[{"@type":"ListItem","position":1,"name":"Portada","item":"https:\/\/distribucionarc.com\/pl\/"},{"@type":"ListItem","position":2,"name":"Produkty","item":"https:\/\/distribucionarc.com\/pl\/shop\/"},{"@type":"ListItem","position":3,"name":"Ahumador barbacoa profesional"}]},{"@type":"WebSite","@id":"https:\/\/distribucionarc.com\/de\/#website","url":"https:\/\/distribucionarc.com\/de\/","name":"ARC distribucija","description":"Tvrtka specijalizirana za proizvodnju i distribuciju industrijskih strojeva, strojeva za zatvaranje limenki, strojeva za izradu pilula, strojeva za rezanje mesa itd.","publisher":{"@id":"https:\/\/distribucionarc.com\/de\/#organization"},"potentialAction":[{"@type":"SearchAction","target":{"@type":"EntryPoint","urlTemplate":"https:\/\/distribucionarc.com\/de\/?s={search_term_string}"},"query-input":{"@type":"PropertyValueSpecification","valueRequired":true,"valueName":"search_term_string"}}],"inLanguage":"hr"},{"@type":"Organization","@id":"https:\/\/distribucionarc.com\/de\/#organization","name":"ARC distribucija","url":"https:\/\/distribucionarc.com\/de\/","logo":{"@type":"ImageObject","inLanguage":"hr","@id":"https:\/\/distribucionarc.com\/de\/#\/schema\/logo\/image\/","url":"https:\/\/distribucionarc.com\/wp-content\/uploads\/2024\/10\/distribucion-ARC-COLOR-SIN-FONDO-e1732295305345.png","contentUrl":"https:\/\/distribucionarc.com\/wp-content\/uploads\/2024\/10\/distribucion-ARC-COLOR-SIN-FONDO-e1732295305345.png","width":1164,"height":558,"caption":"Distribuci\u00f3n ARC"},"image":{"@id":"https:\/\/distribucionarc.com\/de\/#\/schema\/logo\/image\/"},"description":"Tvrtka specijalizirana za proizvodnju i distribuciju industrijskih strojeva za prehrambeni i farmaceutski sektor. Specijalizirani smo za: Strojeve za rezanje mesa Proizvodnja tableta Industrijske transportne sustave Linije za punjenje Strojevi za doziranje I jo\u0161 mnogo toga... Nudimo inovativna i prilago\u0111ena rje\u0161enja za optimizaciju proizvodnih procesa Va\u0161e tvrtke.","email":"Admistracion@distribucionarc.com","telephone":"+34 643496664","legalName":"ARC TECH SOLUTIONS","foundingDate":"2024-04-09","vatID":"B55480172","numberOfEmployees":{"@type":"QuantitativeValue","minValue":"1","maxValue":"10"}}]}},"_links":{"self":[{"href":"https:\/\/distribucionarc.com\/hr\/wp-json\/wp\/v2\/product\/1495","targetHints":{"allow":["GET"]}}],"collection":[{"href":"https:\/\/distribucionarc.com\/hr\/wp-json\/wp\/v2\/product"}],"about":[{"href":"https:\/\/distribucionarc.com\/hr\/wp-json\/wp\/v2\/types\/product"}],"replies":[{"embeddable":true,"href":"https:\/\/distribucionarc.com\/hr\/wp-json\/wp\/v2\/comments?post=1495"}],"version-history":[{"count":0,"href":"https:\/\/distribucionarc.com\/hr\/wp-json\/wp\/v2\/product\/1495\/revisions"}],"wp:featuredmedia":[{"embeddable":true,"href":"https:\/\/distribucionarc.com\/hr\/wp-json\/wp\/v2\/media\/1499"}],"wp:attachment":[{"href":"https:\/\/distribucionarc.com\/hr\/wp-json\/wp\/v2\/media?parent=1495"}],"wp:term":[{"taxonomy":"product_brand","embeddable":true,"href":"https:\/\/distribucionarc.com\/hr\/wp-json\/wp\/v2\/product_brand?post=1495"},{"taxonomy":"product_cat","embeddable":true,"href":"https:\/\/distribucionarc.com\/hr\/wp-json\/wp\/v2\/product_cat?post=1495"},{"taxonomy":"product_tag","embeddable":true,"href":"https:\/\/distribucionarc.com\/hr\/wp-json\/wp\/v2\/product_tag?post=1495"}],"curies":[{"name":"radni list","href":"https:\/\/api.w.org\/{rel}","templated":true}]}}