{"id":1511,"date":"2020-07-25T17:00:27","date_gmt":"2020-07-25T17:00:27","guid":{"rendered":"https:\/\/distribucionarc.com\/?post_type=product&#038;p=1511"},"modified":"2020-09-27T10:06:03","modified_gmt":"2020-09-27T10:06:03","slug":"plinski-rostilj-za-ugostiteljstvo-4-plamenika","status":"publish","type":"product","link":"https:\/\/distribucionarc.com\/hr\/producto\/barbacoa-de-gas-para-hosteleria-4-quemadores\/","title":{"rendered":"Plinski ro\u0161tilj za ugostiteljstvo 4 plamenika"},"content":{"rendered":"<h3>Plinski ro\u0161tilj za ugostiteljstvo 4 plamenika<\/h3>\n<p>The<strong>\u00a0plinski ro\u0161tilji\u00a0<span style=\"color: #ff0000;\">DO<\/span><span style=\"color: #0000ff;\">R<\/span>c<\/strong> Imaju robusno tijelo izra\u0111eno od najkvalitetnijeg nehr\u0111aju\u0107eg \u010delika, kako bi se osigurala stabilnost i izdr\u017eljivost stroja. Ro\u0161tilj dimenzija 56 x 27 cm izra\u0111en je od nehr\u0111aju\u0107eg \u010delika za hranu.<\/p>\n<p>Ima \u010detiri plamenika, svaki zasebno kontroliran, za kuhanje razli\u010ditih komada. Plamenici od <strong>plinski ro\u0161tilj<\/strong>\u00a0<strong><span style=\"color: #ff0000;\">DO<\/span><span style=\"color: #0000ff;\">R<\/span>CB4G<\/strong> Pokriveni su \u010deli\u010dnom plo\u010dom i staklenom plo\u010dom kako bi se sprije\u010dilo da masno\u0107a padne na njih i uni\u0161ti plamen. Visina ro\u0161tilja mo\u017ee se lako prilagoditi za razli\u010dite to\u010dke kuhanja.<\/p>\n<p>The\u00a0<strong>ro\u0161tilj<\/strong>, \u0161titnici plamenika i posuda za skupljanje masno\u0107e mogu se jednostavno rastaviti kako bi se olak\u0161alo odr\u017eavanje\u00a0<strong>plinski ro\u0161tilj<\/strong>. Bez potrebe da se oslanjate na vulkanski kamen, ovo\u00a0<strong>plinski ro\u0161tilj<\/strong>\u00a0Zadovoljit \u0107e va\u0161e potrebe.<\/p>\n<h6><\/h6>\n<h6><strong>Jamstvo\u00a0<span style=\"color: #ff0000;\">DO<\/span><span style=\"color: #0000ff;\">R<\/span>C 2 GODINE<\/strong><\/h6>\n<h6><strong>uklju\u010dena tehni\u010dka podr\u0161ka<\/strong><\/h6>\n<p>&nbsp;<\/p>\n<table width=\"100%\">\n<tbody>\n<tr>\n<td>Marka:<\/td>\n<td width=\"32%\">LUK<\/td>\n<td>Te\u017eina:<\/td>\n<td width=\"30%\">8,5 kg<\/td>\n<\/tr>\n<tr>\n<td>Zemlja distribucije:<\/td>\n<td width=\"32%\">\u0160panjolska, Njema\u010dka, SAD<\/td>\n<td>Visina:<\/td>\n<td width=\"30%\">20 cm<\/td>\n<\/tr>\n<tr>\n<td>Boja:<\/td>\n<td width=\"32%\">Srebro<\/td>\n<td>dugo:<\/td>\n<td width=\"30%\">57 cm<\/td>\n<\/tr>\n<tr>\n<td>Vrsta proizvoda:<\/td>\n<td width=\"32%\">Profesionalni plinski ro\u0161tilj<\/td>\n<td>\u0160iroko:<\/td>\n<td width=\"30%\">42 cm<\/td>\n<\/tr>\n<tr>\n<td>Proizvo\u0111a\u010dki broj:<\/td>\n<td width=\"32%\">ARCB4G<\/td>\n<td>Tlak ventila:<\/td>\n<td width=\"30%\">2800 Pa<\/td>\n<\/tr>\n<tr>\n<td>Materijal:<\/td>\n<td width=\"32%\">\u00a0Nehr\u0111aju\u0107i \u010delik, kontrola temperature, staklo<\/td>\n<td>Veli\u010dina ro\u0161tilja:<\/td>\n<td width=\"30%\">56x27 cm<\/td>\n<\/tr>\n<tr>\n<td>Jamstvo:<\/td>\n<td width=\"32%\">2 godine<\/td>\n<td>Pokrivenost plamenika:<\/td>\n<td width=\"30%\">\u00a0Staklo\/\u010delik<\/td>\n<\/tr>\n<\/tbody>\n<\/table>","protected":false},"excerpt":{"rendered":"<h2>Plinski ro\u0161tilj za ugostiteljstvo 4 plamenika<\/h2>\n<p>The<strong>\u00a0plinski ro\u0161tilji<\/strong>\u00a0od\u00a0<strong><span style=\"color: #ff0000;\">DO<\/span><span style=\"color: #0000ff;\">R<\/span>c<\/strong>\u00a0Izra\u0111ene su od najboljih i najinovativnijih materijala za postizanje autenti\u010dnog okusa, vizualnog efekta i mirisa.<strong>\u00a0ro\u0161tilj<\/strong>.<\/p>\n<p>Ako je ono \u0161to tra\u017eite profitabilnost,\u00a0<strong>plinski ro\u0161tilji<\/strong>\u00a0od<strong>\u00a0<span style=\"color: #ff0000;\">DO<\/span><span style=\"color: #0000ff;\">R<\/span>c<\/strong>\u00a0Oni \u0107e zadovoljiti va\u0161e potrebe. Zaboravite na odr\u017eavanje vulkanskog kamena i odlu\u010dite se za neki\u00a0<strong>u\u010dinkoviti plamenici<\/strong>\u00a0za\u0161ti\u0107en, kako bi se osigurala trajnost\u00a0<strong>ro\u0161tilj na plin<\/strong>\u00a0i pru\u017eiti vam savr\u0161eno ozna\u010davanje va\u0161eg mesa, ribe, povr\u0107a, tofua itd. The\u00a0<strong>plinski ro\u0161tilj <span style=\"color: #ff0000;\">DO<\/span><span style=\"color: #0000ff;\">R<\/span>CB4G<\/strong> Ima \u010detiri plamenika s podesivom kontrolom temperature za svaki plamenik.<\/p>\n<h6><strong>Jamstvo\u00a0<span style=\"color: #ff0000;\">DO<\/span><span style=\"color: #0000ff;\">R<\/span>C 2 GODINE<\/strong><\/h6>\n<h6><strong>uklju\u010dena tehni\u010dka podr\u0161ka<\/strong><\/h6>","protected":false},"featured_media":1512,"comment_status":"open","ping_status":"closed","template":"","meta":{"wds_primary_product_brand":0,"wds_primary_product_cat":0},"product_brand":[],"product_cat":[39],"product_tag":[],"class_list":{"0":"post-1511","1":"product","2":"type-product","3":"status-publish","4":"has-post-thumbnail","6":"product_cat-plancha-de-cosina","7":"product_shipping_class-hosteleria","9":"first","10":"instock","11":"sale","12":"taxable","13":"shipping-taxable","14":"purchasable","15":"product-type-simple"},"yoast_head":"<!-- This site is optimized with the Yoast SEO Premium plugin v24.9 (Yoast SEO v26.1) - https:\/\/yoast.com\/wordpress\/plugins\/seo\/ -->\n<title>Barbacoa de gas para hosteler\u00eda 4 quemadores - distribuci\u00f3n ARC<\/title>\n<meta name=\"robots\" content=\"index, follow, max-snippet:-1, max-image-preview:large, max-video-preview:-1\" \/>\n<link rel=\"canonical\" href=\"https:\/\/www.distribucionarc.com\/producto\/barbacoa-de-gas-para-hosteleria-4-quemadores\/\" \/>\n<meta property=\"og:locale\" content=\"hr_HR\" \/>\n<meta property=\"og:type\" content=\"article\" \/>\n<meta property=\"og:title\" content=\"Barbacoa de gas para hosteler\u00eda 4 quemadores\" \/>\n<meta property=\"og:description\" content=\"Barbacoa de gas para hosteler\u00eda 4 quemadores Las\u00a0barbacoas a gas\u00a0de\u00a0ARC\u00a0est\u00e1n fabricadas con los mejores y m\u00e1s innovadores materiales para obtener un sabor, efecto visual, olor \u00a0de aut\u00e9ntica\u00a0parrilla.  Si lo que buscas es rentabilidad, las\u00a0barbacoas a gas\u00a0de\u00a0ARC\u00a0cumplir\u00e1n con tus necesidades. Olv\u00eddate del mantenimiento de la piedra volc\u00e1nica y apuesta por unos\u00a0quemadores eficientes\u00a0protegidos, para asegurar la durabilidad de la\u00a0parrilla a gas\u00a0y proporcionarte un marcado perfecto de tus carnes, pescados, vegetales, tofu, etc. La\u00a0barbacoa a gas ARCB4G dispone de cuatro quemadores con control de temperatura ajustable para cada quemador. Garant\u00eda\u00a0ARC 2 A\u00d1OS soporte t\u00e9cnico incluido\" \/>\n<meta property=\"og:url\" content=\"https:\/\/www.distribucionarc.com\/producto\/barbacoa-de-gas-para-hosteleria-4-quemadores\/\" \/>\n<meta property=\"og:site_name\" content=\"distribuci\u00f3n ARC\" \/>\n<meta property=\"article:modified_time\" content=\"2020-09-27T10:06:03+00:00\" \/>\n<meta property=\"og:image\" content=\"https:\/\/distribucionarc.com\/wp-content\/uploads\/2020\/07\/Barbacoa-de-gas-para-hosteler\u00eda-4-quemadores-0.jpg\" \/>\n\t<meta property=\"og:image:width\" content=\"1000\" \/>\n\t<meta property=\"og:image:height\" content=\"1000\" \/>\n\t<meta property=\"og:image:type\" content=\"image\/jpeg\" \/>\n<meta name=\"twitter:card\" content=\"summary_large_image\" \/>\n<meta name=\"twitter:label1\" content=\"Procijenjeno vrijeme \u010ditanja\" \/>\n\t<meta name=\"twitter:data1\" content=\"1 minuta\" \/>\n<script type=\"application\/ld+json\" class=\"yoast-schema-graph\">{\"@context\":\"https:\/\/schema.org\",\"@graph\":[{\"@type\":\"WebPage\",\"@id\":\"https:\/\/www.distribucionarc.com\/producto\/barbacoa-de-gas-para-hosteleria-4-quemadores\/\",\"url\":\"https:\/\/www.distribucionarc.com\/producto\/barbacoa-de-gas-para-hosteleria-4-quemadores\/\",\"name\":\"Barbacoa de gas para hosteler\u00eda 4 quemadores - distribuci\u00f3n ARC\",\"isPartOf\":{\"@id\":\"https:\/\/www.distribucionarc.com\/de\/#website\"},\"primaryImageOfPage\":{\"@id\":\"https:\/\/www.distribucionarc.com\/producto\/barbacoa-de-gas-para-hosteleria-4-quemadores\/#primaryimage\"},\"image\":{\"@id\":\"https:\/\/www.distribucionarc.com\/producto\/barbacoa-de-gas-para-hosteleria-4-quemadores\/#primaryimage\"},\"thumbnailUrl\":\"https:\/\/distribucionarc.com\/wp-content\/uploads\/2020\/07\/Barbacoa-de-gas-para-hosteler\u00eda-4-quemadores-0.jpg\",\"datePublished\":\"2020-07-25T17:00:27+00:00\",\"dateModified\":\"2020-09-27T10:06:03+00:00\",\"breadcrumb\":{\"@id\":\"https:\/\/www.distribucionarc.com\/producto\/barbacoa-de-gas-para-hosteleria-4-quemadores\/#breadcrumb\"},\"inLanguage\":\"hr\",\"potentialAction\":[{\"@type\":\"ReadAction\",\"target\":[\"https:\/\/www.distribucionarc.com\/producto\/barbacoa-de-gas-para-hosteleria-4-quemadores\/\"]}]},{\"@type\":\"ImageObject\",\"inLanguage\":\"hr\",\"@id\":\"https:\/\/www.distribucionarc.com\/producto\/barbacoa-de-gas-para-hosteleria-4-quemadores\/#primaryimage\",\"url\":\"https:\/\/distribucionarc.com\/wp-content\/uploads\/2020\/07\/Barbacoa-de-gas-para-hosteler\u00eda-4-quemadores-0.jpg\",\"contentUrl\":\"https:\/\/distribucionarc.com\/wp-content\/uploads\/2020\/07\/Barbacoa-de-gas-para-hosteler\u00eda-4-quemadores-0.jpg\",\"width\":1000,\"height\":1000,\"caption\":\"Barbacoa de gas para hosteleria\"},{\"@type\":\"BreadcrumbList\",\"@id\":\"https:\/\/www.distribucionarc.com\/producto\/barbacoa-de-gas-para-hosteleria-4-quemadores\/#breadcrumb\",\"itemListElement\":[{\"@type\":\"ListItem\",\"position\":1,\"name\":\"Portada\",\"item\":\"https:\/\/www.distribucionarc.com\/en\/\"},{\"@type\":\"ListItem\",\"position\":2,\"name\":\"Products\",\"item\":\"https:\/\/www.distribucionarc.com\/en\/shop\/\"},{\"@type\":\"ListItem\",\"position\":3,\"name\":\"Barbacoa de gas para hosteler\u00eda 4 quemadores\"}]},{\"@type\":\"WebSite\",\"@id\":\"https:\/\/www.distribucionarc.com\/de\/#website\",\"url\":\"https:\/\/www.distribucionarc.com\/de\/\",\"name\":\"distribuci\u00f3n ARC\",\"description\":\"Empresa especializada en la fabricaci\u00f3n y distribuci\u00f3n de maquinaria industrial, selladoras de latas, Maquinas de hacer pastillas, Maquinas de cortar carne...\",\"publisher\":{\"@id\":\"https:\/\/www.distribucionarc.com\/de\/#organization\"},\"potentialAction\":[{\"@type\":\"SearchAction\",\"target\":{\"@type\":\"EntryPoint\",\"urlTemplate\":\"https:\/\/www.distribucionarc.com\/de\/?s={search_term_string}\"},\"query-input\":{\"@type\":\"PropertyValueSpecification\",\"valueRequired\":true,\"valueName\":\"search_term_string\"}}],\"inLanguage\":\"hr\"},{\"@type\":\"Organization\",\"@id\":\"https:\/\/www.distribucionarc.com\/de\/#organization\",\"name\":\"Distribuci\u00f3n ARC\",\"url\":\"https:\/\/www.distribucionarc.com\/de\/\",\"logo\":{\"@type\":\"ImageObject\",\"inLanguage\":\"hr\",\"@id\":\"https:\/\/www.distribucionarc.com\/de\/#\/schema\/logo\/image\/\",\"url\":\"https:\/\/distribucionarc.com\/wp-content\/uploads\/2024\/10\/distribucion-ARC-COLOR-SIN-FONDO-e1732295305345.png\",\"contentUrl\":\"https:\/\/distribucionarc.com\/wp-content\/uploads\/2024\/10\/distribucion-ARC-COLOR-SIN-FONDO-e1732295305345.png\",\"width\":1164,\"height\":558,\"caption\":\"Distribuci\u00f3n ARC\"},\"image\":{\"@id\":\"https:\/\/www.distribucionarc.com\/de\/#\/schema\/logo\/image\/\"},\"description\":\"Empresa especializada en la fabricaci\u00f3n y distribuci\u00f3n de maquinaria industrial para los sectores alimentario y farmac\u00e9utico. Nos especializamos en: M\u00e1quinas de cortar carne Fabricaci\u00f3n de comprimidos Sistemas de transporte industrial L\u00edneas de embotellado Dosificadores Y mucho m\u00e1s... Ofrecemos soluciones innovadoras y personalizadas para optimizar los procesos productivos de tu empresa.\",\"email\":\"Admistracion@distribucionarc.com\",\"telephone\":\"+34 643496664\",\"legalName\":\"ARC TECH SOLUTIONS\",\"foundingDate\":\"2024-04-09\",\"vatID\":\"B55480172\",\"numberOfEmployees\":{\"@type\":\"QuantitativeValue\",\"minValue\":\"1\",\"maxValue\":\"10\"}}]}<\/script>\n<!-- \/ Yoast SEO Premium plugin. -->","yoast_head_json":{"title":"Plinski ro\u0161tilj za ugostiteljstvo 4 plamenika - ARC razvod","robots":{"index":"index","follow":"follow","max-snippet":"max-snippet:-1","max-image-preview":"max-image-preview:large","max-video-preview":"max-video-preview:-1"},"canonical":"https:\/\/www.distribucionarc.com\/producto\/barbacoa-de-gas-para-hosteleria-4-quemadores\/","og_locale":"hr_HR","og_type":"article","og_title":"Barbacoa de gas para hosteler\u00eda 4 quemadores","og_description":"Barbacoa de gas para hosteler\u00eda 4 quemadores Las\u00a0barbacoas a gas\u00a0de\u00a0ARC\u00a0est\u00e1n fabricadas con los mejores y m\u00e1s innovadores materiales para obtener un sabor, efecto visual, olor \u00a0de aut\u00e9ntica\u00a0parrilla.  Si lo que buscas es rentabilidad, las\u00a0barbacoas a gas\u00a0de\u00a0ARC\u00a0cumplir\u00e1n con tus necesidades. Olv\u00eddate del mantenimiento de la piedra volc\u00e1nica y apuesta por unos\u00a0quemadores eficientes\u00a0protegidos, para asegurar la durabilidad de la\u00a0parrilla a gas\u00a0y proporcionarte un marcado perfecto de tus carnes, pescados, vegetales, tofu, etc. La\u00a0barbacoa a gas ARCB4G dispone de cuatro quemadores con control de temperatura ajustable para cada quemador. Garant\u00eda\u00a0ARC 2 A\u00d1OS soporte t\u00e9cnico incluido","og_url":"https:\/\/www.distribucionarc.com\/producto\/barbacoa-de-gas-para-hosteleria-4-quemadores\/","og_site_name":"distribuci\u00f3n ARC","article_modified_time":"2020-09-27T10:06:03+00:00","og_image":[{"width":1000,"height":1000,"url":"https:\/\/distribucionarc.com\/wp-content\/uploads\/2020\/07\/Barbacoa-de-gas-para-hosteler\u00eda-4-quemadores-0.jpg","type":"image\/jpeg"}],"twitter_card":"summary_large_image","twitter_misc":{"Procijenjeno vrijeme \u010ditanja":"1 minuta"},"schema":{"@context":"https:\/\/schema.org","@graph":[{"@type":"WebPage","@id":"https:\/\/www.distribucionarc.com\/producto\/barbacoa-de-gas-para-hosteleria-4-quemadores\/","url":"https:\/\/www.distribucionarc.com\/producto\/barbacoa-de-gas-para-hosteleria-4-quemadores\/","name":"Plinski ro\u0161tilj za ugostiteljstvo 4 plamenika - ARC razvod","isPartOf":{"@id":"https:\/\/www.distribucionarc.com\/de\/#website"},"primaryImageOfPage":{"@id":"https:\/\/www.distribucionarc.com\/producto\/barbacoa-de-gas-para-hosteleria-4-quemadores\/#primaryimage"},"image":{"@id":"https:\/\/www.distribucionarc.com\/producto\/barbacoa-de-gas-para-hosteleria-4-quemadores\/#primaryimage"},"thumbnailUrl":"https:\/\/distribucionarc.com\/wp-content\/uploads\/2020\/07\/Barbacoa-de-gas-para-hosteler\u00eda-4-quemadores-0.jpg","datePublished":"2020-07-25T17:00:27+00:00","dateModified":"2020-09-27T10:06:03+00:00","breadcrumb":{"@id":"https:\/\/www.distribucionarc.com\/producto\/barbacoa-de-gas-para-hosteleria-4-quemadores\/#breadcrumb"},"inLanguage":"hr","potentialAction":[{"@type":"ReadAction","target":["https:\/\/www.distribucionarc.com\/producto\/barbacoa-de-gas-para-hosteleria-4-quemadores\/"]}]},{"@type":"ImageObject","inLanguage":"hr","@id":"https:\/\/www.distribucionarc.com\/producto\/barbacoa-de-gas-para-hosteleria-4-quemadores\/#primaryimage","url":"https:\/\/distribucionarc.com\/wp-content\/uploads\/2020\/07\/Barbacoa-de-gas-para-hosteler\u00eda-4-quemadores-0.jpg","contentUrl":"https:\/\/distribucionarc.com\/wp-content\/uploads\/2020\/07\/Barbacoa-de-gas-para-hosteler\u00eda-4-quemadores-0.jpg","width":1000,"height":1000,"caption":"Barbacoa de gas para hosteleria"},{"@type":"BreadcrumbList","@id":"https:\/\/www.distribucionarc.com\/producto\/barbacoa-de-gas-para-hosteleria-4-quemadores\/#breadcrumb","itemListElement":[{"@type":"ListItem","position":1,"name":"Portada","item":"https:\/\/www.distribucionarc.com\/en\/"},{"@type":"ListItem","position":2,"name":"Products","item":"https:\/\/www.distribucionarc.com\/en\/shop\/"},{"@type":"ListItem","position":3,"name":"Barbacoa de gas para hosteler\u00eda 4 quemadores"}]},{"@type":"WebSite","@id":"https:\/\/www.distribucionarc.com\/de\/#website","url":"https:\/\/www.distribucionarc.com\/de\/","name":"ARC distribucija","description":"Tvrtka specijalizirana za proizvodnju i distribuciju industrijskih strojeva, strojeva za zatvaranje limenki, strojeva za izradu pilula, strojeva za rezanje mesa itd.","publisher":{"@id":"https:\/\/www.distribucionarc.com\/de\/#organization"},"potentialAction":[{"@type":"SearchAction","target":{"@type":"EntryPoint","urlTemplate":"https:\/\/www.distribucionarc.com\/de\/?s={search_term_string}"},"query-input":{"@type":"PropertyValueSpecification","valueRequired":true,"valueName":"search_term_string"}}],"inLanguage":"hr"},{"@type":"Organization","@id":"https:\/\/www.distribucionarc.com\/de\/#organization","name":"ARC distribucija","url":"https:\/\/www.distribucionarc.com\/de\/","logo":{"@type":"ImageObject","inLanguage":"hr","@id":"https:\/\/www.distribucionarc.com\/de\/#\/schema\/logo\/image\/","url":"https:\/\/distribucionarc.com\/wp-content\/uploads\/2024\/10\/distribucion-ARC-COLOR-SIN-FONDO-e1732295305345.png","contentUrl":"https:\/\/distribucionarc.com\/wp-content\/uploads\/2024\/10\/distribucion-ARC-COLOR-SIN-FONDO-e1732295305345.png","width":1164,"height":558,"caption":"Distribuci\u00f3n ARC"},"image":{"@id":"https:\/\/www.distribucionarc.com\/de\/#\/schema\/logo\/image\/"},"description":"Tvrtka specijalizirana za proizvodnju i distribuciju industrijskih strojeva za prehrambeni i farmaceutski sektor. Specijalizirani smo za: Strojeve za rezanje mesa Proizvodnja tableta Industrijske transportne sustave Linije za punjenje Strojevi za doziranje I jo\u0161 mnogo toga... Nudimo inovativna i prilago\u0111ena rje\u0161enja za optimizaciju proizvodnih procesa Va\u0161e tvrtke.","email":"Admistracion@distribucionarc.com","telephone":"+34 643496664","legalName":"ARC TECH SOLUTIONS","foundingDate":"2024-04-09","vatID":"B55480172","numberOfEmployees":{"@type":"QuantitativeValue","minValue":"1","maxValue":"10"}}]}},"_links":{"self":[{"href":"https:\/\/distribucionarc.com\/hr\/wp-json\/wp\/v2\/product\/1511","targetHints":{"allow":["GET"]}}],"collection":[{"href":"https:\/\/distribucionarc.com\/hr\/wp-json\/wp\/v2\/product"}],"about":[{"href":"https:\/\/distribucionarc.com\/hr\/wp-json\/wp\/v2\/types\/product"}],"replies":[{"embeddable":true,"href":"https:\/\/distribucionarc.com\/hr\/wp-json\/wp\/v2\/comments?post=1511"}],"version-history":[{"count":0,"href":"https:\/\/distribucionarc.com\/hr\/wp-json\/wp\/v2\/product\/1511\/revisions"}],"wp:featuredmedia":[{"embeddable":true,"href":"https:\/\/distribucionarc.com\/hr\/wp-json\/wp\/v2\/media\/1512"}],"wp:attachment":[{"href":"https:\/\/distribucionarc.com\/hr\/wp-json\/wp\/v2\/media?parent=1511"}],"wp:term":[{"taxonomy":"product_brand","embeddable":true,"href":"https:\/\/distribucionarc.com\/hr\/wp-json\/wp\/v2\/product_brand?post=1511"},{"taxonomy":"product_cat","embeddable":true,"href":"https:\/\/distribucionarc.com\/hr\/wp-json\/wp\/v2\/product_cat?post=1511"},{"taxonomy":"product_tag","embeddable":true,"href":"https:\/\/distribucionarc.com\/hr\/wp-json\/wp\/v2\/product_tag?post=1511"}],"curies":[{"name":"radni list","href":"https:\/\/api.w.org\/{rel}","templated":true}]}}