{"id":1530,"date":"2020-07-27T09:21:21","date_gmt":"2020-07-27T09:21:21","guid":{"rendered":"https:\/\/distribucionarc.com\/?post_type=product&#038;p=1530"},"modified":"2020-09-27T10:12:39","modified_gmt":"2020-09-27T10:12:39","slug":"profesionalni-rezac-przenih-krumpirica","status":"publish","type":"product","link":"https:\/\/distribucionarc.com\/hr\/producto\/cortador-de-patatas-fritas-profesional\/","title":{"rendered":"Profesionalni reza\u010d pomfrita"},"content":{"rendered":"<h3>Profesionalni reza\u010d pomfrita<\/h3>\n<p>The<strong> elektri\u010dni reza\u010d krumpira <span style=\"color: #ff0000;\">DO<\/span><span style=\"color: #0000ff;\">R<\/span><\/strong>C je izra\u0111en od nehr\u0111aju\u0107eg \u010delika koji je siguran za hranu, robustan je i izdr\u017eljiv. Veliko postolje za te\u0161ke uvjete u\u010dinkovito sprje\u010dava prevrtanje stroja.<\/p>\n<p>U\u010dinkovito rezanje mo\u017ee se jednostavno obaviti jednom rukom. Prekida\u010d kontrolira kretanje oblika o\u0161trice naprijed i nazad.<\/p>\n<p>On<strong> elektri\u010dni reza\u010d krumpira <span style=\"color: #ff0000;\">DO<\/span><span style=\"color: #0000ff;\">R<\/span>CCPP1<\/strong> Dolazi s 3 oblika o\u0161trica u razli\u010ditim veli\u010dinama, uklju\u010duju\u0107i o\u0161tricu 8 x 8 mm, o\u0161tricu 10 x 10 mm i o\u0161tricu 12 x 12 mm. List. Uklju\u010duje dodatnu posudu od nehr\u0111aju\u0107eg \u010delika.<\/p>\n<p>Tijekom rada, kada elektri\u010dna reza\u010dica krumpira do\u0111e u \u017eeljeni polo\u017eaj, aktivira se za\u0161titni ure\u0111aj koji automatski prekida napajanje.<\/p>\n<p>Oblici o\u0161trica i tla\u010dni blokovi mogu se ukloniti tako da se mogu jednostavno sastaviti za jednostavno \u010di\u0161\u0107enje i odr\u017eavanje.<\/p>\n<p>\u0160iroko se koristi za preradu nekih sirovina u krumpir i pomfrit. Posebno pogodan za meko i polumeko vo\u0107e i povr\u0107e.<\/p>\n<h6>Jamstvo<strong>\u00a0<span style=\"color: #ff0000;\">DO<\/span><span style=\"color: #0000ff;\">R<\/span>c<\/strong><\/h6>\n<h6><span style=\"color: #008000;\"><strong>Profesionalni reza\u010d pr\u017eenih krumpiri\u0107a, niske potro\u0161nje 20w<\/strong><\/span><\/h6>\n<h6>uklju\u010dena tehni\u010dka podr\u0161ka<\/h6>\n<p>&nbsp;<\/p>\n<table role=\"presentation\" width=\"100%\" cellspacing=\"0\" cellpadding=\"0\">\n<tbody>\n<tr>\n<td class=\"attrLabels\">Jamstvo:<\/td>\n<td width=\"50.0%\">\u00a0LUK 2 GOD<\/td>\n<\/tr>\n<tr>\n<td class=\"attrLabels\">Zemlja distribucije:<\/td>\n<td width=\"50.0%\">\u0160panjolska, Njema\u010dka, SAD<\/td>\n<td class=\"attrLabels\">Te\u017eina:<\/td>\n<td width=\"50.0%\">8,2 kg<\/td>\n<\/tr>\n<tr>\n<td class=\"attrLabels\">Marka:<\/td>\n<td width=\"50.0%\">LUK<\/td>\n<td class=\"attrLabels\">Visina:<\/td>\n<td width=\"50.0%\">\u00a051 cm<\/td>\n<\/tr>\n<tr>\n<td class=\"attrLabels\">Boja:<\/td>\n<td width=\"50.0%\">Srebro<\/td>\n<td class=\"attrLabels\">dugo:<\/td>\n<td width=\"50.0%\">22 cm<\/td>\n<\/tr>\n<tr>\n<td class=\"attrLabels\">Vrsta proizvoda:<\/td>\n<td width=\"50.0%\">pe\u0107nica za fritezu na vru\u0107i zrak<\/td>\n<td class=\"attrLabels\">\u0160iroko:<\/td>\n<td width=\"50.0%\">26 cm<\/td>\n<\/tr>\n<tr>\n<td class=\"attrLabels\">Proizvo\u0111a\u010dki broj:<\/td>\n<td width=\"50.0%\">ARCCPP1<\/td>\n<td class=\"attrLabels\">Vlast:<\/td>\n<td width=\"50.0%\">20W<\/td>\n<\/tr>\n<tr>\n<td class=\"attrLabels\">Materijal:<\/td>\n<td width=\"50.0%\">nehr\u0111aju\u0107i \u010delik<\/td>\n<td class=\"attrLabels\">ulazni napon<\/td>\n<td width=\"50.0%\">220V \u2013 50Hz<\/td>\n<\/tr>\n<tr>\n<td class=\"attrLabels\">Vrsta rezanja:<\/td>\n<td width=\"50.0%\">\u00a08\u00d78mm \/ 10\u00d710mm \/ 12\u00d712mm<\/td>\n<td class=\"attrLabels\"><\/td>\n<td width=\"50.0%\"><\/td>\n<\/tr>\n<tr>\n<td class=\"attrLabels\">Alati za instalaciju:<\/td>\n<td width=\"50.0%\">Da<\/td>\n<td class=\"attrLabels\"><\/td>\n<td width=\"50.0%\"><\/td>\n<\/tr>\n<\/tbody>\n<\/table>","protected":false},"excerpt":{"rendered":"<h2>Profesionalni reza\u010d pomfrita<\/h2>\n<p>On<strong> elektri\u010dni reza\u010d pomfrita<\/strong> od <strong><span style=\"color: #ff0000;\">DO<\/span><span style=\"color: #0000ff;\">R<\/span>c<\/strong> Va\u0161im doma\u0107im krumpirima \u0107e dati profesionalni rez, \u0161tede\u0107i vam vrijeme i novac.<\/p>\n<p>Ovaj <strong>elektri\u010dni reza\u010d pomfrita<\/strong> Ne zahtijeva nikakav rad, \u0161tedi puno vremena i truda u pripremi i izbjegava ozljede uzrokovane o\u0161tricama. \u010cesto se koristi u restoranima brze hrane, kantinama i privatnim ku\u0107ama za preradu sirovina u krumpir i pomfrit, \u0161to je vrlo prakti\u010dno i \u0161tedi trud.<\/p>\n<h6>Jamstvo<strong>\u00a0<span style=\"color: #ff0000;\">DO<\/span><span style=\"color: #0000ff;\">R<\/span>c<\/strong><\/h6>\n<h6><span style=\"color: #008000;\"><strong>Profesionalni reza\u010d pr\u017eenih krumpiri\u0107a, niske potro\u0161nje 20w<\/strong><\/span><\/h6>\n<h6>uklju\u010dena tehni\u010dka podr\u0161ka<\/h6>\n<p>&nbsp;<\/p>\n<p>&nbsp;<\/p>","protected":false},"featured_media":1537,"comment_status":"open","ping_status":"closed","template":"","meta":{"wds_primary_product_brand":0,"wds_primary_product_cat":0},"product_brand":[],"product_cat":[43],"product_tag":[],"class_list":{"0":"post-1530","1":"product","2":"type-product","3":"status-publish","4":"has-post-thumbnail","6":"product_cat-cortadoras-de-alimentos","7":"product_shipping_class-hosteleria","9":"first","10":"instock","11":"sale","12":"taxable","13":"shipping-taxable","14":"purchasable","15":"product-type-simple"},"yoast_head":"<!-- This site is optimized with the Yoast SEO Premium plugin v24.9 (Yoast SEO v26.1) - https:\/\/yoast.com\/wordpress\/plugins\/seo\/ -->\n<title>Cortador de patatas fritas profesional - distribuci\u00f3n ARC<\/title>\n<meta name=\"robots\" content=\"index, follow, max-snippet:-1, max-image-preview:large, max-video-preview:-1\" \/>\n<link rel=\"canonical\" href=\"https:\/\/distribucionarc.com\/hr\/proizvod\/profesionalni-rezac-przenih-krumpirica\/\" \/>\n<meta property=\"og:locale\" content=\"hr_HR\" \/>\n<meta property=\"og:type\" content=\"article\" \/>\n<meta property=\"og:title\" content=\"Cortador de patatas fritas profesional\" \/>\n<meta property=\"og:description\" content=\"Cortador de patatas fritas profesional El cortador de patatas fritas el\u00e9ctrica de ARC har\u00e1 que sus patatas caseras tengan un corte de profesional, ahorre tiempo y dinero.  Este cortador de patatas fritas el\u00e9ctricas no requiere ning\u00fan mano de obra, ahorra mucho tiempo y esfuerzo en la preparaci\u00f3n y evita lesiones causadas por las cuchillas. A menudo se utiliza en restaurantes de comida r\u00e1pida, comedores y casas particulares para procesar materias primas en papas y patatas fritas, que es muy pr\u00e1ctico y ahorra mano de obra Garant\u00eda\u00a0ARC Cortador de patatas fritas profesional, bajo consumo 20w soporte t\u00e9cnico\u00a0incluido &nbsp;  &nbsp;\" \/>\n<meta property=\"og:url\" content=\"https:\/\/distribucionarc.com\/hr\/proizvod\/profesionalni-rezac-przenih-krumpirica\/\" \/>\n<meta property=\"og:site_name\" content=\"distribuci\u00f3n ARC\" \/>\n<meta property=\"article:modified_time\" content=\"2020-09-27T10:12:39+00:00\" \/>\n<meta property=\"og:image\" content=\"https:\/\/distribucionarc.com\/wp-content\/uploads\/2020\/07\/Cortador-de-patatas-fritas-profesional-0.jpg\" \/>\n\t<meta property=\"og:image:width\" content=\"1600\" \/>\n\t<meta property=\"og:image:height\" content=\"1600\" \/>\n\t<meta property=\"og:image:type\" content=\"image\/jpeg\" \/>\n<meta name=\"twitter:card\" content=\"summary_large_image\" \/>\n<meta name=\"twitter:label1\" content=\"Procijenjeno vrijeme \u010ditanja\" \/>\n\t<meta name=\"twitter:data1\" content=\"1 minuta\" \/>\n<script type=\"application\/ld+json\" class=\"yoast-schema-graph\">{\"@context\":\"https:\/\/schema.org\",\"@graph\":[{\"@type\":\"WebPage\",\"@id\":\"https:\/\/distribucionarc.com\/de\/producto\/cortador-de-patatas-fritas-profesional\/\",\"url\":\"https:\/\/distribucionarc.com\/de\/producto\/cortador-de-patatas-fritas-profesional\/\",\"name\":\"Cortador de patatas fritas profesional - distribuci\u00f3n ARC\",\"isPartOf\":{\"@id\":\"https:\/\/www.distribucionarc.com\/de\/#website\"},\"primaryImageOfPage\":{\"@id\":\"https:\/\/distribucionarc.com\/de\/producto\/cortador-de-patatas-fritas-profesional\/#primaryimage\"},\"image\":{\"@id\":\"https:\/\/distribucionarc.com\/de\/producto\/cortador-de-patatas-fritas-profesional\/#primaryimage\"},\"thumbnailUrl\":\"https:\/\/distribucionarc.com\/wp-content\/uploads\/2020\/07\/Cortador-de-patatas-fritas-profesional-0.jpg\",\"datePublished\":\"2020-07-27T09:21:21+00:00\",\"dateModified\":\"2020-09-27T10:12:39+00:00\",\"breadcrumb\":{\"@id\":\"https:\/\/distribucionarc.com\/de\/producto\/cortador-de-patatas-fritas-profesional\/#breadcrumb\"},\"inLanguage\":\"hr\",\"potentialAction\":[{\"@type\":\"ReadAction\",\"target\":[\"https:\/\/distribucionarc.com\/de\/producto\/cortador-de-patatas-fritas-profesional\/\"]}]},{\"@type\":\"ImageObject\",\"inLanguage\":\"hr\",\"@id\":\"https:\/\/distribucionarc.com\/de\/producto\/cortador-de-patatas-fritas-profesional\/#primaryimage\",\"url\":\"https:\/\/distribucionarc.com\/wp-content\/uploads\/2020\/07\/Cortador-de-patatas-fritas-profesional-0.jpg\",\"contentUrl\":\"https:\/\/distribucionarc.com\/wp-content\/uploads\/2020\/07\/Cortador-de-patatas-fritas-profesional-0.jpg\",\"width\":1600,\"height\":1600,\"caption\":\"Cortador de patatas fritas profesional\"},{\"@type\":\"BreadcrumbList\",\"@id\":\"https:\/\/distribucionarc.com\/de\/producto\/cortador-de-patatas-fritas-profesional\/#breadcrumb\",\"itemListElement\":[{\"@type\":\"ListItem\",\"position\":1,\"name\":\"Portada\",\"item\":\"https:\/\/www.distribucionarc.com\/en\/\"},{\"@type\":\"ListItem\",\"position\":2,\"name\":\"Products\",\"item\":\"https:\/\/www.distribucionarc.com\/en\/shop\/\"},{\"@type\":\"ListItem\",\"position\":3,\"name\":\"Cortador de patatas fritas profesional\"}]},{\"@type\":\"WebSite\",\"@id\":\"https:\/\/www.distribucionarc.com\/de\/#website\",\"url\":\"https:\/\/www.distribucionarc.com\/de\/\",\"name\":\"distribuci\u00f3n ARC\",\"description\":\"Empresa especializada en la fabricaci\u00f3n y distribuci\u00f3n de maquinaria industrial, selladoras de latas, Maquinas de hacer pastillas, Maquinas de cortar carne...\",\"publisher\":{\"@id\":\"https:\/\/www.distribucionarc.com\/de\/#organization\"},\"potentialAction\":[{\"@type\":\"SearchAction\",\"target\":{\"@type\":\"EntryPoint\",\"urlTemplate\":\"https:\/\/www.distribucionarc.com\/de\/?s={search_term_string}\"},\"query-input\":{\"@type\":\"PropertyValueSpecification\",\"valueRequired\":true,\"valueName\":\"search_term_string\"}}],\"inLanguage\":\"hr\"},{\"@type\":\"Organization\",\"@id\":\"https:\/\/www.distribucionarc.com\/de\/#organization\",\"name\":\"Distribuci\u00f3n ARC\",\"url\":\"https:\/\/www.distribucionarc.com\/de\/\",\"logo\":{\"@type\":\"ImageObject\",\"inLanguage\":\"hr\",\"@id\":\"https:\/\/www.distribucionarc.com\/de\/#\/schema\/logo\/image\/\",\"url\":\"https:\/\/distribucionarc.com\/wp-content\/uploads\/2024\/10\/distribucion-ARC-COLOR-SIN-FONDO-e1732295305345.png\",\"contentUrl\":\"https:\/\/distribucionarc.com\/wp-content\/uploads\/2024\/10\/distribucion-ARC-COLOR-SIN-FONDO-e1732295305345.png\",\"width\":1164,\"height\":558,\"caption\":\"Distribuci\u00f3n ARC\"},\"image\":{\"@id\":\"https:\/\/www.distribucionarc.com\/de\/#\/schema\/logo\/image\/\"},\"description\":\"Empresa especializada en la fabricaci\u00f3n y distribuci\u00f3n de maquinaria industrial para los sectores alimentario y farmac\u00e9utico. Nos especializamos en: M\u00e1quinas de cortar carne Fabricaci\u00f3n de comprimidos Sistemas de transporte industrial L\u00edneas de embotellado Dosificadores Y mucho m\u00e1s... Ofrecemos soluciones innovadoras y personalizadas para optimizar los procesos productivos de tu empresa.\",\"email\":\"Admistracion@distribucionarc.com\",\"telephone\":\"+34 643496664\",\"legalName\":\"ARC TECH SOLUTIONS\",\"foundingDate\":\"2024-04-09\",\"vatID\":\"B55480172\",\"numberOfEmployees\":{\"@type\":\"QuantitativeValue\",\"minValue\":\"1\",\"maxValue\":\"10\"}}]}<\/script>\n<!-- \/ Yoast SEO Premium plugin. -->","yoast_head_json":{"title":"Profesionalni reza\u010d pr\u017eenih krumpiri\u0107a - ARC distribucija","robots":{"index":"index","follow":"follow","max-snippet":"max-snippet:-1","max-image-preview":"max-image-preview:large","max-video-preview":"max-video-preview:-1"},"canonical":"https:\/\/distribucionarc.com\/hr\/proizvod\/profesionalni-rezac-przenih-krumpirica\/","og_locale":"hr_HR","og_type":"article","og_title":"Cortador de patatas fritas profesional","og_description":"Cortador de patatas fritas profesional El cortador de patatas fritas el\u00e9ctrica de ARC har\u00e1 que sus patatas caseras tengan un corte de profesional, ahorre tiempo y dinero.  Este cortador de patatas fritas el\u00e9ctricas no requiere ning\u00fan mano de obra, ahorra mucho tiempo y esfuerzo en la preparaci\u00f3n y evita lesiones causadas por las cuchillas. A menudo se utiliza en restaurantes de comida r\u00e1pida, comedores y casas particulares para procesar materias primas en papas y patatas fritas, que es muy pr\u00e1ctico y ahorra mano de obra Garant\u00eda\u00a0ARC Cortador de patatas fritas profesional, bajo consumo 20w soporte t\u00e9cnico\u00a0incluido &nbsp;  &nbsp;","og_url":"https:\/\/distribucionarc.com\/hr\/proizvod\/profesionalni-rezac-przenih-krumpirica\/","og_site_name":"distribuci\u00f3n ARC","article_modified_time":"2020-09-27T10:12:39+00:00","og_image":[{"width":1600,"height":1600,"url":"https:\/\/distribucionarc.com\/wp-content\/uploads\/2020\/07\/Cortador-de-patatas-fritas-profesional-0.jpg","type":"image\/jpeg"}],"twitter_card":"summary_large_image","twitter_misc":{"Procijenjeno vrijeme \u010ditanja":"1 minuta"},"schema":{"@context":"https:\/\/schema.org","@graph":[{"@type":"WebPage","@id":"https:\/\/distribucionarc.com\/de\/producto\/cortador-de-patatas-fritas-profesional\/","url":"https:\/\/distribucionarc.com\/de\/producto\/cortador-de-patatas-fritas-profesional\/","name":"Profesionalni reza\u010d pr\u017eenih krumpiri\u0107a - ARC distribucija","isPartOf":{"@id":"https:\/\/www.distribucionarc.com\/de\/#website"},"primaryImageOfPage":{"@id":"https:\/\/distribucionarc.com\/de\/producto\/cortador-de-patatas-fritas-profesional\/#primaryimage"},"image":{"@id":"https:\/\/distribucionarc.com\/de\/producto\/cortador-de-patatas-fritas-profesional\/#primaryimage"},"thumbnailUrl":"https:\/\/distribucionarc.com\/wp-content\/uploads\/2020\/07\/Cortador-de-patatas-fritas-profesional-0.jpg","datePublished":"2020-07-27T09:21:21+00:00","dateModified":"2020-09-27T10:12:39+00:00","breadcrumb":{"@id":"https:\/\/distribucionarc.com\/de\/producto\/cortador-de-patatas-fritas-profesional\/#breadcrumb"},"inLanguage":"hr","potentialAction":[{"@type":"ReadAction","target":["https:\/\/distribucionarc.com\/de\/producto\/cortador-de-patatas-fritas-profesional\/"]}]},{"@type":"ImageObject","inLanguage":"hr","@id":"https:\/\/distribucionarc.com\/de\/producto\/cortador-de-patatas-fritas-profesional\/#primaryimage","url":"https:\/\/distribucionarc.com\/wp-content\/uploads\/2020\/07\/Cortador-de-patatas-fritas-profesional-0.jpg","contentUrl":"https:\/\/distribucionarc.com\/wp-content\/uploads\/2020\/07\/Cortador-de-patatas-fritas-profesional-0.jpg","width":1600,"height":1600,"caption":"Cortador de patatas fritas profesional"},{"@type":"BreadcrumbList","@id":"https:\/\/distribucionarc.com\/de\/producto\/cortador-de-patatas-fritas-profesional\/#breadcrumb","itemListElement":[{"@type":"ListItem","position":1,"name":"Portada","item":"https:\/\/www.distribucionarc.com\/en\/"},{"@type":"ListItem","position":2,"name":"Products","item":"https:\/\/www.distribucionarc.com\/en\/shop\/"},{"@type":"ListItem","position":3,"name":"Cortador de patatas fritas profesional"}]},{"@type":"WebSite","@id":"https:\/\/www.distribucionarc.com\/de\/#website","url":"https:\/\/www.distribucionarc.com\/de\/","name":"ARC distribucija","description":"Tvrtka specijalizirana za proizvodnju i distribuciju industrijskih strojeva, strojeva za zatvaranje limenki, strojeva za izradu pilula, strojeva za rezanje mesa itd.","publisher":{"@id":"https:\/\/www.distribucionarc.com\/de\/#organization"},"potentialAction":[{"@type":"SearchAction","target":{"@type":"EntryPoint","urlTemplate":"https:\/\/www.distribucionarc.com\/de\/?s={search_term_string}"},"query-input":{"@type":"PropertyValueSpecification","valueRequired":true,"valueName":"search_term_string"}}],"inLanguage":"hr"},{"@type":"Organization","@id":"https:\/\/www.distribucionarc.com\/de\/#organization","name":"ARC distribucija","url":"https:\/\/www.distribucionarc.com\/de\/","logo":{"@type":"ImageObject","inLanguage":"hr","@id":"https:\/\/www.distribucionarc.com\/de\/#\/schema\/logo\/image\/","url":"https:\/\/distribucionarc.com\/wp-content\/uploads\/2024\/10\/distribucion-ARC-COLOR-SIN-FONDO-e1732295305345.png","contentUrl":"https:\/\/distribucionarc.com\/wp-content\/uploads\/2024\/10\/distribucion-ARC-COLOR-SIN-FONDO-e1732295305345.png","width":1164,"height":558,"caption":"Distribuci\u00f3n ARC"},"image":{"@id":"https:\/\/www.distribucionarc.com\/de\/#\/schema\/logo\/image\/"},"description":"Tvrtka specijalizirana za proizvodnju i distribuciju industrijskih strojeva za prehrambeni i farmaceutski sektor. Specijalizirani smo za: Strojeve za rezanje mesa Proizvodnja tableta Industrijske transportne sustave Linije za punjenje Strojevi za doziranje I jo\u0161 mnogo toga... Nudimo inovativna i prilago\u0111ena rje\u0161enja za optimizaciju proizvodnih procesa Va\u0161e tvrtke.","email":"Admistracion@distribucionarc.com","telephone":"+34 643496664","legalName":"ARC TECH SOLUTIONS","foundingDate":"2024-04-09","vatID":"B55480172","numberOfEmployees":{"@type":"QuantitativeValue","minValue":"1","maxValue":"10"}}]}},"_links":{"self":[{"href":"https:\/\/distribucionarc.com\/hr\/wp-json\/wp\/v2\/product\/1530","targetHints":{"allow":["GET"]}}],"collection":[{"href":"https:\/\/distribucionarc.com\/hr\/wp-json\/wp\/v2\/product"}],"about":[{"href":"https:\/\/distribucionarc.com\/hr\/wp-json\/wp\/v2\/types\/product"}],"replies":[{"embeddable":true,"href":"https:\/\/distribucionarc.com\/hr\/wp-json\/wp\/v2\/comments?post=1530"}],"version-history":[{"count":0,"href":"https:\/\/distribucionarc.com\/hr\/wp-json\/wp\/v2\/product\/1530\/revisions"}],"wp:featuredmedia":[{"embeddable":true,"href":"https:\/\/distribucionarc.com\/hr\/wp-json\/wp\/v2\/media\/1537"}],"wp:attachment":[{"href":"https:\/\/distribucionarc.com\/hr\/wp-json\/wp\/v2\/media?parent=1530"}],"wp:term":[{"taxonomy":"product_brand","embeddable":true,"href":"https:\/\/distribucionarc.com\/hr\/wp-json\/wp\/v2\/product_brand?post=1530"},{"taxonomy":"product_cat","embeddable":true,"href":"https:\/\/distribucionarc.com\/hr\/wp-json\/wp\/v2\/product_cat?post=1530"},{"taxonomy":"product_tag","embeddable":true,"href":"https:\/\/distribucionarc.com\/hr\/wp-json\/wp\/v2\/product_tag?post=1530"}],"curies":[{"name":"radni list","href":"https:\/\/api.w.org\/{rel}","templated":true}]}}