{"id":1612,"date":"2020-07-28T10:31:20","date_gmt":"2020-07-28T10:31:20","guid":{"rendered":"https:\/\/distribucionarc.com\/?post_type=product&#038;p=1612"},"modified":"2020-09-27T10:27:06","modified_gmt":"2020-09-27T10:27:06","slug":"automatski-gulilac-prepelicjih-jaja","status":"publish","type":"product","link":"https:\/\/distribucionarc.com\/hr\/producto\/peladora-automatica-de-huevos-de-codorniz\/","title":{"rendered":"Automatski stroj za guljenje prepeli\u010djih jaja"},"content":{"rendered":"<h2>Automatski stroj za guljenje prepeli\u010djih jaja<\/h2>\n<p>Jednostavan za kori\u0161tenje, ne morate brinuti o zamornim operacijama. Poluautomatski rad treba samo lagano kliknuti jaje. Postupak lju\u0161tenja prepeli\u010djih jaja ima nisku stopu o\u0161te\u0107enja.<\/p>\n<p>The <strong>gulilica za pti\u010dja jaja prepelica <span style=\"color: #ff0000;\">DO<\/span><span style=\"color: #0000ff;\">R<\/span>c<\/strong> usvaja motor od 25 W, sa <span style=\"color: #008000;\"><strong>niska potro\u0161nja energije, ali visoka u\u010dinkovitost rada<\/strong><\/span>. Brzina lju\u0161tenja je velika. <strong>Proizvode do 50 kg\/h<\/strong>, u\u010dinkovito smanjuju\u0107i vrijeme i tro\u0161kove rada.<\/p>\n<p>On <strong>gulilica za prepeli\u010dja jaja <span style=\"color: #ff0000;\">DO<\/span><span style=\"color: #0000ff;\">R<\/span>CPAH1<\/strong>\u00a0Izra\u0111en je od nehr\u0111aju\u0107eg \u010delika kvalitete 304 za hranu. \u010cvrst je i nije lako hr\u0111ati, osiguravaju\u0107i vrhunski stroj za dugotrajnu upotrebu.<\/p>\n<p>Koriste\u0107i rotacijski dizajn crijeva za trganje ljuske jajeta, kako bi se postiglo lju\u0161tenje. Crijeva koriste sirovine za hranu, koje su sanitarne, zdrave i sigurne<\/p>\n<p>Veli\u010dina <strong>gulilica za jaja<\/strong> Mali je, prakti\u010dan za premje\u0161tanje i no\u0161enje. Ne\u0107e zauzimati previ\u0161e prostora, pogodan za razli\u010dite tipove kuhinja.<\/p>\n<h6><\/h6>\n<h6>Jamstvo<strong>\u00a0<span style=\"color: #ff0000;\">DO<\/span><span style=\"color: #0000ff;\">R<\/span>C 2 GODINE<\/strong><\/h6>\n<h6><span style=\"color: #008000;\">naju\u010dinkovitiji motor niske potro\u0161nje od 18 W<\/span><\/h6>\n<h6>uklju\u010dena tehni\u010dka podr\u0161ka.<\/h6>\n<p>&nbsp;<\/p>\n<table role=\"presentation\" width=\"100%\" cellspacing=\"0\" cellpadding=\"0\">\n<tbody>\n<tr>\n<td class=\"attrLabels\">Vlast:<\/td>\n<td width=\"50.0%\">18W<\/td>\n<\/tr>\n<tr>\n<td class=\"attrLabels\">Napon:<\/td>\n<td width=\"50.0%\">110V \u2013 220V 50Hz do 60Hz<\/td>\n<td class=\"attrLabels\">Te\u017eina:<\/td>\n<td width=\"50.0%\">2,5 kg<\/td>\n<\/tr>\n<tr>\n<td class=\"attrLabels\">Zemlja distribucije:<\/td>\n<td width=\"50.0%\">\u0160panjolska, Njema\u010dka, SAD<\/td>\n<td class=\"attrLabels\">Visina:<\/td>\n<td width=\"50.0%\">11 cm<\/td>\n<\/tr>\n<tr>\n<td class=\"attrLabels\">Marka:<\/td>\n<td width=\"50.0%\">LUK<\/td>\n<td class=\"attrLabels\">dugo:<\/td>\n<td width=\"50.0%\">40 cm<\/td>\n<\/tr>\n<tr>\n<td class=\"attrLabels\">Vrsta proizvoda:<\/td>\n<td width=\"50.0%\">Gulilica za prepeli\u010dja jaja<\/td>\n<td class=\"attrLabels\">\u0160iroko:<\/td>\n<td width=\"50.0%\">\u00a018 cm<\/td>\n<\/tr>\n<tr>\n<td class=\"attrLabels\">Proizvo\u0111a\u010dki broj:<\/td>\n<td width=\"50.0%\">ARCPAH1<\/td>\n<td class=\"attrLabels\">Brzina rada:<\/td>\n<td width=\"50.0%\">\u00a050 kg na sat<\/td>\n<\/tr>\n<tr>\n<td class=\"attrLabels\">Materijal:<\/td>\n<td width=\"50.0%\">nehr\u0111aju\u0107i \u010delik, crijeva za hranu<\/td>\n<td class=\"attrLabels\">\u00a0Jamstvo:<\/td>\n<td width=\"50.0%\">2 GODINE<\/td>\n<\/tr>\n<tr>\n<td class=\"attrLabels\">Boja:<\/td>\n<td width=\"50.0%\">Srebro<\/td>\n<td class=\"attrLabels\"><\/td>\n<td width=\"50.0%\"><\/td>\n<\/tr>\n<tr>\n<td class=\"attrLabels\">Alati za instalaciju:<\/td>\n<td width=\"50.0%\">Da<\/td>\n<td class=\"attrLabels\"><\/td>\n<td width=\"50.0%\"><\/td>\n<\/tr>\n<\/tbody>\n<\/table>","protected":false},"excerpt":{"rendered":"<h2>Automatski stroj za guljenje prepeli\u010djih jaja<\/h2>\n<p>Uz ovo u\u0161tedite vrijeme pripremaju\u0107i jela i tapase <strong>automatska lju\u0161tilica <span style=\"color: #ff0000;\">DO<\/span><span style=\"color: #0000ff;\">R<\/span>CPAH1<\/strong> Morate samo pritisnuti gumb kako biste dobili \u010dist proizvod bez posjekotina.<\/p>\n<p><strong>Profesionalna ma\u0161ina za guljenje prepeli\u010djih jaja <span style=\"color: #ff0000;\">DO<\/span><span style=\"color: #0000ff;\">R<\/span>c<\/strong>Izra\u0111en od vrhunskog nehr\u0111aju\u0107eg \u010delika 304, izdr\u017eljiv je i siguran za kori\u0161tenje. Mo\u017ee guliti jaja s visokom u\u010dinkovito\u0161\u0107u i malo lomljenja. Izlaz gore <strong>60 kg\/h<\/strong>, zna\u010dajno smanjuje vrijeme ru\u010dnog pilinga. Veli\u010dina je mala, pogodna za premje\u0161tanje i no\u0161enje. Pogodno za hotele, restorane, barove i ugostiteljstvo.<\/p>\n<h6>Jamstvo<strong>\u00a0<span style=\"color: #ff0000;\">DO<\/span><span style=\"color: #0000ff;\">R<\/span>C 2 GODINE<\/strong><\/h6>\n<h6><span style=\"color: #008000;\">naju\u010dinkovitiji motor niske potro\u0161nje od 18 W<\/span><\/h6>\n<h6>uklju\u010dena tehni\u010dka podr\u0161ka.<\/h6>","protected":false},"featured_media":1619,"comment_status":"open","ping_status":"closed","template":"","meta":{"wds_primary_product_brand":0,"wds_primary_product_cat":0},"product_brand":[],"product_cat":[43,61],"product_tag":[],"class_list":{"0":"post-1612","1":"product","2":"type-product","3":"status-publish","4":"has-post-thumbnail","6":"product_cat-cortadoras-de-alimentos","7":"product_cat-peladoras-de-alimentos","8":"product_shipping_class-hosteleria","10":"first","11":"instock","12":"sale","13":"taxable","14":"shipping-taxable","15":"purchasable","16":"product-type-simple"},"yoast_head":"<!-- This site is optimized with the Yoast SEO Premium plugin v24.9 (Yoast SEO v26.1) - https:\/\/yoast.com\/wordpress\/plugins\/seo\/ -->\n<title>Peladora autom\u00e1tica de huevos de codorniz - distribuci\u00f3n ARC<\/title>\n<meta name=\"robots\" content=\"index, follow, max-snippet:-1, max-image-preview:large, max-video-preview:-1\" \/>\n<link rel=\"canonical\" href=\"https:\/\/distribucionarc.com\/hr\/proizvod\/automatski-gulilac-prepelicjih-jaja\/\" \/>\n<meta property=\"og:locale\" content=\"hr_HR\" \/>\n<meta property=\"og:type\" content=\"article\" \/>\n<meta property=\"og:title\" content=\"Peladora autom\u00e1tica de huevos de codorniz\" \/>\n<meta property=\"og:description\" content=\"Peladora autom\u00e1tica de huevos de codorniz Ahorre tiempo para elaborar sus platos y tapas, con esta peladora autom\u00e1tica ARCPAH1 tan solo tendr\u00e1 que presionar un bot\u00f3n para obtener un producto limpio y sin cortes.  M\u00e1quina profesional para pelar huevos de codorniz ARC, hecha de acero inoxidable 304 premium, es duradera y segura de usar. Puede pelar huevos con alta eficiencia y con poca rotura. Salida de hasta 60 kg \/ h, reduce significativamente el tiempo de pelado manual. El tama\u00f1o es peque\u00f1o, conveniente para mover y transportar. Adecuado para hoteles, restaurantes, bar e industria de catering. Garant\u00eda\u00a0ARC 2 A\u00d1OS motor m\u00e1s eficiente bajo consumo 18w soporte t\u00e9cnico\u00a0incluido.\" \/>\n<meta property=\"og:url\" content=\"https:\/\/distribucionarc.com\/hr\/proizvod\/automatski-gulilac-prepelicjih-jaja\/\" \/>\n<meta property=\"og:site_name\" content=\"distribuci\u00f3n ARC\" \/>\n<meta property=\"article:modified_time\" content=\"2020-09-27T10:27:06+00:00\" \/>\n<meta property=\"og:image\" content=\"https:\/\/distribucionarc.com\/wp-content\/uploads\/2020\/07\/Peladora-autom\u00e1tica-de-huevos-de-codorniz-0.jpg\" \/>\n\t<meta property=\"og:image:width\" content=\"1600\" \/>\n\t<meta property=\"og:image:height\" content=\"1600\" \/>\n\t<meta property=\"og:image:type\" content=\"image\/jpeg\" \/>\n<meta name=\"twitter:card\" content=\"summary_large_image\" \/>\n<meta name=\"twitter:label1\" content=\"Procijenjeno vrijeme \u010ditanja\" \/>\n\t<meta name=\"twitter:data1\" content=\"1 minuta\" \/>\n<script type=\"application\/ld+json\" class=\"yoast-schema-graph\">{\"@context\":\"https:\/\/schema.org\",\"@graph\":[{\"@type\":\"WebPage\",\"@id\":\"https:\/\/distribucionarc.com\/sl\/producto\/peladora-automatica-de-huevos-de-codorniz\/\",\"url\":\"https:\/\/distribucionarc.com\/sl\/producto\/peladora-automatica-de-huevos-de-codorniz\/\",\"name\":\"Peladora autom\u00e1tica de huevos de codorniz - distribuci\u00f3n ARC\",\"isPartOf\":{\"@id\":\"https:\/\/distribucionarc.com\/bg\/#website\"},\"primaryImageOfPage\":{\"@id\":\"https:\/\/distribucionarc.com\/sl\/producto\/peladora-automatica-de-huevos-de-codorniz\/#primaryimage\"},\"image\":{\"@id\":\"https:\/\/distribucionarc.com\/sl\/producto\/peladora-automatica-de-huevos-de-codorniz\/#primaryimage\"},\"thumbnailUrl\":\"https:\/\/distribucionarc.com\/wp-content\/uploads\/2020\/07\/Peladora-autom\u00e1tica-de-huevos-de-codorniz-0.jpg\",\"datePublished\":\"2020-07-28T10:31:20+00:00\",\"dateModified\":\"2020-09-27T10:27:06+00:00\",\"breadcrumb\":{\"@id\":\"https:\/\/distribucionarc.com\/sl\/producto\/peladora-automatica-de-huevos-de-codorniz\/#breadcrumb\"},\"inLanguage\":\"hr\",\"potentialAction\":[{\"@type\":\"ReadAction\",\"target\":[\"https:\/\/distribucionarc.com\/sl\/producto\/peladora-automatica-de-huevos-de-codorniz\/\"]}]},{\"@type\":\"ImageObject\",\"inLanguage\":\"hr\",\"@id\":\"https:\/\/distribucionarc.com\/sl\/producto\/peladora-automatica-de-huevos-de-codorniz\/#primaryimage\",\"url\":\"https:\/\/distribucionarc.com\/wp-content\/uploads\/2020\/07\/Peladora-autom\u00e1tica-de-huevos-de-codorniz-0.jpg\",\"contentUrl\":\"https:\/\/distribucionarc.com\/wp-content\/uploads\/2020\/07\/Peladora-autom\u00e1tica-de-huevos-de-codorniz-0.jpg\",\"width\":1600,\"height\":1600,\"caption\":\"Peladora autom\u00e1tica de huevos de codorniz\"},{\"@type\":\"BreadcrumbList\",\"@id\":\"https:\/\/distribucionarc.com\/sl\/producto\/peladora-automatica-de-huevos-de-codorniz\/#breadcrumb\",\"itemListElement\":[{\"@type\":\"ListItem\",\"position\":1,\"name\":\"Portada\",\"item\":\"https:\/\/distribucionarc.com\/nb\/\"},{\"@type\":\"ListItem\",\"position\":2,\"name\":\"Products\",\"item\":\"https:\/\/www.distribucionarc.com\/en\/shop\/\"},{\"@type\":\"ListItem\",\"position\":3,\"name\":\"Peladora autom\u00e1tica de huevos de codorniz\"}]},{\"@type\":\"WebSite\",\"@id\":\"https:\/\/distribucionarc.com\/bg\/#website\",\"url\":\"https:\/\/distribucionarc.com\/bg\/\",\"name\":\"distribuci\u00f3n ARC\",\"description\":\"Empresa especializada en la fabricaci\u00f3n y distribuci\u00f3n de maquinaria industrial, selladoras de latas, Maquinas de hacer pastillas, Maquinas de cortar carne...\",\"publisher\":{\"@id\":\"https:\/\/distribucionarc.com\/bg\/#organization\"},\"potentialAction\":[{\"@type\":\"SearchAction\",\"target\":{\"@type\":\"EntryPoint\",\"urlTemplate\":\"https:\/\/distribucionarc.com\/bg\/?s={search_term_string}\"},\"query-input\":{\"@type\":\"PropertyValueSpecification\",\"valueRequired\":true,\"valueName\":\"search_term_string\"}}],\"inLanguage\":\"hr\"},{\"@type\":\"Organization\",\"@id\":\"https:\/\/distribucionarc.com\/bg\/#organization\",\"name\":\"Distribuci\u00f3n ARC\",\"url\":\"https:\/\/distribucionarc.com\/bg\/\",\"logo\":{\"@type\":\"ImageObject\",\"inLanguage\":\"hr\",\"@id\":\"https:\/\/distribucionarc.com\/bg\/#\/schema\/logo\/image\/\",\"url\":\"https:\/\/distribucionarc.com\/wp-content\/uploads\/2024\/10\/distribucion-ARC-COLOR-SIN-FONDO-e1732295305345.png\",\"contentUrl\":\"https:\/\/distribucionarc.com\/wp-content\/uploads\/2024\/10\/distribucion-ARC-COLOR-SIN-FONDO-e1732295305345.png\",\"width\":1164,\"height\":558,\"caption\":\"Distribuci\u00f3n ARC\"},\"image\":{\"@id\":\"https:\/\/distribucionarc.com\/bg\/#\/schema\/logo\/image\/\"},\"description\":\"Empresa especializada en la fabricaci\u00f3n y distribuci\u00f3n de maquinaria industrial para los sectores alimentario y farmac\u00e9utico. Nos especializamos en: M\u00e1quinas de cortar carne Fabricaci\u00f3n de comprimidos Sistemas de transporte industrial L\u00edneas de embotellado Dosificadores Y mucho m\u00e1s... Ofrecemos soluciones innovadoras y personalizadas para optimizar los procesos productivos de tu empresa.\",\"email\":\"Admistracion@distribucionarc.com\",\"telephone\":\"+34 643496664\",\"legalName\":\"ARC TECH SOLUTIONS\",\"foundingDate\":\"2024-04-09\",\"vatID\":\"B55480172\",\"numberOfEmployees\":{\"@type\":\"QuantitativeValue\",\"minValue\":\"1\",\"maxValue\":\"10\"}}]}<\/script>\n<!-- \/ Yoast SEO Premium plugin. -->","yoast_head_json":{"title":"Automatski gulitelj prepeli\u010djih jaja - ARC distribucija","robots":{"index":"index","follow":"follow","max-snippet":"max-snippet:-1","max-image-preview":"max-image-preview:large","max-video-preview":"max-video-preview:-1"},"canonical":"https:\/\/distribucionarc.com\/hr\/proizvod\/automatski-gulilac-prepelicjih-jaja\/","og_locale":"hr_HR","og_type":"article","og_title":"Peladora autom\u00e1tica de huevos de codorniz","og_description":"Peladora autom\u00e1tica de huevos de codorniz Ahorre tiempo para elaborar sus platos y tapas, con esta peladora autom\u00e1tica ARCPAH1 tan solo tendr\u00e1 que presionar un bot\u00f3n para obtener un producto limpio y sin cortes.  M\u00e1quina profesional para pelar huevos de codorniz ARC, hecha de acero inoxidable 304 premium, es duradera y segura de usar. Puede pelar huevos con alta eficiencia y con poca rotura. Salida de hasta 60 kg \/ h, reduce significativamente el tiempo de pelado manual. El tama\u00f1o es peque\u00f1o, conveniente para mover y transportar. Adecuado para hoteles, restaurantes, bar e industria de catering. Garant\u00eda\u00a0ARC 2 A\u00d1OS motor m\u00e1s eficiente bajo consumo 18w soporte t\u00e9cnico\u00a0incluido.","og_url":"https:\/\/distribucionarc.com\/hr\/proizvod\/automatski-gulilac-prepelicjih-jaja\/","og_site_name":"distribuci\u00f3n ARC","article_modified_time":"2020-09-27T10:27:06+00:00","og_image":[{"width":1600,"height":1600,"url":"https:\/\/distribucionarc.com\/wp-content\/uploads\/2020\/07\/Peladora-autom\u00e1tica-de-huevos-de-codorniz-0.jpg","type":"image\/jpeg"}],"twitter_card":"summary_large_image","twitter_misc":{"Procijenjeno vrijeme \u010ditanja":"1 minuta"},"schema":{"@context":"https:\/\/schema.org","@graph":[{"@type":"WebPage","@id":"https:\/\/distribucionarc.com\/sl\/producto\/peladora-automatica-de-huevos-de-codorniz\/","url":"https:\/\/distribucionarc.com\/sl\/producto\/peladora-automatica-de-huevos-de-codorniz\/","name":"Automatski gulitelj prepeli\u010djih jaja - ARC distribucija","isPartOf":{"@id":"https:\/\/distribucionarc.com\/bg\/#website"},"primaryImageOfPage":{"@id":"https:\/\/distribucionarc.com\/sl\/producto\/peladora-automatica-de-huevos-de-codorniz\/#primaryimage"},"image":{"@id":"https:\/\/distribucionarc.com\/sl\/producto\/peladora-automatica-de-huevos-de-codorniz\/#primaryimage"},"thumbnailUrl":"https:\/\/distribucionarc.com\/wp-content\/uploads\/2020\/07\/Peladora-autom\u00e1tica-de-huevos-de-codorniz-0.jpg","datePublished":"2020-07-28T10:31:20+00:00","dateModified":"2020-09-27T10:27:06+00:00","breadcrumb":{"@id":"https:\/\/distribucionarc.com\/sl\/producto\/peladora-automatica-de-huevos-de-codorniz\/#breadcrumb"},"inLanguage":"hr","potentialAction":[{"@type":"ReadAction","target":["https:\/\/distribucionarc.com\/sl\/producto\/peladora-automatica-de-huevos-de-codorniz\/"]}]},{"@type":"ImageObject","inLanguage":"hr","@id":"https:\/\/distribucionarc.com\/sl\/producto\/peladora-automatica-de-huevos-de-codorniz\/#primaryimage","url":"https:\/\/distribucionarc.com\/wp-content\/uploads\/2020\/07\/Peladora-autom\u00e1tica-de-huevos-de-codorniz-0.jpg","contentUrl":"https:\/\/distribucionarc.com\/wp-content\/uploads\/2020\/07\/Peladora-autom\u00e1tica-de-huevos-de-codorniz-0.jpg","width":1600,"height":1600,"caption":"Peladora autom\u00e1tica de huevos de codorniz"},{"@type":"BreadcrumbList","@id":"https:\/\/distribucionarc.com\/sl\/producto\/peladora-automatica-de-huevos-de-codorniz\/#breadcrumb","itemListElement":[{"@type":"ListItem","position":1,"name":"Portada","item":"https:\/\/distribucionarc.com\/nb\/"},{"@type":"ListItem","position":2,"name":"Products","item":"https:\/\/www.distribucionarc.com\/en\/shop\/"},{"@type":"ListItem","position":3,"name":"Peladora autom\u00e1tica de huevos de codorniz"}]},{"@type":"WebSite","@id":"https:\/\/distribucionarc.com\/bg\/#website","url":"https:\/\/distribucionarc.com\/bg\/","name":"ARC distribucija","description":"Tvrtka specijalizirana za proizvodnju i distribuciju industrijskih strojeva, strojeva za zatvaranje limenki, strojeva za izradu pilula, strojeva za rezanje mesa itd.","publisher":{"@id":"https:\/\/distribucionarc.com\/bg\/#organization"},"potentialAction":[{"@type":"SearchAction","target":{"@type":"EntryPoint","urlTemplate":"https:\/\/distribucionarc.com\/bg\/?s={search_term_string}"},"query-input":{"@type":"PropertyValueSpecification","valueRequired":true,"valueName":"search_term_string"}}],"inLanguage":"hr"},{"@type":"Organization","@id":"https:\/\/distribucionarc.com\/bg\/#organization","name":"ARC distribucija","url":"https:\/\/distribucionarc.com\/bg\/","logo":{"@type":"ImageObject","inLanguage":"hr","@id":"https:\/\/distribucionarc.com\/bg\/#\/schema\/logo\/image\/","url":"https:\/\/distribucionarc.com\/wp-content\/uploads\/2024\/10\/distribucion-ARC-COLOR-SIN-FONDO-e1732295305345.png","contentUrl":"https:\/\/distribucionarc.com\/wp-content\/uploads\/2024\/10\/distribucion-ARC-COLOR-SIN-FONDO-e1732295305345.png","width":1164,"height":558,"caption":"Distribuci\u00f3n ARC"},"image":{"@id":"https:\/\/distribucionarc.com\/bg\/#\/schema\/logo\/image\/"},"description":"Tvrtka specijalizirana za proizvodnju i distribuciju industrijskih strojeva za prehrambeni i farmaceutski sektor. Specijalizirani smo za: Strojeve za rezanje mesa Proizvodnja tableta Industrijske transportne sustave Linije za punjenje Strojevi za doziranje I jo\u0161 mnogo toga... Nudimo inovativna i prilago\u0111ena rje\u0161enja za optimizaciju proizvodnih procesa Va\u0161e tvrtke.","email":"Admistracion@distribucionarc.com","telephone":"+34 643496664","legalName":"ARC TECH SOLUTIONS","foundingDate":"2024-04-09","vatID":"B55480172","numberOfEmployees":{"@type":"QuantitativeValue","minValue":"1","maxValue":"10"}}]}},"_links":{"self":[{"href":"https:\/\/distribucionarc.com\/hr\/wp-json\/wp\/v2\/product\/1612","targetHints":{"allow":["GET"]}}],"collection":[{"href":"https:\/\/distribucionarc.com\/hr\/wp-json\/wp\/v2\/product"}],"about":[{"href":"https:\/\/distribucionarc.com\/hr\/wp-json\/wp\/v2\/types\/product"}],"replies":[{"embeddable":true,"href":"https:\/\/distribucionarc.com\/hr\/wp-json\/wp\/v2\/comments?post=1612"}],"version-history":[{"count":0,"href":"https:\/\/distribucionarc.com\/hr\/wp-json\/wp\/v2\/product\/1612\/revisions"}],"wp:featuredmedia":[{"embeddable":true,"href":"https:\/\/distribucionarc.com\/hr\/wp-json\/wp\/v2\/media\/1619"}],"wp:attachment":[{"href":"https:\/\/distribucionarc.com\/hr\/wp-json\/wp\/v2\/media?parent=1612"}],"wp:term":[{"taxonomy":"product_brand","embeddable":true,"href":"https:\/\/distribucionarc.com\/hr\/wp-json\/wp\/v2\/product_brand?post=1612"},{"taxonomy":"product_cat","embeddable":true,"href":"https:\/\/distribucionarc.com\/hr\/wp-json\/wp\/v2\/product_cat?post=1612"},{"taxonomy":"product_tag","embeddable":true,"href":"https:\/\/distribucionarc.com\/hr\/wp-json\/wp\/v2\/product_tag?post=1612"}],"curies":[{"name":"radni list","href":"https:\/\/api.w.org\/{rel}","templated":true}]}}