{"id":1656,"date":"2020-07-29T10:18:14","date_gmt":"2020-07-29T10:18:14","guid":{"rendered":"https:\/\/distribucionarc.com\/?post_type=product&#038;p=1656"},"modified":"2020-10-21T09:34:08","modified_gmt":"2020-10-21T09:34:08","slug":"drobilica-za-voce-i-povrce","status":"publish","type":"product","link":"https:\/\/distribucionarc.com\/hr\/producto\/trituradora-de-frutas-y-verduras\/","title":{"rendered":"Drobilica za vo\u0107e i povr\u0107e"},"content":{"rendered":"<h3>Drobilica za vo\u0107e i povr\u0107e<\/h3>\n<p>Ovaj <strong>drobilica za pripremu umaka od raj\u010dice<\/strong> Izra\u0111en je od nehr\u0111aju\u0107eg \u010delika. Svi dijelovi koji dolaze u dodir s hranom izra\u0111eni su od nehr\u0111aju\u0107eg \u010delika 304 najbolje prehrambene kvalitete.<\/p>\n<p>Ovaj<strong> stroj za pravljenje umaka <span style=\"color: #ff0000;\">DO<\/span><span style=\"color: #0000ff;\">R<\/span>c<\/strong> Usvaja me\u0111unarodni motor od \u010distog bakra od 300 W, s vanjskim ku\u0107i\u0161tem od nehr\u0111aju\u0107eg \u010delika, koji je mnogo izdr\u017eljiviji u usporedbi s motorima s izlo\u017eenim motorima. Osim toga<span style=\"color: #008000;\"><strong> promovirati nisku potro\u0161nju energije<\/strong><\/span>.<\/p>\n<p>On <strong>procesor za raj\u010dice <span style=\"color: #ff0000;\">DO<\/span><span style=\"color: #0000ff;\">R<\/span>CTTE1<\/strong>, s lijevkom velikog promjera od 22 cm, mo\u017eete smjestiti obilne plodove, poput bobi\u010dastog vo\u0107a i raj\u010dice u isto vrijeme. Kut hranilice se mo\u017ee podesiti; Stezaljka za uvla\u010denje u\u010dinkovito sprje\u010dava prskanje; filtar za u\u010dinkovito ispu\u0161tanje otpada; Ergonomska ru\u010dka za udobno pomicanje.<\/p>\n<p>Razina vodootpornosti ovog cjedila za raj\u010dice i umake je razina II, \u0161to \u010di\u0161\u0107enje stroja \u010dini iznimno lakim; Uz nisku razinu buke, mo\u017eete u\u017eivati u kuhanju u bilo koje vrijeme<\/p>\n<p>Opremljen velikom povr\u0161inom otvora za raspr\u0161ivanje topline, \u0161to poma\u017ee u brzom raspr\u0161ivanju topline i produljuje vijek trajanja<strong> prera\u0111iva\u010d vo\u0107a i povr\u0107a <span style=\"color: #ff0000;\">DO<\/span><span style=\"color: #0000ff;\">R<\/span>c.<\/strong><\/p>\n<p>&nbsp;<\/p>\n<h6>Jamstvo<strong>\u00a0<\/strong><span style=\"color: #ff0000;\"><strong>DO<\/strong><\/span><span style=\"color: #0000ff;\"><strong>R<\/strong><\/span><strong>C 2 GODINE<\/strong><\/h6>\n<h6><span style=\"color: #008000;\">naju\u010dinkovitiji motor niske potro\u0161nje 300w<\/span><\/h6>\n<h6>uklju\u010dena tehni\u010dka podr\u0161ka.<\/h6>\n<p>&nbsp;<\/p>\n<table role=\"presentation\" width=\"100%\" cellspacing=\"0\" cellpadding=\"0\">\n<tbody>\n<tr>\n<td class=\"attrLabels\">Vlast:<\/td>\n<td width=\"50.0%\">300 W<\/td>\n<\/tr>\n<tr>\n<td class=\"attrLabels\">Napon:<\/td>\n<td width=\"50.0%\">220V 50Hz<\/td>\n<td class=\"attrLabels\">Te\u017eina:<\/td>\n<td width=\"50.0%\">18 kg<\/td>\n<\/tr>\n<tr>\n<td class=\"attrLabels\">Zemlja distribucije:<\/td>\n<td width=\"50.0%\">\u0160panjolska, Njema\u010dka, SAD<\/td>\n<td class=\"attrLabels\">Visina:<\/td>\n<td width=\"50.0%\">34,5 cm<\/td>\n<\/tr>\n<tr>\n<td class=\"attrLabels\">Marka:<\/td>\n<td width=\"50.0%\">LUK<\/td>\n<td class=\"attrLabels\">dugo:<\/td>\n<td width=\"50.0%\">20 cm<\/td>\n<\/tr>\n<tr>\n<td class=\"attrLabels\">Vrsta proizvoda:<\/td>\n<td width=\"50.0%\">Prera\u0111iva\u010d vo\u0107a i povr\u0107a<\/td>\n<td class=\"attrLabels\">\u0160iroko:<\/td>\n<td width=\"50.0%\">\u00a050 cm<\/td>\n<\/tr>\n<tr>\n<td class=\"attrLabels\">Proizvo\u0111a\u010dki broj:<\/td>\n<td width=\"50.0%\">ARCTTE1<\/td>\n<td class=\"attrLabels\">Brzina rada:<\/td>\n<td width=\"50.0%\">\u00a090 do 160 kg na sat<\/td>\n<\/tr>\n<tr>\n<td class=\"attrLabels\">Materijal:<\/td>\n<td width=\"50.0%\">nehr\u0111aju\u0107i \u010delik, bakreni motor<\/td>\n<td class=\"attrLabels\">Ulazni promjer:<\/td>\n<td width=\"50.0%\">22 cm<\/td>\n<\/tr>\n<tr>\n<td class=\"attrLabels\">Boja:<\/td>\n<td width=\"50.0%\">Srebro<\/td>\n<td class=\"attrLabels\">Jamstvo:<\/td>\n<td width=\"50.0%\">2 GODINE<\/td>\n<\/tr>\n<tr>\n<td class=\"attrLabels\">Alati za instalaciju:<\/td>\n<td width=\"50.0%\">Da<\/td>\n<td class=\"attrLabels\"><\/td>\n<td width=\"50.0%\"><\/td>\n<\/tr>\n<\/tbody>\n<\/table>\n<p>&nbsp;<\/p>\n<p>&nbsp;<\/p>","protected":false},"excerpt":{"rendered":"<h2>Drobilica za vo\u0107e i povr\u0107e<\/h2>\n<p>Ovaj <strong>drobilica za raj\u010dice <span style=\"color: #ff0000;\">DO<\/span><span style=\"color: #0000ff;\">R<\/span>CTTE1<\/strong> Idealan je za izradu vlastitih umaka i d\u017eemova, samo jednim gumbom dobit \u0107ete svje\u017e i ukusan proizvod.<\/p>\n<p><strong>mlin za hranu<span style=\"color: #ff0000;\"> DO<\/span><span style=\"color: #0000ff;\">R<\/span>c<\/strong> Komercijalna, izra\u0111ena je od nehr\u0111aju\u0107eg \u010delika, lako se sastavlja i \u010disti. Usvaja me\u0111unarodni motor od \u010distog bakra s vanjskim ku\u0107i\u0161tem od nehr\u0111aju\u0107eg \u010delika kako bi se pove\u0107ala njegova izdr\u017eljivost. Lijevak velikog promjera olak\u0161ava ubacivanje dovoljne koli\u010dine vo\u0107a. Savr\u0161eno za pripremu d\u017eemova raznih okusa.<\/p>\n<h6>Jamstvo<strong>\u00a0<\/strong><span style=\"color: #ff0000;\"><strong>DO<\/strong><\/span><span style=\"color: #0000ff;\"><strong>R<\/strong><\/span><strong>C 2 GODINE<\/strong><\/h6>\n<h6><span style=\"color: #008000;\">naju\u010dinkovitiji motor niske potro\u0161nje 300w<\/span><\/h6>\n<h6>uklju\u010dena tehni\u010dka podr\u0161ka.<\/h6>\n<h6><\/h6>","protected":false},"featured_media":1663,"comment_status":"open","ping_status":"closed","template":"","meta":{"wds_primary_product_brand":0,"wds_primary_product_cat":0},"product_brand":[],"product_cat":[43,55],"product_tag":[],"class_list":{"0":"post-1656","1":"product","2":"type-product","3":"status-publish","4":"has-post-thumbnail","6":"product_cat-cortadoras-de-alimentos","7":"product_cat-extractor-prensa-de-aceites","8":"product_shipping_class-hosteleria","10":"first","11":"instock","12":"sale","13":"taxable","14":"shipping-taxable","15":"purchasable","16":"product-type-simple"},"yoast_head":"<!-- This site is optimized with the Yoast SEO Premium plugin v24.9 (Yoast SEO v26.1) - https:\/\/yoast.com\/wordpress\/plugins\/seo\/ -->\n<title>Trituradora de frutas y verduras - distribuci\u00f3n ARC<\/title>\n<meta name=\"robots\" content=\"index, follow, max-snippet:-1, max-image-preview:large, max-video-preview:-1\" \/>\n<link rel=\"canonical\" href=\"https:\/\/www.distribucionarc.com\/sl\/producto\/trituradora-de-frutas-y-verduras\/\" \/>\n<meta property=\"og:locale\" content=\"hr_HR\" \/>\n<meta property=\"og:type\" content=\"article\" \/>\n<meta property=\"og:title\" content=\"Trituradora de frutas y verduras\" \/>\n<meta property=\"og:description\" content=\"Trituradora de frutas y verduras Esta trituradora de tomates ARCTTE1 es la indicada para elaborar tus propias salsas y mermeladas, tan solo con un bot\u00f3n obtendr\u00e1s un producto fresco y sabroso.  Triturador de alimentos ARC comercial, est\u00e1 hecho de acero inoxidable, es f\u00e1cil de ensamblar y limpiar. Adopta un motor internacional de cobre puro con una carcasa exterior de acero inoxidable para favorecer a su durabilidad. El embudo de gran di\u00e1metro facilita la alimentaci\u00f3n suficiente de las frutas. Perfecto para hacer las mermeladas de varios sabores. Garant\u00eda\u00a0ARC 2 A\u00d1OS motor m\u00e1s eficiente bajo consumo 300w soporte t\u00e9cnico\u00a0incluido.\" \/>\n<meta property=\"og:url\" content=\"https:\/\/www.distribucionarc.com\/sl\/producto\/trituradora-de-frutas-y-verduras\/\" \/>\n<meta property=\"og:site_name\" content=\"distribuci\u00f3n ARC\" \/>\n<meta property=\"article:modified_time\" content=\"2020-10-21T09:34:08+00:00\" \/>\n<meta property=\"og:image\" content=\"https:\/\/www.distribucionarc.com\/wp-content\/uploads\/2020\/07\/Trituradora-de-frutas-y-verduras-0.jpg\" \/>\n\t<meta property=\"og:image:width\" content=\"1600\" \/>\n\t<meta property=\"og:image:height\" content=\"1600\" \/>\n\t<meta property=\"og:image:type\" content=\"image\/jpeg\" \/>\n<meta name=\"twitter:card\" content=\"summary_large_image\" \/>\n<meta name=\"twitter:label1\" content=\"Procijenjeno vrijeme \u010ditanja\" \/>\n\t<meta name=\"twitter:data1\" content=\"1 minuta\" \/>\n<script type=\"application\/ld+json\" class=\"yoast-schema-graph\">{\"@context\":\"https:\/\/schema.org\",\"@graph\":[{\"@type\":\"WebPage\",\"@id\":\"https:\/\/www.distribucionarc.com\/sl\/producto\/trituradora-de-frutas-y-verduras\/\",\"url\":\"https:\/\/www.distribucionarc.com\/sl\/producto\/trituradora-de-frutas-y-verduras\/\",\"name\":\"Trituradora de frutas y verduras - distribuci\u00f3n ARC\",\"isPartOf\":{\"@id\":\"https:\/\/www.distribucionarc.com\/de\/#website\"},\"primaryImageOfPage\":{\"@id\":\"https:\/\/www.distribucionarc.com\/sl\/producto\/trituradora-de-frutas-y-verduras\/#primaryimage\"},\"image\":{\"@id\":\"https:\/\/www.distribucionarc.com\/sl\/producto\/trituradora-de-frutas-y-verduras\/#primaryimage\"},\"thumbnailUrl\":\"https:\/\/distribucionarc.com\/wp-content\/uploads\/2020\/07\/Trituradora-de-frutas-y-verduras-0.jpg\",\"datePublished\":\"2020-07-29T10:18:14+00:00\",\"dateModified\":\"2020-10-21T09:34:08+00:00\",\"breadcrumb\":{\"@id\":\"https:\/\/www.distribucionarc.com\/sl\/producto\/trituradora-de-frutas-y-verduras\/#breadcrumb\"},\"inLanguage\":\"hr\",\"potentialAction\":[{\"@type\":\"ReadAction\",\"target\":[\"https:\/\/www.distribucionarc.com\/sl\/producto\/trituradora-de-frutas-y-verduras\/\"]}]},{\"@type\":\"ImageObject\",\"inLanguage\":\"hr\",\"@id\":\"https:\/\/www.distribucionarc.com\/sl\/producto\/trituradora-de-frutas-y-verduras\/#primaryimage\",\"url\":\"https:\/\/distribucionarc.com\/wp-content\/uploads\/2020\/07\/Trituradora-de-frutas-y-verduras-0.jpg\",\"contentUrl\":\"https:\/\/distribucionarc.com\/wp-content\/uploads\/2020\/07\/Trituradora-de-frutas-y-verduras-0.jpg\",\"width\":1600,\"height\":1600,\"caption\":\"Trituradora de frutas y verduras\"},{\"@type\":\"BreadcrumbList\",\"@id\":\"https:\/\/www.distribucionarc.com\/sl\/producto\/trituradora-de-frutas-y-verduras\/#breadcrumb\",\"itemListElement\":[{\"@type\":\"ListItem\",\"position\":1,\"name\":\"Portada\",\"item\":\"https:\/\/www.distribucionarc.com\/en\/\"},{\"@type\":\"ListItem\",\"position\":2,\"name\":\"Products\",\"item\":\"https:\/\/www.distribucionarc.com\/en\/shop\/\"},{\"@type\":\"ListItem\",\"position\":3,\"name\":\"Trituradora de frutas y verduras\"}]},{\"@type\":\"WebSite\",\"@id\":\"https:\/\/www.distribucionarc.com\/de\/#website\",\"url\":\"https:\/\/www.distribucionarc.com\/de\/\",\"name\":\"distribuci\u00f3n ARC\",\"description\":\"Empresa especializada en la fabricaci\u00f3n y distribuci\u00f3n de maquinaria industrial, selladoras de latas, Maquinas de hacer pastillas, Maquinas de cortar carne...\",\"publisher\":{\"@id\":\"https:\/\/www.distribucionarc.com\/de\/#organization\"},\"potentialAction\":[{\"@type\":\"SearchAction\",\"target\":{\"@type\":\"EntryPoint\",\"urlTemplate\":\"https:\/\/www.distribucionarc.com\/de\/?s={search_term_string}\"},\"query-input\":{\"@type\":\"PropertyValueSpecification\",\"valueRequired\":true,\"valueName\":\"search_term_string\"}}],\"inLanguage\":\"hr\"},{\"@type\":\"Organization\",\"@id\":\"https:\/\/www.distribucionarc.com\/de\/#organization\",\"name\":\"Distribuci\u00f3n ARC\",\"url\":\"https:\/\/www.distribucionarc.com\/de\/\",\"logo\":{\"@type\":\"ImageObject\",\"inLanguage\":\"hr\",\"@id\":\"https:\/\/www.distribucionarc.com\/de\/#\/schema\/logo\/image\/\",\"url\":\"https:\/\/distribucionarc.com\/wp-content\/uploads\/2024\/10\/distribucion-ARC-COLOR-SIN-FONDO-e1732295305345.png\",\"contentUrl\":\"https:\/\/distribucionarc.com\/wp-content\/uploads\/2024\/10\/distribucion-ARC-COLOR-SIN-FONDO-e1732295305345.png\",\"width\":1164,\"height\":558,\"caption\":\"Distribuci\u00f3n ARC\"},\"image\":{\"@id\":\"https:\/\/www.distribucionarc.com\/de\/#\/schema\/logo\/image\/\"},\"description\":\"Empresa especializada en la fabricaci\u00f3n y distribuci\u00f3n de maquinaria industrial para los sectores alimentario y farmac\u00e9utico. Nos especializamos en: M\u00e1quinas de cortar carne Fabricaci\u00f3n de comprimidos Sistemas de transporte industrial L\u00edneas de embotellado Dosificadores Y mucho m\u00e1s... Ofrecemos soluciones innovadoras y personalizadas para optimizar los procesos productivos de tu empresa.\",\"email\":\"Admistracion@distribucionarc.com\",\"telephone\":\"+34 643496664\",\"legalName\":\"ARC TECH SOLUTIONS\",\"foundingDate\":\"2024-04-09\",\"vatID\":\"B55480172\",\"numberOfEmployees\":{\"@type\":\"QuantitativeValue\",\"minValue\":\"1\",\"maxValue\":\"10\"}}]}<\/script>\n<!-- \/ Yoast SEO Premium plugin. -->","yoast_head_json":{"title":"Sjeckalica za vo\u0107e i povr\u0107e - distribucija ARC","robots":{"index":"index","follow":"follow","max-snippet":"max-snippet:-1","max-image-preview":"max-image-preview:large","max-video-preview":"max-video-preview:-1"},"canonical":"https:\/\/www.distribucionarc.com\/sl\/producto\/trituradora-de-frutas-y-verduras\/","og_locale":"hr_HR","og_type":"article","og_title":"Trituradora de frutas y verduras","og_description":"Trituradora de frutas y verduras Esta trituradora de tomates ARCTTE1 es la indicada para elaborar tus propias salsas y mermeladas, tan solo con un bot\u00f3n obtendr\u00e1s un producto fresco y sabroso.  Triturador de alimentos ARC comercial, est\u00e1 hecho de acero inoxidable, es f\u00e1cil de ensamblar y limpiar. Adopta un motor internacional de cobre puro con una carcasa exterior de acero inoxidable para favorecer a su durabilidad. El embudo de gran di\u00e1metro facilita la alimentaci\u00f3n suficiente de las frutas. Perfecto para hacer las mermeladas de varios sabores. Garant\u00eda\u00a0ARC 2 A\u00d1OS motor m\u00e1s eficiente bajo consumo 300w soporte t\u00e9cnico\u00a0incluido.","og_url":"https:\/\/www.distribucionarc.com\/sl\/producto\/trituradora-de-frutas-y-verduras\/","og_site_name":"distribuci\u00f3n ARC","article_modified_time":"2020-10-21T09:34:08+00:00","og_image":[{"width":1600,"height":1600,"url":"https:\/\/www.distribucionarc.com\/wp-content\/uploads\/2020\/07\/Trituradora-de-frutas-y-verduras-0.jpg","type":"image\/jpeg"}],"twitter_card":"summary_large_image","twitter_misc":{"Procijenjeno vrijeme \u010ditanja":"1 minuta"},"schema":{"@context":"https:\/\/schema.org","@graph":[{"@type":"WebPage","@id":"https:\/\/www.distribucionarc.com\/sl\/producto\/trituradora-de-frutas-y-verduras\/","url":"https:\/\/www.distribucionarc.com\/sl\/producto\/trituradora-de-frutas-y-verduras\/","name":"Sjeckalica za vo\u0107e i povr\u0107e - distribucija ARC","isPartOf":{"@id":"https:\/\/www.distribucionarc.com\/de\/#website"},"primaryImageOfPage":{"@id":"https:\/\/www.distribucionarc.com\/sl\/producto\/trituradora-de-frutas-y-verduras\/#primaryimage"},"image":{"@id":"https:\/\/www.distribucionarc.com\/sl\/producto\/trituradora-de-frutas-y-verduras\/#primaryimage"},"thumbnailUrl":"https:\/\/distribucionarc.com\/wp-content\/uploads\/2020\/07\/Trituradora-de-frutas-y-verduras-0.jpg","datePublished":"2020-07-29T10:18:14+00:00","dateModified":"2020-10-21T09:34:08+00:00","breadcrumb":{"@id":"https:\/\/www.distribucionarc.com\/sl\/producto\/trituradora-de-frutas-y-verduras\/#breadcrumb"},"inLanguage":"hr","potentialAction":[{"@type":"ReadAction","target":["https:\/\/www.distribucionarc.com\/sl\/producto\/trituradora-de-frutas-y-verduras\/"]}]},{"@type":"ImageObject","inLanguage":"hr","@id":"https:\/\/www.distribucionarc.com\/sl\/producto\/trituradora-de-frutas-y-verduras\/#primaryimage","url":"https:\/\/distribucionarc.com\/wp-content\/uploads\/2020\/07\/Trituradora-de-frutas-y-verduras-0.jpg","contentUrl":"https:\/\/distribucionarc.com\/wp-content\/uploads\/2020\/07\/Trituradora-de-frutas-y-verduras-0.jpg","width":1600,"height":1600,"caption":"Trituradora de frutas y verduras"},{"@type":"BreadcrumbList","@id":"https:\/\/www.distribucionarc.com\/sl\/producto\/trituradora-de-frutas-y-verduras\/#breadcrumb","itemListElement":[{"@type":"ListItem","position":1,"name":"Portada","item":"https:\/\/www.distribucionarc.com\/en\/"},{"@type":"ListItem","position":2,"name":"Products","item":"https:\/\/www.distribucionarc.com\/en\/shop\/"},{"@type":"ListItem","position":3,"name":"Trituradora de frutas y verduras"}]},{"@type":"WebSite","@id":"https:\/\/www.distribucionarc.com\/de\/#website","url":"https:\/\/www.distribucionarc.com\/de\/","name":"ARC distribucija","description":"Tvrtka specijalizirana za proizvodnju i distribuciju industrijskih strojeva, strojeva za zatvaranje limenki, strojeva za izradu pilula, strojeva za rezanje mesa itd.","publisher":{"@id":"https:\/\/www.distribucionarc.com\/de\/#organization"},"potentialAction":[{"@type":"SearchAction","target":{"@type":"EntryPoint","urlTemplate":"https:\/\/www.distribucionarc.com\/de\/?s={search_term_string}"},"query-input":{"@type":"PropertyValueSpecification","valueRequired":true,"valueName":"search_term_string"}}],"inLanguage":"hr"},{"@type":"Organization","@id":"https:\/\/www.distribucionarc.com\/de\/#organization","name":"ARC distribucija","url":"https:\/\/www.distribucionarc.com\/de\/","logo":{"@type":"ImageObject","inLanguage":"hr","@id":"https:\/\/www.distribucionarc.com\/de\/#\/schema\/logo\/image\/","url":"https:\/\/distribucionarc.com\/wp-content\/uploads\/2024\/10\/distribucion-ARC-COLOR-SIN-FONDO-e1732295305345.png","contentUrl":"https:\/\/distribucionarc.com\/wp-content\/uploads\/2024\/10\/distribucion-ARC-COLOR-SIN-FONDO-e1732295305345.png","width":1164,"height":558,"caption":"Distribuci\u00f3n ARC"},"image":{"@id":"https:\/\/www.distribucionarc.com\/de\/#\/schema\/logo\/image\/"},"description":"Tvrtka specijalizirana za proizvodnju i distribuciju industrijskih strojeva za prehrambeni i farmaceutski sektor. Specijalizirani smo za: Strojeve za rezanje mesa Proizvodnja tableta Industrijske transportne sustave Linije za punjenje Strojevi za doziranje I jo\u0161 mnogo toga... Nudimo inovativna i prilago\u0111ena rje\u0161enja za optimizaciju proizvodnih procesa Va\u0161e tvrtke.","email":"Admistracion@distribucionarc.com","telephone":"+34 643496664","legalName":"ARC TECH SOLUTIONS","foundingDate":"2024-04-09","vatID":"B55480172","numberOfEmployees":{"@type":"QuantitativeValue","minValue":"1","maxValue":"10"}}]}},"_links":{"self":[{"href":"https:\/\/distribucionarc.com\/hr\/wp-json\/wp\/v2\/product\/1656","targetHints":{"allow":["GET"]}}],"collection":[{"href":"https:\/\/distribucionarc.com\/hr\/wp-json\/wp\/v2\/product"}],"about":[{"href":"https:\/\/distribucionarc.com\/hr\/wp-json\/wp\/v2\/types\/product"}],"replies":[{"embeddable":true,"href":"https:\/\/distribucionarc.com\/hr\/wp-json\/wp\/v2\/comments?post=1656"}],"version-history":[{"count":0,"href":"https:\/\/distribucionarc.com\/hr\/wp-json\/wp\/v2\/product\/1656\/revisions"}],"wp:featuredmedia":[{"embeddable":true,"href":"https:\/\/distribucionarc.com\/hr\/wp-json\/wp\/v2\/media\/1663"}],"wp:attachment":[{"href":"https:\/\/distribucionarc.com\/hr\/wp-json\/wp\/v2\/media?parent=1656"}],"wp:term":[{"taxonomy":"product_brand","embeddable":true,"href":"https:\/\/distribucionarc.com\/hr\/wp-json\/wp\/v2\/product_brand?post=1656"},{"taxonomy":"product_cat","embeddable":true,"href":"https:\/\/distribucionarc.com\/hr\/wp-json\/wp\/v2\/product_cat?post=1656"},{"taxonomy":"product_tag","embeddable":true,"href":"https:\/\/distribucionarc.com\/hr\/wp-json\/wp\/v2\/product_tag?post=1656"}],"curies":[{"name":"radni list","href":"https:\/\/api.w.org\/{rel}","templated":true}]}}