{"id":1669,"date":"2020-07-29T10:51:23","date_gmt":"2020-07-29T10:51:23","guid":{"rendered":"https:\/\/distribucionarc.com\/?post_type=product&#038;p=1669"},"modified":"2020-09-27T11:02:09","modified_gmt":"2020-09-27T11:02:09","slug":"voda-alkohol-destilator-50l","status":"publish","type":"product","link":"https:\/\/distribucionarc.com\/hr\/producto\/destilador-alcohol-de-agua-50l\/","title":{"rendered":"Vodeno alkoholni destilator od 50L"},"content":{"rendered":"<h3>Vodeno alkoholni destilator od 50L<\/h3>\n<p>On\u00a0<strong>destilator alkohola<\/strong>\u00a0od\u00a0<strong><span style=\"color: #ff0000;\">DO<\/span><span style=\"color: #0000ff;\">R<\/span>c<\/strong>\u00a0Pogodan je za destilaciju vo\u0107nog vina, vode, rakije, ekstrakciju biljaka itd. Preporu\u010da se i po\u010detnicima i profesionalcima. Mogu\u0107nost primjene svih vrsta grijanja.<\/p>\n<p>On\u00a0<strong>destilator alkohola<\/strong>\u00a0<strong><span style=\"color: #ff0000;\">DO<\/span><span style=\"color: #0000ff;\">R<\/span>c<\/strong> Ima veliki proizvodni kapacitet za proizvodnju do <strong>50L<\/strong>\u00a0materije. Robusna\u00a0<strong>destilator<\/strong>\u00a0Nehr\u0111aju\u0107i \u010delik traje godinama. Podebljano dno omogu\u0107uje sve vrste grijanja.<\/p>\n<p>Hla\u0111enje od\u00a0<strong>destilator vode<\/strong>\u00a0Otvorenog je tipa s dvostrukom cijevi. Bakrene zavojnice imaju veliku kontaktnu povr\u0161inu s vodenim rashladnim sredstvom, koje nude a\u00a0<span style=\"color: #0000ff;\"><strong>u\u010dinak hla\u0111enja i odr\u017eavanje prili\u010dno niske temperature destiliranog proizvoda<\/strong><\/span>. Cirkuliraju\u0107a voda ulazi kroz donji ulaz i istje\u010de iz gornjeg izlaza. Fleksibilne i \u010dvrste silikonske cijevi za hranu osiguravaju brz protok vode. Dodatna pumpa za cirkulaciju vode \u0161tedi vodu i osigurava ve\u0107u proizvodnju. Termometar ugra\u0111en u poklopac\u00a0<strong>destilator alkohola<\/strong>\u00a0<strong><span style=\"color: #ff0000;\">DO<\/span><span style=\"color: #0000ff;\">R<\/span>CDAF1<\/strong>\u00a0Omogu\u0107uje jednostavno pra\u0107enje temperature tijekom procesa destilacije.<\/p>\n<p>\u010cetiri brze kuke poma\u017eu u \u010dvrstom zatvaranju\u00a0<strong>pribor za destilaciju<\/strong>, ru\u010dke za podizanje pri\u010dvr\u0161\u0107ene na kantu odr\u017eavaju veliku koli\u010dinu napetosti. Sadr\u017ei jednosmjerni ventil za evakuaciju zraka uklju\u010den za primjenu u procesu fermentacije \u017eitarica.<\/p>\n<h6><\/h6>\n<h6><strong>Jamstvo\u00a0<span style=\"color: #ff0000;\">DO<\/span><span style=\"color: #0000ff;\">R<\/span>C 2 GODINE<\/strong><\/h6>\n<h6><span style=\"color: #0000ff;\">Sustav brzog hla\u0111enja<\/span><\/h6>\n<h6><strong>uklju\u010dena tehni\u010dka podr\u0161ka.<\/strong><\/h6>\n<p>&nbsp;<\/p>\n<table role=\"presentation\" width=\"100%\" cellspacing=\"0\" cellpadding=\"0\">\n<tbody>\n<tr>\n<td class=\"attrLabels\">Temperatura:<\/td>\n<td width=\"50.0%\">0-350\u00baC prilagodljivost toplini<\/td>\n<\/tr>\n<tr>\n<td class=\"attrLabels\">Zemlja distribucije:<\/td>\n<td width=\"50.0%\">\u0160panjolska, Njema\u010dka, SAD<\/td>\n<td class=\"attrLabels\">Te\u017eina:<\/td>\n<td width=\"50.0%\">12 kg<\/td>\n<\/tr>\n<tr>\n<td class=\"attrLabels\">Marka:<\/td>\n<td width=\"50.0%\">LUK<\/td>\n<td class=\"attrLabels\">Visina:<\/td>\n<td width=\"50.0%\">47 cm<\/td>\n<\/tr>\n<tr>\n<td class=\"attrLabels\">Boja:<\/td>\n<td width=\"50.0%\">Srebro<\/td>\n<td class=\"attrLabels\">dugo:<\/td>\n<td width=\"50.0%\">\u00a044 cm<\/td>\n<\/tr>\n<tr>\n<td class=\"attrLabels\">Vrsta proizvoda:<\/td>\n<td width=\"50.0%\">destilator vodenog alkohola<\/td>\n<td class=\"attrLabels\">\u0160iroko:<\/td>\n<td width=\"50.0%\">44 cm<\/td>\n<\/tr>\n<tr>\n<td class=\"attrLabels\">Proizvo\u0111a\u010dki broj:<\/td>\n<td width=\"50.0%\">ARCDAF50<\/td>\n<td class=\"attrLabels\">Vrsta \u010delika:<\/td>\n<td width=\"50.0%\">304<\/td>\n<\/tr>\n<tr>\n<td class=\"attrLabels\">Materijal:<\/td>\n<td width=\"50.0%\">nehr\u0111aju\u0107i \u010delik, posebna baza, kontrola tlaka i temperature<\/td>\n<td class=\"attrLabels\">Vrsta kape:<\/td>\n<td width=\"50.0%\">Hermeti\u010dko zatvaranje, kuke za zatvaranje<\/td>\n<\/tr>\n<tr>\n<td class=\"attrLabels\">Veli\u010dina ba\u010dve:<\/td>\n<td width=\"50.0%\">40x40cm<\/td>\n<td class=\"attrLabels\">Jamstvo:<\/td>\n<td width=\"50.0%\">2 GODINE<\/td>\n<\/tr>\n<tr>\n<td class=\"attrLabels\">Litre:<\/td>\n<td width=\"50.0%\">50L<\/td>\n<td class=\"attrLabels\">Alati za instalaciju:<\/td>\n<td width=\"50.0%\">Da<\/td>\n<\/tr>\n<\/tbody>\n<\/table>","protected":false},"excerpt":{"rendered":"<h3>Vodeno alkoholni destilator od 50L<\/h3>\n<p><strong>Kompletan set za destilaciju alkohola<\/strong>\u00a0od\u00a0<strong><span style=\"color: #ff0000;\">DO<\/span><span style=\"color: #0000ff;\">R<\/span>c<\/strong>\u00a0Idealan je za po\u010detnike i stru\u010dnjake, vrlo jednostavan za konfiguriranje i kori\u0161tenje. Mo\u017ee se koristiti za destilaciju vo\u0107nog vina, vode, rakije i oplemenjivanje biljnih ekstrakata u medicinske svrhe.<\/p>\n<p>Ovaj lonac od nehr\u0111aju\u0107eg \u010delika. Mo\u017ee se grijati indukcijskim kuhalom, \u0161tednjakom ili bilo kojim drugim izvorom topline.  The\u00a0<strong><span style=\"color: #ff0000;\">DO<\/span><span style=\"color: #0000ff;\">R<\/span>CDAF50 <\/strong>Ima duple ba\u010dve za bolje rezultate destilacije. Ovaj\u00a0<strong>destilator vode<\/strong>\u00a0Usvaja otvorenu metodu hla\u0111enja, bakrene zavojnice s brzom toplinskom vodljivo\u0161\u0107u osiguravaju obe\u0107avaju\u0107e performanse hla\u0111enja zajedno s velikom povr\u0161inom kontakta s rashladnom teku\u0107inom, osiguravaju\u0107i prili\u010dno nisku temperaturu destiliranog proizvoda. On\u00a0<strong>destilator alkohola<\/strong>\u00a0od\u00a0<strong><span style=\"color: #ff0000;\">DO<\/span><span style=\"color: #0000ff;\">R<\/span>c<\/strong>\u00a0Savr\u0161ena je za dodavanje okusa va\u0161em proizvodu, pumpa za cirkulaciju vode pri\u010dvr\u0161\u0107ena za u\u0161tedu vode za hla\u0111enje i daje vi\u0161e okusa.<\/p>\n<h6><strong>Jamstvo\u00a0<span style=\"color: #ff0000;\">DO<\/span><span style=\"color: #0000ff;\">R<\/span>C 2 GODINE<\/strong><\/h6>\n<h6><span style=\"color: #0000ff;\">Sustav brzog hla\u0111enja\u00a0<\/span><\/h6>\n<h6><strong>uklju\u010dena tehni\u010dka podr\u0161ka.<\/strong><\/h6>","protected":false},"featured_media":1675,"comment_status":"open","ping_status":"closed","template":"","meta":{"wds_primary_product_brand":0,"wds_primary_product_cat":0},"product_brand":[],"product_cat":[54],"product_tag":[],"class_list":{"0":"post-1669","1":"product","2":"type-product","3":"status-publish","4":"has-post-thumbnail","6":"product_cat-maceracion-fermentacion","7":"product_shipping_class-hosteleria","9":"first","10":"instock","11":"sale","12":"taxable","13":"shipping-taxable","14":"purchasable","15":"product-type-simple"},"yoast_head":"<!-- This site is optimized with the Yoast SEO Premium plugin v24.9 (Yoast SEO v26.1) - https:\/\/yoast.com\/wordpress\/plugins\/seo\/ -->\n<title>Destilador alcohol de agua 50L - distribuci\u00f3n ARC<\/title>\n<meta name=\"robots\" content=\"index, follow, max-snippet:-1, max-image-preview:large, max-video-preview:-1\" \/>\n<link rel=\"canonical\" href=\"https:\/\/www.distribucionarc.com\/tr\/producto\/destilador-alcohol-de-agua-50l\/\" \/>\n<meta property=\"og:locale\" content=\"hr_HR\" \/>\n<meta property=\"og:type\" content=\"article\" \/>\n<meta property=\"og:title\" content=\"Destilador alcohol de agua 50L\" \/>\n<meta property=\"og:description\" content=\"Destilador alcohol de agua 50L Conjunto completo de Destilaci\u00f3n de alcohol\u00a0de\u00a0ARC\u00a0es el ideal para principiantes y expertos, muy f\u00e1cil de configurar y usar. Se puede utilizar para destilar vino de frutas, agua, brandy y extractos de plantas de refinaci\u00f3n con fines medicinales.  Esta olla de acero inox. se puede calentar por cocina de inducci\u00f3n, estufa o cualquier otra fuente de calefacci\u00f3n. \u00a0La\u00a0ARCDAF50 cuenta\u00a0 con barriles dobles para obtener mejores resultados de destilaci\u00f3n. Este\u00a0destilador de agua\u00a0adopta el m\u00e9todo de enfriamiento de tipo abierto, las bobinas de cobre con conductividad t\u00e9rmica r\u00e1pida aseguran un rendimiento de enfriamiento prometedor junto con una gran \u00e1rea de contacto con el refrigerante, proporcionando una temperatura bastante baja del producto destilado. El\u00a0destilador de alcohol\u00a0de\u00a0ARC\u00a0es el \u00a0perfecto para a\u00f1adir sabores a su producto, Bomba de agua circulante unida para ahorrar agua de refrigeraci\u00f3n y proporcionar m\u00e1s sabor. Garant\u00eda\u00a0ARC 2 A\u00d1OS Sistema de enfriado r\u00e1pido\u00a0 soporte t\u00e9cnico incluido.\" \/>\n<meta property=\"og:url\" content=\"https:\/\/www.distribucionarc.com\/tr\/producto\/destilador-alcohol-de-agua-50l\/\" \/>\n<meta property=\"og:site_name\" content=\"distribuci\u00f3n ARC\" \/>\n<meta property=\"article:modified_time\" content=\"2020-09-27T11:02:09+00:00\" \/>\n<meta property=\"og:image\" content=\"https:\/\/www.distribucionarc.com\/wp-content\/uploads\/2020\/07\/Destilador-alcohol-de-agua-50L-0.jpg\" \/>\n\t<meta property=\"og:image:width\" content=\"1600\" \/>\n\t<meta property=\"og:image:height\" content=\"1600\" \/>\n\t<meta property=\"og:image:type\" content=\"image\/jpeg\" \/>\n<meta name=\"twitter:card\" content=\"summary_large_image\" \/>\n<meta name=\"twitter:label1\" content=\"Procijenjeno vrijeme \u010ditanja\" \/>\n\t<meta name=\"twitter:data1\" content=\"2 minute\" \/>\n<script type=\"application\/ld+json\" class=\"yoast-schema-graph\">{\"@context\":\"https:\/\/schema.org\",\"@graph\":[{\"@type\":\"WebPage\",\"@id\":\"https:\/\/www.distribucionarc.com\/tr\/producto\/destilador-alcohol-de-agua-50l\/\",\"url\":\"https:\/\/www.distribucionarc.com\/tr\/producto\/destilador-alcohol-de-agua-50l\/\",\"name\":\"Destilador alcohol de agua 50L - distribuci\u00f3n ARC\",\"isPartOf\":{\"@id\":\"https:\/\/distribucionarc.com\/de\/#website\"},\"primaryImageOfPage\":{\"@id\":\"https:\/\/www.distribucionarc.com\/tr\/producto\/destilador-alcohol-de-agua-50l\/#primaryimage\"},\"image\":{\"@id\":\"https:\/\/www.distribucionarc.com\/tr\/producto\/destilador-alcohol-de-agua-50l\/#primaryimage\"},\"thumbnailUrl\":\"https:\/\/distribucionarc.com\/wp-content\/uploads\/2020\/07\/Destilador-alcohol-de-agua-50L-0.jpg\",\"datePublished\":\"2020-07-29T10:51:23+00:00\",\"dateModified\":\"2020-09-27T11:02:09+00:00\",\"breadcrumb\":{\"@id\":\"https:\/\/www.distribucionarc.com\/tr\/producto\/destilador-alcohol-de-agua-50l\/#breadcrumb\"},\"inLanguage\":\"hr\",\"potentialAction\":[{\"@type\":\"ReadAction\",\"target\":[\"https:\/\/www.distribucionarc.com\/tr\/producto\/destilador-alcohol-de-agua-50l\/\"]}]},{\"@type\":\"ImageObject\",\"inLanguage\":\"hr\",\"@id\":\"https:\/\/www.distribucionarc.com\/tr\/producto\/destilador-alcohol-de-agua-50l\/#primaryimage\",\"url\":\"https:\/\/distribucionarc.com\/wp-content\/uploads\/2020\/07\/Destilador-alcohol-de-agua-50L-0.jpg\",\"contentUrl\":\"https:\/\/distribucionarc.com\/wp-content\/uploads\/2020\/07\/Destilador-alcohol-de-agua-50L-0.jpg\",\"width\":1600,\"height\":1600,\"caption\":\"Destilador alcohol de agua 50L\"},{\"@type\":\"BreadcrumbList\",\"@id\":\"https:\/\/www.distribucionarc.com\/tr\/producto\/destilador-alcohol-de-agua-50l\/#breadcrumb\",\"itemListElement\":[{\"@type\":\"ListItem\",\"position\":1,\"name\":\"Portada\",\"item\":\"https:\/\/distribucionarc.com\/pl\/\"},{\"@type\":\"ListItem\",\"position\":2,\"name\":\"Produkty\",\"item\":\"https:\/\/distribucionarc.com\/pl\/shop\/\"},{\"@type\":\"ListItem\",\"position\":3,\"name\":\"Destilador alcohol de agua 50L\"}]},{\"@type\":\"WebSite\",\"@id\":\"https:\/\/distribucionarc.com\/de\/#website\",\"url\":\"https:\/\/distribucionarc.com\/de\/\",\"name\":\"distribuci\u00f3n ARC\",\"description\":\"Empresa especializada en la fabricaci\u00f3n y distribuci\u00f3n de maquinaria industrial, selladoras de latas, Maquinas de hacer pastillas, Maquinas de cortar carne...\",\"publisher\":{\"@id\":\"https:\/\/distribucionarc.com\/de\/#organization\"},\"potentialAction\":[{\"@type\":\"SearchAction\",\"target\":{\"@type\":\"EntryPoint\",\"urlTemplate\":\"https:\/\/distribucionarc.com\/de\/?s={search_term_string}\"},\"query-input\":{\"@type\":\"PropertyValueSpecification\",\"valueRequired\":true,\"valueName\":\"search_term_string\"}}],\"inLanguage\":\"hr\"},{\"@type\":\"Organization\",\"@id\":\"https:\/\/distribucionarc.com\/de\/#organization\",\"name\":\"Distribuci\u00f3n ARC\",\"url\":\"https:\/\/distribucionarc.com\/de\/\",\"logo\":{\"@type\":\"ImageObject\",\"inLanguage\":\"hr\",\"@id\":\"https:\/\/distribucionarc.com\/de\/#\/schema\/logo\/image\/\",\"url\":\"https:\/\/distribucionarc.com\/wp-content\/uploads\/2024\/10\/distribucion-ARC-COLOR-SIN-FONDO-e1732295305345.png\",\"contentUrl\":\"https:\/\/distribucionarc.com\/wp-content\/uploads\/2024\/10\/distribucion-ARC-COLOR-SIN-FONDO-e1732295305345.png\",\"width\":1164,\"height\":558,\"caption\":\"Distribuci\u00f3n ARC\"},\"image\":{\"@id\":\"https:\/\/distribucionarc.com\/de\/#\/schema\/logo\/image\/\"},\"description\":\"Empresa especializada en la fabricaci\u00f3n y distribuci\u00f3n de maquinaria industrial para los sectores alimentario y farmac\u00e9utico. Nos especializamos en: M\u00e1quinas de cortar carne Fabricaci\u00f3n de comprimidos Sistemas de transporte industrial L\u00edneas de embotellado Dosificadores Y mucho m\u00e1s... Ofrecemos soluciones innovadoras y personalizadas para optimizar los procesos productivos de tu empresa.\",\"email\":\"Admistracion@distribucionarc.com\",\"telephone\":\"+34 643496664\",\"legalName\":\"ARC TECH SOLUTIONS\",\"foundingDate\":\"2024-04-09\",\"vatID\":\"B55480172\",\"numberOfEmployees\":{\"@type\":\"QuantitativeValue\",\"minValue\":\"1\",\"maxValue\":\"10\"}}]}<\/script>\n<!-- \/ Yoast SEO Premium plugin. -->","yoast_head_json":{"title":"50L vodeno alkoholni destilator - ARC distribucija","robots":{"index":"index","follow":"follow","max-snippet":"max-snippet:-1","max-image-preview":"max-image-preview:large","max-video-preview":"max-video-preview:-1"},"canonical":"https:\/\/www.distribucionarc.com\/tr\/producto\/destilador-alcohol-de-agua-50l\/","og_locale":"hr_HR","og_type":"article","og_title":"Destilador alcohol de agua 50L","og_description":"Destilador alcohol de agua 50L Conjunto completo de Destilaci\u00f3n de alcohol\u00a0de\u00a0ARC\u00a0es el ideal para principiantes y expertos, muy f\u00e1cil de configurar y usar. Se puede utilizar para destilar vino de frutas, agua, brandy y extractos de plantas de refinaci\u00f3n con fines medicinales.  Esta olla de acero inox. se puede calentar por cocina de inducci\u00f3n, estufa o cualquier otra fuente de calefacci\u00f3n. \u00a0La\u00a0ARCDAF50 cuenta\u00a0 con barriles dobles para obtener mejores resultados de destilaci\u00f3n. Este\u00a0destilador de agua\u00a0adopta el m\u00e9todo de enfriamiento de tipo abierto, las bobinas de cobre con conductividad t\u00e9rmica r\u00e1pida aseguran un rendimiento de enfriamiento prometedor junto con una gran \u00e1rea de contacto con el refrigerante, proporcionando una temperatura bastante baja del producto destilado. El\u00a0destilador de alcohol\u00a0de\u00a0ARC\u00a0es el \u00a0perfecto para a\u00f1adir sabores a su producto, Bomba de agua circulante unida para ahorrar agua de refrigeraci\u00f3n y proporcionar m\u00e1s sabor. Garant\u00eda\u00a0ARC 2 A\u00d1OS Sistema de enfriado r\u00e1pido\u00a0 soporte t\u00e9cnico incluido.","og_url":"https:\/\/www.distribucionarc.com\/tr\/producto\/destilador-alcohol-de-agua-50l\/","og_site_name":"distribuci\u00f3n ARC","article_modified_time":"2020-09-27T11:02:09+00:00","og_image":[{"width":1600,"height":1600,"url":"https:\/\/www.distribucionarc.com\/wp-content\/uploads\/2020\/07\/Destilador-alcohol-de-agua-50L-0.jpg","type":"image\/jpeg"}],"twitter_card":"summary_large_image","twitter_misc":{"Procijenjeno vrijeme \u010ditanja":"2 minute"},"schema":{"@context":"https:\/\/schema.org","@graph":[{"@type":"WebPage","@id":"https:\/\/www.distribucionarc.com\/tr\/producto\/destilador-alcohol-de-agua-50l\/","url":"https:\/\/www.distribucionarc.com\/tr\/producto\/destilador-alcohol-de-agua-50l\/","name":"50L vodeno alkoholni destilator - ARC distribucija","isPartOf":{"@id":"https:\/\/distribucionarc.com\/de\/#website"},"primaryImageOfPage":{"@id":"https:\/\/www.distribucionarc.com\/tr\/producto\/destilador-alcohol-de-agua-50l\/#primaryimage"},"image":{"@id":"https:\/\/www.distribucionarc.com\/tr\/producto\/destilador-alcohol-de-agua-50l\/#primaryimage"},"thumbnailUrl":"https:\/\/distribucionarc.com\/wp-content\/uploads\/2020\/07\/Destilador-alcohol-de-agua-50L-0.jpg","datePublished":"2020-07-29T10:51:23+00:00","dateModified":"2020-09-27T11:02:09+00:00","breadcrumb":{"@id":"https:\/\/www.distribucionarc.com\/tr\/producto\/destilador-alcohol-de-agua-50l\/#breadcrumb"},"inLanguage":"hr","potentialAction":[{"@type":"ReadAction","target":["https:\/\/www.distribucionarc.com\/tr\/producto\/destilador-alcohol-de-agua-50l\/"]}]},{"@type":"ImageObject","inLanguage":"hr","@id":"https:\/\/www.distribucionarc.com\/tr\/producto\/destilador-alcohol-de-agua-50l\/#primaryimage","url":"https:\/\/distribucionarc.com\/wp-content\/uploads\/2020\/07\/Destilador-alcohol-de-agua-50L-0.jpg","contentUrl":"https:\/\/distribucionarc.com\/wp-content\/uploads\/2020\/07\/Destilador-alcohol-de-agua-50L-0.jpg","width":1600,"height":1600,"caption":"Destilador alcohol de agua 50L"},{"@type":"BreadcrumbList","@id":"https:\/\/www.distribucionarc.com\/tr\/producto\/destilador-alcohol-de-agua-50l\/#breadcrumb","itemListElement":[{"@type":"ListItem","position":1,"name":"Portada","item":"https:\/\/distribucionarc.com\/pl\/"},{"@type":"ListItem","position":2,"name":"Produkty","item":"https:\/\/distribucionarc.com\/pl\/shop\/"},{"@type":"ListItem","position":3,"name":"Destilador alcohol de agua 50L"}]},{"@type":"WebSite","@id":"https:\/\/distribucionarc.com\/de\/#website","url":"https:\/\/distribucionarc.com\/de\/","name":"ARC distribucija","description":"Tvrtka specijalizirana za proizvodnju i distribuciju industrijskih strojeva, strojeva za zatvaranje limenki, strojeva za izradu pilula, strojeva za rezanje mesa itd.","publisher":{"@id":"https:\/\/distribucionarc.com\/de\/#organization"},"potentialAction":[{"@type":"SearchAction","target":{"@type":"EntryPoint","urlTemplate":"https:\/\/distribucionarc.com\/de\/?s={search_term_string}"},"query-input":{"@type":"PropertyValueSpecification","valueRequired":true,"valueName":"search_term_string"}}],"inLanguage":"hr"},{"@type":"Organization","@id":"https:\/\/distribucionarc.com\/de\/#organization","name":"ARC distribucija","url":"https:\/\/distribucionarc.com\/de\/","logo":{"@type":"ImageObject","inLanguage":"hr","@id":"https:\/\/distribucionarc.com\/de\/#\/schema\/logo\/image\/","url":"https:\/\/distribucionarc.com\/wp-content\/uploads\/2024\/10\/distribucion-ARC-COLOR-SIN-FONDO-e1732295305345.png","contentUrl":"https:\/\/distribucionarc.com\/wp-content\/uploads\/2024\/10\/distribucion-ARC-COLOR-SIN-FONDO-e1732295305345.png","width":1164,"height":558,"caption":"Distribuci\u00f3n ARC"},"image":{"@id":"https:\/\/distribucionarc.com\/de\/#\/schema\/logo\/image\/"},"description":"Tvrtka specijalizirana za proizvodnju i distribuciju industrijskih strojeva za prehrambeni i farmaceutski sektor. Specijalizirani smo za: Strojeve za rezanje mesa Proizvodnja tableta Industrijske transportne sustave Linije za punjenje Strojevi za doziranje I jo\u0161 mnogo toga... Nudimo inovativna i prilago\u0111ena rje\u0161enja za optimizaciju proizvodnih procesa Va\u0161e tvrtke.","email":"Admistracion@distribucionarc.com","telephone":"+34 643496664","legalName":"ARC TECH SOLUTIONS","foundingDate":"2024-04-09","vatID":"B55480172","numberOfEmployees":{"@type":"QuantitativeValue","minValue":"1","maxValue":"10"}}]}},"_links":{"self":[{"href":"https:\/\/distribucionarc.com\/hr\/wp-json\/wp\/v2\/product\/1669","targetHints":{"allow":["GET"]}}],"collection":[{"href":"https:\/\/distribucionarc.com\/hr\/wp-json\/wp\/v2\/product"}],"about":[{"href":"https:\/\/distribucionarc.com\/hr\/wp-json\/wp\/v2\/types\/product"}],"replies":[{"embeddable":true,"href":"https:\/\/distribucionarc.com\/hr\/wp-json\/wp\/v2\/comments?post=1669"}],"version-history":[{"count":0,"href":"https:\/\/distribucionarc.com\/hr\/wp-json\/wp\/v2\/product\/1669\/revisions"}],"wp:featuredmedia":[{"embeddable":true,"href":"https:\/\/distribucionarc.com\/hr\/wp-json\/wp\/v2\/media\/1675"}],"wp:attachment":[{"href":"https:\/\/distribucionarc.com\/hr\/wp-json\/wp\/v2\/media?parent=1669"}],"wp:term":[{"taxonomy":"product_brand","embeddable":true,"href":"https:\/\/distribucionarc.com\/hr\/wp-json\/wp\/v2\/product_brand?post=1669"},{"taxonomy":"product_cat","embeddable":true,"href":"https:\/\/distribucionarc.com\/hr\/wp-json\/wp\/v2\/product_cat?post=1669"},{"taxonomy":"product_tag","embeddable":true,"href":"https:\/\/distribucionarc.com\/hr\/wp-json\/wp\/v2\/product_tag?post=1669"}],"curies":[{"name":"radni list","href":"https:\/\/api.w.org\/{rel}","templated":true}]}}