{"id":17659,"date":"2025-07-29T22:09:56","date_gmt":"2025-07-29T20:09:56","guid":{"rendered":"https:\/\/distribucionarc.com\/?post_type=product&#038;p=17659"},"modified":"2025-07-29T22:09:56","modified_gmt":"2025-07-29T20:09:56","slug":"automatski-stroj-za-pakiranje-5-kilograma-granuliranog-leda-u-prahu","status":"publish","type":"product","link":"https:\/\/distribucionarc.com\/hr\/producto\/maquina-envasadora-automatica-5-kilos-para-hielo-polvos-granulado-2\/","title":{"rendered":"Automatski stroj za pakiranje 5 kilograma za granulirani led u prahu"},"content":{"rendered":"<h3 data-section-id=\"lq3r78\" data-start=\"744\" data-end=\"830\">\ud83e\uddc3 DARZD-720BQ Automatski pneumatski stroj za pakiranje \u2013 Svestran, precizan i robustan<\/h3>\n<p data-start=\"832\" data-end=\"1162\">The <strong data-start=\"835\" data-end=\"884\">Pneumatski stroj za pakiranje model DARZD-720BQ<\/strong> Dizajniran je da se prilagodi \u0161irokom rasponu proizvoda, isti\u010du\u0107i se svojom sposobno\u0161\u0107u da <strong data-start=\"980\" data-end=\"1013\">rad na niskim temperaturama<\/strong> i paket <strong data-start=\"1024\" data-end=\"1067\">od 60 grama do 5 kilograma po vre\u0107ici<\/strong>, \u0161to ga \u010dini idealnim rje\u0161enjem i za prehrambeni i za industrijski sektor.<\/p>\n<p data-start=\"1164\" data-end=\"1586\">Jedna od njegovih najzna\u010dajnijih karakteristika je sposobnost da <strong data-start=\"1227\" data-end=\"1274\">proizvodimo vre\u0107ice za led od 60 g<\/strong>, zahvaljuju\u0107i svojoj robusnoj strukturi i unutarnjim komponentama pripremljenim da izdr\u017ee hladna i vla\u017ena okru\u017eenja bez utjecaja na performanse. Osim toga, njegov pneumatski sustav i dizajn <strong data-start=\"1454\" data-end=\"1485\">stra\u017enji pe\u010dat<\/strong> Omogu\u0107uju hermeti\u010dko, otporno i precizno pakiranje, \u010dak i kod lomljivih ili mokrih proizvoda.<\/p>\n<h3 data-section-id=\"1imxdde\" data-start=\"1588\" data-end=\"1630\">\u2705 Idealni proizvodi za ovaj stroj:<\/h3>\n<h4 data-start=\"1632\" data-end=\"1667\">\ud83e\uddca <strong data-start=\"1640\" data-end=\"1667\">Rashla\u0111eni proizvodi:<\/strong><\/h4>\n<ul data-start=\"1668\" data-end=\"1797\">\n<li data-start=\"1668\" data-end=\"1714\">\n<p data-start=\"1670\" data-end=\"1714\">Vre\u0107ice od <strong data-start=\"1680\" data-end=\"1700\">kockice leda<\/strong> (60 g \u2013 5 kg)<\/p>\n<\/li>\n<li data-start=\"1715\" data-end=\"1765\">\n<p data-start=\"1717\" data-end=\"1765\"><strong data-start=\"1717\" data-end=\"1740\">Smrznuto povr\u0107e<\/strong>, nasjeckane ili porcirane<\/p>\n<\/li>\n<li data-start=\"1766\" data-end=\"1797\">\n<p data-start=\"1768\" data-end=\"1797\"><strong data-start=\"1768\" data-end=\"1797\">Smrznuto nasjeckano vo\u0107e<\/strong><\/p>\n<\/li>\n<\/ul>\n<h4 data-start=\"1799\" data-end=\"1838\">\ud83e\udd5c <strong data-start=\"1807\" data-end=\"1838\">Suhi i rasuti proizvodi:<\/strong><\/h4>\n<ul data-start=\"1839\" data-end=\"1970\">\n<li data-start=\"1839\" data-end=\"1872\">\n<p data-start=\"1841\" data-end=\"1872\"><strong data-start=\"1841\" data-end=\"1872\">\u017ditarice, ri\u017ea i mahunarke<\/strong><\/p>\n<\/li>\n<li data-start=\"1873\" data-end=\"1902\">\n<p data-start=\"1875\" data-end=\"1902\"><strong data-start=\"1875\" data-end=\"1902\">Ora\u0161asti plodovi i sjemenke<\/strong><\/p>\n<\/li>\n<li data-start=\"1903\" data-end=\"1938\">\n<p data-start=\"1905\" data-end=\"1938\"><strong data-start=\"1905\" data-end=\"1938\">Bra\u0161no i prehrambeni pra\u0161ci<\/strong><\/p>\n<\/li>\n<li data-start=\"1939\" data-end=\"1970\">\n<p data-start=\"1941\" data-end=\"1970\"><strong data-start=\"1941\" data-end=\"1970\">Granule kave ili \u0161e\u0107era<\/strong><\/p>\n<\/li>\n<\/ul>\n<h4 data-start=\"1972\" data-end=\"2010\">\ud83e\uddea <strong data-start=\"1980\" data-end=\"2010\">Neprehrambeni proizvodi:<\/strong><\/h4>\n<ul data-start=\"2011\" data-end=\"2101\">\n<li data-start=\"2011\" data-end=\"2037\">\n<p data-start=\"2013\" data-end=\"2037\"><strong data-start=\"2013\" data-end=\"2037\">Deterd\u017eenti u prahu<\/strong><\/p>\n<\/li>\n<li data-start=\"2038\" data-end=\"2073\">\n<p data-start=\"2040\" data-end=\"2073\"><strong data-start=\"2040\" data-end=\"2073\">Granulirane kemikalije<\/strong><\/p>\n<\/li>\n<li data-start=\"2074\" data-end=\"2101\">\n<p data-start=\"2076\" data-end=\"2101\"><strong data-start=\"2076\" data-end=\"2101\">\u010cvrsta gnojiva<\/strong><\/p>\n<\/li>\n<\/ul>\n<p data-start=\"2103\" data-end=\"2367\">Zahvaljuju\u0107i svojoj sposobnosti da <strong data-start=\"2129\" data-end=\"2176\">podesite duljinu posude izme\u0111u 3 i 40 cm<\/strong>i njegov raspon <strong data-start=\"2192\" data-end=\"2214\">Film od 61 do 72 cm<\/strong>, lako se prilago\u0111ava razli\u010ditim formatima vre\u0107ica. Osim toga, mo\u017ee raditi brzinom od <strong data-start=\"2311\" data-end=\"2339\">5 do 10 vre\u0107ica u minuti<\/strong>, s to\u010dno\u0161\u0107u od \u00b12 g.<\/p>\n<p data-start=\"2369\" data-end=\"2613\">Opremljen je kvalitetnim komponentama, motorom od 1000 W i kompatibilan je s naponima od 110 V ili 220 V, 50\u201360 Hz. S CE certifikatom i \u010dvrstom \u010deli\u010dnom konstrukcijom, savr\u0161en je za zahtjevne poslove i kontinuirane proizvodne linije.<\/p>\n<hr data-start=\"2615\" data-end=\"2618\" \/>\n<h3 data-section-id=\"nfhvb4\" data-start=\"2620\" data-end=\"2652\">\ud83d\udcca Tehni\u010dke specifikacije<\/h3>\n<div class=\"_tableContainer_80l1q_1\">\n<div class=\"_tableWrapper_80l1q_14 group flex w-fit flex-col-reverse\" tabindex=\"-1\">\n<table class=\"w-fit min-w-(--thread-content-width)\" data-start=\"2654\" data-end=\"3905\">\n<thead data-start=\"2654\" data-end=\"2737\">\n<tr data-start=\"2654\" data-end=\"2737\">\n<th data-start=\"2654\" data-end=\"2690\" data-col-size=\"sm\"><strong data-start=\"2656\" data-end=\"2674\">Zna\u010dajka<\/strong><\/th>\n<th data-start=\"2690\" data-end=\"2737\" data-col-size=\"sm\"><strong data-start=\"2692\" data-end=\"2710\">Specifikacija<\/strong><\/th>\n<\/tr>\n<\/thead>\n<tbody data-start=\"2821\" data-end=\"3905\">\n<tr data-start=\"2821\" data-end=\"2903\">\n<td data-start=\"2821\" data-end=\"2856\" data-col-size=\"sm\">Model proizvoda<\/td>\n<td data-start=\"2856\" data-end=\"2903\" data-col-size=\"sm\">DARZD-720BQ<\/td>\n<\/tr>\n<tr data-start=\"2904\" data-end=\"2986\">\n<td data-start=\"2904\" data-end=\"2939\" data-col-size=\"sm\">Vrsta brtvljenja<\/td>\n<td data-start=\"2939\" data-end=\"2986\" data-col-size=\"sm\">Stra\u017enje brtvljenje<\/td>\n<\/tr>\n<tr data-start=\"2987\" data-end=\"3070\">\n<td data-start=\"2987\" data-end=\"3022\" data-col-size=\"sm\">Raspon vaganja<\/td>\n<td data-start=\"3022\" data-end=\"3070\" data-col-size=\"sm\">50 \u2013 5000 g<\/td>\n<\/tr>\n<tr data-start=\"3071\" data-end=\"3154\">\n<td data-start=\"3071\" data-end=\"3106\" data-col-size=\"sm\">Brzina pakiranja<\/td>\n<td data-start=\"3106\" data-end=\"3154\" data-col-size=\"sm\">5 \u2013 10 vre\u0107ica\/minuti<\/td>\n<\/tr>\n<tr data-start=\"3155\" data-end=\"3238\">\n<td data-start=\"3155\" data-end=\"3190\" data-col-size=\"sm\">Duljina spremnika<\/td>\n<td data-start=\"3190\" data-end=\"3238\" data-col-size=\"sm\">3 \u2013 40 cm<\/td>\n<\/tr>\n<tr data-start=\"3239\" data-end=\"3322\">\n<td data-start=\"3239\" data-end=\"3274\" data-col-size=\"sm\">\u0160irina spremnika<\/td>\n<td data-start=\"3274\" data-end=\"3322\" data-col-size=\"sm\">29 \u2013 35 cm<\/td>\n<\/tr>\n<tr data-start=\"3323\" data-end=\"3406\">\n<td data-start=\"3323\" data-end=\"3358\" data-col-size=\"sm\">\u0160irina filma<\/td>\n<td data-start=\"3358\" data-end=\"3406\" data-col-size=\"sm\">61 \u2013 72 cm<\/td>\n<\/tr>\n<tr data-start=\"3407\" data-end=\"3489\">\n<td data-start=\"3407\" data-end=\"3442\" data-col-size=\"sm\">Preciznost pakiranja<\/td>\n<td data-start=\"3442\" data-end=\"3489\" data-col-size=\"sm\">\u00b12 g (ovisno o materijalu)<\/td>\n<\/tr>\n<tr data-start=\"3490\" data-end=\"3572\">\n<td data-start=\"3490\" data-end=\"3525\" data-col-size=\"sm\">Primjena<\/td>\n<td data-start=\"3525\" data-end=\"3572\" data-col-size=\"sm\">Pra\u0161kovi \/ Granule \/ Led \/ Smrznuto<\/td>\n<\/tr>\n<tr data-start=\"3573\" data-end=\"3655\">\n<td data-start=\"3573\" data-end=\"3608\" data-col-size=\"sm\">Napon<\/td>\n<td data-start=\"3608\" data-end=\"3655\" data-col-size=\"sm\">110 V \/ 220 V, 50 Hz \u2013 60 Hz<\/td>\n<\/tr>\n<tr data-start=\"3656\" data-end=\"3738\">\n<td data-start=\"3656\" data-end=\"3691\" data-col-size=\"sm\">Snaga motora<\/td>\n<td data-start=\"3691\" data-end=\"3738\" data-col-size=\"sm\">1000 W<\/td>\n<\/tr>\n<tr data-start=\"3739\" data-end=\"3821\">\n<td data-start=\"3739\" data-end=\"3774\" data-col-size=\"sm\">Te\u017eina stroja<\/td>\n<td data-start=\"3774\" data-end=\"3821\" data-col-size=\"sm\">nije navedeno<\/td>\n<\/tr>\n<tr data-start=\"3822\" data-end=\"3905\">\n<td data-start=\"3822\" data-end=\"3857\" data-col-size=\"sm\">Dimenzije stroja<\/td>\n<td data-start=\"3857\" data-end=\"3905\" data-col-size=\"sm\">890 \u00d7 1040 \u00d7 2360 mm<\/td>\n<\/tr>\n<\/tbody>\n<\/table>\n<p>&nbsp;<\/p>\n<\/div>\n<\/div>\n<div style=\"border: 2px solid #0c2a6b; border-radius: 10px; padding: 20px; background-color: #ffffff; font-family: 'Swis 721', sans-serif; color: #0c2a6b;\">\n<h2 style=\"color: #0c2a6b; font-family: 'Heavitas', sans-serif; font-size: 22px; margin-top: 0;\">\ud83d\udd27 ARC podr\u0161ka za va\u0161 ure\u0111aj<\/h2>\n<p>U tvrtki ARC Distribution posve\u0107eni smo pru\u017eanju sveobuhvatne postprodajne usluge. Ovo su osnovni alati dostupni za ovaj stroj:<\/p>\n<div style=\"display: flex; flex-direction: column; gap: 15px; margin-top: 15px;\">\n<div style=\"border-left: 5px solid #7aadd2; padding-left: 15px;\">\n<h3 style=\"margin: 0; font-size: 18px;\">\ud83d\udee0\ufe0f Me\u0111unarodna tehni\u010dka slu\u017eba<\/h3>\n<p style=\"margin: 5px 0;\">Prona\u0111ite svoj servisni centar prema dr\u017eavi i lokaciji. Ovla\u0161teni profesionalni tehni\u010dki servis.<\/p>\n<p><a style=\"color: #0c2a6b; text-decoration: underline;\" href=\"https:\/\/distribucionarc.com\/hr\/tehnicka-sluzba\/\" target=\"_blank\" rel=\"noopener\">Pogledajte tehni\u010dku slu\u017ebu<\/a><\/p>\n<\/div>\n<div style=\"border-left: 5px solid #7aadd2; padding-left: 15px;\">\n<h3 style=\"margin: 0; font-size: 18px;\">\ud83e\uddea Preventivno odr\u017eavanje<\/h3>\n<p style=\"margin: 5px 0;\">Produ\u017eite vijek trajanja svog stroja redovitim pregledima, tehni\u010dkim \u010di\u0161\u0107enjem i specijaliziranim pode\u0161avanjima.<\/p>\n<p><a style=\"color: #0c2a6b; text-decoration: underline;\" href=\"https:\/\/distribucionarc.com\/hr\/luk-preventivno-odrzavanje\/\" target=\"_blank\" rel=\"noopener\">Pogledajte plan odr\u017eavanja<\/a><\/p>\n<\/div>\n<div style=\"border-left: 5px solid #7aadd2; padding-left: 15px;\">\n<h3 style=\"margin: 0; font-size: 18px;\">\ud83d\udcc4 ARC jamstvo \u2013 Tip A<\/h3>\n<p style=\"margin: 5px 0;\">Ovaj stroj pokriven je jamstvom tipa A, koje osigurava popravak, zamjenske dijelove i punu podr\u0161ku tijekom razdoblja pokrivenog jamstvom.<\/p>\n<p><a style=\"color: #0c2a6b; text-decoration: underline;\" href=\"https:\/\/distribucionarc.com\/hr\/jamstvo-distribucija-luk\/\" target=\"_blank\" rel=\"noopener\">Provjerite uvjete jamstva<\/a><\/p>\n<\/div>\n<\/div>\n<\/div>\n<p>&nbsp;<\/p>","protected":false},"excerpt":{"rendered":"<p>Automatski pneumatski stroj za pakiranje idealan za pra\u0161kove, granule, pa \u010dak i vre\u0107ice za led. Sposoban za rad na niskim temperaturama, pakiranje od 60 g do 5 kg i prilago\u0111avanje \u0161irokom rasponu prehrambenih i industrijskih proizvoda.<\/p>","protected":false},"featured_media":17648,"comment_status":"open","ping_status":"closed","template":"","meta":{"wds_primary_product_brand":0,"wds_primary_product_cat":0},"product_brand":[],"product_cat":[22,15,21],"product_tag":[],"class_list":{"0":"post-17659","1":"product","2":"type-product","3":"status-publish","4":"has-post-thumbnail","6":"product_cat-llenadora-de-bolsas-granos-y-polvo","7":"product_cat-llenadoras-y-selladoras-automaticas-flow-pack-sachet","8":"product_cat-maquinas-llenadoras","9":"product_shipping_class-express","11":"first","12":"instock","13":"taxable","14":"shipping-taxable","15":"purchasable","16":"product-type-simple"},"yoast_head":"<!-- This site is optimized with the Yoast SEO Premium plugin v24.9 (Yoast SEO v26.1) - https:\/\/yoast.com\/wordpress\/plugins\/seo\/ -->\n<title>M\u00e1quina Envasadora Autom\u00e1tica 5 kilos Para Hielo Polvos Granulado - distribuci\u00f3n ARC<\/title>\n<meta name=\"description\" content=\"Envasadora neum\u00e1tica DARZD-720BQ para hielo en cubitos, polvos, granulados y bolsas de hasta 5 kg. Trabaja a bajas temperaturas. Precisa, resistente y vers\u00e1til.\" \/>\n<meta name=\"robots\" content=\"index, follow, max-snippet:-1, max-image-preview:large, max-video-preview:-1\" \/>\n<link rel=\"canonical\" href=\"https:\/\/distribucionarc.com\/hr\/proizvod\/automatski-stroj-za-pakiranje-5-kilograma-granuliranog-leda-u-prahu\/\" \/>\n<meta property=\"og:locale\" content=\"hr_HR\" \/>\n<meta property=\"og:type\" content=\"article\" \/>\n<meta property=\"og:title\" content=\"M\u00e1quina Envasadora Autom\u00e1tica 5 kilos Para Hielo Polvos Granulado\" \/>\n<meta property=\"og:description\" content=\"Envasadora neum\u00e1tica DARZD-720BQ para hielo en cubitos, polvos, granulados y bolsas de hasta 5 kg. Trabaja a bajas temperaturas. Precisa, resistente y vers\u00e1til.\" \/>\n<meta property=\"og:url\" content=\"https:\/\/distribucionarc.com\/hr\/proizvod\/automatski-stroj-za-pakiranje-5-kilograma-granuliranog-leda-u-prahu\/\" \/>\n<meta property=\"og:site_name\" content=\"distribuci\u00f3n ARC\" \/>\n<meta property=\"og:image\" content=\"https:\/\/distribucionarc.com\/wp-content\/uploads\/2025\/07\/Maquina-envasadora-automatica-para-hielo-en-cubitos.jpg\" \/>\n\t<meta property=\"og:image:width\" content=\"800\" \/>\n\t<meta property=\"og:image:height\" content=\"800\" \/>\n\t<meta property=\"og:image:type\" content=\"image\/jpeg\" \/>\n<meta name=\"twitter:card\" content=\"summary_large_image\" \/>\n<meta name=\"twitter:label1\" content=\"Procijenjeno vrijeme \u010ditanja\" \/>\n\t<meta name=\"twitter:data1\" content=\"3 minute\" \/>\n<script type=\"application\/ld+json\" class=\"yoast-schema-graph\">{\"@context\":\"https:\/\/schema.org\",\"@graph\":[{\"@type\":\"WebPage\",\"@id\":\"https:\/\/distribucionarc.com\/pt\/producto\/maquina-envasadora-automatica-5-kilos-para-hielo-polvos-granulado-2\/\",\"url\":\"https:\/\/distribucionarc.com\/pt\/producto\/maquina-envasadora-automatica-5-kilos-para-hielo-polvos-granulado-2\/\",\"name\":\"M\u00e1quina Envasadora Autom\u00e1tica 5 kilos Para Hielo Polvos Granulado - distribuci\u00f3n ARC\",\"isPartOf\":{\"@id\":\"https:\/\/www.distribucionarc.com\/sl\/#website\"},\"primaryImageOfPage\":{\"@id\":\"https:\/\/distribucionarc.com\/pt\/producto\/maquina-envasadora-automatica-5-kilos-para-hielo-polvos-granulado-2\/#primaryimage\"},\"image\":{\"@id\":\"https:\/\/distribucionarc.com\/pt\/producto\/maquina-envasadora-automatica-5-kilos-para-hielo-polvos-granulado-2\/#primaryimage\"},\"thumbnailUrl\":\"https:\/\/distribucionarc.com\/wp-content\/uploads\/2025\/07\/Maquina-envasadora-automatica-para-hielo-en-cubitos.jpg\",\"datePublished\":\"2025-07-29T20:09:56+00:00\",\"description\":\"Envasadora neum\u00e1tica DARZD-720BQ para hielo en cubitos, polvos, granulados y bolsas de hasta 5 kg. Trabaja a bajas temperaturas. Precisa, resistente y vers\u00e1til.\",\"breadcrumb\":{\"@id\":\"https:\/\/distribucionarc.com\/pt\/producto\/maquina-envasadora-automatica-5-kilos-para-hielo-polvos-granulado-2\/#breadcrumb\"},\"inLanguage\":\"hr\",\"potentialAction\":[{\"@type\":\"ReadAction\",\"target\":[\"https:\/\/distribucionarc.com\/pt\/producto\/maquina-envasadora-automatica-5-kilos-para-hielo-polvos-granulado-2\/\"]}]},{\"@type\":\"ImageObject\",\"inLanguage\":\"hr\",\"@id\":\"https:\/\/distribucionarc.com\/pt\/producto\/maquina-envasadora-automatica-5-kilos-para-hielo-polvos-granulado-2\/#primaryimage\",\"url\":\"https:\/\/distribucionarc.com\/wp-content\/uploads\/2025\/07\/Maquina-envasadora-automatica-para-hielo-en-cubitos.jpg\",\"contentUrl\":\"https:\/\/distribucionarc.com\/wp-content\/uploads\/2025\/07\/Maquina-envasadora-automatica-para-hielo-en-cubitos.jpg\",\"width\":800,\"height\":800,\"caption\":\"M\u00e1quina envasadora DARZD-720BQ en proceso de empaquetado de bolsas de cubitos de hielo de 60 g\"},{\"@type\":\"BreadcrumbList\",\"@id\":\"https:\/\/distribucionarc.com\/pt\/producto\/maquina-envasadora-automatica-5-kilos-para-hielo-polvos-granulado-2\/#breadcrumb\",\"itemListElement\":[{\"@type\":\"ListItem\",\"position\":1,\"name\":\"Portada\",\"item\":\"https:\/\/www.distribucionarc.com\/\"},{\"@type\":\"ListItem\",\"position\":2,\"name\":\"\u00dcr\u00fcnler\",\"item\":\"https:\/\/www.distribucionarc.com\/tr\/magaza\/\"},{\"@type\":\"ListItem\",\"position\":3,\"name\":\"M\u00e1quina Envasadora Autom\u00e1tica 5 kilos Para Hielo Polvos Granulado\"}]},{\"@type\":\"WebSite\",\"@id\":\"https:\/\/www.distribucionarc.com\/sl\/#website\",\"url\":\"https:\/\/www.distribucionarc.com\/sl\/\",\"name\":\"distribuci\u00f3n ARC\",\"description\":\"Empresa especializada en la fabricaci\u00f3n y distribuci\u00f3n de maquinaria industrial, selladoras de latas, Maquinas de hacer pastillas, Maquinas de cortar carne...\",\"publisher\":{\"@id\":\"https:\/\/www.distribucionarc.com\/sl\/#organization\"},\"potentialAction\":[{\"@type\":\"SearchAction\",\"target\":{\"@type\":\"EntryPoint\",\"urlTemplate\":\"https:\/\/www.distribucionarc.com\/sl\/?s={search_term_string}\"},\"query-input\":{\"@type\":\"PropertyValueSpecification\",\"valueRequired\":true,\"valueName\":\"search_term_string\"}}],\"inLanguage\":\"hr\"},{\"@type\":\"Organization\",\"@id\":\"https:\/\/www.distribucionarc.com\/sl\/#organization\",\"name\":\"Distribuci\u00f3n ARC\",\"url\":\"https:\/\/www.distribucionarc.com\/sl\/\",\"logo\":{\"@type\":\"ImageObject\",\"inLanguage\":\"hr\",\"@id\":\"https:\/\/www.distribucionarc.com\/sl\/#\/schema\/logo\/image\/\",\"url\":\"https:\/\/distribucionarc.com\/wp-content\/uploads\/2024\/10\/distribucion-ARC-COLOR-SIN-FONDO-e1732295305345.png\",\"contentUrl\":\"https:\/\/distribucionarc.com\/wp-content\/uploads\/2024\/10\/distribucion-ARC-COLOR-SIN-FONDO-e1732295305345.png\",\"width\":1164,\"height\":558,\"caption\":\"Distribuci\u00f3n ARC\"},\"image\":{\"@id\":\"https:\/\/www.distribucionarc.com\/sl\/#\/schema\/logo\/image\/\"},\"description\":\"Empresa especializada en la fabricaci\u00f3n y distribuci\u00f3n de maquinaria industrial para los sectores alimentario y farmac\u00e9utico. Nos especializamos en: M\u00e1quinas de cortar carne Fabricaci\u00f3n de comprimidos Sistemas de transporte industrial L\u00edneas de embotellado Dosificadores Y mucho m\u00e1s... Ofrecemos soluciones innovadoras y personalizadas para optimizar los procesos productivos de tu empresa.\",\"email\":\"Admistracion@distribucionarc.com\",\"telephone\":\"+34 643496664\",\"legalName\":\"ARC TECH SOLUTIONS\",\"foundingDate\":\"2024-04-09\",\"vatID\":\"B55480172\",\"numberOfEmployees\":{\"@type\":\"QuantitativeValue\",\"minValue\":\"1\",\"maxValue\":\"10\"}}]}<\/script>\n<!-- \/ Yoast SEO Premium plugin. -->","yoast_head_json":{"title":"Automatski stroj za pakiranje 5 kilograma za granulirani led u prahu - ARC distribucija","description":"DARZD-720BQ pneumatski stroj za pakiranje leda u kockice, prahove, granule i vre\u0107ice do 5 kg. Radi na niskim temperaturama. Precizan, izdr\u017eljiv i svestran.","robots":{"index":"index","follow":"follow","max-snippet":"max-snippet:-1","max-image-preview":"max-image-preview:large","max-video-preview":"max-video-preview:-1"},"canonical":"https:\/\/distribucionarc.com\/hr\/proizvod\/automatski-stroj-za-pakiranje-5-kilograma-granuliranog-leda-u-prahu\/","og_locale":"hr_HR","og_type":"article","og_title":"M\u00e1quina Envasadora Autom\u00e1tica 5 kilos Para Hielo Polvos Granulado","og_description":"Envasadora neum\u00e1tica DARZD-720BQ para hielo en cubitos, polvos, granulados y bolsas de hasta 5 kg. Trabaja a bajas temperaturas. Precisa, resistente y vers\u00e1til.","og_url":"https:\/\/distribucionarc.com\/hr\/proizvod\/automatski-stroj-za-pakiranje-5-kilograma-granuliranog-leda-u-prahu\/","og_site_name":"distribuci\u00f3n ARC","og_image":[{"width":800,"height":800,"url":"https:\/\/distribucionarc.com\/wp-content\/uploads\/2025\/07\/Maquina-envasadora-automatica-para-hielo-en-cubitos.jpg","type":"image\/jpeg"}],"twitter_card":"summary_large_image","twitter_misc":{"Procijenjeno vrijeme \u010ditanja":"3 minute"},"schema":{"@context":"https:\/\/schema.org","@graph":[{"@type":"WebPage","@id":"https:\/\/distribucionarc.com\/pt\/producto\/maquina-envasadora-automatica-5-kilos-para-hielo-polvos-granulado-2\/","url":"https:\/\/distribucionarc.com\/pt\/producto\/maquina-envasadora-automatica-5-kilos-para-hielo-polvos-granulado-2\/","name":"Automatski stroj za pakiranje 5 kilograma za granulirani led u prahu - ARC distribucija","isPartOf":{"@id":"https:\/\/www.distribucionarc.com\/sl\/#website"},"primaryImageOfPage":{"@id":"https:\/\/distribucionarc.com\/pt\/producto\/maquina-envasadora-automatica-5-kilos-para-hielo-polvos-granulado-2\/#primaryimage"},"image":{"@id":"https:\/\/distribucionarc.com\/pt\/producto\/maquina-envasadora-automatica-5-kilos-para-hielo-polvos-granulado-2\/#primaryimage"},"thumbnailUrl":"https:\/\/distribucionarc.com\/wp-content\/uploads\/2025\/07\/Maquina-envasadora-automatica-para-hielo-en-cubitos.jpg","datePublished":"2025-07-29T20:09:56+00:00","description":"DARZD-720BQ pneumatski stroj za pakiranje leda u kockice, prahove, granule i vre\u0107ice do 5 kg. Radi na niskim temperaturama. Precizan, izdr\u017eljiv i svestran.","breadcrumb":{"@id":"https:\/\/distribucionarc.com\/pt\/producto\/maquina-envasadora-automatica-5-kilos-para-hielo-polvos-granulado-2\/#breadcrumb"},"inLanguage":"hr","potentialAction":[{"@type":"ReadAction","target":["https:\/\/distribucionarc.com\/pt\/producto\/maquina-envasadora-automatica-5-kilos-para-hielo-polvos-granulado-2\/"]}]},{"@type":"ImageObject","inLanguage":"hr","@id":"https:\/\/distribucionarc.com\/pt\/producto\/maquina-envasadora-automatica-5-kilos-para-hielo-polvos-granulado-2\/#primaryimage","url":"https:\/\/distribucionarc.com\/wp-content\/uploads\/2025\/07\/Maquina-envasadora-automatica-para-hielo-en-cubitos.jpg","contentUrl":"https:\/\/distribucionarc.com\/wp-content\/uploads\/2025\/07\/Maquina-envasadora-automatica-para-hielo-en-cubitos.jpg","width":800,"height":800,"caption":"M\u00e1quina envasadora DARZD-720BQ en proceso de empaquetado de bolsas de cubitos de hielo de 60 g"},{"@type":"BreadcrumbList","@id":"https:\/\/distribucionarc.com\/pt\/producto\/maquina-envasadora-automatica-5-kilos-para-hielo-polvos-granulado-2\/#breadcrumb","itemListElement":[{"@type":"ListItem","position":1,"name":"Portada","item":"https:\/\/www.distribucionarc.com\/"},{"@type":"ListItem","position":2,"name":"\u00dcr\u00fcnler","item":"https:\/\/www.distribucionarc.com\/tr\/magaza\/"},{"@type":"ListItem","position":3,"name":"M\u00e1quina Envasadora Autom\u00e1tica 5 kilos Para Hielo Polvos Granulado"}]},{"@type":"WebSite","@id":"https:\/\/www.distribucionarc.com\/sl\/#website","url":"https:\/\/www.distribucionarc.com\/sl\/","name":"ARC distribucija","description":"Tvrtka specijalizirana za proizvodnju i distribuciju industrijskih strojeva, strojeva za zatvaranje limenki, strojeva za izradu pilula, strojeva za rezanje mesa itd.","publisher":{"@id":"https:\/\/www.distribucionarc.com\/sl\/#organization"},"potentialAction":[{"@type":"SearchAction","target":{"@type":"EntryPoint","urlTemplate":"https:\/\/www.distribucionarc.com\/sl\/?s={search_term_string}"},"query-input":{"@type":"PropertyValueSpecification","valueRequired":true,"valueName":"search_term_string"}}],"inLanguage":"hr"},{"@type":"Organization","@id":"https:\/\/www.distribucionarc.com\/sl\/#organization","name":"ARC distribucija","url":"https:\/\/www.distribucionarc.com\/sl\/","logo":{"@type":"ImageObject","inLanguage":"hr","@id":"https:\/\/www.distribucionarc.com\/sl\/#\/schema\/logo\/image\/","url":"https:\/\/distribucionarc.com\/wp-content\/uploads\/2024\/10\/distribucion-ARC-COLOR-SIN-FONDO-e1732295305345.png","contentUrl":"https:\/\/distribucionarc.com\/wp-content\/uploads\/2024\/10\/distribucion-ARC-COLOR-SIN-FONDO-e1732295305345.png","width":1164,"height":558,"caption":"Distribuci\u00f3n ARC"},"image":{"@id":"https:\/\/www.distribucionarc.com\/sl\/#\/schema\/logo\/image\/"},"description":"Tvrtka specijalizirana za proizvodnju i distribuciju industrijskih strojeva za prehrambeni i farmaceutski sektor. Specijalizirani smo za: Strojeve za rezanje mesa Proizvodnja tableta Industrijske transportne sustave Linije za punjenje Strojevi za doziranje I jo\u0161 mnogo toga... Nudimo inovativna i prilago\u0111ena rje\u0161enja za optimizaciju proizvodnih procesa Va\u0161e tvrtke.","email":"Admistracion@distribucionarc.com","telephone":"+34 643496664","legalName":"ARC TECH SOLUTIONS","foundingDate":"2024-04-09","vatID":"B55480172","numberOfEmployees":{"@type":"QuantitativeValue","minValue":"1","maxValue":"10"}}]}},"_links":{"self":[{"href":"https:\/\/distribucionarc.com\/hr\/wp-json\/wp\/v2\/product\/17659","targetHints":{"allow":["GET"]}}],"collection":[{"href":"https:\/\/distribucionarc.com\/hr\/wp-json\/wp\/v2\/product"}],"about":[{"href":"https:\/\/distribucionarc.com\/hr\/wp-json\/wp\/v2\/types\/product"}],"replies":[{"embeddable":true,"href":"https:\/\/distribucionarc.com\/hr\/wp-json\/wp\/v2\/comments?post=17659"}],"version-history":[{"count":1,"href":"https:\/\/distribucionarc.com\/hr\/wp-json\/wp\/v2\/product\/17659\/revisions"}],"predecessor-version":[{"id":17660,"href":"https:\/\/distribucionarc.com\/hr\/wp-json\/wp\/v2\/product\/17659\/revisions\/17660"}],"wp:featuredmedia":[{"embeddable":true,"href":"https:\/\/distribucionarc.com\/hr\/wp-json\/wp\/v2\/media\/17648"}],"wp:attachment":[{"href":"https:\/\/distribucionarc.com\/hr\/wp-json\/wp\/v2\/media?parent=17659"}],"wp:term":[{"taxonomy":"product_brand","embeddable":true,"href":"https:\/\/distribucionarc.com\/hr\/wp-json\/wp\/v2\/product_brand?post=17659"},{"taxonomy":"product_cat","embeddable":true,"href":"https:\/\/distribucionarc.com\/hr\/wp-json\/wp\/v2\/product_cat?post=17659"},{"taxonomy":"product_tag","embeddable":true,"href":"https:\/\/distribucionarc.com\/hr\/wp-json\/wp\/v2\/product_tag?post=17659"}],"curies":[{"name":"radni list","href":"https:\/\/api.w.org\/{rel}","templated":true}]}}