{"id":17778,"date":"2025-08-21T01:39:52","date_gmt":"2025-08-20T23:39:52","guid":{"rendered":"https:\/\/distribucionarc.com\/?post_type=product&#038;p=17778"},"modified":"2025-08-21T01:39:53","modified_gmt":"2025-08-20T23:39:53","slug":"oscilirajuci-granulator-drobilica-za-hladnu-obradu-i-proizvode-sklone-vlazi","status":"publish","type":"product","link":"https:\/\/distribucionarc.com\/hr\/producto\/triturador-granulador-oscilante-trabajo-en-frio-productos-humedad\/","title":{"rendered":"Osciliraju\u0107i granulator Drobilica Proizvodi za hladnu obradu vlage"},"content":{"rendered":"<p data-start=\"790\" data-end=\"1407\">On <strong data-start=\"793\" data-end=\"805\">YARK-160<\/strong> to je <strong data-start=\"812\" data-end=\"854\">osciliraju\u0107i mlin\/drobilica\/granulator<\/strong> visoke performanse dizajnirane za <strong data-start=\"889\" data-end=\"922\">proizvodi s visokom vlagom<\/strong> ili <strong data-start=\"925\" data-end=\"947\">osjetljiv na toplinu<\/strong>Njegova oscilacija <strong data-start=\"963\" data-end=\"971\">360\u00ba<\/strong> do <strong data-start=\"974\" data-end=\"992\">\u224860 ciklusa\/min<\/strong> generira <strong data-start=\"1000\" data-end=\"1017\">meko smicanje<\/strong>, s <strong data-start=\"1023\" data-end=\"1040\">nisko trenje<\/strong> i <strong data-start=\"1043\" data-end=\"1071\">minimalni toplinski porast<\/strong>, \u0161to omogu\u0107uje <strong data-start=\"1088\" data-end=\"1133\">drobljenje, deaglomeriranje i hladna granulacija<\/strong> bez materijala <strong data-start=\"1154\" data-end=\"1200\">topi se, gruda ili gubi svojstva<\/strong>.<br data-start=\"1201\" data-end=\"1204\" \/>Dizajnirano za linije <strong data-start=\"1224\" data-end=\"1237\">ti nastavlja\u0161<\/strong> i intenzivne smjene, ponude <strong data-start=\"1266\" data-end=\"1294\">kontrolirana raspodjela veli\u010dine \u010destica<\/strong> (prema mre\u017ei) za optimizaciju <strong data-start=\"1324\" data-end=\"1373\">mije\u0161anje, doziranje, ekstruzija, tabletiranje<\/strong> i <strong data-start=\"1376\" data-end=\"1387\">te\u010dnost<\/strong> kona\u010dnog proizvoda.<\/p>\n<p data-start=\"1409\" data-end=\"1452\"><strong data-start=\"1409\" data-end=\"1450\">Primjene i materijali (primjeri):<\/strong><\/p>\n<ul data-start=\"1453\" data-end=\"2008\">\n<li data-start=\"1453\" data-end=\"1659\">\n<p data-start=\"1455\" data-end=\"1659\"><strong data-start=\"1455\" data-end=\"1471\">Hranjenje<\/strong>\u010cokolada\/kakao (neotopljeni), koncentrirani temeljci\/\u201cAvecrem\u201d, vla\u017eni \u0161e\u0107er, vla\u017ena morska sol, za\u010dini s uljima, dehidrirano vo\u0107e s preostalom vlagom, premiksi i prera\u0111eni proizvodi.<\/p>\n<\/li>\n<li data-start=\"1660\" data-end=\"1804\">\n<p data-start=\"1662\" data-end=\"1804\"><strong data-start=\"1662\" data-end=\"1678\">Farmaceutski<\/strong>: <strong data-start=\"1680\" data-end=\"1702\">mokra granulacija<\/strong> pra\u0161kova za tablete, ponovno usitnjenih tableta, <strong data-start=\"1756\" data-end=\"1773\">deaglomeriran<\/strong> prije mije\u0161anja\/kapsuliranja.<\/p>\n<\/li>\n<li data-start=\"1805\" data-end=\"1906\">\n<p data-start=\"1807\" data-end=\"1906\"><strong data-start=\"1807\" data-end=\"1820\">Kozmetika<\/strong>: baze za sapune, voskovi, balzami i paste; kontrola veli\u010dine <strong data-start=\"1882\" data-end=\"1903\">bez pregrijavanja<\/strong>.<\/p>\n<\/li>\n<li data-start=\"1907\" data-end=\"2008\">\n<p data-start=\"1909\" data-end=\"2008\"><strong data-start=\"1909\" data-end=\"1920\">Kemija<\/strong>higroskopni\/reaktivni pra\u0161ci, prethodno granulirani za <strong data-start=\"1972\" data-end=\"1988\">doziranje<\/strong> i <strong data-start=\"1991\" data-end=\"2007\">zbijanje<\/strong>.<\/p>\n<\/li>\n<\/ul>\n<p data-start=\"2010\" data-end=\"2031\"><strong data-start=\"2010\" data-end=\"2029\">Klju\u010dne prednosti:<\/strong><\/p>\n<ul data-start=\"2032\" data-end=\"2494\">\n<li data-start=\"2032\" data-end=\"2117\">\n<p data-start=\"2034\" data-end=\"2117\"><strong data-start=\"2034\" data-end=\"2053\">Hladni rad<\/strong> \u2192 manje zaglavljivanja, manje problemati\u010dnih kazni, <strong data-start=\"2097\" data-end=\"2114\">stabilan protok<\/strong>.<\/p>\n<\/li>\n<li data-start=\"2118\" data-end=\"2213\">\n<p data-start=\"2120\" data-end=\"2213\"><strong data-start=\"2120\" data-end=\"2146\">Kapacitet 200\u2013300 kg\/h<\/strong> s <strong data-start=\"2151\" data-end=\"2167\">Motor od 2,2 kW<\/strong> \u2192 <strong data-start=\"2170\" data-end=\"2195\">energetska u\u010dinkovitost<\/strong> i <strong data-start=\"2198\" data-end=\"2210\">\u010dvrsto\u0107a<\/strong>.<\/p>\n<\/li>\n<li data-start=\"2214\" data-end=\"2314\">\n<p data-start=\"2216\" data-end=\"2314\"><strong data-start=\"2216\" data-end=\"2236\">Nehr\u0111aju\u0107i \u010delik<\/strong>, kompaktan dizajn za svoju veli\u010dinu, <strong data-start=\"2270\" data-end=\"2289\">promjena mre\u017ee<\/strong> i <strong data-start=\"2292\" data-end=\"2311\">brzo \u010di\u0161\u0107enje<\/strong>.<\/p>\n<\/li>\n<li data-start=\"2315\" data-end=\"2396\">\n<p data-start=\"2317\" data-end=\"2396\"><strong data-start=\"2317\" data-end=\"2341\">Online integracija<\/strong>Prilagodljiv spremnik, ujedna\u010den prinos, siguran rad.<\/p>\n<\/li>\n<li data-start=\"2397\" data-end=\"2494\">\n<p data-start=\"2399\" data-end=\"2494\"><strong data-start=\"2399\" data-end=\"2424\">ARC podr\u0161ka u \u0160panjolskoj<\/strong>: savjetovanje, opcionalno pu\u0161tanje u rad, rezervni dijelovi i odr\u017eavanje.<\/p>\n<\/li>\n<\/ul>\n<blockquote data-start=\"2496\" data-end=\"2710\">\n<p data-start=\"2498\" data-end=\"2710\"><strong data-start=\"2498\" data-end=\"2542\">Tako\u0111er dostupno i u vi\u0161im modelima<\/strong> (ve\u0107i otvor i protok &gt;300 kg\/h). Ozna\u010dava <strong data-start=\"2583\" data-end=\"2595\">materijal<\/strong>, <strong data-start=\"2597\" data-end=\"2613\">% vla\u017enost<\/strong>, <strong data-start=\"2615\" data-end=\"2643\">veli\u010dina ulaza\/izlaza<\/strong> i <strong data-start=\"2646\" data-end=\"2665\">ciljana brzina protoka<\/strong> preporu\u010diti te <strong data-start=\"2684\" data-end=\"2693\">mre\u017ea<\/strong> i konfiguracija.<\/p>\n<\/blockquote>\n<table class=\"tabla-especificaciones yark-160\">\n<thead>\n<tr>\n<th colspan=\"2\">Tehni\u010dke specifikacije \u2014 YARK-160<\/th>\n<\/tr>\n<\/thead>\n<tbody>\n<tr>\n<td>Model<\/td>\n<td>YARK-160<\/td>\n<\/tr>\n<tr>\n<td>Kapacitet proizvodnje<\/td>\n<td>200\u2013300 kg\/h (ovisno o materijalu, vla\u017enosti i mre\u017eici)<\/td>\n<\/tr>\n<tr>\n<td>Promjer nihaju\u0107eg rotora<\/td>\n<td>160 mm<\/td>\n<\/tr>\n<tr>\n<td>Kut hoda\/oscilacije<\/td>\n<td>360\u00b0<\/td>\n<\/tr>\n<tr>\n<td>Frekvencija oscilacija<\/td>\n<td>\u2248 60 ciklusa\/min<\/td>\n<\/tr>\n<tr>\n<td>Snaga motora<\/td>\n<td>2,2 kW<\/td>\n<\/tr>\n<tr>\n<td>Te\u017eina<\/td>\n<td>330 kg<\/td>\n<\/tr>\n<tr>\n<td>Dimenzije (D \u00d7 \u0160 \u00d7 V)<\/td>\n<td>950 \u00d7 750 \u00d7 1240 mm<\/td>\n<\/tr>\n<tr>\n<td>Gra\u0111evinski materijal<\/td>\n<td>Nehr\u0111aju\u0107i \u010delik (robusna konstrukcija, lako \u010di\u0161\u0107enje)<\/td>\n<\/tr>\n<tr>\n<td>Operacije<\/td>\n<td>Drobljenje, hladna mokra granulacija, deaglomeracija, homogenizacija<\/td>\n<\/tr>\n<tr>\n<td>Preventivno odr\u017eavanje<\/td>\n<td><a href=\"https:\/\/distribucionarc.com\/hr\/luk-preventivno-odrzavanje\/\" target=\"_blank\" rel=\"noopener\">Plan preventivnog odr\u017eavanja ARC-a<\/a><\/td>\n<\/tr>\n<tr>\n<td>Tehni\u010dka slu\u017eba<\/td>\n<td><a href=\"https:\/\/distribucionarc.com\/hr\/tehnicka-sluzba\/\" target=\"_blank\" rel=\"noopener\">Specijalizirana tehni\u010dka usluga (pretraga po dr\u017eavi i lokaciji)<\/a><\/td>\n<\/tr>\n<tr>\n<td>Primjenjivo jamstvo<\/td>\n<td>Tip A \u2014 <a href=\"https:\/\/distribucionarc.com\/hr\/jamstvo-distribucija-luk\/\" target=\"_blank\" rel=\"noopener\">Jamstvo ARC distribucije<\/a><\/td>\n<\/tr>\n<\/tbody>\n<\/table>\n<p>&nbsp;<\/p>\n<p>&nbsp;<\/p>","protected":false},"excerpt":{"rendered":"<p>On <strong data-start=\"400\" data-end=\"412\">YARK-160<\/strong> to je <strong data-start=\"419\" data-end=\"454\">osciliraju\u0107i drobilica-granulator<\/strong> od <strong data-start=\"458\" data-end=\"491\">visoki kapacitet (200\u2013300 kg\/h)<\/strong> za <strong data-start=\"497\" data-end=\"527\">hladna mokra granulacija<\/strong>Idealno za hranu, farmaciju, kozmetiku i kemikalije: <strong data-start=\"582\" data-end=\"620\">sprje\u010dava topljenje, lijepljenje i stvrdnjavanje<\/strong>, pobolj\u0161ava <strong data-start=\"632\" data-end=\"641\">protok<\/strong> i <strong data-start=\"647\" data-end=\"663\">homogenost<\/strong> granulata. <strong data-start=\"679\" data-end=\"718\">ARC Tehni\u010dka slu\u017eba u Europi i Sjedinjenim Ameri\u010dkim Dr\u017eavama<\/strong>\u00a0i <strong data-start=\"721\" data-end=\"740\">jamstvo tipa A<\/strong>.<\/p>","protected":false},"featured_media":17784,"comment_status":"open","ping_status":"closed","template":"","meta":{"wds_primary_product_brand":0,"wds_primary_product_cat":0},"product_brand":[],"product_cat":[326],"product_tag":[],"class_list":{"0":"post-17778","1":"product","2":"type-product","3":"status-publish","4":"has-post-thumbnail","6":"product_cat-trituradoras-industriales","8":"first","9":"instock","10":"taxable","11":"shipping-taxable","12":"purchasable","13":"product-type-simple"},"yoast_head":"<!-- This site is optimized with the Yoast SEO Premium plugin v24.9 (Yoast SEO v26.1) - https:\/\/yoast.com\/wordpress\/plugins\/seo\/ -->\n<title>Triturador Granulador Oscilante Trabajo en fr\u00edo productos humedad - distribuci\u00f3n ARC<\/title>\n<meta name=\"description\" content=\"YARK-160: triturador oscilante 200\u2013300 kg\/h para granulaci\u00f3n h\u00fameda en fr\u00edo en alimentos, farmacia y cosm\u00e9tica. Garant\u00eda tipo A y SAT ARC en Europa y estados unidos\" \/>\n<meta name=\"robots\" content=\"index, follow, max-snippet:-1, max-image-preview:large, max-video-preview:-1\" \/>\n<link rel=\"canonical\" href=\"https:\/\/jagdesd.tempurl.host\/bg\/producto\/triturador-granulador-oscilante-trabajo-en-frio-productos-humedad\/\" \/>\n<meta property=\"og:locale\" content=\"hr_HR\" \/>\n<meta property=\"og:type\" content=\"article\" \/>\n<meta property=\"og:title\" content=\"Triturador Granulador Oscilante Trabajo en fr\u00edo productos humedad\" \/>\n<meta property=\"og:description\" content=\"YARK-160: triturador oscilante 200\u2013300 kg\/h para granulaci\u00f3n h\u00fameda en fr\u00edo en alimentos, farmacia y cosm\u00e9tica. Garant\u00eda tipo A y SAT ARC en Europa y estados unidos\" \/>\n<meta property=\"og:url\" content=\"https:\/\/jagdesd.tempurl.host\/bg\/producto\/triturador-granulador-oscilante-trabajo-en-frio-productos-humedad\/\" \/>\n<meta property=\"og:site_name\" content=\"distribuci\u00f3n ARC\" \/>\n<meta property=\"article:modified_time\" content=\"2025-08-20T23:39:53+00:00\" \/>\n<meta property=\"og:image\" content=\"https:\/\/jagdesd.tempurl.host\/wp-content\/uploads\/2025\/08\/Granulador-industrial-YARK-160-vista-lateral-derecha-completa.jpeg\" \/>\n\t<meta property=\"og:image:width\" content=\"800\" \/>\n\t<meta property=\"og:image:height\" content=\"800\" \/>\n\t<meta property=\"og:image:type\" content=\"image\/jpeg\" \/>\n<meta name=\"twitter:card\" content=\"summary_large_image\" \/>\n<meta name=\"twitter:label1\" content=\"Procijenjeno vrijeme \u010ditanja\" \/>\n\t<meta name=\"twitter:data1\" content=\"2 minute\" \/>\n<script type=\"application\/ld+json\" class=\"yoast-schema-graph\">{\"@context\":\"https:\/\/schema.org\",\"@graph\":[{\"@type\":\"WebPage\",\"@id\":\"https:\/\/jagdesd.tempurl.host\/bg\/producto\/triturador-granulador-oscilante-trabajo-en-frio-productos-humedad\/\",\"url\":\"https:\/\/jagdesd.tempurl.host\/bg\/producto\/triturador-granulador-oscilante-trabajo-en-frio-productos-humedad\/\",\"name\":\"Triturador Granulador Oscilante Trabajo en fr\u00edo productos humedad - distribuci\u00f3n ARC\",\"isPartOf\":{\"@id\":\"https:\/\/distribucionarc.com\/ar\/#website\"},\"primaryImageOfPage\":{\"@id\":\"https:\/\/jagdesd.tempurl.host\/bg\/producto\/triturador-granulador-oscilante-trabajo-en-frio-productos-humedad\/#primaryimage\"},\"image\":{\"@id\":\"https:\/\/jagdesd.tempurl.host\/bg\/producto\/triturador-granulador-oscilante-trabajo-en-frio-productos-humedad\/#primaryimage\"},\"thumbnailUrl\":\"https:\/\/distribucionarc.com\/wp-content\/uploads\/2025\/08\/Granulador-industrial-YARK-160-vista-lateral-derecha-completa.jpeg\",\"datePublished\":\"2025-08-20T23:39:52+00:00\",\"dateModified\":\"2025-08-20T23:39:53+00:00\",\"description\":\"YARK-160: triturador oscilante 200\u2013300 kg\/h para granulaci\u00f3n h\u00fameda en fr\u00edo en alimentos, farmacia y cosm\u00e9tica. Garant\u00eda tipo A y SAT ARC en Europa y estados unidos\",\"breadcrumb\":{\"@id\":\"https:\/\/jagdesd.tempurl.host\/bg\/producto\/triturador-granulador-oscilante-trabajo-en-frio-productos-humedad\/#breadcrumb\"},\"inLanguage\":\"hr\",\"potentialAction\":[{\"@type\":\"ReadAction\",\"target\":[\"https:\/\/jagdesd.tempurl.host\/bg\/producto\/triturador-granulador-oscilante-trabajo-en-frio-productos-humedad\/\"]}]},{\"@type\":\"ImageObject\",\"inLanguage\":\"hr\",\"@id\":\"https:\/\/jagdesd.tempurl.host\/bg\/producto\/triturador-granulador-oscilante-trabajo-en-frio-productos-humedad\/#primaryimage\",\"url\":\"https:\/\/distribucionarc.com\/wp-content\/uploads\/2025\/08\/Granulador-industrial-YARK-160-vista-lateral-derecha-completa.jpeg\",\"contentUrl\":\"https:\/\/distribucionarc.com\/wp-content\/uploads\/2025\/08\/Granulador-industrial-YARK-160-vista-lateral-derecha-completa.jpeg\",\"width\":800,\"height\":800,\"caption\":\"Vista lateral completa del YARK-160 en posici\u00f3n de trabajo\"},{\"@type\":\"BreadcrumbList\",\"@id\":\"https:\/\/jagdesd.tempurl.host\/bg\/producto\/triturador-granulador-oscilante-trabajo-en-frio-productos-humedad\/#breadcrumb\",\"itemListElement\":[{\"@type\":\"ListItem\",\"position\":1,\"name\":\"Portada\",\"item\":\"https:\/\/www.distribucionarc.com\/pt\/\"},{\"@type\":\"ListItem\",\"position\":2,\"name\":\"Produtos\",\"item\":\"https:\/\/www.distribucionarc.com\/pt\/shop\/\"},{\"@type\":\"ListItem\",\"position\":3,\"name\":\"Triturador Granulador Oscilante Trabajo en fr\u00edo productos humedad\"}]},{\"@type\":\"WebSite\",\"@id\":\"https:\/\/distribucionarc.com\/ar\/#website\",\"url\":\"https:\/\/distribucionarc.com\/ar\/\",\"name\":\"distribuci\u00f3n ARC\",\"description\":\"Empresa especializada en la fabricaci\u00f3n y distribuci\u00f3n de maquinaria industrial, selladoras de latas, Maquinas de hacer pastillas, Maquinas de cortar carne...\",\"publisher\":{\"@id\":\"https:\/\/distribucionarc.com\/ar\/#organization\"},\"potentialAction\":[{\"@type\":\"SearchAction\",\"target\":{\"@type\":\"EntryPoint\",\"urlTemplate\":\"https:\/\/distribucionarc.com\/ar\/?s={search_term_string}\"},\"query-input\":{\"@type\":\"PropertyValueSpecification\",\"valueRequired\":true,\"valueName\":\"search_term_string\"}}],\"inLanguage\":\"hr\"},{\"@type\":\"Organization\",\"@id\":\"https:\/\/distribucionarc.com\/ar\/#organization\",\"name\":\"Distribuci\u00f3n ARC\",\"url\":\"https:\/\/distribucionarc.com\/ar\/\",\"logo\":{\"@type\":\"ImageObject\",\"inLanguage\":\"hr\",\"@id\":\"https:\/\/distribucionarc.com\/ar\/#\/schema\/logo\/image\/\",\"url\":\"https:\/\/distribucionarc.com\/wp-content\/uploads\/2024\/10\/distribucion-ARC-COLOR-SIN-FONDO-e1732295305345.png\",\"contentUrl\":\"https:\/\/distribucionarc.com\/wp-content\/uploads\/2024\/10\/distribucion-ARC-COLOR-SIN-FONDO-e1732295305345.png\",\"width\":1164,\"height\":558,\"caption\":\"Distribuci\u00f3n ARC\"},\"image\":{\"@id\":\"https:\/\/distribucionarc.com\/ar\/#\/schema\/logo\/image\/\"},\"description\":\"Empresa especializada en la fabricaci\u00f3n y distribuci\u00f3n de maquinaria industrial para los sectores alimentario y farmac\u00e9utico. Nos especializamos en: M\u00e1quinas de cortar carne Fabricaci\u00f3n de comprimidos Sistemas de transporte industrial L\u00edneas de embotellado Dosificadores Y mucho m\u00e1s... Ofrecemos soluciones innovadoras y personalizadas para optimizar los procesos productivos de tu empresa.\",\"email\":\"Admistracion@distribucionarc.com\",\"telephone\":\"+34 643496664\",\"legalName\":\"ARC TECH SOLUTIONS\",\"foundingDate\":\"2024-04-09\",\"vatID\":\"B55480172\",\"numberOfEmployees\":{\"@type\":\"QuantitativeValue\",\"minValue\":\"1\",\"maxValue\":\"10\"}}]}<\/script>\n<!-- \/ Yoast SEO Premium plugin. -->","yoast_head_json":{"title":"Osciliraju\u0107i granulator drobilica Hladna obrada proizvoda sklonih vlazi - ARC distribucija","description":"YARK-160: Osciliraju\u0107i drobilica kapaciteta 200\u2013300 kg\/h za hladnu mokru granulaciju u prehrambenoj, farmaceutskoj i kozmeti\u010dkoj industriji. Jamstvo tipa A i SAT ARC u Europi i Sjedinjenim Dr\u017eavama.","robots":{"index":"index","follow":"follow","max-snippet":"max-snippet:-1","max-image-preview":"max-image-preview:large","max-video-preview":"max-video-preview:-1"},"canonical":"https:\/\/jagdesd.tempurl.host\/bg\/producto\/triturador-granulador-oscilante-trabajo-en-frio-productos-humedad\/","og_locale":"hr_HR","og_type":"article","og_title":"Triturador Granulador Oscilante Trabajo en fr\u00edo productos humedad","og_description":"YARK-160: triturador oscilante 200\u2013300 kg\/h para granulaci\u00f3n h\u00fameda en fr\u00edo en alimentos, farmacia y cosm\u00e9tica. Garant\u00eda tipo A y SAT ARC en Europa y estados unidos","og_url":"https:\/\/jagdesd.tempurl.host\/bg\/producto\/triturador-granulador-oscilante-trabajo-en-frio-productos-humedad\/","og_site_name":"distribuci\u00f3n ARC","article_modified_time":"2025-08-20T23:39:53+00:00","og_image":[{"width":800,"height":800,"url":"https:\/\/jagdesd.tempurl.host\/wp-content\/uploads\/2025\/08\/Granulador-industrial-YARK-160-vista-lateral-derecha-completa.jpeg","type":"image\/jpeg"}],"twitter_card":"summary_large_image","twitter_misc":{"Procijenjeno vrijeme \u010ditanja":"2 minute"},"schema":{"@context":"https:\/\/schema.org","@graph":[{"@type":"WebPage","@id":"https:\/\/jagdesd.tempurl.host\/bg\/producto\/triturador-granulador-oscilante-trabajo-en-frio-productos-humedad\/","url":"https:\/\/jagdesd.tempurl.host\/bg\/producto\/triturador-granulador-oscilante-trabajo-en-frio-productos-humedad\/","name":"Osciliraju\u0107i granulator drobilica Hladna obrada proizvoda sklonih vlazi - ARC distribucija","isPartOf":{"@id":"https:\/\/distribucionarc.com\/ar\/#website"},"primaryImageOfPage":{"@id":"https:\/\/jagdesd.tempurl.host\/bg\/producto\/triturador-granulador-oscilante-trabajo-en-frio-productos-humedad\/#primaryimage"},"image":{"@id":"https:\/\/jagdesd.tempurl.host\/bg\/producto\/triturador-granulador-oscilante-trabajo-en-frio-productos-humedad\/#primaryimage"},"thumbnailUrl":"https:\/\/distribucionarc.com\/wp-content\/uploads\/2025\/08\/Granulador-industrial-YARK-160-vista-lateral-derecha-completa.jpeg","datePublished":"2025-08-20T23:39:52+00:00","dateModified":"2025-08-20T23:39:53+00:00","description":"YARK-160: Osciliraju\u0107i drobilica kapaciteta 200\u2013300 kg\/h za hladnu mokru granulaciju u prehrambenoj, farmaceutskoj i kozmeti\u010dkoj industriji. Jamstvo tipa A i SAT ARC u Europi i Sjedinjenim Dr\u017eavama.","breadcrumb":{"@id":"https:\/\/jagdesd.tempurl.host\/bg\/producto\/triturador-granulador-oscilante-trabajo-en-frio-productos-humedad\/#breadcrumb"},"inLanguage":"hr","potentialAction":[{"@type":"ReadAction","target":["https:\/\/jagdesd.tempurl.host\/bg\/producto\/triturador-granulador-oscilante-trabajo-en-frio-productos-humedad\/"]}]},{"@type":"ImageObject","inLanguage":"hr","@id":"https:\/\/jagdesd.tempurl.host\/bg\/producto\/triturador-granulador-oscilante-trabajo-en-frio-productos-humedad\/#primaryimage","url":"https:\/\/distribucionarc.com\/wp-content\/uploads\/2025\/08\/Granulador-industrial-YARK-160-vista-lateral-derecha-completa.jpeg","contentUrl":"https:\/\/distribucionarc.com\/wp-content\/uploads\/2025\/08\/Granulador-industrial-YARK-160-vista-lateral-derecha-completa.jpeg","width":800,"height":800,"caption":"Vista lateral completa del YARK-160 en posici\u00f3n de trabajo"},{"@type":"BreadcrumbList","@id":"https:\/\/jagdesd.tempurl.host\/bg\/producto\/triturador-granulador-oscilante-trabajo-en-frio-productos-humedad\/#breadcrumb","itemListElement":[{"@type":"ListItem","position":1,"name":"Portada","item":"https:\/\/www.distribucionarc.com\/pt\/"},{"@type":"ListItem","position":2,"name":"Produtos","item":"https:\/\/www.distribucionarc.com\/pt\/shop\/"},{"@type":"ListItem","position":3,"name":"Triturador Granulador Oscilante Trabajo en fr\u00edo productos humedad"}]},{"@type":"WebSite","@id":"https:\/\/distribucionarc.com\/ar\/#website","url":"https:\/\/distribucionarc.com\/ar\/","name":"ARC distribucija","description":"Tvrtka specijalizirana za proizvodnju i distribuciju industrijskih strojeva, strojeva za zatvaranje limenki, strojeva za izradu pilula, strojeva za rezanje mesa itd.","publisher":{"@id":"https:\/\/distribucionarc.com\/ar\/#organization"},"potentialAction":[{"@type":"SearchAction","target":{"@type":"EntryPoint","urlTemplate":"https:\/\/distribucionarc.com\/ar\/?s={search_term_string}"},"query-input":{"@type":"PropertyValueSpecification","valueRequired":true,"valueName":"search_term_string"}}],"inLanguage":"hr"},{"@type":"Organization","@id":"https:\/\/distribucionarc.com\/ar\/#organization","name":"ARC distribucija","url":"https:\/\/distribucionarc.com\/ar\/","logo":{"@type":"ImageObject","inLanguage":"hr","@id":"https:\/\/distribucionarc.com\/ar\/#\/schema\/logo\/image\/","url":"https:\/\/distribucionarc.com\/wp-content\/uploads\/2024\/10\/distribucion-ARC-COLOR-SIN-FONDO-e1732295305345.png","contentUrl":"https:\/\/distribucionarc.com\/wp-content\/uploads\/2024\/10\/distribucion-ARC-COLOR-SIN-FONDO-e1732295305345.png","width":1164,"height":558,"caption":"Distribuci\u00f3n ARC"},"image":{"@id":"https:\/\/distribucionarc.com\/ar\/#\/schema\/logo\/image\/"},"description":"Tvrtka specijalizirana za proizvodnju i distribuciju industrijskih strojeva za prehrambeni i farmaceutski sektor. Specijalizirani smo za: Strojeve za rezanje mesa Proizvodnja tableta Industrijske transportne sustave Linije za punjenje Strojevi za doziranje I jo\u0161 mnogo toga... Nudimo inovativna i prilago\u0111ena rje\u0161enja za optimizaciju proizvodnih procesa Va\u0161e tvrtke.","email":"Admistracion@distribucionarc.com","telephone":"+34 643496664","legalName":"ARC TECH SOLUTIONS","foundingDate":"2024-04-09","vatID":"B55480172","numberOfEmployees":{"@type":"QuantitativeValue","minValue":"1","maxValue":"10"}}]}},"_links":{"self":[{"href":"https:\/\/distribucionarc.com\/hr\/wp-json\/wp\/v2\/product\/17778","targetHints":{"allow":["GET"]}}],"collection":[{"href":"https:\/\/distribucionarc.com\/hr\/wp-json\/wp\/v2\/product"}],"about":[{"href":"https:\/\/distribucionarc.com\/hr\/wp-json\/wp\/v2\/types\/product"}],"replies":[{"embeddable":true,"href":"https:\/\/distribucionarc.com\/hr\/wp-json\/wp\/v2\/comments?post=17778"}],"version-history":[{"count":1,"href":"https:\/\/distribucionarc.com\/hr\/wp-json\/wp\/v2\/product\/17778\/revisions"}],"predecessor-version":[{"id":17785,"href":"https:\/\/distribucionarc.com\/hr\/wp-json\/wp\/v2\/product\/17778\/revisions\/17785"}],"wp:featuredmedia":[{"embeddable":true,"href":"https:\/\/distribucionarc.com\/hr\/wp-json\/wp\/v2\/media\/17784"}],"wp:attachment":[{"href":"https:\/\/distribucionarc.com\/hr\/wp-json\/wp\/v2\/media?parent=17778"}],"wp:term":[{"taxonomy":"product_brand","embeddable":true,"href":"https:\/\/distribucionarc.com\/hr\/wp-json\/wp\/v2\/product_brand?post=17778"},{"taxonomy":"product_cat","embeddable":true,"href":"https:\/\/distribucionarc.com\/hr\/wp-json\/wp\/v2\/product_cat?post=17778"},{"taxonomy":"product_tag","embeddable":true,"href":"https:\/\/distribucionarc.com\/hr\/wp-json\/wp\/v2\/product_tag?post=17778"}],"curies":[{"name":"radni list","href":"https:\/\/api.w.org\/{rel}","templated":true}]}}