{"id":1971,"date":"2020-08-04T14:51:56","date_gmt":"2020-08-04T14:51:56","guid":{"rendered":"https:\/\/distribucionarc.com\/?post_type=product&#038;p=1971"},"modified":"2020-09-30T07:40:06","modified_gmt":"2020-09-30T07:40:06","slug":"ventilator-industrijski-90-cm","status":"publish","type":"product","link":"https:\/\/distribucionarc.com\/hr\/producto\/ventilador-industrial-90-cm\/","title":{"rendered":"Industrijski ventilator 90 cm"},"content":{"rendered":"<h3>Industrijski ventilator 90 cm<\/h3>\n<p>Glatki rad motora i rotora osigurava bolju distribuciju zraka. The\u00a0<strong>stroj za vjetar<\/strong>\u00a0od\u00a0<strong><span style=\"color: #ff0000;\">DO<\/span><span style=\"color: #0000ff;\">R<\/span>c<\/strong>\u00a0Idealan je u prostorima gdje je potrebno puno zraka, brzo (kao \u0161to su restorani, hale, radionice, uredi, industrijska proizvodnja i jo\u0161 mnogo toga).<\/p>\n<p>On<strong> industrijski ventilator <span style=\"color: #ff0000;\">DO<\/span><span style=\"color: #0000ff;\">R<\/span>CVEI90<\/strong> Poja\u010dan je okvirom od nehr\u0111aju\u0107eg \u010delika od 90 cm, robusnim kako bi se osigurala njegova izdr\u017eljivost, kao i ugra\u0111enim setom kota\u010da koji olak\u0161avaju njegovo kretanje.<\/p>\n<p>Njegov sna\u017ean motor od 230 V pomo\u0107i \u0107e vam da generi\u0161ete a\u00a0<span style=\"color: #008000;\"><strong>niska potro\u0161nja energije<\/strong><\/span>\u00a0Zbog svoje velike proizvodne snage, sa samo 160 W, vjetrostroj mo\u017ee generirati do 13.800 m3\/h.<\/p>\n<p>Stroj za vjetar ima 3 brzine za prilagodbu va\u0161im potrebama.<\/p>\n<h6>\u00a0<strong>Jamstvo\u00a0<span style=\"color: #ff0000;\">DO<\/span><span style=\"color: #0000ff;\">R<\/span>C 2 GODINE<\/strong><\/h6>\n<h6><span style=\"color: #008000;\">U\u010dinkovit industrijski ventilator, niske potro\u0161nje 160w<\/span><\/h6>\n<h6><strong>uklju\u010dena tehni\u010dka podr\u0161ka<\/strong><\/h6>\n<p>&nbsp;<\/p>\n<table role=\"presentation\" width=\"100%\" cellspacing=\"0\" cellpadding=\"0\">\n<tbody>\n<tr>\n<td class=\"attrLabels\">Marka:<\/td>\n<td width=\"50.0%\">LUK<\/td>\n<\/tr>\n<tr>\n<td class=\"attrLabels\">Zemlja distribucije:<\/td>\n<td width=\"50.0%\">\u0160panjolska, Njema\u010dka, SAD<\/td>\n<td class=\"attrLabels\">Te\u017eina:<\/td>\n<td width=\"50.0%\">18 kg<\/td>\n<\/tr>\n<tr>\n<td class=\"attrLabels\">Boja:<\/td>\n<td width=\"50.0%\">Crna<\/td>\n<td class=\"attrLabels\">Visina:<\/td>\n<td width=\"50.0%\">95 cm<\/td>\n<\/tr>\n<tr>\n<td class=\"attrLabels\">\u00a0Jamstvo:<\/td>\n<td width=\"50.0%\">\u00a02 GODINE<\/td>\n<td class=\"attrLabels\">dugo:<\/td>\n<td width=\"50.0%\">90 cm<\/td>\n<\/tr>\n<tr>\n<td class=\"attrLabels\">Vrsta proizvoda:<\/td>\n<td width=\"50.0%\">industrijski ventilator<\/td>\n<td class=\"attrLabels\">\u0160iroko:<\/td>\n<td width=\"50.0%\">35 cm<\/td>\n<\/tr>\n<tr>\n<td class=\"attrLabels\">Proizvo\u0111a\u010dki broj:<\/td>\n<td width=\"50.0%\">ARCVEI90<\/td>\n<td class=\"attrLabels\">Promjer ko\u0161are:<\/td>\n<td width=\"50.0%\">90 cm<\/td>\n<\/tr>\n<tr>\n<td class=\"attrLabels\">Materijal:<\/td>\n<td width=\"50.0%\">U\u010dinkovit motor, automatska kontrola<\/td>\n<td class=\"attrLabels\">Maksimalni izlaz zraka:<\/td>\n<td width=\"50.0%\">13.800 m3\/h<\/td>\n<\/tr>\n<tr>\n<td class=\"attrLabels\">Vlast:<\/td>\n<td width=\"50.0%\">\u00a0145W do 165W<\/td>\n<td class=\"attrLabels\">Rotor:<\/td>\n<td width=\"50.0%\">90 cm<\/td>\n<\/tr>\n<tr>\n<td class=\"attrLabels\">Ulazni napon:<\/td>\n<td width=\"50.0%\">230V \u2013 50Hz<\/td>\n<td class=\"attrLabels\">Brzine:<\/td>\n<td width=\"50.0%\">3<\/td>\n<\/tr>\n<\/tbody>\n<\/table>","protected":false},"excerpt":{"rendered":"<h2>Industrijski ventilator 90 cm<\/h2>\n<p>Najbolje rje\u0161enje kako bi Va\u0161 prostor uvijek bio na odgovaraju\u0107oj temperaturi i po ukusu Va\u0161ih kupaca.<\/p>\n<p>Uz potro\u0161nju od samo 160 vata, ovaj ventilator uspijeva generirati nevjerojatnu snagu ventilacije od 13.800 m3 na sat. Ovaj\u00a0<strong>stroj za vjetar<\/strong>\u00a0od\u00a0<strong><span style=\"color: #ff0000;\">DO<\/span><span style=\"color: #0000ff;\">R<\/span>c<\/strong>\u00a0Proizveden je za industrijsku upotrebu. Stoga,\u00a0<strong>ventilator<\/strong>\u00a0Mo\u017ee se koristiti za su\u0161enje zgrada, kao i za hla\u0111enje strojeva ili jednostavno za cirkulaciju zraka.<\/p>\n<h6>\u00a0<strong>Jamstvo\u00a0<span style=\"color: #ff0000;\">DO<\/span><span style=\"color: #0000ff;\">R<\/span>C 2 GODINE<\/strong><\/h6>\n<h6><span style=\"color: #008000;\">U\u010dinkovit industrijski ventilator, niske potro\u0161nje 160w<\/span><\/h6>\n<h6><strong>uklju\u010dena tehni\u010dka podr\u0161ka<\/strong><\/h6>","protected":false},"featured_media":1976,"comment_status":"open","ping_status":"closed","template":"","meta":{"wds_primary_product_brand":0,"wds_primary_product_cat":0},"product_brand":[],"product_cat":[63],"product_tag":[],"class_list":{"0":"post-1971","1":"product","2":"type-product","3":"status-publish","4":"has-post-thumbnail","6":"product_cat-climatizacion-industrial","7":"product_shipping_class-hosteleria","9":"first","10":"instock","11":"sale","12":"taxable","13":"shipping-taxable","14":"purchasable","15":"product-type-simple"},"yoast_head":"<!-- This site is optimized with the Yoast SEO Premium plugin v24.9 (Yoast SEO v26.1) - https:\/\/yoast.com\/wordpress\/plugins\/seo\/ -->\n<title>Ventilador industrial 90 cm - distribuci\u00f3n ARC<\/title>\n<meta name=\"robots\" content=\"index, follow, max-snippet:-1, max-image-preview:large, max-video-preview:-1\" \/>\n<link rel=\"canonical\" href=\"https:\/\/distribucionarc.com\/hr\/proizvod\/ventilator-industrijski-90-cm\/\" \/>\n<meta property=\"og:locale\" content=\"hr_HR\" \/>\n<meta property=\"og:type\" content=\"article\" \/>\n<meta property=\"og:title\" content=\"Ventilador industrial 90 cm\" \/>\n<meta property=\"og:description\" content=\"Ventilador industrial 90 cm La mejor soluci\u00f3n para que su local est\u00e9 siempre a la temperatura adecuada y del agrado de sus clientes.  Con s\u00f3lo 160 vatios de consumo, este ventilador logra generar una incre\u00edble fuerza de ventilaci\u00f3n de 13,800m3 por hora. Esta\u00a0m\u00e1quina e\u00f3lica\u00a0de\u00a0ARC\u00a0fue fabricada para uso industrial. Por lo tanto, el\u00a0ventilador\u00a0se puede utilizar para el secado de edificios, as\u00ed como para la refrigeraci\u00f3n de maquinaria o simplemente para la circulaci\u00f3n de aire. \u00a0Garant\u00eda\u00a0ARC 2 A\u00d1OS Ventilador industrial eficiente, bajo consumo 160w soporte t\u00e9cnico incluido\" \/>\n<meta property=\"og:url\" content=\"https:\/\/distribucionarc.com\/hr\/proizvod\/ventilator-industrijski-90-cm\/\" \/>\n<meta property=\"og:site_name\" content=\"distribuci\u00f3n ARC\" \/>\n<meta property=\"article:modified_time\" content=\"2020-09-30T07:40:06+00:00\" \/>\n<meta property=\"og:image\" content=\"https:\/\/distribucionarc.com\/wp-content\/uploads\/2020\/08\/Ventilador-industrial-90-0.jpg\" \/>\n\t<meta property=\"og:image:width\" content=\"1600\" \/>\n\t<meta property=\"og:image:height\" content=\"1548\" \/>\n\t<meta property=\"og:image:type\" content=\"image\/jpeg\" \/>\n<meta name=\"twitter:card\" content=\"summary_large_image\" \/>\n<meta name=\"twitter:label1\" content=\"Procijenjeno vrijeme \u010ditanja\" \/>\n\t<meta name=\"twitter:data1\" content=\"1 minuta\" \/>\n<script type=\"application\/ld+json\" class=\"yoast-schema-graph\">{\"@context\":\"https:\/\/schema.org\",\"@graph\":[{\"@type\":\"WebPage\",\"@id\":\"https:\/\/distribucionarc.com\/nl\/producto\/ventilador-industrial-90-cm\/\",\"url\":\"https:\/\/distribucionarc.com\/nl\/producto\/ventilador-industrial-90-cm\/\",\"name\":\"Ventilador industrial 90 cm - distribuci\u00f3n ARC\",\"isPartOf\":{\"@id\":\"https:\/\/distribucionarc.com\/de\/#website\"},\"primaryImageOfPage\":{\"@id\":\"https:\/\/distribucionarc.com\/nl\/producto\/ventilador-industrial-90-cm\/#primaryimage\"},\"image\":{\"@id\":\"https:\/\/distribucionarc.com\/nl\/producto\/ventilador-industrial-90-cm\/#primaryimage\"},\"thumbnailUrl\":\"https:\/\/distribucionarc.com\/wp-content\/uploads\/2020\/08\/Ventilador-industrial-90-0.jpg\",\"datePublished\":\"2020-08-04T14:51:56+00:00\",\"dateModified\":\"2020-09-30T07:40:06+00:00\",\"breadcrumb\":{\"@id\":\"https:\/\/distribucionarc.com\/nl\/producto\/ventilador-industrial-90-cm\/#breadcrumb\"},\"inLanguage\":\"hr\",\"potentialAction\":[{\"@type\":\"ReadAction\",\"target\":[\"https:\/\/distribucionarc.com\/nl\/producto\/ventilador-industrial-90-cm\/\"]}]},{\"@type\":\"ImageObject\",\"inLanguage\":\"hr\",\"@id\":\"https:\/\/distribucionarc.com\/nl\/producto\/ventilador-industrial-90-cm\/#primaryimage\",\"url\":\"https:\/\/distribucionarc.com\/wp-content\/uploads\/2020\/08\/Ventilador-industrial-90-0.jpg\",\"contentUrl\":\"https:\/\/distribucionarc.com\/wp-content\/uploads\/2020\/08\/Ventilador-industrial-90-0.jpg\",\"width\":1600,\"height\":1548,\"caption\":\"Ventilador industrial 90\"},{\"@type\":\"BreadcrumbList\",\"@id\":\"https:\/\/distribucionarc.com\/nl\/producto\/ventilador-industrial-90-cm\/#breadcrumb\",\"itemListElement\":[{\"@type\":\"ListItem\",\"position\":1,\"name\":\"Portada\",\"item\":\"https:\/\/distribucionarc.com\/pl\/\"},{\"@type\":\"ListItem\",\"position\":2,\"name\":\"Produkty\",\"item\":\"https:\/\/distribucionarc.com\/pl\/shop\/\"},{\"@type\":\"ListItem\",\"position\":3,\"name\":\"Ventilador industrial 90 cm\"}]},{\"@type\":\"WebSite\",\"@id\":\"https:\/\/distribucionarc.com\/de\/#website\",\"url\":\"https:\/\/distribucionarc.com\/de\/\",\"name\":\"distribuci\u00f3n ARC\",\"description\":\"Empresa especializada en la fabricaci\u00f3n y distribuci\u00f3n de maquinaria industrial, selladoras de latas, Maquinas de hacer pastillas, Maquinas de cortar carne...\",\"publisher\":{\"@id\":\"https:\/\/distribucionarc.com\/de\/#organization\"},\"potentialAction\":[{\"@type\":\"SearchAction\",\"target\":{\"@type\":\"EntryPoint\",\"urlTemplate\":\"https:\/\/distribucionarc.com\/de\/?s={search_term_string}\"},\"query-input\":{\"@type\":\"PropertyValueSpecification\",\"valueRequired\":true,\"valueName\":\"search_term_string\"}}],\"inLanguage\":\"hr\"},{\"@type\":\"Organization\",\"@id\":\"https:\/\/distribucionarc.com\/de\/#organization\",\"name\":\"Distribuci\u00f3n ARC\",\"url\":\"https:\/\/distribucionarc.com\/de\/\",\"logo\":{\"@type\":\"ImageObject\",\"inLanguage\":\"hr\",\"@id\":\"https:\/\/distribucionarc.com\/de\/#\/schema\/logo\/image\/\",\"url\":\"https:\/\/distribucionarc.com\/wp-content\/uploads\/2024\/10\/distribucion-ARC-COLOR-SIN-FONDO-e1732295305345.png\",\"contentUrl\":\"https:\/\/distribucionarc.com\/wp-content\/uploads\/2024\/10\/distribucion-ARC-COLOR-SIN-FONDO-e1732295305345.png\",\"width\":1164,\"height\":558,\"caption\":\"Distribuci\u00f3n ARC\"},\"image\":{\"@id\":\"https:\/\/distribucionarc.com\/de\/#\/schema\/logo\/image\/\"},\"description\":\"Empresa especializada en la fabricaci\u00f3n y distribuci\u00f3n de maquinaria industrial para los sectores alimentario y farmac\u00e9utico. Nos especializamos en: M\u00e1quinas de cortar carne Fabricaci\u00f3n de comprimidos Sistemas de transporte industrial L\u00edneas de embotellado Dosificadores Y mucho m\u00e1s... Ofrecemos soluciones innovadoras y personalizadas para optimizar los procesos productivos de tu empresa.\",\"email\":\"Admistracion@distribucionarc.com\",\"telephone\":\"+34 643496664\",\"legalName\":\"ARC TECH SOLUTIONS\",\"foundingDate\":\"2024-04-09\",\"vatID\":\"B55480172\",\"numberOfEmployees\":{\"@type\":\"QuantitativeValue\",\"minValue\":\"1\",\"maxValue\":\"10\"}}]}<\/script>\n<!-- \/ Yoast SEO Premium plugin. -->","yoast_head_json":{"title":"Industrijski ventilator 90 cm - ARC razvod","robots":{"index":"index","follow":"follow","max-snippet":"max-snippet:-1","max-image-preview":"max-image-preview:large","max-video-preview":"max-video-preview:-1"},"canonical":"https:\/\/distribucionarc.com\/hr\/proizvod\/ventilator-industrijski-90-cm\/","og_locale":"hr_HR","og_type":"article","og_title":"Ventilador industrial 90 cm","og_description":"Ventilador industrial 90 cm La mejor soluci\u00f3n para que su local est\u00e9 siempre a la temperatura adecuada y del agrado de sus clientes.  Con s\u00f3lo 160 vatios de consumo, este ventilador logra generar una incre\u00edble fuerza de ventilaci\u00f3n de 13,800m3 por hora. Esta\u00a0m\u00e1quina e\u00f3lica\u00a0de\u00a0ARC\u00a0fue fabricada para uso industrial. Por lo tanto, el\u00a0ventilador\u00a0se puede utilizar para el secado de edificios, as\u00ed como para la refrigeraci\u00f3n de maquinaria o simplemente para la circulaci\u00f3n de aire. \u00a0Garant\u00eda\u00a0ARC 2 A\u00d1OS Ventilador industrial eficiente, bajo consumo 160w soporte t\u00e9cnico incluido","og_url":"https:\/\/distribucionarc.com\/hr\/proizvod\/ventilator-industrijski-90-cm\/","og_site_name":"distribuci\u00f3n ARC","article_modified_time":"2020-09-30T07:40:06+00:00","og_image":[{"width":1600,"height":1548,"url":"https:\/\/distribucionarc.com\/wp-content\/uploads\/2020\/08\/Ventilador-industrial-90-0.jpg","type":"image\/jpeg"}],"twitter_card":"summary_large_image","twitter_misc":{"Procijenjeno vrijeme \u010ditanja":"1 minuta"},"schema":{"@context":"https:\/\/schema.org","@graph":[{"@type":"WebPage","@id":"https:\/\/distribucionarc.com\/nl\/producto\/ventilador-industrial-90-cm\/","url":"https:\/\/distribucionarc.com\/nl\/producto\/ventilador-industrial-90-cm\/","name":"Industrijski ventilator 90 cm - ARC razvod","isPartOf":{"@id":"https:\/\/distribucionarc.com\/de\/#website"},"primaryImageOfPage":{"@id":"https:\/\/distribucionarc.com\/nl\/producto\/ventilador-industrial-90-cm\/#primaryimage"},"image":{"@id":"https:\/\/distribucionarc.com\/nl\/producto\/ventilador-industrial-90-cm\/#primaryimage"},"thumbnailUrl":"https:\/\/distribucionarc.com\/wp-content\/uploads\/2020\/08\/Ventilador-industrial-90-0.jpg","datePublished":"2020-08-04T14:51:56+00:00","dateModified":"2020-09-30T07:40:06+00:00","breadcrumb":{"@id":"https:\/\/distribucionarc.com\/nl\/producto\/ventilador-industrial-90-cm\/#breadcrumb"},"inLanguage":"hr","potentialAction":[{"@type":"ReadAction","target":["https:\/\/distribucionarc.com\/nl\/producto\/ventilador-industrial-90-cm\/"]}]},{"@type":"ImageObject","inLanguage":"hr","@id":"https:\/\/distribucionarc.com\/nl\/producto\/ventilador-industrial-90-cm\/#primaryimage","url":"https:\/\/distribucionarc.com\/wp-content\/uploads\/2020\/08\/Ventilador-industrial-90-0.jpg","contentUrl":"https:\/\/distribucionarc.com\/wp-content\/uploads\/2020\/08\/Ventilador-industrial-90-0.jpg","width":1600,"height":1548,"caption":"Ventilador industrial 90"},{"@type":"BreadcrumbList","@id":"https:\/\/distribucionarc.com\/nl\/producto\/ventilador-industrial-90-cm\/#breadcrumb","itemListElement":[{"@type":"ListItem","position":1,"name":"Portada","item":"https:\/\/distribucionarc.com\/pl\/"},{"@type":"ListItem","position":2,"name":"Produkty","item":"https:\/\/distribucionarc.com\/pl\/shop\/"},{"@type":"ListItem","position":3,"name":"Ventilador industrial 90 cm"}]},{"@type":"WebSite","@id":"https:\/\/distribucionarc.com\/de\/#website","url":"https:\/\/distribucionarc.com\/de\/","name":"ARC distribucija","description":"Tvrtka specijalizirana za proizvodnju i distribuciju industrijskih strojeva, strojeva za zatvaranje limenki, strojeva za izradu pilula, strojeva za rezanje mesa itd.","publisher":{"@id":"https:\/\/distribucionarc.com\/de\/#organization"},"potentialAction":[{"@type":"SearchAction","target":{"@type":"EntryPoint","urlTemplate":"https:\/\/distribucionarc.com\/de\/?s={search_term_string}"},"query-input":{"@type":"PropertyValueSpecification","valueRequired":true,"valueName":"search_term_string"}}],"inLanguage":"hr"},{"@type":"Organization","@id":"https:\/\/distribucionarc.com\/de\/#organization","name":"ARC distribucija","url":"https:\/\/distribucionarc.com\/de\/","logo":{"@type":"ImageObject","inLanguage":"hr","@id":"https:\/\/distribucionarc.com\/de\/#\/schema\/logo\/image\/","url":"https:\/\/distribucionarc.com\/wp-content\/uploads\/2024\/10\/distribucion-ARC-COLOR-SIN-FONDO-e1732295305345.png","contentUrl":"https:\/\/distribucionarc.com\/wp-content\/uploads\/2024\/10\/distribucion-ARC-COLOR-SIN-FONDO-e1732295305345.png","width":1164,"height":558,"caption":"Distribuci\u00f3n ARC"},"image":{"@id":"https:\/\/distribucionarc.com\/de\/#\/schema\/logo\/image\/"},"description":"Tvrtka specijalizirana za proizvodnju i distribuciju industrijskih strojeva za prehrambeni i farmaceutski sektor. Specijalizirani smo za: Strojeve za rezanje mesa Proizvodnja tableta Industrijske transportne sustave Linije za punjenje Strojevi za doziranje I jo\u0161 mnogo toga... Nudimo inovativna i prilago\u0111ena rje\u0161enja za optimizaciju proizvodnih procesa Va\u0161e tvrtke.","email":"Admistracion@distribucionarc.com","telephone":"+34 643496664","legalName":"ARC TECH SOLUTIONS","foundingDate":"2024-04-09","vatID":"B55480172","numberOfEmployees":{"@type":"QuantitativeValue","minValue":"1","maxValue":"10"}}]}},"_links":{"self":[{"href":"https:\/\/distribucionarc.com\/hr\/wp-json\/wp\/v2\/product\/1971","targetHints":{"allow":["GET"]}}],"collection":[{"href":"https:\/\/distribucionarc.com\/hr\/wp-json\/wp\/v2\/product"}],"about":[{"href":"https:\/\/distribucionarc.com\/hr\/wp-json\/wp\/v2\/types\/product"}],"replies":[{"embeddable":true,"href":"https:\/\/distribucionarc.com\/hr\/wp-json\/wp\/v2\/comments?post=1971"}],"version-history":[{"count":0,"href":"https:\/\/distribucionarc.com\/hr\/wp-json\/wp\/v2\/product\/1971\/revisions"}],"wp:featuredmedia":[{"embeddable":true,"href":"https:\/\/distribucionarc.com\/hr\/wp-json\/wp\/v2\/media\/1976"}],"wp:attachment":[{"href":"https:\/\/distribucionarc.com\/hr\/wp-json\/wp\/v2\/media?parent=1971"}],"wp:term":[{"taxonomy":"product_brand","embeddable":true,"href":"https:\/\/distribucionarc.com\/hr\/wp-json\/wp\/v2\/product_brand?post=1971"},{"taxonomy":"product_cat","embeddable":true,"href":"https:\/\/distribucionarc.com\/hr\/wp-json\/wp\/v2\/product_cat?post=1971"},{"taxonomy":"product_tag","embeddable":true,"href":"https:\/\/distribucionarc.com\/hr\/wp-json\/wp\/v2\/product_tag?post=1971"}],"curies":[{"name":"radni list","href":"https:\/\/api.w.org\/{rel}","templated":true}]}}