{"id":1981,"date":"2020-08-04T15:16:27","date_gmt":"2020-08-04T15:16:27","guid":{"rendered":"https:\/\/distribucionarc.com\/?post_type=product&#038;p=1981"},"modified":"2020-09-30T07:41:26","modified_gmt":"2020-09-30T07:41:26","slug":"industrijska-zracna-zavjesa-60-cm","status":"publish","type":"product","link":"https:\/\/distribucionarc.com\/hr\/producto\/cortina-de-aire-industrial-60-cm\/","title":{"rendered":"Industrijska zra\u010dna zavjesa 60 cm"},"content":{"rendered":"<h3>Industrijska klimatizacija zra\u010dne zavjese<\/h3>\n<p>The\u00a0<strong>vjetrobranske zavjese<\/strong>\u00a0Oni u\u010dinkovito sprje\u010davaju izlazak klimatiziranog zraka van i blokiraju ulazak pra\u0161ine, lete\u0107ih insekata, dima itd.<\/p>\n<p>The<strong>\u00a0zra\u010dne zavjese\u00a0<span style=\"color: #ff0000;\">DO<\/span><span style=\"color: #0000ff;\">R<\/span>c<\/strong> Zaustavnici vrata opremljeni su gumbom (nisko\/isklju\u010deno\/visoko) za promjenu brzine vjetra. Njegova potro\u0161nja energije varira ovisno o va\u0161im potrebama od 220 W do 280 W <strong><span style=\"color: #008000;\">zna\u010dajno pobolj\u0161ava potro\u0161nju energije<\/span>.<\/strong><\/p>\n<p>Motor velike snage osigurava odli\u010dan protok zraka. Usvojen je dizajn deflektora vjetra, a smjer vjetra mo\u017ee se podesiti rukama kako bi se prilagodio razli\u010ditim okru\u017eenjima.<\/p>\n<p>The\u00a0<strong>zavjesa za klima ure\u0111aj <span style=\"color: #ff0000;\">DO<\/span><span style=\"color: #0000ff;\">R<\/span>CCAF60<\/strong>\u00a0Opremljen je tihim le\u017eajevima za tihi rad. Razina buke je manja od 60 dB, \u0161to mu omogu\u0107uje rad u tihom okru\u017eenju.<\/p>\n<p>Grani\u010dni prekida\u010d mo\u017ee se postaviti na vrata. Kada se vrata otvore, ventilator na vratima automatski po\u010dinje raditi, a kada se vrata zatvore, automatski se zatvaraju.<\/p>\n<p>Dolazi s monta\u017enom plo\u010dom koja je ve\u0107 opremljena unaprijed izbu\u0161enim rupama, \u0161to instalaciju \u010dini lak\u0161om i robusnijom.<\/p>\n<h6>\u00a0<strong>Jamstvo\u00a0<span style=\"color: #ff0000;\">DO<\/span><span style=\"color: #0000ff;\">R<\/span>C 2 GODINE<\/strong><\/h6>\n<h6><span style=\"color: #008000;\">U\u010dinkovita klima, mala potro\u0161nja 280w<\/span><\/h6>\n<h6><strong>uklju\u010dena tehni\u010dka podr\u0161ka<\/strong><\/h6>\n<p>&nbsp;<\/p>\n<table role=\"presentation\" width=\"100%\" cellspacing=\"0\" cellpadding=\"0\">\n<tbody>\n<tr>\n<td class=\"attrLabels\">Marka:<\/td>\n<td width=\"50.0%\">LUK<\/td>\n<\/tr>\n<tr>\n<td class=\"attrLabels\">Zemlja distribucije:<\/td>\n<td width=\"50.0%\">\u0160panjolska, Njema\u010dka, SAD<\/td>\n<td class=\"attrLabels\">Te\u017eina:<\/td>\n<td width=\"50.0%\">11 kg<\/td>\n<\/tr>\n<tr>\n<td class=\"attrLabels\">Boja:<\/td>\n<td width=\"50.0%\">Bijela<\/td>\n<td class=\"attrLabels\">Visina:<\/td>\n<td width=\"50.0%\">27 cm<\/td>\n<\/tr>\n<tr>\n<td class=\"attrLabels\">\u00a0Jamstvo:<\/td>\n<td width=\"50.0%\">\u00a02 GODINE<\/td>\n<td class=\"attrLabels\">dugo:<\/td>\n<td width=\"50.0%\">60 cm<\/td>\n<\/tr>\n<tr>\n<td class=\"attrLabels\">Vrsta proizvoda:<\/td>\n<td width=\"50.0%\">Klima ure\u0111aj<\/td>\n<td class=\"attrLabels\">\u0160iroko:<\/td>\n<td width=\"50.0%\">26 cm<\/td>\n<\/tr>\n<tr>\n<td class=\"attrLabels\">Proizvo\u0111a\u010dki broj:<\/td>\n<td width=\"50.0%\">ARCCAF90<\/td>\n<td class=\"attrLabels\">Velika brzina:<\/td>\n<td width=\"50.0%\">1007 CFM<\/td>\n<\/tr>\n<tr>\n<td class=\"attrLabels\">Materijal:<\/td>\n<td width=\"50.0%\">U\u010dinkovit motor, automatska kontrola<\/td>\n<td class=\"attrLabels\">Mala brzina:<\/td>\n<td width=\"50.0%\">830 CFM<\/td>\n<\/tr>\n<tr>\n<td class=\"attrLabels\">Vlast:<\/td>\n<td width=\"50.0%\">\u00a0220W do 280W<\/td>\n<td class=\"attrLabels\">Preporu\u010dena visina vrata:<\/td>\n<td width=\"50.0%\">2,3 metra<\/td>\n<\/tr>\n<tr>\n<td class=\"attrLabels\">Ulazni napon:<\/td>\n<td width=\"50.0%\">230V \u2013 50Hz<\/td>\n<td class=\"attrLabels\">Buka motora:<\/td>\n<td width=\"50.0%\">&lt;60dB<\/td>\n<\/tr>\n<\/tbody>\n<\/table>","protected":false},"excerpt":{"rendered":"<h2>Industrijska klimatizacija zra\u010dne zavjese<\/h2>\n<p>Najbolje rje\u0161enje kako bi Va\u0161 prostor uvijek bio na odgovaraju\u0107oj temperaturi i po ukusu Va\u0161ih kupaca.<\/p>\n<p>The\u00a0<strong>zra\u010dna zavjesa<\/strong>\u00a0od\u00a0<strong><span style=\"color: #ff0000;\">DO<\/span><span style=\"color: #0000ff;\">R<\/span>c<\/strong>\u00a0To je sna\u017ean ventilator koji stvara nevidljivu zra\u010dnu barijeru velike brzine iznad ulaza. Izolira unutarnje i vanjsko zra\u010dno okru\u017eenje kako bi se odr\u017eala temperaturna razlika.\u00a0<span style=\"color: #008000;\"><strong>\u0160tedite energiju<\/strong><\/span>\u00a0i poma\u017ee sprije\u010diti izlazak zraka prema van, te blokira ulazak lete\u0107ih insekata, pra\u0161ine, vru\u0107eg ili hladnog zraka i dima.<\/p>\n<h6><strong>Jamstvo\u00a0<span style=\"color: #ff0000;\">DO<\/span><span style=\"color: #0000ff;\">R<\/span>C 2 GODINE<\/strong><\/h6>\n<h6><span style=\"color: #008000;\">U\u010dinkovita klima, mala potro\u0161nja 280w<\/span><\/h6>\n<h6><strong>uklju\u010dena tehni\u010dka podr\u0161ka<\/strong><\/h6>","protected":false},"featured_media":1983,"comment_status":"open","ping_status":"closed","template":"","meta":{"wds_primary_product_brand":0,"wds_primary_product_cat":0},"product_brand":[],"product_cat":[63],"product_tag":[],"class_list":{"0":"post-1981","1":"product","2":"type-product","3":"status-publish","4":"has-post-thumbnail","6":"product_cat-climatizacion-industrial","7":"product_shipping_class-hosteleria","9":"first","10":"instock","11":"sale","12":"taxable","13":"shipping-taxable","14":"purchasable","15":"product-type-simple"},"yoast_head":"<!-- This site is optimized with the Yoast SEO Premium plugin v24.9 (Yoast SEO v26.1) - https:\/\/yoast.com\/wordpress\/plugins\/seo\/ -->\n<title>Cortina de aire industrial 60 cm - distribuci\u00f3n ARC<\/title>\n<meta name=\"robots\" content=\"index, follow, max-snippet:-1, max-image-preview:large, max-video-preview:-1\" \/>\n<link rel=\"canonical\" href=\"https:\/\/www.distribucionarc.com\/ro\/producto\/cortina-de-aire-industrial-60-cm\/\" \/>\n<meta property=\"og:locale\" content=\"hr_HR\" \/>\n<meta property=\"og:type\" content=\"article\" \/>\n<meta property=\"og:title\" content=\"Cortina de aire industrial 60 cm\" \/>\n<meta property=\"og:description\" content=\"Aire acondicionado cortina de aire industrial La mejor soluci\u00f3n para que su local est\u00e9 siempre a la temperatura adecuada y del agrado de sus clientes.  La\u00a0cortina de aire\u00a0de\u00a0ARC\u00a0es un potente ventilador, que crea una barrera de aire invisible de alta velocidad sobre la entrada. A\u00edsla el ambiente de aire interior y exterior para mantener la diferencia de temperatura.\u00a0Ahorra energ\u00eda\u00a0y ayuda a evitar que el aire escape al exterior, y bloquea la entrada de insectos voladores, polvo, aire caliente o fr\u00edo y humo. Garant\u00eda\u00a0ARC 2 A\u00d1OS Aire acondicionado eficiente, bajo consumo 280w soporte t\u00e9cnico incluido\" \/>\n<meta property=\"og:url\" content=\"https:\/\/www.distribucionarc.com\/ro\/producto\/cortina-de-aire-industrial-60-cm\/\" \/>\n<meta property=\"og:site_name\" content=\"distribuci\u00f3n ARC\" \/>\n<meta property=\"article:modified_time\" content=\"2020-09-30T07:41:26+00:00\" \/>\n<meta property=\"og:image\" content=\"https:\/\/www.distribucionarc.com\/wp-content\/uploads\/2020\/08\/Cortina-de-aire-industrial-60-0.jpg\" \/>\n\t<meta property=\"og:image:width\" content=\"1600\" \/>\n\t<meta property=\"og:image:height\" content=\"1600\" \/>\n\t<meta property=\"og:image:type\" content=\"image\/jpeg\" \/>\n<meta name=\"twitter:card\" content=\"summary_large_image\" \/>\n<meta name=\"twitter:label1\" content=\"Procijenjeno vrijeme \u010ditanja\" \/>\n\t<meta name=\"twitter:data1\" content=\"1 minuta\" \/>\n<script type=\"application\/ld+json\" class=\"yoast-schema-graph\">{\"@context\":\"https:\/\/schema.org\",\"@graph\":[{\"@type\":\"WebPage\",\"@id\":\"https:\/\/www.distribucionarc.com\/ro\/producto\/cortina-de-aire-industrial-60-cm\/\",\"url\":\"https:\/\/www.distribucionarc.com\/ro\/producto\/cortina-de-aire-industrial-60-cm\/\",\"name\":\"Cortina de aire industrial 60 cm - distribuci\u00f3n ARC\",\"isPartOf\":{\"@id\":\"https:\/\/distribucionarc.com\/bg\/#website\"},\"primaryImageOfPage\":{\"@id\":\"https:\/\/www.distribucionarc.com\/ro\/producto\/cortina-de-aire-industrial-60-cm\/#primaryimage\"},\"image\":{\"@id\":\"https:\/\/www.distribucionarc.com\/ro\/producto\/cortina-de-aire-industrial-60-cm\/#primaryimage\"},\"thumbnailUrl\":\"https:\/\/distribucionarc.com\/wp-content\/uploads\/2020\/08\/Cortina-de-aire-industrial-60-0.jpg\",\"datePublished\":\"2020-08-04T15:16:27+00:00\",\"dateModified\":\"2020-09-30T07:41:26+00:00\",\"breadcrumb\":{\"@id\":\"https:\/\/www.distribucionarc.com\/ro\/producto\/cortina-de-aire-industrial-60-cm\/#breadcrumb\"},\"inLanguage\":\"hr\",\"potentialAction\":[{\"@type\":\"ReadAction\",\"target\":[\"https:\/\/www.distribucionarc.com\/ro\/producto\/cortina-de-aire-industrial-60-cm\/\"]}]},{\"@type\":\"ImageObject\",\"inLanguage\":\"hr\",\"@id\":\"https:\/\/www.distribucionarc.com\/ro\/producto\/cortina-de-aire-industrial-60-cm\/#primaryimage\",\"url\":\"https:\/\/distribucionarc.com\/wp-content\/uploads\/2020\/08\/Cortina-de-aire-industrial-60-0.jpg\",\"contentUrl\":\"https:\/\/distribucionarc.com\/wp-content\/uploads\/2020\/08\/Cortina-de-aire-industrial-60-0.jpg\",\"width\":1600,\"height\":1600,\"caption\":\"Cortina de aire industrial 60 cm\"},{\"@type\":\"BreadcrumbList\",\"@id\":\"https:\/\/www.distribucionarc.com\/ro\/producto\/cortina-de-aire-industrial-60-cm\/#breadcrumb\",\"itemListElement\":[{\"@type\":\"ListItem\",\"position\":1,\"name\":\"Portada\",\"item\":\"https:\/\/distribucionarc.com\/nb\/\"},{\"@type\":\"ListItem\",\"position\":2,\"name\":\"Products\",\"item\":\"https:\/\/www.distribucionarc.com\/en\/shop\/\"},{\"@type\":\"ListItem\",\"position\":3,\"name\":\"Cortina de aire industrial 60 cm\"}]},{\"@type\":\"WebSite\",\"@id\":\"https:\/\/distribucionarc.com\/bg\/#website\",\"url\":\"https:\/\/distribucionarc.com\/bg\/\",\"name\":\"distribuci\u00f3n ARC\",\"description\":\"Empresa especializada en la fabricaci\u00f3n y distribuci\u00f3n de maquinaria industrial, selladoras de latas, Maquinas de hacer pastillas, Maquinas de cortar carne...\",\"publisher\":{\"@id\":\"https:\/\/distribucionarc.com\/bg\/#organization\"},\"potentialAction\":[{\"@type\":\"SearchAction\",\"target\":{\"@type\":\"EntryPoint\",\"urlTemplate\":\"https:\/\/distribucionarc.com\/bg\/?s={search_term_string}\"},\"query-input\":{\"@type\":\"PropertyValueSpecification\",\"valueRequired\":true,\"valueName\":\"search_term_string\"}}],\"inLanguage\":\"hr\"},{\"@type\":\"Organization\",\"@id\":\"https:\/\/distribucionarc.com\/bg\/#organization\",\"name\":\"Distribuci\u00f3n ARC\",\"url\":\"https:\/\/distribucionarc.com\/bg\/\",\"logo\":{\"@type\":\"ImageObject\",\"inLanguage\":\"hr\",\"@id\":\"https:\/\/distribucionarc.com\/bg\/#\/schema\/logo\/image\/\",\"url\":\"https:\/\/distribucionarc.com\/wp-content\/uploads\/2024\/10\/distribucion-ARC-COLOR-SIN-FONDO-e1732295305345.png\",\"contentUrl\":\"https:\/\/distribucionarc.com\/wp-content\/uploads\/2024\/10\/distribucion-ARC-COLOR-SIN-FONDO-e1732295305345.png\",\"width\":1164,\"height\":558,\"caption\":\"Distribuci\u00f3n ARC\"},\"image\":{\"@id\":\"https:\/\/distribucionarc.com\/bg\/#\/schema\/logo\/image\/\"},\"description\":\"Empresa especializada en la fabricaci\u00f3n y distribuci\u00f3n de maquinaria industrial para los sectores alimentario y farmac\u00e9utico. Nos especializamos en: M\u00e1quinas de cortar carne Fabricaci\u00f3n de comprimidos Sistemas de transporte industrial L\u00edneas de embotellado Dosificadores Y mucho m\u00e1s... Ofrecemos soluciones innovadoras y personalizadas para optimizar los procesos productivos de tu empresa.\",\"email\":\"Admistracion@distribucionarc.com\",\"telephone\":\"+34 643496664\",\"legalName\":\"ARC TECH SOLUTIONS\",\"foundingDate\":\"2024-04-09\",\"vatID\":\"B55480172\",\"numberOfEmployees\":{\"@type\":\"QuantitativeValue\",\"minValue\":\"1\",\"maxValue\":\"10\"}}]}<\/script>\n<!-- \/ Yoast SEO Premium plugin. -->","yoast_head_json":{"title":"Industrijska zra\u010dna zavjesa 60 cm - ARC distribucija","robots":{"index":"index","follow":"follow","max-snippet":"max-snippet:-1","max-image-preview":"max-image-preview:large","max-video-preview":"max-video-preview:-1"},"canonical":"https:\/\/www.distribucionarc.com\/ro\/producto\/cortina-de-aire-industrial-60-cm\/","og_locale":"hr_HR","og_type":"article","og_title":"Cortina de aire industrial 60 cm","og_description":"Aire acondicionado cortina de aire industrial La mejor soluci\u00f3n para que su local est\u00e9 siempre a la temperatura adecuada y del agrado de sus clientes.  La\u00a0cortina de aire\u00a0de\u00a0ARC\u00a0es un potente ventilador, que crea una barrera de aire invisible de alta velocidad sobre la entrada. A\u00edsla el ambiente de aire interior y exterior para mantener la diferencia de temperatura.\u00a0Ahorra energ\u00eda\u00a0y ayuda a evitar que el aire escape al exterior, y bloquea la entrada de insectos voladores, polvo, aire caliente o fr\u00edo y humo. Garant\u00eda\u00a0ARC 2 A\u00d1OS Aire acondicionado eficiente, bajo consumo 280w soporte t\u00e9cnico incluido","og_url":"https:\/\/www.distribucionarc.com\/ro\/producto\/cortina-de-aire-industrial-60-cm\/","og_site_name":"distribuci\u00f3n ARC","article_modified_time":"2020-09-30T07:41:26+00:00","og_image":[{"width":1600,"height":1600,"url":"https:\/\/www.distribucionarc.com\/wp-content\/uploads\/2020\/08\/Cortina-de-aire-industrial-60-0.jpg","type":"image\/jpeg"}],"twitter_card":"summary_large_image","twitter_misc":{"Procijenjeno vrijeme \u010ditanja":"1 minuta"},"schema":{"@context":"https:\/\/schema.org","@graph":[{"@type":"WebPage","@id":"https:\/\/www.distribucionarc.com\/ro\/producto\/cortina-de-aire-industrial-60-cm\/","url":"https:\/\/www.distribucionarc.com\/ro\/producto\/cortina-de-aire-industrial-60-cm\/","name":"Industrijska zra\u010dna zavjesa 60 cm - ARC distribucija","isPartOf":{"@id":"https:\/\/distribucionarc.com\/bg\/#website"},"primaryImageOfPage":{"@id":"https:\/\/www.distribucionarc.com\/ro\/producto\/cortina-de-aire-industrial-60-cm\/#primaryimage"},"image":{"@id":"https:\/\/www.distribucionarc.com\/ro\/producto\/cortina-de-aire-industrial-60-cm\/#primaryimage"},"thumbnailUrl":"https:\/\/distribucionarc.com\/wp-content\/uploads\/2020\/08\/Cortina-de-aire-industrial-60-0.jpg","datePublished":"2020-08-04T15:16:27+00:00","dateModified":"2020-09-30T07:41:26+00:00","breadcrumb":{"@id":"https:\/\/www.distribucionarc.com\/ro\/producto\/cortina-de-aire-industrial-60-cm\/#breadcrumb"},"inLanguage":"hr","potentialAction":[{"@type":"ReadAction","target":["https:\/\/www.distribucionarc.com\/ro\/producto\/cortina-de-aire-industrial-60-cm\/"]}]},{"@type":"ImageObject","inLanguage":"hr","@id":"https:\/\/www.distribucionarc.com\/ro\/producto\/cortina-de-aire-industrial-60-cm\/#primaryimage","url":"https:\/\/distribucionarc.com\/wp-content\/uploads\/2020\/08\/Cortina-de-aire-industrial-60-0.jpg","contentUrl":"https:\/\/distribucionarc.com\/wp-content\/uploads\/2020\/08\/Cortina-de-aire-industrial-60-0.jpg","width":1600,"height":1600,"caption":"Cortina de aire industrial 60 cm"},{"@type":"BreadcrumbList","@id":"https:\/\/www.distribucionarc.com\/ro\/producto\/cortina-de-aire-industrial-60-cm\/#breadcrumb","itemListElement":[{"@type":"ListItem","position":1,"name":"Portada","item":"https:\/\/distribucionarc.com\/nb\/"},{"@type":"ListItem","position":2,"name":"Products","item":"https:\/\/www.distribucionarc.com\/en\/shop\/"},{"@type":"ListItem","position":3,"name":"Cortina de aire industrial 60 cm"}]},{"@type":"WebSite","@id":"https:\/\/distribucionarc.com\/bg\/#website","url":"https:\/\/distribucionarc.com\/bg\/","name":"ARC distribucija","description":"Tvrtka specijalizirana za proizvodnju i distribuciju industrijskih strojeva, strojeva za zatvaranje limenki, strojeva za izradu pilula, strojeva za rezanje mesa itd.","publisher":{"@id":"https:\/\/distribucionarc.com\/bg\/#organization"},"potentialAction":[{"@type":"SearchAction","target":{"@type":"EntryPoint","urlTemplate":"https:\/\/distribucionarc.com\/bg\/?s={search_term_string}"},"query-input":{"@type":"PropertyValueSpecification","valueRequired":true,"valueName":"search_term_string"}}],"inLanguage":"hr"},{"@type":"Organization","@id":"https:\/\/distribucionarc.com\/bg\/#organization","name":"ARC distribucija","url":"https:\/\/distribucionarc.com\/bg\/","logo":{"@type":"ImageObject","inLanguage":"hr","@id":"https:\/\/distribucionarc.com\/bg\/#\/schema\/logo\/image\/","url":"https:\/\/distribucionarc.com\/wp-content\/uploads\/2024\/10\/distribucion-ARC-COLOR-SIN-FONDO-e1732295305345.png","contentUrl":"https:\/\/distribucionarc.com\/wp-content\/uploads\/2024\/10\/distribucion-ARC-COLOR-SIN-FONDO-e1732295305345.png","width":1164,"height":558,"caption":"Distribuci\u00f3n ARC"},"image":{"@id":"https:\/\/distribucionarc.com\/bg\/#\/schema\/logo\/image\/"},"description":"Tvrtka specijalizirana za proizvodnju i distribuciju industrijskih strojeva za prehrambeni i farmaceutski sektor. Specijalizirani smo za: Strojeve za rezanje mesa Proizvodnja tableta Industrijske transportne sustave Linije za punjenje Strojevi za doziranje I jo\u0161 mnogo toga... Nudimo inovativna i prilago\u0111ena rje\u0161enja za optimizaciju proizvodnih procesa Va\u0161e tvrtke.","email":"Admistracion@distribucionarc.com","telephone":"+34 643496664","legalName":"ARC TECH SOLUTIONS","foundingDate":"2024-04-09","vatID":"B55480172","numberOfEmployees":{"@type":"QuantitativeValue","minValue":"1","maxValue":"10"}}]}},"_links":{"self":[{"href":"https:\/\/distribucionarc.com\/hr\/wp-json\/wp\/v2\/product\/1981","targetHints":{"allow":["GET"]}}],"collection":[{"href":"https:\/\/distribucionarc.com\/hr\/wp-json\/wp\/v2\/product"}],"about":[{"href":"https:\/\/distribucionarc.com\/hr\/wp-json\/wp\/v2\/types\/product"}],"replies":[{"embeddable":true,"href":"https:\/\/distribucionarc.com\/hr\/wp-json\/wp\/v2\/comments?post=1981"}],"version-history":[{"count":0,"href":"https:\/\/distribucionarc.com\/hr\/wp-json\/wp\/v2\/product\/1981\/revisions"}],"wp:featuredmedia":[{"embeddable":true,"href":"https:\/\/distribucionarc.com\/hr\/wp-json\/wp\/v2\/media\/1983"}],"wp:attachment":[{"href":"https:\/\/distribucionarc.com\/hr\/wp-json\/wp\/v2\/media?parent=1981"}],"wp:term":[{"taxonomy":"product_brand","embeddable":true,"href":"https:\/\/distribucionarc.com\/hr\/wp-json\/wp\/v2\/product_brand?post=1981"},{"taxonomy":"product_cat","embeddable":true,"href":"https:\/\/distribucionarc.com\/hr\/wp-json\/wp\/v2\/product_cat?post=1981"},{"taxonomy":"product_tag","embeddable":true,"href":"https:\/\/distribucionarc.com\/hr\/wp-json\/wp\/v2\/product_tag?post=1981"}],"curies":[{"name":"radni list","href":"https:\/\/api.w.org\/{rel}","templated":true}]}}