{"id":2043,"date":"2020-08-07T12:24:18","date_gmt":"2020-08-07T12:24:18","guid":{"rendered":"https:\/\/distribucionarc.com\/?post_type=product&#038;p=2043"},"modified":"2025-05-08T21:08:48","modified_gmt":"2025-05-08T19:08:48","slug":"17l-digitalni-dozator-punilice-tekucine","status":"publish","type":"product","link":"https:\/\/distribucionarc.com\/hr\/producto\/dosificadora-embotelladora-llenadora-de-liquidos-digital-de-17l\/","title":{"rendered":"Digitalni dozator teku\u0107ine od 20L, stroj za punjenje, punilo"},"content":{"rendered":"<h3>Digitalni dozator teku\u0107ine od 20L, stroj za punjenje, punilo<\/h3>\n<p>Pumpa i motor <strong>dozator teku\u0107ine <span style=\"color: #ff0000;\">DO<\/span><span style=\"color: #0000ff;\">R<\/span>c<\/strong> Sastavljeni su od nekoliko antikorozivnih materijala najbolje kvalitete, robusno ku\u0107i\u0161te od nehr\u0111aju\u0107eg \u010delika ima zavr\u0161ni sloj protiv hr\u0111e kako bi se osigurala njegova trajnost.<\/p>\n<p>Vrijeme \u010dekanja za punjenje mo\u017ee se slobodno pode\u0161avati na LCD ekranu, a ima i funkciju automatskog brojanja. Mo\u017eete izvr\u0161iti postupak punjenja postavljanjem<strong> punilo<\/strong> <strong>automatski<\/strong> <strong>ili<\/strong> <strong>ru\u010dno kontroliranje procesa<\/strong> s pedalom za samopokretanje koja je jednostavna za kori\u0161tenje.<\/p>\n<p>Mo\u017eete prilagoditi visinu za razli\u010dite veli\u010dine spremnika, mlaznicu i crijevo<strong> punionica <span style=\"color: #ff0000;\">DO<\/span><span style=\"color: #0000ff;\">R<\/span>CEDL20K<\/strong> Dizajnirane su s visoko preciznim sustavom punjenja protiv kapanja. Pru\u017ea a <strong>velika koli\u010dina punjenja (20L\/min)\u00a0<\/strong> bez ne\u010disto\u0107a zahvaljuju\u0107i velikom ulaznom filteru.<\/p>\n<p>Sadr\u017ei ventilator koji osigurava stabilan rad zahvaljuju\u0107i funkciji automatske apsorpcije i toplinske za\u0161tite, \u0161to mu omogu\u0107uje normalan rad ako radi dulje vrijeme ili ako je neaktivan.<\/p>\n<h6><strong>Jamstvo\u00a0<span style=\"color: #ff0000;\">DO<\/span><span style=\"color: #0000ff;\">R<\/span>C 2 GODINE<\/strong><\/h6>\n<h6><span style=\"color: #008000;\">U\u010dinkovit dozator za punjenje, niska potro\u0161nja 200 W<\/span><\/h6>\n<h6><strong>uklju\u010dena tehni\u010dka podr\u0161ka<\/strong><\/h6>\n<p>&nbsp;<\/p>\n<table role=\"presentation\" width=\"100%\" cellspacing=\"0\" cellpadding=\"0\">\n<tbody>\n<tr>\n<td class=\"attrLabels\">Marka:<\/td>\n<td width=\"50.0%\">LUK<\/td>\n<\/tr>\n<tr>\n<td class=\"attrLabels\">Zemlja distribucije:<\/td>\n<td width=\"50.0%\">\u0160panjolska, Njema\u010dka, SAD<\/td>\n<td class=\"attrLabels\">Te\u017eina:<\/td>\n<td width=\"50.0%\">10 kg<\/td>\n<\/tr>\n<tr>\n<td class=\"attrLabels\">Marka:<\/td>\n<td width=\"50.0%\">LUK<\/td>\n<td class=\"attrLabels\">Visina:<\/td>\n<td width=\"50.0%\">21,5 cm<\/td>\n<\/tr>\n<tr>\n<td class=\"attrLabels\">Boja:<\/td>\n<td width=\"50.0%\">Srebro<\/td>\n<td class=\"attrLabels\">dugo:<\/td>\n<td width=\"50.0%\">35,5 cm<\/td>\n<\/tr>\n<tr>\n<td class=\"attrLabels\">Vrsta proizvoda:<\/td>\n<td width=\"50.0%\">Dozator za punjenje teku\u0107ine<\/td>\n<td class=\"attrLabels\">\u0160iroko:<\/td>\n<td width=\"50.0%\">32,5 cm<\/td>\n<\/tr>\n<tr>\n<td class=\"attrLabels\">Proizvo\u0111a\u010dki broj:<\/td>\n<td width=\"50.0%\">ARCEDL20K<\/td>\n<td class=\"attrLabels\">Vlast:<\/td>\n<td width=\"50.0%\">200 W<\/td>\n<\/tr>\n<tr>\n<td class=\"attrLabels\">Materijal:<\/td>\n<td width=\"50.0%\">nehr\u0111aju\u0107i \u010delik, mikrora\u010dunalo, automatska kontrola, no\u017eni prekida\u010d<\/td>\n<td class=\"attrLabels\">ulazni napon<\/td>\n<td width=\"50.0%\">220V \u2013 60Hz<\/td>\n<\/tr>\n<tr>\n<td class=\"attrLabels\">Jamstvo:<\/td>\n<td width=\"50.0%\">\u00a0 2 godine<\/td>\n<td class=\"attrLabels\">Volumen punjenja:<\/td>\n<td width=\"50.0%\">30 ml do 20.000 ml<\/td>\n<\/tr>\n<tr>\n<td class=\"attrLabels\">Alati za instalaciju:<\/td>\n<td width=\"50.0%\">Da<\/td>\n<td class=\"attrLabels\">Maksimalni protok:<\/td>\n<td width=\"50.0%\">\u00a020 L\/min ovisno o teku\u0107ini i sposobnostima manevriranja<\/td>\n<\/tr>\n<\/tbody>\n<\/table>\n<p>&nbsp;<\/p>","protected":false},"excerpt":{"rendered":"<h2>Digitalni dozator teku\u0107ine od 20L, stroj za punjenje, punilo<\/h2>\n<p>Ovaj <strong>dispenzer<\/strong> \u0160iroko se koristi u farmaceutskoj, kemijskoj industriji, industriji pi\u0107a, ulja, kozmeti\u010dkoj i drugim industrijama, pogodan za<strong> teku\u0107ine niske viskoznosti bez \u010destica<\/strong> kao \u0161to su voda, maslinovo ulje, gorivo, pi\u0107e itd.<\/p>\n<p>The <strong>stroj za punjenje teku\u0107ina<\/strong> <strong><span style=\"color: #ff0000;\">DO<\/span><span style=\"color: #0000ff;\">R<\/span>c<\/strong> Ima pumpu za automatsko pokretanje i dvije glave, \u0161to ga \u010dini prakti\u010dnijim i u\u010dinkovitijim. Mo\u017ee se koristiti za punjenje mnogih vrsta teku\u0107ina male gusto\u0107e i lakih teku\u0107ina. Kao \u0161to su voda, maslinovo ulje, pi\u0107a, ocat, mlijeko itd. Ovisno o razli\u010ditim vrstama teku\u0107ina, preporu\u010duje se kori\u0161tenje razli\u010ditih materijala. Cijev koju isporu\u010dujemo je silikonska.<\/p>\n<h6><strong>Jamstvo\u00a0<span style=\"color: #ff0000;\">DO<\/span><span style=\"color: #0000ff;\">R<\/span>C 2 GODINE<\/strong><\/h6>\n<h6><span style=\"color: #008000;\">U\u010dinkovit dozator za punjenje, niska potro\u0161nja 200 W<\/span><\/h6>\n<h6><strong>uklju\u010dena tehni\u010dka podr\u0161ka<\/strong><\/h6>\n<p>&nbsp;<\/p>","protected":false},"featured_media":2053,"comment_status":"open","ping_status":"closed","template":"","meta":{"wds_primary_product_brand":0,"wds_primary_product_cat":0},"product_brand":[],"product_cat":[18,19,320,21],"product_tag":[],"class_list":{"0":"post-2043","1":"product","2":"type-product","3":"status-publish","4":"has-post-thumbnail","6":"product_cat-dosificadoras","7":"product_cat-dosificadoras-de-liquidos","8":"product_cat-llenadoras-de-liquidos-por-gravedad","9":"product_cat-maquinas-llenadoras","10":"product_shipping_class-express","12":"first","13":"instock","14":"sale","15":"taxable","16":"shipping-taxable","17":"purchasable","18":"product-type-simple"},"yoast_head":"<!-- This site is optimized with the Yoast SEO Premium plugin v24.9 (Yoast SEO v26.1) - https:\/\/yoast.com\/wordpress\/plugins\/seo\/ -->\n<title>Dosificadora, Embotelladora, Llenadora de L\u00edquidos Digital de 20L - distribuci\u00f3n ARC<\/title>\n<meta name=\"robots\" content=\"index, follow, max-snippet:-1, max-image-preview:large, max-video-preview:-1\" \/>\n<link rel=\"canonical\" href=\"https:\/\/distribucionarc.com\/hr\/proizvod\/17l-digitalni-dozator-punilice-tekucine\/\" \/>\n<meta property=\"og:locale\" content=\"hr_HR\" \/>\n<meta property=\"og:type\" content=\"article\" \/>\n<meta property=\"og:title\" content=\"Dosificadora, Embotelladora, Llenadora de L\u00edquidos Digital de 20L\" \/>\n<meta property=\"og:description\" content=\"Dosificadora, Embotelladora, Llenadora de L\u00edquidos Digital de 20L Esta dosificadora es ampliamente utilizada en las industrias farmac\u00e9utica, qu\u00edmica, de bebidas, aceite, cosm\u00e9tica y otras, adecuado para l\u00edquidos de baja viscosidad y libres de part\u00edculas como agua, aceite de oliva, combustibles, bebidas, etc.  La m\u00e1quina llenadora de l\u00edquidos ARC tiene una bomba de arranque autom\u00e1tico y dos cabezales, que la hacen m\u00e1s pr\u00e1ctica y eficiente. Se puede utilizar para llenar muchos tipos de l\u00edquidos de baja densidad y ligeros. Tales como agua, aceite de oliva, bebidas, vinagre, leche, etc. Seg\u00fan los distintos tipos de l\u00edquidos se recomienda utilizar diferentes materiales. El tubo que suministramos es de silicona. Garant\u00eda\u00a0ARC 2 A\u00d1OS Dosificadora\u00a0 embotelladora eficiente, bajo consumo 200w soporte t\u00e9cnico incluido &nbsp;\" \/>\n<meta property=\"og:url\" content=\"https:\/\/distribucionarc.com\/hr\/proizvod\/17l-digitalni-dozator-punilice-tekucine\/\" \/>\n<meta property=\"og:site_name\" content=\"distribuci\u00f3n ARC\" \/>\n<meta property=\"article:modified_time\" content=\"2025-05-08T19:08:48+00:00\" \/>\n<meta property=\"og:image\" content=\"https:\/\/distribucionarc.com\/wp-content\/uploads\/2020\/08\/Dosificadora-embotelladora-llenadora-de-l\u00edquidos-digital-de-17L-0.jpg\" \/>\n\t<meta property=\"og:image:width\" content=\"1600\" \/>\n\t<meta property=\"og:image:height\" content=\"1600\" \/>\n\t<meta property=\"og:image:type\" content=\"image\/jpeg\" \/>\n<meta name=\"twitter:card\" content=\"summary_large_image\" \/>\n<meta name=\"twitter:label1\" content=\"Procijenjeno vrijeme \u010ditanja\" \/>\n\t<meta name=\"twitter:data1\" content=\"2 minute\" \/>\n<script type=\"application\/ld+json\" class=\"yoast-schema-graph\">{\"@context\":\"https:\/\/schema.org\",\"@graph\":[{\"@type\":\"WebPage\",\"@id\":\"https:\/\/distribucionarc.com\/hr\/producto\/dosificadora-embotelladora-llenadora-de-liquidos-digital-de-17l\/\",\"url\":\"https:\/\/distribucionarc.com\/hr\/producto\/dosificadora-embotelladora-llenadora-de-liquidos-digital-de-17l\/\",\"name\":\"Dosificadora, Embotelladora, Llenadora de L\u00edquidos Digital de 20L - distribuci\u00f3n ARC\",\"isPartOf\":{\"@id\":\"https:\/\/distribucionarc.com\/de\/#website\"},\"primaryImageOfPage\":{\"@id\":\"https:\/\/distribucionarc.com\/hr\/producto\/dosificadora-embotelladora-llenadora-de-liquidos-digital-de-17l\/#primaryimage\"},\"image\":{\"@id\":\"https:\/\/distribucionarc.com\/hr\/producto\/dosificadora-embotelladora-llenadora-de-liquidos-digital-de-17l\/#primaryimage\"},\"thumbnailUrl\":\"https:\/\/distribucionarc.com\/wp-content\/uploads\/2020\/08\/Dosificadora-embotelladora-llenadora-de-l\u00edquidos-digital-de-17L-0.jpg\",\"datePublished\":\"2020-08-07T12:24:18+00:00\",\"dateModified\":\"2025-05-08T19:08:48+00:00\",\"breadcrumb\":{\"@id\":\"https:\/\/distribucionarc.com\/hr\/producto\/dosificadora-embotelladora-llenadora-de-liquidos-digital-de-17l\/#breadcrumb\"},\"inLanguage\":\"hr\",\"potentialAction\":[{\"@type\":\"ReadAction\",\"target\":[\"https:\/\/distribucionarc.com\/hr\/producto\/dosificadora-embotelladora-llenadora-de-liquidos-digital-de-17l\/\"]}]},{\"@type\":\"ImageObject\",\"inLanguage\":\"hr\",\"@id\":\"https:\/\/distribucionarc.com\/hr\/producto\/dosificadora-embotelladora-llenadora-de-liquidos-digital-de-17l\/#primaryimage\",\"url\":\"https:\/\/distribucionarc.com\/wp-content\/uploads\/2020\/08\/Dosificadora-embotelladora-llenadora-de-l\u00edquidos-digital-de-17L-0.jpg\",\"contentUrl\":\"https:\/\/distribucionarc.com\/wp-content\/uploads\/2020\/08\/Dosificadora-embotelladora-llenadora-de-l\u00edquidos-digital-de-17L-0.jpg\",\"width\":1600,\"height\":1600,\"caption\":\"Dosificadora embotelladora llenadora de l\u00edquidos digital de 17L\"},{\"@type\":\"BreadcrumbList\",\"@id\":\"https:\/\/distribucionarc.com\/hr\/producto\/dosificadora-embotelladora-llenadora-de-liquidos-digital-de-17l\/#breadcrumb\",\"itemListElement\":[{\"@type\":\"ListItem\",\"position\":1,\"name\":\"Portada\",\"item\":\"https:\/\/distribucionarc.com\/pl\/\"},{\"@type\":\"ListItem\",\"position\":2,\"name\":\"Produkty\",\"item\":\"https:\/\/distribucionarc.com\/pl\/shop\/\"},{\"@type\":\"ListItem\",\"position\":3,\"name\":\"Dosificadora, Embotelladora, Llenadora de L\u00edquidos Digital de 20L\"}]},{\"@type\":\"WebSite\",\"@id\":\"https:\/\/distribucionarc.com\/de\/#website\",\"url\":\"https:\/\/distribucionarc.com\/de\/\",\"name\":\"distribuci\u00f3n ARC\",\"description\":\"Empresa especializada en la fabricaci\u00f3n y distribuci\u00f3n de maquinaria industrial, selladoras de latas, Maquinas de hacer pastillas, Maquinas de cortar carne...\",\"publisher\":{\"@id\":\"https:\/\/distribucionarc.com\/de\/#organization\"},\"potentialAction\":[{\"@type\":\"SearchAction\",\"target\":{\"@type\":\"EntryPoint\",\"urlTemplate\":\"https:\/\/distribucionarc.com\/de\/?s={search_term_string}\"},\"query-input\":{\"@type\":\"PropertyValueSpecification\",\"valueRequired\":true,\"valueName\":\"search_term_string\"}}],\"inLanguage\":\"hr\"},{\"@type\":\"Organization\",\"@id\":\"https:\/\/distribucionarc.com\/de\/#organization\",\"name\":\"Distribuci\u00f3n ARC\",\"url\":\"https:\/\/distribucionarc.com\/de\/\",\"logo\":{\"@type\":\"ImageObject\",\"inLanguage\":\"hr\",\"@id\":\"https:\/\/distribucionarc.com\/de\/#\/schema\/logo\/image\/\",\"url\":\"https:\/\/distribucionarc.com\/wp-content\/uploads\/2024\/10\/distribucion-ARC-COLOR-SIN-FONDO-e1732295305345.png\",\"contentUrl\":\"https:\/\/distribucionarc.com\/wp-content\/uploads\/2024\/10\/distribucion-ARC-COLOR-SIN-FONDO-e1732295305345.png\",\"width\":1164,\"height\":558,\"caption\":\"Distribuci\u00f3n ARC\"},\"image\":{\"@id\":\"https:\/\/distribucionarc.com\/de\/#\/schema\/logo\/image\/\"},\"description\":\"Empresa especializada en la fabricaci\u00f3n y distribuci\u00f3n de maquinaria industrial para los sectores alimentario y farmac\u00e9utico. Nos especializamos en: M\u00e1quinas de cortar carne Fabricaci\u00f3n de comprimidos Sistemas de transporte industrial L\u00edneas de embotellado Dosificadores Y mucho m\u00e1s... Ofrecemos soluciones innovadoras y personalizadas para optimizar los procesos productivos de tu empresa.\",\"email\":\"Admistracion@distribucionarc.com\",\"telephone\":\"+34 643496664\",\"legalName\":\"ARC TECH SOLUTIONS\",\"foundingDate\":\"2024-04-09\",\"vatID\":\"B55480172\",\"numberOfEmployees\":{\"@type\":\"QuantitativeValue\",\"minValue\":\"1\",\"maxValue\":\"10\"}}]}<\/script>\n<!-- \/ Yoast SEO Premium plugin. -->","yoast_head_json":{"title":"Digitalni dozator teku\u0107ine od 20L, punjenje i punjenje - ARC distribucija","robots":{"index":"index","follow":"follow","max-snippet":"max-snippet:-1","max-image-preview":"max-image-preview:large","max-video-preview":"max-video-preview:-1"},"canonical":"https:\/\/distribucionarc.com\/hr\/proizvod\/17l-digitalni-dozator-punilice-tekucine\/","og_locale":"hr_HR","og_type":"article","og_title":"Dosificadora, Embotelladora, Llenadora de L\u00edquidos Digital de 20L","og_description":"Dosificadora, Embotelladora, Llenadora de L\u00edquidos Digital de 20L Esta dosificadora es ampliamente utilizada en las industrias farmac\u00e9utica, qu\u00edmica, de bebidas, aceite, cosm\u00e9tica y otras, adecuado para l\u00edquidos de baja viscosidad y libres de part\u00edculas como agua, aceite de oliva, combustibles, bebidas, etc.  La m\u00e1quina llenadora de l\u00edquidos ARC tiene una bomba de arranque autom\u00e1tico y dos cabezales, que la hacen m\u00e1s pr\u00e1ctica y eficiente. Se puede utilizar para llenar muchos tipos de l\u00edquidos de baja densidad y ligeros. Tales como agua, aceite de oliva, bebidas, vinagre, leche, etc. Seg\u00fan los distintos tipos de l\u00edquidos se recomienda utilizar diferentes materiales. El tubo que suministramos es de silicona. Garant\u00eda\u00a0ARC 2 A\u00d1OS Dosificadora\u00a0 embotelladora eficiente, bajo consumo 200w soporte t\u00e9cnico incluido &nbsp;","og_url":"https:\/\/distribucionarc.com\/hr\/proizvod\/17l-digitalni-dozator-punilice-tekucine\/","og_site_name":"distribuci\u00f3n ARC","article_modified_time":"2025-05-08T19:08:48+00:00","og_image":[{"width":1600,"height":1600,"url":"https:\/\/distribucionarc.com\/wp-content\/uploads\/2020\/08\/Dosificadora-embotelladora-llenadora-de-l\u00edquidos-digital-de-17L-0.jpg","type":"image\/jpeg"}],"twitter_card":"summary_large_image","twitter_misc":{"Procijenjeno vrijeme \u010ditanja":"2 minute"},"schema":{"@context":"https:\/\/schema.org","@graph":[{"@type":"WebPage","@id":"https:\/\/distribucionarc.com\/hr\/producto\/dosificadora-embotelladora-llenadora-de-liquidos-digital-de-17l\/","url":"https:\/\/distribucionarc.com\/hr\/producto\/dosificadora-embotelladora-llenadora-de-liquidos-digital-de-17l\/","name":"Digitalni dozator teku\u0107ine od 20L, punjenje i punjenje - ARC distribucija","isPartOf":{"@id":"https:\/\/distribucionarc.com\/de\/#website"},"primaryImageOfPage":{"@id":"https:\/\/distribucionarc.com\/hr\/producto\/dosificadora-embotelladora-llenadora-de-liquidos-digital-de-17l\/#primaryimage"},"image":{"@id":"https:\/\/distribucionarc.com\/hr\/producto\/dosificadora-embotelladora-llenadora-de-liquidos-digital-de-17l\/#primaryimage"},"thumbnailUrl":"https:\/\/distribucionarc.com\/wp-content\/uploads\/2020\/08\/Dosificadora-embotelladora-llenadora-de-l\u00edquidos-digital-de-17L-0.jpg","datePublished":"2020-08-07T12:24:18+00:00","dateModified":"2025-05-08T19:08:48+00:00","breadcrumb":{"@id":"https:\/\/distribucionarc.com\/hr\/producto\/dosificadora-embotelladora-llenadora-de-liquidos-digital-de-17l\/#breadcrumb"},"inLanguage":"hr","potentialAction":[{"@type":"ReadAction","target":["https:\/\/distribucionarc.com\/hr\/producto\/dosificadora-embotelladora-llenadora-de-liquidos-digital-de-17l\/"]}]},{"@type":"ImageObject","inLanguage":"hr","@id":"https:\/\/distribucionarc.com\/hr\/producto\/dosificadora-embotelladora-llenadora-de-liquidos-digital-de-17l\/#primaryimage","url":"https:\/\/distribucionarc.com\/wp-content\/uploads\/2020\/08\/Dosificadora-embotelladora-llenadora-de-l\u00edquidos-digital-de-17L-0.jpg","contentUrl":"https:\/\/distribucionarc.com\/wp-content\/uploads\/2020\/08\/Dosificadora-embotelladora-llenadora-de-l\u00edquidos-digital-de-17L-0.jpg","width":1600,"height":1600,"caption":"Dosificadora embotelladora llenadora de l\u00edquidos digital de 17L"},{"@type":"BreadcrumbList","@id":"https:\/\/distribucionarc.com\/hr\/producto\/dosificadora-embotelladora-llenadora-de-liquidos-digital-de-17l\/#breadcrumb","itemListElement":[{"@type":"ListItem","position":1,"name":"Portada","item":"https:\/\/distribucionarc.com\/pl\/"},{"@type":"ListItem","position":2,"name":"Produkty","item":"https:\/\/distribucionarc.com\/pl\/shop\/"},{"@type":"ListItem","position":3,"name":"Dosificadora, Embotelladora, Llenadora de L\u00edquidos Digital de 20L"}]},{"@type":"WebSite","@id":"https:\/\/distribucionarc.com\/de\/#website","url":"https:\/\/distribucionarc.com\/de\/","name":"ARC distribucija","description":"Tvrtka specijalizirana za proizvodnju i distribuciju industrijskih strojeva, strojeva za zatvaranje limenki, strojeva za izradu pilula, strojeva za rezanje mesa itd.","publisher":{"@id":"https:\/\/distribucionarc.com\/de\/#organization"},"potentialAction":[{"@type":"SearchAction","target":{"@type":"EntryPoint","urlTemplate":"https:\/\/distribucionarc.com\/de\/?s={search_term_string}"},"query-input":{"@type":"PropertyValueSpecification","valueRequired":true,"valueName":"search_term_string"}}],"inLanguage":"hr"},{"@type":"Organization","@id":"https:\/\/distribucionarc.com\/de\/#organization","name":"ARC distribucija","url":"https:\/\/distribucionarc.com\/de\/","logo":{"@type":"ImageObject","inLanguage":"hr","@id":"https:\/\/distribucionarc.com\/de\/#\/schema\/logo\/image\/","url":"https:\/\/distribucionarc.com\/wp-content\/uploads\/2024\/10\/distribucion-ARC-COLOR-SIN-FONDO-e1732295305345.png","contentUrl":"https:\/\/distribucionarc.com\/wp-content\/uploads\/2024\/10\/distribucion-ARC-COLOR-SIN-FONDO-e1732295305345.png","width":1164,"height":558,"caption":"Distribuci\u00f3n ARC"},"image":{"@id":"https:\/\/distribucionarc.com\/de\/#\/schema\/logo\/image\/"},"description":"Tvrtka specijalizirana za proizvodnju i distribuciju industrijskih strojeva za prehrambeni i farmaceutski sektor. Specijalizirani smo za: Strojeve za rezanje mesa Proizvodnja tableta Industrijske transportne sustave Linije za punjenje Strojevi za doziranje I jo\u0161 mnogo toga... Nudimo inovativna i prilago\u0111ena rje\u0161enja za optimizaciju proizvodnih procesa Va\u0161e tvrtke.","email":"Admistracion@distribucionarc.com","telephone":"+34 643496664","legalName":"ARC TECH SOLUTIONS","foundingDate":"2024-04-09","vatID":"B55480172","numberOfEmployees":{"@type":"QuantitativeValue","minValue":"1","maxValue":"10"}}]}},"_links":{"self":[{"href":"https:\/\/distribucionarc.com\/hr\/wp-json\/wp\/v2\/product\/2043","targetHints":{"allow":["GET"]}}],"collection":[{"href":"https:\/\/distribucionarc.com\/hr\/wp-json\/wp\/v2\/product"}],"about":[{"href":"https:\/\/distribucionarc.com\/hr\/wp-json\/wp\/v2\/types\/product"}],"replies":[{"embeddable":true,"href":"https:\/\/distribucionarc.com\/hr\/wp-json\/wp\/v2\/comments?post=2043"}],"version-history":[{"count":1,"href":"https:\/\/distribucionarc.com\/hr\/wp-json\/wp\/v2\/product\/2043\/revisions"}],"predecessor-version":[{"id":17458,"href":"https:\/\/distribucionarc.com\/hr\/wp-json\/wp\/v2\/product\/2043\/revisions\/17458"}],"wp:featuredmedia":[{"embeddable":true,"href":"https:\/\/distribucionarc.com\/hr\/wp-json\/wp\/v2\/media\/2053"}],"wp:attachment":[{"href":"https:\/\/distribucionarc.com\/hr\/wp-json\/wp\/v2\/media?parent=2043"}],"wp:term":[{"taxonomy":"product_brand","embeddable":true,"href":"https:\/\/distribucionarc.com\/hr\/wp-json\/wp\/v2\/product_brand?post=2043"},{"taxonomy":"product_cat","embeddable":true,"href":"https:\/\/distribucionarc.com\/hr\/wp-json\/wp\/v2\/product_cat?post=2043"},{"taxonomy":"product_tag","embeddable":true,"href":"https:\/\/distribucionarc.com\/hr\/wp-json\/wp\/v2\/product_tag?post=2043"}],"curies":[{"name":"radni list","href":"https:\/\/api.w.org\/{rel}","templated":true}]}}