{"id":2166,"date":"2020-08-11T10:41:54","date_gmt":"2020-08-11T10:41:54","guid":{"rendered":"https:\/\/distribucionarc.com\/?post_type=product&#038;p=2166"},"modified":"2020-09-30T09:54:34","modified_gmt":"2020-09-30T09:54:34","slug":"puzna-presa-sokovnik-mini-cijedilica-3l","status":"publish","type":"product","link":"https:\/\/distribucionarc.com\/hr\/producto\/prensa-de-tornillo-extractor-de-zumo-mini-exprimidor-de-frutas-3l\/","title":{"rendered":"Vij\u010dana pre\u0161a, sokovnik, mini sokovnik za vo\u0107e od 3L"},"content":{"rendered":"<h3>Vij\u010dana pre\u0161a, sokovnik, mini sokovnik za vo\u0107e od 3L<\/h3>\n<p>Pritisak s\u00a0<strong>sokovnik za vo\u0107e\u00a0<span style=\"color: #ff0000;\">DO<\/span><span style=\"color: #0000ff;\">R<\/span>c<\/strong>\u00a0Bit \u0107e brzo i jednostavno, ovisno o maceraciji (jako nasjeckano vo\u0107e). Svaka vrsta vo\u0107a zahtijeva svoju pripremu.<\/p>\n<p>Koli\u010dina dobivenog soka ovisi, naravno, o sadr\u017eaju vode u vo\u0107u, a ne o trudu rukovatelja. Ako je vo\u0107e dobro pripremljeno, ne mo\u017ee se cijediti cijelo, prepolovljeno i na \u010detvrtine. The\u00a0<strong>vij\u010dane pre\u0161e<\/strong>\u00a0Nisu za to namijenjeni, preporu\u010da se dobro zgnje\u010diti vo\u0107e za najbolje rezultate.<\/p>\n<p>The\u00a0<strong>pre\u0161a za vino <span style=\"color: #ff0000;\">DO<\/span><span style=\"color: #0000ff;\">R<\/span>CPEFA3.2<\/strong>\u00a0 Ima rotiraju\u0107u osovinu s rotiraju\u0107im mehanizmom za ispis. Ovaj\u00a0<strong>vijak omogu\u0107uje jednostavno pre\u0161anje vo\u0107a<\/strong>, robusni sabirni lijevak od nehr\u0111aju\u0107eg \u010delika, ko\u0161ara za vo\u0107e izra\u0111ena je od nehr\u0111aju\u0107eg \u010delika, potisna plo\u010da i posuda za sakupljanje tako\u0111er su presvu\u010deni premazom koji je siguran za hranu. Sav pribor se lako rastavlja i \u010disti<\/p>\n<h6><strong>Jamstvo\u00a0<\/strong><span style=\"color: #ff0000;\"><strong>DO<\/strong><\/span><span style=\"color: #0000ff;\"><strong>R<\/strong><\/span><strong>C 2 GODINE<\/strong><\/h6>\n<h6><strong>uklju\u010dena tehni\u010dka podr\u0161ka<\/strong><\/h6>\n<p>&nbsp;<\/p>\n<table width=\"100%\">\n<tbody>\n<tr>\n<td>Tip:<\/td>\n<td width=\"50%\">Priru\u010dnik<\/td>\n<td colspan=\"2\" width=\"327\"><\/td>\n<\/tr>\n<tr>\n<td>Zemlja distribucije:<\/td>\n<td width=\"50%\">\u0160panjolska, Njema\u010dka, SAD<\/td>\n<td>Te\u017eina:<\/td>\n<td width=\"50%\">3,7 kg<\/td>\n<\/tr>\n<tr>\n<td>Marka:<\/td>\n<td width=\"50%\">LUK<\/td>\n<td>Visina:<\/td>\n<td width=\"50%\">37 cm<\/td>\n<\/tr>\n<tr>\n<td>Boja:<\/td>\n<td width=\"50%\">Srebro<\/td>\n<td>dugo:<\/td>\n<td width=\"50%\">\u00a032 cm<\/td>\n<\/tr>\n<tr>\n<td>Vrsta proizvoda:<\/td>\n<td width=\"50%\">sokovnik za vo\u0107e, pre\u0161a za vino<\/td>\n<td>\u0160iroko:<\/td>\n<td width=\"50%\">30 cm<\/td>\n<\/tr>\n<tr>\n<td>Proizvo\u0111a\u010dki broj:<\/td>\n<td width=\"50%\">ARCPEFA3.2<\/td>\n<td>Sposobnost:<\/td>\n<td width=\"50%\">2,5L<\/td>\n<\/tr>\n<tr>\n<td>Materijal:<\/td>\n<td width=\"50%\">\u00a0nehr\u0111aju\u0107i \u010delik za hranu, plastika<\/td>\n<td>Veli\u010dina ko\u0161arice:<\/td>\n<td width=\"50%\">18 x 11,5 cm<\/td>\n<\/tr>\n<tr>\n<td>Dimenzije cijevi:<\/td>\n<td width=\"50%\">Promjer 16,5 cm<\/td>\n<td>Oprema:<\/td>\n<td width=\"50%\">Tkanina za pre\u0161anje uklju\u010dena<\/td>\n<\/tr>\n<tr>\n<td>Visina cijevi:<\/td>\n<td width=\"50%\">12,5 cm<\/td>\n<td>Jamstvo:<\/td>\n<td width=\"50%\">2 GODINE<\/td>\n<\/tr>\n<\/tbody>\n<\/table>","protected":false},"excerpt":{"rendered":"<h2>Vij\u010dana pre\u0161a, sokovnik, mini sokovnik za vo\u0107e od 3L<\/h2>\n<p>On<strong>\u00a0ekstraktor bobica<span style=\"color: #ff0000;\">\u00a0DO<\/span><span style=\"color: #0000ff;\">R<\/span>c<\/strong>\u00a0Robusna je s a\u00a0<strong>visok prinos soka<\/strong>; Vr\u0161i visok pritisak zbog konstrukcije rotiraju\u0107eg vijka. Prakti\u010dno\u00a0<strong>sokovnik\u00a0<\/strong><b><strong>F<\/strong>rute<\/b>\u00a0mo\u017ee se brzo sastaviti. Dvostruka ko\u0161ara za vo\u0107e izra\u0111ena je od nehr\u0111aju\u0107eg \u010delika. Spreman za kori\u0161tenje odmah i bilo gdje, bez obzira na struju.<\/p>\n<h6><strong>Jamstvo\u00a0<\/strong><span style=\"color: #ff0000;\"><strong>DO<\/strong><\/span><span style=\"color: #0000ff;\"><strong>R<\/strong><\/span><strong>C 2 GODINE<\/strong><\/h6>\n<h6><strong>uklju\u010dena tehni\u010dka podr\u0161ka<\/strong><\/h6>","protected":false},"featured_media":2167,"comment_status":"open","ping_status":"closed","template":"","meta":{"wds_primary_product_brand":0,"wds_primary_product_cat":0},"product_brand":[],"product_cat":[30,65,67],"product_tag":[],"class_list":{"0":"post-2166","1":"product","2":"type-product","3":"status-publish","4":"has-post-thumbnail","6":"product_cat-maquinaria-apicola","7":"product_cat-maquinaria-industrial-para-procesar-fruta-verdura-panales","8":"product_cat-prensas-de-frutas-trituradoras","9":"product_shipping_class-hosteleria","11":"first","12":"instock","13":"sale","14":"taxable","15":"shipping-taxable","16":"purchasable","17":"product-type-simple"},"yoast_head":"<!-- This site is optimized with the Yoast SEO Premium plugin v24.9 (Yoast SEO v26.1) - https:\/\/yoast.com\/wordpress\/plugins\/seo\/ -->\n<title>Prensa de tornillo, extractor de zumo,\u00a0 mini exprimidor de frutas 3L - distribuci\u00f3n ARC<\/title>\n<meta name=\"robots\" content=\"index, follow, max-snippet:-1, max-image-preview:large, max-video-preview:-1\" \/>\n<link rel=\"canonical\" href=\"https:\/\/www.distribucionarc.com\/it\/producto\/prensa-de-tornillo-extractor-de-zumo-mini-exprimidor-de-frutas-3l\/\" \/>\n<meta property=\"og:locale\" content=\"hr_HR\" \/>\n<meta property=\"og:type\" content=\"article\" \/>\n<meta property=\"og:title\" content=\"Prensa de tornillo, extractor de zumo,\u00a0 mini exprimidor de frutas 3L\" \/>\n<meta property=\"og:description\" content=\"Prensa de tornillo, extractor de zumo,\u00a0 mini exprimidor de frutas 3L El\u00a0extractor de bayas\u00a0ARC\u00a0es robusto con un\u00a0alto rendimiento de zumo; ejerce una alta presi\u00f3n debido a la construcci\u00f3n del tornillo giratorio. El pr\u00e1ctico\u00a0exprimidor de\u00a0frutas\u00a0se puede montar r\u00e1pidamente.\u00a0La cesta de fruta doble est\u00e1 fabricada en acero inoxidable. Listos para usar de inmediato y en cualquier lugar, independientemente de la energ\u00eda el\u00e9ctrica. Garant\u00eda\u00a0ARC 2 A\u00d1OS soporte t\u00e9cnico\u00a0incluido\" \/>\n<meta property=\"og:url\" content=\"https:\/\/www.distribucionarc.com\/it\/producto\/prensa-de-tornillo-extractor-de-zumo-mini-exprimidor-de-frutas-3l\/\" \/>\n<meta property=\"og:site_name\" content=\"distribuci\u00f3n ARC\" \/>\n<meta property=\"article:modified_time\" content=\"2020-09-30T09:54:34+00:00\" \/>\n<meta property=\"og:image\" content=\"https:\/\/www.distribucionarc.com\/wp-content\/uploads\/2020\/08\/Prensa-de-tornillo-extractor-de-zumo-mini-exprimidor-de-frutas-acero-3L-0.jpg\" \/>\n\t<meta property=\"og:image:width\" content=\"1000\" \/>\n\t<meta property=\"og:image:height\" content=\"1000\" \/>\n\t<meta property=\"og:image:type\" content=\"image\/jpeg\" \/>\n<meta name=\"twitter:card\" content=\"summary_large_image\" \/>\n<meta name=\"twitter:label1\" content=\"Procijenjeno vrijeme \u010ditanja\" \/>\n\t<meta name=\"twitter:data1\" content=\"1 minuta\" \/>\n<script type=\"application\/ld+json\" class=\"yoast-schema-graph\">{\"@context\":\"https:\/\/schema.org\",\"@graph\":[{\"@type\":\"WebPage\",\"@id\":\"https:\/\/www.distribucionarc.com\/it\/producto\/prensa-de-tornillo-extractor-de-zumo-mini-exprimidor-de-frutas-3l\/\",\"url\":\"https:\/\/www.distribucionarc.com\/it\/producto\/prensa-de-tornillo-extractor-de-zumo-mini-exprimidor-de-frutas-3l\/\",\"name\":\"Prensa de tornillo, extractor de zumo,\u00a0 mini exprimidor de frutas 3L - distribuci\u00f3n ARC\",\"isPartOf\":{\"@id\":\"https:\/\/distribucionarc.com\/bg\/#website\"},\"primaryImageOfPage\":{\"@id\":\"https:\/\/www.distribucionarc.com\/it\/producto\/prensa-de-tornillo-extractor-de-zumo-mini-exprimidor-de-frutas-3l\/#primaryimage\"},\"image\":{\"@id\":\"https:\/\/www.distribucionarc.com\/it\/producto\/prensa-de-tornillo-extractor-de-zumo-mini-exprimidor-de-frutas-3l\/#primaryimage\"},\"thumbnailUrl\":\"https:\/\/distribucionarc.com\/wp-content\/uploads\/2020\/08\/Prensa-de-tornillo-extractor-de-zumo-mini-exprimidor-de-frutas-acero-3L-0.jpg\",\"datePublished\":\"2020-08-11T10:41:54+00:00\",\"dateModified\":\"2020-09-30T09:54:34+00:00\",\"breadcrumb\":{\"@id\":\"https:\/\/www.distribucionarc.com\/it\/producto\/prensa-de-tornillo-extractor-de-zumo-mini-exprimidor-de-frutas-3l\/#breadcrumb\"},\"inLanguage\":\"hr\",\"potentialAction\":[{\"@type\":\"ReadAction\",\"target\":[\"https:\/\/www.distribucionarc.com\/it\/producto\/prensa-de-tornillo-extractor-de-zumo-mini-exprimidor-de-frutas-3l\/\"]}]},{\"@type\":\"ImageObject\",\"inLanguage\":\"hr\",\"@id\":\"https:\/\/www.distribucionarc.com\/it\/producto\/prensa-de-tornillo-extractor-de-zumo-mini-exprimidor-de-frutas-3l\/#primaryimage\",\"url\":\"https:\/\/distribucionarc.com\/wp-content\/uploads\/2020\/08\/Prensa-de-tornillo-extractor-de-zumo-mini-exprimidor-de-frutas-acero-3L-0.jpg\",\"contentUrl\":\"https:\/\/distribucionarc.com\/wp-content\/uploads\/2020\/08\/Prensa-de-tornillo-extractor-de-zumo-mini-exprimidor-de-frutas-acero-3L-0.jpg\",\"width\":1000,\"height\":1000,\"caption\":\"Prensa de tornillo extractor de zumo mini exprimidor de frutas 3L\"},{\"@type\":\"BreadcrumbList\",\"@id\":\"https:\/\/www.distribucionarc.com\/it\/producto\/prensa-de-tornillo-extractor-de-zumo-mini-exprimidor-de-frutas-3l\/#breadcrumb\",\"itemListElement\":[{\"@type\":\"ListItem\",\"position\":1,\"name\":\"Portada\",\"item\":\"https:\/\/distribucionarc.com\/nb\/\"},{\"@type\":\"ListItem\",\"position\":2,\"name\":\"Products\",\"item\":\"https:\/\/www.distribucionarc.com\/en\/shop\/\"},{\"@type\":\"ListItem\",\"position\":3,\"name\":\"Prensa de tornillo, extractor de zumo,\u00a0 mini exprimidor de frutas 3L\"}]},{\"@type\":\"WebSite\",\"@id\":\"https:\/\/distribucionarc.com\/bg\/#website\",\"url\":\"https:\/\/distribucionarc.com\/bg\/\",\"name\":\"distribuci\u00f3n ARC\",\"description\":\"Empresa especializada en la fabricaci\u00f3n y distribuci\u00f3n de maquinaria industrial, selladoras de latas, Maquinas de hacer pastillas, Maquinas de cortar carne...\",\"publisher\":{\"@id\":\"https:\/\/distribucionarc.com\/bg\/#organization\"},\"potentialAction\":[{\"@type\":\"SearchAction\",\"target\":{\"@type\":\"EntryPoint\",\"urlTemplate\":\"https:\/\/distribucionarc.com\/bg\/?s={search_term_string}\"},\"query-input\":{\"@type\":\"PropertyValueSpecification\",\"valueRequired\":true,\"valueName\":\"search_term_string\"}}],\"inLanguage\":\"hr\"},{\"@type\":\"Organization\",\"@id\":\"https:\/\/distribucionarc.com\/bg\/#organization\",\"name\":\"Distribuci\u00f3n ARC\",\"url\":\"https:\/\/distribucionarc.com\/bg\/\",\"logo\":{\"@type\":\"ImageObject\",\"inLanguage\":\"hr\",\"@id\":\"https:\/\/distribucionarc.com\/bg\/#\/schema\/logo\/image\/\",\"url\":\"https:\/\/distribucionarc.com\/wp-content\/uploads\/2024\/10\/distribucion-ARC-COLOR-SIN-FONDO-e1732295305345.png\",\"contentUrl\":\"https:\/\/distribucionarc.com\/wp-content\/uploads\/2024\/10\/distribucion-ARC-COLOR-SIN-FONDO-e1732295305345.png\",\"width\":1164,\"height\":558,\"caption\":\"Distribuci\u00f3n ARC\"},\"image\":{\"@id\":\"https:\/\/distribucionarc.com\/bg\/#\/schema\/logo\/image\/\"},\"description\":\"Empresa especializada en la fabricaci\u00f3n y distribuci\u00f3n de maquinaria industrial para los sectores alimentario y farmac\u00e9utico. Nos especializamos en: M\u00e1quinas de cortar carne Fabricaci\u00f3n de comprimidos Sistemas de transporte industrial L\u00edneas de embotellado Dosificadores Y mucho m\u00e1s... Ofrecemos soluciones innovadoras y personalizadas para optimizar los procesos productivos de tu empresa.\",\"email\":\"Admistracion@distribucionarc.com\",\"telephone\":\"+34 643496664\",\"legalName\":\"ARC TECH SOLUTIONS\",\"foundingDate\":\"2024-04-09\",\"vatID\":\"B55480172\",\"numberOfEmployees\":{\"@type\":\"QuantitativeValue\",\"minValue\":\"1\",\"maxValue\":\"10\"}}]}<\/script>\n<!-- \/ Yoast SEO Premium plugin. -->","yoast_head_json":{"title":"Vij\u010dana pre\u0161a, sokovnik, mini sokovnik za vo\u0107e 3L - ARC distribucija","robots":{"index":"index","follow":"follow","max-snippet":"max-snippet:-1","max-image-preview":"max-image-preview:large","max-video-preview":"max-video-preview:-1"},"canonical":"https:\/\/www.distribucionarc.com\/it\/producto\/prensa-de-tornillo-extractor-de-zumo-mini-exprimidor-de-frutas-3l\/","og_locale":"hr_HR","og_type":"article","og_title":"Prensa de tornillo, extractor de zumo,\u00a0 mini exprimidor de frutas 3L","og_description":"Prensa de tornillo, extractor de zumo,\u00a0 mini exprimidor de frutas 3L El\u00a0extractor de bayas\u00a0ARC\u00a0es robusto con un\u00a0alto rendimiento de zumo; ejerce una alta presi\u00f3n debido a la construcci\u00f3n del tornillo giratorio. El pr\u00e1ctico\u00a0exprimidor de\u00a0frutas\u00a0se puede montar r\u00e1pidamente.\u00a0La cesta de fruta doble est\u00e1 fabricada en acero inoxidable. Listos para usar de inmediato y en cualquier lugar, independientemente de la energ\u00eda el\u00e9ctrica. Garant\u00eda\u00a0ARC 2 A\u00d1OS soporte t\u00e9cnico\u00a0incluido","og_url":"https:\/\/www.distribucionarc.com\/it\/producto\/prensa-de-tornillo-extractor-de-zumo-mini-exprimidor-de-frutas-3l\/","og_site_name":"distribuci\u00f3n ARC","article_modified_time":"2020-09-30T09:54:34+00:00","og_image":[{"width":1000,"height":1000,"url":"https:\/\/www.distribucionarc.com\/wp-content\/uploads\/2020\/08\/Prensa-de-tornillo-extractor-de-zumo-mini-exprimidor-de-frutas-acero-3L-0.jpg","type":"image\/jpeg"}],"twitter_card":"summary_large_image","twitter_misc":{"Procijenjeno vrijeme \u010ditanja":"1 minuta"},"schema":{"@context":"https:\/\/schema.org","@graph":[{"@type":"WebPage","@id":"https:\/\/www.distribucionarc.com\/it\/producto\/prensa-de-tornillo-extractor-de-zumo-mini-exprimidor-de-frutas-3l\/","url":"https:\/\/www.distribucionarc.com\/it\/producto\/prensa-de-tornillo-extractor-de-zumo-mini-exprimidor-de-frutas-3l\/","name":"Vij\u010dana pre\u0161a, sokovnik, mini sokovnik za vo\u0107e 3L - ARC distribucija","isPartOf":{"@id":"https:\/\/distribucionarc.com\/bg\/#website"},"primaryImageOfPage":{"@id":"https:\/\/www.distribucionarc.com\/it\/producto\/prensa-de-tornillo-extractor-de-zumo-mini-exprimidor-de-frutas-3l\/#primaryimage"},"image":{"@id":"https:\/\/www.distribucionarc.com\/it\/producto\/prensa-de-tornillo-extractor-de-zumo-mini-exprimidor-de-frutas-3l\/#primaryimage"},"thumbnailUrl":"https:\/\/distribucionarc.com\/wp-content\/uploads\/2020\/08\/Prensa-de-tornillo-extractor-de-zumo-mini-exprimidor-de-frutas-acero-3L-0.jpg","datePublished":"2020-08-11T10:41:54+00:00","dateModified":"2020-09-30T09:54:34+00:00","breadcrumb":{"@id":"https:\/\/www.distribucionarc.com\/it\/producto\/prensa-de-tornillo-extractor-de-zumo-mini-exprimidor-de-frutas-3l\/#breadcrumb"},"inLanguage":"hr","potentialAction":[{"@type":"ReadAction","target":["https:\/\/www.distribucionarc.com\/it\/producto\/prensa-de-tornillo-extractor-de-zumo-mini-exprimidor-de-frutas-3l\/"]}]},{"@type":"ImageObject","inLanguage":"hr","@id":"https:\/\/www.distribucionarc.com\/it\/producto\/prensa-de-tornillo-extractor-de-zumo-mini-exprimidor-de-frutas-3l\/#primaryimage","url":"https:\/\/distribucionarc.com\/wp-content\/uploads\/2020\/08\/Prensa-de-tornillo-extractor-de-zumo-mini-exprimidor-de-frutas-acero-3L-0.jpg","contentUrl":"https:\/\/distribucionarc.com\/wp-content\/uploads\/2020\/08\/Prensa-de-tornillo-extractor-de-zumo-mini-exprimidor-de-frutas-acero-3L-0.jpg","width":1000,"height":1000,"caption":"Prensa de tornillo extractor de zumo mini exprimidor de frutas 3L"},{"@type":"BreadcrumbList","@id":"https:\/\/www.distribucionarc.com\/it\/producto\/prensa-de-tornillo-extractor-de-zumo-mini-exprimidor-de-frutas-3l\/#breadcrumb","itemListElement":[{"@type":"ListItem","position":1,"name":"Portada","item":"https:\/\/distribucionarc.com\/nb\/"},{"@type":"ListItem","position":2,"name":"Products","item":"https:\/\/www.distribucionarc.com\/en\/shop\/"},{"@type":"ListItem","position":3,"name":"Prensa de tornillo, extractor de zumo,\u00a0 mini exprimidor de frutas 3L"}]},{"@type":"WebSite","@id":"https:\/\/distribucionarc.com\/bg\/#website","url":"https:\/\/distribucionarc.com\/bg\/","name":"ARC distribucija","description":"Tvrtka specijalizirana za proizvodnju i distribuciju industrijskih strojeva, strojeva za zatvaranje limenki, strojeva za izradu pilula, strojeva za rezanje mesa itd.","publisher":{"@id":"https:\/\/distribucionarc.com\/bg\/#organization"},"potentialAction":[{"@type":"SearchAction","target":{"@type":"EntryPoint","urlTemplate":"https:\/\/distribucionarc.com\/bg\/?s={search_term_string}"},"query-input":{"@type":"PropertyValueSpecification","valueRequired":true,"valueName":"search_term_string"}}],"inLanguage":"hr"},{"@type":"Organization","@id":"https:\/\/distribucionarc.com\/bg\/#organization","name":"ARC distribucija","url":"https:\/\/distribucionarc.com\/bg\/","logo":{"@type":"ImageObject","inLanguage":"hr","@id":"https:\/\/distribucionarc.com\/bg\/#\/schema\/logo\/image\/","url":"https:\/\/distribucionarc.com\/wp-content\/uploads\/2024\/10\/distribucion-ARC-COLOR-SIN-FONDO-e1732295305345.png","contentUrl":"https:\/\/distribucionarc.com\/wp-content\/uploads\/2024\/10\/distribucion-ARC-COLOR-SIN-FONDO-e1732295305345.png","width":1164,"height":558,"caption":"Distribuci\u00f3n ARC"},"image":{"@id":"https:\/\/distribucionarc.com\/bg\/#\/schema\/logo\/image\/"},"description":"Tvrtka specijalizirana za proizvodnju i distribuciju industrijskih strojeva za prehrambeni i farmaceutski sektor. Specijalizirani smo za: Strojeve za rezanje mesa Proizvodnja tableta Industrijske transportne sustave Linije za punjenje Strojevi za doziranje I jo\u0161 mnogo toga... Nudimo inovativna i prilago\u0111ena rje\u0161enja za optimizaciju proizvodnih procesa Va\u0161e tvrtke.","email":"Admistracion@distribucionarc.com","telephone":"+34 643496664","legalName":"ARC TECH SOLUTIONS","foundingDate":"2024-04-09","vatID":"B55480172","numberOfEmployees":{"@type":"QuantitativeValue","minValue":"1","maxValue":"10"}}]}},"_links":{"self":[{"href":"https:\/\/distribucionarc.com\/hr\/wp-json\/wp\/v2\/product\/2166","targetHints":{"allow":["GET"]}}],"collection":[{"href":"https:\/\/distribucionarc.com\/hr\/wp-json\/wp\/v2\/product"}],"about":[{"href":"https:\/\/distribucionarc.com\/hr\/wp-json\/wp\/v2\/types\/product"}],"replies":[{"embeddable":true,"href":"https:\/\/distribucionarc.com\/hr\/wp-json\/wp\/v2\/comments?post=2166"}],"version-history":[{"count":0,"href":"https:\/\/distribucionarc.com\/hr\/wp-json\/wp\/v2\/product\/2166\/revisions"}],"wp:featuredmedia":[{"embeddable":true,"href":"https:\/\/distribucionarc.com\/hr\/wp-json\/wp\/v2\/media\/2167"}],"wp:attachment":[{"href":"https:\/\/distribucionarc.com\/hr\/wp-json\/wp\/v2\/media?parent=2166"}],"wp:term":[{"taxonomy":"product_brand","embeddable":true,"href":"https:\/\/distribucionarc.com\/hr\/wp-json\/wp\/v2\/product_brand?post=2166"},{"taxonomy":"product_cat","embeddable":true,"href":"https:\/\/distribucionarc.com\/hr\/wp-json\/wp\/v2\/product_cat?post=2166"},{"taxonomy":"product_tag","embeddable":true,"href":"https:\/\/distribucionarc.com\/hr\/wp-json\/wp\/v2\/product_tag?post=2166"}],"curies":[{"name":"radni list","href":"https:\/\/api.w.org\/{rel}","templated":true}]}}