{"id":2186,"date":"2020-08-11T15:21:24","date_gmt":"2020-08-11T15:21:24","guid":{"rendered":"https:\/\/distribucionarc.com\/?post_type=product&#038;p=2186"},"modified":"2020-09-30T10:02:02","modified_gmt":"2020-09-30T10:02:02","slug":"presa-za-vodu-hidropresa-za-vino-voce-med-40l","status":"publish","type":"product","link":"https:\/\/distribucionarc.com\/hr\/producto\/prensa-de-agua-hidroprensa-para-vino-frutas-miel-40l\/","title":{"rendered":"Pre\u0161a za vodu, hidropresa za vino, vo\u0107e, med 40L"},"content":{"rendered":"<h2>Pre\u0161a za vodu, hidropresa za vino, vo\u0107e, med 40L<\/h2>\n<p>Najbr\u017ei na\u010din prerade svje\u017eeg soka koji zadr\u017eava sva svojstva. Jednostavno dodajte zgnje\u010deno vo\u0107e u<strong>\u00a0pre\u0161a za vodu\u00a0<span style=\"color: #ff0000;\">DO<\/span><span style=\"color: #0000ff;\">R<\/span>c<\/strong>, otvorite slavinu i promatrajte kako pritisak dolazne vode iz slavine priti\u0161\u0107e mljeveni materijal iznutra prema van na nosa\u010d ko\u0161are.<\/p>\n<p>Genijalno jednostavan pogon koji<strong>\u00a0<span style=\"color: #008000;\">u\u0161tedjeti energiju<\/span><\/strong>: Spojite crijevo na cijev za vodu i otvorite slavinu. Voda iz slavine \u0161iri ugra\u0111enu gumenu membranu prema van i priti\u0161\u0107e re\u0161etku na re\u0161etku ko\u0161are. Snaga pritiska i vrijeme se mogu podesiti otvaranjem ili zatvaranjem slavine.<\/p>\n<p>On\u00a0<strong>brzo pritiskanje<\/strong>\u00a0i\u00a0<strong>kratke staze protoka<\/strong>\u00a0za\u0161tititi vitamine; Sok \u0107e zadr\u017eati prekrasnu svje\u017eu aromu. Zahvaljuju\u0107i visokom tlaku od 3 bara koji stvara\u00a0<strong>sokovnik za vo\u0107e\u00a0<span style=\"color: #ff0000;\">DO<\/span><span style=\"color: #0000ff;\">R<\/span>CPHA40<\/strong>\u00a0dobije\u0161 a\u00a0<strong>prinos soka<\/strong>\u00a0izuzetno\u00a0<strong>visoka<\/strong>, \u010dak i ako je ko\u0161ara za pre\u0161u djelomi\u010dno puna.<\/p>\n<h6><\/h6>\n<h6><strong>Jamstvo\u00a0<\/strong><span style=\"color: #ff0000;\"><strong>DO<\/strong><\/span><span style=\"color: #0000ff;\"><strong>R<\/strong><\/span><strong>C 2 GODINE<\/strong><\/h6>\n<h6><span style=\"color: #0000ff;\">Pre\u0161a bez struje, pritisak vode (3 bara)<\/span><\/h6>\n<h6><strong>uklju\u010dena tehni\u010dka podr\u0161ka<\/strong><\/h6>\n<p>&nbsp;<\/p>\n<table width=\"100%\">\n<tbody>\n<tr>\n<td>Tip:<\/td>\n<td width=\"50%\">Hydropress<\/td>\n<td colspan=\"2\" width=\"327\"><\/td>\n<\/tr>\n<tr>\n<td>Zemlja distribucije:<\/td>\n<td width=\"50%\">\u0160panjolska, Njema\u010dka, SAD<\/td>\n<td>Te\u017eina:<\/td>\n<td width=\"50%\">18 kg<\/td>\n<\/tr>\n<tr>\n<td>Marka:<\/td>\n<td width=\"50%\">LUK<\/td>\n<td>Visina:<\/td>\n<td width=\"50%\">90 cm<\/td>\n<\/tr>\n<tr>\n<td>Boja:<\/td>\n<td width=\"50%\">Srebro<\/td>\n<td>dugo:<\/td>\n<td width=\"50%\">60 cm<\/td>\n<\/tr>\n<tr>\n<td>Vrsta proizvoda:<\/td>\n<td width=\"50%\">sokovnik za vo\u0107e, pre\u0161a za vino<\/td>\n<td>\u0160iroko:<\/td>\n<td width=\"50%\">60 cm<\/td>\n<\/tr>\n<tr>\n<td>Proizvo\u0111a\u010dki broj:<\/td>\n<td width=\"50%\">ARCPHA40<\/td>\n<td>Sposobnost:<\/td>\n<td width=\"50%\">40L<\/td>\n<\/tr>\n<tr>\n<td>Materijal:<\/td>\n<td width=\"50%\">\u00a0nehr\u0111aju\u0107i \u010delik za hranu, gumena membrana za hranu<\/td>\n<td>Veli\u010dina ko\u0161arice:<\/td>\n<td width=\"50%\">48x41 cm<\/td>\n<\/tr>\n<tr>\n<td>Dimenzije cijevi:<\/td>\n<td width=\"50%\">Promjer 41 cm<\/td>\n<td>Oprema:<\/td>\n<td width=\"50%\">Tkanina za pre\u0161anje uklju\u010dena<\/td>\n<\/tr>\n<tr>\n<td>Visina cijevi:<\/td>\n<td width=\"50%\">48 cm<\/td>\n<td>Jamstvo:<\/td>\n<td width=\"50%\">2 GODINE<\/td>\n<\/tr>\n<\/tbody>\n<\/table>","protected":false},"excerpt":{"rendered":"<h2>Pre\u0161a za vodu, hidropresa za vino, vo\u0107e, med 40L<\/h2>\n<p>The<strong>\u00a0hidrauli\u010dne drobilice\u00a0<span style=\"color: #ff0000;\">DO<\/span><span style=\"color: #0000ff;\">R<\/span>c<\/strong>\u00a0Najbolje su rje\u0161enje za izradu sokova, preradu sa\u0107a, mo\u0161ta, vina, jabukova\u010de itd.<span style=\"color: #008000;\">\u00a0<\/span><strong><span style=\"color: #008000;\">Bez<\/span>\u00a0<\/strong>the<strong>\u00a0<span style=\"color: #008000;\">potreba za elektri\u010dnom energijom<\/span><\/strong><span style=\"color: #008000;\">\u00a0<\/span>i to bez fizi\u010dkog napora<\/p>\n<p>Zahvaljuju\u0107i\u00a0<strong>hidrauli\u010dke pre\u0161e\u00a0<span style=\"color: #ff0000;\">DO<\/span><span style=\"color: #0000ff;\">R<\/span>c<\/strong>\u00a0pre\u0161anje \u0107e biti<strong>\u00a0brzo<\/strong>\u00a0i sa\u00a0<strong>kratke staze protoka\u00a0<\/strong>poma\u017ee u za\u0161titi vitamina; Dobit \u0107ete proizvod prekrasnog svje\u017eeg mirisa. Zahvaljuju\u0107i visokom tlaku, a\u00a0<strong>performanse\u00a0<\/strong>soka iznimno\u00a0<strong>visoka<\/strong><\/p>\n<h6><strong>Jamstvo<span style=\"color: #ff0000;\">\u00a0<\/span><\/strong><span style=\"color: #ff0000;\"><strong>DO<\/strong><\/span><span style=\"color: #0000ff;\"><strong>R<\/strong><\/span><strong>C 2 GODINE<\/strong><\/h6>\n<h6><span style=\"color: #0000ff;\">Pre\u0161a bez struje, pritisak vode (3 bara)<\/span><\/h6>\n<h6><strong>uklju\u010dena tehni\u010dka podr\u0161ka<\/strong><\/h6>","protected":false},"featured_media":2187,"comment_status":"open","ping_status":"closed","template":"","meta":{"wds_primary_product_brand":0,"wds_primary_product_cat":0},"product_brand":[],"product_cat":[30,65,67],"product_tag":[],"class_list":{"0":"post-2186","1":"product","2":"type-product","3":"status-publish","4":"has-post-thumbnail","6":"product_cat-maquinaria-apicola","7":"product_cat-maquinaria-industrial-para-procesar-fruta-verdura-panales","8":"product_cat-prensas-de-frutas-trituradoras","9":"product_shipping_class-hosteleria","11":"first","12":"instock","13":"sale","14":"taxable","15":"shipping-taxable","16":"purchasable","17":"product-type-simple"},"yoast_head":"<!-- This site is optimized with the Yoast SEO Premium plugin v24.9 (Yoast SEO v26.1) - https:\/\/yoast.com\/wordpress\/plugins\/seo\/ -->\n<title>Prensa de agua, Hidroprensa para vino, frutas, miel 40L - distribuci\u00f3n ARC<\/title>\n<meta name=\"robots\" content=\"index, follow, max-snippet:-1, max-image-preview:large, max-video-preview:-1\" \/>\n<link rel=\"canonical\" href=\"https:\/\/distribucionarc.com\/hr\/proizvod\/presa-za-vodu-hidropresa-za-vino-voce-med-40l\/\" \/>\n<meta property=\"og:locale\" content=\"hr_HR\" \/>\n<meta property=\"og:type\" content=\"article\" \/>\n<meta property=\"og:title\" content=\"Prensa de agua, Hidroprensa para vino, frutas, miel 40L\" \/>\n<meta property=\"og:description\" content=\"Prensa de agua, Hidroprensa para vino, frutas, miel 40L Las\u00a0trituradoras hidr\u00e1ulicas\u00a0ARC\u00a0son la mejor soluci\u00f3n para realizar zumos, procesar panales de miel, mostos, vino, sidra, etc.\u00a0Sin\u00a0la\u00a0necesidad de energ\u00eda el\u00e9ctrica\u00a0y sin esfuerzo f\u00edsico  Gracias a las\u00a0Prensas hidr\u00e1ulicas\u00a0ARC\u00a0el\u00a0prensado ser\u00e1\u00a0r\u00e1pido\u00a0y con\u00a0recorridos cortos de flujo\u00a0ayudando a\u00a0proteger las vitaminas;\u00a0obtendr\u00e1 un producto con un aroma maravillosamente fresco.\u00a0Gracias a la alta presi\u00f3n se obtiene un\u00a0rendimiento\u00a0de zumo\u00a0excepcionalmente\u00a0alto Garant\u00eda\u00a0ARC 2 A\u00d1OS Prensa sin electricidad,\u00a0 presi\u00f3n de agua\u00a0(3 bar) soporte t\u00e9cnico\u00a0incluido\" \/>\n<meta property=\"og:url\" content=\"https:\/\/distribucionarc.com\/hr\/proizvod\/presa-za-vodu-hidropresa-za-vino-voce-med-40l\/\" \/>\n<meta property=\"og:site_name\" content=\"distribuci\u00f3n ARC\" \/>\n<meta property=\"article:modified_time\" content=\"2020-09-30T10:02:02+00:00\" \/>\n<meta property=\"og:image\" content=\"https:\/\/distribucionarc.com\/wp-content\/uploads\/2020\/08\/Prensa-de-agua-Hidro-prensa-para-frutas-verduras-miel-40L-0.jpg\" \/>\n\t<meta property=\"og:image:width\" content=\"1000\" \/>\n\t<meta property=\"og:image:height\" content=\"1000\" \/>\n\t<meta property=\"og:image:type\" content=\"image\/jpeg\" \/>\n<meta name=\"twitter:card\" content=\"summary_large_image\" \/>\n<meta name=\"twitter:label1\" content=\"Procijenjeno vrijeme \u010ditanja\" \/>\n\t<meta name=\"twitter:data1\" content=\"1 minuta\" \/>\n<script type=\"application\/ld+json\" class=\"yoast-schema-graph\">{\"@context\":\"https:\/\/schema.org\",\"@graph\":[{\"@type\":\"WebPage\",\"@id\":\"https:\/\/distribucionarc.com\/el\/producto\/prensa-de-agua-hidroprensa-para-vino-frutas-miel-40l\/\",\"url\":\"https:\/\/distribucionarc.com\/el\/producto\/prensa-de-agua-hidroprensa-para-vino-frutas-miel-40l\/\",\"name\":\"Prensa de agua, Hidroprensa para vino, frutas, miel 40L - distribuci\u00f3n ARC\",\"isPartOf\":{\"@id\":\"https:\/\/www.distribucionarc.com\/sl\/#website\"},\"primaryImageOfPage\":{\"@id\":\"https:\/\/distribucionarc.com\/el\/producto\/prensa-de-agua-hidroprensa-para-vino-frutas-miel-40l\/#primaryimage\"},\"image\":{\"@id\":\"https:\/\/distribucionarc.com\/el\/producto\/prensa-de-agua-hidroprensa-para-vino-frutas-miel-40l\/#primaryimage\"},\"thumbnailUrl\":\"https:\/\/distribucionarc.com\/wp-content\/uploads\/2020\/08\/Prensa-de-agua-Hidro-prensa-para-frutas-verduras-miel-40L-0.jpg\",\"datePublished\":\"2020-08-11T15:21:24+00:00\",\"dateModified\":\"2020-09-30T10:02:02+00:00\",\"breadcrumb\":{\"@id\":\"https:\/\/distribucionarc.com\/el\/producto\/prensa-de-agua-hidroprensa-para-vino-frutas-miel-40l\/#breadcrumb\"},\"inLanguage\":\"hr\",\"potentialAction\":[{\"@type\":\"ReadAction\",\"target\":[\"https:\/\/distribucionarc.com\/el\/producto\/prensa-de-agua-hidroprensa-para-vino-frutas-miel-40l\/\"]}]},{\"@type\":\"ImageObject\",\"inLanguage\":\"hr\",\"@id\":\"https:\/\/distribucionarc.com\/el\/producto\/prensa-de-agua-hidroprensa-para-vino-frutas-miel-40l\/#primaryimage\",\"url\":\"https:\/\/distribucionarc.com\/wp-content\/uploads\/2020\/08\/Prensa-de-agua-Hidro-prensa-para-frutas-verduras-miel-40L-0.jpg\",\"contentUrl\":\"https:\/\/distribucionarc.com\/wp-content\/uploads\/2020\/08\/Prensa-de-agua-Hidro-prensa-para-frutas-verduras-miel-40L-0.jpg\",\"width\":1000,\"height\":1000,\"caption\":\"Prensa de agua Hidro prensa para frutas verduras miel 40L\"},{\"@type\":\"BreadcrumbList\",\"@id\":\"https:\/\/distribucionarc.com\/el\/producto\/prensa-de-agua-hidroprensa-para-vino-frutas-miel-40l\/#breadcrumb\",\"itemListElement\":[{\"@type\":\"ListItem\",\"position\":1,\"name\":\"Portada\",\"item\":\"https:\/\/www.distribucionarc.com\/\"},{\"@type\":\"ListItem\",\"position\":2,\"name\":\"\u00dcr\u00fcnler\",\"item\":\"https:\/\/www.distribucionarc.com\/tr\/magaza\/\"},{\"@type\":\"ListItem\",\"position\":3,\"name\":\"Prensa de agua, Hidroprensa para vino, frutas, miel 40L\"}]},{\"@type\":\"WebSite\",\"@id\":\"https:\/\/www.distribucionarc.com\/sl\/#website\",\"url\":\"https:\/\/www.distribucionarc.com\/sl\/\",\"name\":\"distribuci\u00f3n ARC\",\"description\":\"Empresa especializada en la fabricaci\u00f3n y distribuci\u00f3n de maquinaria industrial, selladoras de latas, Maquinas de hacer pastillas, Maquinas de cortar carne...\",\"publisher\":{\"@id\":\"https:\/\/www.distribucionarc.com\/sl\/#organization\"},\"potentialAction\":[{\"@type\":\"SearchAction\",\"target\":{\"@type\":\"EntryPoint\",\"urlTemplate\":\"https:\/\/www.distribucionarc.com\/sl\/?s={search_term_string}\"},\"query-input\":{\"@type\":\"PropertyValueSpecification\",\"valueRequired\":true,\"valueName\":\"search_term_string\"}}],\"inLanguage\":\"hr\"},{\"@type\":\"Organization\",\"@id\":\"https:\/\/www.distribucionarc.com\/sl\/#organization\",\"name\":\"Distribuci\u00f3n ARC\",\"url\":\"https:\/\/www.distribucionarc.com\/sl\/\",\"logo\":{\"@type\":\"ImageObject\",\"inLanguage\":\"hr\",\"@id\":\"https:\/\/www.distribucionarc.com\/sl\/#\/schema\/logo\/image\/\",\"url\":\"https:\/\/distribucionarc.com\/wp-content\/uploads\/2024\/10\/distribucion-ARC-COLOR-SIN-FONDO-e1732295305345.png\",\"contentUrl\":\"https:\/\/distribucionarc.com\/wp-content\/uploads\/2024\/10\/distribucion-ARC-COLOR-SIN-FONDO-e1732295305345.png\",\"width\":1164,\"height\":558,\"caption\":\"Distribuci\u00f3n ARC\"},\"image\":{\"@id\":\"https:\/\/www.distribucionarc.com\/sl\/#\/schema\/logo\/image\/\"},\"description\":\"Empresa especializada en la fabricaci\u00f3n y distribuci\u00f3n de maquinaria industrial para los sectores alimentario y farmac\u00e9utico. Nos especializamos en: M\u00e1quinas de cortar carne Fabricaci\u00f3n de comprimidos Sistemas de transporte industrial L\u00edneas de embotellado Dosificadores Y mucho m\u00e1s... Ofrecemos soluciones innovadoras y personalizadas para optimizar los procesos productivos de tu empresa.\",\"email\":\"Admistracion@distribucionarc.com\",\"telephone\":\"+34 643496664\",\"legalName\":\"ARC TECH SOLUTIONS\",\"foundingDate\":\"2024-04-09\",\"vatID\":\"B55480172\",\"numberOfEmployees\":{\"@type\":\"QuantitativeValue\",\"minValue\":\"1\",\"maxValue\":\"10\"}}]}<\/script>\n<!-- \/ Yoast SEO Premium plugin. -->","yoast_head_json":{"title":"Pre\u0161a za vodu, Hidropresa za vino, vo\u0107e, med 40L - distribucija ARC","robots":{"index":"index","follow":"follow","max-snippet":"max-snippet:-1","max-image-preview":"max-image-preview:large","max-video-preview":"max-video-preview:-1"},"canonical":"https:\/\/distribucionarc.com\/hr\/proizvod\/presa-za-vodu-hidropresa-za-vino-voce-med-40l\/","og_locale":"hr_HR","og_type":"article","og_title":"Prensa de agua, Hidroprensa para vino, frutas, miel 40L","og_description":"Prensa de agua, Hidroprensa para vino, frutas, miel 40L Las\u00a0trituradoras hidr\u00e1ulicas\u00a0ARC\u00a0son la mejor soluci\u00f3n para realizar zumos, procesar panales de miel, mostos, vino, sidra, etc.\u00a0Sin\u00a0la\u00a0necesidad de energ\u00eda el\u00e9ctrica\u00a0y sin esfuerzo f\u00edsico  Gracias a las\u00a0Prensas hidr\u00e1ulicas\u00a0ARC\u00a0el\u00a0prensado ser\u00e1\u00a0r\u00e1pido\u00a0y con\u00a0recorridos cortos de flujo\u00a0ayudando a\u00a0proteger las vitaminas;\u00a0obtendr\u00e1 un producto con un aroma maravillosamente fresco.\u00a0Gracias a la alta presi\u00f3n se obtiene un\u00a0rendimiento\u00a0de zumo\u00a0excepcionalmente\u00a0alto Garant\u00eda\u00a0ARC 2 A\u00d1OS Prensa sin electricidad,\u00a0 presi\u00f3n de agua\u00a0(3 bar) soporte t\u00e9cnico\u00a0incluido","og_url":"https:\/\/distribucionarc.com\/hr\/proizvod\/presa-za-vodu-hidropresa-za-vino-voce-med-40l\/","og_site_name":"distribuci\u00f3n ARC","article_modified_time":"2020-09-30T10:02:02+00:00","og_image":[{"width":1000,"height":1000,"url":"https:\/\/distribucionarc.com\/wp-content\/uploads\/2020\/08\/Prensa-de-agua-Hidro-prensa-para-frutas-verduras-miel-40L-0.jpg","type":"image\/jpeg"}],"twitter_card":"summary_large_image","twitter_misc":{"Procijenjeno vrijeme \u010ditanja":"1 minuta"},"schema":{"@context":"https:\/\/schema.org","@graph":[{"@type":"WebPage","@id":"https:\/\/distribucionarc.com\/el\/producto\/prensa-de-agua-hidroprensa-para-vino-frutas-miel-40l\/","url":"https:\/\/distribucionarc.com\/el\/producto\/prensa-de-agua-hidroprensa-para-vino-frutas-miel-40l\/","name":"Pre\u0161a za vodu, Hidropresa za vino, vo\u0107e, med 40L - distribucija ARC","isPartOf":{"@id":"https:\/\/www.distribucionarc.com\/sl\/#website"},"primaryImageOfPage":{"@id":"https:\/\/distribucionarc.com\/el\/producto\/prensa-de-agua-hidroprensa-para-vino-frutas-miel-40l\/#primaryimage"},"image":{"@id":"https:\/\/distribucionarc.com\/el\/producto\/prensa-de-agua-hidroprensa-para-vino-frutas-miel-40l\/#primaryimage"},"thumbnailUrl":"https:\/\/distribucionarc.com\/wp-content\/uploads\/2020\/08\/Prensa-de-agua-Hidro-prensa-para-frutas-verduras-miel-40L-0.jpg","datePublished":"2020-08-11T15:21:24+00:00","dateModified":"2020-09-30T10:02:02+00:00","breadcrumb":{"@id":"https:\/\/distribucionarc.com\/el\/producto\/prensa-de-agua-hidroprensa-para-vino-frutas-miel-40l\/#breadcrumb"},"inLanguage":"hr","potentialAction":[{"@type":"ReadAction","target":["https:\/\/distribucionarc.com\/el\/producto\/prensa-de-agua-hidroprensa-para-vino-frutas-miel-40l\/"]}]},{"@type":"ImageObject","inLanguage":"hr","@id":"https:\/\/distribucionarc.com\/el\/producto\/prensa-de-agua-hidroprensa-para-vino-frutas-miel-40l\/#primaryimage","url":"https:\/\/distribucionarc.com\/wp-content\/uploads\/2020\/08\/Prensa-de-agua-Hidro-prensa-para-frutas-verduras-miel-40L-0.jpg","contentUrl":"https:\/\/distribucionarc.com\/wp-content\/uploads\/2020\/08\/Prensa-de-agua-Hidro-prensa-para-frutas-verduras-miel-40L-0.jpg","width":1000,"height":1000,"caption":"Prensa de agua Hidro prensa para frutas verduras miel 40L"},{"@type":"BreadcrumbList","@id":"https:\/\/distribucionarc.com\/el\/producto\/prensa-de-agua-hidroprensa-para-vino-frutas-miel-40l\/#breadcrumb","itemListElement":[{"@type":"ListItem","position":1,"name":"Portada","item":"https:\/\/www.distribucionarc.com\/"},{"@type":"ListItem","position":2,"name":"\u00dcr\u00fcnler","item":"https:\/\/www.distribucionarc.com\/tr\/magaza\/"},{"@type":"ListItem","position":3,"name":"Prensa de agua, Hidroprensa para vino, frutas, miel 40L"}]},{"@type":"WebSite","@id":"https:\/\/www.distribucionarc.com\/sl\/#website","url":"https:\/\/www.distribucionarc.com\/sl\/","name":"ARC distribucija","description":"Tvrtka specijalizirana za proizvodnju i distribuciju industrijskih strojeva, strojeva za zatvaranje limenki, strojeva za izradu pilula, strojeva za rezanje mesa itd.","publisher":{"@id":"https:\/\/www.distribucionarc.com\/sl\/#organization"},"potentialAction":[{"@type":"SearchAction","target":{"@type":"EntryPoint","urlTemplate":"https:\/\/www.distribucionarc.com\/sl\/?s={search_term_string}"},"query-input":{"@type":"PropertyValueSpecification","valueRequired":true,"valueName":"search_term_string"}}],"inLanguage":"hr"},{"@type":"Organization","@id":"https:\/\/www.distribucionarc.com\/sl\/#organization","name":"ARC distribucija","url":"https:\/\/www.distribucionarc.com\/sl\/","logo":{"@type":"ImageObject","inLanguage":"hr","@id":"https:\/\/www.distribucionarc.com\/sl\/#\/schema\/logo\/image\/","url":"https:\/\/distribucionarc.com\/wp-content\/uploads\/2024\/10\/distribucion-ARC-COLOR-SIN-FONDO-e1732295305345.png","contentUrl":"https:\/\/distribucionarc.com\/wp-content\/uploads\/2024\/10\/distribucion-ARC-COLOR-SIN-FONDO-e1732295305345.png","width":1164,"height":558,"caption":"Distribuci\u00f3n ARC"},"image":{"@id":"https:\/\/www.distribucionarc.com\/sl\/#\/schema\/logo\/image\/"},"description":"Tvrtka specijalizirana za proizvodnju i distribuciju industrijskih strojeva za prehrambeni i farmaceutski sektor. Specijalizirani smo za: Strojeve za rezanje mesa Proizvodnja tableta Industrijske transportne sustave Linije za punjenje Strojevi za doziranje I jo\u0161 mnogo toga... Nudimo inovativna i prilago\u0111ena rje\u0161enja za optimizaciju proizvodnih procesa Va\u0161e tvrtke.","email":"Admistracion@distribucionarc.com","telephone":"+34 643496664","legalName":"ARC TECH SOLUTIONS","foundingDate":"2024-04-09","vatID":"B55480172","numberOfEmployees":{"@type":"QuantitativeValue","minValue":"1","maxValue":"10"}}]}},"_links":{"self":[{"href":"https:\/\/distribucionarc.com\/hr\/wp-json\/wp\/v2\/product\/2186","targetHints":{"allow":["GET"]}}],"collection":[{"href":"https:\/\/distribucionarc.com\/hr\/wp-json\/wp\/v2\/product"}],"about":[{"href":"https:\/\/distribucionarc.com\/hr\/wp-json\/wp\/v2\/types\/product"}],"replies":[{"embeddable":true,"href":"https:\/\/distribucionarc.com\/hr\/wp-json\/wp\/v2\/comments?post=2186"}],"version-history":[{"count":0,"href":"https:\/\/distribucionarc.com\/hr\/wp-json\/wp\/v2\/product\/2186\/revisions"}],"wp:featuredmedia":[{"embeddable":true,"href":"https:\/\/distribucionarc.com\/hr\/wp-json\/wp\/v2\/media\/2187"}],"wp:attachment":[{"href":"https:\/\/distribucionarc.com\/hr\/wp-json\/wp\/v2\/media?parent=2186"}],"wp:term":[{"taxonomy":"product_brand","embeddable":true,"href":"https:\/\/distribucionarc.com\/hr\/wp-json\/wp\/v2\/product_brand?post=2186"},{"taxonomy":"product_cat","embeddable":true,"href":"https:\/\/distribucionarc.com\/hr\/wp-json\/wp\/v2\/product_cat?post=2186"},{"taxonomy":"product_tag","embeddable":true,"href":"https:\/\/distribucionarc.com\/hr\/wp-json\/wp\/v2\/product_tag?post=2186"}],"curies":[{"name":"radni list","href":"https:\/\/api.w.org\/{rel}","templated":true}]}}