{"id":2192,"date":"2020-08-12T10:39:03","date_gmt":"2020-08-12T10:39:03","guid":{"rendered":"https:\/\/distribucionarc.com\/?post_type=product&#038;p=2192"},"modified":"2020-09-30T10:40:56","modified_gmt":"2020-09-30T10:40:56","slug":"elektricni-mlinac-drobilica-za-voce-ili-povrce-1000-kg-h","status":"publish","type":"product","link":"https:\/\/distribucionarc.com\/hr\/producto\/molinillo-electrico-trituradora-de-fruta-o-verdura-1000-kg-h\/","title":{"rendered":"Elektri\u010dni mlin, drobilica vo\u0107a ili povr\u0107a 1000 kg\/h"},"content":{"rendered":"<h2>Elektri\u010dni mlin, drobilica vo\u0107a ili povr\u0107a 1000 kg\/h<\/h2>\n<p>s <strong>elektri\u010dne drobilice<\/strong> od <strong><span style=\"color: #ff0000;\">DO<\/span><span style=\"color: #0000ff;\">R<\/span>c<\/strong>, plodovi s ko\u0161ticama ili sjemenkama mogu se preraditi zahvaljuju\u0107i svojim mo\u0107nim<span style=\"color: #008000;\"><strong> u\u010dinkovit motor<\/strong><\/span> i njihove o\u0161tre o\u0161trice. Bez opasnosti od o\u0161te\u0107enja o\u0161trica ili rada brusilice.<\/p>\n<p>Postupak je jednostavan samo uklju\u010dite <strong>mlin za vo\u0107e <span style=\"color: #ff0000;\">DO<\/span><span style=\"color: #0000ff;\">R<\/span>CMFE01<\/strong> i ubacite vo\u0107e kroz lijevak. Sna\u017eni motor od 1,5 KS i o\u0161tre o\u0161trice od nehr\u0111aju\u0107eg \u010delika re\u017eu vo\u0107e pri 2800 okretaja u minuti u tren oka. To zna\u010di da mo\u017eete<strong> prerada do 1000 kg vo\u0107a na sat<\/strong>.<\/p>\n<p>Zahvaljuju\u0107i posebno velikom lijevku veli\u010dine 125 cm, vo\u0107e se mo\u017ee puniti jednostavno i sigurno. Lijevak se mo\u017ee ukloniti u samo nekoliko koraka i o\u010distiti bez problema, a o\u0161trice za rezanje tako\u0111er se mogu jednostavno ukloniti i o\u010distiti.<\/p>\n<h6><strong>Jamstvo\u00a0<span style=\"color: #ff0000;\">DO<\/span><span style=\"color: #0000ff;\">R<\/span>C 2 GODINE<\/strong><\/h6>\n<h6><span style=\"color: #008000;\">U\u010dinkovit elektri\u010dni mlin, niske potro\u0161nje 1000w<\/span><\/h6>\n<h6><strong>uklju\u010dena tehni\u010dka podr\u0161ka<\/strong><\/h6>\n<p>&nbsp;<\/p>\n<table role=\"presentation\" width=\"100%\" cellspacing=\"0\" cellpadding=\"0\">\n<tbody>\n<tr>\n<td class=\"attrLabels\">Marka:<\/td>\n<td width=\"50.0%\">LUK<\/td>\n<\/tr>\n<tr>\n<td class=\"attrLabels\">Zemlja distribucije:<\/td>\n<td width=\"50.0%\">\u0160panjolska, Njema\u010dka, SAD<\/td>\n<td class=\"attrLabels\">Te\u017eina:<\/td>\n<td width=\"50.0%\">27 kg<\/td>\n<\/tr>\n<tr>\n<td class=\"attrLabels\">Marka:<\/td>\n<td width=\"50.0%\">LUK<\/td>\n<td class=\"attrLabels\">Visina:<\/td>\n<td width=\"50.0%\">128 cm<\/td>\n<\/tr>\n<tr>\n<td class=\"attrLabels\">Boja:<\/td>\n<td width=\"50.0%\">Plava<\/td>\n<td class=\"attrLabels\">dugo:<\/td>\n<td width=\"50.0%\">32 cm<\/td>\n<\/tr>\n<tr>\n<td class=\"attrLabels\">Vrsta proizvoda:<\/td>\n<td width=\"50.0%\">elektri\u010dni mlin<\/td>\n<td class=\"attrLabels\">\u0160iroko:<\/td>\n<td width=\"50.0%\">38 cm<\/td>\n<\/tr>\n<tr>\n<td class=\"attrLabels\">Proizvo\u0111a\u010dki broj:<\/td>\n<td width=\"50.0%\">ARCMFE01<\/td>\n<td class=\"attrLabels\">Vlast:<\/td>\n<td width=\"50.0%\">1000 W<\/td>\n<\/tr>\n<tr>\n<td class=\"attrLabels\">Materijal:<\/td>\n<td width=\"50.0%\">nehr\u0111aju\u0107i \u010delik, u\u010dinkovit motor<\/td>\n<td class=\"attrLabels\">ulazni napon<\/td>\n<td width=\"50.0%\">230V \u2013 50Hz<\/td>\n<\/tr>\n<tr>\n<td class=\"attrLabels\">Jamstvo:<\/td>\n<td width=\"50.0%\">\u00a0 2 godine<\/td>\n<td class=\"attrLabels\">Tu\u017eiteljstvo:<\/td>\n<td width=\"50.0%\">1000 kg na sat<\/td>\n<\/tr>\n<tr>\n<td class=\"attrLabels\">Alati za instalaciju:<\/td>\n<td width=\"50.0%\">Da<\/td>\n<td class=\"attrLabels\">Snaga motora:<\/td>\n<td width=\"50.0%\">1,5 KS<\/td>\n<\/tr>\n<\/tbody>\n<\/table>","protected":false},"excerpt":{"rendered":"<h2>Elektri\u010dni mlin, drobilica vo\u0107a ili povr\u0107a 1000 kg\/h<\/h2>\n<p>Ovaj <strong>mlin za vo\u0107e <span style=\"color: #ff0000;\">DO<\/span><span style=\"color: #0000ff;\">R<\/span>c<\/strong> To je idealan alat. S njim mo\u017eete jednostavno nasjeckati razno tvrdo vo\u0107e ili vo\u0107e bez sjemenki. Naju\u010dinkovitiji na\u010din za izradu prirodnih sokova, macerata ili vo\u0107nih ka\u0161ica. Zahvaljuju\u0107i u\u010dinkovitoj snazi motora i o\u0161trim o\u0161tricama od nehr\u0111aju\u0107eg \u010delika, proces sjeckanja bit \u0107e trenutan.<\/p>\n<h6><strong>Jamstvo\u00a0<span style=\"color: #ff0000;\">DO<\/span><span style=\"color: #0000ff;\">R<\/span>C 2 GODINE<\/strong><\/h6>\n<h6><span style=\"color: #008000;\">U\u010dinkovit elektri\u010dni mlin, niske potro\u0161nje 1000w<\/span><\/h6>\n<h6><strong>uklju\u010dena tehni\u010dka podr\u0161ka<\/strong><\/h6>","protected":false},"featured_media":2193,"comment_status":"open","ping_status":"closed","template":"","meta":{"wds_primary_product_brand":0,"wds_primary_product_cat":0},"product_brand":[],"product_cat":[30,65,67,68],"product_tag":[],"class_list":{"0":"post-2192","1":"product","2":"type-product","3":"status-publish","4":"has-post-thumbnail","6":"product_cat-maquinaria-apicola","7":"product_cat-maquinaria-industrial-para-procesar-fruta-verdura-panales","8":"product_cat-prensas-de-frutas-trituradoras","9":"product_cat-trituradoras-picadoras-de-frutas-y-verduras","11":"first","12":"instock","13":"sale","14":"taxable","15":"shipping-taxable","16":"purchasable","17":"product-type-simple"},"yoast_head":"<!-- This site is optimized with the Yoast SEO Premium plugin v24.9 (Yoast SEO v26.1) - https:\/\/yoast.com\/wordpress\/plugins\/seo\/ -->\n<title>Molinillo el\u00e9ctrico, trituradora de fruta o verdura 1000 kg\/h - distribuci\u00f3n ARC<\/title>\n<meta name=\"robots\" content=\"index, follow, max-snippet:-1, max-image-preview:large, max-video-preview:-1\" \/>\n<link rel=\"canonical\" href=\"https:\/\/distribucionarc.com\/hr\/proizvod\/elektricni-mlinac-drobilica-za-voce-ili-povrce-1000-kg-h\/\" \/>\n<meta property=\"og:locale\" content=\"hr_HR\" \/>\n<meta property=\"og:type\" content=\"article\" \/>\n<meta property=\"og:title\" content=\"Molinillo el\u00e9ctrico, trituradora de fruta o verdura 1000 kg\/h\" \/>\n<meta property=\"og:description\" content=\"Molinillo el\u00e9ctrico, trituradora de fruta o verdura 1000 kg\/h Este molinillo de frutas ARC es la herramienta ideal. Con \u00e9l, puede picar f\u00e1cilmente variedad de frutas duras o incluso con semilla. La forma m\u00e1s eficaz de hacer zumos naturales, macerados o pur\u00e9s de frutas. Gracias a la potencia eficiente de su motor y sus aspas de acero inox afiladas el proceso de picado ser\u00e1 instant\u00e1neo. Garant\u00eda\u00a0ARC 2 A\u00d1OS Molinillo el\u00e9ctrico eficiente, bajo consumo 1000w soporte t\u00e9cnico incluido\" \/>\n<meta property=\"og:url\" content=\"https:\/\/distribucionarc.com\/hr\/proizvod\/elektricni-mlinac-drobilica-za-voce-ili-povrce-1000-kg-h\/\" \/>\n<meta property=\"og:site_name\" content=\"distribuci\u00f3n ARC\" \/>\n<meta property=\"article:modified_time\" content=\"2020-09-30T10:40:56+00:00\" \/>\n<meta property=\"og:image\" content=\"https:\/\/distribucionarc.com\/wp-content\/uploads\/2020\/08\/Molinillo-electrico-trituradora-de-fruta-o-verdura-1000-kgh-0.jpg\" \/>\n\t<meta property=\"og:image:width\" content=\"1000\" \/>\n\t<meta property=\"og:image:height\" content=\"1000\" \/>\n\t<meta property=\"og:image:type\" content=\"image\/jpeg\" \/>\n<meta name=\"twitter:card\" content=\"summary_large_image\" \/>\n<meta name=\"twitter:label1\" content=\"Procijenjeno vrijeme \u010ditanja\" \/>\n\t<meta name=\"twitter:data1\" content=\"1 minuta\" \/>\n<script type=\"application\/ld+json\" class=\"yoast-schema-graph\">{\"@context\":\"https:\/\/schema.org\",\"@graph\":[{\"@type\":\"WebPage\",\"@id\":\"https:\/\/distribucionarc.com\/ro\/producto\/molinillo-electrico-trituradora-de-fruta-o-verdura-1000-kg-h\/\",\"url\":\"https:\/\/distribucionarc.com\/ro\/producto\/molinillo-electrico-trituradora-de-fruta-o-verdura-1000-kg-h\/\",\"name\":\"Molinillo el\u00e9ctrico, trituradora de fruta o verdura 1000 kg\/h - distribuci\u00f3n ARC\",\"isPartOf\":{\"@id\":\"https:\/\/www.distribucionarc.com\/sl\/#website\"},\"primaryImageOfPage\":{\"@id\":\"https:\/\/distribucionarc.com\/ro\/producto\/molinillo-electrico-trituradora-de-fruta-o-verdura-1000-kg-h\/#primaryimage\"},\"image\":{\"@id\":\"https:\/\/distribucionarc.com\/ro\/producto\/molinillo-electrico-trituradora-de-fruta-o-verdura-1000-kg-h\/#primaryimage\"},\"thumbnailUrl\":\"https:\/\/distribucionarc.com\/wp-content\/uploads\/2020\/08\/Molinillo-electrico-trituradora-de-fruta-o-verdura-1000-kgh-0.jpg\",\"datePublished\":\"2020-08-12T10:39:03+00:00\",\"dateModified\":\"2020-09-30T10:40:56+00:00\",\"breadcrumb\":{\"@id\":\"https:\/\/distribucionarc.com\/ro\/producto\/molinillo-electrico-trituradora-de-fruta-o-verdura-1000-kg-h\/#breadcrumb\"},\"inLanguage\":\"hr\",\"potentialAction\":[{\"@type\":\"ReadAction\",\"target\":[\"https:\/\/distribucionarc.com\/ro\/producto\/molinillo-electrico-trituradora-de-fruta-o-verdura-1000-kg-h\/\"]}]},{\"@type\":\"ImageObject\",\"inLanguage\":\"hr\",\"@id\":\"https:\/\/distribucionarc.com\/ro\/producto\/molinillo-electrico-trituradora-de-fruta-o-verdura-1000-kg-h\/#primaryimage\",\"url\":\"https:\/\/distribucionarc.com\/wp-content\/uploads\/2020\/08\/Molinillo-electrico-trituradora-de-fruta-o-verdura-1000-kgh-0.jpg\",\"contentUrl\":\"https:\/\/distribucionarc.com\/wp-content\/uploads\/2020\/08\/Molinillo-electrico-trituradora-de-fruta-o-verdura-1000-kgh-0.jpg\",\"width\":1000,\"height\":1000,\"caption\":\"Molinillo el\u00e9ctrico trituradora de fruta o verudra 1000 Kg\/h\"},{\"@type\":\"BreadcrumbList\",\"@id\":\"https:\/\/distribucionarc.com\/ro\/producto\/molinillo-electrico-trituradora-de-fruta-o-verdura-1000-kg-h\/#breadcrumb\",\"itemListElement\":[{\"@type\":\"ListItem\",\"position\":1,\"name\":\"Portada\",\"item\":\"https:\/\/www.distribucionarc.com\/\"},{\"@type\":\"ListItem\",\"position\":2,\"name\":\"\u00dcr\u00fcnler\",\"item\":\"https:\/\/www.distribucionarc.com\/tr\/magaza\/\"},{\"@type\":\"ListItem\",\"position\":3,\"name\":\"Molinillo el\u00e9ctrico, trituradora de fruta o verdura 1000 kg\/h\"}]},{\"@type\":\"WebSite\",\"@id\":\"https:\/\/www.distribucionarc.com\/sl\/#website\",\"url\":\"https:\/\/www.distribucionarc.com\/sl\/\",\"name\":\"distribuci\u00f3n ARC\",\"description\":\"Empresa especializada en la fabricaci\u00f3n y distribuci\u00f3n de maquinaria industrial, selladoras de latas, Maquinas de hacer pastillas, Maquinas de cortar carne...\",\"publisher\":{\"@id\":\"https:\/\/www.distribucionarc.com\/sl\/#organization\"},\"potentialAction\":[{\"@type\":\"SearchAction\",\"target\":{\"@type\":\"EntryPoint\",\"urlTemplate\":\"https:\/\/www.distribucionarc.com\/sl\/?s={search_term_string}\"},\"query-input\":{\"@type\":\"PropertyValueSpecification\",\"valueRequired\":true,\"valueName\":\"search_term_string\"}}],\"inLanguage\":\"hr\"},{\"@type\":\"Organization\",\"@id\":\"https:\/\/www.distribucionarc.com\/sl\/#organization\",\"name\":\"Distribuci\u00f3n ARC\",\"url\":\"https:\/\/www.distribucionarc.com\/sl\/\",\"logo\":{\"@type\":\"ImageObject\",\"inLanguage\":\"hr\",\"@id\":\"https:\/\/www.distribucionarc.com\/sl\/#\/schema\/logo\/image\/\",\"url\":\"https:\/\/distribucionarc.com\/wp-content\/uploads\/2024\/10\/distribucion-ARC-COLOR-SIN-FONDO-e1732295305345.png\",\"contentUrl\":\"https:\/\/distribucionarc.com\/wp-content\/uploads\/2024\/10\/distribucion-ARC-COLOR-SIN-FONDO-e1732295305345.png\",\"width\":1164,\"height\":558,\"caption\":\"Distribuci\u00f3n ARC\"},\"image\":{\"@id\":\"https:\/\/www.distribucionarc.com\/sl\/#\/schema\/logo\/image\/\"},\"description\":\"Empresa especializada en la fabricaci\u00f3n y distribuci\u00f3n de maquinaria industrial para los sectores alimentario y farmac\u00e9utico. Nos especializamos en: M\u00e1quinas de cortar carne Fabricaci\u00f3n de comprimidos Sistemas de transporte industrial L\u00edneas de embotellado Dosificadores Y mucho m\u00e1s... Ofrecemos soluciones innovadoras y personalizadas para optimizar los procesos productivos de tu empresa.\",\"email\":\"Admistracion@distribucionarc.com\",\"telephone\":\"+34 643496664\",\"legalName\":\"ARC TECH SOLUTIONS\",\"foundingDate\":\"2024-04-09\",\"vatID\":\"B55480172\",\"numberOfEmployees\":{\"@type\":\"QuantitativeValue\",\"minValue\":\"1\",\"maxValue\":\"10\"}}]}<\/script>\n<!-- \/ Yoast SEO Premium plugin. -->","yoast_head_json":{"title":"Elektri\u010dni mlin, drobilica vo\u0107a ili povr\u0107a 1000 kg\/h - ARC distribucija","robots":{"index":"index","follow":"follow","max-snippet":"max-snippet:-1","max-image-preview":"max-image-preview:large","max-video-preview":"max-video-preview:-1"},"canonical":"https:\/\/distribucionarc.com\/hr\/proizvod\/elektricni-mlinac-drobilica-za-voce-ili-povrce-1000-kg-h\/","og_locale":"hr_HR","og_type":"article","og_title":"Molinillo el\u00e9ctrico, trituradora de fruta o verdura 1000 kg\/h","og_description":"Molinillo el\u00e9ctrico, trituradora de fruta o verdura 1000 kg\/h Este molinillo de frutas ARC es la herramienta ideal. Con \u00e9l, puede picar f\u00e1cilmente variedad de frutas duras o incluso con semilla. La forma m\u00e1s eficaz de hacer zumos naturales, macerados o pur\u00e9s de frutas. Gracias a la potencia eficiente de su motor y sus aspas de acero inox afiladas el proceso de picado ser\u00e1 instant\u00e1neo. Garant\u00eda\u00a0ARC 2 A\u00d1OS Molinillo el\u00e9ctrico eficiente, bajo consumo 1000w soporte t\u00e9cnico incluido","og_url":"https:\/\/distribucionarc.com\/hr\/proizvod\/elektricni-mlinac-drobilica-za-voce-ili-povrce-1000-kg-h\/","og_site_name":"distribuci\u00f3n ARC","article_modified_time":"2020-09-30T10:40:56+00:00","og_image":[{"width":1000,"height":1000,"url":"https:\/\/distribucionarc.com\/wp-content\/uploads\/2020\/08\/Molinillo-electrico-trituradora-de-fruta-o-verdura-1000-kgh-0.jpg","type":"image\/jpeg"}],"twitter_card":"summary_large_image","twitter_misc":{"Procijenjeno vrijeme \u010ditanja":"1 minuta"},"schema":{"@context":"https:\/\/schema.org","@graph":[{"@type":"WebPage","@id":"https:\/\/distribucionarc.com\/ro\/producto\/molinillo-electrico-trituradora-de-fruta-o-verdura-1000-kg-h\/","url":"https:\/\/distribucionarc.com\/ro\/producto\/molinillo-electrico-trituradora-de-fruta-o-verdura-1000-kg-h\/","name":"Elektri\u010dni mlin, drobilica vo\u0107a ili povr\u0107a 1000 kg\/h - ARC distribucija","isPartOf":{"@id":"https:\/\/www.distribucionarc.com\/sl\/#website"},"primaryImageOfPage":{"@id":"https:\/\/distribucionarc.com\/ro\/producto\/molinillo-electrico-trituradora-de-fruta-o-verdura-1000-kg-h\/#primaryimage"},"image":{"@id":"https:\/\/distribucionarc.com\/ro\/producto\/molinillo-electrico-trituradora-de-fruta-o-verdura-1000-kg-h\/#primaryimage"},"thumbnailUrl":"https:\/\/distribucionarc.com\/wp-content\/uploads\/2020\/08\/Molinillo-electrico-trituradora-de-fruta-o-verdura-1000-kgh-0.jpg","datePublished":"2020-08-12T10:39:03+00:00","dateModified":"2020-09-30T10:40:56+00:00","breadcrumb":{"@id":"https:\/\/distribucionarc.com\/ro\/producto\/molinillo-electrico-trituradora-de-fruta-o-verdura-1000-kg-h\/#breadcrumb"},"inLanguage":"hr","potentialAction":[{"@type":"ReadAction","target":["https:\/\/distribucionarc.com\/ro\/producto\/molinillo-electrico-trituradora-de-fruta-o-verdura-1000-kg-h\/"]}]},{"@type":"ImageObject","inLanguage":"hr","@id":"https:\/\/distribucionarc.com\/ro\/producto\/molinillo-electrico-trituradora-de-fruta-o-verdura-1000-kg-h\/#primaryimage","url":"https:\/\/distribucionarc.com\/wp-content\/uploads\/2020\/08\/Molinillo-electrico-trituradora-de-fruta-o-verdura-1000-kgh-0.jpg","contentUrl":"https:\/\/distribucionarc.com\/wp-content\/uploads\/2020\/08\/Molinillo-electrico-trituradora-de-fruta-o-verdura-1000-kgh-0.jpg","width":1000,"height":1000,"caption":"Molinillo el\u00e9ctrico trituradora de fruta o verudra 1000 Kg\/h"},{"@type":"BreadcrumbList","@id":"https:\/\/distribucionarc.com\/ro\/producto\/molinillo-electrico-trituradora-de-fruta-o-verdura-1000-kg-h\/#breadcrumb","itemListElement":[{"@type":"ListItem","position":1,"name":"Portada","item":"https:\/\/www.distribucionarc.com\/"},{"@type":"ListItem","position":2,"name":"\u00dcr\u00fcnler","item":"https:\/\/www.distribucionarc.com\/tr\/magaza\/"},{"@type":"ListItem","position":3,"name":"Molinillo el\u00e9ctrico, trituradora de fruta o verdura 1000 kg\/h"}]},{"@type":"WebSite","@id":"https:\/\/www.distribucionarc.com\/sl\/#website","url":"https:\/\/www.distribucionarc.com\/sl\/","name":"ARC distribucija","description":"Tvrtka specijalizirana za proizvodnju i distribuciju industrijskih strojeva, strojeva za zatvaranje limenki, strojeva za izradu pilula, strojeva za rezanje mesa itd.","publisher":{"@id":"https:\/\/www.distribucionarc.com\/sl\/#organization"},"potentialAction":[{"@type":"SearchAction","target":{"@type":"EntryPoint","urlTemplate":"https:\/\/www.distribucionarc.com\/sl\/?s={search_term_string}"},"query-input":{"@type":"PropertyValueSpecification","valueRequired":true,"valueName":"search_term_string"}}],"inLanguage":"hr"},{"@type":"Organization","@id":"https:\/\/www.distribucionarc.com\/sl\/#organization","name":"ARC distribucija","url":"https:\/\/www.distribucionarc.com\/sl\/","logo":{"@type":"ImageObject","inLanguage":"hr","@id":"https:\/\/www.distribucionarc.com\/sl\/#\/schema\/logo\/image\/","url":"https:\/\/distribucionarc.com\/wp-content\/uploads\/2024\/10\/distribucion-ARC-COLOR-SIN-FONDO-e1732295305345.png","contentUrl":"https:\/\/distribucionarc.com\/wp-content\/uploads\/2024\/10\/distribucion-ARC-COLOR-SIN-FONDO-e1732295305345.png","width":1164,"height":558,"caption":"Distribuci\u00f3n ARC"},"image":{"@id":"https:\/\/www.distribucionarc.com\/sl\/#\/schema\/logo\/image\/"},"description":"Tvrtka specijalizirana za proizvodnju i distribuciju industrijskih strojeva za prehrambeni i farmaceutski sektor. Specijalizirani smo za: Strojeve za rezanje mesa Proizvodnja tableta Industrijske transportne sustave Linije za punjenje Strojevi za doziranje I jo\u0161 mnogo toga... Nudimo inovativna i prilago\u0111ena rje\u0161enja za optimizaciju proizvodnih procesa Va\u0161e tvrtke.","email":"Admistracion@distribucionarc.com","telephone":"+34 643496664","legalName":"ARC TECH SOLUTIONS","foundingDate":"2024-04-09","vatID":"B55480172","numberOfEmployees":{"@type":"QuantitativeValue","minValue":"1","maxValue":"10"}}]}},"_links":{"self":[{"href":"https:\/\/distribucionarc.com\/hr\/wp-json\/wp\/v2\/product\/2192","targetHints":{"allow":["GET"]}}],"collection":[{"href":"https:\/\/distribucionarc.com\/hr\/wp-json\/wp\/v2\/product"}],"about":[{"href":"https:\/\/distribucionarc.com\/hr\/wp-json\/wp\/v2\/types\/product"}],"replies":[{"embeddable":true,"href":"https:\/\/distribucionarc.com\/hr\/wp-json\/wp\/v2\/comments?post=2192"}],"version-history":[{"count":0,"href":"https:\/\/distribucionarc.com\/hr\/wp-json\/wp\/v2\/product\/2192\/revisions"}],"wp:featuredmedia":[{"embeddable":true,"href":"https:\/\/distribucionarc.com\/hr\/wp-json\/wp\/v2\/media\/2193"}],"wp:attachment":[{"href":"https:\/\/distribucionarc.com\/hr\/wp-json\/wp\/v2\/media?parent=2192"}],"wp:term":[{"taxonomy":"product_brand","embeddable":true,"href":"https:\/\/distribucionarc.com\/hr\/wp-json\/wp\/v2\/product_brand?post=2192"},{"taxonomy":"product_cat","embeddable":true,"href":"https:\/\/distribucionarc.com\/hr\/wp-json\/wp\/v2\/product_cat?post=2192"},{"taxonomy":"product_tag","embeddable":true,"href":"https:\/\/distribucionarc.com\/hr\/wp-json\/wp\/v2\/product_tag?post=2192"}],"curies":[{"name":"radni list","href":"https:\/\/api.w.org\/{rel}","templated":true}]}}