{"id":2213,"date":"2020-08-12T12:24:14","date_gmt":"2020-08-12T12:24:14","guid":{"rendered":"https:\/\/distribucionarc.com\/?post_type=product&#038;p=2213"},"modified":"2020-09-30T10:54:15","modified_gmt":"2020-09-30T10:54:15","slug":"pusnica-za-kosnice-dimnjak-za-pcele","status":"publish","type":"product","link":"https:\/\/distribucionarc.com\/hr\/producto\/ahumador-para-colmenas-soplador-de-humo-para-abejas\/","title":{"rendered":"Dimnica za ko\u0161nice, dimnjak za p\u010dele\u00a0"},"content":{"rendered":"<h3>Dimnica za ko\u0161nice, dimnjak za p\u010dele<\/h3>\n<p>Za\u0161titna re\u0161etka oko kotla slu\u017ei kao toplinski \u0161tit; dakle, \u0161tite\u0107i korisnika od opeklina. Ima kuke pri\u010dvr\u0161\u0107ene za re\u0161etku koje vam omogu\u0107uju jednostavno vje\u0161anje <strong>puhalo za dim <span style=\"color: #ff0000;\">DO<\/span><span style=\"color: #0000ff;\">R<\/span>CSHA0<\/strong>1. Izbu\u0161ene rupe na dnu osiguravaju optimalnu ventilaciju tako da dim mo\u017ee posti\u0107i svoj puni potencijal.<\/p>\n<p>On <strong>dimilica p\u010dela <span style=\"color: #ff0000;\">DO<\/span><span style=\"color: #0000ff;\">R<\/span>c<\/strong> Ima promjer 10,5 cm. Mjeh je izra\u0111en od izdr\u017eljive gove\u0111e ko\u017ee i stoga omogu\u0107uje prakti\u010dnu i profesionalnu upotrebu. Kotao je izra\u0111en od pocin\u010danog \u010delika, kako bi se osigurala otpornost na visoke temperature.<\/p>\n<h6><strong>Jamstvo\u00a0<\/strong><span style=\"color: #ff0000;\"><strong>DO<\/strong><\/span><span style=\"color: #0000ff;\"><strong>R<\/strong><\/span><strong>C 2 GODINE<\/strong><\/h6>\n<h6><strong>uklju\u010dena tehni\u010dka podr\u0161ka<\/strong><\/h6>\n<p>&nbsp;<\/p>\n<table width=\"100%\">\n<tbody>\n<tr>\n<td width=\"18%\">Zemlja distribucije:<\/td>\n<td width=\"29%\">\u0160panjolska, Njema\u010dka, SAD<\/td>\n<td width=\"20%\">Te\u017eina:<\/td>\n<td width=\"30%\">0,72 kg<\/td>\n<\/tr>\n<tr>\n<td width=\"18%\">Marka:<\/td>\n<td width=\"29%\">LUK<\/td>\n<td width=\"20%\">Visina:<\/td>\n<td width=\"30%\">10,4 cm<\/td>\n<\/tr>\n<tr>\n<td width=\"18%\">Boja:<\/td>\n<td width=\"29%\">Srebro<\/td>\n<td width=\"20%\">dugo:<\/td>\n<td width=\"30%\">\u00a028 cm<\/td>\n<\/tr>\n<tr>\n<td width=\"18%\">Vrsta proizvoda:<\/td>\n<td width=\"29%\">sokovnik za vo\u0107e, pre\u0161a za vino<\/td>\n<td width=\"20%\">\u0160iroko:<\/td>\n<td width=\"30%\">28 cm<\/td>\n<\/tr>\n<tr>\n<td width=\"18%\">Proizvo\u0111a\u010dki broj:<\/td>\n<td width=\"29%\">ARCSHA01<\/td>\n<td width=\"20%\">Promjer:<\/td>\n<td width=\"30%\">28 cm<\/td>\n<\/tr>\n<tr>\n<td width=\"18%\">Materijal:<\/td>\n<td width=\"29%\">\u00a0pocin\u010dani \u010delik, gove\u0111a ko\u017ea<\/td>\n<td colspan=\"2\" width=\"50%\">&nbsp;<\/td>\n<\/tr>\n<\/tbody>\n<\/table>","protected":false},"excerpt":{"rendered":"<h2>Dimnica za ko\u0161nice, dimnjak za p\u010dele<\/h2>\n<p>Za\u0161titite se od uboda bez uznemiravanja roja. On <strong>puhalo za dim <span style=\"color: #ff0000;\">DO<\/span><span style=\"color: #0000ff;\">R<\/span>c<\/strong> Izra\u0111en od pocin\u010danog \u010delika i visokokvalitetne kravlje ko\u017ee, savr\u0161en je za amatere, po\u010detnike i profesionalne p\u010delare zahvaljuju\u0107i jednostavnom rukovanju.<\/p>\n<h6><strong>Jamstvo\u00a0<\/strong><span style=\"color: #ff0000;\"><strong>DO<\/strong><\/span><span style=\"color: #0000ff;\"><strong>R<\/strong><\/span><strong>C 2 GODINE<\/strong><\/h6>\n<h6><strong>uklju\u010dena tehni\u010dka podr\u0161ka<\/strong><\/h6>","protected":false},"featured_media":2216,"comment_status":"open","ping_status":"closed","template":"","meta":{"wds_primary_product_brand":0,"wds_primary_product_cat":0},"product_brand":[],"product_cat":[30],"product_tag":[],"class_list":{"0":"post-2213","1":"product","2":"type-product","3":"status-publish","4":"has-post-thumbnail","6":"product_cat-maquinaria-apicola","8":"first","9":"instock","10":"sale","11":"taxable","12":"shipping-taxable","13":"purchasable","14":"product-type-simple"},"yoast_head":"<!-- This site is optimized with the Yoast SEO Premium plugin v24.9 (Yoast SEO v26.1) - https:\/\/yoast.com\/wordpress\/plugins\/seo\/ -->\n<title>Ahumador para colmenas, soplador de humo para abejas\u00a0 - distribuci\u00f3n ARC<\/title>\n<meta name=\"robots\" content=\"index, follow, max-snippet:-1, max-image-preview:large, max-video-preview:-1\" \/>\n<link rel=\"canonical\" href=\"https:\/\/distribucionarc.com\/hr\/proizvod\/pusnica-za-kosnice-dimnjak-za-pcele\/\" \/>\n<meta property=\"og:locale\" content=\"hr_HR\" \/>\n<meta property=\"og:type\" content=\"article\" \/>\n<meta property=\"og:title\" content=\"Ahumador para colmenas, soplador de humo para abejas\u00a0\" \/>\n<meta property=\"og:description\" content=\"Ahumador para colmenas, soplador de humo para abejas Prot\u00e9gete de las picaduras sin molestar al enjambre.\u00a0El soplador de humo ARC fabricado en acero galvanizado y piel de vacuno de alta calidad es perfecto para apicultores aficionados, principiantes y profesionales gracias a su sencillo funcionamiento. Garant\u00eda\u00a0ARC 2 A\u00d1OS soporte t\u00e9cnico\u00a0incluido\" \/>\n<meta property=\"og:url\" content=\"https:\/\/distribucionarc.com\/hr\/proizvod\/pusnica-za-kosnice-dimnjak-za-pcele\/\" \/>\n<meta property=\"og:site_name\" content=\"distribuci\u00f3n ARC\" \/>\n<meta property=\"article:modified_time\" content=\"2020-09-30T10:54:15+00:00\" \/>\n<meta property=\"og:image\" content=\"https:\/\/distribucionarc.com\/wp-content\/uploads\/2020\/08\/Ahumador-para-colmenas-soplador-de-humo-para-abejas-2.jpg\" \/>\n\t<meta property=\"og:image:width\" content=\"1000\" \/>\n\t<meta property=\"og:image:height\" content=\"1000\" \/>\n\t<meta property=\"og:image:type\" content=\"image\/jpeg\" \/>\n<meta name=\"twitter:card\" content=\"summary_large_image\" \/>\n<meta name=\"twitter:label1\" content=\"Procijenjeno vrijeme \u010ditanja\" \/>\n\t<meta name=\"twitter:data1\" content=\"1 minuta\" \/>\n<script type=\"application\/ld+json\" class=\"yoast-schema-graph\">{\"@context\":\"https:\/\/schema.org\",\"@graph\":[{\"@type\":\"WebPage\",\"@id\":\"https:\/\/distribucionarc.com\/lt\/producto\/ahumador-para-colmenas-soplador-de-humo-para-abejas\/\",\"url\":\"https:\/\/distribucionarc.com\/lt\/producto\/ahumador-para-colmenas-soplador-de-humo-para-abejas\/\",\"name\":\"Ahumador para colmenas, soplador de humo para abejas\u00a0 - distribuci\u00f3n ARC\",\"isPartOf\":{\"@id\":\"https:\/\/distribucionarc.com\/de\/#website\"},\"primaryImageOfPage\":{\"@id\":\"https:\/\/distribucionarc.com\/lt\/producto\/ahumador-para-colmenas-soplador-de-humo-para-abejas\/#primaryimage\"},\"image\":{\"@id\":\"https:\/\/distribucionarc.com\/lt\/producto\/ahumador-para-colmenas-soplador-de-humo-para-abejas\/#primaryimage\"},\"thumbnailUrl\":\"https:\/\/distribucionarc.com\/wp-content\/uploads\/2020\/08\/Ahumador-para-colmenas-soplador-de-humo-para-abejas-2.jpg\",\"datePublished\":\"2020-08-12T12:24:14+00:00\",\"dateModified\":\"2020-09-30T10:54:15+00:00\",\"breadcrumb\":{\"@id\":\"https:\/\/distribucionarc.com\/lt\/producto\/ahumador-para-colmenas-soplador-de-humo-para-abejas\/#breadcrumb\"},\"inLanguage\":\"hr\",\"potentialAction\":[{\"@type\":\"ReadAction\",\"target\":[\"https:\/\/distribucionarc.com\/lt\/producto\/ahumador-para-colmenas-soplador-de-humo-para-abejas\/\"]}]},{\"@type\":\"ImageObject\",\"inLanguage\":\"hr\",\"@id\":\"https:\/\/distribucionarc.com\/lt\/producto\/ahumador-para-colmenas-soplador-de-humo-para-abejas\/#primaryimage\",\"url\":\"https:\/\/distribucionarc.com\/wp-content\/uploads\/2020\/08\/Ahumador-para-colmenas-soplador-de-humo-para-abejas-2.jpg\",\"contentUrl\":\"https:\/\/distribucionarc.com\/wp-content\/uploads\/2020\/08\/Ahumador-para-colmenas-soplador-de-humo-para-abejas-2.jpg\",\"width\":1000,\"height\":1000,\"caption\":\"Ahumador para colmenas soplador de humo para abejas\"},{\"@type\":\"BreadcrumbList\",\"@id\":\"https:\/\/distribucionarc.com\/lt\/producto\/ahumador-para-colmenas-soplador-de-humo-para-abejas\/#breadcrumb\",\"itemListElement\":[{\"@type\":\"ListItem\",\"position\":1,\"name\":\"Portada\",\"item\":\"https:\/\/distribucionarc.com\/pl\/\"},{\"@type\":\"ListItem\",\"position\":2,\"name\":\"Produkty\",\"item\":\"https:\/\/distribucionarc.com\/pl\/shop\/\"},{\"@type\":\"ListItem\",\"position\":3,\"name\":\"Ahumador para colmenas, soplador de humo para abejas\u00a0\"}]},{\"@type\":\"WebSite\",\"@id\":\"https:\/\/distribucionarc.com\/de\/#website\",\"url\":\"https:\/\/distribucionarc.com\/de\/\",\"name\":\"distribuci\u00f3n ARC\",\"description\":\"Empresa especializada en la fabricaci\u00f3n y distribuci\u00f3n de maquinaria industrial, selladoras de latas, Maquinas de hacer pastillas, Maquinas de cortar carne...\",\"publisher\":{\"@id\":\"https:\/\/distribucionarc.com\/de\/#organization\"},\"potentialAction\":[{\"@type\":\"SearchAction\",\"target\":{\"@type\":\"EntryPoint\",\"urlTemplate\":\"https:\/\/distribucionarc.com\/de\/?s={search_term_string}\"},\"query-input\":{\"@type\":\"PropertyValueSpecification\",\"valueRequired\":true,\"valueName\":\"search_term_string\"}}],\"inLanguage\":\"hr\"},{\"@type\":\"Organization\",\"@id\":\"https:\/\/distribucionarc.com\/de\/#organization\",\"name\":\"Distribuci\u00f3n ARC\",\"url\":\"https:\/\/distribucionarc.com\/de\/\",\"logo\":{\"@type\":\"ImageObject\",\"inLanguage\":\"hr\",\"@id\":\"https:\/\/distribucionarc.com\/de\/#\/schema\/logo\/image\/\",\"url\":\"https:\/\/distribucionarc.com\/wp-content\/uploads\/2024\/10\/distribucion-ARC-COLOR-SIN-FONDO-e1732295305345.png\",\"contentUrl\":\"https:\/\/distribucionarc.com\/wp-content\/uploads\/2024\/10\/distribucion-ARC-COLOR-SIN-FONDO-e1732295305345.png\",\"width\":1164,\"height\":558,\"caption\":\"Distribuci\u00f3n ARC\"},\"image\":{\"@id\":\"https:\/\/distribucionarc.com\/de\/#\/schema\/logo\/image\/\"},\"description\":\"Empresa especializada en la fabricaci\u00f3n y distribuci\u00f3n de maquinaria industrial para los sectores alimentario y farmac\u00e9utico. Nos especializamos en: M\u00e1quinas de cortar carne Fabricaci\u00f3n de comprimidos Sistemas de transporte industrial L\u00edneas de embotellado Dosificadores Y mucho m\u00e1s... Ofrecemos soluciones innovadoras y personalizadas para optimizar los procesos productivos de tu empresa.\",\"email\":\"Admistracion@distribucionarc.com\",\"telephone\":\"+34 643496664\",\"legalName\":\"ARC TECH SOLUTIONS\",\"foundingDate\":\"2024-04-09\",\"vatID\":\"B55480172\",\"numberOfEmployees\":{\"@type\":\"QuantitativeValue\",\"minValue\":\"1\",\"maxValue\":\"10\"}}]}<\/script>\n<!-- \/ Yoast SEO Premium plugin. -->","yoast_head_json":{"title":"Dimnica za ko\u0161nice, dimnjak za p\u010dele - ARC distribucija","robots":{"index":"index","follow":"follow","max-snippet":"max-snippet:-1","max-image-preview":"max-image-preview:large","max-video-preview":"max-video-preview:-1"},"canonical":"https:\/\/distribucionarc.com\/hr\/proizvod\/pusnica-za-kosnice-dimnjak-za-pcele\/","og_locale":"hr_HR","og_type":"article","og_title":"Ahumador para colmenas, soplador de humo para abejas\u00a0","og_description":"Ahumador para colmenas, soplador de humo para abejas Prot\u00e9gete de las picaduras sin molestar al enjambre.\u00a0El soplador de humo ARC fabricado en acero galvanizado y piel de vacuno de alta calidad es perfecto para apicultores aficionados, principiantes y profesionales gracias a su sencillo funcionamiento. Garant\u00eda\u00a0ARC 2 A\u00d1OS soporte t\u00e9cnico\u00a0incluido","og_url":"https:\/\/distribucionarc.com\/hr\/proizvod\/pusnica-za-kosnice-dimnjak-za-pcele\/","og_site_name":"distribuci\u00f3n ARC","article_modified_time":"2020-09-30T10:54:15+00:00","og_image":[{"width":1000,"height":1000,"url":"https:\/\/distribucionarc.com\/wp-content\/uploads\/2020\/08\/Ahumador-para-colmenas-soplador-de-humo-para-abejas-2.jpg","type":"image\/jpeg"}],"twitter_card":"summary_large_image","twitter_misc":{"Procijenjeno vrijeme \u010ditanja":"1 minuta"},"schema":{"@context":"https:\/\/schema.org","@graph":[{"@type":"WebPage","@id":"https:\/\/distribucionarc.com\/lt\/producto\/ahumador-para-colmenas-soplador-de-humo-para-abejas\/","url":"https:\/\/distribucionarc.com\/lt\/producto\/ahumador-para-colmenas-soplador-de-humo-para-abejas\/","name":"Dimnica za ko\u0161nice, dimnjak za p\u010dele - ARC distribucija","isPartOf":{"@id":"https:\/\/distribucionarc.com\/de\/#website"},"primaryImageOfPage":{"@id":"https:\/\/distribucionarc.com\/lt\/producto\/ahumador-para-colmenas-soplador-de-humo-para-abejas\/#primaryimage"},"image":{"@id":"https:\/\/distribucionarc.com\/lt\/producto\/ahumador-para-colmenas-soplador-de-humo-para-abejas\/#primaryimage"},"thumbnailUrl":"https:\/\/distribucionarc.com\/wp-content\/uploads\/2020\/08\/Ahumador-para-colmenas-soplador-de-humo-para-abejas-2.jpg","datePublished":"2020-08-12T12:24:14+00:00","dateModified":"2020-09-30T10:54:15+00:00","breadcrumb":{"@id":"https:\/\/distribucionarc.com\/lt\/producto\/ahumador-para-colmenas-soplador-de-humo-para-abejas\/#breadcrumb"},"inLanguage":"hr","potentialAction":[{"@type":"ReadAction","target":["https:\/\/distribucionarc.com\/lt\/producto\/ahumador-para-colmenas-soplador-de-humo-para-abejas\/"]}]},{"@type":"ImageObject","inLanguage":"hr","@id":"https:\/\/distribucionarc.com\/lt\/producto\/ahumador-para-colmenas-soplador-de-humo-para-abejas\/#primaryimage","url":"https:\/\/distribucionarc.com\/wp-content\/uploads\/2020\/08\/Ahumador-para-colmenas-soplador-de-humo-para-abejas-2.jpg","contentUrl":"https:\/\/distribucionarc.com\/wp-content\/uploads\/2020\/08\/Ahumador-para-colmenas-soplador-de-humo-para-abejas-2.jpg","width":1000,"height":1000,"caption":"Ahumador para colmenas soplador de humo para abejas"},{"@type":"BreadcrumbList","@id":"https:\/\/distribucionarc.com\/lt\/producto\/ahumador-para-colmenas-soplador-de-humo-para-abejas\/#breadcrumb","itemListElement":[{"@type":"ListItem","position":1,"name":"Portada","item":"https:\/\/distribucionarc.com\/pl\/"},{"@type":"ListItem","position":2,"name":"Produkty","item":"https:\/\/distribucionarc.com\/pl\/shop\/"},{"@type":"ListItem","position":3,"name":"Ahumador para colmenas, soplador de humo para abejas\u00a0"}]},{"@type":"WebSite","@id":"https:\/\/distribucionarc.com\/de\/#website","url":"https:\/\/distribucionarc.com\/de\/","name":"ARC distribucija","description":"Tvrtka specijalizirana za proizvodnju i distribuciju industrijskih strojeva, strojeva za zatvaranje limenki, strojeva za izradu pilula, strojeva za rezanje mesa itd.","publisher":{"@id":"https:\/\/distribucionarc.com\/de\/#organization"},"potentialAction":[{"@type":"SearchAction","target":{"@type":"EntryPoint","urlTemplate":"https:\/\/distribucionarc.com\/de\/?s={search_term_string}"},"query-input":{"@type":"PropertyValueSpecification","valueRequired":true,"valueName":"search_term_string"}}],"inLanguage":"hr"},{"@type":"Organization","@id":"https:\/\/distribucionarc.com\/de\/#organization","name":"ARC distribucija","url":"https:\/\/distribucionarc.com\/de\/","logo":{"@type":"ImageObject","inLanguage":"hr","@id":"https:\/\/distribucionarc.com\/de\/#\/schema\/logo\/image\/","url":"https:\/\/distribucionarc.com\/wp-content\/uploads\/2024\/10\/distribucion-ARC-COLOR-SIN-FONDO-e1732295305345.png","contentUrl":"https:\/\/distribucionarc.com\/wp-content\/uploads\/2024\/10\/distribucion-ARC-COLOR-SIN-FONDO-e1732295305345.png","width":1164,"height":558,"caption":"Distribuci\u00f3n ARC"},"image":{"@id":"https:\/\/distribucionarc.com\/de\/#\/schema\/logo\/image\/"},"description":"Tvrtka specijalizirana za proizvodnju i distribuciju industrijskih strojeva za prehrambeni i farmaceutski sektor. Specijalizirani smo za: Strojeve za rezanje mesa Proizvodnja tableta Industrijske transportne sustave Linije za punjenje Strojevi za doziranje I jo\u0161 mnogo toga... Nudimo inovativna i prilago\u0111ena rje\u0161enja za optimizaciju proizvodnih procesa Va\u0161e tvrtke.","email":"Admistracion@distribucionarc.com","telephone":"+34 643496664","legalName":"ARC TECH SOLUTIONS","foundingDate":"2024-04-09","vatID":"B55480172","numberOfEmployees":{"@type":"QuantitativeValue","minValue":"1","maxValue":"10"}}]}},"_links":{"self":[{"href":"https:\/\/distribucionarc.com\/hr\/wp-json\/wp\/v2\/product\/2213","targetHints":{"allow":["GET"]}}],"collection":[{"href":"https:\/\/distribucionarc.com\/hr\/wp-json\/wp\/v2\/product"}],"about":[{"href":"https:\/\/distribucionarc.com\/hr\/wp-json\/wp\/v2\/types\/product"}],"replies":[{"embeddable":true,"href":"https:\/\/distribucionarc.com\/hr\/wp-json\/wp\/v2\/comments?post=2213"}],"version-history":[{"count":0,"href":"https:\/\/distribucionarc.com\/hr\/wp-json\/wp\/v2\/product\/2213\/revisions"}],"wp:featuredmedia":[{"embeddable":true,"href":"https:\/\/distribucionarc.com\/hr\/wp-json\/wp\/v2\/media\/2216"}],"wp:attachment":[{"href":"https:\/\/distribucionarc.com\/hr\/wp-json\/wp\/v2\/media?parent=2213"}],"wp:term":[{"taxonomy":"product_brand","embeddable":true,"href":"https:\/\/distribucionarc.com\/hr\/wp-json\/wp\/v2\/product_brand?post=2213"},{"taxonomy":"product_cat","embeddable":true,"href":"https:\/\/distribucionarc.com\/hr\/wp-json\/wp\/v2\/product_cat?post=2213"},{"taxonomy":"product_tag","embeddable":true,"href":"https:\/\/distribucionarc.com\/hr\/wp-json\/wp\/v2\/product_tag?post=2213"}],"curies":[{"name":"radni list","href":"https:\/\/api.w.org\/{rel}","templated":true}]}}