{"id":2286,"date":"2020-08-13T15:32:23","date_gmt":"2020-08-13T15:32:23","guid":{"rendered":"https:\/\/distribucionarc.com\/?post_type=product&#038;p=2286"},"modified":"2020-09-30T11:54:16","modified_gmt":"2020-09-30T11:54:16","slug":"sokovnik-rucni-mlin-za-sok","status":"publish","type":"product","link":"https:\/\/distribucionarc.com\/hr\/producto\/exprimidor-manual-molino-para-zumo\/","title":{"rendered":"Ru\u010dni sokovnik, mlin za sok"},"content":{"rendered":"<h3>Ru\u010dni sokovnik, mlin za sok<\/h3>\n<p>On <strong>stiskalica <\/strong>od<strong style=\"font-size: 16px;\">\u00a0<span style=\"color: #ff0000;\">DO<\/span><span style=\"color: #0000ff;\">R<\/span>c<\/strong><span style=\"font-size: 16px;\"> Izra\u0111en je od nehr\u0111aju\u0107eg \u010delika 304 s poliranom metalnom zavr\u0161nom obradom. Otporan na hr\u0111u i jednostavan za \u010di\u0161\u0107enje. Mre\u017easti filtar od nehr\u0111aju\u0107eg \u010delika 304 \u010dist je i higijenski te nije lako hr\u0111ati. U\u010dinkovito odvaja talog i sok. Zamjenski filter je uklju\u010den.<\/span><\/p>\n<p>On <strong>sokovnik<span style=\"color: #ff0000;\"> DO<\/span><span style=\"color: #0000ff;\">R<\/span>CMMP1<\/strong> Dolazi sa stezaljkom za stol na dnu za stabilno pri\u010dvr\u0161\u0107ivanje na povr\u0161inu (debljina stola trebala bi biti manja od 6 cm).<\/p>\n<p>Koristi osovinu <strong>ekstra dugi vijak s progresivnom tehnologijom ekstruzije<\/strong> Pet koraka za potpuno pre\u0161anje sastojaka i o\u010duvanje hranjivih tvari. Ergonomska drvena ru\u010dka koja se mo\u017ee lako ukloniti radi u\u0161tede prostora.<\/p>\n<p>Dolazi sa \u0161alicom za skupljanje soka, klipom za prakti\u010dno uvla\u010denje materijala, \u010detkom za jednostavno \u010di\u0161\u0107enje, klju\u010dem za otvaranje prednjeg poklopca i kukom za uklanjanje filtra.<\/p>\n<h6><strong>Jamstvo\u00a0<\/strong><span style=\"color: #ff0000;\"><strong>DO<\/strong><\/span><span style=\"color: #0000ff;\"><strong>R<\/strong><\/span><strong>C 2 GODINE<\/strong><\/h6>\n<h6><strong>uklju\u010dena tehni\u010dka podr\u0161ka<\/strong><\/h6>\n<p>&nbsp;<\/p>\n<p>&nbsp;<\/p>\n<table width=\"100%\">\n<tbody>\n<tr>\n<td>Tip:<\/td>\n<td width=\"50%\">Priru\u010dnik<\/td>\n<td colspan=\"2\" width=\"327\"><\/td>\n<\/tr>\n<tr>\n<td>Zemlja distribucije:<\/td>\n<td width=\"50%\">\u0160panjolska, Njema\u010dka, SAD<\/td>\n<td>Te\u017eina:<\/td>\n<td width=\"50%\">2,6 kg<\/td>\n<\/tr>\n<tr>\n<td>Marka:<\/td>\n<td width=\"50%\">LUK<\/td>\n<td>Visina:<\/td>\n<td width=\"50%\">32 cm<\/td>\n<\/tr>\n<tr>\n<td>Boja:<\/td>\n<td width=\"50%\">Srebro<\/td>\n<td>dugo:<\/td>\n<td width=\"50%\">\u00a012 cm<\/td>\n<\/tr>\n<tr>\n<td>Vrsta proizvoda:<\/td>\n<td width=\"50%\">sokovnik za vo\u0107e<\/td>\n<td>\u0160iroko:<\/td>\n<td width=\"50%\">20 cm<\/td>\n<\/tr>\n<tr>\n<td>Proizvo\u0111a\u010dki broj:<\/td>\n<td width=\"50%\">ARCMMP1<\/td>\n<td>Vrsta ekstrakcije:<\/td>\n<td width=\"50%\">ruku<\/td>\n<\/tr>\n<tr>\n<td>Materijal:<\/td>\n<td width=\"50%\">\u00a0nehr\u0111aju\u0107i \u010delik za hranu<\/td>\n<td>Veli\u010dina unosa:<\/td>\n<td width=\"50%\">8,6x8,6 cm<\/td>\n<\/tr>\n<tr>\n<td>Jamstvo:<\/td>\n<td width=\"50%\">2 GODINE<\/td>\n<td>Vrsta ru\u010dke:<\/td>\n<td width=\"50%\">potisak s klupe<\/td>\n<\/tr>\n<tr>\n<td>Alati za instalaciju:<\/td>\n<td width=\"50%\">Da<\/td>\n<td>Oprema:<\/td>\n<td width=\"50%\">Klip, \u010detka, klju\u010d, kuka, filter i \u010da\u0161ica<\/td>\n<\/tr>\n<\/tbody>\n<\/table>","protected":false},"excerpt":{"rendered":"<h2>Ru\u010dni sokovnik, mlin za sok<\/h2>\n<p>Ovaj <strong>sokovnik za vo\u0107e <span style=\"color: #ff0000;\">DO<\/span><span style=\"color: #0000ff;\">R<\/span>c<\/strong> Izra\u0111en je od nehr\u0111aju\u0107eg \u010delika 304, otporan je na hr\u0111u i higijenski je. Mlin se jednostavno sastavlja i lako \u010disti. Ima dizajn za pri\u010dvr\u0161\u0107ivanje stezaljke na stol, \u0161to osigurava sna\u017enu stabilnost tijekom procesa. Savr\u0161ena je za sok od p\u0161eni\u010dne trave, razno povr\u0107e i ve\u0107inu vo\u0107a.<\/p>\n<h6><strong>Jamstvo\u00a0<\/strong><span style=\"color: #ff0000;\"><strong>DO<\/strong><\/span><span style=\"color: #0000ff;\"><strong>R<\/strong><\/span><strong>C 2 GODINE<\/strong><\/h6>\n<h6><strong>uklju\u010dena tehni\u010dka podr\u0161ka<\/strong><\/h6>\n<div class=\"summary entry-summary\">\n<div class=\"quantity\"><label class=\"screen-reader-text\" for=\"quantity_5f35576ca79d3\">Vij\u010dana pre\u0161a, sokovnik, mini sokovnik 3L koli\u010dina<\/label><\/div>\n<\/div>","protected":false},"featured_media":2291,"comment_status":"open","ping_status":"closed","template":"","meta":{"wds_primary_product_brand":0,"wds_primary_product_cat":0},"product_brand":[],"product_cat":[30,56,67],"product_tag":[],"class_list":{"0":"post-2286","1":"product","2":"type-product","3":"status-publish","4":"has-post-thumbnail","6":"product_cat-maquinaria-apicola","7":"product_cat-maquinaria-para-ferias","8":"product_cat-prensas-de-frutas-trituradoras","9":"product_shipping_class-hosteleria","11":"first","12":"instock","13":"sale","14":"taxable","15":"shipping-taxable","16":"purchasable","17":"product-type-simple"},"yoast_head":"<!-- This site is optimized with the Yoast SEO Premium plugin v24.9 (Yoast SEO v26.1) - https:\/\/yoast.com\/wordpress\/plugins\/seo\/ -->\n<title>Exprimidor manual, molino para zumo - distribuci\u00f3n ARC<\/title>\n<meta name=\"robots\" content=\"index, follow, max-snippet:-1, max-image-preview:large, max-video-preview:-1\" \/>\n<link rel=\"canonical\" href=\"https:\/\/www.distribucionarc.com\/tr\/producto\/exprimidor-manual-molino-para-zumo\/\" \/>\n<meta property=\"og:locale\" content=\"hr_HR\" \/>\n<meta property=\"og:type\" content=\"article\" \/>\n<meta property=\"og:title\" content=\"Exprimidor manual, molino para zumo\" \/>\n<meta property=\"og:description\" content=\"Exprimidor manual, molino para zumo Este exprimidor de fruta ARC est\u00e1 hecho de acero inoxidable 304, es inoxidable e higi\u00e9nico. El molino es f\u00e1cil de montar y f\u00e1cil de limpiar. Tiene un dise\u00f1o para fijar la abrazadera a la mesa, lo que garantiza una fuerte estabilidad durante el proceso. Es perfecto para zumo de hierba de trigo, varias verduras y la mayor\u00eda de las frutas. Garant\u00eda\u00a0ARC 2 A\u00d1OS soporte t\u00e9cnico\u00a0incluido  Prensa de tornillo, extractor de zumo,\u00a0 mini exprimidor de frutas 3L cantidad\" \/>\n<meta property=\"og:url\" content=\"https:\/\/www.distribucionarc.com\/tr\/producto\/exprimidor-manual-molino-para-zumo\/\" \/>\n<meta property=\"og:site_name\" content=\"distribuci\u00f3n ARC\" \/>\n<meta property=\"article:modified_time\" content=\"2020-09-30T11:54:16+00:00\" \/>\n<meta property=\"og:image\" content=\"https:\/\/www.distribucionarc.com\/wp-content\/uploads\/2020\/08\/Exprimidor-manual-molino-para-zumo-0.jpg\" \/>\n\t<meta property=\"og:image:width\" content=\"1600\" \/>\n\t<meta property=\"og:image:height\" content=\"1600\" \/>\n\t<meta property=\"og:image:type\" content=\"image\/jpeg\" \/>\n<meta name=\"twitter:card\" content=\"summary_large_image\" \/>\n<meta name=\"twitter:label1\" content=\"Procijenjeno vrijeme \u010ditanja\" \/>\n\t<meta name=\"twitter:data1\" content=\"1 minuta\" \/>\n<script type=\"application\/ld+json\" class=\"yoast-schema-graph\">{\"@context\":\"https:\/\/schema.org\",\"@graph\":[{\"@type\":\"WebPage\",\"@id\":\"https:\/\/www.distribucionarc.com\/tr\/producto\/exprimidor-manual-molino-para-zumo\/\",\"url\":\"https:\/\/www.distribucionarc.com\/tr\/producto\/exprimidor-manual-molino-para-zumo\/\",\"name\":\"Exprimidor manual, molino para zumo - distribuci\u00f3n ARC\",\"isPartOf\":{\"@id\":\"https:\/\/www.distribucionarc.com\/sl\/#website\"},\"primaryImageOfPage\":{\"@id\":\"https:\/\/www.distribucionarc.com\/tr\/producto\/exprimidor-manual-molino-para-zumo\/#primaryimage\"},\"image\":{\"@id\":\"https:\/\/www.distribucionarc.com\/tr\/producto\/exprimidor-manual-molino-para-zumo\/#primaryimage\"},\"thumbnailUrl\":\"https:\/\/distribucionarc.com\/wp-content\/uploads\/2020\/08\/Exprimidor-manual-molino-para-zumo-0.jpg\",\"datePublished\":\"2020-08-13T15:32:23+00:00\",\"dateModified\":\"2020-09-30T11:54:16+00:00\",\"breadcrumb\":{\"@id\":\"https:\/\/www.distribucionarc.com\/tr\/producto\/exprimidor-manual-molino-para-zumo\/#breadcrumb\"},\"inLanguage\":\"hr\",\"potentialAction\":[{\"@type\":\"ReadAction\",\"target\":[\"https:\/\/www.distribucionarc.com\/tr\/producto\/exprimidor-manual-molino-para-zumo\/\"]}]},{\"@type\":\"ImageObject\",\"inLanguage\":\"hr\",\"@id\":\"https:\/\/www.distribucionarc.com\/tr\/producto\/exprimidor-manual-molino-para-zumo\/#primaryimage\",\"url\":\"https:\/\/distribucionarc.com\/wp-content\/uploads\/2020\/08\/Exprimidor-manual-molino-para-zumo-0.jpg\",\"contentUrl\":\"https:\/\/distribucionarc.com\/wp-content\/uploads\/2020\/08\/Exprimidor-manual-molino-para-zumo-0.jpg\",\"width\":1600,\"height\":1600,\"caption\":\"Exprimidor manual, molino para zumo\"},{\"@type\":\"BreadcrumbList\",\"@id\":\"https:\/\/www.distribucionarc.com\/tr\/producto\/exprimidor-manual-molino-para-zumo\/#breadcrumb\",\"itemListElement\":[{\"@type\":\"ListItem\",\"position\":1,\"name\":\"Portada\",\"item\":\"https:\/\/www.distribucionarc.com\/\"},{\"@type\":\"ListItem\",\"position\":2,\"name\":\"\u00dcr\u00fcnler\",\"item\":\"https:\/\/www.distribucionarc.com\/tr\/magaza\/\"},{\"@type\":\"ListItem\",\"position\":3,\"name\":\"Exprimidor manual, molino para zumo\"}]},{\"@type\":\"WebSite\",\"@id\":\"https:\/\/www.distribucionarc.com\/sl\/#website\",\"url\":\"https:\/\/www.distribucionarc.com\/sl\/\",\"name\":\"distribuci\u00f3n ARC\",\"description\":\"Empresa especializada en la fabricaci\u00f3n y distribuci\u00f3n de maquinaria industrial, selladoras de latas, Maquinas de hacer pastillas, Maquinas de cortar carne...\",\"publisher\":{\"@id\":\"https:\/\/www.distribucionarc.com\/sl\/#organization\"},\"potentialAction\":[{\"@type\":\"SearchAction\",\"target\":{\"@type\":\"EntryPoint\",\"urlTemplate\":\"https:\/\/www.distribucionarc.com\/sl\/?s={search_term_string}\"},\"query-input\":{\"@type\":\"PropertyValueSpecification\",\"valueRequired\":true,\"valueName\":\"search_term_string\"}}],\"inLanguage\":\"hr\"},{\"@type\":\"Organization\",\"@id\":\"https:\/\/www.distribucionarc.com\/sl\/#organization\",\"name\":\"Distribuci\u00f3n ARC\",\"url\":\"https:\/\/www.distribucionarc.com\/sl\/\",\"logo\":{\"@type\":\"ImageObject\",\"inLanguage\":\"hr\",\"@id\":\"https:\/\/www.distribucionarc.com\/sl\/#\/schema\/logo\/image\/\",\"url\":\"https:\/\/distribucionarc.com\/wp-content\/uploads\/2024\/10\/distribucion-ARC-COLOR-SIN-FONDO-e1732295305345.png\",\"contentUrl\":\"https:\/\/distribucionarc.com\/wp-content\/uploads\/2024\/10\/distribucion-ARC-COLOR-SIN-FONDO-e1732295305345.png\",\"width\":1164,\"height\":558,\"caption\":\"Distribuci\u00f3n ARC\"},\"image\":{\"@id\":\"https:\/\/www.distribucionarc.com\/sl\/#\/schema\/logo\/image\/\"},\"description\":\"Empresa especializada en la fabricaci\u00f3n y distribuci\u00f3n de maquinaria industrial para los sectores alimentario y farmac\u00e9utico. Nos especializamos en: M\u00e1quinas de cortar carne Fabricaci\u00f3n de comprimidos Sistemas de transporte industrial L\u00edneas de embotellado Dosificadores Y mucho m\u00e1s... Ofrecemos soluciones innovadoras y personalizadas para optimizar los procesos productivos de tu empresa.\",\"email\":\"Admistracion@distribucionarc.com\",\"telephone\":\"+34 643496664\",\"legalName\":\"ARC TECH SOLUTIONS\",\"foundingDate\":\"2024-04-09\",\"vatID\":\"B55480172\",\"numberOfEmployees\":{\"@type\":\"QuantitativeValue\",\"minValue\":\"1\",\"maxValue\":\"10\"}}]}<\/script>\n<!-- \/ Yoast SEO Premium plugin. -->","yoast_head_json":{"title":"Ru\u010dni sokovnik, mlin za sok - ARC distribucija","robots":{"index":"index","follow":"follow","max-snippet":"max-snippet:-1","max-image-preview":"max-image-preview:large","max-video-preview":"max-video-preview:-1"},"canonical":"https:\/\/www.distribucionarc.com\/tr\/producto\/exprimidor-manual-molino-para-zumo\/","og_locale":"hr_HR","og_type":"article","og_title":"Exprimidor manual, molino para zumo","og_description":"Exprimidor manual, molino para zumo Este exprimidor de fruta ARC est\u00e1 hecho de acero inoxidable 304, es inoxidable e higi\u00e9nico. El molino es f\u00e1cil de montar y f\u00e1cil de limpiar. Tiene un dise\u00f1o para fijar la abrazadera a la mesa, lo que garantiza una fuerte estabilidad durante el proceso. Es perfecto para zumo de hierba de trigo, varias verduras y la mayor\u00eda de las frutas. Garant\u00eda\u00a0ARC 2 A\u00d1OS soporte t\u00e9cnico\u00a0incluido  Prensa de tornillo, extractor de zumo,\u00a0 mini exprimidor de frutas 3L cantidad","og_url":"https:\/\/www.distribucionarc.com\/tr\/producto\/exprimidor-manual-molino-para-zumo\/","og_site_name":"distribuci\u00f3n ARC","article_modified_time":"2020-09-30T11:54:16+00:00","og_image":[{"width":1600,"height":1600,"url":"https:\/\/www.distribucionarc.com\/wp-content\/uploads\/2020\/08\/Exprimidor-manual-molino-para-zumo-0.jpg","type":"image\/jpeg"}],"twitter_card":"summary_large_image","twitter_misc":{"Procijenjeno vrijeme \u010ditanja":"1 minuta"},"schema":{"@context":"https:\/\/schema.org","@graph":[{"@type":"WebPage","@id":"https:\/\/www.distribucionarc.com\/tr\/producto\/exprimidor-manual-molino-para-zumo\/","url":"https:\/\/www.distribucionarc.com\/tr\/producto\/exprimidor-manual-molino-para-zumo\/","name":"Ru\u010dni sokovnik, mlin za sok - ARC distribucija","isPartOf":{"@id":"https:\/\/www.distribucionarc.com\/sl\/#website"},"primaryImageOfPage":{"@id":"https:\/\/www.distribucionarc.com\/tr\/producto\/exprimidor-manual-molino-para-zumo\/#primaryimage"},"image":{"@id":"https:\/\/www.distribucionarc.com\/tr\/producto\/exprimidor-manual-molino-para-zumo\/#primaryimage"},"thumbnailUrl":"https:\/\/distribucionarc.com\/wp-content\/uploads\/2020\/08\/Exprimidor-manual-molino-para-zumo-0.jpg","datePublished":"2020-08-13T15:32:23+00:00","dateModified":"2020-09-30T11:54:16+00:00","breadcrumb":{"@id":"https:\/\/www.distribucionarc.com\/tr\/producto\/exprimidor-manual-molino-para-zumo\/#breadcrumb"},"inLanguage":"hr","potentialAction":[{"@type":"ReadAction","target":["https:\/\/www.distribucionarc.com\/tr\/producto\/exprimidor-manual-molino-para-zumo\/"]}]},{"@type":"ImageObject","inLanguage":"hr","@id":"https:\/\/www.distribucionarc.com\/tr\/producto\/exprimidor-manual-molino-para-zumo\/#primaryimage","url":"https:\/\/distribucionarc.com\/wp-content\/uploads\/2020\/08\/Exprimidor-manual-molino-para-zumo-0.jpg","contentUrl":"https:\/\/distribucionarc.com\/wp-content\/uploads\/2020\/08\/Exprimidor-manual-molino-para-zumo-0.jpg","width":1600,"height":1600,"caption":"Exprimidor manual, molino para zumo"},{"@type":"BreadcrumbList","@id":"https:\/\/www.distribucionarc.com\/tr\/producto\/exprimidor-manual-molino-para-zumo\/#breadcrumb","itemListElement":[{"@type":"ListItem","position":1,"name":"Portada","item":"https:\/\/www.distribucionarc.com\/"},{"@type":"ListItem","position":2,"name":"\u00dcr\u00fcnler","item":"https:\/\/www.distribucionarc.com\/tr\/magaza\/"},{"@type":"ListItem","position":3,"name":"Exprimidor manual, molino para zumo"}]},{"@type":"WebSite","@id":"https:\/\/www.distribucionarc.com\/sl\/#website","url":"https:\/\/www.distribucionarc.com\/sl\/","name":"ARC distribucija","description":"Tvrtka specijalizirana za proizvodnju i distribuciju industrijskih strojeva, strojeva za zatvaranje limenki, strojeva za izradu pilula, strojeva za rezanje mesa itd.","publisher":{"@id":"https:\/\/www.distribucionarc.com\/sl\/#organization"},"potentialAction":[{"@type":"SearchAction","target":{"@type":"EntryPoint","urlTemplate":"https:\/\/www.distribucionarc.com\/sl\/?s={search_term_string}"},"query-input":{"@type":"PropertyValueSpecification","valueRequired":true,"valueName":"search_term_string"}}],"inLanguage":"hr"},{"@type":"Organization","@id":"https:\/\/www.distribucionarc.com\/sl\/#organization","name":"ARC distribucija","url":"https:\/\/www.distribucionarc.com\/sl\/","logo":{"@type":"ImageObject","inLanguage":"hr","@id":"https:\/\/www.distribucionarc.com\/sl\/#\/schema\/logo\/image\/","url":"https:\/\/distribucionarc.com\/wp-content\/uploads\/2024\/10\/distribucion-ARC-COLOR-SIN-FONDO-e1732295305345.png","contentUrl":"https:\/\/distribucionarc.com\/wp-content\/uploads\/2024\/10\/distribucion-ARC-COLOR-SIN-FONDO-e1732295305345.png","width":1164,"height":558,"caption":"Distribuci\u00f3n ARC"},"image":{"@id":"https:\/\/www.distribucionarc.com\/sl\/#\/schema\/logo\/image\/"},"description":"Tvrtka specijalizirana za proizvodnju i distribuciju industrijskih strojeva za prehrambeni i farmaceutski sektor. Specijalizirani smo za: Strojeve za rezanje mesa Proizvodnja tableta Industrijske transportne sustave Linije za punjenje Strojevi za doziranje I jo\u0161 mnogo toga... Nudimo inovativna i prilago\u0111ena rje\u0161enja za optimizaciju proizvodnih procesa Va\u0161e tvrtke.","email":"Admistracion@distribucionarc.com","telephone":"+34 643496664","legalName":"ARC TECH SOLUTIONS","foundingDate":"2024-04-09","vatID":"B55480172","numberOfEmployees":{"@type":"QuantitativeValue","minValue":"1","maxValue":"10"}}]}},"_links":{"self":[{"href":"https:\/\/distribucionarc.com\/hr\/wp-json\/wp\/v2\/product\/2286","targetHints":{"allow":["GET"]}}],"collection":[{"href":"https:\/\/distribucionarc.com\/hr\/wp-json\/wp\/v2\/product"}],"about":[{"href":"https:\/\/distribucionarc.com\/hr\/wp-json\/wp\/v2\/types\/product"}],"replies":[{"embeddable":true,"href":"https:\/\/distribucionarc.com\/hr\/wp-json\/wp\/v2\/comments?post=2286"}],"version-history":[{"count":0,"href":"https:\/\/distribucionarc.com\/hr\/wp-json\/wp\/v2\/product\/2286\/revisions"}],"wp:featuredmedia":[{"embeddable":true,"href":"https:\/\/distribucionarc.com\/hr\/wp-json\/wp\/v2\/media\/2291"}],"wp:attachment":[{"href":"https:\/\/distribucionarc.com\/hr\/wp-json\/wp\/v2\/media?parent=2286"}],"wp:term":[{"taxonomy":"product_brand","embeddable":true,"href":"https:\/\/distribucionarc.com\/hr\/wp-json\/wp\/v2\/product_brand?post=2286"},{"taxonomy":"product_cat","embeddable":true,"href":"https:\/\/distribucionarc.com\/hr\/wp-json\/wp\/v2\/product_cat?post=2286"},{"taxonomy":"product_tag","embeddable":true,"href":"https:\/\/distribucionarc.com\/hr\/wp-json\/wp\/v2\/product_tag?post=2286"}],"curies":[{"name":"radni list","href":"https:\/\/api.w.org\/{rel}","templated":true}]}}