{"id":2389,"date":"2020-08-17T14:24:01","date_gmt":"2020-08-17T14:24:01","guid":{"rendered":"https:\/\/distribucionarc.com\/?post_type=product&#038;p=2389"},"modified":"2022-11-04T00:01:30","modified_gmt":"2022-11-04T00:01:30","slug":"automatski-uredaj-za-zatvaranje-spremnika-za-trenutacno-zatvaranje-svjezih-pica","status":"publish","type":"product","link":"https:\/\/distribucionarc.com\/hr\/producto\/selladora-de-envases-automatica-tapadora-de-bebidas-frescas-instantanea\/","title":{"rendered":"Automatski stroj za zatvaranje spremnika, zatvaranje instant svje\u017eih pi\u0107a\u00a0"},"content":{"rendered":"<h3>Automatski stroj za zatvaranje spremnika, zatvaranje instant svje\u017eih pi\u0107a<\/h3>\n<p>s <strong>zatvara\u010d kontejnera <span style=\"color: #ff0000;\">DO<\/span><span style=\"color: #0000ff;\">R<\/span>c<\/strong> Va\u0161i kupci ne\u0107e dugo \u010dekati da u\u017eivaju u va\u0161em preporu\u010denom proizvodu za prirodne sokove, milkshakeove, smoothieje, kavu, biserni \u010daj, napitke s okusom bisera itd. Najbolja alternativa za va\u0161e klijente da se rashlade bilo gdje. Osim \u0161to \u0107e sa\u010duvati sav okus i hranjive tvari proizvoda, <strong>brtva protiv kapanja<\/strong> osigurat \u0107e proizvod u svakoj situaciji.<\/p>\n<p>Proces sa <strong>brtvilo <span style=\"color: #ff0000;\">DO<\/span><span style=\"color: #0000ff;\">R<\/span>CSEA9<\/strong> Potpuno je automatski i inteligentan, samo umetnite valjak za brtvljenje koji \u017eelite da pripremite stroj za zatvaranje, postavite \u017eeljenu veli\u010dinu i temperaturu, postavite spremnik i pritisnite gumb za izvr\u0161enje. <strong>Mo\u017ee<\/strong> sti\u0107i do <strong>Zatvorite 400 do 600 spremnika u jednom satu<\/strong>. Ovaj <strong>stroj za brtvljenje<\/strong> Dizajniran je da ostane operativan kada je to potrebno, \u0161tede\u0107i energiju kada njegova funkcija nije potrebna.<\/p>\n<p>Izra\u0111en je od nehr\u0111aju\u0107eg \u010delika kako bi se osigurala trajnost i stabilnost te ima ventilacijske re\u0161etke za sprje\u010davanje pregrijavanja motora i brtvenog prstena. Njegovo <span style=\"color: #008000;\"><strong>U\u010dinkoviti motor doprinosi niskoj potro\u0161nji energije<\/strong><\/span>.<\/p>\n<p>&nbsp;<\/p>\n<p><iframe loading=\"lazy\" src=\"https:\/\/www.youtube.com\/embed\/K5TmxbdJghU\" width=\"560\" height=\"315\" frameborder=\"0\" allowfullscreen=\"allowfullscreen\"><\/iframe><\/p>\n<h6>Jamstvo<strong>\u00a0<\/strong><span style=\"color: #ff0000;\"><strong>DO<\/strong><\/span><span style=\"color: #0000ff;\"><strong>R<\/strong><\/span><strong>C 2 GODINE<\/strong><\/h6>\n<h6><span style=\"color: #008000;\">u\u010dinkovitiji motor s niskom potro\u0161njom 300W<\/span><\/h6>\n<h6>uklju\u010dena tehni\u010dka podr\u0161ka.<\/h6>\n<p>&nbsp;<\/p>\n<p>&nbsp;<\/p>\n<table role=\"presentation\" width=\"100%\" cellspacing=\"0\" cellpadding=\"0\">\n<tbody>\n<tr>\n<td class=\"attrLabels\">Jamstvo:<\/td>\n<td width=\"50.0%\">2 GODINE<\/td>\n<\/tr>\n<tr>\n<td class=\"attrLabels\">Boja:<\/td>\n<td width=\"50.0%\">Srebro<\/td>\n<td class=\"attrLabels\">Visina:<\/td>\n<td width=\"50.0%\">53 cm<\/td>\n<\/tr>\n<tr>\n<td class=\"attrLabels\">Zemlja distribucije:<\/td>\n<td width=\"50.0%\">\u0160panjolska, Njema\u010dka, SAD<\/td>\n<td class=\"attrLabels\">dugo:<\/td>\n<td width=\"50.0%\">30 cm<\/td>\n<\/tr>\n<tr>\n<td class=\"attrLabels\">Marka:<\/td>\n<td width=\"50.0%\">LUK<\/td>\n<td class=\"attrLabels\">\u0160iroko:<\/td>\n<td width=\"50.0%\">\u00a033 cm<\/td>\n<\/tr>\n<tr>\n<td class=\"attrLabels\">Vrsta proizvoda:<\/td>\n<td width=\"50.0%\">Profesionalni zatvara\u010d pi\u0107a<\/td>\n<td class=\"attrLabels\">Vlast:<\/td>\n<td width=\"50.0%\">300 W<\/td>\n<\/tr>\n<tr>\n<td class=\"attrLabels\">Proizvo\u0111a\u010dki broj:<\/td>\n<td width=\"50.0%\">ARCSEA9<\/td>\n<td class=\"attrLabels\">Napon:<\/td>\n<td width=\"50.0%\">220V 50Hz<\/td>\n<\/tr>\n<tr>\n<td class=\"attrLabels\">Materijal:<\/td>\n<td width=\"50.0%\">304 nehr\u0111aju\u0107i \u010delik, u\u010dinkovit motor, kontrola temperature<\/td>\n<td class=\"attrLabels\">Promjer \u0161alice:<\/td>\n<td width=\"50.0%\">9 cm do 9,5 cm<\/td>\n<\/tr>\n<tr>\n<td class=\"attrLabels\">Alati za instalaciju:<\/td>\n<td width=\"50.0%\">Da<\/td>\n<td class=\"attrLabels\">Brzina brtvljenja:<\/td>\n<td width=\"50.0%\">400 \u2013 600 na sat<\/td>\n<\/tr>\n<tr>\n<td class=\"attrLabels\">Te\u017eina:<\/td>\n<td width=\"50.0%\">18 kg<\/td>\n<td class=\"attrLabels\">Temperaturni rasponi:<\/td>\n<td width=\"50.0%\">50\u00baC \u2013 250\u00baC<\/td>\n<\/tr>\n<\/tbody>\n<\/table>\n<p>&nbsp;<\/p>\n<p>&nbsp;<\/p>","protected":false},"excerpt":{"rendered":"<h2>Automatski stroj za zatvaranje spremnika, zatvaranje instant svje\u017eih pi\u0107a<\/h2>\n<p>Ako \u017eelite da Va\u0161i kupci zadr\u017ee sva svojstva svojih sokova, smoothieja, \u010dajeva s dodacima itd. The <strong>automatski zatvara\u010d <span style=\"color: #ff0000;\">DO<\/span><span style=\"color: #0000ff;\">R<\/span>c<\/strong> pomo\u0107i \u0107e vam zahvaljuju\u0107i va\u0161oj brzini koju uspijevate pokriti <strong>9 kontejnera u<\/strong> samo <strong>jednu minutu<\/strong>. Proces zatvaranja potpuno je automatski i zahtijeva samo gumb za upravljanje zatvara\u010dem spremnika.<\/p>\n<h6>Jamstvo<strong>\u00a0<\/strong><span style=\"color: #ff0000;\"><strong>DO<\/strong><\/span><span style=\"color: #0000ff;\"><strong>R<\/strong><\/span><strong>C 2 GODINE<\/strong><\/h6>\n<h6><span style=\"color: #008000;\">u\u010dinkovitiji motor s niskom potro\u0161njom 300W<\/span><\/h6>\n<h6>uklju\u010dena tehni\u010dka podr\u0161ka.<\/h6>","protected":false},"featured_media":2395,"comment_status":"open","ping_status":"closed","template":"","meta":{"wds_primary_product_brand":0,"wds_primary_product_cat":0},"product_brand":[],"product_cat":[28],"product_tag":[],"class_list":{"0":"post-2389","1":"product","2":"type-product","3":"status-publish","4":"has-post-thumbnail","6":"product_cat-tapadoras","7":"product_shipping_class-express","9":"first","10":"instock","11":"sale","12":"taxable","13":"shipping-taxable","14":"purchasable","15":"product-type-simple"},"yoast_head":"<!-- This site is optimized with the Yoast SEO Premium plugin v24.9 (Yoast SEO v26.1) - https:\/\/yoast.com\/wordpress\/plugins\/seo\/ -->\n<title>Selladora de envases autom\u00e1tica, tapadora de bebidas frescas instant\u00e1nea\u00a0 - distribuci\u00f3n ARC<\/title>\n<meta name=\"robots\" content=\"index, follow, max-snippet:-1, max-image-preview:large, max-video-preview:-1\" \/>\n<link rel=\"canonical\" href=\"https:\/\/www.distribucionarc.com\/it\/producto\/selladora-de-envases-automatica-tapadora-de-bebidas-frescas-instantanea\/\" \/>\n<meta property=\"og:locale\" content=\"hr_HR\" \/>\n<meta property=\"og:type\" content=\"article\" \/>\n<meta property=\"og:title\" content=\"Selladora de envases autom\u00e1tica, tapadora de bebidas frescas instant\u00e1nea\u00a0\" \/>\n<meta property=\"og:description\" content=\"Selladora de envases autom\u00e1tica, tapadora de bebidas frescas instant\u00e1nea Si quiere que sus clientes conserven todas las propiedades de sus zumos, batidos, t\u00e9 con toppings, etc. La selladora autom\u00e1tica ARC le ayudar\u00e1 gracias a su velocidad,\u00a0 logra tapar 9 envases en tan solo un minuto. El proceso de sellado es completamente autom\u00e1tico solo depende de un bot\u00f3n para accionar la tapadora de envases. Garant\u00eda\u00a0ARC 2 A\u00d1OS motor m\u00e1s eficiente bajo consumo 300W soporte t\u00e9cnico\u00a0incluido.\" \/>\n<meta property=\"og:url\" content=\"https:\/\/www.distribucionarc.com\/it\/producto\/selladora-de-envases-automatica-tapadora-de-bebidas-frescas-instantanea\/\" \/>\n<meta property=\"og:site_name\" content=\"distribuci\u00f3n ARC\" \/>\n<meta property=\"article:modified_time\" content=\"2022-11-04T00:01:30+00:00\" \/>\n<meta property=\"og:image\" content=\"https:\/\/distribucionarc.com\/wp-content\/uploads\/2020\/08\/Selladora-de-envases-autom\u00e1tica-tapadora-de-bebidas-frescas-instant\u00e1nea-1.jpg\" \/>\n\t<meta property=\"og:image:width\" content=\"800\" \/>\n\t<meta property=\"og:image:height\" content=\"800\" \/>\n\t<meta property=\"og:image:type\" content=\"image\/jpeg\" \/>\n<meta name=\"twitter:card\" content=\"summary_large_image\" \/>\n<meta name=\"twitter:label1\" content=\"Procijenjeno vrijeme \u010ditanja\" \/>\n\t<meta name=\"twitter:data1\" content=\"1 minuta\" \/>\n<script type=\"application\/ld+json\" class=\"yoast-schema-graph\">{\"@context\":\"https:\/\/schema.org\",\"@graph\":[{\"@type\":\"WebPage\",\"@id\":\"https:\/\/www.distribucionarc.com\/it\/producto\/selladora-de-envases-automatica-tapadora-de-bebidas-frescas-instantanea\/\",\"url\":\"https:\/\/www.distribucionarc.com\/it\/producto\/selladora-de-envases-automatica-tapadora-de-bebidas-frescas-instantanea\/\",\"name\":\"Selladora de envases autom\u00e1tica, tapadora de bebidas frescas instant\u00e1nea\u00a0 - distribuci\u00f3n ARC\",\"isPartOf\":{\"@id\":\"https:\/\/www.distribucionarc.com\/sl\/#website\"},\"primaryImageOfPage\":{\"@id\":\"https:\/\/www.distribucionarc.com\/it\/producto\/selladora-de-envases-automatica-tapadora-de-bebidas-frescas-instantanea\/#primaryimage\"},\"image\":{\"@id\":\"https:\/\/www.distribucionarc.com\/it\/producto\/selladora-de-envases-automatica-tapadora-de-bebidas-frescas-instantanea\/#primaryimage\"},\"thumbnailUrl\":\"https:\/\/distribucionarc.com\/wp-content\/uploads\/2020\/08\/Selladora-de-envases-autom\u00e1tica-tapadora-de-bebidas-frescas-instant\u00e1nea-1.jpg\",\"datePublished\":\"2020-08-17T14:24:01+00:00\",\"dateModified\":\"2022-11-04T00:01:30+00:00\",\"breadcrumb\":{\"@id\":\"https:\/\/www.distribucionarc.com\/it\/producto\/selladora-de-envases-automatica-tapadora-de-bebidas-frescas-instantanea\/#breadcrumb\"},\"inLanguage\":\"hr\",\"potentialAction\":[{\"@type\":\"ReadAction\",\"target\":[\"https:\/\/www.distribucionarc.com\/it\/producto\/selladora-de-envases-automatica-tapadora-de-bebidas-frescas-instantanea\/\"]}]},{\"@type\":\"ImageObject\",\"inLanguage\":\"hr\",\"@id\":\"https:\/\/www.distribucionarc.com\/it\/producto\/selladora-de-envases-automatica-tapadora-de-bebidas-frescas-instantanea\/#primaryimage\",\"url\":\"https:\/\/distribucionarc.com\/wp-content\/uploads\/2020\/08\/Selladora-de-envases-autom\u00e1tica-tapadora-de-bebidas-frescas-instant\u00e1nea-1.jpg\",\"contentUrl\":\"https:\/\/distribucionarc.com\/wp-content\/uploads\/2020\/08\/Selladora-de-envases-autom\u00e1tica-tapadora-de-bebidas-frescas-instant\u00e1nea-1.jpg\",\"width\":800,\"height\":800,\"caption\":\"Selladora de envases autom\u00e1tica, tapadora de bebidas frescas instant\u00e1nea\u00a0\"},{\"@type\":\"BreadcrumbList\",\"@id\":\"https:\/\/www.distribucionarc.com\/it\/producto\/selladora-de-envases-automatica-tapadora-de-bebidas-frescas-instantanea\/#breadcrumb\",\"itemListElement\":[{\"@type\":\"ListItem\",\"position\":1,\"name\":\"Portada\",\"item\":\"https:\/\/www.distribucionarc.com\/\"},{\"@type\":\"ListItem\",\"position\":2,\"name\":\"\u00dcr\u00fcnler\",\"item\":\"https:\/\/www.distribucionarc.com\/tr\/magaza\/\"},{\"@type\":\"ListItem\",\"position\":3,\"name\":\"Selladora de envases autom\u00e1tica, tapadora de bebidas frescas instant\u00e1nea\u00a0\"}]},{\"@type\":\"WebSite\",\"@id\":\"https:\/\/www.distribucionarc.com\/sl\/#website\",\"url\":\"https:\/\/www.distribucionarc.com\/sl\/\",\"name\":\"distribuci\u00f3n ARC\",\"description\":\"Empresa especializada en la fabricaci\u00f3n y distribuci\u00f3n de maquinaria industrial, selladoras de latas, Maquinas de hacer pastillas, Maquinas de cortar carne...\",\"publisher\":{\"@id\":\"https:\/\/www.distribucionarc.com\/sl\/#organization\"},\"potentialAction\":[{\"@type\":\"SearchAction\",\"target\":{\"@type\":\"EntryPoint\",\"urlTemplate\":\"https:\/\/www.distribucionarc.com\/sl\/?s={search_term_string}\"},\"query-input\":{\"@type\":\"PropertyValueSpecification\",\"valueRequired\":true,\"valueName\":\"search_term_string\"}}],\"inLanguage\":\"hr\"},{\"@type\":\"Organization\",\"@id\":\"https:\/\/www.distribucionarc.com\/sl\/#organization\",\"name\":\"Distribuci\u00f3n ARC\",\"url\":\"https:\/\/www.distribucionarc.com\/sl\/\",\"logo\":{\"@type\":\"ImageObject\",\"inLanguage\":\"hr\",\"@id\":\"https:\/\/www.distribucionarc.com\/sl\/#\/schema\/logo\/image\/\",\"url\":\"https:\/\/distribucionarc.com\/wp-content\/uploads\/2024\/10\/distribucion-ARC-COLOR-SIN-FONDO-e1732295305345.png\",\"contentUrl\":\"https:\/\/distribucionarc.com\/wp-content\/uploads\/2024\/10\/distribucion-ARC-COLOR-SIN-FONDO-e1732295305345.png\",\"width\":1164,\"height\":558,\"caption\":\"Distribuci\u00f3n ARC\"},\"image\":{\"@id\":\"https:\/\/www.distribucionarc.com\/sl\/#\/schema\/logo\/image\/\"},\"description\":\"Empresa especializada en la fabricaci\u00f3n y distribuci\u00f3n de maquinaria industrial para los sectores alimentario y farmac\u00e9utico. Nos especializamos en: M\u00e1quinas de cortar carne Fabricaci\u00f3n de comprimidos Sistemas de transporte industrial L\u00edneas de embotellado Dosificadores Y mucho m\u00e1s... Ofrecemos soluciones innovadoras y personalizadas para optimizar los procesos productivos de tu empresa.\",\"email\":\"Admistracion@distribucionarc.com\",\"telephone\":\"+34 643496664\",\"legalName\":\"ARC TECH SOLUTIONS\",\"foundingDate\":\"2024-04-09\",\"vatID\":\"B55480172\",\"numberOfEmployees\":{\"@type\":\"QuantitativeValue\",\"minValue\":\"1\",\"maxValue\":\"10\"}}]}<\/script>\n<!-- \/ Yoast SEO Premium plugin. -->","yoast_head_json":{"title":"Automatski zatvara\u010d pakiranja, zatvara\u010d instant svje\u017eih pi\u0107a - ARC distribucija","robots":{"index":"index","follow":"follow","max-snippet":"max-snippet:-1","max-image-preview":"max-image-preview:large","max-video-preview":"max-video-preview:-1"},"canonical":"https:\/\/www.distribucionarc.com\/it\/producto\/selladora-de-envases-automatica-tapadora-de-bebidas-frescas-instantanea\/","og_locale":"hr_HR","og_type":"article","og_title":"Selladora de envases autom\u00e1tica, tapadora de bebidas frescas instant\u00e1nea\u00a0","og_description":"Selladora de envases autom\u00e1tica, tapadora de bebidas frescas instant\u00e1nea Si quiere que sus clientes conserven todas las propiedades de sus zumos, batidos, t\u00e9 con toppings, etc. La selladora autom\u00e1tica ARC le ayudar\u00e1 gracias a su velocidad,\u00a0 logra tapar 9 envases en tan solo un minuto. El proceso de sellado es completamente autom\u00e1tico solo depende de un bot\u00f3n para accionar la tapadora de envases. Garant\u00eda\u00a0ARC 2 A\u00d1OS motor m\u00e1s eficiente bajo consumo 300W soporte t\u00e9cnico\u00a0incluido.","og_url":"https:\/\/www.distribucionarc.com\/it\/producto\/selladora-de-envases-automatica-tapadora-de-bebidas-frescas-instantanea\/","og_site_name":"distribuci\u00f3n ARC","article_modified_time":"2022-11-04T00:01:30+00:00","og_image":[{"width":800,"height":800,"url":"https:\/\/distribucionarc.com\/wp-content\/uploads\/2020\/08\/Selladora-de-envases-autom\u00e1tica-tapadora-de-bebidas-frescas-instant\u00e1nea-1.jpg","type":"image\/jpeg"}],"twitter_card":"summary_large_image","twitter_misc":{"Procijenjeno vrijeme \u010ditanja":"1 minuta"},"schema":{"@context":"https:\/\/schema.org","@graph":[{"@type":"WebPage","@id":"https:\/\/www.distribucionarc.com\/it\/producto\/selladora-de-envases-automatica-tapadora-de-bebidas-frescas-instantanea\/","url":"https:\/\/www.distribucionarc.com\/it\/producto\/selladora-de-envases-automatica-tapadora-de-bebidas-frescas-instantanea\/","name":"Automatski zatvara\u010d pakiranja, zatvara\u010d instant svje\u017eih pi\u0107a - ARC distribucija","isPartOf":{"@id":"https:\/\/www.distribucionarc.com\/sl\/#website"},"primaryImageOfPage":{"@id":"https:\/\/www.distribucionarc.com\/it\/producto\/selladora-de-envases-automatica-tapadora-de-bebidas-frescas-instantanea\/#primaryimage"},"image":{"@id":"https:\/\/www.distribucionarc.com\/it\/producto\/selladora-de-envases-automatica-tapadora-de-bebidas-frescas-instantanea\/#primaryimage"},"thumbnailUrl":"https:\/\/distribucionarc.com\/wp-content\/uploads\/2020\/08\/Selladora-de-envases-autom\u00e1tica-tapadora-de-bebidas-frescas-instant\u00e1nea-1.jpg","datePublished":"2020-08-17T14:24:01+00:00","dateModified":"2022-11-04T00:01:30+00:00","breadcrumb":{"@id":"https:\/\/www.distribucionarc.com\/it\/producto\/selladora-de-envases-automatica-tapadora-de-bebidas-frescas-instantanea\/#breadcrumb"},"inLanguage":"hr","potentialAction":[{"@type":"ReadAction","target":["https:\/\/www.distribucionarc.com\/it\/producto\/selladora-de-envases-automatica-tapadora-de-bebidas-frescas-instantanea\/"]}]},{"@type":"ImageObject","inLanguage":"hr","@id":"https:\/\/www.distribucionarc.com\/it\/producto\/selladora-de-envases-automatica-tapadora-de-bebidas-frescas-instantanea\/#primaryimage","url":"https:\/\/distribucionarc.com\/wp-content\/uploads\/2020\/08\/Selladora-de-envases-autom\u00e1tica-tapadora-de-bebidas-frescas-instant\u00e1nea-1.jpg","contentUrl":"https:\/\/distribucionarc.com\/wp-content\/uploads\/2020\/08\/Selladora-de-envases-autom\u00e1tica-tapadora-de-bebidas-frescas-instant\u00e1nea-1.jpg","width":800,"height":800,"caption":"Selladora de envases autom\u00e1tica, tapadora de bebidas frescas instant\u00e1nea\u00a0"},{"@type":"BreadcrumbList","@id":"https:\/\/www.distribucionarc.com\/it\/producto\/selladora-de-envases-automatica-tapadora-de-bebidas-frescas-instantanea\/#breadcrumb","itemListElement":[{"@type":"ListItem","position":1,"name":"Portada","item":"https:\/\/www.distribucionarc.com\/"},{"@type":"ListItem","position":2,"name":"\u00dcr\u00fcnler","item":"https:\/\/www.distribucionarc.com\/tr\/magaza\/"},{"@type":"ListItem","position":3,"name":"Selladora de envases autom\u00e1tica, tapadora de bebidas frescas instant\u00e1nea\u00a0"}]},{"@type":"WebSite","@id":"https:\/\/www.distribucionarc.com\/sl\/#website","url":"https:\/\/www.distribucionarc.com\/sl\/","name":"ARC distribucija","description":"Tvrtka specijalizirana za proizvodnju i distribuciju industrijskih strojeva, strojeva za zatvaranje limenki, strojeva za izradu pilula, strojeva za rezanje mesa itd.","publisher":{"@id":"https:\/\/www.distribucionarc.com\/sl\/#organization"},"potentialAction":[{"@type":"SearchAction","target":{"@type":"EntryPoint","urlTemplate":"https:\/\/www.distribucionarc.com\/sl\/?s={search_term_string}"},"query-input":{"@type":"PropertyValueSpecification","valueRequired":true,"valueName":"search_term_string"}}],"inLanguage":"hr"},{"@type":"Organization","@id":"https:\/\/www.distribucionarc.com\/sl\/#organization","name":"ARC distribucija","url":"https:\/\/www.distribucionarc.com\/sl\/","logo":{"@type":"ImageObject","inLanguage":"hr","@id":"https:\/\/www.distribucionarc.com\/sl\/#\/schema\/logo\/image\/","url":"https:\/\/distribucionarc.com\/wp-content\/uploads\/2024\/10\/distribucion-ARC-COLOR-SIN-FONDO-e1732295305345.png","contentUrl":"https:\/\/distribucionarc.com\/wp-content\/uploads\/2024\/10\/distribucion-ARC-COLOR-SIN-FONDO-e1732295305345.png","width":1164,"height":558,"caption":"Distribuci\u00f3n ARC"},"image":{"@id":"https:\/\/www.distribucionarc.com\/sl\/#\/schema\/logo\/image\/"},"description":"Tvrtka specijalizirana za proizvodnju i distribuciju industrijskih strojeva za prehrambeni i farmaceutski sektor. Specijalizirani smo za: Strojeve za rezanje mesa Proizvodnja tableta Industrijske transportne sustave Linije za punjenje Strojevi za doziranje I jo\u0161 mnogo toga... Nudimo inovativna i prilago\u0111ena rje\u0161enja za optimizaciju proizvodnih procesa Va\u0161e tvrtke.","email":"Admistracion@distribucionarc.com","telephone":"+34 643496664","legalName":"ARC TECH SOLUTIONS","foundingDate":"2024-04-09","vatID":"B55480172","numberOfEmployees":{"@type":"QuantitativeValue","minValue":"1","maxValue":"10"}}]}},"_links":{"self":[{"href":"https:\/\/distribucionarc.com\/hr\/wp-json\/wp\/v2\/product\/2389","targetHints":{"allow":["GET"]}}],"collection":[{"href":"https:\/\/distribucionarc.com\/hr\/wp-json\/wp\/v2\/product"}],"about":[{"href":"https:\/\/distribucionarc.com\/hr\/wp-json\/wp\/v2\/types\/product"}],"replies":[{"embeddable":true,"href":"https:\/\/distribucionarc.com\/hr\/wp-json\/wp\/v2\/comments?post=2389"}],"version-history":[{"count":0,"href":"https:\/\/distribucionarc.com\/hr\/wp-json\/wp\/v2\/product\/2389\/revisions"}],"wp:featuredmedia":[{"embeddable":true,"href":"https:\/\/distribucionarc.com\/hr\/wp-json\/wp\/v2\/media\/2395"}],"wp:attachment":[{"href":"https:\/\/distribucionarc.com\/hr\/wp-json\/wp\/v2\/media?parent=2389"}],"wp:term":[{"taxonomy":"product_brand","embeddable":true,"href":"https:\/\/distribucionarc.com\/hr\/wp-json\/wp\/v2\/product_brand?post=2389"},{"taxonomy":"product_cat","embeddable":true,"href":"https:\/\/distribucionarc.com\/hr\/wp-json\/wp\/v2\/product_cat?post=2389"},{"taxonomy":"product_tag","embeddable":true,"href":"https:\/\/distribucionarc.com\/hr\/wp-json\/wp\/v2\/product_tag?post=2389"}],"curies":[{"name":"radni list","href":"https:\/\/api.w.org\/{rel}","templated":true}]}}