{"id":2414,"date":"2020-08-17T15:56:32","date_gmt":"2020-08-17T15:56:32","guid":{"rendered":"https:\/\/distribucionarc.com\/?post_type=product&#038;p=2414"},"modified":"2020-09-30T15:12:10","modified_gmt":"2020-09-30T15:12:10","slug":"industrijski-mikser-za-pekaru-10-l","status":"publish","type":"product","link":"https:\/\/distribucionarc.com\/hr\/producto\/mezclador-industrial-para-panaderia-10-l\/","title":{"rendered":"Industrijski mikser za pekaru 10L"},"content":{"rendered":"<h2>Industrijski mikser za pekaru 10L<\/h2>\n<p>On\u00a0<strong>industrijska mje\u0161alica\u00a0<span style=\"color: #ff0000;\">DO<\/span><span style=\"color: #0000ff;\">R<\/span>c<\/strong> Opremljen je posudom od 30 litara od nehr\u0111aju\u0107eg \u010delika 304 za hranu. Sposoban je za jednostavno mije\u0161anje recepata do 1 kg u jednoj posudi.<\/p>\n<p><strong>Industrijska mije\u0161alica\u00a0<span style=\"color: #ff0000;\">DO<\/span><span style=\"color: #0000ff;\">R<\/span>CBMP10<\/strong>\u00a0Opremljen je s tri zamjenjiva nastavka, uklju\u010duju\u0107i spiralnu kuku za tijesto, ravnu metlicu i \u017ei\u010danu metlicu. Savr\u0161eno dizajniran tako da mo\u017eete napraviti sve vrste mje\u0161avina hrane. Sigurnosni \u0161titnik posude od nehr\u0111aju\u0107eg \u010delika pri\u010dvr\u0161\u0107en na mikser sprije\u010dit \u0107e prskanje sastojaka ili pad velikih predmeta u posudu dok mo\u017eete promatrati proces mije\u0161anja.<\/p>\n<p>On\u00a0<span style=\"color: #008000;\"><strong>U\u010dinkovit motor od 400 W<\/strong><\/span> osigurava stabilan rad, pru\u017eaju\u0107i tri podesive brzine mije\u0161anja (105 RPM\/178 RPM\/390 RPM) koje vam poma\u017eu u u\u010dinkovitom mije\u0161anju hrane.<\/p>\n<p>Ovaj<strong>\u00a0mije\u0161alica za tijesto<\/strong>\u00a0Usvaja rotiraju\u0107i kota\u010d za spu\u0161tanje ili podizanje zdjele, \u010dime se posti\u017ee zadovoljavaju\u0107a visina, mo\u017ee se savr\u0161eno prilagoditi razli\u010ditim zahtjevima mije\u0161anja.<\/p>\n<h6>Jamstvo\u00a0<span style=\"color: #ff0000;\"><strong>DO<\/strong><\/span><span style=\"color: #0000ff;\"><strong>R<\/strong><\/span><strong>C 2 GODINE<\/strong><\/h6>\n<h6><span style=\"color: #008000;\">naju\u010dinkovitiji motor niske potro\u0161nje od 400 W<\/span><\/h6>\n<h6>uklju\u010dena tehni\u010dka podr\u0161ka.<\/h6>\n<p>&nbsp;<\/p>\n<table role=\"presentation\" width=\"100%\" cellspacing=\"0\" cellpadding=\"0\">\n<tbody>\n<tr>\n<td class=\"attrLabels\">Jamstvo:<\/td>\n<td width=\"50.0%\">2 GODINE<\/td>\n<\/tr>\n<tr>\n<td class=\"attrLabels\">Boja:<\/td>\n<td width=\"50.0%\">Srebro<\/td>\n<td class=\"attrLabels\">Visina:<\/td>\n<td width=\"50.0%\">60 cm<\/td>\n<\/tr>\n<tr>\n<td class=\"attrLabels\">Zemlja distribucije:<\/td>\n<td width=\"50.0%\">\u0160panjolska, Njema\u010dka, SAD<\/td>\n<td class=\"attrLabels\">dugo:<\/td>\n<td width=\"50.0%\">36 cm<\/td>\n<\/tr>\n<tr>\n<td class=\"attrLabels\">Marka:<\/td>\n<td width=\"50.0%\">LUK<\/td>\n<td class=\"attrLabels\">\u0160iroko:<\/td>\n<td width=\"50.0%\">\u00a0 45 cm<\/td>\n<\/tr>\n<tr>\n<td class=\"attrLabels\">Vrsta proizvoda:<\/td>\n<td width=\"50.0%\">Profesionalni mikser<\/td>\n<td class=\"attrLabels\">Vlast:<\/td>\n<td width=\"50.0%\">400 W<\/td>\n<\/tr>\n<tr>\n<td class=\"attrLabels\">Proizvo\u0111a\u010dki broj:<\/td>\n<td width=\"50.0%\">ARCBMP10<\/td>\n<td class=\"attrLabels\">Napon:<\/td>\n<td width=\"50.0%\">110V 60Hz<\/td>\n<\/tr>\n<tr>\n<td class=\"attrLabels\">Materijal:<\/td>\n<td width=\"50.0%\">304 nehr\u0111aju\u0107i \u010delik, u\u010dinkovit motor<\/td>\n<td class=\"attrLabels\">Volumen posude:<\/td>\n<td width=\"50.0%\">10L<\/td>\n<\/tr>\n<tr>\n<td class=\"attrLabels\">Alati za instalaciju:<\/td>\n<td width=\"50.0%\">Da<\/td>\n<td class=\"attrLabels\">Kapacitet mije\u0161anja:<\/td>\n<td width=\"50.0%\">1 kg<\/td>\n<\/tr>\n<tr>\n<td class=\"attrLabels\">Te\u017eina:<\/td>\n<td width=\"50.0%\">56 kg<\/td>\n<td class=\"attrLabels\">Brzina mije\u0161anja:<\/td>\n<td width=\"50.0%\">105 okretaja u minuti 180 okretaja u minuti 408 okretaja u minuti<\/td>\n<\/tr>\n<\/tbody>\n<\/table>","protected":false},"excerpt":{"rendered":"<h2>Industrijski mikser za pekaru 10L<\/h2>\n<p>Ovaj\u00a0<strong>mje\u0161alica za hranu<\/strong> Namijenjen je za mije\u0161anje bra\u0161na, tijesta, nadjeva, umu\u0107enih jaja itd. Zahvaljuju\u0107i sna\u017enom motoru od 400 W i robusnoj posudi od nehr\u0111aju\u0107eg \u010delika, postupak mije\u0161enja se izvodi brzo i jednostavno, ovaj<strong>\u00a0mikser\u00a0<span style=\"color: #ff0000;\">DO<\/span><span style=\"color: #0000ff;\">R<\/span>c<\/strong>\u00a0To je robustan, izdr\u017eljiv i pouzdan stroj. Mo\u017eete odabrati razli\u010dite brzine za proces koji vam je potreban\u00a0<strong>mijesiti, mije\u0161ati, tu\u0107i<\/strong>. Svi njegovi dijelovi koji dolaze u dodir s hranom u skladu su sa zdravstvenim standardima.<\/p>\n<h6>Jamstvo<strong>\u00a0<\/strong><span style=\"color: #ff0000;\"><strong>DO<\/strong><\/span><span style=\"color: #0000ff;\"><strong>R<\/strong><\/span><strong>C 2 GODINE<\/strong><\/h6>\n<h6><span style=\"color: #008000;\">naju\u010dinkovitiji motor niske potro\u0161nje od 400 W<\/span><\/h6>\n<h6>uklju\u010dena tehni\u010dka podr\u0161ka<\/h6>","protected":false},"featured_media":2415,"comment_status":"open","ping_status":"closed","template":"","meta":{"wds_primary_product_brand":0,"wds_primary_product_cat":0},"product_brand":[],"product_cat":[39],"product_tag":[],"class_list":{"0":"post-2414","1":"product","2":"type-product","3":"status-publish","4":"has-post-thumbnail","6":"product_cat-plancha-de-cosina","7":"product_shipping_class-express","9":"first","10":"instock","11":"sale","12":"taxable","13":"shipping-taxable","14":"purchasable","15":"product-type-simple"},"yoast_head":"<!-- This site is optimized with the Yoast SEO Premium plugin v24.9 (Yoast SEO v26.1) - https:\/\/yoast.com\/wordpress\/plugins\/seo\/ -->\n<title>Mezclador industrial para panader\u00eda 10 L - distribuci\u00f3n ARC<\/title>\n<meta name=\"robots\" content=\"index, follow, max-snippet:-1, max-image-preview:large, max-video-preview:-1\" \/>\n<link rel=\"canonical\" href=\"https:\/\/www.distribucionarc.com\/ar\/producto\/mezclador-industrial-para-panaderia-10-l\/\" \/>\n<meta property=\"og:locale\" content=\"hr_HR\" \/>\n<meta property=\"og:type\" content=\"article\" \/>\n<meta property=\"og:title\" content=\"Mezclador industrial para panader\u00eda 10 L\" \/>\n<meta property=\"og:description\" content=\"Mezclador industrial para panader\u00eda 10L Esta\u00a0batidora de alimentos es la indicada para mezclar harinas, masa, relleno, huevos batidos, etc. Gracias a su potente motor de 400W y su robusto bol de acero inoxidable el proceso de amasado se realiza r\u00e1pida y sencillamente, esta\u00a0mezcladora\u00a0ARC\u00a0es una m\u00e1quina robusta, duradera y fiable. Puede elegir diferentes velocidades para el proceso que requiera ya sea\u00a0amasar, mezclar, batir. Todas sus piezas de contacto con los alimentos cumplen con las normas sanitarias. Garant\u00eda\u00a0ARC 2 A\u00d1OS motor m\u00e1s eficiente bajo consumo 400W soporte t\u00e9cnico\u00a0incluido\" \/>\n<meta property=\"og:url\" content=\"https:\/\/www.distribucionarc.com\/ar\/producto\/mezclador-industrial-para-panaderia-10-l\/\" \/>\n<meta property=\"og:site_name\" content=\"distribuci\u00f3n ARC\" \/>\n<meta property=\"article:modified_time\" content=\"2020-09-30T15:12:10+00:00\" \/>\n<meta property=\"og:image\" content=\"https:\/\/distribucionarc.com\/wp-content\/uploads\/2020\/08\/Mezclador-industrial-para-panader\u00eda-10L-0.jpg\" \/>\n\t<meta property=\"og:image:width\" content=\"1600\" \/>\n\t<meta property=\"og:image:height\" content=\"1600\" \/>\n\t<meta property=\"og:image:type\" content=\"image\/jpeg\" \/>\n<meta name=\"twitter:card\" content=\"summary_large_image\" \/>\n<meta name=\"twitter:label1\" content=\"Procijenjeno vrijeme \u010ditanja\" \/>\n\t<meta name=\"twitter:data1\" content=\"1 minuta\" \/>\n<script type=\"application\/ld+json\" class=\"yoast-schema-graph\">{\"@context\":\"https:\/\/schema.org\",\"@graph\":[{\"@type\":\"WebPage\",\"@id\":\"https:\/\/www.distribucionarc.com\/ar\/producto\/mezclador-industrial-para-panaderia-10-l\/\",\"url\":\"https:\/\/www.distribucionarc.com\/ar\/producto\/mezclador-industrial-para-panaderia-10-l\/\",\"name\":\"Mezclador industrial para panader\u00eda 10 L - distribuci\u00f3n ARC\",\"isPartOf\":{\"@id\":\"https:\/\/distribucionarc.com\/de\/#website\"},\"primaryImageOfPage\":{\"@id\":\"https:\/\/www.distribucionarc.com\/ar\/producto\/mezclador-industrial-para-panaderia-10-l\/#primaryimage\"},\"image\":{\"@id\":\"https:\/\/www.distribucionarc.com\/ar\/producto\/mezclador-industrial-para-panaderia-10-l\/#primaryimage\"},\"thumbnailUrl\":\"https:\/\/distribucionarc.com\/wp-content\/uploads\/2020\/08\/Mezclador-industrial-para-panader\u00eda-10L-0.jpg\",\"datePublished\":\"2020-08-17T15:56:32+00:00\",\"dateModified\":\"2020-09-30T15:12:10+00:00\",\"breadcrumb\":{\"@id\":\"https:\/\/www.distribucionarc.com\/ar\/producto\/mezclador-industrial-para-panaderia-10-l\/#breadcrumb\"},\"inLanguage\":\"hr\",\"potentialAction\":[{\"@type\":\"ReadAction\",\"target\":[\"https:\/\/www.distribucionarc.com\/ar\/producto\/mezclador-industrial-para-panaderia-10-l\/\"]}]},{\"@type\":\"ImageObject\",\"inLanguage\":\"hr\",\"@id\":\"https:\/\/www.distribucionarc.com\/ar\/producto\/mezclador-industrial-para-panaderia-10-l\/#primaryimage\",\"url\":\"https:\/\/distribucionarc.com\/wp-content\/uploads\/2020\/08\/Mezclador-industrial-para-panader\u00eda-10L-0.jpg\",\"contentUrl\":\"https:\/\/distribucionarc.com\/wp-content\/uploads\/2020\/08\/Mezclador-industrial-para-panader\u00eda-10L-0.jpg\",\"width\":1600,\"height\":1600,\"caption\":\"Mezclador industrial para panader\u00eda 10 L\"},{\"@type\":\"BreadcrumbList\",\"@id\":\"https:\/\/www.distribucionarc.com\/ar\/producto\/mezclador-industrial-para-panaderia-10-l\/#breadcrumb\",\"itemListElement\":[{\"@type\":\"ListItem\",\"position\":1,\"name\":\"Portada\",\"item\":\"https:\/\/distribucionarc.com\/pl\/\"},{\"@type\":\"ListItem\",\"position\":2,\"name\":\"Produkty\",\"item\":\"https:\/\/distribucionarc.com\/pl\/shop\/\"},{\"@type\":\"ListItem\",\"position\":3,\"name\":\"Mezclador industrial para panader\u00eda 10 L\"}]},{\"@type\":\"WebSite\",\"@id\":\"https:\/\/distribucionarc.com\/de\/#website\",\"url\":\"https:\/\/distribucionarc.com\/de\/\",\"name\":\"distribuci\u00f3n ARC\",\"description\":\"Empresa especializada en la fabricaci\u00f3n y distribuci\u00f3n de maquinaria industrial, selladoras de latas, Maquinas de hacer pastillas, Maquinas de cortar carne...\",\"publisher\":{\"@id\":\"https:\/\/distribucionarc.com\/de\/#organization\"},\"potentialAction\":[{\"@type\":\"SearchAction\",\"target\":{\"@type\":\"EntryPoint\",\"urlTemplate\":\"https:\/\/distribucionarc.com\/de\/?s={search_term_string}\"},\"query-input\":{\"@type\":\"PropertyValueSpecification\",\"valueRequired\":true,\"valueName\":\"search_term_string\"}}],\"inLanguage\":\"hr\"},{\"@type\":\"Organization\",\"@id\":\"https:\/\/distribucionarc.com\/de\/#organization\",\"name\":\"Distribuci\u00f3n ARC\",\"url\":\"https:\/\/distribucionarc.com\/de\/\",\"logo\":{\"@type\":\"ImageObject\",\"inLanguage\":\"hr\",\"@id\":\"https:\/\/distribucionarc.com\/de\/#\/schema\/logo\/image\/\",\"url\":\"https:\/\/distribucionarc.com\/wp-content\/uploads\/2024\/10\/distribucion-ARC-COLOR-SIN-FONDO-e1732295305345.png\",\"contentUrl\":\"https:\/\/distribucionarc.com\/wp-content\/uploads\/2024\/10\/distribucion-ARC-COLOR-SIN-FONDO-e1732295305345.png\",\"width\":1164,\"height\":558,\"caption\":\"Distribuci\u00f3n ARC\"},\"image\":{\"@id\":\"https:\/\/distribucionarc.com\/de\/#\/schema\/logo\/image\/\"},\"description\":\"Empresa especializada en la fabricaci\u00f3n y distribuci\u00f3n de maquinaria industrial para los sectores alimentario y farmac\u00e9utico. Nos especializamos en: M\u00e1quinas de cortar carne Fabricaci\u00f3n de comprimidos Sistemas de transporte industrial L\u00edneas de embotellado Dosificadores Y mucho m\u00e1s... Ofrecemos soluciones innovadoras y personalizadas para optimizar los procesos productivos de tu empresa.\",\"email\":\"Admistracion@distribucionarc.com\",\"telephone\":\"+34 643496664\",\"legalName\":\"ARC TECH SOLUTIONS\",\"foundingDate\":\"2024-04-09\",\"vatID\":\"B55480172\",\"numberOfEmployees\":{\"@type\":\"QuantitativeValue\",\"minValue\":\"1\",\"maxValue\":\"10\"}}]}<\/script>\n<!-- \/ Yoast SEO Premium plugin. -->","yoast_head_json":{"title":"Industrijska mije\u0161alica za pekaru 10 L - ARC distribucija","robots":{"index":"index","follow":"follow","max-snippet":"max-snippet:-1","max-image-preview":"max-image-preview:large","max-video-preview":"max-video-preview:-1"},"canonical":"https:\/\/www.distribucionarc.com\/ar\/producto\/mezclador-industrial-para-panaderia-10-l\/","og_locale":"hr_HR","og_type":"article","og_title":"Mezclador industrial para panader\u00eda 10 L","og_description":"Mezclador industrial para panader\u00eda 10L Esta\u00a0batidora de alimentos es la indicada para mezclar harinas, masa, relleno, huevos batidos, etc. Gracias a su potente motor de 400W y su robusto bol de acero inoxidable el proceso de amasado se realiza r\u00e1pida y sencillamente, esta\u00a0mezcladora\u00a0ARC\u00a0es una m\u00e1quina robusta, duradera y fiable. Puede elegir diferentes velocidades para el proceso que requiera ya sea\u00a0amasar, mezclar, batir. Todas sus piezas de contacto con los alimentos cumplen con las normas sanitarias. Garant\u00eda\u00a0ARC 2 A\u00d1OS motor m\u00e1s eficiente bajo consumo 400W soporte t\u00e9cnico\u00a0incluido","og_url":"https:\/\/www.distribucionarc.com\/ar\/producto\/mezclador-industrial-para-panaderia-10-l\/","og_site_name":"distribuci\u00f3n ARC","article_modified_time":"2020-09-30T15:12:10+00:00","og_image":[{"width":1600,"height":1600,"url":"https:\/\/distribucionarc.com\/wp-content\/uploads\/2020\/08\/Mezclador-industrial-para-panader\u00eda-10L-0.jpg","type":"image\/jpeg"}],"twitter_card":"summary_large_image","twitter_misc":{"Procijenjeno vrijeme \u010ditanja":"1 minuta"},"schema":{"@context":"https:\/\/schema.org","@graph":[{"@type":"WebPage","@id":"https:\/\/www.distribucionarc.com\/ar\/producto\/mezclador-industrial-para-panaderia-10-l\/","url":"https:\/\/www.distribucionarc.com\/ar\/producto\/mezclador-industrial-para-panaderia-10-l\/","name":"Industrijska mije\u0161alica za pekaru 10 L - ARC distribucija","isPartOf":{"@id":"https:\/\/distribucionarc.com\/de\/#website"},"primaryImageOfPage":{"@id":"https:\/\/www.distribucionarc.com\/ar\/producto\/mezclador-industrial-para-panaderia-10-l\/#primaryimage"},"image":{"@id":"https:\/\/www.distribucionarc.com\/ar\/producto\/mezclador-industrial-para-panaderia-10-l\/#primaryimage"},"thumbnailUrl":"https:\/\/distribucionarc.com\/wp-content\/uploads\/2020\/08\/Mezclador-industrial-para-panader\u00eda-10L-0.jpg","datePublished":"2020-08-17T15:56:32+00:00","dateModified":"2020-09-30T15:12:10+00:00","breadcrumb":{"@id":"https:\/\/www.distribucionarc.com\/ar\/producto\/mezclador-industrial-para-panaderia-10-l\/#breadcrumb"},"inLanguage":"hr","potentialAction":[{"@type":"ReadAction","target":["https:\/\/www.distribucionarc.com\/ar\/producto\/mezclador-industrial-para-panaderia-10-l\/"]}]},{"@type":"ImageObject","inLanguage":"hr","@id":"https:\/\/www.distribucionarc.com\/ar\/producto\/mezclador-industrial-para-panaderia-10-l\/#primaryimage","url":"https:\/\/distribucionarc.com\/wp-content\/uploads\/2020\/08\/Mezclador-industrial-para-panader\u00eda-10L-0.jpg","contentUrl":"https:\/\/distribucionarc.com\/wp-content\/uploads\/2020\/08\/Mezclador-industrial-para-panader\u00eda-10L-0.jpg","width":1600,"height":1600,"caption":"Mezclador industrial para panader\u00eda 10 L"},{"@type":"BreadcrumbList","@id":"https:\/\/www.distribucionarc.com\/ar\/producto\/mezclador-industrial-para-panaderia-10-l\/#breadcrumb","itemListElement":[{"@type":"ListItem","position":1,"name":"Portada","item":"https:\/\/distribucionarc.com\/pl\/"},{"@type":"ListItem","position":2,"name":"Produkty","item":"https:\/\/distribucionarc.com\/pl\/shop\/"},{"@type":"ListItem","position":3,"name":"Mezclador industrial para panader\u00eda 10 L"}]},{"@type":"WebSite","@id":"https:\/\/distribucionarc.com\/de\/#website","url":"https:\/\/distribucionarc.com\/de\/","name":"ARC distribucija","description":"Tvrtka specijalizirana za proizvodnju i distribuciju industrijskih strojeva, strojeva za zatvaranje limenki, strojeva za izradu pilula, strojeva za rezanje mesa itd.","publisher":{"@id":"https:\/\/distribucionarc.com\/de\/#organization"},"potentialAction":[{"@type":"SearchAction","target":{"@type":"EntryPoint","urlTemplate":"https:\/\/distribucionarc.com\/de\/?s={search_term_string}"},"query-input":{"@type":"PropertyValueSpecification","valueRequired":true,"valueName":"search_term_string"}}],"inLanguage":"hr"},{"@type":"Organization","@id":"https:\/\/distribucionarc.com\/de\/#organization","name":"ARC distribucija","url":"https:\/\/distribucionarc.com\/de\/","logo":{"@type":"ImageObject","inLanguage":"hr","@id":"https:\/\/distribucionarc.com\/de\/#\/schema\/logo\/image\/","url":"https:\/\/distribucionarc.com\/wp-content\/uploads\/2024\/10\/distribucion-ARC-COLOR-SIN-FONDO-e1732295305345.png","contentUrl":"https:\/\/distribucionarc.com\/wp-content\/uploads\/2024\/10\/distribucion-ARC-COLOR-SIN-FONDO-e1732295305345.png","width":1164,"height":558,"caption":"Distribuci\u00f3n ARC"},"image":{"@id":"https:\/\/distribucionarc.com\/de\/#\/schema\/logo\/image\/"},"description":"Tvrtka specijalizirana za proizvodnju i distribuciju industrijskih strojeva za prehrambeni i farmaceutski sektor. Specijalizirani smo za: Strojeve za rezanje mesa Proizvodnja tableta Industrijske transportne sustave Linije za punjenje Strojevi za doziranje I jo\u0161 mnogo toga... Nudimo inovativna i prilago\u0111ena rje\u0161enja za optimizaciju proizvodnih procesa Va\u0161e tvrtke.","email":"Admistracion@distribucionarc.com","telephone":"+34 643496664","legalName":"ARC TECH SOLUTIONS","foundingDate":"2024-04-09","vatID":"B55480172","numberOfEmployees":{"@type":"QuantitativeValue","minValue":"1","maxValue":"10"}}]}},"_links":{"self":[{"href":"https:\/\/distribucionarc.com\/hr\/wp-json\/wp\/v2\/product\/2414","targetHints":{"allow":["GET"]}}],"collection":[{"href":"https:\/\/distribucionarc.com\/hr\/wp-json\/wp\/v2\/product"}],"about":[{"href":"https:\/\/distribucionarc.com\/hr\/wp-json\/wp\/v2\/types\/product"}],"replies":[{"embeddable":true,"href":"https:\/\/distribucionarc.com\/hr\/wp-json\/wp\/v2\/comments?post=2414"}],"version-history":[{"count":0,"href":"https:\/\/distribucionarc.com\/hr\/wp-json\/wp\/v2\/product\/2414\/revisions"}],"wp:featuredmedia":[{"embeddable":true,"href":"https:\/\/distribucionarc.com\/hr\/wp-json\/wp\/v2\/media\/2415"}],"wp:attachment":[{"href":"https:\/\/distribucionarc.com\/hr\/wp-json\/wp\/v2\/media?parent=2414"}],"wp:term":[{"taxonomy":"product_brand","embeddable":true,"href":"https:\/\/distribucionarc.com\/hr\/wp-json\/wp\/v2\/product_brand?post=2414"},{"taxonomy":"product_cat","embeddable":true,"href":"https:\/\/distribucionarc.com\/hr\/wp-json\/wp\/v2\/product_cat?post=2414"},{"taxonomy":"product_tag","embeddable":true,"href":"https:\/\/distribucionarc.com\/hr\/wp-json\/wp\/v2\/product_tag?post=2414"}],"curies":[{"name":"radni list","href":"https:\/\/api.w.org\/{rel}","templated":true}]}}