{"id":2506,"date":"2020-08-19T13:18:12","date_gmt":"2020-08-19T13:18:12","guid":{"rendered":"https:\/\/distribucionarc.com\/?post_type=product&#038;p=2506"},"modified":"2020-10-01T08:15:28","modified_gmt":"2020-10-01T08:15:28","slug":"dozator-za-punjenje-s-pjenjacom-i-kontrolom-temperature-50-ml-%f0%9f%94%9b-500-ml","status":"publish","type":"product","link":"https:\/\/distribucionarc.com\/hr\/producto\/dosificadora-embotelladora-llenadora-con-batidor-y-control-de-temperatura-50-ml-%f0%9f%94%9b-500-ml\/","title":{"rendered":"Dozator, punjenje, punilo s pjenja\u010dom i kontrolom temperature 50 ml? 500 ml"},"content":{"rendered":"<h3>Dozator, punjenje, punilo s pjenja\u010dom i kontrolom temperature 50 ml? 500 ml<\/h3>\n<p>&nbsp;<\/p>\n<p>Ovaj stroj je savr\u0161en za\u00a0<strong>mjerite proizvode poput d\u017eemova ili umaka za koje je potrebna pjenja\u010da<\/strong> \/ mje\u0161alica kako bi proizvod bio u stalnom kretanju ima motor s podesivom brzinom?\ufe0f Va\u017eno je regulirati brzinu kako bi je prilagodili va\u0161em proizvodu. The<strong> punionica <span style=\"color: #ff0000;\">DO<\/span><span style=\"color: #0000ff;\">R<\/span>CDECT500<\/strong> ima <strong>kontrola temperature<\/strong> za <strong>ubrzati proces punjenja<\/strong> pored toga <strong>osigurati manju oksigenaciju proizvoda<\/strong> Kako bi \u0161to bolje sa\u010duvao svoj okus i svojstva, ovaj aparat je izra\u0111en od nehr\u0111aju\u0107eg \u010delika 316, kori\u0161teni su vrhunski materijali kako bi dozator zadovoljio na\u0161e zahtjevne zahtjeve kvalitete.<\/p>\n<p>Punionica je dizajnirana po modulima U slu\u010daju kvara ili kvara, dajemo vam kompletan modul za zamjenu, dajemo tehni\u010dku podr\u0161ku i imamo 2 godine jamstva.<\/p>\n<p>Posjeduje CE certifikat<\/p>\n<p>U ovom videu prikazujemo vam stroj u radu<\/p>\n<ul>\n<li>Kontrola temperature 0\u00baC \u2013 200\u00baC<\/li>\n<li>Robustan dizajn sustava rotiraju\u0107ih ventila.<\/li>\n<li>Punjenje pneumatskim klipom.<\/li>\n<li>Brzina dodavanja klipa je podesiva.<\/li>\n<li>Podesiva glava sa sustavom protiv kapanja.<\/li>\n<li>To\u010dnost punjenja (+\/- 1%)<\/li>\n<li>Jednostavno odr\u017eavanje i \u010di\u0161\u0107enje.<\/li>\n<li>Nehr\u0111aju\u0107i \u010delik za hranu.<\/li>\n<li>Vrlo jednostavan za rukovanje.<\/li>\n<li>Pneumatski dijelovi se lako sastavljaju i rastavljaju.<\/li>\n<li>Automatski i poluautomatski prekida\u010d za punjenje.<\/li>\n<li>Mjera\u010d tlaka zraka.<\/li>\n<li>Podesivi volumen i brzina punjenja.<\/li>\n<\/ul>\n<ul>\n<li>\n<ul>\n<li>Raspon punjenja: 50 \u2796 500 ml.<\/li>\n<li>Kapacitet spremnika: 30 L.<\/li>\n<li>Brzina do: 30 boca\/min.<\/li>\n<li>Glava za punjenje: jedna mlaznica.<\/li>\n<li>Materijal stroja: nehr\u0111aju\u0107i \u010delik 304\/316.<\/li>\n<li>2\ufe0f\u20e3 GODINE GARANCIJE<\/li>\n<li>Tehni\u010dka podr\u0161ka<\/li>\n<\/ul>\n<\/li>\n<\/ul>","protected":false},"excerpt":{"rendered":"<h2>Dozator, punjenje, punilo s pjenja\u010dom i kontrolom temperature 50 ml? 500 ml<\/h2>\n<p><strong>Stroj za punjenje teku\u0107ina<\/strong> vrlo viskozni poluautomatski, pogonjen pneumatskim klipom, proizveden od najkvalitetnijih materijala. Opremljen s pet ventila koji kontroliraju protok proizvoda. Struktura s vrhunskim dizajnom i svim je modelima jednostavno rukovati. Ovaj <strong>dispenzer<\/strong> ima<strong> kontrola temperature (0\u00baC \u2013 200\u00baC)<\/strong> u spremniku za<strong> ubrzati proces punjenja<\/strong> osim \u0161to osigurava manju oksigenaciju proizvoda do <strong>bolje sa\u010duvati svojstva i okus<\/strong>. Svi kontaktni materijali koji se koriste su nehr\u0111aju\u0107i \u010delik 316 u skladu sa zahtjevima GMP. Koli\u010dina i brzina punjenja mogu se regulirati s velikom precizno\u0161\u0107u.<\/p>\n<p>&nbsp;<\/p>","protected":false},"featured_media":2507,"comment_status":"open","ping_status":"closed","template":"","meta":{"wds_primary_product_brand":0,"wds_primary_product_cat":0},"product_brand":[],"product_cat":[18,19],"product_tag":[],"class_list":{"0":"post-2506","1":"product","2":"type-product","3":"status-publish","4":"has-post-thumbnail","6":"product_cat-dosificadoras","7":"product_cat-dosificadoras-de-liquidos","8":"product_shipping_class-express","10":"first","11":"instock","12":"sale","13":"taxable","14":"shipping-taxable","15":"purchasable","16":"product-type-simple"},"yoast_head":"<!-- This site is optimized with the Yoast SEO Premium plugin v24.9 (Yoast SEO v26.1) - https:\/\/yoast.com\/wordpress\/plugins\/seo\/ -->\n<title>Dosificadora, Embotelladora, Llenadora con Batidor y control de temperatura 50 ml ? 500 ml - distribuci\u00f3n ARC<\/title>\n<meta name=\"robots\" content=\"index, follow, max-snippet:-1, max-image-preview:large, max-video-preview:-1\" \/>\n<link rel=\"canonical\" href=\"https:\/\/www.distribucionarc.com\/nb\/producto\/dosificadora-embotelladora-llenadora-con-batidor-y-control-de-temperatura-50-ml-\ud83d\udd1b-500-ml\/\" \/>\n<meta property=\"og:locale\" content=\"hr_HR\" \/>\n<meta property=\"og:type\" content=\"article\" \/>\n<meta property=\"og:title\" content=\"Dosificadora, Embotelladora, Llenadora con Batidor y control de temperatura 50 ml ? 500 ml\" \/>\n<meta property=\"og:description\" content=\"Dosificadora, Embotelladora, Llenadora con Batidor y control de temperatura 50 ml ? 500 ml M\u00e1quina para llenado de l\u00edquidos muy viscosos semi automatica, impulsada por un pist\u00f3n neum\u00e1tico, fabricada con materiales de primera calidad. Equipada con cinco v\u00e1lvulas que controlan el flujo de los productos. Estructura con dise\u00f1o superior y todos los modelos son f\u00e1ciles de operar. Esta dosificadora dispone de control de temperatura (0\u00baC - 200\u00baC) en la tolva para acelerar el proceso de llenado adem\u00e1s de\u00a0 asegurar una menor oxigenaci\u00f3n del producto para conservar mejor sus propiedades y sabor. Todos los materiales de contacto utilizados, son de acero inoxidable 316 de acuerdo con los requisitos de GMP. La cantidad de volumen y la velocidad de llenado pueden ser regulados con una gran precisi\u00f3n.  &nbsp;\" \/>\n<meta property=\"og:url\" content=\"https:\/\/www.distribucionarc.com\/nb\/producto\/dosificadora-embotelladora-llenadora-con-batidor-y-control-de-temperatura-50-ml-\ud83d\udd1b-500-ml\/\" \/>\n<meta property=\"og:site_name\" content=\"distribuci\u00f3n ARC\" \/>\n<meta property=\"article:modified_time\" content=\"2020-10-01T08:15:28+00:00\" \/>\n<meta property=\"og:image\" content=\"https:\/\/www.distribucionarc.com\/wp-content\/uploads\/2020\/08\/Dosificadora-Embotelladora-Llenadora-con-Batidor-y-control-de-temperatura-50-ml-500-ml-0.jpg\" \/>\n\t<meta property=\"og:image:width\" content=\"1600\" \/>\n\t<meta property=\"og:image:height\" content=\"1600\" \/>\n\t<meta property=\"og:image:type\" content=\"image\/jpeg\" \/>\n<meta name=\"twitter:card\" content=\"summary_large_image\" \/>\n<meta name=\"twitter:label1\" content=\"Procijenjeno vrijeme \u010ditanja\" \/>\n\t<meta name=\"twitter:data1\" content=\"1 minuta\" \/>\n<script type=\"application\/ld+json\" class=\"yoast-schema-graph\">{\"@context\":\"https:\/\/schema.org\",\"@graph\":[{\"@type\":\"WebPage\",\"@id\":\"https:\/\/www.distribucionarc.com\/nb\/producto\/dosificadora-embotelladora-llenadora-con-batidor-y-control-de-temperatura-50-ml-%f0%9f%94%9b-500-ml\/\",\"url\":\"https:\/\/www.distribucionarc.com\/nb\/producto\/dosificadora-embotelladora-llenadora-con-batidor-y-control-de-temperatura-50-ml-%f0%9f%94%9b-500-ml\/\",\"name\":\"Dosificadora, Embotelladora, Llenadora con Batidor y control de temperatura 50 ml ? 500 ml - distribuci\u00f3n ARC\",\"isPartOf\":{\"@id\":\"https:\/\/distribucionarc.com\/bg\/#website\"},\"primaryImageOfPage\":{\"@id\":\"https:\/\/www.distribucionarc.com\/nb\/producto\/dosificadora-embotelladora-llenadora-con-batidor-y-control-de-temperatura-50-ml-%f0%9f%94%9b-500-ml\/#primaryimage\"},\"image\":{\"@id\":\"https:\/\/www.distribucionarc.com\/nb\/producto\/dosificadora-embotelladora-llenadora-con-batidor-y-control-de-temperatura-50-ml-%f0%9f%94%9b-500-ml\/#primaryimage\"},\"thumbnailUrl\":\"https:\/\/distribucionarc.com\/wp-content\/uploads\/2020\/08\/Dosificadora-Embotelladora-Llenadora-con-Batidor-y-control-de-temperatura-50-ml-500-ml-0.jpg\",\"datePublished\":\"2020-08-19T13:18:12+00:00\",\"dateModified\":\"2020-10-01T08:15:28+00:00\",\"breadcrumb\":{\"@id\":\"https:\/\/www.distribucionarc.com\/nb\/producto\/dosificadora-embotelladora-llenadora-con-batidor-y-control-de-temperatura-50-ml-%f0%9f%94%9b-500-ml\/#breadcrumb\"},\"inLanguage\":\"hr\",\"potentialAction\":[{\"@type\":\"ReadAction\",\"target\":[\"https:\/\/www.distribucionarc.com\/nb\/producto\/dosificadora-embotelladora-llenadora-con-batidor-y-control-de-temperatura-50-ml-%f0%9f%94%9b-500-ml\/\"]}]},{\"@type\":\"ImageObject\",\"inLanguage\":\"hr\",\"@id\":\"https:\/\/www.distribucionarc.com\/nb\/producto\/dosificadora-embotelladora-llenadora-con-batidor-y-control-de-temperatura-50-ml-%f0%9f%94%9b-500-ml\/#primaryimage\",\"url\":\"https:\/\/distribucionarc.com\/wp-content\/uploads\/2020\/08\/Dosificadora-Embotelladora-Llenadora-con-Batidor-y-control-de-temperatura-50-ml-500-ml-0.jpg\",\"contentUrl\":\"https:\/\/distribucionarc.com\/wp-content\/uploads\/2020\/08\/Dosificadora-Embotelladora-Llenadora-con-Batidor-y-control-de-temperatura-50-ml-500-ml-0.jpg\",\"width\":1600,\"height\":1600,\"caption\":\"Dosificadora, Embotelladora, Llenadora con Batidor y control de temperatura 50 ml 500 ml\"},{\"@type\":\"BreadcrumbList\",\"@id\":\"https:\/\/www.distribucionarc.com\/nb\/producto\/dosificadora-embotelladora-llenadora-con-batidor-y-control-de-temperatura-50-ml-%f0%9f%94%9b-500-ml\/#breadcrumb\",\"itemListElement\":[{\"@type\":\"ListItem\",\"position\":1,\"name\":\"Portada\",\"item\":\"https:\/\/distribucionarc.com\/nb\/\"},{\"@type\":\"ListItem\",\"position\":2,\"name\":\"Products\",\"item\":\"https:\/\/www.distribucionarc.com\/en\/shop\/\"},{\"@type\":\"ListItem\",\"position\":3,\"name\":\"Dosificadora, Embotelladora, Llenadora con Batidor y control de temperatura 50 ml ? 500 ml\"}]},{\"@type\":\"WebSite\",\"@id\":\"https:\/\/distribucionarc.com\/bg\/#website\",\"url\":\"https:\/\/distribucionarc.com\/bg\/\",\"name\":\"distribuci\u00f3n ARC\",\"description\":\"Empresa especializada en la fabricaci\u00f3n y distribuci\u00f3n de maquinaria industrial, selladoras de latas, Maquinas de hacer pastillas, Maquinas de cortar carne...\",\"publisher\":{\"@id\":\"https:\/\/distribucionarc.com\/bg\/#organization\"},\"potentialAction\":[{\"@type\":\"SearchAction\",\"target\":{\"@type\":\"EntryPoint\",\"urlTemplate\":\"https:\/\/distribucionarc.com\/bg\/?s={search_term_string}\"},\"query-input\":{\"@type\":\"PropertyValueSpecification\",\"valueRequired\":true,\"valueName\":\"search_term_string\"}}],\"inLanguage\":\"hr\"},{\"@type\":\"Organization\",\"@id\":\"https:\/\/distribucionarc.com\/bg\/#organization\",\"name\":\"Distribuci\u00f3n ARC\",\"url\":\"https:\/\/distribucionarc.com\/bg\/\",\"logo\":{\"@type\":\"ImageObject\",\"inLanguage\":\"hr\",\"@id\":\"https:\/\/distribucionarc.com\/bg\/#\/schema\/logo\/image\/\",\"url\":\"https:\/\/distribucionarc.com\/wp-content\/uploads\/2024\/10\/distribucion-ARC-COLOR-SIN-FONDO-e1732295305345.png\",\"contentUrl\":\"https:\/\/distribucionarc.com\/wp-content\/uploads\/2024\/10\/distribucion-ARC-COLOR-SIN-FONDO-e1732295305345.png\",\"width\":1164,\"height\":558,\"caption\":\"Distribuci\u00f3n ARC\"},\"image\":{\"@id\":\"https:\/\/distribucionarc.com\/bg\/#\/schema\/logo\/image\/\"},\"description\":\"Empresa especializada en la fabricaci\u00f3n y distribuci\u00f3n de maquinaria industrial para los sectores alimentario y farmac\u00e9utico. Nos especializamos en: M\u00e1quinas de cortar carne Fabricaci\u00f3n de comprimidos Sistemas de transporte industrial L\u00edneas de embotellado Dosificadores Y mucho m\u00e1s... Ofrecemos soluciones innovadoras y personalizadas para optimizar los procesos productivos de tu empresa.\",\"email\":\"Admistracion@distribucionarc.com\",\"telephone\":\"+34 643496664\",\"legalName\":\"ARC TECH SOLUTIONS\",\"foundingDate\":\"2024-04-09\",\"vatID\":\"B55480172\",\"numberOfEmployees\":{\"@type\":\"QuantitativeValue\",\"minValue\":\"1\",\"maxValue\":\"10\"}}]}<\/script>\n<!-- \/ Yoast SEO Premium plugin. -->","yoast_head_json":{"title":"Dozator, punjenje, punilo s pjenja\u010dom i kontrolom temperature 50 ml? 500 ml - ARC distribucija","robots":{"index":"index","follow":"follow","max-snippet":"max-snippet:-1","max-image-preview":"max-image-preview:large","max-video-preview":"max-video-preview:-1"},"canonical":"https:\/\/www.distribucionarc.com\/nb\/producto\/dosificadora-embotelladora-llenadora-con-batidor-y-control-de-temperatura-50-ml-\ud83d\udd1b-500-ml\/","og_locale":"hr_HR","og_type":"article","og_title":"Dosificadora, Embotelladora, Llenadora con Batidor y control de temperatura 50 ml ? 500 ml","og_description":"Dosificadora, Embotelladora, Llenadora con Batidor y control de temperatura 50 ml ? 500 ml M\u00e1quina para llenado de l\u00edquidos muy viscosos semi automatica, impulsada por un pist\u00f3n neum\u00e1tico, fabricada con materiales de primera calidad. Equipada con cinco v\u00e1lvulas que controlan el flujo de los productos. Estructura con dise\u00f1o superior y todos los modelos son f\u00e1ciles de operar. Esta dosificadora dispone de control de temperatura (0\u00baC - 200\u00baC) en la tolva para acelerar el proceso de llenado adem\u00e1s de\u00a0 asegurar una menor oxigenaci\u00f3n del producto para conservar mejor sus propiedades y sabor. Todos los materiales de contacto utilizados, son de acero inoxidable 316 de acuerdo con los requisitos de GMP. La cantidad de volumen y la velocidad de llenado pueden ser regulados con una gran precisi\u00f3n.  &nbsp;","og_url":"https:\/\/www.distribucionarc.com\/nb\/producto\/dosificadora-embotelladora-llenadora-con-batidor-y-control-de-temperatura-50-ml-\ud83d\udd1b-500-ml\/","og_site_name":"distribuci\u00f3n ARC","article_modified_time":"2020-10-01T08:15:28+00:00","og_image":[{"width":1600,"height":1600,"url":"https:\/\/www.distribucionarc.com\/wp-content\/uploads\/2020\/08\/Dosificadora-Embotelladora-Llenadora-con-Batidor-y-control-de-temperatura-50-ml-500-ml-0.jpg","type":"image\/jpeg"}],"twitter_card":"summary_large_image","twitter_misc":{"Procijenjeno vrijeme \u010ditanja":"1 minuta"},"schema":{"@context":"https:\/\/schema.org","@graph":[{"@type":"WebPage","@id":"https:\/\/www.distribucionarc.com\/nb\/producto\/dosificadora-embotelladora-llenadora-con-batidor-y-control-de-temperatura-50-ml-%f0%9f%94%9b-500-ml\/","url":"https:\/\/www.distribucionarc.com\/nb\/producto\/dosificadora-embotelladora-llenadora-con-batidor-y-control-de-temperatura-50-ml-%f0%9f%94%9b-500-ml\/","name":"Dozator, punjenje, punilo s pjenja\u010dom i kontrolom temperature 50 ml? 500 ml - ARC distribucija","isPartOf":{"@id":"https:\/\/distribucionarc.com\/bg\/#website"},"primaryImageOfPage":{"@id":"https:\/\/www.distribucionarc.com\/nb\/producto\/dosificadora-embotelladora-llenadora-con-batidor-y-control-de-temperatura-50-ml-%f0%9f%94%9b-500-ml\/#primaryimage"},"image":{"@id":"https:\/\/www.distribucionarc.com\/nb\/producto\/dosificadora-embotelladora-llenadora-con-batidor-y-control-de-temperatura-50-ml-%f0%9f%94%9b-500-ml\/#primaryimage"},"thumbnailUrl":"https:\/\/distribucionarc.com\/wp-content\/uploads\/2020\/08\/Dosificadora-Embotelladora-Llenadora-con-Batidor-y-control-de-temperatura-50-ml-500-ml-0.jpg","datePublished":"2020-08-19T13:18:12+00:00","dateModified":"2020-10-01T08:15:28+00:00","breadcrumb":{"@id":"https:\/\/www.distribucionarc.com\/nb\/producto\/dosificadora-embotelladora-llenadora-con-batidor-y-control-de-temperatura-50-ml-%f0%9f%94%9b-500-ml\/#breadcrumb"},"inLanguage":"hr","potentialAction":[{"@type":"ReadAction","target":["https:\/\/www.distribucionarc.com\/nb\/producto\/dosificadora-embotelladora-llenadora-con-batidor-y-control-de-temperatura-50-ml-%f0%9f%94%9b-500-ml\/"]}]},{"@type":"ImageObject","inLanguage":"hr","@id":"https:\/\/www.distribucionarc.com\/nb\/producto\/dosificadora-embotelladora-llenadora-con-batidor-y-control-de-temperatura-50-ml-%f0%9f%94%9b-500-ml\/#primaryimage","url":"https:\/\/distribucionarc.com\/wp-content\/uploads\/2020\/08\/Dosificadora-Embotelladora-Llenadora-con-Batidor-y-control-de-temperatura-50-ml-500-ml-0.jpg","contentUrl":"https:\/\/distribucionarc.com\/wp-content\/uploads\/2020\/08\/Dosificadora-Embotelladora-Llenadora-con-Batidor-y-control-de-temperatura-50-ml-500-ml-0.jpg","width":1600,"height":1600,"caption":"Dosificadora, Embotelladora, Llenadora con Batidor y control de temperatura 50 ml 500 ml"},{"@type":"BreadcrumbList","@id":"https:\/\/www.distribucionarc.com\/nb\/producto\/dosificadora-embotelladora-llenadora-con-batidor-y-control-de-temperatura-50-ml-%f0%9f%94%9b-500-ml\/#breadcrumb","itemListElement":[{"@type":"ListItem","position":1,"name":"Portada","item":"https:\/\/distribucionarc.com\/nb\/"},{"@type":"ListItem","position":2,"name":"Products","item":"https:\/\/www.distribucionarc.com\/en\/shop\/"},{"@type":"ListItem","position":3,"name":"Dosificadora, Embotelladora, Llenadora con Batidor y control de temperatura 50 ml ? 500 ml"}]},{"@type":"WebSite","@id":"https:\/\/distribucionarc.com\/bg\/#website","url":"https:\/\/distribucionarc.com\/bg\/","name":"ARC distribucija","description":"Tvrtka specijalizirana za proizvodnju i distribuciju industrijskih strojeva, strojeva za zatvaranje limenki, strojeva za izradu pilula, strojeva za rezanje mesa itd.","publisher":{"@id":"https:\/\/distribucionarc.com\/bg\/#organization"},"potentialAction":[{"@type":"SearchAction","target":{"@type":"EntryPoint","urlTemplate":"https:\/\/distribucionarc.com\/bg\/?s={search_term_string}"},"query-input":{"@type":"PropertyValueSpecification","valueRequired":true,"valueName":"search_term_string"}}],"inLanguage":"hr"},{"@type":"Organization","@id":"https:\/\/distribucionarc.com\/bg\/#organization","name":"ARC distribucija","url":"https:\/\/distribucionarc.com\/bg\/","logo":{"@type":"ImageObject","inLanguage":"hr","@id":"https:\/\/distribucionarc.com\/bg\/#\/schema\/logo\/image\/","url":"https:\/\/distribucionarc.com\/wp-content\/uploads\/2024\/10\/distribucion-ARC-COLOR-SIN-FONDO-e1732295305345.png","contentUrl":"https:\/\/distribucionarc.com\/wp-content\/uploads\/2024\/10\/distribucion-ARC-COLOR-SIN-FONDO-e1732295305345.png","width":1164,"height":558,"caption":"Distribuci\u00f3n ARC"},"image":{"@id":"https:\/\/distribucionarc.com\/bg\/#\/schema\/logo\/image\/"},"description":"Tvrtka specijalizirana za proizvodnju i distribuciju industrijskih strojeva za prehrambeni i farmaceutski sektor. Specijalizirani smo za: Strojeve za rezanje mesa Proizvodnja tableta Industrijske transportne sustave Linije za punjenje Strojevi za doziranje I jo\u0161 mnogo toga... Nudimo inovativna i prilago\u0111ena rje\u0161enja za optimizaciju proizvodnih procesa Va\u0161e tvrtke.","email":"Admistracion@distribucionarc.com","telephone":"+34 643496664","legalName":"ARC TECH SOLUTIONS","foundingDate":"2024-04-09","vatID":"B55480172","numberOfEmployees":{"@type":"QuantitativeValue","minValue":"1","maxValue":"10"}}]}},"_links":{"self":[{"href":"https:\/\/distribucionarc.com\/hr\/wp-json\/wp\/v2\/product\/2506","targetHints":{"allow":["GET"]}}],"collection":[{"href":"https:\/\/distribucionarc.com\/hr\/wp-json\/wp\/v2\/product"}],"about":[{"href":"https:\/\/distribucionarc.com\/hr\/wp-json\/wp\/v2\/types\/product"}],"replies":[{"embeddable":true,"href":"https:\/\/distribucionarc.com\/hr\/wp-json\/wp\/v2\/comments?post=2506"}],"version-history":[{"count":0,"href":"https:\/\/distribucionarc.com\/hr\/wp-json\/wp\/v2\/product\/2506\/revisions"}],"wp:featuredmedia":[{"embeddable":true,"href":"https:\/\/distribucionarc.com\/hr\/wp-json\/wp\/v2\/media\/2507"}],"wp:attachment":[{"href":"https:\/\/distribucionarc.com\/hr\/wp-json\/wp\/v2\/media?parent=2506"}],"wp:term":[{"taxonomy":"product_brand","embeddable":true,"href":"https:\/\/distribucionarc.com\/hr\/wp-json\/wp\/v2\/product_brand?post=2506"},{"taxonomy":"product_cat","embeddable":true,"href":"https:\/\/distribucionarc.com\/hr\/wp-json\/wp\/v2\/product_cat?post=2506"},{"taxonomy":"product_tag","embeddable":true,"href":"https:\/\/distribucionarc.com\/hr\/wp-json\/wp\/v2\/product_tag?post=2506"}],"curies":[{"name":"radni list","href":"https:\/\/api.w.org\/{rel}","templated":true}]}}