{"id":2608,"date":"2020-08-19T16:59:17","date_gmt":"2020-08-19T16:59:17","guid":{"rendered":"https:\/\/distribucionarc.com\/?post_type=product&#038;p=2608"},"modified":"2023-06-04T18:46:12","modified_gmt":"2023-06-04T18:46:12","slug":"elektricni-rezac-mljevilica-za-voce-povrce-i-meso","status":"publish","type":"product","link":"https:\/\/distribucionarc.com\/hr\/producto\/cortadora-picadora-electrica-de-frutas-verduras-y-carne\/","title":{"rendered":"Reza\u010d, elektri\u010dna sjeckalica za vo\u0107e, povr\u0107e i meso"},"content":{"rendered":"<h3>Reza\u010d, elektri\u010dna sjeckalica za vo\u0107e, povr\u0107e i meso za preradu povr\u0107a<\/h3>\n<p>On\u00a0<strong>profesionalni reza\u010d povr\u0107a\u00a0<span style=\"color: #ff0000;\">DO<\/span><span style=\"color: #0000ff;\">R<\/span>c<\/strong> Izra\u0111en je od nehr\u0111aju\u0107eg \u010delika i legure lijevanog aluminija sa srebrno anodiziranom povr\u0161inom. Antikorozivno. Visokou\u010dinkoviti motor od 500 W omogu\u0107uje veliku brzinu vrtnje od 1600 o\/min. Brzina rotacije diskova za rezanje je 270 o\/min.<\/p>\n<p>Neklizaju\u0107e gumene no\u017eice osiguravaju stabilnost\u00a0<strong>profesionalni reza\u010d<\/strong>; Prekida\u010d napajanja s poklopcem osigurava sigurnost; power bar sprje\u010dava ozljede ruku; Ergonomska ru\u010dka olak\u0161ava rezanje.<\/p>\n<p>Pogodan za rezanje raznog povr\u0107a, vo\u0107a i sireva. Sposobnost obavljanja rezanja, usitnjavanja i rezanja na kockice pomo\u0107u razli\u010ditih diskova za rezanje.<\/p>\n<h6>Jamstvo<strong>\u00a0<span style=\"color: #ff0000;\">DO<\/span><span style=\"color: #0000ff;\">R<\/span>c<\/strong><\/h6>\n<h6><span style=\"color: #008000;\"><strong>Kuhinjski procesor za povr\u0107e male potro\u0161nje 500w<\/strong><\/span><\/h6>\n<h6>uklju\u010dena tehni\u010dka podr\u0161ka<\/h6>\n<p>&nbsp;<\/p>\n<table role=\"presentation\" width=\"100%\" cellspacing=\"0\" cellpadding=\"0\">\n<tbody>\n<tr>\n<td class=\"attrLabels\">Jamstvo:<\/td>\n<td width=\"50.0%\">LUK 2 GOD<\/td>\n<\/tr>\n<tr>\n<td class=\"attrLabels\">Zemlja distribucije:<\/td>\n<td width=\"50.0%\">\u0160panjolska, Njema\u010dka, SAD<\/td>\n<td class=\"attrLabels\">Te\u017eina:<\/td>\n<td width=\"50.0%\">9,7 kg<\/td>\n<\/tr>\n<tr>\n<td class=\"attrLabels\">Marka:<\/td>\n<td width=\"50.0%\">LUK<\/td>\n<td class=\"attrLabels\">Visina:<\/td>\n<td width=\"50.0%\">46 cm<\/td>\n<\/tr>\n<tr>\n<td class=\"attrLabels\">Boja:<\/td>\n<td width=\"50.0%\">Srebro<\/td>\n<td class=\"attrLabels\">dugo:<\/td>\n<td width=\"50.0%\">30 cm<\/td>\n<\/tr>\n<tr>\n<td class=\"attrLabels\">Vrsta proizvoda:<\/td>\n<td width=\"50.0%\">Profesionalni reza\u010d povr\u0107a<\/td>\n<td class=\"attrLabels\">\u0160iroko:<\/td>\n<td width=\"50.0%\">21 cm<\/td>\n<\/tr>\n<tr>\n<td class=\"attrLabels\">Proizvo\u0111a\u010dki broj:<\/td>\n<td width=\"50.0%\">ARCCVPC25<\/td>\n<td class=\"attrLabels\">Vlast:<\/td>\n<td width=\"50.0%\">500 W<\/td>\n<\/tr>\n<tr>\n<td class=\"attrLabels\">Materijal:<\/td>\n<td width=\"50.0%\">nehr\u0111aju\u0107i \u010delik<\/td>\n<td class=\"attrLabels\">ulazni napon<\/td>\n<td width=\"50.0%\">220V \u2013 50Hz<\/td>\n<\/tr>\n<tr>\n<td class=\"attrLabels\">vrste rezanja:<\/td>\n<td width=\"50.0%\">fino, mljeveno, zdrobljeno<\/td>\n<td class=\"attrLabels\">Okretanje motora:<\/td>\n<td width=\"50.0%\">1600 okretaja u minuti<\/td>\n<\/tr>\n<tr>\n<td class=\"attrLabels\">Alati za instalaciju:<\/td>\n<td width=\"50.0%\">Da<\/td>\n<td class=\"attrLabels\">brzina diska za rezanje:<\/td>\n<td width=\"50.0%\">270 okretaja u minuti<\/td>\n<\/tr>\n<\/tbody>\n<\/table>","protected":false},"excerpt":{"rendered":"<h2>Reza\u010d, elektri\u010dna sjeckalica za vo\u0107e, povr\u0107e i meso za preradu povr\u0107a<\/h2>\n<p>s\u00a0<strong>reza\u010d povr\u0107a<\/strong>\u00a0od\u00a0<strong><span style=\"color: #ff0000;\">DO<\/span><span style=\"color: #0000ff;\">R<\/span>c<\/strong>\u00a0U\u0161tedjet \u0107ete vrijeme i novac, pripremiti svoje salate, pr\u017eene krumpiri\u0107e, pr\u017eene krumpiri\u0107e itd. Na naju\u010dinkovitiji i najjednostavniji na\u010din.<\/p>\n<p>Ovaj\u00a0<strong>reza\u010d hrane\u00a0<span style=\"color: #ff0000;\">DO<\/span><span style=\"color: #0000ff;\">R<\/span>CCVPC25<\/strong> Izra\u0111en je od nehr\u0111aju\u0107eg \u010delika pogodnog za hranu i visokokvalitetne legure lijevanog aluminija sa srebrno anodiziranom povr\u0161inom. Ova komercijalna sjeckalica za povr\u0107e savr\u0161ena je za sjeckanje razli\u010ditog mesa, povr\u0107a i vo\u0107a!<\/p>\n<h6>Jamstvo<strong>\u00a0<span style=\"color: #ff0000;\">DO<\/span><span style=\"color: #0000ff;\">R<\/span>c<\/strong><\/h6>\n<h6><span style=\"color: #008000;\"><strong>Kuhinjski procesor za povr\u0107e male potro\u0161nje 500w<\/strong><\/span><\/h6>\n<h6>uklju\u010dena tehni\u010dka podr\u0161ka<\/h6>","protected":false},"featured_media":2616,"comment_status":"open","ping_status":"closed","template":"","meta":{"wds_primary_product_brand":0,"wds_primary_product_cat":0},"product_brand":[],"product_cat":[43],"product_tag":[],"class_list":{"0":"post-2608","1":"product","2":"type-product","3":"status-publish","4":"has-post-thumbnail","6":"product_cat-cortadoras-de-alimentos","7":"product_shipping_class-hosteleria","9":"first","10":"instock","11":"taxable","12":"shipping-taxable","13":"purchasable","14":"product-type-simple"},"yoast_head":"<!-- This site is optimized with the Yoast SEO Premium plugin v24.9 (Yoast SEO v26.1) - https:\/\/yoast.com\/wordpress\/plugins\/seo\/ -->\n<title>Cortadora, picadora el\u00e9ctrica de frutas, verduras y carne - distribuci\u00f3n ARC<\/title>\n<meta name=\"robots\" content=\"index, follow, max-snippet:-1, max-image-preview:large, max-video-preview:-1\" \/>\n<link rel=\"canonical\" href=\"https:\/\/www.distribucionarc.com\/en\/producto\/cortadora-picadora-electrica-de-frutas-verduras-y-carne\/\" \/>\n<meta property=\"og:locale\" content=\"hr_HR\" \/>\n<meta property=\"og:type\" content=\"article\" \/>\n<meta property=\"og:title\" content=\"Cortadora, picadora el\u00e9ctrica de frutas, verduras y carne\" \/>\n<meta property=\"og:description\" content=\"Cortadora, picadora el\u00e9ctrica de frutas, verduras y carne procesador de verduras Con la\u00a0cortadora de verduras\u00a0de\u00a0ARC\u00a0ahorraras tiempo y dinero, preparar tus ensaladas, picadillos, salteados, etc. De la forma m\u00e1s eficaz y sencilla.  Este\u00a0cortador de alimentos\u00a0ARCCVPC25 est\u00e1 hecho de acero inoxidable de grado alimenticio y aleaci\u00f3n de aluminio fundido de alta calidad con superficie anodizada de plata. \u00a1Este picador de verduras comercial es perfecto para cortar varias carnes, verduras y frutas! Garant\u00eda\u00a0ARC Procesador de alimentos vegetales, bajo consumo 500w soporte t\u00e9cnico\u00a0incluido\" \/>\n<meta property=\"og:url\" content=\"https:\/\/www.distribucionarc.com\/en\/producto\/cortadora-picadora-electrica-de-frutas-verduras-y-carne\/\" \/>\n<meta property=\"og:site_name\" content=\"distribuci\u00f3n ARC\" \/>\n<meta property=\"article:modified_time\" content=\"2023-06-04T18:46:12+00:00\" \/>\n<meta property=\"og:image\" content=\"https:\/\/distribucionarc.com\/wp-content\/uploads\/2020\/08\/Cortadora-picadora-el\u00e9ctrica-de-frutas-verduras-y-carne-0.jpg\" \/>\n\t<meta property=\"og:image:width\" content=\"1001\" \/>\n\t<meta property=\"og:image:height\" content=\"1001\" \/>\n\t<meta property=\"og:image:type\" content=\"image\/jpeg\" \/>\n<meta name=\"twitter:card\" content=\"summary_large_image\" \/>\n<meta name=\"twitter:label1\" content=\"Procijenjeno vrijeme \u010ditanja\" \/>\n\t<meta name=\"twitter:data1\" content=\"1 minuta\" \/>\n<script type=\"application\/ld+json\" class=\"yoast-schema-graph\">{\"@context\":\"https:\/\/schema.org\",\"@graph\":[{\"@type\":\"WebPage\",\"@id\":\"https:\/\/www.distribucionarc.com\/en\/producto\/cortadora-picadora-electrica-de-frutas-verduras-y-carne\/\",\"url\":\"https:\/\/www.distribucionarc.com\/en\/producto\/cortadora-picadora-electrica-de-frutas-verduras-y-carne\/\",\"name\":\"Cortadora, picadora el\u00e9ctrica de frutas, verduras y carne - distribuci\u00f3n ARC\",\"isPartOf\":{\"@id\":\"https:\/\/www.distribucionarc.com\/sl\/#website\"},\"primaryImageOfPage\":{\"@id\":\"https:\/\/www.distribucionarc.com\/en\/producto\/cortadora-picadora-electrica-de-frutas-verduras-y-carne\/#primaryimage\"},\"image\":{\"@id\":\"https:\/\/www.distribucionarc.com\/en\/producto\/cortadora-picadora-electrica-de-frutas-verduras-y-carne\/#primaryimage\"},\"thumbnailUrl\":\"https:\/\/distribucionarc.com\/wp-content\/uploads\/2020\/08\/Cortadora-picadora-el\u00e9ctrica-de-frutas-verduras-y-carne-0.jpg\",\"datePublished\":\"2020-08-19T16:59:17+00:00\",\"dateModified\":\"2023-06-04T18:46:12+00:00\",\"breadcrumb\":{\"@id\":\"https:\/\/www.distribucionarc.com\/en\/producto\/cortadora-picadora-electrica-de-frutas-verduras-y-carne\/#breadcrumb\"},\"inLanguage\":\"hr\",\"potentialAction\":[{\"@type\":\"ReadAction\",\"target\":[\"https:\/\/www.distribucionarc.com\/en\/producto\/cortadora-picadora-electrica-de-frutas-verduras-y-carne\/\"]}]},{\"@type\":\"ImageObject\",\"inLanguage\":\"hr\",\"@id\":\"https:\/\/www.distribucionarc.com\/en\/producto\/cortadora-picadora-electrica-de-frutas-verduras-y-carne\/#primaryimage\",\"url\":\"https:\/\/distribucionarc.com\/wp-content\/uploads\/2020\/08\/Cortadora-picadora-el\u00e9ctrica-de-frutas-verduras-y-carne-0.jpg\",\"contentUrl\":\"https:\/\/distribucionarc.com\/wp-content\/uploads\/2020\/08\/Cortadora-picadora-el\u00e9ctrica-de-frutas-verduras-y-carne-0.jpg\",\"width\":1001,\"height\":1001,\"caption\":\"Cortadora, picadora el\u00e9ctrica de frutas, verduras y carne\"},{\"@type\":\"BreadcrumbList\",\"@id\":\"https:\/\/www.distribucionarc.com\/en\/producto\/cortadora-picadora-electrica-de-frutas-verduras-y-carne\/#breadcrumb\",\"itemListElement\":[{\"@type\":\"ListItem\",\"position\":1,\"name\":\"Portada\",\"item\":\"https:\/\/www.distribucionarc.com\/\"},{\"@type\":\"ListItem\",\"position\":2,\"name\":\"\u00dcr\u00fcnler\",\"item\":\"https:\/\/www.distribucionarc.com\/tr\/magaza\/\"},{\"@type\":\"ListItem\",\"position\":3,\"name\":\"Cortadora, picadora el\u00e9ctrica de frutas, verduras y carne\"}]},{\"@type\":\"WebSite\",\"@id\":\"https:\/\/www.distribucionarc.com\/sl\/#website\",\"url\":\"https:\/\/www.distribucionarc.com\/sl\/\",\"name\":\"distribuci\u00f3n ARC\",\"description\":\"Empresa especializada en la fabricaci\u00f3n y distribuci\u00f3n de maquinaria industrial, selladoras de latas, Maquinas de hacer pastillas, Maquinas de cortar carne...\",\"publisher\":{\"@id\":\"https:\/\/www.distribucionarc.com\/sl\/#organization\"},\"potentialAction\":[{\"@type\":\"SearchAction\",\"target\":{\"@type\":\"EntryPoint\",\"urlTemplate\":\"https:\/\/www.distribucionarc.com\/sl\/?s={search_term_string}\"},\"query-input\":{\"@type\":\"PropertyValueSpecification\",\"valueRequired\":true,\"valueName\":\"search_term_string\"}}],\"inLanguage\":\"hr\"},{\"@type\":\"Organization\",\"@id\":\"https:\/\/www.distribucionarc.com\/sl\/#organization\",\"name\":\"Distribuci\u00f3n ARC\",\"url\":\"https:\/\/www.distribucionarc.com\/sl\/\",\"logo\":{\"@type\":\"ImageObject\",\"inLanguage\":\"hr\",\"@id\":\"https:\/\/www.distribucionarc.com\/sl\/#\/schema\/logo\/image\/\",\"url\":\"https:\/\/distribucionarc.com\/wp-content\/uploads\/2024\/10\/distribucion-ARC-COLOR-SIN-FONDO-e1732295305345.png\",\"contentUrl\":\"https:\/\/distribucionarc.com\/wp-content\/uploads\/2024\/10\/distribucion-ARC-COLOR-SIN-FONDO-e1732295305345.png\",\"width\":1164,\"height\":558,\"caption\":\"Distribuci\u00f3n ARC\"},\"image\":{\"@id\":\"https:\/\/www.distribucionarc.com\/sl\/#\/schema\/logo\/image\/\"},\"description\":\"Empresa especializada en la fabricaci\u00f3n y distribuci\u00f3n de maquinaria industrial para los sectores alimentario y farmac\u00e9utico. Nos especializamos en: M\u00e1quinas de cortar carne Fabricaci\u00f3n de comprimidos Sistemas de transporte industrial L\u00edneas de embotellado Dosificadores Y mucho m\u00e1s... Ofrecemos soluciones innovadoras y personalizadas para optimizar los procesos productivos de tu empresa.\",\"email\":\"Admistracion@distribucionarc.com\",\"telephone\":\"+34 643496664\",\"legalName\":\"ARC TECH SOLUTIONS\",\"foundingDate\":\"2024-04-09\",\"vatID\":\"B55480172\",\"numberOfEmployees\":{\"@type\":\"QuantitativeValue\",\"minValue\":\"1\",\"maxValue\":\"10\"}}]}<\/script>\n<!-- \/ Yoast SEO Premium plugin. -->","yoast_head_json":{"title":"Reza\u010d, elektri\u010dna sjeckalica za vo\u0107e, povr\u0107e i meso - ARC distribucija","robots":{"index":"index","follow":"follow","max-snippet":"max-snippet:-1","max-image-preview":"max-image-preview:large","max-video-preview":"max-video-preview:-1"},"canonical":"https:\/\/www.distribucionarc.com\/en\/producto\/cortadora-picadora-electrica-de-frutas-verduras-y-carne\/","og_locale":"hr_HR","og_type":"article","og_title":"Cortadora, picadora el\u00e9ctrica de frutas, verduras y carne","og_description":"Cortadora, picadora el\u00e9ctrica de frutas, verduras y carne procesador de verduras Con la\u00a0cortadora de verduras\u00a0de\u00a0ARC\u00a0ahorraras tiempo y dinero, preparar tus ensaladas, picadillos, salteados, etc. De la forma m\u00e1s eficaz y sencilla.  Este\u00a0cortador de alimentos\u00a0ARCCVPC25 est\u00e1 hecho de acero inoxidable de grado alimenticio y aleaci\u00f3n de aluminio fundido de alta calidad con superficie anodizada de plata. \u00a1Este picador de verduras comercial es perfecto para cortar varias carnes, verduras y frutas! Garant\u00eda\u00a0ARC Procesador de alimentos vegetales, bajo consumo 500w soporte t\u00e9cnico\u00a0incluido","og_url":"https:\/\/www.distribucionarc.com\/en\/producto\/cortadora-picadora-electrica-de-frutas-verduras-y-carne\/","og_site_name":"distribuci\u00f3n ARC","article_modified_time":"2023-06-04T18:46:12+00:00","og_image":[{"width":1001,"height":1001,"url":"https:\/\/distribucionarc.com\/wp-content\/uploads\/2020\/08\/Cortadora-picadora-el\u00e9ctrica-de-frutas-verduras-y-carne-0.jpg","type":"image\/jpeg"}],"twitter_card":"summary_large_image","twitter_misc":{"Procijenjeno vrijeme \u010ditanja":"1 minuta"},"schema":{"@context":"https:\/\/schema.org","@graph":[{"@type":"WebPage","@id":"https:\/\/www.distribucionarc.com\/en\/producto\/cortadora-picadora-electrica-de-frutas-verduras-y-carne\/","url":"https:\/\/www.distribucionarc.com\/en\/producto\/cortadora-picadora-electrica-de-frutas-verduras-y-carne\/","name":"Reza\u010d, elektri\u010dna sjeckalica za vo\u0107e, povr\u0107e i meso - ARC distribucija","isPartOf":{"@id":"https:\/\/www.distribucionarc.com\/sl\/#website"},"primaryImageOfPage":{"@id":"https:\/\/www.distribucionarc.com\/en\/producto\/cortadora-picadora-electrica-de-frutas-verduras-y-carne\/#primaryimage"},"image":{"@id":"https:\/\/www.distribucionarc.com\/en\/producto\/cortadora-picadora-electrica-de-frutas-verduras-y-carne\/#primaryimage"},"thumbnailUrl":"https:\/\/distribucionarc.com\/wp-content\/uploads\/2020\/08\/Cortadora-picadora-el\u00e9ctrica-de-frutas-verduras-y-carne-0.jpg","datePublished":"2020-08-19T16:59:17+00:00","dateModified":"2023-06-04T18:46:12+00:00","breadcrumb":{"@id":"https:\/\/www.distribucionarc.com\/en\/producto\/cortadora-picadora-electrica-de-frutas-verduras-y-carne\/#breadcrumb"},"inLanguage":"hr","potentialAction":[{"@type":"ReadAction","target":["https:\/\/www.distribucionarc.com\/en\/producto\/cortadora-picadora-electrica-de-frutas-verduras-y-carne\/"]}]},{"@type":"ImageObject","inLanguage":"hr","@id":"https:\/\/www.distribucionarc.com\/en\/producto\/cortadora-picadora-electrica-de-frutas-verduras-y-carne\/#primaryimage","url":"https:\/\/distribucionarc.com\/wp-content\/uploads\/2020\/08\/Cortadora-picadora-el\u00e9ctrica-de-frutas-verduras-y-carne-0.jpg","contentUrl":"https:\/\/distribucionarc.com\/wp-content\/uploads\/2020\/08\/Cortadora-picadora-el\u00e9ctrica-de-frutas-verduras-y-carne-0.jpg","width":1001,"height":1001,"caption":"Cortadora, picadora el\u00e9ctrica de frutas, verduras y carne"},{"@type":"BreadcrumbList","@id":"https:\/\/www.distribucionarc.com\/en\/producto\/cortadora-picadora-electrica-de-frutas-verduras-y-carne\/#breadcrumb","itemListElement":[{"@type":"ListItem","position":1,"name":"Portada","item":"https:\/\/www.distribucionarc.com\/"},{"@type":"ListItem","position":2,"name":"\u00dcr\u00fcnler","item":"https:\/\/www.distribucionarc.com\/tr\/magaza\/"},{"@type":"ListItem","position":3,"name":"Cortadora, picadora el\u00e9ctrica de frutas, verduras y carne"}]},{"@type":"WebSite","@id":"https:\/\/www.distribucionarc.com\/sl\/#website","url":"https:\/\/www.distribucionarc.com\/sl\/","name":"ARC distribucija","description":"Tvrtka specijalizirana za proizvodnju i distribuciju industrijskih strojeva, strojeva za zatvaranje limenki, strojeva za izradu pilula, strojeva za rezanje mesa itd.","publisher":{"@id":"https:\/\/www.distribucionarc.com\/sl\/#organization"},"potentialAction":[{"@type":"SearchAction","target":{"@type":"EntryPoint","urlTemplate":"https:\/\/www.distribucionarc.com\/sl\/?s={search_term_string}"},"query-input":{"@type":"PropertyValueSpecification","valueRequired":true,"valueName":"search_term_string"}}],"inLanguage":"hr"},{"@type":"Organization","@id":"https:\/\/www.distribucionarc.com\/sl\/#organization","name":"ARC distribucija","url":"https:\/\/www.distribucionarc.com\/sl\/","logo":{"@type":"ImageObject","inLanguage":"hr","@id":"https:\/\/www.distribucionarc.com\/sl\/#\/schema\/logo\/image\/","url":"https:\/\/distribucionarc.com\/wp-content\/uploads\/2024\/10\/distribucion-ARC-COLOR-SIN-FONDO-e1732295305345.png","contentUrl":"https:\/\/distribucionarc.com\/wp-content\/uploads\/2024\/10\/distribucion-ARC-COLOR-SIN-FONDO-e1732295305345.png","width":1164,"height":558,"caption":"Distribuci\u00f3n ARC"},"image":{"@id":"https:\/\/www.distribucionarc.com\/sl\/#\/schema\/logo\/image\/"},"description":"Tvrtka specijalizirana za proizvodnju i distribuciju industrijskih strojeva za prehrambeni i farmaceutski sektor. Specijalizirani smo za: Strojeve za rezanje mesa Proizvodnja tableta Industrijske transportne sustave Linije za punjenje Strojevi za doziranje I jo\u0161 mnogo toga... Nudimo inovativna i prilago\u0111ena rje\u0161enja za optimizaciju proizvodnih procesa Va\u0161e tvrtke.","email":"Admistracion@distribucionarc.com","telephone":"+34 643496664","legalName":"ARC TECH SOLUTIONS","foundingDate":"2024-04-09","vatID":"B55480172","numberOfEmployees":{"@type":"QuantitativeValue","minValue":"1","maxValue":"10"}}]}},"_links":{"self":[{"href":"https:\/\/distribucionarc.com\/hr\/wp-json\/wp\/v2\/product\/2608","targetHints":{"allow":["GET"]}}],"collection":[{"href":"https:\/\/distribucionarc.com\/hr\/wp-json\/wp\/v2\/product"}],"about":[{"href":"https:\/\/distribucionarc.com\/hr\/wp-json\/wp\/v2\/types\/product"}],"replies":[{"embeddable":true,"href":"https:\/\/distribucionarc.com\/hr\/wp-json\/wp\/v2\/comments?post=2608"}],"version-history":[{"count":0,"href":"https:\/\/distribucionarc.com\/hr\/wp-json\/wp\/v2\/product\/2608\/revisions"}],"wp:featuredmedia":[{"embeddable":true,"href":"https:\/\/distribucionarc.com\/hr\/wp-json\/wp\/v2\/media\/2616"}],"wp:attachment":[{"href":"https:\/\/distribucionarc.com\/hr\/wp-json\/wp\/v2\/media?parent=2608"}],"wp:term":[{"taxonomy":"product_brand","embeddable":true,"href":"https:\/\/distribucionarc.com\/hr\/wp-json\/wp\/v2\/product_brand?post=2608"},{"taxonomy":"product_cat","embeddable":true,"href":"https:\/\/distribucionarc.com\/hr\/wp-json\/wp\/v2\/product_cat?post=2608"},{"taxonomy":"product_tag","embeddable":true,"href":"https:\/\/distribucionarc.com\/hr\/wp-json\/wp\/v2\/product_tag?post=2608"}],"curies":[{"name":"radni list","href":"https:\/\/api.w.org\/{rel}","templated":true}]}}