{"id":2650,"date":"2020-08-19T23:47:44","date_gmt":"2020-08-19T23:47:44","guid":{"rendered":"https:\/\/distribucionarc.com\/?post_type=product&#038;p=2650"},"modified":"2023-06-05T10:18:06","modified_gmt":"2023-06-05T10:18:06","slug":"dozator-sokova-i-hladnih-napitaka-3","status":"publish","type":"product","link":"https:\/\/distribucionarc.com\/hr\/producto\/dispensador-de-zumo-y-bebidas-frias-3\/","title":{"rendered":"Dozator sokova i hladnih pi\u0107a 3"},"content":{"rendered":"<h2>Dozator sokova i hladnih pi\u0107a 3<\/h2>\n<p>Ovaj\u00a0<strong>elektri\u010dni dozator<\/strong>\u00a0od\u00a0<strong><span style=\"color: #ff0000;\">DO<\/span><span style=\"color: #0000ff;\">R<\/span>c<\/strong>\u00a0pogodan je za oboje\u00a0<strong>hladna pi\u0107a<\/strong>\u00a0kao\u00a0<strong>vru\u0107e<\/strong>, kao \u0161to su sojino mlijeko, smoothie, koktel, jogurt, kava itd. The<strong>\u00a0aparat za to\u010denje<\/strong>\u00a0Pogodan je za ugostiteljska poduze\u0107a, lance restorana, trgovine, hotele itd.<\/p>\n<p>Tvrtkino pakiranje PC-a bez BPA-a, otporno na udarce, za hranu\u00a0<strong>dozator sokova<\/strong>\u00a0od\u00a0<strong><span style=\"color: #ff0000;\">DO<\/span><span style=\"color: #0000ff;\">R<\/span>c<\/strong>\u00a0Razlikuju se od lomljivih ABS\/AS spremnika. Tijelo aparata za to\u010denje hladnih pi\u0107a napravljeno je od 3 sloja, \u0161to mu poma\u017ee da bude upe\u010datljiviji i daje mu ve\u0107u krutost. Ispariva\u010d od nehr\u0111aju\u0107eg \u010delika za izvrstan u\u010dinak hla\u0111enja.<\/p>\n<p><strong>Dozator pi\u0107a<\/strong> sa 3<strong>\u00a0Svaki rezervoar od 12L<\/strong> (kompaktna, ali sna\u017ena. Pove\u0107ane mje\u0161alice omogu\u0107uju u\u010dinkovitije mije\u0161anje od 360\u00b0. Gumene brtve poma\u017eu u o\u010duvanju proizvoda i sprje\u010davaju curenje.<\/p>\n<p>On\u00a0<strong>dispenzer za hladna pi\u0107a <span style=\"color: #ff0000;\">DO<\/span><span style=\"color: #0000ff;\">R<\/span>CDZE3<\/strong>. Koristi kondenzator za hla\u0111enje od bakrene cijevi i kompresor visokih performansi i osigurava brzo hla\u0111enje i grijanje. Hladi izme\u0111u 5-12 \u2103 uz potro\u0161nju od samo 100 w i grije do 50-58 \u2103 uz potro\u0161nju od 450 w uz konstantnu kontrolu temperature. Njegova brza izvedba ne samo da \u0107e vam pomo\u0107i optimizirati proizvodnju, ve\u0107 i<strong>\u00a0poti\u010de nisku potro\u0161nju energije<\/strong>.\u00a0<strong>\u00a0Dozator pi\u0107a<\/strong>\u00a0Ima odvojene prekida\u010de za neovisnu kontrolu mije\u0161anja, hla\u0111enja i grijanja. Prekida\u010d za mije\u0161anje poma\u017ee u sprje\u010davanju taloga na dnu spremnika.<\/p>\n<p>Ima pladanj za kapanje koji se lako rastavlja radi lak\u0161eg \u010di\u0161\u0107enja; Posebno dizajnirani otvori za pi\u0107e s oprugom za kori\u0161tenje bez napora; Vi\u0161estruki ventilacijski otvori za brzo odvo\u0111enje topline.<\/p>\n<h6><strong>Jamstvo\u00a0<span style=\"color: #ff0000;\">DO<\/span><span style=\"color: #0000ff;\">R<\/span>C 2 GODINE<\/strong><\/h6>\n<h6><span style=\"color: #008000;\">U\u010dinkovit dozator sokova i hladnih pi\u0107a, niske potro\u0161nje 400w<\/span><\/h6>\n<h6><strong>uklju\u010dena tehni\u010dka podr\u0161ka.<\/strong><\/h6>\n<p>&nbsp;<\/p>\n<div class=\"woocommerce-tabs wc-tabs-wrapper\">\n<div id=\"tab-description\" class=\"woocommerce-Tabs-panel woocommerce-Tabs-panel--description panel entry-content wc-tab\" role=\"tabpanel\" aria-labelledby=\"tab-title-description\">\n<table role=\"presentation\" width=\"100%\" cellspacing=\"0\" cellpadding=\"0\">\n<tbody>\n<tr>\n<td class=\"attrLabels\">Temperatura:<\/td>\n<td width=\"50.0%\">Hladno: 5 \u2013 12 \u00baC Vru\u0107e: 50 \u2013 58 \u00baC<\/td>\n<\/tr>\n<tr>\n<td class=\"attrLabels\">Zemlja distribucije:<\/td>\n<td width=\"50.0%\">\u0160panjolska, Njema\u010dka, SAD<\/td>\n<td class=\"attrLabels\">Te\u017eina:<\/td>\n<td width=\"50.0%\">33,4 kg<\/td>\n<\/tr>\n<tr>\n<td class=\"attrLabels\">Marka:<\/td>\n<td width=\"50.0%\">LUK<\/td>\n<td class=\"attrLabels\">Visina:<\/td>\n<td width=\"50.0%\">65 cm<\/td>\n<\/tr>\n<tr>\n<td class=\"attrLabels\">Boja:<\/td>\n<td width=\"50.0%\">Srebro<\/td>\n<td class=\"attrLabels\">dugo:<\/td>\n<td width=\"50.0%\">39,4 cm<\/td>\n<\/tr>\n<tr>\n<td class=\"attrLabels\">Vrsta proizvoda:<\/td>\n<td width=\"50.0%\">Dozator pi\u0107a<\/td>\n<td class=\"attrLabels\">\u0160iroko:<\/td>\n<td width=\"50.0%\">\u00a048,2 cm<\/td>\n<\/tr>\n<tr>\n<td class=\"attrLabels\">Proizvo\u0111a\u010dki broj:<\/td>\n<td width=\"50.0%\">ARCDZE1<\/td>\n<td class=\"attrLabels\">Vlast:<\/td>\n<td width=\"50.0%\">Hladno: 100W<\/p>\n<p>Vru\u0107e: 400W<\/td>\n<\/tr>\n<tr>\n<td class=\"attrLabels\">Materijal:<\/td>\n<td width=\"50.0%\">nehr\u0111aju\u0107i \u010delik, kontrola temperature, PC bez BPA<\/td>\n<td class=\"attrLabels\">ulazni napon<\/td>\n<td width=\"50.0%\">220V \u2013 60Hz<\/td>\n<\/tr>\n<tr>\n<td class=\"attrLabels\">Odjeljci:<\/td>\n<td width=\"50.0%\">\u00a03<\/td>\n<td class=\"attrLabels\">Veli\u010dina kabine:<\/td>\n<td width=\"50.0%\">82 x 33 x 10 cm za svaku razinu<\/td>\n<\/tr>\n<tr>\n<td class=\"attrLabels\">Alati za instalaciju:<\/td>\n<td width=\"50.0%\">Da<\/td>\n<td class=\"attrLabels\">Jamstvo:<\/td>\n<td width=\"50.0%\">2 GODINE<\/td>\n<\/tr>\n<\/tbody>\n<\/table>\n<\/div>\n<\/div>","protected":false},"excerpt":{"rendered":"<h3>Dozator za sokove i hladna pi\u0107a<\/h3>\n<p>On\u00a0<strong>Aparati za tople i hladne napitke<\/strong>\u00a0od\u00a0<strong><span style=\"color: #ff0000;\">DO<\/span><span style=\"color: #0000ff;\">R<\/span>c<\/strong>, s kapacitetom od <strong>36 L<\/strong>\u00a0the\u00a0<strong>automat za prodaju hladnih pi\u0107a<\/strong>\u00a0Ima dvostruki spremnik od po 12L\u00a0<strong>ARCDZE3<\/strong>\u00a0Generira izvrsne performanse, elegantan izgled i vrlo jednostavan za kori\u0161tenje. Pove\u0107ana slavina za vo\u0107na vlakna i aromatizirane \u017eitarice. Brinite o svojim klijentima s ovim\u00a0<strong>elegantan dispenzer za pi\u0107e<\/strong>\u00a0Njegova prvoklasna obrada i jednostavnost kori\u0161tenja \u010dine ga nezamjenjivim proizvodom. Spremnik za PC koji ne sadr\u017ei BPA, prvoklasno ku\u0107i\u0161te stroja od nehr\u0111aju\u0107eg \u010delika i zavoj obojan na pole\u0111ini \u010dine za\u0161titnik zdravlja otporan na habanje koji se lako \u010disti. Pomo\u0107nik dovoljnog kapaciteta za pokrivanje dnevnih potreba.\u00a0<strong>Dispenzer\u00a0<span style=\"color: #ff0000;\">DO<\/span><span style=\"color: #0000ff;\">R<\/span>c<\/strong>\u00a0visoke kvalitete.<\/p>\n<h6><\/h6>\n<h6><strong>Jamstvo\u00a0<span style=\"color: #ff0000;\">DO<\/span><span style=\"color: #0000ff;\">R<\/span>C 2 GODINE<\/strong><\/h6>\n<h6><span style=\"color: #008000;\">U\u010dinkovit dozator sokova i hladnih pi\u0107a, niske potro\u0161nje 400w<\/span><\/h6>\n<h6><strong>uklju\u010dena tehni\u010dka podr\u0161ka.<\/strong><\/h6>","protected":false},"featured_media":6017,"comment_status":"open","ping_status":"closed","template":"","meta":{"wds_primary_product_brand":0,"wds_primary_product_cat":0},"product_brand":[],"product_cat":[57],"product_tag":[],"class_list":{"0":"post-2650","1":"product","2":"type-product","3":"status-publish","4":"has-post-thumbnail","6":"product_cat-dosificadores-dispensadores","7":"product_shipping_class-hosteleria","9":"first","10":"instock","11":"taxable","12":"shipping-taxable","13":"purchasable","14":"product-type-simple"},"yoast_head":"<!-- This site is optimized with the Yoast SEO Premium plugin v24.9 (Yoast SEO v26.1) - https:\/\/yoast.com\/wordpress\/plugins\/seo\/ -->\n<title>Dispensador de zumo y bebidas fr\u00edas 3 - distribuci\u00f3n ARC<\/title>\n<meta name=\"robots\" content=\"index, follow, max-snippet:-1, max-image-preview:large, max-video-preview:-1\" \/>\n<link rel=\"canonical\" href=\"https:\/\/distribucionarc.com\/hr\/proizvod\/dozator-sokova-i-hladnih-napitaka-3\/\" \/>\n<meta property=\"og:locale\" content=\"hr_HR\" \/>\n<meta property=\"og:type\" content=\"article\" \/>\n<meta property=\"og:title\" content=\"Dispensador de zumo y bebidas fr\u00edas 3\" \/>\n<meta property=\"og:description\" content=\"Dispensador de zumo y bebidas fr\u00edas El\u00a0Dispensadores para bebidas fr\u00edas y calientes\u00a0de\u00a0ARC, con una capacidad de 36\u00a0L\u00a0la\u00a0m\u00e1quina expendedora de bebidas fr\u00edas\u00a0cuenta con doble tanque de 12L cada uno , la\u00a0ARCDZE3\u00a0genera un excelente rendimiento, de aspecto elegante y muy f\u00e1cil de usar. Grifo agrandado para fibras de frutas y granos saborizados. Cuide a sus clientes con este\u00a0elegante Dispensador para bebidas\u00a0sus acabados de primera\u00a0 y facilidad de uso lo convierten en un producto indispensable. El tanque de PC sin BPA, el cuerpo de la m\u00e1quina de acero inoxidable de primera clase y el ap\u00f3sito pintado hacia atr\u00e1s forman un protector de salud resistente al desgaste y sencillo de limpiar. Un ayudante con capacidad suficiente para cubrir las necesidades diarias.\u00a0Dispensador\u00a0ARC\u00a0de alta calidad.  Garant\u00eda\u00a0ARC 2 A\u00d1OS Dispensador zumos y bebidas fr\u00edas eficiente, bajo consumo 400w soporte t\u00e9cnico incluido.\" \/>\n<meta property=\"og:url\" content=\"https:\/\/distribucionarc.com\/hr\/proizvod\/dozator-sokova-i-hladnih-napitaka-3\/\" \/>\n<meta property=\"og:site_name\" content=\"distribuci\u00f3n ARC\" \/>\n<meta property=\"article:modified_time\" content=\"2023-06-05T10:18:06+00:00\" \/>\n<meta property=\"og:image\" content=\"https:\/\/distribucionarc.com\/wp-content\/uploads\/2020\/08\/Dispensador-de-zumo-y-bebidas-frias-3.jpg\" \/>\n\t<meta property=\"og:image:width\" content=\"1600\" \/>\n\t<meta property=\"og:image:height\" content=\"1600\" \/>\n\t<meta property=\"og:image:type\" content=\"image\/jpeg\" \/>\n<meta name=\"twitter:card\" content=\"summary_large_image\" \/>\n<meta name=\"twitter:label1\" content=\"Procijenjeno vrijeme \u010ditanja\" \/>\n\t<meta name=\"twitter:data1\" content=\"2 minute\" \/>\n<script type=\"application\/ld+json\" class=\"yoast-schema-graph\">{\"@context\":\"https:\/\/schema.org\",\"@graph\":[{\"@type\":\"WebPage\",\"@id\":\"https:\/\/distribucionarc.com\/de\/producto\/dispensador-de-zumo-y-bebidas-frias-3\/\",\"url\":\"https:\/\/distribucionarc.com\/de\/producto\/dispensador-de-zumo-y-bebidas-frias-3\/\",\"name\":\"Dispensador de zumo y bebidas fr\u00edas 3 - distribuci\u00f3n ARC\",\"isPartOf\":{\"@id\":\"https:\/\/distribucionarc.com\/de\/#website\"},\"primaryImageOfPage\":{\"@id\":\"https:\/\/distribucionarc.com\/de\/producto\/dispensador-de-zumo-y-bebidas-frias-3\/#primaryimage\"},\"image\":{\"@id\":\"https:\/\/distribucionarc.com\/de\/producto\/dispensador-de-zumo-y-bebidas-frias-3\/#primaryimage\"},\"thumbnailUrl\":\"https:\/\/distribucionarc.com\/wp-content\/uploads\/2020\/08\/Dispensador-de-zumo-y-bebidas-frias-3.jpg\",\"datePublished\":\"2020-08-19T23:47:44+00:00\",\"dateModified\":\"2023-06-05T10:18:06+00:00\",\"breadcrumb\":{\"@id\":\"https:\/\/distribucionarc.com\/de\/producto\/dispensador-de-zumo-y-bebidas-frias-3\/#breadcrumb\"},\"inLanguage\":\"hr\",\"potentialAction\":[{\"@type\":\"ReadAction\",\"target\":[\"https:\/\/distribucionarc.com\/de\/producto\/dispensador-de-zumo-y-bebidas-frias-3\/\"]}]},{\"@type\":\"ImageObject\",\"inLanguage\":\"hr\",\"@id\":\"https:\/\/distribucionarc.com\/de\/producto\/dispensador-de-zumo-y-bebidas-frias-3\/#primaryimage\",\"url\":\"https:\/\/distribucionarc.com\/wp-content\/uploads\/2020\/08\/Dispensador-de-zumo-y-bebidas-frias-3.jpg\",\"contentUrl\":\"https:\/\/distribucionarc.com\/wp-content\/uploads\/2020\/08\/Dispensador-de-zumo-y-bebidas-frias-3.jpg\",\"width\":1600,\"height\":1600},{\"@type\":\"BreadcrumbList\",\"@id\":\"https:\/\/distribucionarc.com\/de\/producto\/dispensador-de-zumo-y-bebidas-frias-3\/#breadcrumb\",\"itemListElement\":[{\"@type\":\"ListItem\",\"position\":1,\"name\":\"Portada\",\"item\":\"https:\/\/distribucionarc.com\/pl\/\"},{\"@type\":\"ListItem\",\"position\":2,\"name\":\"Produkty\",\"item\":\"https:\/\/distribucionarc.com\/pl\/shop\/\"},{\"@type\":\"ListItem\",\"position\":3,\"name\":\"Dispensador de zumo y bebidas fr\u00edas 3\"}]},{\"@type\":\"WebSite\",\"@id\":\"https:\/\/distribucionarc.com\/de\/#website\",\"url\":\"https:\/\/distribucionarc.com\/de\/\",\"name\":\"distribuci\u00f3n ARC\",\"description\":\"Empresa especializada en la fabricaci\u00f3n y distribuci\u00f3n de maquinaria industrial, selladoras de latas, Maquinas de hacer pastillas, Maquinas de cortar carne...\",\"publisher\":{\"@id\":\"https:\/\/distribucionarc.com\/de\/#organization\"},\"potentialAction\":[{\"@type\":\"SearchAction\",\"target\":{\"@type\":\"EntryPoint\",\"urlTemplate\":\"https:\/\/distribucionarc.com\/de\/?s={search_term_string}\"},\"query-input\":{\"@type\":\"PropertyValueSpecification\",\"valueRequired\":true,\"valueName\":\"search_term_string\"}}],\"inLanguage\":\"hr\"},{\"@type\":\"Organization\",\"@id\":\"https:\/\/distribucionarc.com\/de\/#organization\",\"name\":\"Distribuci\u00f3n ARC\",\"url\":\"https:\/\/distribucionarc.com\/de\/\",\"logo\":{\"@type\":\"ImageObject\",\"inLanguage\":\"hr\",\"@id\":\"https:\/\/distribucionarc.com\/de\/#\/schema\/logo\/image\/\",\"url\":\"https:\/\/distribucionarc.com\/wp-content\/uploads\/2024\/10\/distribucion-ARC-COLOR-SIN-FONDO-e1732295305345.png\",\"contentUrl\":\"https:\/\/distribucionarc.com\/wp-content\/uploads\/2024\/10\/distribucion-ARC-COLOR-SIN-FONDO-e1732295305345.png\",\"width\":1164,\"height\":558,\"caption\":\"Distribuci\u00f3n ARC\"},\"image\":{\"@id\":\"https:\/\/distribucionarc.com\/de\/#\/schema\/logo\/image\/\"},\"description\":\"Empresa especializada en la fabricaci\u00f3n y distribuci\u00f3n de maquinaria industrial para los sectores alimentario y farmac\u00e9utico. Nos especializamos en: M\u00e1quinas de cortar carne Fabricaci\u00f3n de comprimidos Sistemas de transporte industrial L\u00edneas de embotellado Dosificadores Y mucho m\u00e1s... Ofrecemos soluciones innovadoras y personalizadas para optimizar los procesos productivos de tu empresa.\",\"email\":\"Admistracion@distribucionarc.com\",\"telephone\":\"+34 643496664\",\"legalName\":\"ARC TECH SOLUTIONS\",\"foundingDate\":\"2024-04-09\",\"vatID\":\"B55480172\",\"numberOfEmployees\":{\"@type\":\"QuantitativeValue\",\"minValue\":\"1\",\"maxValue\":\"10\"}}]}<\/script>\n<!-- \/ Yoast SEO Premium plugin. -->","yoast_head_json":{"title":"To\u010dilo sokova i hladnih napitaka 3 - ARC distribucija","robots":{"index":"index","follow":"follow","max-snippet":"max-snippet:-1","max-image-preview":"max-image-preview:large","max-video-preview":"max-video-preview:-1"},"canonical":"https:\/\/distribucionarc.com\/hr\/proizvod\/dozator-sokova-i-hladnih-napitaka-3\/","og_locale":"hr_HR","og_type":"article","og_title":"Dispensador de zumo y bebidas fr\u00edas 3","og_description":"Dispensador de zumo y bebidas fr\u00edas El\u00a0Dispensadores para bebidas fr\u00edas y calientes\u00a0de\u00a0ARC, con una capacidad de 36\u00a0L\u00a0la\u00a0m\u00e1quina expendedora de bebidas fr\u00edas\u00a0cuenta con doble tanque de 12L cada uno , la\u00a0ARCDZE3\u00a0genera un excelente rendimiento, de aspecto elegante y muy f\u00e1cil de usar. Grifo agrandado para fibras de frutas y granos saborizados. Cuide a sus clientes con este\u00a0elegante Dispensador para bebidas\u00a0sus acabados de primera\u00a0 y facilidad de uso lo convierten en un producto indispensable. El tanque de PC sin BPA, el cuerpo de la m\u00e1quina de acero inoxidable de primera clase y el ap\u00f3sito pintado hacia atr\u00e1s forman un protector de salud resistente al desgaste y sencillo de limpiar. Un ayudante con capacidad suficiente para cubrir las necesidades diarias.\u00a0Dispensador\u00a0ARC\u00a0de alta calidad.  Garant\u00eda\u00a0ARC 2 A\u00d1OS Dispensador zumos y bebidas fr\u00edas eficiente, bajo consumo 400w soporte t\u00e9cnico incluido.","og_url":"https:\/\/distribucionarc.com\/hr\/proizvod\/dozator-sokova-i-hladnih-napitaka-3\/","og_site_name":"distribuci\u00f3n ARC","article_modified_time":"2023-06-05T10:18:06+00:00","og_image":[{"width":1600,"height":1600,"url":"https:\/\/distribucionarc.com\/wp-content\/uploads\/2020\/08\/Dispensador-de-zumo-y-bebidas-frias-3.jpg","type":"image\/jpeg"}],"twitter_card":"summary_large_image","twitter_misc":{"Procijenjeno vrijeme \u010ditanja":"2 minute"},"schema":{"@context":"https:\/\/schema.org","@graph":[{"@type":"WebPage","@id":"https:\/\/distribucionarc.com\/de\/producto\/dispensador-de-zumo-y-bebidas-frias-3\/","url":"https:\/\/distribucionarc.com\/de\/producto\/dispensador-de-zumo-y-bebidas-frias-3\/","name":"To\u010dilo sokova i hladnih napitaka 3 - ARC distribucija","isPartOf":{"@id":"https:\/\/distribucionarc.com\/de\/#website"},"primaryImageOfPage":{"@id":"https:\/\/distribucionarc.com\/de\/producto\/dispensador-de-zumo-y-bebidas-frias-3\/#primaryimage"},"image":{"@id":"https:\/\/distribucionarc.com\/de\/producto\/dispensador-de-zumo-y-bebidas-frias-3\/#primaryimage"},"thumbnailUrl":"https:\/\/distribucionarc.com\/wp-content\/uploads\/2020\/08\/Dispensador-de-zumo-y-bebidas-frias-3.jpg","datePublished":"2020-08-19T23:47:44+00:00","dateModified":"2023-06-05T10:18:06+00:00","breadcrumb":{"@id":"https:\/\/distribucionarc.com\/de\/producto\/dispensador-de-zumo-y-bebidas-frias-3\/#breadcrumb"},"inLanguage":"hr","potentialAction":[{"@type":"ReadAction","target":["https:\/\/distribucionarc.com\/de\/producto\/dispensador-de-zumo-y-bebidas-frias-3\/"]}]},{"@type":"ImageObject","inLanguage":"hr","@id":"https:\/\/distribucionarc.com\/de\/producto\/dispensador-de-zumo-y-bebidas-frias-3\/#primaryimage","url":"https:\/\/distribucionarc.com\/wp-content\/uploads\/2020\/08\/Dispensador-de-zumo-y-bebidas-frias-3.jpg","contentUrl":"https:\/\/distribucionarc.com\/wp-content\/uploads\/2020\/08\/Dispensador-de-zumo-y-bebidas-frias-3.jpg","width":1600,"height":1600},{"@type":"BreadcrumbList","@id":"https:\/\/distribucionarc.com\/de\/producto\/dispensador-de-zumo-y-bebidas-frias-3\/#breadcrumb","itemListElement":[{"@type":"ListItem","position":1,"name":"Portada","item":"https:\/\/distribucionarc.com\/pl\/"},{"@type":"ListItem","position":2,"name":"Produkty","item":"https:\/\/distribucionarc.com\/pl\/shop\/"},{"@type":"ListItem","position":3,"name":"Dispensador de zumo y bebidas fr\u00edas 3"}]},{"@type":"WebSite","@id":"https:\/\/distribucionarc.com\/de\/#website","url":"https:\/\/distribucionarc.com\/de\/","name":"ARC distribucija","description":"Tvrtka specijalizirana za proizvodnju i distribuciju industrijskih strojeva, strojeva za zatvaranje limenki, strojeva za izradu pilula, strojeva za rezanje mesa itd.","publisher":{"@id":"https:\/\/distribucionarc.com\/de\/#organization"},"potentialAction":[{"@type":"SearchAction","target":{"@type":"EntryPoint","urlTemplate":"https:\/\/distribucionarc.com\/de\/?s={search_term_string}"},"query-input":{"@type":"PropertyValueSpecification","valueRequired":true,"valueName":"search_term_string"}}],"inLanguage":"hr"},{"@type":"Organization","@id":"https:\/\/distribucionarc.com\/de\/#organization","name":"ARC distribucija","url":"https:\/\/distribucionarc.com\/de\/","logo":{"@type":"ImageObject","inLanguage":"hr","@id":"https:\/\/distribucionarc.com\/de\/#\/schema\/logo\/image\/","url":"https:\/\/distribucionarc.com\/wp-content\/uploads\/2024\/10\/distribucion-ARC-COLOR-SIN-FONDO-e1732295305345.png","contentUrl":"https:\/\/distribucionarc.com\/wp-content\/uploads\/2024\/10\/distribucion-ARC-COLOR-SIN-FONDO-e1732295305345.png","width":1164,"height":558,"caption":"Distribuci\u00f3n ARC"},"image":{"@id":"https:\/\/distribucionarc.com\/de\/#\/schema\/logo\/image\/"},"description":"Tvrtka specijalizirana za proizvodnju i distribuciju industrijskih strojeva za prehrambeni i farmaceutski sektor. Specijalizirani smo za: Strojeve za rezanje mesa Proizvodnja tableta Industrijske transportne sustave Linije za punjenje Strojevi za doziranje I jo\u0161 mnogo toga... Nudimo inovativna i prilago\u0111ena rje\u0161enja za optimizaciju proizvodnih procesa Va\u0161e tvrtke.","email":"Admistracion@distribucionarc.com","telephone":"+34 643496664","legalName":"ARC TECH SOLUTIONS","foundingDate":"2024-04-09","vatID":"B55480172","numberOfEmployees":{"@type":"QuantitativeValue","minValue":"1","maxValue":"10"}}]}},"_links":{"self":[{"href":"https:\/\/distribucionarc.com\/hr\/wp-json\/wp\/v2\/product\/2650","targetHints":{"allow":["GET"]}}],"collection":[{"href":"https:\/\/distribucionarc.com\/hr\/wp-json\/wp\/v2\/product"}],"about":[{"href":"https:\/\/distribucionarc.com\/hr\/wp-json\/wp\/v2\/types\/product"}],"replies":[{"embeddable":true,"href":"https:\/\/distribucionarc.com\/hr\/wp-json\/wp\/v2\/comments?post=2650"}],"version-history":[{"count":0,"href":"https:\/\/distribucionarc.com\/hr\/wp-json\/wp\/v2\/product\/2650\/revisions"}],"wp:featuredmedia":[{"embeddable":true,"href":"https:\/\/distribucionarc.com\/hr\/wp-json\/wp\/v2\/media\/6017"}],"wp:attachment":[{"href":"https:\/\/distribucionarc.com\/hr\/wp-json\/wp\/v2\/media?parent=2650"}],"wp:term":[{"taxonomy":"product_brand","embeddable":true,"href":"https:\/\/distribucionarc.com\/hr\/wp-json\/wp\/v2\/product_brand?post=2650"},{"taxonomy":"product_cat","embeddable":true,"href":"https:\/\/distribucionarc.com\/hr\/wp-json\/wp\/v2\/product_cat?post=2650"},{"taxonomy":"product_tag","embeddable":true,"href":"https:\/\/distribucionarc.com\/hr\/wp-json\/wp\/v2\/product_tag?post=2650"}],"curies":[{"name":"radni list","href":"https:\/\/api.w.org\/{rel}","templated":true}]}}