{"id":2665,"date":"2020-08-20T10:37:15","date_gmt":"2020-08-20T10:37:15","guid":{"rendered":"https:\/\/distribucionarc.com\/?post_type=product&#038;p=2665"},"modified":"2020-10-08T15:02:12","modified_gmt":"2020-10-08T15:02:12","slug":"izlozba-za-hrenovke","status":"publish","type":"product","link":"https:\/\/distribucionarc.com\/hr\/producto\/expositor-para-perritos-calientes\/","title":{"rendered":"Prikaz hrenovki"},"content":{"rendered":"<h3>Prikaz hrenovki<\/h3>\n<p>Tijelo od <strong>Grija\u010d za hrenovke <span style=\"color: #ff0000;\">DO<\/span><span style=\"color: #0000ff;\">R<\/span>c<\/strong> Izra\u0111en je od nehr\u0111aju\u0107eg \u010delika 304 kvalitete za hranu, vrlo otporan na hr\u0111u, robustan i jednostavan za \u010di\u0161\u0107enje. Posude i vrata se mogu skinuti radi lak\u0161eg \u010di\u0161\u0107enja u sudoperu ili perilici posu\u0111a.<\/p>\n<p>Prihvata hrenovke i kobasice bilo koje veli\u010dine, \u010duvaju\u0107i ih na najbolji mogu\u0107i na\u010din kako bi zadovoljili va\u0161e kupce. Termostat se mo\u017ee prilagoditi za sve potrebe kuhanja ili zadr\u017eavanja topline.<\/p>\n<p>The<strong> vitrina za hot dog <span style=\"color: #ff0000;\">DO<\/span><span style=\"color: #0000ff;\">R<\/span>CVCP3<\/strong> Obavijestit \u0107e vas LED indikatorom kada je razina vode niska, <strong>velika izolacija<\/strong> osigurava dugotrajan rad na otvorenom ili u zatvorenom prostoru.  Njegov pa\u017eljivi izgled \u010dini ga vrlo <strong>udaraju\u0107i s nekoliko metara udaljenosti<\/strong>, jednostavan za kori\u0161tenje i ugodan za kori\u0161tenje zahvaljuju\u0107i kliznim vratima s lakim pristupom.<\/p>\n<h6><strong>Jamstvo\u00a0<span style=\"color: #ff0000;\">DO<\/span><span style=\"color: #0000ff;\">R<\/span>c<\/strong><strong>\u00a02 GODINE<\/strong><\/h6>\n<h6><span style=\"color: #008000;\">U\u010dinkovit grija\u010d za hrenovke, niske potro\u0161nje 1350w<\/span><\/h6>\n<h6><strong>uklju\u010dena tehni\u010dka podr\u0161ka<\/strong><\/h6>\n<p>&nbsp;<\/p>\n<p>&nbsp;<\/p>\n<table width=\"100%\">\n<tbody>\n<tr>\n<td>Marka:<\/td>\n<td width=\"32%\">LUK<\/td>\n<td>Te\u017eina:<\/td>\n<td width=\"30%\">10 kg<\/td>\n<\/tr>\n<tr>\n<td>Zemlja distribucije:<\/td>\n<td width=\"32%\">\u0160panjolska, Njema\u010dka, SAD<\/td>\n<td>Visina:<\/td>\n<td width=\"30%\">61,3 cm<\/td>\n<\/tr>\n<tr>\n<td>Boja:<\/td>\n<td width=\"32%\">Srebro<\/td>\n<td>dugo:<\/td>\n<td width=\"30%\">34,7 cm<\/td>\n<\/tr>\n<tr>\n<td>Vrsta proizvoda:<\/td>\n<td width=\"32%\">Grija\u010d za hrenovke<\/td>\n<td>\u0160iroko:<\/td>\n<td width=\"30%\">40,8 cm<\/td>\n<\/tr>\n<tr>\n<td>Proizvo\u0111a\u010dki broj:<\/td>\n<td width=\"32%\">ARCVCP3<\/td>\n<td>Vlast:<\/td>\n<td width=\"30%\">1350 W<\/td>\n<\/tr>\n<tr>\n<td>Materijal:<\/td>\n<td width=\"32%\">Nehr\u0111aju\u0107i \u010delik, kontrola temperature, termo staklo<\/td>\n<td>Jamstvo:<\/td>\n<td width=\"30%\">2 GODINE<\/td>\n<\/tr>\n<tr>\n<td>Raspon temperature:<\/td>\n<td width=\"32%\">30 \u2013 110 C\u00ba<\/td>\n<td>Alati za instalaciju:<\/td>\n<td width=\"30%\">Da<\/td>\n<\/tr>\n<\/tbody>\n<\/table>","protected":false},"excerpt":{"rendered":"<h2>Prikaz hrenovki<\/h2>\n<p>Ovaj <strong>Vitrina za hot dog <span style=\"color: #ff0000;\">DO<\/span><span style=\"color: #0000ff;\">R<\/span>c <\/strong>Profesionalni za dugotrajne usluge, idealan je za mnoge doga\u0111aje i prigode... sajmove, kafi\u0107e, zabave, restorane brze hrane, festivale i jo\u0161 mnogo toga. Ravnomjerno zagrijava hranu i dugo zadr\u017eava svje\u017einu okusa hrane. Kaljeno staklo otporno na toplinu zadr\u017eat \u0107e hranu na pravoj temperaturi <strong>\u010duvaju\u0107i svoj sjaj i okus kako biste probudili apetit svojih kupaca.<\/strong> Njegov elegantni tradicionalni dizajn \u010dini ga vidljivim s velike udaljenosti <span style=\"color: #008000;\"><strong>u\u010dinkovit motor niske potro\u0161nje.<\/strong><\/span> Zahtijeva malo sastavljanja za lak transport<\/p>\n<h6><strong>Jamstvo\u00a0<span style=\"color: #ff0000;\">DO<\/span><span style=\"color: #0000ff;\">R<\/span>c<\/strong><strong>\u00a02 GODINE<\/strong><\/h6>\n<h6><span style=\"color: #008000;\">U\u010dinkovit grija\u010d za hrenovke, niske potro\u0161nje 1350w<\/span><\/h6>\n<h6><strong>uklju\u010dena tehni\u010dka podr\u0161ka<\/strong><\/h6>","protected":false},"featured_media":2672,"comment_status":"open","ping_status":"closed","template":"","meta":{"wds_primary_product_brand":0,"wds_primary_product_cat":0},"product_brand":[],"product_cat":[56,41],"product_tag":[],"class_list":{"0":"post-2665","1":"product","2":"type-product","3":"status-publish","4":"has-post-thumbnail","6":"product_cat-maquinaria-para-ferias","7":"product_cat-expositor-de-alimentos","8":"product_shipping_class-hosteleria","10":"first","11":"instock","12":"sale","13":"taxable","14":"shipping-taxable","15":"purchasable","16":"product-type-simple"},"yoast_head":"<!-- This site is optimized with the Yoast SEO Premium plugin v24.9 (Yoast SEO v26.1) - https:\/\/yoast.com\/wordpress\/plugins\/seo\/ -->\n<title>Expositor para perritos calientes - distribuci\u00f3n ARC<\/title>\n<meta name=\"robots\" content=\"index, follow, max-snippet:-1, max-image-preview:large, max-video-preview:-1\" \/>\n<link rel=\"canonical\" href=\"https:\/\/www.distribucionarc.com\/en\/producto\/expositor-para-perritos-calientes\/\" \/>\n<meta property=\"og:locale\" content=\"hr_HR\" \/>\n<meta property=\"og:type\" content=\"article\" \/>\n<meta property=\"og:title\" content=\"Expositor para perritos calientes\" \/>\n<meta property=\"og:description\" content=\"Expositor para perritos calientes Este Vitrina para perritos calientes ARC profesional para largos servicios, es ideal para muchos eventos y ocasiones...ferias, cafeter\u00edas, fiestas, restaurantes de comida r\u00e1pida, festivales y mucho m\u00e1s. Calienta los alimentos uniformemente y mantiene el sabor fresco de los alimentos durante mucho tiempo. Los cristales templados resistentes al calor conservar\u00e1n los alimentos a la temperatura adecuada conservando su brillo y sabor para despertar el apetito de sus clientes. Su elegante dise\u00f1o tradicional la hace visible a gran distancia, cuenta con un motor eficiente de bajo consumo. Requiere de poco montaje para facilitar su transporte Garant\u00eda\u00a0ARC\u00a02 A\u00d1OS Calentador de perritos calientes eficiente, bajo consumo 1350w soporte t\u00e9cnico incluido\" \/>\n<meta property=\"og:url\" content=\"https:\/\/www.distribucionarc.com\/en\/producto\/expositor-para-perritos-calientes\/\" \/>\n<meta property=\"og:site_name\" content=\"distribuci\u00f3n ARC\" \/>\n<meta property=\"article:modified_time\" content=\"2020-10-08T15:02:12+00:00\" \/>\n<meta property=\"og:image\" content=\"https:\/\/www.distribucionarc.com\/wp-content\/uploads\/2020\/08\/Expositor-para-perritos-calientes-0.jpg\" \/>\n\t<meta property=\"og:image:width\" content=\"1001\" \/>\n\t<meta property=\"og:image:height\" content=\"1001\" \/>\n\t<meta property=\"og:image:type\" content=\"image\/jpeg\" \/>\n<meta name=\"twitter:card\" content=\"summary_large_image\" \/>\n<meta name=\"twitter:label1\" content=\"Procijenjeno vrijeme \u010ditanja\" \/>\n\t<meta name=\"twitter:data1\" content=\"1 minuta\" \/>\n<script type=\"application\/ld+json\" class=\"yoast-schema-graph\">{\"@context\":\"https:\/\/schema.org\",\"@graph\":[{\"@type\":\"WebPage\",\"@id\":\"https:\/\/www.distribucionarc.com\/en\/producto\/expositor-para-perritos-calientes\/\",\"url\":\"https:\/\/www.distribucionarc.com\/en\/producto\/expositor-para-perritos-calientes\/\",\"name\":\"Expositor para perritos calientes - distribuci\u00f3n ARC\",\"isPartOf\":{\"@id\":\"https:\/\/distribucionarc.com\/ro\/#website\"},\"primaryImageOfPage\":{\"@id\":\"https:\/\/www.distribucionarc.com\/en\/producto\/expositor-para-perritos-calientes\/#primaryimage\"},\"image\":{\"@id\":\"https:\/\/www.distribucionarc.com\/en\/producto\/expositor-para-perritos-calientes\/#primaryimage\"},\"thumbnailUrl\":\"https:\/\/distribucionarc.com\/wp-content\/uploads\/2020\/08\/Expositor-para-perritos-calientes-0.jpg\",\"datePublished\":\"2020-08-20T10:37:15+00:00\",\"dateModified\":\"2020-10-08T15:02:12+00:00\",\"breadcrumb\":{\"@id\":\"https:\/\/www.distribucionarc.com\/en\/producto\/expositor-para-perritos-calientes\/#breadcrumb\"},\"inLanguage\":\"hr\",\"potentialAction\":[{\"@type\":\"ReadAction\",\"target\":[\"https:\/\/www.distribucionarc.com\/en\/producto\/expositor-para-perritos-calientes\/\"]}]},{\"@type\":\"ImageObject\",\"inLanguage\":\"hr\",\"@id\":\"https:\/\/www.distribucionarc.com\/en\/producto\/expositor-para-perritos-calientes\/#primaryimage\",\"url\":\"https:\/\/distribucionarc.com\/wp-content\/uploads\/2020\/08\/Expositor-para-perritos-calientes-0.jpg\",\"contentUrl\":\"https:\/\/distribucionarc.com\/wp-content\/uploads\/2020\/08\/Expositor-para-perritos-calientes-0.jpg\",\"width\":1001,\"height\":1001,\"caption\":\"Expositor para perritos calientes\"},{\"@type\":\"BreadcrumbList\",\"@id\":\"https:\/\/www.distribucionarc.com\/en\/producto\/expositor-para-perritos-calientes\/#breadcrumb\",\"itemListElement\":[{\"@type\":\"ListItem\",\"position\":1,\"name\":\"Portada\",\"item\":\"https:\/\/distribucionarc.com\/ar\/\"},{\"@type\":\"ListItem\",\"position\":2,\"name\":\"Proizvodi\",\"item\":\"https:\/\/www.distribucionarc.com\/hr\/ducan\/\"},{\"@type\":\"ListItem\",\"position\":3,\"name\":\"Expositor para perritos calientes\"}]},{\"@type\":\"WebSite\",\"@id\":\"https:\/\/distribucionarc.com\/ro\/#website\",\"url\":\"https:\/\/distribucionarc.com\/ro\/\",\"name\":\"distribuci\u00f3n ARC\",\"description\":\"Empresa especializada en la fabricaci\u00f3n y distribuci\u00f3n de maquinaria industrial, selladoras de latas, Maquinas de hacer pastillas, Maquinas de cortar carne...\",\"publisher\":{\"@id\":\"https:\/\/distribucionarc.com\/ro\/#organization\"},\"potentialAction\":[{\"@type\":\"SearchAction\",\"target\":{\"@type\":\"EntryPoint\",\"urlTemplate\":\"https:\/\/distribucionarc.com\/ro\/?s={search_term_string}\"},\"query-input\":{\"@type\":\"PropertyValueSpecification\",\"valueRequired\":true,\"valueName\":\"search_term_string\"}}],\"inLanguage\":\"hr\"},{\"@type\":\"Organization\",\"@id\":\"https:\/\/distribucionarc.com\/ro\/#organization\",\"name\":\"Distribuci\u00f3n ARC\",\"url\":\"https:\/\/distribucionarc.com\/ro\/\",\"logo\":{\"@type\":\"ImageObject\",\"inLanguage\":\"hr\",\"@id\":\"https:\/\/distribucionarc.com\/ro\/#\/schema\/logo\/image\/\",\"url\":\"https:\/\/distribucionarc.com\/wp-content\/uploads\/2024\/10\/distribucion-ARC-COLOR-SIN-FONDO-e1732295305345.png\",\"contentUrl\":\"https:\/\/distribucionarc.com\/wp-content\/uploads\/2024\/10\/distribucion-ARC-COLOR-SIN-FONDO-e1732295305345.png\",\"width\":1164,\"height\":558,\"caption\":\"Distribuci\u00f3n ARC\"},\"image\":{\"@id\":\"https:\/\/distribucionarc.com\/ro\/#\/schema\/logo\/image\/\"},\"description\":\"Empresa especializada en la fabricaci\u00f3n y distribuci\u00f3n de maquinaria industrial para los sectores alimentario y farmac\u00e9utico. Nos especializamos en: M\u00e1quinas de cortar carne Fabricaci\u00f3n de comprimidos Sistemas de transporte industrial L\u00edneas de embotellado Dosificadores Y mucho m\u00e1s... Ofrecemos soluciones innovadoras y personalizadas para optimizar los procesos productivos de tu empresa.\",\"email\":\"Admistracion@distribucionarc.com\",\"telephone\":\"+34 643496664\",\"legalName\":\"ARC TECH SOLUTIONS\",\"foundingDate\":\"2024-04-09\",\"vatID\":\"B55480172\",\"numberOfEmployees\":{\"@type\":\"QuantitativeValue\",\"minValue\":\"1\",\"maxValue\":\"10\"}}]}<\/script>\n<!-- \/ Yoast SEO Premium plugin. -->","yoast_head_json":{"title":"Prikaz hrenovki - distribucija ARC","robots":{"index":"index","follow":"follow","max-snippet":"max-snippet:-1","max-image-preview":"max-image-preview:large","max-video-preview":"max-video-preview:-1"},"canonical":"https:\/\/www.distribucionarc.com\/en\/producto\/expositor-para-perritos-calientes\/","og_locale":"hr_HR","og_type":"article","og_title":"Expositor para perritos calientes","og_description":"Expositor para perritos calientes Este Vitrina para perritos calientes ARC profesional para largos servicios, es ideal para muchos eventos y ocasiones...ferias, cafeter\u00edas, fiestas, restaurantes de comida r\u00e1pida, festivales y mucho m\u00e1s. Calienta los alimentos uniformemente y mantiene el sabor fresco de los alimentos durante mucho tiempo. Los cristales templados resistentes al calor conservar\u00e1n los alimentos a la temperatura adecuada conservando su brillo y sabor para despertar el apetito de sus clientes. Su elegante dise\u00f1o tradicional la hace visible a gran distancia, cuenta con un motor eficiente de bajo consumo. Requiere de poco montaje para facilitar su transporte Garant\u00eda\u00a0ARC\u00a02 A\u00d1OS Calentador de perritos calientes eficiente, bajo consumo 1350w soporte t\u00e9cnico incluido","og_url":"https:\/\/www.distribucionarc.com\/en\/producto\/expositor-para-perritos-calientes\/","og_site_name":"distribuci\u00f3n ARC","article_modified_time":"2020-10-08T15:02:12+00:00","og_image":[{"width":1001,"height":1001,"url":"https:\/\/www.distribucionarc.com\/wp-content\/uploads\/2020\/08\/Expositor-para-perritos-calientes-0.jpg","type":"image\/jpeg"}],"twitter_card":"summary_large_image","twitter_misc":{"Procijenjeno vrijeme \u010ditanja":"1 minuta"},"schema":{"@context":"https:\/\/schema.org","@graph":[{"@type":"WebPage","@id":"https:\/\/www.distribucionarc.com\/en\/producto\/expositor-para-perritos-calientes\/","url":"https:\/\/www.distribucionarc.com\/en\/producto\/expositor-para-perritos-calientes\/","name":"Prikaz hrenovki - distribucija ARC","isPartOf":{"@id":"https:\/\/distribucionarc.com\/ro\/#website"},"primaryImageOfPage":{"@id":"https:\/\/www.distribucionarc.com\/en\/producto\/expositor-para-perritos-calientes\/#primaryimage"},"image":{"@id":"https:\/\/www.distribucionarc.com\/en\/producto\/expositor-para-perritos-calientes\/#primaryimage"},"thumbnailUrl":"https:\/\/distribucionarc.com\/wp-content\/uploads\/2020\/08\/Expositor-para-perritos-calientes-0.jpg","datePublished":"2020-08-20T10:37:15+00:00","dateModified":"2020-10-08T15:02:12+00:00","breadcrumb":{"@id":"https:\/\/www.distribucionarc.com\/en\/producto\/expositor-para-perritos-calientes\/#breadcrumb"},"inLanguage":"hr","potentialAction":[{"@type":"ReadAction","target":["https:\/\/www.distribucionarc.com\/en\/producto\/expositor-para-perritos-calientes\/"]}]},{"@type":"ImageObject","inLanguage":"hr","@id":"https:\/\/www.distribucionarc.com\/en\/producto\/expositor-para-perritos-calientes\/#primaryimage","url":"https:\/\/distribucionarc.com\/wp-content\/uploads\/2020\/08\/Expositor-para-perritos-calientes-0.jpg","contentUrl":"https:\/\/distribucionarc.com\/wp-content\/uploads\/2020\/08\/Expositor-para-perritos-calientes-0.jpg","width":1001,"height":1001,"caption":"Expositor para perritos calientes"},{"@type":"BreadcrumbList","@id":"https:\/\/www.distribucionarc.com\/en\/producto\/expositor-para-perritos-calientes\/#breadcrumb","itemListElement":[{"@type":"ListItem","position":1,"name":"Portada","item":"https:\/\/distribucionarc.com\/ar\/"},{"@type":"ListItem","position":2,"name":"Proizvodi","item":"https:\/\/www.distribucionarc.com\/hr\/ducan\/"},{"@type":"ListItem","position":3,"name":"Expositor para perritos calientes"}]},{"@type":"WebSite","@id":"https:\/\/distribucionarc.com\/ro\/#website","url":"https:\/\/distribucionarc.com\/ro\/","name":"ARC distribucija","description":"Tvrtka specijalizirana za proizvodnju i distribuciju industrijskih strojeva, strojeva za zatvaranje limenki, strojeva za izradu pilula, strojeva za rezanje mesa itd.","publisher":{"@id":"https:\/\/distribucionarc.com\/ro\/#organization"},"potentialAction":[{"@type":"SearchAction","target":{"@type":"EntryPoint","urlTemplate":"https:\/\/distribucionarc.com\/ro\/?s={search_term_string}"},"query-input":{"@type":"PropertyValueSpecification","valueRequired":true,"valueName":"search_term_string"}}],"inLanguage":"hr"},{"@type":"Organization","@id":"https:\/\/distribucionarc.com\/ro\/#organization","name":"ARC distribucija","url":"https:\/\/distribucionarc.com\/ro\/","logo":{"@type":"ImageObject","inLanguage":"hr","@id":"https:\/\/distribucionarc.com\/ro\/#\/schema\/logo\/image\/","url":"https:\/\/distribucionarc.com\/wp-content\/uploads\/2024\/10\/distribucion-ARC-COLOR-SIN-FONDO-e1732295305345.png","contentUrl":"https:\/\/distribucionarc.com\/wp-content\/uploads\/2024\/10\/distribucion-ARC-COLOR-SIN-FONDO-e1732295305345.png","width":1164,"height":558,"caption":"Distribuci\u00f3n ARC"},"image":{"@id":"https:\/\/distribucionarc.com\/ro\/#\/schema\/logo\/image\/"},"description":"Tvrtka specijalizirana za proizvodnju i distribuciju industrijskih strojeva za prehrambeni i farmaceutski sektor. Specijalizirani smo za: Strojeve za rezanje mesa Proizvodnja tableta Industrijske transportne sustave Linije za punjenje Strojevi za doziranje I jo\u0161 mnogo toga... Nudimo inovativna i prilago\u0111ena rje\u0161enja za optimizaciju proizvodnih procesa Va\u0161e tvrtke.","email":"Admistracion@distribucionarc.com","telephone":"+34 643496664","legalName":"ARC TECH SOLUTIONS","foundingDate":"2024-04-09","vatID":"B55480172","numberOfEmployees":{"@type":"QuantitativeValue","minValue":"1","maxValue":"10"}}]}},"_links":{"self":[{"href":"https:\/\/distribucionarc.com\/hr\/wp-json\/wp\/v2\/product\/2665","targetHints":{"allow":["GET"]}}],"collection":[{"href":"https:\/\/distribucionarc.com\/hr\/wp-json\/wp\/v2\/product"}],"about":[{"href":"https:\/\/distribucionarc.com\/hr\/wp-json\/wp\/v2\/types\/product"}],"replies":[{"embeddable":true,"href":"https:\/\/distribucionarc.com\/hr\/wp-json\/wp\/v2\/comments?post=2665"}],"version-history":[{"count":0,"href":"https:\/\/distribucionarc.com\/hr\/wp-json\/wp\/v2\/product\/2665\/revisions"}],"wp:featuredmedia":[{"embeddable":true,"href":"https:\/\/distribucionarc.com\/hr\/wp-json\/wp\/v2\/media\/2672"}],"wp:attachment":[{"href":"https:\/\/distribucionarc.com\/hr\/wp-json\/wp\/v2\/media?parent=2665"}],"wp:term":[{"taxonomy":"product_brand","embeddable":true,"href":"https:\/\/distribucionarc.com\/hr\/wp-json\/wp\/v2\/product_brand?post=2665"},{"taxonomy":"product_cat","embeddable":true,"href":"https:\/\/distribucionarc.com\/hr\/wp-json\/wp\/v2\/product_cat?post=2665"},{"taxonomy":"product_tag","embeddable":true,"href":"https:\/\/distribucionarc.com\/hr\/wp-json\/wp\/v2\/product_tag?post=2665"}],"curies":[{"name":"radni list","href":"https:\/\/api.w.org\/{rel}","templated":true}]}}