{"id":2734,"date":"2020-08-21T10:57:23","date_gmt":"2020-08-21T10:57:23","guid":{"rendered":"https:\/\/distribucionarc.com\/?post_type=product&#038;p=2734"},"modified":"2020-10-09T11:14:52","modified_gmt":"2020-10-09T11:14:52","slug":"co2-stroj-za-lasersko-graviranje","status":"publish","type":"product","link":"https:\/\/distribucionarc.com\/hr\/producto\/maquina-de-grabado-laser-de-co2\/","title":{"rendered":"Stroj za lasersko graviranje CO2 30 x 20 cm"},"content":{"rendered":"<h3 style=\"margin: 0cm;\"><strong><span style=\"font-family: 'Arial',sans-serif; color: black;\">Stroj za lasersko graviranje CO2 30 x 20 cm\u00a0<\/span><\/strong><\/h3>\n<p>Laserska glava visoke preciznosti <strong>stroj za ozna\u010davanje<span style=\"color: #ff0000;\"> DO<span style=\"color: #0000ff;\">R<\/span><\/span>c<\/strong>, s visokom kvalitetom, pouzdanom izvedbom i izdr\u017eljivo\u0161\u0107u, pobolj\u0161ava preciznost i izvedbu graviranja. Usvojite naprednu<strong> CO2 laserska cijev<\/strong> Tre\u0107a generacija s velikom snagom i brzinom. \u017divotni vijek ove laserske cijevi je do 1000-1300 sati.<\/p>\n<p>Ima prekida\u010d za uklju\u010divanje\/isklju\u010divanje, laserski prekida\u010d, ispitni prekida\u010d, regulaciju struje i indikaciju struje na kontrolnoj plo\u010di, za intuitivniju i prakti\u010dniju kontrolu graviranja. Uklju\u010deni su odvod cijevi, ventilacijski otvor i ventilator koji u\u010dinkovito sni\u017eavaju temperaturu svih elektroni\u010dkih komponenti, \u010dime se produljuje njihov vijek trajanja<\/p>\n<p>Zapo\u0161ljava USB priklju\u010dak za prakti\u010dno povezivanje s osobnim ili prijenosnim ra\u010dunalom, za bolju i precizniju kontrolu graviranja. Nadalje, <strong>laserski graver <span style=\"color: #ff0000;\">DO<\/span><span style=\"color: #0000ff;\">R<\/span>CGLCO2<\/strong> opremljen je sa a <strong>kora\u010dni motor<\/strong> Visoka preciznost, u\u010dinkovit i stabilan, posti\u017ee preciznije graviranje.<\/p>\n<h6><strong>Jamstvo\u00a0<span style=\"color: #ff0000;\">DO<\/span><span style=\"color: #0000ff;\">R<\/span>C 2 GODINE<\/strong><\/h6>\n<h6><span style=\"color: #008000;\">U\u010dinkovit laserski graver, potro\u0161nja \u2264250W<\/span><\/h6>\n<h6><strong>uklju\u010dena tehni\u010dka podr\u0161ka<br \/>\n<\/strong><\/h6>\n<p>&nbsp;<\/p>\n<hr \/>\n<ul>\n<li><strong>Brzina graviranja: 0-350mm\/s<\/strong><\/li>\n<li><strong>Sukladno FDA: Da<\/strong><\/li>\n<li><strong>Brzina rezanja: 0-35mm\/s<\/strong><\/li>\n<li><strong>CE certifikat: Da<\/strong><\/li>\n<li><strong>Minimalni karakter za modeliranje: 1mm X 1mm<\/strong><\/li>\n<li><strong>Certifikat kvalitete ISO 9001: Da<\/strong><\/li>\n<li><strong>Omjer razlu\u010divosti: 0,026 mm<\/strong><\/li>\n<li><strong>Vrsta lasera: CO2 plin<\/strong><\/li>\n<li><strong>Resetiranje pozicioniranja: \u22640,01 mm<\/strong><\/li>\n<li><strong>cijevni pogon: 20KV<\/strong><\/li>\n<li><strong>Vrsta motora: kora\u010dni motor<\/strong><\/li>\n<li><strong>radna cijev: 15KV<\/strong><\/li>\n<li><strong>Kompatibilni softver: softver CorelDraw<\/strong><\/li>\n<li><strong>Struja: 0~22mA<\/strong><\/li>\n<li><strong>Potro\u0161nja energije: \u2264250W<\/strong><\/li>\n<li><strong>Povr\u0161ina za graviranje: 12\u00d78 in\u010da<\/strong><\/li>\n<li><strong>Podr\u017eani grafi\u010dki formati: BMP\/JPG\/JPEG\/WMF\/EMF\/PLT<\/strong><\/li>\n<li><strong>Laserska cijev: 1000-1300 sati<\/strong><\/li>\n<li><strong>Vodeno hla\u0111enje: vodena pumpa uklju\u010dena<\/strong><\/li>\n<li><strong>Snaga lasera: 40W<\/strong><\/li>\n<\/ul>","protected":false},"excerpt":{"rendered":"<h2 style=\"margin: 0cm;\"><strong><span style=\"font-family: 'Arial',sans-serif; color: black;\">Stroj za lasersko graviranje CO2 30 x 20 cm<\/span><\/strong><\/h2>\n<p style=\"margin: 0cm; text-align: start;\"><span style=\"font-family: 'Arial',sans-serif; color: black;\">Ovaj <strong>stroj za ozna\u010davanje<\/strong> integrira najnoviji lagani mehani\u010dki pokret na tr\u017ei\u0161tu, trogeneracijski modalni snima\u010d koji \u0107e vam osigurati <strong>visoka preciznost i brzina<\/strong>. Novi <strong>CO2 laserski graver<\/strong> <strong><span style=\"color: #ff0000;\">DO<\/span><span style=\"color: #0000ff;\">R<\/span>CGLCO2<\/strong> Opremljen je laserskom cijevi za vodeno hla\u0111enje od 40 W, kora\u010dnim motorima za savr\u0161enu preciznost, visokokvalitetnom kontrolnom plo\u010dom. Koristi USB priklju\u010dak za povezivanje s va\u0161im prijenosnim ili osobnim ra\u010dunalom. Uklju\u010dena je softverska podr\u0161ka, CorelDraw, ovaj stroj mo\u017ee dobro raditi s vi\u0161estrukim grafi\u010dkim formatima uklju\u010duju\u0107i EMF\/JPG\/PLT\/WMF.<\/span><\/p>\n<h6><\/h6>\n<h6><strong>Jamstvo\u00a0<span style=\"color: #ff0000;\">DO<\/span><span style=\"color: #0000ff;\">R<\/span>C 2 GODINE<\/strong><\/h6>\n<h6><span style=\"color: #008000;\">U\u010dinkovit laserski graver, potro\u0161nja \u2264250W<\/span><\/h6>\n<h6><strong>uklju\u010dena tehni\u010dka podr\u0161ka<\/strong><\/h6>","protected":false},"featured_media":2741,"comment_status":"open","ping_status":"closed","template":"","meta":{"wds_primary_product_brand":0,"wds_primary_product_cat":0},"product_brand":[],"product_cat":[69,70],"product_tag":[],"class_list":{"0":"post-2734","1":"product","2":"type-product","3":"status-publish","4":"has-post-thumbnail","6":"product_cat-maquinas-variadas","7":"product_cat-talladoras-marcadoras-de-metal-grabadoras-laser","8":"product_shipping_class-express","10":"first","11":"instock","12":"sale","13":"taxable","14":"shipping-taxable","15":"purchasable","16":"product-type-simple"},"yoast_head":"<!-- This site is optimized with the Yoast SEO Premium plugin v24.9 (Yoast SEO v26.1) - https:\/\/yoast.com\/wordpress\/plugins\/seo\/ -->\n<title>M\u00e1quina de Grabado L\u00e1ser de CO2 30 x 20 cm - distribuci\u00f3n ARC<\/title>\n<meta name=\"robots\" content=\"index, follow, max-snippet:-1, max-image-preview:large, max-video-preview:-1\" \/>\n<link rel=\"canonical\" href=\"https:\/\/distribucionarc.com\/hr\/proizvod\/co2-stroj-za-lasersko-graviranje\/\" \/>\n<meta property=\"og:locale\" content=\"hr_HR\" \/>\n<meta property=\"og:type\" content=\"article\" \/>\n<meta property=\"og:title\" content=\"M\u00e1quina de Grabado L\u00e1ser de CO2 30 x 20 cm\" \/>\n<meta property=\"og:description\" content=\"M\u00e1quina de Grabado L\u00e1ser de CO2 30 x 20 cm Esta m\u00e1quina de marcado integra el movimiento mec\u00e1nico de luz m\u00e1s nuevo del mercado, grabador modal de tres generaciones que le asegurara alta precisi\u00f3n y velocidad. El nuevo grabador l\u00e1ser de CO2 ARCGLCO2 est\u00e1 equipado con un tubo l\u00e1ser de refrigeraci\u00f3n por agua de 40 W, motores de ejecuci\u00f3n paso a paso para una precisi\u00f3n perfecta, panel de control de alta calidad. Emplea un puerto USB para conectarse a su port\u00e1til o PC. El soporte del software est\u00e1 incluido, CorelDraw, esta m\u00e1quina puede funcionar bien con m\u00faltiples formatos gr\u00e1ficos, incluidos EMF \/ JPG \/ PLT \/ WMF.   Garant\u00eda\u00a0ARC 2 A\u00d1OS Grabador l\u00e1ser eficiente, consumo \u2264250W soporte t\u00e9cnico incluido\" \/>\n<meta property=\"og:url\" content=\"https:\/\/distribucionarc.com\/hr\/proizvod\/co2-stroj-za-lasersko-graviranje\/\" \/>\n<meta property=\"og:site_name\" content=\"distribuci\u00f3n ARC\" \/>\n<meta property=\"article:modified_time\" content=\"2020-10-09T11:14:52+00:00\" \/>\n<meta property=\"og:image\" content=\"https:\/\/distribucionarc.com\/wp-content\/uploads\/2020\/08\/M\u00e1quina-de-Grabado-L\u00e1ser-de-CO2-0.jpg\" \/>\n\t<meta property=\"og:image:width\" content=\"1600\" \/>\n\t<meta property=\"og:image:height\" content=\"1600\" \/>\n\t<meta property=\"og:image:type\" content=\"image\/jpeg\" \/>\n<meta name=\"twitter:card\" content=\"summary_large_image\" \/>\n<meta name=\"twitter:label1\" content=\"Procijenjeno vrijeme \u010ditanja\" \/>\n\t<meta name=\"twitter:data1\" content=\"2 minute\" \/>\n<script type=\"application\/ld+json\" class=\"yoast-schema-graph\">{\"@context\":\"https:\/\/schema.org\",\"@graph\":[{\"@type\":\"WebPage\",\"@id\":\"https:\/\/distribucionarc.com\/en\/producto\/maquina-de-grabado-laser-de-co2\/\",\"url\":\"https:\/\/distribucionarc.com\/en\/producto\/maquina-de-grabado-laser-de-co2\/\",\"name\":\"M\u00e1quina de Grabado L\u00e1ser de CO2 30 x 20 cm - distribuci\u00f3n ARC\",\"isPartOf\":{\"@id\":\"https:\/\/distribucionarc.com\/de\/#website\"},\"primaryImageOfPage\":{\"@id\":\"https:\/\/distribucionarc.com\/en\/producto\/maquina-de-grabado-laser-de-co2\/#primaryimage\"},\"image\":{\"@id\":\"https:\/\/distribucionarc.com\/en\/producto\/maquina-de-grabado-laser-de-co2\/#primaryimage\"},\"thumbnailUrl\":\"https:\/\/distribucionarc.com\/wp-content\/uploads\/2020\/08\/M\u00e1quina-de-Grabado-L\u00e1ser-de-CO2-0.jpg\",\"datePublished\":\"2020-08-21T10:57:23+00:00\",\"dateModified\":\"2020-10-09T11:14:52+00:00\",\"breadcrumb\":{\"@id\":\"https:\/\/distribucionarc.com\/en\/producto\/maquina-de-grabado-laser-de-co2\/#breadcrumb\"},\"inLanguage\":\"hr\",\"potentialAction\":[{\"@type\":\"ReadAction\",\"target\":[\"https:\/\/distribucionarc.com\/en\/producto\/maquina-de-grabado-laser-de-co2\/\"]}]},{\"@type\":\"ImageObject\",\"inLanguage\":\"hr\",\"@id\":\"https:\/\/distribucionarc.com\/en\/producto\/maquina-de-grabado-laser-de-co2\/#primaryimage\",\"url\":\"https:\/\/distribucionarc.com\/wp-content\/uploads\/2020\/08\/M\u00e1quina-de-Grabado-L\u00e1ser-de-CO2-0.jpg\",\"contentUrl\":\"https:\/\/distribucionarc.com\/wp-content\/uploads\/2020\/08\/M\u00e1quina-de-Grabado-L\u00e1ser-de-CO2-0.jpg\",\"width\":1600,\"height\":1600,\"caption\":\"M\u00e1quina de Grabado L\u00e1ser de CO2\"},{\"@type\":\"BreadcrumbList\",\"@id\":\"https:\/\/distribucionarc.com\/en\/producto\/maquina-de-grabado-laser-de-co2\/#breadcrumb\",\"itemListElement\":[{\"@type\":\"ListItem\",\"position\":1,\"name\":\"Portada\",\"item\":\"https:\/\/distribucionarc.com\/pl\/\"},{\"@type\":\"ListItem\",\"position\":2,\"name\":\"Produkty\",\"item\":\"https:\/\/distribucionarc.com\/pl\/shop\/\"},{\"@type\":\"ListItem\",\"position\":3,\"name\":\"M\u00e1quina de Grabado L\u00e1ser de CO2 30 x 20 cm\"}]},{\"@type\":\"WebSite\",\"@id\":\"https:\/\/distribucionarc.com\/de\/#website\",\"url\":\"https:\/\/distribucionarc.com\/de\/\",\"name\":\"distribuci\u00f3n ARC\",\"description\":\"Empresa especializada en la fabricaci\u00f3n y distribuci\u00f3n de maquinaria industrial, selladoras de latas, Maquinas de hacer pastillas, Maquinas de cortar carne...\",\"publisher\":{\"@id\":\"https:\/\/distribucionarc.com\/de\/#organization\"},\"potentialAction\":[{\"@type\":\"SearchAction\",\"target\":{\"@type\":\"EntryPoint\",\"urlTemplate\":\"https:\/\/distribucionarc.com\/de\/?s={search_term_string}\"},\"query-input\":{\"@type\":\"PropertyValueSpecification\",\"valueRequired\":true,\"valueName\":\"search_term_string\"}}],\"inLanguage\":\"hr\"},{\"@type\":\"Organization\",\"@id\":\"https:\/\/distribucionarc.com\/de\/#organization\",\"name\":\"Distribuci\u00f3n ARC\",\"url\":\"https:\/\/distribucionarc.com\/de\/\",\"logo\":{\"@type\":\"ImageObject\",\"inLanguage\":\"hr\",\"@id\":\"https:\/\/distribucionarc.com\/de\/#\/schema\/logo\/image\/\",\"url\":\"https:\/\/distribucionarc.com\/wp-content\/uploads\/2024\/10\/distribucion-ARC-COLOR-SIN-FONDO-e1732295305345.png\",\"contentUrl\":\"https:\/\/distribucionarc.com\/wp-content\/uploads\/2024\/10\/distribucion-ARC-COLOR-SIN-FONDO-e1732295305345.png\",\"width\":1164,\"height\":558,\"caption\":\"Distribuci\u00f3n ARC\"},\"image\":{\"@id\":\"https:\/\/distribucionarc.com\/de\/#\/schema\/logo\/image\/\"},\"description\":\"Empresa especializada en la fabricaci\u00f3n y distribuci\u00f3n de maquinaria industrial para los sectores alimentario y farmac\u00e9utico. Nos especializamos en: M\u00e1quinas de cortar carne Fabricaci\u00f3n de comprimidos Sistemas de transporte industrial L\u00edneas de embotellado Dosificadores Y mucho m\u00e1s... Ofrecemos soluciones innovadoras y personalizadas para optimizar los procesos productivos de tu empresa.\",\"email\":\"Admistracion@distribucionarc.com\",\"telephone\":\"+34 643496664\",\"legalName\":\"ARC TECH SOLUTIONS\",\"foundingDate\":\"2024-04-09\",\"vatID\":\"B55480172\",\"numberOfEmployees\":{\"@type\":\"QuantitativeValue\",\"minValue\":\"1\",\"maxValue\":\"10\"}}]}<\/script>\n<!-- \/ Yoast SEO Premium plugin. -->","yoast_head_json":{"title":"Stroj za lasersko graviranje CO2 30 x 20 cm - ARC distribucija","robots":{"index":"index","follow":"follow","max-snippet":"max-snippet:-1","max-image-preview":"max-image-preview:large","max-video-preview":"max-video-preview:-1"},"canonical":"https:\/\/distribucionarc.com\/hr\/proizvod\/co2-stroj-za-lasersko-graviranje\/","og_locale":"hr_HR","og_type":"article","og_title":"M\u00e1quina de Grabado L\u00e1ser de CO2 30 x 20 cm","og_description":"M\u00e1quina de Grabado L\u00e1ser de CO2 30 x 20 cm Esta m\u00e1quina de marcado integra el movimiento mec\u00e1nico de luz m\u00e1s nuevo del mercado, grabador modal de tres generaciones que le asegurara alta precisi\u00f3n y velocidad. El nuevo grabador l\u00e1ser de CO2 ARCGLCO2 est\u00e1 equipado con un tubo l\u00e1ser de refrigeraci\u00f3n por agua de 40 W, motores de ejecuci\u00f3n paso a paso para una precisi\u00f3n perfecta, panel de control de alta calidad. Emplea un puerto USB para conectarse a su port\u00e1til o PC. El soporte del software est\u00e1 incluido, CorelDraw, esta m\u00e1quina puede funcionar bien con m\u00faltiples formatos gr\u00e1ficos, incluidos EMF \/ JPG \/ PLT \/ WMF.   Garant\u00eda\u00a0ARC 2 A\u00d1OS Grabador l\u00e1ser eficiente, consumo \u2264250W soporte t\u00e9cnico incluido","og_url":"https:\/\/distribucionarc.com\/hr\/proizvod\/co2-stroj-za-lasersko-graviranje\/","og_site_name":"distribuci\u00f3n ARC","article_modified_time":"2020-10-09T11:14:52+00:00","og_image":[{"width":1600,"height":1600,"url":"https:\/\/distribucionarc.com\/wp-content\/uploads\/2020\/08\/M\u00e1quina-de-Grabado-L\u00e1ser-de-CO2-0.jpg","type":"image\/jpeg"}],"twitter_card":"summary_large_image","twitter_misc":{"Procijenjeno vrijeme \u010ditanja":"2 minute"},"schema":{"@context":"https:\/\/schema.org","@graph":[{"@type":"WebPage","@id":"https:\/\/distribucionarc.com\/en\/producto\/maquina-de-grabado-laser-de-co2\/","url":"https:\/\/distribucionarc.com\/en\/producto\/maquina-de-grabado-laser-de-co2\/","name":"Stroj za lasersko graviranje CO2 30 x 20 cm - ARC distribucija","isPartOf":{"@id":"https:\/\/distribucionarc.com\/de\/#website"},"primaryImageOfPage":{"@id":"https:\/\/distribucionarc.com\/en\/producto\/maquina-de-grabado-laser-de-co2\/#primaryimage"},"image":{"@id":"https:\/\/distribucionarc.com\/en\/producto\/maquina-de-grabado-laser-de-co2\/#primaryimage"},"thumbnailUrl":"https:\/\/distribucionarc.com\/wp-content\/uploads\/2020\/08\/M\u00e1quina-de-Grabado-L\u00e1ser-de-CO2-0.jpg","datePublished":"2020-08-21T10:57:23+00:00","dateModified":"2020-10-09T11:14:52+00:00","breadcrumb":{"@id":"https:\/\/distribucionarc.com\/en\/producto\/maquina-de-grabado-laser-de-co2\/#breadcrumb"},"inLanguage":"hr","potentialAction":[{"@type":"ReadAction","target":["https:\/\/distribucionarc.com\/en\/producto\/maquina-de-grabado-laser-de-co2\/"]}]},{"@type":"ImageObject","inLanguage":"hr","@id":"https:\/\/distribucionarc.com\/en\/producto\/maquina-de-grabado-laser-de-co2\/#primaryimage","url":"https:\/\/distribucionarc.com\/wp-content\/uploads\/2020\/08\/M\u00e1quina-de-Grabado-L\u00e1ser-de-CO2-0.jpg","contentUrl":"https:\/\/distribucionarc.com\/wp-content\/uploads\/2020\/08\/M\u00e1quina-de-Grabado-L\u00e1ser-de-CO2-0.jpg","width":1600,"height":1600,"caption":"M\u00e1quina de Grabado L\u00e1ser de CO2"},{"@type":"BreadcrumbList","@id":"https:\/\/distribucionarc.com\/en\/producto\/maquina-de-grabado-laser-de-co2\/#breadcrumb","itemListElement":[{"@type":"ListItem","position":1,"name":"Portada","item":"https:\/\/distribucionarc.com\/pl\/"},{"@type":"ListItem","position":2,"name":"Produkty","item":"https:\/\/distribucionarc.com\/pl\/shop\/"},{"@type":"ListItem","position":3,"name":"M\u00e1quina de Grabado L\u00e1ser de CO2 30 x 20 cm"}]},{"@type":"WebSite","@id":"https:\/\/distribucionarc.com\/de\/#website","url":"https:\/\/distribucionarc.com\/de\/","name":"ARC distribucija","description":"Tvrtka specijalizirana za proizvodnju i distribuciju industrijskih strojeva, strojeva za zatvaranje limenki, strojeva za izradu pilula, strojeva za rezanje mesa itd.","publisher":{"@id":"https:\/\/distribucionarc.com\/de\/#organization"},"potentialAction":[{"@type":"SearchAction","target":{"@type":"EntryPoint","urlTemplate":"https:\/\/distribucionarc.com\/de\/?s={search_term_string}"},"query-input":{"@type":"PropertyValueSpecification","valueRequired":true,"valueName":"search_term_string"}}],"inLanguage":"hr"},{"@type":"Organization","@id":"https:\/\/distribucionarc.com\/de\/#organization","name":"ARC distribucija","url":"https:\/\/distribucionarc.com\/de\/","logo":{"@type":"ImageObject","inLanguage":"hr","@id":"https:\/\/distribucionarc.com\/de\/#\/schema\/logo\/image\/","url":"https:\/\/distribucionarc.com\/wp-content\/uploads\/2024\/10\/distribucion-ARC-COLOR-SIN-FONDO-e1732295305345.png","contentUrl":"https:\/\/distribucionarc.com\/wp-content\/uploads\/2024\/10\/distribucion-ARC-COLOR-SIN-FONDO-e1732295305345.png","width":1164,"height":558,"caption":"Distribuci\u00f3n ARC"},"image":{"@id":"https:\/\/distribucionarc.com\/de\/#\/schema\/logo\/image\/"},"description":"Tvrtka specijalizirana za proizvodnju i distribuciju industrijskih strojeva za prehrambeni i farmaceutski sektor. Specijalizirani smo za: Strojeve za rezanje mesa Proizvodnja tableta Industrijske transportne sustave Linije za punjenje Strojevi za doziranje I jo\u0161 mnogo toga... Nudimo inovativna i prilago\u0111ena rje\u0161enja za optimizaciju proizvodnih procesa Va\u0161e tvrtke.","email":"Admistracion@distribucionarc.com","telephone":"+34 643496664","legalName":"ARC TECH SOLUTIONS","foundingDate":"2024-04-09","vatID":"B55480172","numberOfEmployees":{"@type":"QuantitativeValue","minValue":"1","maxValue":"10"}}]}},"_links":{"self":[{"href":"https:\/\/distribucionarc.com\/hr\/wp-json\/wp\/v2\/product\/2734","targetHints":{"allow":["GET"]}}],"collection":[{"href":"https:\/\/distribucionarc.com\/hr\/wp-json\/wp\/v2\/product"}],"about":[{"href":"https:\/\/distribucionarc.com\/hr\/wp-json\/wp\/v2\/types\/product"}],"replies":[{"embeddable":true,"href":"https:\/\/distribucionarc.com\/hr\/wp-json\/wp\/v2\/comments?post=2734"}],"version-history":[{"count":0,"href":"https:\/\/distribucionarc.com\/hr\/wp-json\/wp\/v2\/product\/2734\/revisions"}],"wp:featuredmedia":[{"embeddable":true,"href":"https:\/\/distribucionarc.com\/hr\/wp-json\/wp\/v2\/media\/2741"}],"wp:attachment":[{"href":"https:\/\/distribucionarc.com\/hr\/wp-json\/wp\/v2\/media?parent=2734"}],"wp:term":[{"taxonomy":"product_brand","embeddable":true,"href":"https:\/\/distribucionarc.com\/hr\/wp-json\/wp\/v2\/product_brand?post=2734"},{"taxonomy":"product_cat","embeddable":true,"href":"https:\/\/distribucionarc.com\/hr\/wp-json\/wp\/v2\/product_cat?post=2734"},{"taxonomy":"product_tag","embeddable":true,"href":"https:\/\/distribucionarc.com\/hr\/wp-json\/wp\/v2\/product_tag?post=2734"}],"curies":[{"name":"radni list","href":"https:\/\/api.w.org\/{rel}","templated":true}]}}