{"id":2785,"date":"2020-08-24T08:34:12","date_gmt":"2020-08-24T08:34:12","guid":{"rendered":"https:\/\/distribucionarc.com\/?post_type=product&#038;p=2785"},"modified":"2023-02-14T11:16:29","modified_gmt":"2023-02-14T11:16:29","slug":"stroj-za-lasersko-graviranje-co2-rezac-alat-za-rezanje-30-x-20-cm","status":"publish","type":"product","link":"https:\/\/distribucionarc.com\/hr\/producto\/maquina-de-grabado-laser-cortador-co2-%e2%80%8bherramienta-de-corte-30-x-20-cm\/","title":{"rendered":"Stroj za lasersko graviranje CO2 reza\u010d Alat za rezanje 30 x 50 cm"},"content":{"rendered":"<h3>Stroj za lasersko graviranje CO2 reza\u010d Alat za rezanje 30 x 50 cm<\/h3>\n<p>Laserska glava visoke preciznosti\u00a0<strong>stroj za ozna\u010davanje<span style=\"color: #ff0000;\">\u00a0DO<\/span><span style=\"color: #0000ff;\">R<\/span>c<\/strong>, s visokom kvalitetom, pouzdanom izvedbom i izdr\u017eljivo\u0161\u0107u, pobolj\u0161ava preciznost i izvedbu graviranja. Usvojite naprednu<strong>\u00a0CO2 laserska cijev<\/strong>\u00a0Tre\u0107a generacija s velikom snagom i brzinom. \u017divotni vijek ove laserske cijevi je do 1000-1300 sati.<\/p>\n<p>Ima inteligentnu plo\u010du dostupnu na nekoliko jezika s trenutnom indikacijom na kontrolnoj plo\u010di, za intuitivniju i prakti\u010dniju kontrolu graviranja. Uklju\u010deni su odvod cijevi, ventilacijski otvor i ventilator koji u\u010dinkovito sni\u017eavaju temperaturu svih elektroni\u010dkih komponenti, \u010dime se produljuje njihov vijek trajanja. <strong>Kompjuterizirani stroj za graviranje<\/strong> Prikladno za razli\u010dite materijale, kao \u0161to su drvo, bambusovi komadi, \u017ead, mramor, pleksiglas, kristal, plastika, odje\u0107a, papir, ko\u017ea, guma, keramika, staklo, za\u0161titni znakovi i drugi nemetalni materijali<\/p>\n<p>Zapo\u0161ljava USB priklju\u010dak za prakti\u010dno povezivanje s osobnim ili prijenosnim ra\u010dunalom, za bolju i precizniju kontrolu graviranja. Nadalje,\u00a0<strong>laserski graver<span style=\"color: #ff0000;\"> DO<\/span><span style=\"color: #0000ff;\">R<\/span>CGLCO100<\/strong>\u00a0opremljen je sa a\u00a0<strong>kora\u010dni motor<\/strong>\u00a0Visoka preciznost, u\u010dinkovit i stabilan, posti\u017ee preciznije graviranje.<\/p>\n<h6><strong>Jamstvo\u00a0<span style=\"color: #ff0000;\">DO<\/span><span style=\"color: #0000ff;\">R<\/span>C 2 GODINE<\/strong><\/h6>\n<h6><span style=\"color: #008000;\">U\u010dinkovit laserski graver, potro\u0161nja \u2264 280W<\/span><\/h6>\n<h6><strong>uklju\u010dena tehni\u010dka podr\u0161ka<\/strong><\/h6>\n<p>&nbsp;<\/p>\n<hr \/>\n<h6>TEHNI\u010cKE SPECIFIKACIJE<\/h6>\n<h6><\/h6>\n<h6>\u25cfSnaga lasera: 50W<br \/>\n\u25cf Vrsta lasera: CO2 plin (CO2 laserska cijev)<br \/>\n\u25cfNapajanje: 220V 50HZ<br \/>\n\u25cfRadni stol: (sa\u0107e) platforma gore i dolje stol<br \/>\n\u25cfVisina gore i dolje (platforma): 0-15cm<br \/>\n\u25cf Metoda gore-dolje (platforma): automatski<br \/>\n\u25cfPovr\u0161ina za graviranje: 300mmx500mm (20\u2033*12\u2033)<br \/>\n\u25cf Povr\u0161ina za rezanje: 300mmx500mm (20\u2033*12\u2033)<br \/>\n\u25cfMaksimalno. Brzina rezbarenja: 0-6000 (mm\/min)<br \/>\n\u25cfMaksimalno. Brzina rezanja: 0-3600 (mm\/min)<br \/>\n\u25cfTo\u010dnost lokacije: &lt;0,001 mm<br \/>\n\u25cfOmjer razlu\u010divosti: 0,001(0,026 mm)\/(1000 dPI)<br \/>\n\u25cf Min. Veli\u010dina znakova: Znak: 2x2 mm, Slovo: 1x1 mm<br \/>\n\u25cfTo\u010dnost: 0,00125 mm<br \/>\n\u25cfDebljina rezanja: 0-15 mm (ovisi o razli\u010ditim materijalima)<br \/>\n\u25cf Rad: pozicioniranje crvenog svjetla, lasersko pozicioniranje to\u010dke<br \/>\n\u25cf Konfiguracija kontrole: DSP su\u010delje za prijenos<br \/>\n\u25cfSu\u010delje za prijenos podataka: USB<br \/>\n\u25cfOkru\u017eenje sustava: windows xp win7\/8<br \/>\n\u25cfPodr\u017eani grafi\u010dki format: datoteke koje CorelDraw, Photoshop, AutoCAD mogu prepoznati (BMP, GIF, JPEG, PCX, TGA, TIFF, PLT, CDR, DMG, DXF, PAT, CDT, CLK, DEX, CSL, CMX, AI, WPG , WMF, EMF, CGM, SVG, SVGZ, PCT, FMV, GEM, CMX)<br \/>\n\u25cfSoftver uklju\u010duje: corelLASER<br \/>\n\u25cfKompatibilni softver: CADlaser,LaserDRW,CorelLASER,Photoshop ects (nije uklju\u010deno u paket)<br \/>\n\u25cfRazdvajanje boja: Ne<br \/>\n\u25cfKoso graviranje: Br<br \/>\n\u25cf Na\u010din hla\u0111enja: Vodeno hla\u0111enje<br \/>\n\u25cfTemperatura vode: 5\u2103-35\u2103<br \/>\n\u25cfZa\u0161tita od prekida opskrbe vodom: uklju\u010dena<br \/>\n\u25cfDimenzija stroja: 91x64x42cm \/ 36\u2033*25\u2033*16.5\u2033<br \/>\n\u25cfNeto te\u017eina: 40kg<br \/>\n\u25cf Primjenjivi materijal: Drvo, bambusovi komadi, \u017ead, mramor, pleksiglas, kristal, plastika, odje\u0107a, papir, ko\u017ea, guma, keramika, staklo, za\u0161titni znakovi i drugi nemetalni materijali<br \/>\n\u25cf Laserska cijev (\u017eivotni vijek): 1000-1300 sati<br \/>\n\u25cf Poni\u0161tavanje pozicioniranja: \u22640,0004 in (0,01 mm)<br \/>\n\u25cfTip motora: Kora\u010dni motor<br \/>\n\u25cfPotro\u0161nja energije: \u2264250W<br \/>\n\u25cfRadna temperatura: 0-40\u00b0C<br \/>\n\u25cfRadna vla\u017enost: 5-95%<\/h6>","protected":false},"excerpt":{"rendered":"<h2>Stroj za lasersko graviranje CO2 reza\u010d Alat za rezanje 30 x 50 cm<\/h2>\n<p>Ovaj\u00a0<strong>stroj za ozna\u010davanje<\/strong>\u00a0integrira najnoviji lagani mehani\u010dki pokret na tr\u017ei\u0161tu, trogeneracijski modalni snima\u010d koji \u0107e vam osigurati\u00a0<strong>visoka preciznost i brzina<\/strong>. Novi\u00a0<b>CO2 laserski graver i reza\u010d<\/b>\u00a0<strong>ARCGLCO50<\/strong>\u00a0Opremljen je laserskom cijevi za vodeno hla\u0111enje od 80 W, kora\u010dnim motorima za savr\u0161enu preciznost, visokokvalitetnom kontrolnom plo\u010dom. Koristi USB priklju\u010dak za povezivanje s va\u0161im prijenosnim ili osobnim ra\u010dunalom. Uklju\u010dena je softverska podr\u0161ka, CorelDraw, ovaj stroj mo\u017ee dobro raditi s vi\u0161estrukim grafi\u010dkim formatima uklju\u010duju\u0107i EMF\/JPG\/PLT\/WMF.<\/p>\n<h6><strong>Jamstvo<span style=\"color: #ff0000;\">\u00a0DO<\/span><span style=\"color: #0000ff;\">R<\/span>C 2 GODINE<\/strong><\/h6>\n<h6><span style=\"color: #008000;\">U\u010dinkovit laserski graver, potro\u0161nja \u2264 280W<\/span><\/h6>\n<h6><strong>uklju\u010dena tehni\u010dka podr\u0161ka<\/strong><\/h6>","protected":false},"featured_media":2796,"comment_status":"open","ping_status":"closed","template":"","meta":{"wds_primary_product_brand":0,"wds_primary_product_cat":0},"product_brand":[],"product_cat":[69,70],"product_tag":[],"class_list":{"0":"post-2785","1":"product","2":"type-product","3":"status-publish","4":"has-post-thumbnail","6":"product_cat-maquinas-variadas","7":"product_cat-talladoras-marcadoras-de-metal-grabadoras-laser","8":"product_shipping_class-express","10":"first","11":"instock","12":"taxable","13":"shipping-taxable","14":"purchasable","15":"product-type-simple"},"yoast_head":"<!-- This site is optimized with the Yoast SEO Premium plugin v24.9 (Yoast SEO v26.1) - https:\/\/yoast.com\/wordpress\/plugins\/seo\/ -->\n<title>M\u00e1quina de Grabado L\u00e1ser Cortador CO2 \u200bHerramienta de Corte 30 x 50 cm - distribuci\u00f3n ARC<\/title>\n<meta name=\"robots\" content=\"index, follow, max-snippet:-1, max-image-preview:large, max-video-preview:-1\" \/>\n<link rel=\"canonical\" href=\"https:\/\/www.distribucionarc.com\/sk\/producto\/maquina-de-grabado-laser-cortador-co2-\u200bherramienta-de-corte-30-x-20-cm\/\" \/>\n<meta property=\"og:locale\" content=\"hr_HR\" \/>\n<meta property=\"og:type\" content=\"article\" \/>\n<meta property=\"og:title\" content=\"M\u00e1quina de Grabado L\u00e1ser Cortador CO2 \u200bHerramienta de Corte 30 x 50 cm\" \/>\n<meta property=\"og:description\" content=\"M\u00e1quina de Grabado L\u00e1ser Cortador CO2 \u200bHerramienta de Corte 30 x 50 cm Esta\u00a0m\u00e1quina de marcado\u00a0integra el movimiento mec\u00e1nico de luz m\u00e1s nuevo del mercado, grabador modal de tres generaciones que le asegurara\u00a0alta precisi\u00f3n y velocidad. El nuevo\u00a0grabador y cortador l\u00e1ser de CO2\u00a0ARCGLCO50\u00a0est\u00e1 equipado con un tubo l\u00e1ser de refrigeraci\u00f3n por agua de 80 W, motores de ejecuci\u00f3n paso a paso para una precisi\u00f3n perfecta, panel de control de alta calidad. Emplea un puerto USB para conectarse a su port\u00e1til o PC. El soporte del software est\u00e1 incluido, CorelDraw, esta m\u00e1quina puede funcionar bien con m\u00faltiples formatos gr\u00e1ficos, incluidos EMF \/ JPG \/ PLT \/ WMF. Garant\u00eda\u00a0ARC 2 A\u00d1OS Grabador l\u00e1ser eficiente, consumo \u2264 280W soporte t\u00e9cnico incluido\" \/>\n<meta property=\"og:url\" content=\"https:\/\/www.distribucionarc.com\/sk\/producto\/maquina-de-grabado-laser-cortador-co2-\u200bherramienta-de-corte-30-x-20-cm\/\" \/>\n<meta property=\"og:site_name\" content=\"distribuci\u00f3n ARC\" \/>\n<meta property=\"article:modified_time\" content=\"2023-02-14T11:16:29+00:00\" \/>\n<meta property=\"og:image\" content=\"https:\/\/distribucionarc.com\/wp-content\/uploads\/2020\/08\/M\u00e1quina-de-Grabado-L\u00e1ser-Cortador-CO2-Herramienta-de-Corte-30-x-20-cm-0.jpg\" \/>\n\t<meta property=\"og:image:width\" content=\"1001\" \/>\n\t<meta property=\"og:image:height\" content=\"1001\" \/>\n\t<meta property=\"og:image:type\" content=\"image\/jpeg\" \/>\n<meta name=\"twitter:card\" content=\"summary_large_image\" \/>\n<meta name=\"twitter:label1\" content=\"Procijenjeno vrijeme \u010ditanja\" \/>\n\t<meta name=\"twitter:data1\" content=\"3 minute\" \/>\n<script type=\"application\/ld+json\" class=\"yoast-schema-graph\">{\"@context\":\"https:\/\/schema.org\",\"@graph\":[{\"@type\":\"WebPage\",\"@id\":\"https:\/\/www.distribucionarc.com\/sk\/producto\/maquina-de-grabado-laser-cortador-co2-%e2%80%8bherramienta-de-corte-30-x-20-cm\/\",\"url\":\"https:\/\/www.distribucionarc.com\/sk\/producto\/maquina-de-grabado-laser-cortador-co2-%e2%80%8bherramienta-de-corte-30-x-20-cm\/\",\"name\":\"M\u00e1quina de Grabado L\u00e1ser Cortador CO2 \u200bHerramienta de Corte 30 x 50 cm - distribuci\u00f3n ARC\",\"isPartOf\":{\"@id\":\"https:\/\/www.distribucionarc.com\/sl\/#website\"},\"primaryImageOfPage\":{\"@id\":\"https:\/\/www.distribucionarc.com\/sk\/producto\/maquina-de-grabado-laser-cortador-co2-%e2%80%8bherramienta-de-corte-30-x-20-cm\/#primaryimage\"},\"image\":{\"@id\":\"https:\/\/www.distribucionarc.com\/sk\/producto\/maquina-de-grabado-laser-cortador-co2-%e2%80%8bherramienta-de-corte-30-x-20-cm\/#primaryimage\"},\"thumbnailUrl\":\"https:\/\/distribucionarc.com\/wp-content\/uploads\/2020\/08\/M\u00e1quina-de-Grabado-L\u00e1ser-Cortador-CO2-Herramienta-de-Corte-30-x-20-cm-0.jpg\",\"datePublished\":\"2020-08-24T08:34:12+00:00\",\"dateModified\":\"2023-02-14T11:16:29+00:00\",\"breadcrumb\":{\"@id\":\"https:\/\/www.distribucionarc.com\/sk\/producto\/maquina-de-grabado-laser-cortador-co2-%e2%80%8bherramienta-de-corte-30-x-20-cm\/#breadcrumb\"},\"inLanguage\":\"hr\",\"potentialAction\":[{\"@type\":\"ReadAction\",\"target\":[\"https:\/\/www.distribucionarc.com\/sk\/producto\/maquina-de-grabado-laser-cortador-co2-%e2%80%8bherramienta-de-corte-30-x-20-cm\/\"]}]},{\"@type\":\"ImageObject\",\"inLanguage\":\"hr\",\"@id\":\"https:\/\/www.distribucionarc.com\/sk\/producto\/maquina-de-grabado-laser-cortador-co2-%e2%80%8bherramienta-de-corte-30-x-20-cm\/#primaryimage\",\"url\":\"https:\/\/distribucionarc.com\/wp-content\/uploads\/2020\/08\/M\u00e1quina-de-Grabado-L\u00e1ser-Cortador-CO2-Herramienta-de-Corte-30-x-20-cm-0.jpg\",\"contentUrl\":\"https:\/\/distribucionarc.com\/wp-content\/uploads\/2020\/08\/M\u00e1quina-de-Grabado-L\u00e1ser-Cortador-CO2-Herramienta-de-Corte-30-x-20-cm-0.jpg\",\"width\":1001,\"height\":1001,\"caption\":\"M\u00e1quina de Grabado L\u00e1ser Cortador CO2 \u200bHerramienta de Corte 30 x 20 cm\"},{\"@type\":\"BreadcrumbList\",\"@id\":\"https:\/\/www.distribucionarc.com\/sk\/producto\/maquina-de-grabado-laser-cortador-co2-%e2%80%8bherramienta-de-corte-30-x-20-cm\/#breadcrumb\",\"itemListElement\":[{\"@type\":\"ListItem\",\"position\":1,\"name\":\"Portada\",\"item\":\"https:\/\/www.distribucionarc.com\/\"},{\"@type\":\"ListItem\",\"position\":2,\"name\":\"\u00dcr\u00fcnler\",\"item\":\"https:\/\/www.distribucionarc.com\/tr\/magaza\/\"},{\"@type\":\"ListItem\",\"position\":3,\"name\":\"M\u00e1quina de Grabado L\u00e1ser Cortador CO2 \u200bHerramienta de Corte 30 x 50 cm\"}]},{\"@type\":\"WebSite\",\"@id\":\"https:\/\/www.distribucionarc.com\/sl\/#website\",\"url\":\"https:\/\/www.distribucionarc.com\/sl\/\",\"name\":\"distribuci\u00f3n ARC\",\"description\":\"Empresa especializada en la fabricaci\u00f3n y distribuci\u00f3n de maquinaria industrial, selladoras de latas, Maquinas de hacer pastillas, Maquinas de cortar carne...\",\"publisher\":{\"@id\":\"https:\/\/www.distribucionarc.com\/sl\/#organization\"},\"potentialAction\":[{\"@type\":\"SearchAction\",\"target\":{\"@type\":\"EntryPoint\",\"urlTemplate\":\"https:\/\/www.distribucionarc.com\/sl\/?s={search_term_string}\"},\"query-input\":{\"@type\":\"PropertyValueSpecification\",\"valueRequired\":true,\"valueName\":\"search_term_string\"}}],\"inLanguage\":\"hr\"},{\"@type\":\"Organization\",\"@id\":\"https:\/\/www.distribucionarc.com\/sl\/#organization\",\"name\":\"Distribuci\u00f3n ARC\",\"url\":\"https:\/\/www.distribucionarc.com\/sl\/\",\"logo\":{\"@type\":\"ImageObject\",\"inLanguage\":\"hr\",\"@id\":\"https:\/\/www.distribucionarc.com\/sl\/#\/schema\/logo\/image\/\",\"url\":\"https:\/\/distribucionarc.com\/wp-content\/uploads\/2024\/10\/distribucion-ARC-COLOR-SIN-FONDO-e1732295305345.png\",\"contentUrl\":\"https:\/\/distribucionarc.com\/wp-content\/uploads\/2024\/10\/distribucion-ARC-COLOR-SIN-FONDO-e1732295305345.png\",\"width\":1164,\"height\":558,\"caption\":\"Distribuci\u00f3n ARC\"},\"image\":{\"@id\":\"https:\/\/www.distribucionarc.com\/sl\/#\/schema\/logo\/image\/\"},\"description\":\"Empresa especializada en la fabricaci\u00f3n y distribuci\u00f3n de maquinaria industrial para los sectores alimentario y farmac\u00e9utico. Nos especializamos en: M\u00e1quinas de cortar carne Fabricaci\u00f3n de comprimidos Sistemas de transporte industrial L\u00edneas de embotellado Dosificadores Y mucho m\u00e1s... Ofrecemos soluciones innovadoras y personalizadas para optimizar los procesos productivos de tu empresa.\",\"email\":\"Admistracion@distribucionarc.com\",\"telephone\":\"+34 643496664\",\"legalName\":\"ARC TECH SOLUTIONS\",\"foundingDate\":\"2024-04-09\",\"vatID\":\"B55480172\",\"numberOfEmployees\":{\"@type\":\"QuantitativeValue\",\"minValue\":\"1\",\"maxValue\":\"10\"}}]}<\/script>\n<!-- \/ Yoast SEO Premium plugin. -->","yoast_head_json":{"title":"Stroj za lasersko graviranje CO2 reza\u010d alat za rezanje 30 x 50 cm - ARC distribucija","robots":{"index":"index","follow":"follow","max-snippet":"max-snippet:-1","max-image-preview":"max-image-preview:large","max-video-preview":"max-video-preview:-1"},"canonical":"https:\/\/www.distribucionarc.com\/sk\/producto\/maquina-de-grabado-laser-cortador-co2-\u200bherramienta-de-corte-30-x-20-cm\/","og_locale":"hr_HR","og_type":"article","og_title":"M\u00e1quina de Grabado L\u00e1ser Cortador CO2 \u200bHerramienta de Corte 30 x 50 cm","og_description":"M\u00e1quina de Grabado L\u00e1ser Cortador CO2 \u200bHerramienta de Corte 30 x 50 cm Esta\u00a0m\u00e1quina de marcado\u00a0integra el movimiento mec\u00e1nico de luz m\u00e1s nuevo del mercado, grabador modal de tres generaciones que le asegurara\u00a0alta precisi\u00f3n y velocidad. El nuevo\u00a0grabador y cortador l\u00e1ser de CO2\u00a0ARCGLCO50\u00a0est\u00e1 equipado con un tubo l\u00e1ser de refrigeraci\u00f3n por agua de 80 W, motores de ejecuci\u00f3n paso a paso para una precisi\u00f3n perfecta, panel de control de alta calidad. Emplea un puerto USB para conectarse a su port\u00e1til o PC. El soporte del software est\u00e1 incluido, CorelDraw, esta m\u00e1quina puede funcionar bien con m\u00faltiples formatos gr\u00e1ficos, incluidos EMF \/ JPG \/ PLT \/ WMF. Garant\u00eda\u00a0ARC 2 A\u00d1OS Grabador l\u00e1ser eficiente, consumo \u2264 280W soporte t\u00e9cnico incluido","og_url":"https:\/\/www.distribucionarc.com\/sk\/producto\/maquina-de-grabado-laser-cortador-co2-\u200bherramienta-de-corte-30-x-20-cm\/","og_site_name":"distribuci\u00f3n ARC","article_modified_time":"2023-02-14T11:16:29+00:00","og_image":[{"width":1001,"height":1001,"url":"https:\/\/distribucionarc.com\/wp-content\/uploads\/2020\/08\/M\u00e1quina-de-Grabado-L\u00e1ser-Cortador-CO2-Herramienta-de-Corte-30-x-20-cm-0.jpg","type":"image\/jpeg"}],"twitter_card":"summary_large_image","twitter_misc":{"Procijenjeno vrijeme \u010ditanja":"3 minute"},"schema":{"@context":"https:\/\/schema.org","@graph":[{"@type":"WebPage","@id":"https:\/\/www.distribucionarc.com\/sk\/producto\/maquina-de-grabado-laser-cortador-co2-%e2%80%8bherramienta-de-corte-30-x-20-cm\/","url":"https:\/\/www.distribucionarc.com\/sk\/producto\/maquina-de-grabado-laser-cortador-co2-%e2%80%8bherramienta-de-corte-30-x-20-cm\/","name":"Stroj za lasersko graviranje CO2 reza\u010d alat za rezanje 30 x 50 cm - ARC distribucija","isPartOf":{"@id":"https:\/\/www.distribucionarc.com\/sl\/#website"},"primaryImageOfPage":{"@id":"https:\/\/www.distribucionarc.com\/sk\/producto\/maquina-de-grabado-laser-cortador-co2-%e2%80%8bherramienta-de-corte-30-x-20-cm\/#primaryimage"},"image":{"@id":"https:\/\/www.distribucionarc.com\/sk\/producto\/maquina-de-grabado-laser-cortador-co2-%e2%80%8bherramienta-de-corte-30-x-20-cm\/#primaryimage"},"thumbnailUrl":"https:\/\/distribucionarc.com\/wp-content\/uploads\/2020\/08\/M\u00e1quina-de-Grabado-L\u00e1ser-Cortador-CO2-Herramienta-de-Corte-30-x-20-cm-0.jpg","datePublished":"2020-08-24T08:34:12+00:00","dateModified":"2023-02-14T11:16:29+00:00","breadcrumb":{"@id":"https:\/\/www.distribucionarc.com\/sk\/producto\/maquina-de-grabado-laser-cortador-co2-%e2%80%8bherramienta-de-corte-30-x-20-cm\/#breadcrumb"},"inLanguage":"hr","potentialAction":[{"@type":"ReadAction","target":["https:\/\/www.distribucionarc.com\/sk\/producto\/maquina-de-grabado-laser-cortador-co2-%e2%80%8bherramienta-de-corte-30-x-20-cm\/"]}]},{"@type":"ImageObject","inLanguage":"hr","@id":"https:\/\/www.distribucionarc.com\/sk\/producto\/maquina-de-grabado-laser-cortador-co2-%e2%80%8bherramienta-de-corte-30-x-20-cm\/#primaryimage","url":"https:\/\/distribucionarc.com\/wp-content\/uploads\/2020\/08\/M\u00e1quina-de-Grabado-L\u00e1ser-Cortador-CO2-Herramienta-de-Corte-30-x-20-cm-0.jpg","contentUrl":"https:\/\/distribucionarc.com\/wp-content\/uploads\/2020\/08\/M\u00e1quina-de-Grabado-L\u00e1ser-Cortador-CO2-Herramienta-de-Corte-30-x-20-cm-0.jpg","width":1001,"height":1001,"caption":"M\u00e1quina de Grabado L\u00e1ser Cortador CO2 \u200bHerramienta de Corte 30 x 20 cm"},{"@type":"BreadcrumbList","@id":"https:\/\/www.distribucionarc.com\/sk\/producto\/maquina-de-grabado-laser-cortador-co2-%e2%80%8bherramienta-de-corte-30-x-20-cm\/#breadcrumb","itemListElement":[{"@type":"ListItem","position":1,"name":"Portada","item":"https:\/\/www.distribucionarc.com\/"},{"@type":"ListItem","position":2,"name":"\u00dcr\u00fcnler","item":"https:\/\/www.distribucionarc.com\/tr\/magaza\/"},{"@type":"ListItem","position":3,"name":"M\u00e1quina de Grabado L\u00e1ser Cortador CO2 \u200bHerramienta de Corte 30 x 50 cm"}]},{"@type":"WebSite","@id":"https:\/\/www.distribucionarc.com\/sl\/#website","url":"https:\/\/www.distribucionarc.com\/sl\/","name":"ARC distribucija","description":"Tvrtka specijalizirana za proizvodnju i distribuciju industrijskih strojeva, strojeva za zatvaranje limenki, strojeva za izradu pilula, strojeva za rezanje mesa itd.","publisher":{"@id":"https:\/\/www.distribucionarc.com\/sl\/#organization"},"potentialAction":[{"@type":"SearchAction","target":{"@type":"EntryPoint","urlTemplate":"https:\/\/www.distribucionarc.com\/sl\/?s={search_term_string}"},"query-input":{"@type":"PropertyValueSpecification","valueRequired":true,"valueName":"search_term_string"}}],"inLanguage":"hr"},{"@type":"Organization","@id":"https:\/\/www.distribucionarc.com\/sl\/#organization","name":"ARC distribucija","url":"https:\/\/www.distribucionarc.com\/sl\/","logo":{"@type":"ImageObject","inLanguage":"hr","@id":"https:\/\/www.distribucionarc.com\/sl\/#\/schema\/logo\/image\/","url":"https:\/\/distribucionarc.com\/wp-content\/uploads\/2024\/10\/distribucion-ARC-COLOR-SIN-FONDO-e1732295305345.png","contentUrl":"https:\/\/distribucionarc.com\/wp-content\/uploads\/2024\/10\/distribucion-ARC-COLOR-SIN-FONDO-e1732295305345.png","width":1164,"height":558,"caption":"Distribuci\u00f3n ARC"},"image":{"@id":"https:\/\/www.distribucionarc.com\/sl\/#\/schema\/logo\/image\/"},"description":"Tvrtka specijalizirana za proizvodnju i distribuciju industrijskih strojeva za prehrambeni i farmaceutski sektor. Specijalizirani smo za: Strojeve za rezanje mesa Proizvodnja tableta Industrijske transportne sustave Linije za punjenje Strojevi za doziranje I jo\u0161 mnogo toga... Nudimo inovativna i prilago\u0111ena rje\u0161enja za optimizaciju proizvodnih procesa Va\u0161e tvrtke.","email":"Admistracion@distribucionarc.com","telephone":"+34 643496664","legalName":"ARC TECH SOLUTIONS","foundingDate":"2024-04-09","vatID":"B55480172","numberOfEmployees":{"@type":"QuantitativeValue","minValue":"1","maxValue":"10"}}]}},"_links":{"self":[{"href":"https:\/\/distribucionarc.com\/hr\/wp-json\/wp\/v2\/product\/2785","targetHints":{"allow":["GET"]}}],"collection":[{"href":"https:\/\/distribucionarc.com\/hr\/wp-json\/wp\/v2\/product"}],"about":[{"href":"https:\/\/distribucionarc.com\/hr\/wp-json\/wp\/v2\/types\/product"}],"replies":[{"embeddable":true,"href":"https:\/\/distribucionarc.com\/hr\/wp-json\/wp\/v2\/comments?post=2785"}],"version-history":[{"count":0,"href":"https:\/\/distribucionarc.com\/hr\/wp-json\/wp\/v2\/product\/2785\/revisions"}],"wp:featuredmedia":[{"embeddable":true,"href":"https:\/\/distribucionarc.com\/hr\/wp-json\/wp\/v2\/media\/2796"}],"wp:attachment":[{"href":"https:\/\/distribucionarc.com\/hr\/wp-json\/wp\/v2\/media?parent=2785"}],"wp:term":[{"taxonomy":"product_brand","embeddable":true,"href":"https:\/\/distribucionarc.com\/hr\/wp-json\/wp\/v2\/product_brand?post=2785"},{"taxonomy":"product_cat","embeddable":true,"href":"https:\/\/distribucionarc.com\/hr\/wp-json\/wp\/v2\/product_cat?post=2785"},{"taxonomy":"product_tag","embeddable":true,"href":"https:\/\/distribucionarc.com\/hr\/wp-json\/wp\/v2\/product_tag?post=2785"}],"curies":[{"name":"radni list","href":"https:\/\/api.w.org\/{rel}","templated":true}]}}