{"id":2856,"date":"2020-08-25T09:32:15","date_gmt":"2020-08-25T09:32:15","guid":{"rendered":"https:\/\/distribucionarc.com\/?post_type=product&#038;p=2856"},"modified":"2020-10-01T11:10:14","modified_gmt":"2020-10-01T11:10:14","slug":"profesionalni-brojac-kovanica-300-min","status":"publish","type":"product","link":"https:\/\/distribucionarc.com\/hr\/producto\/contador-de-monedas-profesional-300-min\/","title":{"rendered":"Profesionalni broja\u010d kovanica 300\/min\u00a0"},"content":{"rendered":"<h3>Profesionalni broja\u010d kovanica 300\/min<\/h3>\n<p>On <strong>razvrstiva\u010d kovanica <span style=\"color: #ff0000;\">DO<\/span><span style=\"color: #0000ff;\">R<\/span>c<\/strong> je profesionalni elektroni\u010dki broja\u010d kovanica koji \u0107e vam u\u0161tedjeti vrijeme odvajanjem i brojanjem kovanica u razli\u010dite odjeljke, prikazuju\u0107i ukupan broj i jedinstveni zbroj svake vrijednosti na digitalnom ekranu.<\/p>\n<p>Razvrstiva\u010d kovanica automatski broji i sortira sve kovanice eura od 1 centa do 2 eura. On <strong>automatski broja\u010d <span style=\"color: #ff0000;\">DO<\/span><span style=\"color: #0000ff;\">R<\/span>CMCM300<\/strong> mo\u017ee nabrojati <span style=\"color: #000000;\"><strong>300 kovanica u minuti<\/strong><\/span>, to vam osigurava brz i u\u010dinkovit stroj.<\/p>\n<p>Ima digitalni zaslon na kojem mo\u017eete izra\u010dunati i to\u010dno prikazati ukupni broj svake vrste vrijednosti. Ima tri modela brojanja: slobodno brojanje, grupno brojanje i fiksni na\u010din brojanja.<\/p>\n<h6><b>Jamstvo<\/b><strong>\u00a0<\/strong><span style=\"color: #ff0000;\"><strong>DO<\/strong><\/span><span style=\"color: #0000ff;\"><strong>R<\/strong><\/span><strong>C 2 GODINE<\/strong><\/h6>\n<h6><span style=\"color: #008000;\">Stroj<b> U\u010dinkovito brojanje, niska potro\u0161nja 40W<\/b><\/span><\/h6>\n<h6><b>uklju\u010dena tehni\u010dka podr\u0161ka.<\/b><\/h6>\n<p>&nbsp;<\/p>\n<table width=\"100%\">\n<tbody>\n<tr>\n<td>Marka:<\/td>\n<td width=\"32%\">LUK<\/td>\n<td>Te\u017eina:<\/td>\n<td width=\"30%\">3,9 kg<\/td>\n<\/tr>\n<tr>\n<td>Zemlja distribucije:<\/td>\n<td width=\"32%\">\u0160panjolska, Njema\u010dka, SAD<\/td>\n<td>Visina:<\/td>\n<td width=\"30%\">26 cm<\/td>\n<\/tr>\n<tr>\n<td>Boja:<\/td>\n<td width=\"32%\">Crna<\/td>\n<td>dugo:<\/td>\n<td width=\"30%\">39 cm<\/td>\n<\/tr>\n<tr>\n<td>Vrsta proizvoda:<\/td>\n<td width=\"32%\">Broja\u010d kovanica<\/td>\n<td>\u0160iroko:<\/td>\n<td width=\"30%\">30 cm<\/td>\n<\/tr>\n<tr>\n<td>Proizvo\u0111a\u010dki broj:<\/td>\n<td width=\"32%\">ARCMCM300<\/td>\n<td>Brzina brojanja:<\/td>\n<td width=\"30%\">300 u minuti<\/td>\n<\/tr>\n<tr>\n<td>\u00a0Jamstvo:<\/td>\n<td width=\"32%\">\u00a02 GODINE<\/td>\n<td>Kapacitet broja\u010da:<\/td>\n<td width=\"30%\">700 (ovisi o veli\u010dini)<\/td>\n<\/tr>\n<tr>\n<td>Vlast:<\/td>\n<td width=\"32%\">40W<\/td>\n<td>Uklju\u010duje:<\/td>\n<td width=\"30%\">8 kutija za sakupljanje<\/td>\n<\/tr>\n<\/tbody>\n<\/table>","protected":false},"excerpt":{"rendered":"<h2>Profesionalni broja\u010d kovanica 300\/min<\/h2>\n<p style=\"margin: 0cm;\"><span style=\"font-family: 'Arial',sans-serif; color: black;\">On<strong> broja\u010d kovanica <span style=\"color: #ff0000;\">DO<\/span><span style=\"color: #0000ff;\">R<\/span>c<\/strong> Oni mogu automatski klasificirati i brojati mije\u0161ane nov\u010di\u0107e u stvarnom vremenu, a tako\u0111er mogu klasificirati i izra\u010dunati pojedina\u010dnu brojku svakog nov\u010di\u0107a. Zaboravite bu\u010dne i glomazne sortirke kovanica!<\/span><\/p>\n<h6><\/h6>\n<h6><b>Jamstvo<\/b><strong>\u00a0<\/strong><span style=\"color: #ff0000;\"><strong>DO<\/strong><\/span><span style=\"color: #0000ff;\"><strong>R<\/strong><\/span><strong>C 2 GODINE<\/strong><\/h6>\n<h6><span style=\"color: #008000;\">Stroj<b> U\u010dinkovito brojanje, niska potro\u0161nja 40W<\/b><\/span><\/h6>\n<h6><b>uklju\u010dena tehni\u010dka podr\u0161ka.<\/b><\/h6>","protected":false},"featured_media":2865,"comment_status":"open","ping_status":"closed","template":"","meta":{"wds_primary_product_brand":0,"wds_primary_product_cat":0},"product_brand":[],"product_cat":[69],"product_tag":[],"class_list":{"0":"post-2856","1":"product","2":"type-product","3":"status-publish","4":"has-post-thumbnail","6":"product_cat-maquinas-variadas","7":"product_shipping_class-hosteleria","9":"first","10":"instock","11":"sale","12":"taxable","13":"shipping-taxable","14":"purchasable","15":"product-type-simple"},"yoast_head":"<!-- This site is optimized with the Yoast SEO Premium plugin v24.9 (Yoast SEO v26.1) - https:\/\/yoast.com\/wordpress\/plugins\/seo\/ -->\n<title>Contador de monedas profesional 300\/min\u00a0 - distribuci\u00f3n ARC<\/title>\n<meta name=\"robots\" content=\"index, follow, max-snippet:-1, max-image-preview:large, max-video-preview:-1\" \/>\n<link rel=\"canonical\" href=\"https:\/\/www.distribucionarc.com\/sk\/producto\/contador-de-monedas-profesional-300-min\/\" \/>\n<meta property=\"og:locale\" content=\"hr_HR\" \/>\n<meta property=\"og:type\" content=\"article\" \/>\n<meta property=\"og:title\" content=\"Contador de monedas profesional 300\/min\u00a0\" \/>\n<meta property=\"og:description\" content=\"Contador de monedas profesional 300\/min El contador de monedas ARC pueden clasificar y contar autom\u00e1ticamente monedas mixtas en tiempo real, adem\u00e1s puede clasificar y calcular la cifra individual de cada moneda. \u00a1Olv\u00eddese de los clasificadores de monedas ruidosos y voluminosos!   Garant\u00eda\u00a0ARC 2 A\u00d1OS M\u00e1quina de conteo eficiente, bajo consumo 40 W soporte t\u00e9cnico incluido.\" \/>\n<meta property=\"og:url\" content=\"https:\/\/www.distribucionarc.com\/sk\/producto\/contador-de-monedas-profesional-300-min\/\" \/>\n<meta property=\"og:site_name\" content=\"distribuci\u00f3n ARC\" \/>\n<meta property=\"article:modified_time\" content=\"2020-10-01T11:10:14+00:00\" \/>\n<meta property=\"og:image\" content=\"https:\/\/www.distribucionarc.com\/wp-content\/uploads\/2020\/08\/Contador-de-monedas-profesional-300min-0.jpg\" \/>\n\t<meta property=\"og:image:width\" content=\"1600\" \/>\n\t<meta property=\"og:image:height\" content=\"1600\" \/>\n\t<meta property=\"og:image:type\" content=\"image\/jpeg\" \/>\n<meta name=\"twitter:card\" content=\"summary_large_image\" \/>\n<meta name=\"twitter:label1\" content=\"Procijenjeno vrijeme \u010ditanja\" \/>\n\t<meta name=\"twitter:data1\" content=\"1 minuta\" \/>\n<script type=\"application\/ld+json\" class=\"yoast-schema-graph\">{\"@context\":\"https:\/\/schema.org\",\"@graph\":[{\"@type\":\"WebPage\",\"@id\":\"https:\/\/www.distribucionarc.com\/sk\/producto\/contador-de-monedas-profesional-300-min\/\",\"url\":\"https:\/\/www.distribucionarc.com\/sk\/producto\/contador-de-monedas-profesional-300-min\/\",\"name\":\"Contador de monedas profesional 300\/min\u00a0 - distribuci\u00f3n ARC\",\"isPartOf\":{\"@id\":\"https:\/\/www.distribucionarc.com\/de\/#website\"},\"primaryImageOfPage\":{\"@id\":\"https:\/\/www.distribucionarc.com\/sk\/producto\/contador-de-monedas-profesional-300-min\/#primaryimage\"},\"image\":{\"@id\":\"https:\/\/www.distribucionarc.com\/sk\/producto\/contador-de-monedas-profesional-300-min\/#primaryimage\"},\"thumbnailUrl\":\"https:\/\/distribucionarc.com\/wp-content\/uploads\/2020\/08\/Contador-de-monedas-profesional-300min-0.jpg\",\"datePublished\":\"2020-08-25T09:32:15+00:00\",\"dateModified\":\"2020-10-01T11:10:14+00:00\",\"breadcrumb\":{\"@id\":\"https:\/\/www.distribucionarc.com\/sk\/producto\/contador-de-monedas-profesional-300-min\/#breadcrumb\"},\"inLanguage\":\"hr\",\"potentialAction\":[{\"@type\":\"ReadAction\",\"target\":[\"https:\/\/www.distribucionarc.com\/sk\/producto\/contador-de-monedas-profesional-300-min\/\"]}]},{\"@type\":\"ImageObject\",\"inLanguage\":\"hr\",\"@id\":\"https:\/\/www.distribucionarc.com\/sk\/producto\/contador-de-monedas-profesional-300-min\/#primaryimage\",\"url\":\"https:\/\/distribucionarc.com\/wp-content\/uploads\/2020\/08\/Contador-de-monedas-profesional-300min-0.jpg\",\"contentUrl\":\"https:\/\/distribucionarc.com\/wp-content\/uploads\/2020\/08\/Contador-de-monedas-profesional-300min-0.jpg\",\"width\":1600,\"height\":1600,\"caption\":\"Contador de monedas profesional 300\/min\u00a0\"},{\"@type\":\"BreadcrumbList\",\"@id\":\"https:\/\/www.distribucionarc.com\/sk\/producto\/contador-de-monedas-profesional-300-min\/#breadcrumb\",\"itemListElement\":[{\"@type\":\"ListItem\",\"position\":1,\"name\":\"Portada\",\"item\":\"https:\/\/www.distribucionarc.com\/en\/\"},{\"@type\":\"ListItem\",\"position\":2,\"name\":\"Products\",\"item\":\"https:\/\/www.distribucionarc.com\/en\/shop\/\"},{\"@type\":\"ListItem\",\"position\":3,\"name\":\"Contador de monedas profesional 300\/min\u00a0\"}]},{\"@type\":\"WebSite\",\"@id\":\"https:\/\/www.distribucionarc.com\/de\/#website\",\"url\":\"https:\/\/www.distribucionarc.com\/de\/\",\"name\":\"distribuci\u00f3n ARC\",\"description\":\"Empresa especializada en la fabricaci\u00f3n y distribuci\u00f3n de maquinaria industrial, selladoras de latas, Maquinas de hacer pastillas, Maquinas de cortar carne...\",\"publisher\":{\"@id\":\"https:\/\/www.distribucionarc.com\/de\/#organization\"},\"potentialAction\":[{\"@type\":\"SearchAction\",\"target\":{\"@type\":\"EntryPoint\",\"urlTemplate\":\"https:\/\/www.distribucionarc.com\/de\/?s={search_term_string}\"},\"query-input\":{\"@type\":\"PropertyValueSpecification\",\"valueRequired\":true,\"valueName\":\"search_term_string\"}}],\"inLanguage\":\"hr\"},{\"@type\":\"Organization\",\"@id\":\"https:\/\/www.distribucionarc.com\/de\/#organization\",\"name\":\"Distribuci\u00f3n ARC\",\"url\":\"https:\/\/www.distribucionarc.com\/de\/\",\"logo\":{\"@type\":\"ImageObject\",\"inLanguage\":\"hr\",\"@id\":\"https:\/\/www.distribucionarc.com\/de\/#\/schema\/logo\/image\/\",\"url\":\"https:\/\/distribucionarc.com\/wp-content\/uploads\/2024\/10\/distribucion-ARC-COLOR-SIN-FONDO-e1732295305345.png\",\"contentUrl\":\"https:\/\/distribucionarc.com\/wp-content\/uploads\/2024\/10\/distribucion-ARC-COLOR-SIN-FONDO-e1732295305345.png\",\"width\":1164,\"height\":558,\"caption\":\"Distribuci\u00f3n ARC\"},\"image\":{\"@id\":\"https:\/\/www.distribucionarc.com\/de\/#\/schema\/logo\/image\/\"},\"description\":\"Empresa especializada en la fabricaci\u00f3n y distribuci\u00f3n de maquinaria industrial para los sectores alimentario y farmac\u00e9utico. Nos especializamos en: M\u00e1quinas de cortar carne Fabricaci\u00f3n de comprimidos Sistemas de transporte industrial L\u00edneas de embotellado Dosificadores Y mucho m\u00e1s... Ofrecemos soluciones innovadoras y personalizadas para optimizar los procesos productivos de tu empresa.\",\"email\":\"Admistracion@distribucionarc.com\",\"telephone\":\"+34 643496664\",\"legalName\":\"ARC TECH SOLUTIONS\",\"foundingDate\":\"2024-04-09\",\"vatID\":\"B55480172\",\"numberOfEmployees\":{\"@type\":\"QuantitativeValue\",\"minValue\":\"1\",\"maxValue\":\"10\"}}]}<\/script>\n<!-- \/ Yoast SEO Premium plugin. -->","yoast_head_json":{"title":"Profesionalni broja\u010d kovanica 300\/min - ARC distribucija","robots":{"index":"index","follow":"follow","max-snippet":"max-snippet:-1","max-image-preview":"max-image-preview:large","max-video-preview":"max-video-preview:-1"},"canonical":"https:\/\/www.distribucionarc.com\/sk\/producto\/contador-de-monedas-profesional-300-min\/","og_locale":"hr_HR","og_type":"article","og_title":"Contador de monedas profesional 300\/min\u00a0","og_description":"Contador de monedas profesional 300\/min El contador de monedas ARC pueden clasificar y contar autom\u00e1ticamente monedas mixtas en tiempo real, adem\u00e1s puede clasificar y calcular la cifra individual de cada moneda. \u00a1Olv\u00eddese de los clasificadores de monedas ruidosos y voluminosos!   Garant\u00eda\u00a0ARC 2 A\u00d1OS M\u00e1quina de conteo eficiente, bajo consumo 40 W soporte t\u00e9cnico incluido.","og_url":"https:\/\/www.distribucionarc.com\/sk\/producto\/contador-de-monedas-profesional-300-min\/","og_site_name":"distribuci\u00f3n ARC","article_modified_time":"2020-10-01T11:10:14+00:00","og_image":[{"width":1600,"height":1600,"url":"https:\/\/www.distribucionarc.com\/wp-content\/uploads\/2020\/08\/Contador-de-monedas-profesional-300min-0.jpg","type":"image\/jpeg"}],"twitter_card":"summary_large_image","twitter_misc":{"Procijenjeno vrijeme \u010ditanja":"1 minuta"},"schema":{"@context":"https:\/\/schema.org","@graph":[{"@type":"WebPage","@id":"https:\/\/www.distribucionarc.com\/sk\/producto\/contador-de-monedas-profesional-300-min\/","url":"https:\/\/www.distribucionarc.com\/sk\/producto\/contador-de-monedas-profesional-300-min\/","name":"Profesionalni broja\u010d kovanica 300\/min - ARC distribucija","isPartOf":{"@id":"https:\/\/www.distribucionarc.com\/de\/#website"},"primaryImageOfPage":{"@id":"https:\/\/www.distribucionarc.com\/sk\/producto\/contador-de-monedas-profesional-300-min\/#primaryimage"},"image":{"@id":"https:\/\/www.distribucionarc.com\/sk\/producto\/contador-de-monedas-profesional-300-min\/#primaryimage"},"thumbnailUrl":"https:\/\/distribucionarc.com\/wp-content\/uploads\/2020\/08\/Contador-de-monedas-profesional-300min-0.jpg","datePublished":"2020-08-25T09:32:15+00:00","dateModified":"2020-10-01T11:10:14+00:00","breadcrumb":{"@id":"https:\/\/www.distribucionarc.com\/sk\/producto\/contador-de-monedas-profesional-300-min\/#breadcrumb"},"inLanguage":"hr","potentialAction":[{"@type":"ReadAction","target":["https:\/\/www.distribucionarc.com\/sk\/producto\/contador-de-monedas-profesional-300-min\/"]}]},{"@type":"ImageObject","inLanguage":"hr","@id":"https:\/\/www.distribucionarc.com\/sk\/producto\/contador-de-monedas-profesional-300-min\/#primaryimage","url":"https:\/\/distribucionarc.com\/wp-content\/uploads\/2020\/08\/Contador-de-monedas-profesional-300min-0.jpg","contentUrl":"https:\/\/distribucionarc.com\/wp-content\/uploads\/2020\/08\/Contador-de-monedas-profesional-300min-0.jpg","width":1600,"height":1600,"caption":"Contador de monedas profesional 300\/min\u00a0"},{"@type":"BreadcrumbList","@id":"https:\/\/www.distribucionarc.com\/sk\/producto\/contador-de-monedas-profesional-300-min\/#breadcrumb","itemListElement":[{"@type":"ListItem","position":1,"name":"Portada","item":"https:\/\/www.distribucionarc.com\/en\/"},{"@type":"ListItem","position":2,"name":"Products","item":"https:\/\/www.distribucionarc.com\/en\/shop\/"},{"@type":"ListItem","position":3,"name":"Contador de monedas profesional 300\/min\u00a0"}]},{"@type":"WebSite","@id":"https:\/\/www.distribucionarc.com\/de\/#website","url":"https:\/\/www.distribucionarc.com\/de\/","name":"ARC distribucija","description":"Tvrtka specijalizirana za proizvodnju i distribuciju industrijskih strojeva, strojeva za zatvaranje limenki, strojeva za izradu pilula, strojeva za rezanje mesa itd.","publisher":{"@id":"https:\/\/www.distribucionarc.com\/de\/#organization"},"potentialAction":[{"@type":"SearchAction","target":{"@type":"EntryPoint","urlTemplate":"https:\/\/www.distribucionarc.com\/de\/?s={search_term_string}"},"query-input":{"@type":"PropertyValueSpecification","valueRequired":true,"valueName":"search_term_string"}}],"inLanguage":"hr"},{"@type":"Organization","@id":"https:\/\/www.distribucionarc.com\/de\/#organization","name":"ARC distribucija","url":"https:\/\/www.distribucionarc.com\/de\/","logo":{"@type":"ImageObject","inLanguage":"hr","@id":"https:\/\/www.distribucionarc.com\/de\/#\/schema\/logo\/image\/","url":"https:\/\/distribucionarc.com\/wp-content\/uploads\/2024\/10\/distribucion-ARC-COLOR-SIN-FONDO-e1732295305345.png","contentUrl":"https:\/\/distribucionarc.com\/wp-content\/uploads\/2024\/10\/distribucion-ARC-COLOR-SIN-FONDO-e1732295305345.png","width":1164,"height":558,"caption":"Distribuci\u00f3n ARC"},"image":{"@id":"https:\/\/www.distribucionarc.com\/de\/#\/schema\/logo\/image\/"},"description":"Tvrtka specijalizirana za proizvodnju i distribuciju industrijskih strojeva za prehrambeni i farmaceutski sektor. Specijalizirani smo za: Strojeve za rezanje mesa Proizvodnja tableta Industrijske transportne sustave Linije za punjenje Strojevi za doziranje I jo\u0161 mnogo toga... Nudimo inovativna i prilago\u0111ena rje\u0161enja za optimizaciju proizvodnih procesa Va\u0161e tvrtke.","email":"Admistracion@distribucionarc.com","telephone":"+34 643496664","legalName":"ARC TECH SOLUTIONS","foundingDate":"2024-04-09","vatID":"B55480172","numberOfEmployees":{"@type":"QuantitativeValue","minValue":"1","maxValue":"10"}}]}},"_links":{"self":[{"href":"https:\/\/distribucionarc.com\/hr\/wp-json\/wp\/v2\/product\/2856","targetHints":{"allow":["GET"]}}],"collection":[{"href":"https:\/\/distribucionarc.com\/hr\/wp-json\/wp\/v2\/product"}],"about":[{"href":"https:\/\/distribucionarc.com\/hr\/wp-json\/wp\/v2\/types\/product"}],"replies":[{"embeddable":true,"href":"https:\/\/distribucionarc.com\/hr\/wp-json\/wp\/v2\/comments?post=2856"}],"version-history":[{"count":0,"href":"https:\/\/distribucionarc.com\/hr\/wp-json\/wp\/v2\/product\/2856\/revisions"}],"wp:featuredmedia":[{"embeddable":true,"href":"https:\/\/distribucionarc.com\/hr\/wp-json\/wp\/v2\/media\/2865"}],"wp:attachment":[{"href":"https:\/\/distribucionarc.com\/hr\/wp-json\/wp\/v2\/media?parent=2856"}],"wp:term":[{"taxonomy":"product_brand","embeddable":true,"href":"https:\/\/distribucionarc.com\/hr\/wp-json\/wp\/v2\/product_brand?post=2856"},{"taxonomy":"product_cat","embeddable":true,"href":"https:\/\/distribucionarc.com\/hr\/wp-json\/wp\/v2\/product_cat?post=2856"},{"taxonomy":"product_tag","embeddable":true,"href":"https:\/\/distribucionarc.com\/hr\/wp-json\/wp\/v2\/product_tag?post=2856"}],"curies":[{"name":"radni list","href":"https:\/\/api.w.org\/{rel}","templated":true}]}}