{"id":2933,"date":"2020-08-27T09:04:27","date_gmt":"2020-08-27T09:04:27","guid":{"rendered":"https:\/\/distribucionarc.com\/?post_type=product&#038;p=2933"},"modified":"2020-10-01T11:29:47","modified_gmt":"2020-10-01T11:29:47","slug":"brojac-racuna-detektor-laznih-racuna-1000x-min","status":"publish","type":"product","link":"https:\/\/distribucionarc.com\/hr\/producto\/contador-de-billetes-detector-de-billetes-falsos-1000x-min\/","title":{"rendered":"Broja\u010d nov\u010danica, detektor krivotvorenih nov\u010danica 1000x\/min"},"content":{"rendered":"<h3>Broja\u010d nov\u010danica, detektor krivotvorenih nov\u010danica 1000x\/min<\/h3>\n<p>On\u00a0<strong>razvrstiva\u010d ra\u010duna <span style=\"color: #ff0000;\">DO<\/span><span style=\"color: #0000ff;\">R<\/span>c<\/strong>\u00a0 U\u0161tedjet \u0107ete vrijeme broje\u0107i svaku nov\u010danicu iste vrijednosti prikazivanjem ukupnog broja svake nov\u010danice na digitalnom ekranu. Osim svojih metoda od <strong>provjera krivotvorenih nov\u010danica<\/strong> UV i MG.<\/p>\n<p>On <strong>automatski broja\u010d <span style=\"color: #ff0000;\">DO<\/span><span style=\"color: #0000ff;\">R<\/span>CMCB1M<\/strong> mo\u017ee nabrojati <strong>1000 nov\u010danica u minuti<\/strong>, to vam osigurava brz i u\u010dinkovit stroj. Funkcija paketa: Brojanje se zaustavlja kada se postigne \u017eeljeni broj. Ima izborni drugi vanjski zaslon koji tako\u0111er omogu\u0107uje provjeru od strane klijenta<\/p>\n<h6><b>Jamstvo<\/b><strong>\u00a0<\/strong><span style=\"color: #ff0000;\"><strong>DO<\/strong><\/span><span style=\"color: #0000ff;\"><strong>R<\/strong><\/span><strong>C 2 GODINE<\/strong><\/h6>\n<h6><span style=\"color: #008000;\">Stroj<b> U\u010dinkovito brojanje, niska potro\u0161nja &lt;65W<\/b><\/span><\/h6>\n<h6><b>uklju\u010dena tehni\u010dka podr\u0161ka.<\/b><\/h6>\n<p>&nbsp;<\/p>\n<p>&nbsp;<\/p>\n<table width=\"100%\">\n<tbody>\n<tr>\n<td>Marka:<\/td>\n<td width=\"32%\">LUK<\/td>\n<td>Te\u017eina:<\/td>\n<td width=\"30%\">7 kg<\/td>\n<\/tr>\n<tr>\n<td>Zemlja distribucije:<\/td>\n<td width=\"32%\">\u0160panjolska, Njema\u010dka, SAD<\/td>\n<td>Visina:<\/td>\n<td width=\"30%\">17 cm<\/td>\n<\/tr>\n<tr>\n<td>Boja:<\/td>\n<td width=\"32%\">Bijela<\/td>\n<td>dugo:<\/td>\n<td width=\"30%\">23,5 cm<\/td>\n<\/tr>\n<tr>\n<td>Vrsta proizvoda:<\/td>\n<td width=\"32%\">Broja\u010d ra\u010duna<\/td>\n<td>\u0160iroko:<\/td>\n<td width=\"30%\">26 cm<\/td>\n<\/tr>\n<tr>\n<td>Proizvo\u0111a\u010dki broj:<\/td>\n<td width=\"32%\">ARCMCB1M<\/td>\n<td>Brzina brojanja:<\/td>\n<td width=\"30%\">1000 u minuti<\/td>\n<\/tr>\n<tr>\n<td>\u00a0Jamstvo:<\/td>\n<td width=\"32%\">\u00a02 GODINE<\/td>\n<td>Sustavi provjere:<\/td>\n<td width=\"30%\">UV i MG<\/td>\n<\/tr>\n<tr>\n<td>Vlast:<\/td>\n<td width=\"32%\">&lt;65W<\/td>\n<td>Funkcija:<\/td>\n<td width=\"30%\">\u00a0Mo\u017eete napraviti pakete ra\u010duna prema vrijednosti koju \u017eelite<\/td>\n<\/tr>\n<\/tbody>\n<\/table>\n<h6><\/h6>","protected":false},"excerpt":{"rendered":"<h2>Broja\u010d nov\u010danica, detektor krivotvorenih nov\u010danica 1000x\/min<\/h2>\n<p>On<strong> broja\u010d ra\u010duna <span style=\"color: #ff0000;\">DO<\/span><span style=\"color: #0000ff;\">R<\/span>c<\/strong> Mo\u017ee automatski prebrojati nov\u010danice, osim \u0161to identificira krivotvorene nov\u010danice tako \u0161to \u0107e na digitalnom ekranu ozna\u010diti koja je nov\u010danica. Jednostavnost rada i sigurnost koju ovo nudi <strong>detektor<\/strong> zahvaljuju\u0107i va\u0161em <span style=\"color: #333399;\"><strong>UV zrake<\/strong><\/span> Uvjeravaju vas u brzi stroj koji \u0107e s lako\u0107om prebrojati broj nov\u010danica.<\/p>\n<h6><b>Jamstvo<\/b><strong>\u00a0<\/strong><span style=\"color: #ff0000;\"><strong>DO<\/strong><\/span><span style=\"color: #0000ff;\"><strong>R<\/strong><\/span><strong>C 2 GODINE<\/strong><\/h6>\n<h6><span style=\"color: #008000;\">Stroj<b> U\u010dinkovito brojanje, niska potro\u0161nja &lt;65W<\/b><\/span><\/h6>\n<h6><b>uklju\u010dena tehni\u010dka podr\u0161ka.<\/b><\/h6>","protected":false},"featured_media":2937,"comment_status":"open","ping_status":"closed","template":"","meta":{"wds_primary_product_brand":0,"wds_primary_product_cat":0},"product_brand":[],"product_cat":[69],"product_tag":[],"class_list":{"0":"post-2933","1":"product","2":"type-product","3":"status-publish","4":"has-post-thumbnail","6":"product_cat-maquinas-variadas","7":"product_shipping_class-hosteleria","9":"first","10":"instock","11":"sale","12":"taxable","13":"shipping-taxable","14":"purchasable","15":"product-type-simple"},"yoast_head":"<!-- This site is optimized with the Yoast SEO Premium plugin v24.9 (Yoast SEO v26.1) - https:\/\/yoast.com\/wordpress\/plugins\/seo\/ -->\n<title>Contador de billetes, detector de billetes falsos 1000x\/min - distribuci\u00f3n ARC<\/title>\n<meta name=\"robots\" content=\"index, follow, max-snippet:-1, max-image-preview:large, max-video-preview:-1\" \/>\n<link rel=\"canonical\" href=\"https:\/\/distribucionarc.com\/hr\/proizvod\/brojac-racuna-detektor-laznih-racuna-1000x-min\/\" \/>\n<meta property=\"og:locale\" content=\"hr_HR\" \/>\n<meta property=\"og:type\" content=\"article\" \/>\n<meta property=\"og:title\" content=\"Contador de billetes, detector de billetes falsos 1000x\/min\" \/>\n<meta property=\"og:description\" content=\"Contador de billetes, detector de billetes falsos 1000x\/min El contador de billetes ARC puede contar autom\u00e1ticamente billetes, adem\u00e1s de identificar los billetes falsos indicando cual es en la pantalla digital. La simplicidad de trabajo y seguridad que ofrece este detector gracias a sus rayos UV le aseguran una m\u00e1quina r\u00e1pida que contar\u00e1 f\u00e1cilmente el n\u00famero de billetes. Garant\u00eda\u00a0ARC 2 A\u00d1OS M\u00e1quina de conteo eficiente, bajo consumo &lt;65 W soporte t\u00e9cnico incluido.\" \/>\n<meta property=\"og:url\" content=\"https:\/\/distribucionarc.com\/hr\/proizvod\/brojac-racuna-detektor-laznih-racuna-1000x-min\/\" \/>\n<meta property=\"og:site_name\" content=\"distribuci\u00f3n ARC\" \/>\n<meta property=\"article:modified_time\" content=\"2020-10-01T11:29:47+00:00\" \/>\n<meta property=\"og:image\" content=\"https:\/\/distribucionarc.com\/wp-content\/uploads\/2020\/08\/Contador-de-billetes-detector-de-billetes-falsos-1000xmin-2.jpg\" \/>\n\t<meta property=\"og:image:width\" content=\"1443\" \/>\n\t<meta property=\"og:image:height\" content=\"1011\" \/>\n\t<meta property=\"og:image:type\" content=\"image\/jpeg\" \/>\n<meta name=\"twitter:card\" content=\"summary_large_image\" \/>\n<meta name=\"twitter:label1\" content=\"Procijenjeno vrijeme \u010ditanja\" \/>\n\t<meta name=\"twitter:data1\" content=\"1 minuta\" \/>\n<script type=\"application\/ld+json\" class=\"yoast-schema-graph\">{\"@context\":\"https:\/\/schema.org\",\"@graph\":[{\"@type\":\"WebPage\",\"@id\":\"https:\/\/distribucionarc.com\/sk\/producto\/contador-de-billetes-detector-de-billetes-falsos-1000x-min\/\",\"url\":\"https:\/\/distribucionarc.com\/sk\/producto\/contador-de-billetes-detector-de-billetes-falsos-1000x-min\/\",\"name\":\"Contador de billetes, detector de billetes falsos 1000x\/min - distribuci\u00f3n ARC\",\"isPartOf\":{\"@id\":\"https:\/\/distribucionarc.com\/pl\/#website\"},\"primaryImageOfPage\":{\"@id\":\"https:\/\/distribucionarc.com\/sk\/producto\/contador-de-billetes-detector-de-billetes-falsos-1000x-min\/#primaryimage\"},\"image\":{\"@id\":\"https:\/\/distribucionarc.com\/sk\/producto\/contador-de-billetes-detector-de-billetes-falsos-1000x-min\/#primaryimage\"},\"thumbnailUrl\":\"https:\/\/distribucionarc.com\/wp-content\/uploads\/2020\/08\/Contador-de-billetes-detector-de-billetes-falsos-1000xmin-2.jpg\",\"datePublished\":\"2020-08-27T09:04:27+00:00\",\"dateModified\":\"2020-10-01T11:29:47+00:00\",\"breadcrumb\":{\"@id\":\"https:\/\/distribucionarc.com\/sk\/producto\/contador-de-billetes-detector-de-billetes-falsos-1000x-min\/#breadcrumb\"},\"inLanguage\":\"hr\",\"potentialAction\":[{\"@type\":\"ReadAction\",\"target\":[\"https:\/\/distribucionarc.com\/sk\/producto\/contador-de-billetes-detector-de-billetes-falsos-1000x-min\/\"]}]},{\"@type\":\"ImageObject\",\"inLanguage\":\"hr\",\"@id\":\"https:\/\/distribucionarc.com\/sk\/producto\/contador-de-billetes-detector-de-billetes-falsos-1000x-min\/#primaryimage\",\"url\":\"https:\/\/distribucionarc.com\/wp-content\/uploads\/2020\/08\/Contador-de-billetes-detector-de-billetes-falsos-1000xmin-2.jpg\",\"contentUrl\":\"https:\/\/distribucionarc.com\/wp-content\/uploads\/2020\/08\/Contador-de-billetes-detector-de-billetes-falsos-1000xmin-2.jpg\",\"width\":1443,\"height\":1011,\"caption\":\"Contador de billetes, detector de billetes falsos 1000x\/min\"},{\"@type\":\"BreadcrumbList\",\"@id\":\"https:\/\/distribucionarc.com\/sk\/producto\/contador-de-billetes-detector-de-billetes-falsos-1000x-min\/#breadcrumb\",\"itemListElement\":[{\"@type\":\"ListItem\",\"position\":1,\"name\":\"Portada\",\"item\":\"https:\/\/www.distribucionarc.com\/tr\/\"},{\"@type\":\"ListItem\",\"position\":2,\"name\":\"Izdelki\",\"item\":\"https:\/\/www.distribucionarc.com\/sl\/trgovina\/\"},{\"@type\":\"ListItem\",\"position\":3,\"name\":\"Contador de billetes, detector de billetes falsos 1000x\/min\"}]},{\"@type\":\"WebSite\",\"@id\":\"https:\/\/distribucionarc.com\/pl\/#website\",\"url\":\"https:\/\/distribucionarc.com\/pl\/\",\"name\":\"distribuci\u00f3n ARC\",\"description\":\"Empresa especializada en la fabricaci\u00f3n y distribuci\u00f3n de maquinaria industrial, selladoras de latas, Maquinas de hacer pastillas, Maquinas de cortar carne...\",\"publisher\":{\"@id\":\"https:\/\/distribucionarc.com\/pl\/#organization\"},\"potentialAction\":[{\"@type\":\"SearchAction\",\"target\":{\"@type\":\"EntryPoint\",\"urlTemplate\":\"https:\/\/distribucionarc.com\/pl\/?s={search_term_string}\"},\"query-input\":{\"@type\":\"PropertyValueSpecification\",\"valueRequired\":true,\"valueName\":\"search_term_string\"}}],\"inLanguage\":\"hr\"},{\"@type\":\"Organization\",\"@id\":\"https:\/\/distribucionarc.com\/pl\/#organization\",\"name\":\"Distribuci\u00f3n ARC\",\"url\":\"https:\/\/distribucionarc.com\/pl\/\",\"logo\":{\"@type\":\"ImageObject\",\"inLanguage\":\"hr\",\"@id\":\"https:\/\/distribucionarc.com\/pl\/#\/schema\/logo\/image\/\",\"url\":\"https:\/\/distribucionarc.com\/wp-content\/uploads\/2024\/10\/distribucion-ARC-COLOR-SIN-FONDO-e1732295305345.png\",\"contentUrl\":\"https:\/\/distribucionarc.com\/wp-content\/uploads\/2024\/10\/distribucion-ARC-COLOR-SIN-FONDO-e1732295305345.png\",\"width\":1164,\"height\":558,\"caption\":\"Distribuci\u00f3n ARC\"},\"image\":{\"@id\":\"https:\/\/distribucionarc.com\/pl\/#\/schema\/logo\/image\/\"},\"description\":\"Empresa especializada en la fabricaci\u00f3n y distribuci\u00f3n de maquinaria industrial para los sectores alimentario y farmac\u00e9utico. Nos especializamos en: M\u00e1quinas de cortar carne Fabricaci\u00f3n de comprimidos Sistemas de transporte industrial L\u00edneas de embotellado Dosificadores Y mucho m\u00e1s... Ofrecemos soluciones innovadoras y personalizadas para optimizar los procesos productivos de tu empresa.\",\"email\":\"Admistracion@distribucionarc.com\",\"telephone\":\"+34 643496664\",\"legalName\":\"ARC TECH SOLUTIONS\",\"foundingDate\":\"2024-04-09\",\"vatID\":\"B55480172\",\"numberOfEmployees\":{\"@type\":\"QuantitativeValue\",\"minValue\":\"1\",\"maxValue\":\"10\"}}]}<\/script>\n<!-- \/ Yoast SEO Premium plugin. -->","yoast_head_json":{"title":"Broja\u010d nov\u010danica, detektor krivotvorenih nov\u010danica 1000x\/min - ARC distribucija","robots":{"index":"index","follow":"follow","max-snippet":"max-snippet:-1","max-image-preview":"max-image-preview:large","max-video-preview":"max-video-preview:-1"},"canonical":"https:\/\/distribucionarc.com\/hr\/proizvod\/brojac-racuna-detektor-laznih-racuna-1000x-min\/","og_locale":"hr_HR","og_type":"article","og_title":"Contador de billetes, detector de billetes falsos 1000x\/min","og_description":"Contador de billetes, detector de billetes falsos 1000x\/min El contador de billetes ARC puede contar autom\u00e1ticamente billetes, adem\u00e1s de identificar los billetes falsos indicando cual es en la pantalla digital. La simplicidad de trabajo y seguridad que ofrece este detector gracias a sus rayos UV le aseguran una m\u00e1quina r\u00e1pida que contar\u00e1 f\u00e1cilmente el n\u00famero de billetes. Garant\u00eda\u00a0ARC 2 A\u00d1OS M\u00e1quina de conteo eficiente, bajo consumo &lt;65 W soporte t\u00e9cnico incluido.","og_url":"https:\/\/distribucionarc.com\/hr\/proizvod\/brojac-racuna-detektor-laznih-racuna-1000x-min\/","og_site_name":"distribuci\u00f3n ARC","article_modified_time":"2020-10-01T11:29:47+00:00","og_image":[{"width":1443,"height":1011,"url":"https:\/\/distribucionarc.com\/wp-content\/uploads\/2020\/08\/Contador-de-billetes-detector-de-billetes-falsos-1000xmin-2.jpg","type":"image\/jpeg"}],"twitter_card":"summary_large_image","twitter_misc":{"Procijenjeno vrijeme \u010ditanja":"1 minuta"},"schema":{"@context":"https:\/\/schema.org","@graph":[{"@type":"WebPage","@id":"https:\/\/distribucionarc.com\/sk\/producto\/contador-de-billetes-detector-de-billetes-falsos-1000x-min\/","url":"https:\/\/distribucionarc.com\/sk\/producto\/contador-de-billetes-detector-de-billetes-falsos-1000x-min\/","name":"Broja\u010d nov\u010danica, detektor krivotvorenih nov\u010danica 1000x\/min - ARC distribucija","isPartOf":{"@id":"https:\/\/distribucionarc.com\/pl\/#website"},"primaryImageOfPage":{"@id":"https:\/\/distribucionarc.com\/sk\/producto\/contador-de-billetes-detector-de-billetes-falsos-1000x-min\/#primaryimage"},"image":{"@id":"https:\/\/distribucionarc.com\/sk\/producto\/contador-de-billetes-detector-de-billetes-falsos-1000x-min\/#primaryimage"},"thumbnailUrl":"https:\/\/distribucionarc.com\/wp-content\/uploads\/2020\/08\/Contador-de-billetes-detector-de-billetes-falsos-1000xmin-2.jpg","datePublished":"2020-08-27T09:04:27+00:00","dateModified":"2020-10-01T11:29:47+00:00","breadcrumb":{"@id":"https:\/\/distribucionarc.com\/sk\/producto\/contador-de-billetes-detector-de-billetes-falsos-1000x-min\/#breadcrumb"},"inLanguage":"hr","potentialAction":[{"@type":"ReadAction","target":["https:\/\/distribucionarc.com\/sk\/producto\/contador-de-billetes-detector-de-billetes-falsos-1000x-min\/"]}]},{"@type":"ImageObject","inLanguage":"hr","@id":"https:\/\/distribucionarc.com\/sk\/producto\/contador-de-billetes-detector-de-billetes-falsos-1000x-min\/#primaryimage","url":"https:\/\/distribucionarc.com\/wp-content\/uploads\/2020\/08\/Contador-de-billetes-detector-de-billetes-falsos-1000xmin-2.jpg","contentUrl":"https:\/\/distribucionarc.com\/wp-content\/uploads\/2020\/08\/Contador-de-billetes-detector-de-billetes-falsos-1000xmin-2.jpg","width":1443,"height":1011,"caption":"Contador de billetes, detector de billetes falsos 1000x\/min"},{"@type":"BreadcrumbList","@id":"https:\/\/distribucionarc.com\/sk\/producto\/contador-de-billetes-detector-de-billetes-falsos-1000x-min\/#breadcrumb","itemListElement":[{"@type":"ListItem","position":1,"name":"Portada","item":"https:\/\/www.distribucionarc.com\/tr\/"},{"@type":"ListItem","position":2,"name":"Izdelki","item":"https:\/\/www.distribucionarc.com\/sl\/trgovina\/"},{"@type":"ListItem","position":3,"name":"Contador de billetes, detector de billetes falsos 1000x\/min"}]},{"@type":"WebSite","@id":"https:\/\/distribucionarc.com\/pl\/#website","url":"https:\/\/distribucionarc.com\/pl\/","name":"ARC distribucija","description":"Tvrtka specijalizirana za proizvodnju i distribuciju industrijskih strojeva, strojeva za zatvaranje limenki, strojeva za izradu pilula, strojeva za rezanje mesa itd.","publisher":{"@id":"https:\/\/distribucionarc.com\/pl\/#organization"},"potentialAction":[{"@type":"SearchAction","target":{"@type":"EntryPoint","urlTemplate":"https:\/\/distribucionarc.com\/pl\/?s={search_term_string}"},"query-input":{"@type":"PropertyValueSpecification","valueRequired":true,"valueName":"search_term_string"}}],"inLanguage":"hr"},{"@type":"Organization","@id":"https:\/\/distribucionarc.com\/pl\/#organization","name":"ARC distribucija","url":"https:\/\/distribucionarc.com\/pl\/","logo":{"@type":"ImageObject","inLanguage":"hr","@id":"https:\/\/distribucionarc.com\/pl\/#\/schema\/logo\/image\/","url":"https:\/\/distribucionarc.com\/wp-content\/uploads\/2024\/10\/distribucion-ARC-COLOR-SIN-FONDO-e1732295305345.png","contentUrl":"https:\/\/distribucionarc.com\/wp-content\/uploads\/2024\/10\/distribucion-ARC-COLOR-SIN-FONDO-e1732295305345.png","width":1164,"height":558,"caption":"Distribuci\u00f3n ARC"},"image":{"@id":"https:\/\/distribucionarc.com\/pl\/#\/schema\/logo\/image\/"},"description":"Tvrtka specijalizirana za proizvodnju i distribuciju industrijskih strojeva za prehrambeni i farmaceutski sektor. Specijalizirani smo za: Strojeve za rezanje mesa Proizvodnja tableta Industrijske transportne sustave Linije za punjenje Strojevi za doziranje I jo\u0161 mnogo toga... Nudimo inovativna i prilago\u0111ena rje\u0161enja za optimizaciju proizvodnih procesa Va\u0161e tvrtke.","email":"Admistracion@distribucionarc.com","telephone":"+34 643496664","legalName":"ARC TECH SOLUTIONS","foundingDate":"2024-04-09","vatID":"B55480172","numberOfEmployees":{"@type":"QuantitativeValue","minValue":"1","maxValue":"10"}}]}},"_links":{"self":[{"href":"https:\/\/distribucionarc.com\/hr\/wp-json\/wp\/v2\/product\/2933","targetHints":{"allow":["GET"]}}],"collection":[{"href":"https:\/\/distribucionarc.com\/hr\/wp-json\/wp\/v2\/product"}],"about":[{"href":"https:\/\/distribucionarc.com\/hr\/wp-json\/wp\/v2\/types\/product"}],"replies":[{"embeddable":true,"href":"https:\/\/distribucionarc.com\/hr\/wp-json\/wp\/v2\/comments?post=2933"}],"version-history":[{"count":0,"href":"https:\/\/distribucionarc.com\/hr\/wp-json\/wp\/v2\/product\/2933\/revisions"}],"wp:featuredmedia":[{"embeddable":true,"href":"https:\/\/distribucionarc.com\/hr\/wp-json\/wp\/v2\/media\/2937"}],"wp:attachment":[{"href":"https:\/\/distribucionarc.com\/hr\/wp-json\/wp\/v2\/media?parent=2933"}],"wp:term":[{"taxonomy":"product_brand","embeddable":true,"href":"https:\/\/distribucionarc.com\/hr\/wp-json\/wp\/v2\/product_brand?post=2933"},{"taxonomy":"product_cat","embeddable":true,"href":"https:\/\/distribucionarc.com\/hr\/wp-json\/wp\/v2\/product_cat?post=2933"},{"taxonomy":"product_tag","embeddable":true,"href":"https:\/\/distribucionarc.com\/hr\/wp-json\/wp\/v2\/product_tag?post=2933"}],"curies":[{"name":"radni list","href":"https:\/\/api.w.org\/{rel}","templated":true}]}}