{"id":2973,"date":"2020-08-27T13:53:19","date_gmt":"2020-08-27T13:53:19","guid":{"rendered":"https:\/\/distribucionarc.com\/?post_type=product&#038;p=2973"},"modified":"2020-10-01T11:38:37","modified_gmt":"2020-10-01T11:38:37","slug":"rucno-presanje-za-izradu-hamburgera","status":"publish","type":"product","link":"https:\/\/distribucionarc.com\/hr\/producto\/prensa-manual-para-fabricar-hamburguesas\/","title":{"rendered":"Ru\u010dna pre\u0161a za izradu hamburgera od 10 cm"},"content":{"rendered":"<h2>Ru\u010dna pre\u0161a za izradu hamburgera od 10 cm<\/h2>\n<p>Ovaj <strong>pre\u0161a za pljeskavice <span style=\"color: #ff0000;\">DO<\/span><span style=\"color: #0000ff;\">R<\/span>CPHM3<\/strong> Izra\u0111en je od vrhunskog lijevanog aluminija i nehr\u0111aju\u0107eg \u010delika 304, koji je \u010dvrst i otporan na hr\u0111u. Posuda je izra\u0111ena od nehr\u0111aju\u0107eg \u010delika 304, promjera 100 mm, sigurnog za hranu. Te\u0161ko se deformira i hr\u0111a.<\/p>\n<p>Debljina pljeskavice se mo\u017ee pode\u0161avati ovisno o koli\u010dini mesa u kojoj se nalazi. Maksimalna debljina je 25 mm. Ispod svakog kuta nalazi se jastu\u010di\u0107 koji sprje\u010dava klizanje. Gumeni materijal smanjuje vibracije zbog svoje elasti\u010dnosti za stabilnost tijekom rada.<\/p>\n<p>Uklju\u010deno je 1000 listova papira koji upija ulje. Mogu se pohraniti u nosa\u010d koji se nalazi na vrhu stroja. Ovi listovi sprje\u010davaju dodirivanje hrane i odr\u017eavaju svaki hamburger svje\u017eim i so\u010dnim.<\/p>\n<h6><\/h6>\n<h6><strong>Jamstvo\u00a0<\/strong><span style=\"color: #ff0000;\"><strong>DO<\/strong><\/span><span style=\"color: #0000ff;\"><strong>R<\/strong><\/span><strong>C 2 GODINE<\/strong><\/h6>\n<h6><strong>uklju\u010dena tehni\u010dka podr\u0161ka<\/strong><\/h6>\n<p>&nbsp;<\/p>\n<table width=\"100%\">\n<tbody>\n<tr>\n<td>Tip:<\/td>\n<td width=\"50%\">Priru\u010dnik<\/td>\n<td colspan=\"2\" width=\"327\"><\/td>\n<\/tr>\n<tr>\n<td>Zemlja distribucije:<\/td>\n<td width=\"50%\">\u0160panjolska, Njema\u010dka, SAD<\/td>\n<td>Te\u017eina:<\/td>\n<td width=\"50%\">6 kg<\/td>\n<\/tr>\n<tr>\n<td>Marka:<\/td>\n<td width=\"50%\">LUK<\/td>\n<td>Visina:<\/td>\n<td width=\"50%\">27,9 cm<\/td>\n<\/tr>\n<tr>\n<td>Boja:<\/td>\n<td width=\"50%\">Srebro<\/td>\n<td>dugo:<\/td>\n<td width=\"50%\">24,1 cm<\/td>\n<\/tr>\n<tr>\n<td>Vrsta proizvoda:<\/td>\n<td width=\"50%\">aparat za pljeskavice<\/td>\n<td>\u0160iroko:<\/td>\n<td width=\"50%\">16,5 cm<\/td>\n<\/tr>\n<tr>\n<td>Proizvo\u0111a\u010dki broj:<\/td>\n<td width=\"50%\">ARCPHM3<\/td>\n<td>Vrsta pre\u0161anja:<\/td>\n<td width=\"50%\">ruku<\/td>\n<\/tr>\n<tr>\n<td>Materijal:<\/td>\n<td width=\"50%\">\u00a0nehr\u0111aju\u0107i \u010delik za hranu<\/td>\n<td>Veli\u010dina kalupa:<\/td>\n<td width=\"50%\">10 cm<\/td>\n<\/tr>\n<tr>\n<td>Jamstvo:<\/td>\n<td width=\"50%\">2 GODINE<\/td>\n<td>Debljina hamburgera:<\/td>\n<td width=\"50%\">2,5 cm<\/td>\n<\/tr>\n<tr>\n<td>Alati za instalaciju:<\/td>\n<td width=\"50%\">Da<\/td>\n<td>Oprema:<\/td>\n<td width=\"50%\">1000 listova upijaju\u0107eg papira<\/td>\n<\/tr>\n<\/tbody>\n<\/table>","protected":false},"excerpt":{"rendered":"<h2>Ru\u010dna pre\u0161a za izradu hamburgera od 10 cm<\/h2>\n<p>Ovaj <strong>pre\u0161a za pljeskavice<span style=\"color: #ff0000;\"> DO<\/span><span style=\"color: #0000ff;\">R<\/span>c<\/strong> \u010cvrsta struktura izra\u0111ena je od lijevanog aluminija i nehr\u0111aju\u0107eg \u010delika kvalitete 304 za hranu. Burger peka\u010d dolazi s plehom promjera 10 cm, dr\u017ea\u010dem za papir i ergonomskom ru\u010dkom. Mo\u017ee brzo pretvoriti mljeveno meso u savr\u0161en okrugli burger bez napora spu\u0161tanjem poluge. Aparat za pljeskavice je prikladan za komercijalnu upotrebu.<\/p>\n<h6><strong>Jamstvo\u00a0<\/strong><span style=\"color: #ff0000;\"><strong>DO<\/strong><\/span><span style=\"color: #0000ff;\"><strong>R<\/strong><\/span><strong>C 2 GODINE<\/strong><\/h6>\n<h6><strong>uklju\u010dena tehni\u010dka podr\u0161ka<\/strong><\/h6>","protected":false},"featured_media":2974,"comment_status":"open","ping_status":"closed","template":"","meta":{"wds_primary_product_brand":0,"wds_primary_product_cat":0},"product_brand":[],"product_cat":[50],"product_tag":[],"class_list":{"0":"post-2973","1":"product","2":"type-product","3":"status-publish","4":"has-post-thumbnail","6":"product_cat-elaboradoras-de-croquetas-y-albondigas","7":"product_shipping_class-hosteleria","9":"first","10":"instock","11":"sale","12":"taxable","13":"shipping-taxable","14":"purchasable","15":"product-type-simple"},"yoast_head":"<!-- This site is optimized with the Yoast SEO Premium plugin v24.9 (Yoast SEO v26.1) - https:\/\/yoast.com\/wordpress\/plugins\/seo\/ -->\n<title>Prensa manual para fabricar hamburguesas\u00a010cm - distribuci\u00f3n ARC<\/title>\n<meta name=\"robots\" content=\"index, follow, max-snippet:-1, max-image-preview:large, max-video-preview:-1\" \/>\n<link rel=\"canonical\" href=\"https:\/\/www.distribucionarc.com\/bg\/producto\/prensa-manual-para-fabricar-hamburguesas\/\" \/>\n<meta property=\"og:locale\" content=\"hr_HR\" \/>\n<meta property=\"og:type\" content=\"article\" \/>\n<meta property=\"og:title\" content=\"Prensa manual para fabricar hamburguesas\u00a010cm\" \/>\n<meta property=\"og:description\" content=\"Prensa manual para fabricar hamburguesas 10cm Esta prensa para hamburguesas ARC de estructura resistente est\u00e1 hecha de aluminio fundido y acero inoxidable 304 de calidad alimentaria. La m\u00e1quina para hacer hamburguesas viene con una bandeja de 10cm de di\u00e1metro, un soporte para papel y un mango ergon\u00f3mico. Capaz de convertir r\u00e1pidamente la carne picada en una hamburguesa redonda perfecta bajando la palanca sin esfuerzo. La m\u00e1quina de hamburguesas es adecuada para uso comercial. Garant\u00eda\u00a0ARC 2 A\u00d1OS soporte t\u00e9cnico\u00a0incluido\" \/>\n<meta property=\"og:url\" content=\"https:\/\/www.distribucionarc.com\/bg\/producto\/prensa-manual-para-fabricar-hamburguesas\/\" \/>\n<meta property=\"og:site_name\" content=\"distribuci\u00f3n ARC\" \/>\n<meta property=\"article:modified_time\" content=\"2020-10-01T11:38:37+00:00\" \/>\n<meta property=\"og:image\" content=\"https:\/\/www.distribucionarc.com\/wp-content\/uploads\/2020\/08\/Prensa-manual-para-fabricar-hamburguesas-10cm-0.jpg\" \/>\n\t<meta property=\"og:image:width\" content=\"1600\" \/>\n\t<meta property=\"og:image:height\" content=\"1600\" \/>\n\t<meta property=\"og:image:type\" content=\"image\/jpeg\" \/>\n<meta name=\"twitter:card\" content=\"summary_large_image\" \/>\n<meta name=\"twitter:label1\" content=\"Procijenjeno vrijeme \u010ditanja\" \/>\n\t<meta name=\"twitter:data1\" content=\"1 minuta\" \/>\n<script type=\"application\/ld+json\" class=\"yoast-schema-graph\">{\"@context\":\"https:\/\/schema.org\",\"@graph\":[{\"@type\":\"WebPage\",\"@id\":\"https:\/\/www.distribucionarc.com\/bg\/producto\/prensa-manual-para-fabricar-hamburguesas\/\",\"url\":\"https:\/\/www.distribucionarc.com\/bg\/producto\/prensa-manual-para-fabricar-hamburguesas\/\",\"name\":\"Prensa manual para fabricar hamburguesas\u00a010cm - distribuci\u00f3n ARC\",\"isPartOf\":{\"@id\":\"https:\/\/distribucionarc.com\/de\/#website\"},\"primaryImageOfPage\":{\"@id\":\"https:\/\/www.distribucionarc.com\/bg\/producto\/prensa-manual-para-fabricar-hamburguesas\/#primaryimage\"},\"image\":{\"@id\":\"https:\/\/www.distribucionarc.com\/bg\/producto\/prensa-manual-para-fabricar-hamburguesas\/#primaryimage\"},\"thumbnailUrl\":\"https:\/\/distribucionarc.com\/wp-content\/uploads\/2020\/08\/Prensa-manual-para-fabricar-hamburguesas-10cm-0.jpg\",\"datePublished\":\"2020-08-27T13:53:19+00:00\",\"dateModified\":\"2020-10-01T11:38:37+00:00\",\"breadcrumb\":{\"@id\":\"https:\/\/www.distribucionarc.com\/bg\/producto\/prensa-manual-para-fabricar-hamburguesas\/#breadcrumb\"},\"inLanguage\":\"hr\",\"potentialAction\":[{\"@type\":\"ReadAction\",\"target\":[\"https:\/\/www.distribucionarc.com\/bg\/producto\/prensa-manual-para-fabricar-hamburguesas\/\"]}]},{\"@type\":\"ImageObject\",\"inLanguage\":\"hr\",\"@id\":\"https:\/\/www.distribucionarc.com\/bg\/producto\/prensa-manual-para-fabricar-hamburguesas\/#primaryimage\",\"url\":\"https:\/\/distribucionarc.com\/wp-content\/uploads\/2020\/08\/Prensa-manual-para-fabricar-hamburguesas-10cm-0.jpg\",\"contentUrl\":\"https:\/\/distribucionarc.com\/wp-content\/uploads\/2020\/08\/Prensa-manual-para-fabricar-hamburguesas-10cm-0.jpg\",\"width\":1600,\"height\":1600,\"caption\":\"Prensa manual para fabricar hamburguesas\u00a0\"},{\"@type\":\"BreadcrumbList\",\"@id\":\"https:\/\/www.distribucionarc.com\/bg\/producto\/prensa-manual-para-fabricar-hamburguesas\/#breadcrumb\",\"itemListElement\":[{\"@type\":\"ListItem\",\"position\":1,\"name\":\"Portada\",\"item\":\"https:\/\/distribucionarc.com\/pl\/\"},{\"@type\":\"ListItem\",\"position\":2,\"name\":\"Produkty\",\"item\":\"https:\/\/distribucionarc.com\/pl\/shop\/\"},{\"@type\":\"ListItem\",\"position\":3,\"name\":\"Prensa manual para fabricar hamburguesas\u00a010cm\"}]},{\"@type\":\"WebSite\",\"@id\":\"https:\/\/distribucionarc.com\/de\/#website\",\"url\":\"https:\/\/distribucionarc.com\/de\/\",\"name\":\"distribuci\u00f3n ARC\",\"description\":\"Empresa especializada en la fabricaci\u00f3n y distribuci\u00f3n de maquinaria industrial, selladoras de latas, Maquinas de hacer pastillas, Maquinas de cortar carne...\",\"publisher\":{\"@id\":\"https:\/\/distribucionarc.com\/de\/#organization\"},\"potentialAction\":[{\"@type\":\"SearchAction\",\"target\":{\"@type\":\"EntryPoint\",\"urlTemplate\":\"https:\/\/distribucionarc.com\/de\/?s={search_term_string}\"},\"query-input\":{\"@type\":\"PropertyValueSpecification\",\"valueRequired\":true,\"valueName\":\"search_term_string\"}}],\"inLanguage\":\"hr\"},{\"@type\":\"Organization\",\"@id\":\"https:\/\/distribucionarc.com\/de\/#organization\",\"name\":\"Distribuci\u00f3n ARC\",\"url\":\"https:\/\/distribucionarc.com\/de\/\",\"logo\":{\"@type\":\"ImageObject\",\"inLanguage\":\"hr\",\"@id\":\"https:\/\/distribucionarc.com\/de\/#\/schema\/logo\/image\/\",\"url\":\"https:\/\/distribucionarc.com\/wp-content\/uploads\/2024\/10\/distribucion-ARC-COLOR-SIN-FONDO-e1732295305345.png\",\"contentUrl\":\"https:\/\/distribucionarc.com\/wp-content\/uploads\/2024\/10\/distribucion-ARC-COLOR-SIN-FONDO-e1732295305345.png\",\"width\":1164,\"height\":558,\"caption\":\"Distribuci\u00f3n ARC\"},\"image\":{\"@id\":\"https:\/\/distribucionarc.com\/de\/#\/schema\/logo\/image\/\"},\"description\":\"Empresa especializada en la fabricaci\u00f3n y distribuci\u00f3n de maquinaria industrial para los sectores alimentario y farmac\u00e9utico. Nos especializamos en: M\u00e1quinas de cortar carne Fabricaci\u00f3n de comprimidos Sistemas de transporte industrial L\u00edneas de embotellado Dosificadores Y mucho m\u00e1s... Ofrecemos soluciones innovadoras y personalizadas para optimizar los procesos productivos de tu empresa.\",\"email\":\"Admistracion@distribucionarc.com\",\"telephone\":\"+34 643496664\",\"legalName\":\"ARC TECH SOLUTIONS\",\"foundingDate\":\"2024-04-09\",\"vatID\":\"B55480172\",\"numberOfEmployees\":{\"@type\":\"QuantitativeValue\",\"minValue\":\"1\",\"maxValue\":\"10\"}}]}<\/script>\n<!-- \/ Yoast SEO Premium plugin. -->","yoast_head_json":{"title":"Ru\u010dna pre\u0161a za izradu hamburgera od 10 cm - ARC distribucija","robots":{"index":"index","follow":"follow","max-snippet":"max-snippet:-1","max-image-preview":"max-image-preview:large","max-video-preview":"max-video-preview:-1"},"canonical":"https:\/\/www.distribucionarc.com\/bg\/producto\/prensa-manual-para-fabricar-hamburguesas\/","og_locale":"hr_HR","og_type":"article","og_title":"Prensa manual para fabricar hamburguesas\u00a010cm","og_description":"Prensa manual para fabricar hamburguesas 10cm Esta prensa para hamburguesas ARC de estructura resistente est\u00e1 hecha de aluminio fundido y acero inoxidable 304 de calidad alimentaria. La m\u00e1quina para hacer hamburguesas viene con una bandeja de 10cm de di\u00e1metro, un soporte para papel y un mango ergon\u00f3mico. Capaz de convertir r\u00e1pidamente la carne picada en una hamburguesa redonda perfecta bajando la palanca sin esfuerzo. La m\u00e1quina de hamburguesas es adecuada para uso comercial. Garant\u00eda\u00a0ARC 2 A\u00d1OS soporte t\u00e9cnico\u00a0incluido","og_url":"https:\/\/www.distribucionarc.com\/bg\/producto\/prensa-manual-para-fabricar-hamburguesas\/","og_site_name":"distribuci\u00f3n ARC","article_modified_time":"2020-10-01T11:38:37+00:00","og_image":[{"width":1600,"height":1600,"url":"https:\/\/www.distribucionarc.com\/wp-content\/uploads\/2020\/08\/Prensa-manual-para-fabricar-hamburguesas-10cm-0.jpg","type":"image\/jpeg"}],"twitter_card":"summary_large_image","twitter_misc":{"Procijenjeno vrijeme \u010ditanja":"1 minuta"},"schema":{"@context":"https:\/\/schema.org","@graph":[{"@type":"WebPage","@id":"https:\/\/www.distribucionarc.com\/bg\/producto\/prensa-manual-para-fabricar-hamburguesas\/","url":"https:\/\/www.distribucionarc.com\/bg\/producto\/prensa-manual-para-fabricar-hamburguesas\/","name":"Ru\u010dna pre\u0161a za izradu hamburgera od 10 cm - ARC distribucija","isPartOf":{"@id":"https:\/\/distribucionarc.com\/de\/#website"},"primaryImageOfPage":{"@id":"https:\/\/www.distribucionarc.com\/bg\/producto\/prensa-manual-para-fabricar-hamburguesas\/#primaryimage"},"image":{"@id":"https:\/\/www.distribucionarc.com\/bg\/producto\/prensa-manual-para-fabricar-hamburguesas\/#primaryimage"},"thumbnailUrl":"https:\/\/distribucionarc.com\/wp-content\/uploads\/2020\/08\/Prensa-manual-para-fabricar-hamburguesas-10cm-0.jpg","datePublished":"2020-08-27T13:53:19+00:00","dateModified":"2020-10-01T11:38:37+00:00","breadcrumb":{"@id":"https:\/\/www.distribucionarc.com\/bg\/producto\/prensa-manual-para-fabricar-hamburguesas\/#breadcrumb"},"inLanguage":"hr","potentialAction":[{"@type":"ReadAction","target":["https:\/\/www.distribucionarc.com\/bg\/producto\/prensa-manual-para-fabricar-hamburguesas\/"]}]},{"@type":"ImageObject","inLanguage":"hr","@id":"https:\/\/www.distribucionarc.com\/bg\/producto\/prensa-manual-para-fabricar-hamburguesas\/#primaryimage","url":"https:\/\/distribucionarc.com\/wp-content\/uploads\/2020\/08\/Prensa-manual-para-fabricar-hamburguesas-10cm-0.jpg","contentUrl":"https:\/\/distribucionarc.com\/wp-content\/uploads\/2020\/08\/Prensa-manual-para-fabricar-hamburguesas-10cm-0.jpg","width":1600,"height":1600,"caption":"Prensa manual para fabricar hamburguesas\u00a0"},{"@type":"BreadcrumbList","@id":"https:\/\/www.distribucionarc.com\/bg\/producto\/prensa-manual-para-fabricar-hamburguesas\/#breadcrumb","itemListElement":[{"@type":"ListItem","position":1,"name":"Portada","item":"https:\/\/distribucionarc.com\/pl\/"},{"@type":"ListItem","position":2,"name":"Produkty","item":"https:\/\/distribucionarc.com\/pl\/shop\/"},{"@type":"ListItem","position":3,"name":"Prensa manual para fabricar hamburguesas\u00a010cm"}]},{"@type":"WebSite","@id":"https:\/\/distribucionarc.com\/de\/#website","url":"https:\/\/distribucionarc.com\/de\/","name":"ARC distribucija","description":"Tvrtka specijalizirana za proizvodnju i distribuciju industrijskih strojeva, strojeva za zatvaranje limenki, strojeva za izradu pilula, strojeva za rezanje mesa itd.","publisher":{"@id":"https:\/\/distribucionarc.com\/de\/#organization"},"potentialAction":[{"@type":"SearchAction","target":{"@type":"EntryPoint","urlTemplate":"https:\/\/distribucionarc.com\/de\/?s={search_term_string}"},"query-input":{"@type":"PropertyValueSpecification","valueRequired":true,"valueName":"search_term_string"}}],"inLanguage":"hr"},{"@type":"Organization","@id":"https:\/\/distribucionarc.com\/de\/#organization","name":"ARC distribucija","url":"https:\/\/distribucionarc.com\/de\/","logo":{"@type":"ImageObject","inLanguage":"hr","@id":"https:\/\/distribucionarc.com\/de\/#\/schema\/logo\/image\/","url":"https:\/\/distribucionarc.com\/wp-content\/uploads\/2024\/10\/distribucion-ARC-COLOR-SIN-FONDO-e1732295305345.png","contentUrl":"https:\/\/distribucionarc.com\/wp-content\/uploads\/2024\/10\/distribucion-ARC-COLOR-SIN-FONDO-e1732295305345.png","width":1164,"height":558,"caption":"Distribuci\u00f3n ARC"},"image":{"@id":"https:\/\/distribucionarc.com\/de\/#\/schema\/logo\/image\/"},"description":"Tvrtka specijalizirana za proizvodnju i distribuciju industrijskih strojeva za prehrambeni i farmaceutski sektor. Specijalizirani smo za: Strojeve za rezanje mesa Proizvodnja tableta Industrijske transportne sustave Linije za punjenje Strojevi za doziranje I jo\u0161 mnogo toga... Nudimo inovativna i prilago\u0111ena rje\u0161enja za optimizaciju proizvodnih procesa Va\u0161e tvrtke.","email":"Admistracion@distribucionarc.com","telephone":"+34 643496664","legalName":"ARC TECH SOLUTIONS","foundingDate":"2024-04-09","vatID":"B55480172","numberOfEmployees":{"@type":"QuantitativeValue","minValue":"1","maxValue":"10"}}]}},"_links":{"self":[{"href":"https:\/\/distribucionarc.com\/hr\/wp-json\/wp\/v2\/product\/2973","targetHints":{"allow":["GET"]}}],"collection":[{"href":"https:\/\/distribucionarc.com\/hr\/wp-json\/wp\/v2\/product"}],"about":[{"href":"https:\/\/distribucionarc.com\/hr\/wp-json\/wp\/v2\/types\/product"}],"replies":[{"embeddable":true,"href":"https:\/\/distribucionarc.com\/hr\/wp-json\/wp\/v2\/comments?post=2973"}],"version-history":[{"count":0,"href":"https:\/\/distribucionarc.com\/hr\/wp-json\/wp\/v2\/product\/2973\/revisions"}],"wp:featuredmedia":[{"embeddable":true,"href":"https:\/\/distribucionarc.com\/hr\/wp-json\/wp\/v2\/media\/2974"}],"wp:attachment":[{"href":"https:\/\/distribucionarc.com\/hr\/wp-json\/wp\/v2\/media?parent=2973"}],"wp:term":[{"taxonomy":"product_brand","embeddable":true,"href":"https:\/\/distribucionarc.com\/hr\/wp-json\/wp\/v2\/product_brand?post=2973"},{"taxonomy":"product_cat","embeddable":true,"href":"https:\/\/distribucionarc.com\/hr\/wp-json\/wp\/v2\/product_cat?post=2973"},{"taxonomy":"product_tag","embeddable":true,"href":"https:\/\/distribucionarc.com\/hr\/wp-json\/wp\/v2\/product_tag?post=2973"}],"curies":[{"name":"radni list","href":"https:\/\/api.w.org\/{rel}","templated":true}]}}