{"id":3120,"date":"2020-09-23T14:17:23","date_gmt":"2020-09-23T14:17:23","guid":{"rendered":"https:\/\/distribucionarc.com\/?post_type=product&#038;p=3120"},"modified":"2024-08-17T11:39:49","modified_gmt":"2024-08-17T11:39:49","slug":"stroj-za-punjenje-kapsula-pilula-tableta-400-rupa","status":"publish","type":"product","link":"https:\/\/distribucionarc.com\/hr\/producto\/maquina-llenadora-para-capsulas-pildoras-pastillas-400-agujeros\/","title":{"rendered":"Punilica za kapsule, pilule, tablete 400 rupa"},"content":{"rendered":"<h3>Punilica za kapsule, pilule, tablete 400 rupa<\/h3>\n<p>Jednostavnost doziranja i umjerena snaga \u010dine ovo <strong>punilo <span style=\"color: #ff0000;\">DO<\/span><span style=\"color: #0000ff;\">R<\/span>c<\/strong> biti idealan za:<strong> Operacije enkapsulacije<\/strong> velika raznolikost i mali volumen.<\/p>\n<p>S ovim <strong>inkapsulator <span style=\"color: #ff0000;\">DO<\/span><span style=\"color: #0000ff;\">R<\/span>CLLC400<\/strong>, prahove je lako pretvoriti u kapsule koje je lako progutati. Napunite svoje kapsule biljem u prahu, dodacima prehrani, vitaminima, uljima ili vlastitim prilago\u0111enim formulama.<\/p>\n<p>Ovaj <strong>dozator tableta<\/strong> Izra\u0111en je od GMP tvrdog silikona koji je u skladu sa sigurnosnim i higijenskim propisima. Ima 400 rupa za kapsuliranje za izradu serija<strong> 400 tableta<\/strong> u roku od nekoliko minuta, ovisno o vje\u0161tini operatera.<\/p>\n<div style=\"width: 640px;\" class=\"wp-video\"><video class=\"wp-video-shortcode\" id=\"video-3120-1\" width=\"640\" height=\"352\" preload=\"metadata\" controls=\"controls\"><source type=\"video\/mp4\" src=\"https:\/\/distribucionarc.com\/wp-content\/uploads\/2020\/09\/Encapsuladora-de-pastillas-manual.mp4?_=1\" \/><a href=\"https:\/\/distribucionarc.com\/wp-content\/uploads\/2020\/09\/Encapsuladora-de-pastillas-manual.mp4\">https:\/\/distribucionarc.com\/wp-content\/uploads\/2020\/09\/Encapsuladora-de-pastillas-manual.mp4<\/a><\/video><\/div>\n<h6><strong>Jamstvo\u00a0<\/strong><span style=\"color: #0000ff;\"><span style=\"color: #ff0000;\"><strong>DO<\/strong><\/span><strong>R<\/strong><\/span><strong>C 2 GODINE<\/strong><\/h6>\n<h6><strong>uklju\u010dena tehni\u010dka podr\u0161ka<\/strong><\/h6>\n<p>&nbsp;<\/p>\n<table width=\"100%\">\n<tbody>\n<tr>\n<td>Tip:<\/td>\n<td width=\"50%\">Priru\u010dnik<\/td>\n<td colspan=\"2\" width=\"327\"><\/td>\n<\/tr>\n<tr>\n<td>Zemlja distribucije:<\/td>\n<td width=\"50%\">\u0160panjolska, Njema\u010dka, SAD<\/td>\n<td>Te\u017eina:<\/td>\n<td width=\"50%\">4,5 kg<\/td>\n<\/tr>\n<tr>\n<td>Marka:<\/td>\n<td width=\"50%\">LUK<\/td>\n<td>Visina:<\/td>\n<td width=\"50%\">16 cm<\/td>\n<\/tr>\n<tr>\n<td>Boja:<\/td>\n<td width=\"50%\">Srebro<\/td>\n<td>dugo:<\/td>\n<td width=\"50%\">45 cm<\/td>\n<\/tr>\n<tr>\n<td>Vrsta proizvoda:<\/td>\n<td width=\"50%\">aparat za pljeskavice<\/td>\n<td>\u0160iroko:<\/td>\n<td width=\"50%\">31 cm<\/td>\n<\/tr>\n<tr>\n<td>Proizvo\u0111a\u010dki broj:<\/td>\n<td width=\"50%\">ARCLLC400<\/td>\n<td>Proizvodnja:<\/td>\n<td width=\"50%\">400 komada<\/td>\n<\/tr>\n<tr>\n<td>Materijal:<\/td>\n<td width=\"50%\">GMP tvrdi silikon<\/td>\n<td>Proizvodni pristup:<\/td>\n<td width=\"50%\">3000 \u2013 4000 komada na sat ovisno o sposobnosti zaposlenika<\/td>\n<\/tr>\n<tr>\n<td>Jamstvo:<\/td>\n<td width=\"50%\">2 godine<\/td>\n<td>Kvalificirana stopa:<\/td>\n<td width=\"50%\">&gt;99%<\/td>\n<\/tr>\n<tr>\n<td>Alati za instalaciju:<\/td>\n<td width=\"50%\">Da<\/td>\n<td>Preciznost:<\/td>\n<td width=\"50%\">R 0,05 mm<\/td>\n<\/tr>\n<\/tbody>\n<\/table>","protected":false},"excerpt":{"rendered":"<h2>Punilica za kapsule, pilule, tablete 400 rupa<\/h2>\n<p>Ovaj <strong>dozator za kapsule<\/strong> Izra\u0111en je od GMP tvrdog silikona i ima 400 rupa. To je <strong>punilo<\/strong> najkori\u0161teniji u svojoj vrsti <strong>farmaceutska industrija<\/strong>. Brz i u\u010dinkovit proces zajam\u010den je mnogim pobolj\u0161anjima napravljenim tijekom godina u njegovoj \u0161irokoj i raznolikoj primjeni u industriji. S ovim strojem za kapsule prahove je lako pretvoriti u kapsule koje je lako progutati. Napunite svoje kapsule biljem u prahu, dodacima prehrani, vitaminima, uljima ili vlastitim prilago\u0111enim formulama<\/p>\n<h6><strong>Jamstvo\u00a0<\/strong><span style=\"color: #0000ff;\"><span style=\"color: #ff0000;\"><strong>DO<\/strong><\/span><strong>R<\/strong><\/span><strong>C 2 GODINE<\/strong><\/h6>\n<h6><strong>uklju\u010dena tehni\u010dka podr\u0161ka<\/strong><\/h6>","protected":false},"featured_media":3121,"comment_status":"open","ping_status":"closed","template":"","meta":{"wds_primary_product_brand":0,"wds_primary_product_cat":0},"product_brand":[],"product_cat":[29,84],"product_tag":[],"class_list":{"0":"post-3120","1":"product","2":"type-product","3":"status-publish","4":"has-post-thumbnail","6":"product_cat-maquinas-industria-quimica","7":"product_cat-maquinas-para-hacer-pastillas","8":"product_shipping_class-hosteleria","10":"first","11":"instock","12":"taxable","13":"shipping-taxable","14":"purchasable","15":"product-type-simple"},"yoast_head":"<!-- This site is optimized with the Yoast SEO Premium plugin v24.9 (Yoast SEO v26.1) - https:\/\/yoast.com\/wordpress\/plugins\/seo\/ -->\n<title>Maquina llenadora para c\u00e1psulas, p\u00edldoras, pastillas 400 agujeros - distribuci\u00f3n ARC<\/title>\n<meta name=\"robots\" content=\"index, follow, max-snippet:-1, max-image-preview:large, max-video-preview:-1\" \/>\n<link rel=\"canonical\" href=\"https:\/\/distribucionarc.com\/hr\/proizvod\/stroj-za-punjenje-kapsula-pilula-tableta-400-rupa\/\" \/>\n<meta property=\"og:locale\" content=\"hr_HR\" \/>\n<meta property=\"og:type\" content=\"article\" \/>\n<meta property=\"og:title\" content=\"Maquina llenadora para c\u00e1psulas, p\u00edldoras, pastillas 400 agujeros\" \/>\n<meta property=\"og:description\" content=\"Maquina llenadora para c\u00e1psulas, p\u00edldoras, pastillas 400 agujeros Esta dosificadora de c\u00e1psulas est\u00e1 fabricada de silicona dura GMP cuenta con 400 orificios. Es la llenadora m\u00e1s utilizada de su tipo en la industria farmac\u00e9utica. El proceso es r\u00e1pido y eficiente est\u00e1n garantizado por las muchas mejoras realizadas a lo largo de los a\u00f1os en su amplia y variada aplicaci\u00f3n en la industria. Con esta m\u00e1quina de c\u00e1psulas, es f\u00e1cil convertir los polvos en c\u00e1psulas f\u00e1ciles de tragar. Llene sus c\u00e1psulas con hierbas en polvo, suplementos diet\u00e9ticos, vitaminas, aceites o sus propias f\u00f3rmulas personalizadas Garant\u00eda\u00a0ARC 2 A\u00d1OS soporte t\u00e9cnico\u00a0incluido\" \/>\n<meta property=\"og:url\" content=\"https:\/\/distribucionarc.com\/hr\/proizvod\/stroj-za-punjenje-kapsula-pilula-tableta-400-rupa\/\" \/>\n<meta property=\"og:site_name\" content=\"distribuci\u00f3n ARC\" \/>\n<meta property=\"article:modified_time\" content=\"2024-08-17T11:39:49+00:00\" \/>\n<meta property=\"og:image\" content=\"https:\/\/distribucionarc.com\/wp-content\/uploads\/2020\/09\/M\u00e1quina-llenadora-para-c\u00e1psulas-p\u00edldoras-pastillas-400-agujeros-0.jpg\" \/>\n\t<meta property=\"og:image:width\" content=\"1600\" \/>\n\t<meta property=\"og:image:height\" content=\"1600\" \/>\n\t<meta property=\"og:image:type\" content=\"image\/jpeg\" \/>\n<meta name=\"twitter:card\" content=\"summary_large_image\" \/>\n<meta name=\"twitter:label1\" content=\"Procijenjeno vrijeme \u010ditanja\" \/>\n\t<meta name=\"twitter:data1\" content=\"1 minuta\" \/>\n<script type=\"application\/ld+json\" class=\"yoast-schema-graph\">{\"@context\":\"https:\/\/schema.org\",\"@graph\":[{\"@type\":\"WebPage\",\"@id\":\"https:\/\/distribucionarc.com\/hr\/producto\/maquina-llenadora-para-capsulas-pildoras-pastillas-400-agujeros\/\",\"url\":\"https:\/\/distribucionarc.com\/hr\/producto\/maquina-llenadora-para-capsulas-pildoras-pastillas-400-agujeros\/\",\"name\":\"Maquina llenadora para c\u00e1psulas, p\u00edldoras, pastillas 400 agujeros - distribuci\u00f3n ARC\",\"isPartOf\":{\"@id\":\"https:\/\/www.distribucionarc.com\/#website\"},\"primaryImageOfPage\":{\"@id\":\"https:\/\/distribucionarc.com\/hr\/producto\/maquina-llenadora-para-capsulas-pildoras-pastillas-400-agujeros\/#primaryimage\"},\"image\":{\"@id\":\"https:\/\/distribucionarc.com\/hr\/producto\/maquina-llenadora-para-capsulas-pildoras-pastillas-400-agujeros\/#primaryimage\"},\"thumbnailUrl\":\"https:\/\/distribucionarc.com\/wp-content\/uploads\/2020\/09\/M\u00e1quina-llenadora-para-c\u00e1psulas-p\u00edldoras-pastillas-400-agujeros-0.jpg\",\"datePublished\":\"2020-09-23T14:17:23+00:00\",\"dateModified\":\"2024-08-17T11:39:49+00:00\",\"breadcrumb\":{\"@id\":\"https:\/\/distribucionarc.com\/hr\/producto\/maquina-llenadora-para-capsulas-pildoras-pastillas-400-agujeros\/#breadcrumb\"},\"inLanguage\":\"hr\",\"potentialAction\":[{\"@type\":\"ReadAction\",\"target\":[\"https:\/\/distribucionarc.com\/hr\/producto\/maquina-llenadora-para-capsulas-pildoras-pastillas-400-agujeros\/\"]}]},{\"@type\":\"ImageObject\",\"inLanguage\":\"hr\",\"@id\":\"https:\/\/distribucionarc.com\/hr\/producto\/maquina-llenadora-para-capsulas-pildoras-pastillas-400-agujeros\/#primaryimage\",\"url\":\"https:\/\/distribucionarc.com\/wp-content\/uploads\/2020\/09\/M\u00e1quina-llenadora-para-c\u00e1psulas-p\u00edldoras-pastillas-400-agujeros-0.jpg\",\"contentUrl\":\"https:\/\/distribucionarc.com\/wp-content\/uploads\/2020\/09\/M\u00e1quina-llenadora-para-c\u00e1psulas-p\u00edldoras-pastillas-400-agujeros-0.jpg\",\"width\":1600,\"height\":1600,\"caption\":\"Maquina llenadora para c\u00e1psulas, p\u00edldoras, pastillas 400 agujeros\"},{\"@type\":\"BreadcrumbList\",\"@id\":\"https:\/\/distribucionarc.com\/hr\/producto\/maquina-llenadora-para-capsulas-pildoras-pastillas-400-agujeros\/#breadcrumb\",\"itemListElement\":[{\"@type\":\"ListItem\",\"position\":1,\"name\":\"Portada\",\"item\":\"https:\/\/distribucionarc.com\/pl\/\"},{\"@type\":\"ListItem\",\"position\":2,\"name\":\"\u0627\u0644\u0645\u0646\u062a\u062c\u0627\u062a\",\"item\":\"https:\/\/www.distribucionarc.com\/ar\/%d9%85%d8%ad%d9%84\/\"},{\"@type\":\"ListItem\",\"position\":3,\"name\":\"Maquina llenadora para c\u00e1psulas, p\u00edldoras, pastillas 400 agujeros\"}]},{\"@type\":\"WebSite\",\"@id\":\"https:\/\/www.distribucionarc.com\/#website\",\"url\":\"https:\/\/www.distribucionarc.com\/\",\"name\":\"distribuci\u00f3n ARC\",\"description\":\"Empresa especializada en la fabricaci\u00f3n y distribuci\u00f3n de maquinaria industrial, selladoras de latas, Maquinas de hacer pastillas, Maquinas de cortar carne...\",\"publisher\":{\"@id\":\"https:\/\/www.distribucionarc.com\/#organization\"},\"potentialAction\":[{\"@type\":\"SearchAction\",\"target\":{\"@type\":\"EntryPoint\",\"urlTemplate\":\"https:\/\/www.distribucionarc.com\/?s={search_term_string}\"},\"query-input\":{\"@type\":\"PropertyValueSpecification\",\"valueRequired\":true,\"valueName\":\"search_term_string\"}}],\"inLanguage\":\"hr\"},{\"@type\":\"Organization\",\"@id\":\"https:\/\/www.distribucionarc.com\/#organization\",\"name\":\"Distribuci\u00f3n ARC\",\"url\":\"https:\/\/www.distribucionarc.com\/\",\"logo\":{\"@type\":\"ImageObject\",\"inLanguage\":\"hr\",\"@id\":\"https:\/\/www.distribucionarc.com\/#\/schema\/logo\/image\/\",\"url\":\"https:\/\/distribucionarc.com\/wp-content\/uploads\/2024\/10\/distribucion-ARC-COLOR-SIN-FONDO-e1732295305345.png\",\"contentUrl\":\"https:\/\/distribucionarc.com\/wp-content\/uploads\/2024\/10\/distribucion-ARC-COLOR-SIN-FONDO-e1732295305345.png\",\"width\":1164,\"height\":558,\"caption\":\"Distribuci\u00f3n ARC\"},\"image\":{\"@id\":\"https:\/\/www.distribucionarc.com\/#\/schema\/logo\/image\/\"},\"description\":\"Empresa especializada en la fabricaci\u00f3n y distribuci\u00f3n de maquinaria industrial para los sectores alimentario y farmac\u00e9utico. Nos especializamos en: M\u00e1quinas de cortar carne Fabricaci\u00f3n de comprimidos Sistemas de transporte industrial L\u00edneas de embotellado Dosificadores Y mucho m\u00e1s... Ofrecemos soluciones innovadoras y personalizadas para optimizar los procesos productivos de tu empresa.\",\"email\":\"Admistracion@distribucionarc.com\",\"telephone\":\"+34 643496664\",\"legalName\":\"ARC TECH SOLUTIONS\",\"foundingDate\":\"2024-04-09\",\"vatID\":\"B55480172\",\"numberOfEmployees\":{\"@type\":\"QuantitativeValue\",\"minValue\":\"1\",\"maxValue\":\"10\"}}]}<\/script>\n<!-- \/ Yoast SEO Premium plugin. -->","yoast_head_json":{"title":"Punilica za kapsule, pilule, tablete 400 rupa - ARC distribucija","robots":{"index":"index","follow":"follow","max-snippet":"max-snippet:-1","max-image-preview":"max-image-preview:large","max-video-preview":"max-video-preview:-1"},"canonical":"https:\/\/distribucionarc.com\/hr\/proizvod\/stroj-za-punjenje-kapsula-pilula-tableta-400-rupa\/","og_locale":"hr_HR","og_type":"article","og_title":"Maquina llenadora para c\u00e1psulas, p\u00edldoras, pastillas 400 agujeros","og_description":"Maquina llenadora para c\u00e1psulas, p\u00edldoras, pastillas 400 agujeros Esta dosificadora de c\u00e1psulas est\u00e1 fabricada de silicona dura GMP cuenta con 400 orificios. Es la llenadora m\u00e1s utilizada de su tipo en la industria farmac\u00e9utica. El proceso es r\u00e1pido y eficiente est\u00e1n garantizado por las muchas mejoras realizadas a lo largo de los a\u00f1os en su amplia y variada aplicaci\u00f3n en la industria. Con esta m\u00e1quina de c\u00e1psulas, es f\u00e1cil convertir los polvos en c\u00e1psulas f\u00e1ciles de tragar. Llene sus c\u00e1psulas con hierbas en polvo, suplementos diet\u00e9ticos, vitaminas, aceites o sus propias f\u00f3rmulas personalizadas Garant\u00eda\u00a0ARC 2 A\u00d1OS soporte t\u00e9cnico\u00a0incluido","og_url":"https:\/\/distribucionarc.com\/hr\/proizvod\/stroj-za-punjenje-kapsula-pilula-tableta-400-rupa\/","og_site_name":"distribuci\u00f3n ARC","article_modified_time":"2024-08-17T11:39:49+00:00","og_image":[{"width":1600,"height":1600,"url":"https:\/\/distribucionarc.com\/wp-content\/uploads\/2020\/09\/M\u00e1quina-llenadora-para-c\u00e1psulas-p\u00edldoras-pastillas-400-agujeros-0.jpg","type":"image\/jpeg"}],"twitter_card":"summary_large_image","twitter_misc":{"Procijenjeno vrijeme \u010ditanja":"1 minuta"},"schema":{"@context":"https:\/\/schema.org","@graph":[{"@type":"WebPage","@id":"https:\/\/distribucionarc.com\/hr\/producto\/maquina-llenadora-para-capsulas-pildoras-pastillas-400-agujeros\/","url":"https:\/\/distribucionarc.com\/hr\/producto\/maquina-llenadora-para-capsulas-pildoras-pastillas-400-agujeros\/","name":"Punilica za kapsule, pilule, tablete 400 rupa - ARC distribucija","isPartOf":{"@id":"https:\/\/www.distribucionarc.com\/#website"},"primaryImageOfPage":{"@id":"https:\/\/distribucionarc.com\/hr\/producto\/maquina-llenadora-para-capsulas-pildoras-pastillas-400-agujeros\/#primaryimage"},"image":{"@id":"https:\/\/distribucionarc.com\/hr\/producto\/maquina-llenadora-para-capsulas-pildoras-pastillas-400-agujeros\/#primaryimage"},"thumbnailUrl":"https:\/\/distribucionarc.com\/wp-content\/uploads\/2020\/09\/M\u00e1quina-llenadora-para-c\u00e1psulas-p\u00edldoras-pastillas-400-agujeros-0.jpg","datePublished":"2020-09-23T14:17:23+00:00","dateModified":"2024-08-17T11:39:49+00:00","breadcrumb":{"@id":"https:\/\/distribucionarc.com\/hr\/producto\/maquina-llenadora-para-capsulas-pildoras-pastillas-400-agujeros\/#breadcrumb"},"inLanguage":"hr","potentialAction":[{"@type":"ReadAction","target":["https:\/\/distribucionarc.com\/hr\/producto\/maquina-llenadora-para-capsulas-pildoras-pastillas-400-agujeros\/"]}]},{"@type":"ImageObject","inLanguage":"hr","@id":"https:\/\/distribucionarc.com\/hr\/producto\/maquina-llenadora-para-capsulas-pildoras-pastillas-400-agujeros\/#primaryimage","url":"https:\/\/distribucionarc.com\/wp-content\/uploads\/2020\/09\/M\u00e1quina-llenadora-para-c\u00e1psulas-p\u00edldoras-pastillas-400-agujeros-0.jpg","contentUrl":"https:\/\/distribucionarc.com\/wp-content\/uploads\/2020\/09\/M\u00e1quina-llenadora-para-c\u00e1psulas-p\u00edldoras-pastillas-400-agujeros-0.jpg","width":1600,"height":1600,"caption":"Maquina llenadora para c\u00e1psulas, p\u00edldoras, pastillas 400 agujeros"},{"@type":"BreadcrumbList","@id":"https:\/\/distribucionarc.com\/hr\/producto\/maquina-llenadora-para-capsulas-pildoras-pastillas-400-agujeros\/#breadcrumb","itemListElement":[{"@type":"ListItem","position":1,"name":"Portada","item":"https:\/\/distribucionarc.com\/pl\/"},{"@type":"ListItem","position":2,"name":"\u0627\u0644\u0645\u0646\u062a\u062c\u0627\u062a","item":"https:\/\/www.distribucionarc.com\/ar\/%d9%85%d8%ad%d9%84\/"},{"@type":"ListItem","position":3,"name":"Maquina llenadora para c\u00e1psulas, p\u00edldoras, pastillas 400 agujeros"}]},{"@type":"WebSite","@id":"https:\/\/www.distribucionarc.com\/#website","url":"https:\/\/www.distribucionarc.com\/","name":"ARC distribucija","description":"Tvrtka specijalizirana za proizvodnju i distribuciju industrijskih strojeva, strojeva za zatvaranje limenki, strojeva za izradu pilula, strojeva za rezanje mesa itd.","publisher":{"@id":"https:\/\/www.distribucionarc.com\/#organization"},"potentialAction":[{"@type":"SearchAction","target":{"@type":"EntryPoint","urlTemplate":"https:\/\/www.distribucionarc.com\/?s={search_term_string}"},"query-input":{"@type":"PropertyValueSpecification","valueRequired":true,"valueName":"search_term_string"}}],"inLanguage":"hr"},{"@type":"Organization","@id":"https:\/\/www.distribucionarc.com\/#organization","name":"ARC distribucija","url":"https:\/\/www.distribucionarc.com\/","logo":{"@type":"ImageObject","inLanguage":"hr","@id":"https:\/\/www.distribucionarc.com\/#\/schema\/logo\/image\/","url":"https:\/\/distribucionarc.com\/wp-content\/uploads\/2024\/10\/distribucion-ARC-COLOR-SIN-FONDO-e1732295305345.png","contentUrl":"https:\/\/distribucionarc.com\/wp-content\/uploads\/2024\/10\/distribucion-ARC-COLOR-SIN-FONDO-e1732295305345.png","width":1164,"height":558,"caption":"Distribuci\u00f3n ARC"},"image":{"@id":"https:\/\/www.distribucionarc.com\/#\/schema\/logo\/image\/"},"description":"Tvrtka specijalizirana za proizvodnju i distribuciju industrijskih strojeva za prehrambeni i farmaceutski sektor. Specijalizirani smo za: Strojeve za rezanje mesa Proizvodnja tableta Industrijske transportne sustave Linije za punjenje Strojevi za doziranje I jo\u0161 mnogo toga... Nudimo inovativna i prilago\u0111ena rje\u0161enja za optimizaciju proizvodnih procesa Va\u0161e tvrtke.","email":"Admistracion@distribucionarc.com","telephone":"+34 643496664","legalName":"ARC TECH SOLUTIONS","foundingDate":"2024-04-09","vatID":"B55480172","numberOfEmployees":{"@type":"QuantitativeValue","minValue":"1","maxValue":"10"}}]}},"_links":{"self":[{"href":"https:\/\/distribucionarc.com\/hr\/wp-json\/wp\/v2\/product\/3120","targetHints":{"allow":["GET"]}}],"collection":[{"href":"https:\/\/distribucionarc.com\/hr\/wp-json\/wp\/v2\/product"}],"about":[{"href":"https:\/\/distribucionarc.com\/hr\/wp-json\/wp\/v2\/types\/product"}],"replies":[{"embeddable":true,"href":"https:\/\/distribucionarc.com\/hr\/wp-json\/wp\/v2\/comments?post=3120"}],"version-history":[{"count":0,"href":"https:\/\/distribucionarc.com\/hr\/wp-json\/wp\/v2\/product\/3120\/revisions"}],"wp:featuredmedia":[{"embeddable":true,"href":"https:\/\/distribucionarc.com\/hr\/wp-json\/wp\/v2\/media\/3121"}],"wp:attachment":[{"href":"https:\/\/distribucionarc.com\/hr\/wp-json\/wp\/v2\/media?parent=3120"}],"wp:term":[{"taxonomy":"product_brand","embeddable":true,"href":"https:\/\/distribucionarc.com\/hr\/wp-json\/wp\/v2\/product_brand?post=3120"},{"taxonomy":"product_cat","embeddable":true,"href":"https:\/\/distribucionarc.com\/hr\/wp-json\/wp\/v2\/product_cat?post=3120"},{"taxonomy":"product_tag","embeddable":true,"href":"https:\/\/distribucionarc.com\/hr\/wp-json\/wp\/v2\/product_tag?post=3120"}],"curies":[{"name":"radni list","href":"https:\/\/api.w.org\/{rel}","templated":true}]}}