{"id":325,"date":"2020-04-17T12:08:24","date_gmt":"2020-04-17T12:08:24","guid":{"rendered":"https:\/\/distribucionarc.com\/?post_type=product&#038;p=325"},"modified":"2025-05-08T20:54:03","modified_gmt":"2025-05-08T18:54:03","slug":"digitalni-dozator-za-punjenje-tekucine-od-2-ml-%f0%9f%8d%be-3500-ml","status":"publish","type":"product","link":"https:\/\/distribucionarc.com\/hr\/producto\/dosificadora-embotelladora-llenadora-de-liquidos-%f0%9f%8d%be-digital-de-2ml-%f0%9f%94%9b-3500ml\/","title":{"rendered":"Doziranje, punjenje, punjenje teku\u0107inom? 2 ml digitalni? 3500 ml"},"content":{"rendered":"<h2><strong>Doziranje, punjenje, punjenje teku\u0107inom? 2 ml digitalni? 3500 ml<\/strong><\/h2>\n<p>&nbsp;<\/p>\n<p>\u0160iroko se koristi u medicini, kemiji, hrani, pi\u0107u, ulju, kozmetici itd.<br \/>\nAutomatska funkcija za brojanje i kontrolu koli\u010dine punjenja.<br \/>\nVisokou\u010dinkovito mikrora\u010dunalo s jednim \u010dipom niske potro\u0161nje energije.<br \/>\nLCD zaslon sa zaslonom osjetljivim na dodir kojim je vrlo jednostavno rukovati.<br \/>\nVisoka preciznost punjenja i volumena.<br \/>\nRadni u\u010dinak je stabilan i mo\u017ee se koristiti dugo vremena.<br \/>\nDizajn protiv kapanja i struktura od nehr\u0111aju\u0107eg \u010delika.<\/p>\n<p>Ovaj stroj je dizajniran za teku\u0107ine niske viskoznosti, najgu\u0161\u0107i proizvod koji mo\u017ee dozirati, sli\u010dan je teksturi ulja ili teku\u0107ina niske viskoznosti kao omek\u0161iva\u010d, za proizvode ve\u0107e gusto\u0107e preporu\u010dujemo pneumatski klipni dozator. budu\u0107i da nam ovi strojevi zbog svojih karakteristika mogu dati bolje performanse i ve\u0107u produktivnost.<\/p>\n<ul>\n<li>Napon: 220V.<\/li>\n<li>Snaga: 30W.<\/li>\n<li>Brzina punjenja do: 3,2 litre u minuti.<\/li>\n<li>Mjere punjenja od: 2 ml \u27a1\ufe0f 3500 ml.<\/li>\n<li>Udaljenost usisavanja: 2 metra.<\/li>\n<li>Granica pogre\u0161ke: &lt;0,5%<\/li>\n<li>Dimenzije: 40 x 40 x 20 cm.<\/li>\n<li>Te\u017eina: 6,0 kg.<\/li>\n<\/ul>\n<p><iframe loading=\"lazy\" src=\"https:\/\/www.youtube.com\/embed\/-kZNNjctB0Y\" width=\"560\" height=\"315\" frameborder=\"0\" allowfullscreen=\"allowfullscreen\"><\/iframe><\/p>\n<p><iframe loading=\"lazy\" src=\"https:\/\/www.youtube.com\/embed\/idvit7Rznto\" width=\"560\" height=\"315\" frameborder=\"0\" allowfullscreen=\"allowfullscreen\"><\/iframe><\/p>","protected":false},"excerpt":{"rendered":"<p>Ovaj stroj koristi mikrora\u010dunalo za kontrolu vremena i brzine pumpe, tako da se puni glatko i to\u010dno.<br \/>\nElektromotor je odvojen od pumpe.<br \/>\nIma 9 brzina punjenja, Postavka za punjenje: 0,01\u279699,99s, Vremenski interval izme\u0111u punjenja: 0,01\u279699,99s.<br \/>\nSpremite do 6 postavki za razli\u010dite veli\u010dine boca kako biste mogli jednostavno odabrati.<br \/>\nTo je kompaktan i prenosiv stroj.<br \/>\nKu\u0107i\u0161te je izra\u0111eno od nehr\u0111aju\u0107eg \u010delika, tako\u0111er je otporno i lako se \u010disti.<br \/>\nMo\u017ee se koristiti za mnoge vrste bistrih i rijetkih teku\u0107ina, kao \u0161to su:<br \/>\nVoda, maslinovo ulje, gorivo, pi\u0107e, ocat, mlijeko itd.<\/p>","protected":false},"featured_media":17454,"comment_status":"open","ping_status":"closed","template":"","meta":{"wds_primary_product_brand":0,"wds_primary_product_cat":0},"product_brand":[],"product_cat":[18,19,74,73,320,21],"product_tag":[],"class_list":{"0":"post-325","1":"product","2":"type-product","3":"status-publish","4":"has-post-thumbnail","6":"product_cat-dosificadoras","7":"product_cat-dosificadoras-de-liquidos","8":"product_cat-llenadoras-de-botellas","9":"product_cat-llenadoras-de-liquidos","10":"product_cat-llenadoras-de-liquidos-por-gravedad","11":"product_cat-maquinas-llenadoras","13":"first","14":"instock","15":"sale","16":"taxable","17":"shipping-taxable","18":"purchasable","19":"product-type-simple"},"yoast_head":"<!-- This site is optimized with the Yoast SEO Premium plugin v24.9 (Yoast SEO v26.1) - https:\/\/yoast.com\/wordpress\/plugins\/seo\/ -->\n<title>Dosificadora, Embotelladora, Llenadora de L\u00edquidos ? Digital de 2 ml ? 3500 ml - distribuci\u00f3n ARC<\/title>\n<meta name=\"robots\" content=\"index, follow, max-snippet:-1, max-image-preview:large, max-video-preview:-1\" \/>\n<link rel=\"canonical\" href=\"https:\/\/distribucionarc.com\/hr\/proizvod\/digitalni-dozator-za-punjenje-tekucine-od-2-ml-\ud83c\udf7e-3500-ml\/\" \/>\n<meta property=\"og:locale\" content=\"hr_HR\" \/>\n<meta property=\"og:type\" content=\"article\" \/>\n<meta property=\"og:title\" content=\"Dosificadora, Embotelladora, Llenadora de L\u00edquidos ? Digital de 2 ml ? 3500 ml\" \/>\n<meta property=\"og:description\" content=\"Esta m\u00e1quina utiliza un microordenador para controlar el tiempo y la velocidad de la bomba, para que pueda llenar con fluidez y precisi\u00f3n. El motor el\u00e9ctrico est\u00e1 separado de la bomba. Cuenta con 9 Velocidades de llenado, Ajuste para llenado de: 0.01\u279699.99s, Intervalo de tiempo entre llenado de: 0.01\u279699.99s. Guarda hasta 6 configuraciones para los diferentes tama\u00f1os de botellas y as\u00ed poder elegir f\u00e1cilmente. Es una m\u00e1quina compacta y port\u00e1til. La carcasa es de acero inoxidable, adem\u00e1s es resistente y f\u00e1cil de limpiar. Se puede utilizar para muchos tipos de l\u00edquidos claros y delgados, tales como: Agua, aceite de oliva, combustible, bebidas, vinagre, leche, etc.\" \/>\n<meta property=\"og:url\" content=\"https:\/\/distribucionarc.com\/hr\/proizvod\/digitalni-dozator-za-punjenje-tekucine-od-2-ml-\ud83c\udf7e-3500-ml\/\" \/>\n<meta property=\"og:site_name\" content=\"distribuci\u00f3n ARC\" \/>\n<meta property=\"article:modified_time\" content=\"2025-05-08T18:54:03+00:00\" \/>\n<meta property=\"og:image\" content=\"https:\/\/distribucionarc.com\/wp-content\/uploads\/2020\/04\/maquina-de-llenado-de-liquidos-en-botellas-asta-3-litros-por-minuto.png\" \/>\n\t<meta property=\"og:image:width\" content=\"828\" \/>\n\t<meta property=\"og:image:height\" content=\"527\" \/>\n\t<meta property=\"og:image:type\" content=\"image\/png\" \/>\n<meta name=\"twitter:card\" content=\"summary_large_image\" \/>\n<meta name=\"twitter:label1\" content=\"Procijenjeno vrijeme \u010ditanja\" \/>\n\t<meta name=\"twitter:data1\" content=\"2 minute\" \/>\n<script type=\"application\/ld+json\" class=\"yoast-schema-graph\">{\"@context\":\"https:\/\/schema.org\",\"@graph\":[{\"@type\":\"WebPage\",\"@id\":\"https:\/\/distribucionarc.com\/nb\/producto\/dosificadora-embotelladora-llenadora-de-liquidos-%f0%9f%8d%be-digital-de-2ml-%f0%9f%94%9b-3500ml\/\",\"url\":\"https:\/\/distribucionarc.com\/nb\/producto\/dosificadora-embotelladora-llenadora-de-liquidos-%f0%9f%8d%be-digital-de-2ml-%f0%9f%94%9b-3500ml\/\",\"name\":\"Dosificadora, Embotelladora, Llenadora de L\u00edquidos ? Digital de 2 ml ? 3500 ml - distribuci\u00f3n ARC\",\"isPartOf\":{\"@id\":\"https:\/\/www.distribucionarc.com\/sl\/#website\"},\"primaryImageOfPage\":{\"@id\":\"https:\/\/distribucionarc.com\/nb\/producto\/dosificadora-embotelladora-llenadora-de-liquidos-%f0%9f%8d%be-digital-de-2ml-%f0%9f%94%9b-3500ml\/#primaryimage\"},\"image\":{\"@id\":\"https:\/\/distribucionarc.com\/nb\/producto\/dosificadora-embotelladora-llenadora-de-liquidos-%f0%9f%8d%be-digital-de-2ml-%f0%9f%94%9b-3500ml\/#primaryimage\"},\"thumbnailUrl\":\"https:\/\/distribucionarc.com\/wp-content\/uploads\/2020\/04\/maquina-de-llenado-de-liquidos-en-botellas-asta-3-litros-por-minuto.png\",\"datePublished\":\"2020-04-17T12:08:24+00:00\",\"dateModified\":\"2025-05-08T18:54:03+00:00\",\"breadcrumb\":{\"@id\":\"https:\/\/distribucionarc.com\/nb\/producto\/dosificadora-embotelladora-llenadora-de-liquidos-%f0%9f%8d%be-digital-de-2ml-%f0%9f%94%9b-3500ml\/#breadcrumb\"},\"inLanguage\":\"hr\",\"potentialAction\":[{\"@type\":\"ReadAction\",\"target\":[\"https:\/\/distribucionarc.com\/nb\/producto\/dosificadora-embotelladora-llenadora-de-liquidos-%f0%9f%8d%be-digital-de-2ml-%f0%9f%94%9b-3500ml\/\"]}]},{\"@type\":\"ImageObject\",\"inLanguage\":\"hr\",\"@id\":\"https:\/\/distribucionarc.com\/nb\/producto\/dosificadora-embotelladora-llenadora-de-liquidos-%f0%9f%8d%be-digital-de-2ml-%f0%9f%94%9b-3500ml\/#primaryimage\",\"url\":\"https:\/\/distribucionarc.com\/wp-content\/uploads\/2020\/04\/maquina-de-llenado-de-liquidos-en-botellas-asta-3-litros-por-minuto.png\",\"contentUrl\":\"https:\/\/distribucionarc.com\/wp-content\/uploads\/2020\/04\/maquina-de-llenado-de-liquidos-en-botellas-asta-3-litros-por-minuto.png\",\"width\":828,\"height\":527,\"caption\":\"Maquina de llenado para botellas peque\u00f1as liqudis de baja densidad\"},{\"@type\":\"BreadcrumbList\",\"@id\":\"https:\/\/distribucionarc.com\/nb\/producto\/dosificadora-embotelladora-llenadora-de-liquidos-%f0%9f%8d%be-digital-de-2ml-%f0%9f%94%9b-3500ml\/#breadcrumb\",\"itemListElement\":[{\"@type\":\"ListItem\",\"position\":1,\"name\":\"Portada\",\"item\":\"https:\/\/www.distribucionarc.com\/\"},{\"@type\":\"ListItem\",\"position\":2,\"name\":\"\u00dcr\u00fcnler\",\"item\":\"https:\/\/www.distribucionarc.com\/tr\/magaza\/\"},{\"@type\":\"ListItem\",\"position\":3,\"name\":\"Dosificadora, Embotelladora, Llenadora de L\u00edquidos ? Digital de 2 ml ? 3500 ml\"}]},{\"@type\":\"WebSite\",\"@id\":\"https:\/\/www.distribucionarc.com\/sl\/#website\",\"url\":\"https:\/\/www.distribucionarc.com\/sl\/\",\"name\":\"distribuci\u00f3n ARC\",\"description\":\"Empresa especializada en la fabricaci\u00f3n y distribuci\u00f3n de maquinaria industrial, selladoras de latas, Maquinas de hacer pastillas, Maquinas de cortar carne...\",\"publisher\":{\"@id\":\"https:\/\/www.distribucionarc.com\/sl\/#organization\"},\"potentialAction\":[{\"@type\":\"SearchAction\",\"target\":{\"@type\":\"EntryPoint\",\"urlTemplate\":\"https:\/\/www.distribucionarc.com\/sl\/?s={search_term_string}\"},\"query-input\":{\"@type\":\"PropertyValueSpecification\",\"valueRequired\":true,\"valueName\":\"search_term_string\"}}],\"inLanguage\":\"hr\"},{\"@type\":\"Organization\",\"@id\":\"https:\/\/www.distribucionarc.com\/sl\/#organization\",\"name\":\"Distribuci\u00f3n ARC\",\"url\":\"https:\/\/www.distribucionarc.com\/sl\/\",\"logo\":{\"@type\":\"ImageObject\",\"inLanguage\":\"hr\",\"@id\":\"https:\/\/www.distribucionarc.com\/sl\/#\/schema\/logo\/image\/\",\"url\":\"https:\/\/distribucionarc.com\/wp-content\/uploads\/2024\/10\/distribucion-ARC-COLOR-SIN-FONDO-e1732295305345.png\",\"contentUrl\":\"https:\/\/distribucionarc.com\/wp-content\/uploads\/2024\/10\/distribucion-ARC-COLOR-SIN-FONDO-e1732295305345.png\",\"width\":1164,\"height\":558,\"caption\":\"Distribuci\u00f3n ARC\"},\"image\":{\"@id\":\"https:\/\/www.distribucionarc.com\/sl\/#\/schema\/logo\/image\/\"},\"description\":\"Empresa especializada en la fabricaci\u00f3n y distribuci\u00f3n de maquinaria industrial para los sectores alimentario y farmac\u00e9utico. Nos especializamos en: M\u00e1quinas de cortar carne Fabricaci\u00f3n de comprimidos Sistemas de transporte industrial L\u00edneas de embotellado Dosificadores Y mucho m\u00e1s... Ofrecemos soluciones innovadoras y personalizadas para optimizar los procesos productivos de tu empresa.\",\"email\":\"Admistracion@distribucionarc.com\",\"telephone\":\"+34 643496664\",\"legalName\":\"ARC TECH SOLUTIONS\",\"foundingDate\":\"2024-04-09\",\"vatID\":\"B55480172\",\"numberOfEmployees\":{\"@type\":\"QuantitativeValue\",\"minValue\":\"1\",\"maxValue\":\"10\"}}]}<\/script>\n<!-- \/ Yoast SEO Premium plugin. -->","yoast_head_json":{"title":"Doziranje, punjenje, punjenje teku\u0107inom? 2 ml digitalni? 3500 ml - ARC distribucija","robots":{"index":"index","follow":"follow","max-snippet":"max-snippet:-1","max-image-preview":"max-image-preview:large","max-video-preview":"max-video-preview:-1"},"canonical":"https:\/\/distribucionarc.com\/hr\/proizvod\/digitalni-dozator-za-punjenje-tekucine-od-2-ml-\ud83c\udf7e-3500-ml\/","og_locale":"hr_HR","og_type":"article","og_title":"Dosificadora, Embotelladora, Llenadora de L\u00edquidos ? Digital de 2 ml ? 3500 ml","og_description":"Esta m\u00e1quina utiliza un microordenador para controlar el tiempo y la velocidad de la bomba, para que pueda llenar con fluidez y precisi\u00f3n. El motor el\u00e9ctrico est\u00e1 separado de la bomba. Cuenta con 9 Velocidades de llenado, Ajuste para llenado de: 0.01\u279699.99s, Intervalo de tiempo entre llenado de: 0.01\u279699.99s. Guarda hasta 6 configuraciones para los diferentes tama\u00f1os de botellas y as\u00ed poder elegir f\u00e1cilmente. Es una m\u00e1quina compacta y port\u00e1til. La carcasa es de acero inoxidable, adem\u00e1s es resistente y f\u00e1cil de limpiar. Se puede utilizar para muchos tipos de l\u00edquidos claros y delgados, tales como: Agua, aceite de oliva, combustible, bebidas, vinagre, leche, etc.","og_url":"https:\/\/distribucionarc.com\/hr\/proizvod\/digitalni-dozator-za-punjenje-tekucine-od-2-ml-\ud83c\udf7e-3500-ml\/","og_site_name":"distribuci\u00f3n ARC","article_modified_time":"2025-05-08T18:54:03+00:00","og_image":[{"width":828,"height":527,"url":"https:\/\/distribucionarc.com\/wp-content\/uploads\/2020\/04\/maquina-de-llenado-de-liquidos-en-botellas-asta-3-litros-por-minuto.png","type":"image\/png"}],"twitter_card":"summary_large_image","twitter_misc":{"Procijenjeno vrijeme \u010ditanja":"2 minute"},"schema":{"@context":"https:\/\/schema.org","@graph":[{"@type":"WebPage","@id":"https:\/\/distribucionarc.com\/nb\/producto\/dosificadora-embotelladora-llenadora-de-liquidos-%f0%9f%8d%be-digital-de-2ml-%f0%9f%94%9b-3500ml\/","url":"https:\/\/distribucionarc.com\/nb\/producto\/dosificadora-embotelladora-llenadora-de-liquidos-%f0%9f%8d%be-digital-de-2ml-%f0%9f%94%9b-3500ml\/","name":"Doziranje, punjenje, punjenje teku\u0107inom? 2 ml digitalni? 3500 ml - ARC distribucija","isPartOf":{"@id":"https:\/\/www.distribucionarc.com\/sl\/#website"},"primaryImageOfPage":{"@id":"https:\/\/distribucionarc.com\/nb\/producto\/dosificadora-embotelladora-llenadora-de-liquidos-%f0%9f%8d%be-digital-de-2ml-%f0%9f%94%9b-3500ml\/#primaryimage"},"image":{"@id":"https:\/\/distribucionarc.com\/nb\/producto\/dosificadora-embotelladora-llenadora-de-liquidos-%f0%9f%8d%be-digital-de-2ml-%f0%9f%94%9b-3500ml\/#primaryimage"},"thumbnailUrl":"https:\/\/distribucionarc.com\/wp-content\/uploads\/2020\/04\/maquina-de-llenado-de-liquidos-en-botellas-asta-3-litros-por-minuto.png","datePublished":"2020-04-17T12:08:24+00:00","dateModified":"2025-05-08T18:54:03+00:00","breadcrumb":{"@id":"https:\/\/distribucionarc.com\/nb\/producto\/dosificadora-embotelladora-llenadora-de-liquidos-%f0%9f%8d%be-digital-de-2ml-%f0%9f%94%9b-3500ml\/#breadcrumb"},"inLanguage":"hr","potentialAction":[{"@type":"ReadAction","target":["https:\/\/distribucionarc.com\/nb\/producto\/dosificadora-embotelladora-llenadora-de-liquidos-%f0%9f%8d%be-digital-de-2ml-%f0%9f%94%9b-3500ml\/"]}]},{"@type":"ImageObject","inLanguage":"hr","@id":"https:\/\/distribucionarc.com\/nb\/producto\/dosificadora-embotelladora-llenadora-de-liquidos-%f0%9f%8d%be-digital-de-2ml-%f0%9f%94%9b-3500ml\/#primaryimage","url":"https:\/\/distribucionarc.com\/wp-content\/uploads\/2020\/04\/maquina-de-llenado-de-liquidos-en-botellas-asta-3-litros-por-minuto.png","contentUrl":"https:\/\/distribucionarc.com\/wp-content\/uploads\/2020\/04\/maquina-de-llenado-de-liquidos-en-botellas-asta-3-litros-por-minuto.png","width":828,"height":527,"caption":"Maquina de llenado para botellas peque\u00f1as liqudis de baja densidad"},{"@type":"BreadcrumbList","@id":"https:\/\/distribucionarc.com\/nb\/producto\/dosificadora-embotelladora-llenadora-de-liquidos-%f0%9f%8d%be-digital-de-2ml-%f0%9f%94%9b-3500ml\/#breadcrumb","itemListElement":[{"@type":"ListItem","position":1,"name":"Portada","item":"https:\/\/www.distribucionarc.com\/"},{"@type":"ListItem","position":2,"name":"\u00dcr\u00fcnler","item":"https:\/\/www.distribucionarc.com\/tr\/magaza\/"},{"@type":"ListItem","position":3,"name":"Dosificadora, Embotelladora, Llenadora de L\u00edquidos ? Digital de 2 ml ? 3500 ml"}]},{"@type":"WebSite","@id":"https:\/\/www.distribucionarc.com\/sl\/#website","url":"https:\/\/www.distribucionarc.com\/sl\/","name":"ARC distribucija","description":"Tvrtka specijalizirana za proizvodnju i distribuciju industrijskih strojeva, strojeva za zatvaranje limenki, strojeva za izradu pilula, strojeva za rezanje mesa itd.","publisher":{"@id":"https:\/\/www.distribucionarc.com\/sl\/#organization"},"potentialAction":[{"@type":"SearchAction","target":{"@type":"EntryPoint","urlTemplate":"https:\/\/www.distribucionarc.com\/sl\/?s={search_term_string}"},"query-input":{"@type":"PropertyValueSpecification","valueRequired":true,"valueName":"search_term_string"}}],"inLanguage":"hr"},{"@type":"Organization","@id":"https:\/\/www.distribucionarc.com\/sl\/#organization","name":"ARC distribucija","url":"https:\/\/www.distribucionarc.com\/sl\/","logo":{"@type":"ImageObject","inLanguage":"hr","@id":"https:\/\/www.distribucionarc.com\/sl\/#\/schema\/logo\/image\/","url":"https:\/\/distribucionarc.com\/wp-content\/uploads\/2024\/10\/distribucion-ARC-COLOR-SIN-FONDO-e1732295305345.png","contentUrl":"https:\/\/distribucionarc.com\/wp-content\/uploads\/2024\/10\/distribucion-ARC-COLOR-SIN-FONDO-e1732295305345.png","width":1164,"height":558,"caption":"Distribuci\u00f3n ARC"},"image":{"@id":"https:\/\/www.distribucionarc.com\/sl\/#\/schema\/logo\/image\/"},"description":"Tvrtka specijalizirana za proizvodnju i distribuciju industrijskih strojeva za prehrambeni i farmaceutski sektor. Specijalizirani smo za: Strojeve za rezanje mesa Proizvodnja tableta Industrijske transportne sustave Linije za punjenje Strojevi za doziranje I jo\u0161 mnogo toga... Nudimo inovativna i prilago\u0111ena rje\u0161enja za optimizaciju proizvodnih procesa Va\u0161e tvrtke.","email":"Admistracion@distribucionarc.com","telephone":"+34 643496664","legalName":"ARC TECH SOLUTIONS","foundingDate":"2024-04-09","vatID":"B55480172","numberOfEmployees":{"@type":"QuantitativeValue","minValue":"1","maxValue":"10"}}]}},"_links":{"self":[{"href":"https:\/\/distribucionarc.com\/hr\/wp-json\/wp\/v2\/product\/325","targetHints":{"allow":["GET"]}}],"collection":[{"href":"https:\/\/distribucionarc.com\/hr\/wp-json\/wp\/v2\/product"}],"about":[{"href":"https:\/\/distribucionarc.com\/hr\/wp-json\/wp\/v2\/types\/product"}],"replies":[{"embeddable":true,"href":"https:\/\/distribucionarc.com\/hr\/wp-json\/wp\/v2\/comments?post=325"}],"version-history":[{"count":1,"href":"https:\/\/distribucionarc.com\/hr\/wp-json\/wp\/v2\/product\/325\/revisions"}],"predecessor-version":[{"id":17455,"href":"https:\/\/distribucionarc.com\/hr\/wp-json\/wp\/v2\/product\/325\/revisions\/17455"}],"wp:featuredmedia":[{"embeddable":true,"href":"https:\/\/distribucionarc.com\/hr\/wp-json\/wp\/v2\/media\/17454"}],"wp:attachment":[{"href":"https:\/\/distribucionarc.com\/hr\/wp-json\/wp\/v2\/media?parent=325"}],"wp:term":[{"taxonomy":"product_brand","embeddable":true,"href":"https:\/\/distribucionarc.com\/hr\/wp-json\/wp\/v2\/product_brand?post=325"},{"taxonomy":"product_cat","embeddable":true,"href":"https:\/\/distribucionarc.com\/hr\/wp-json\/wp\/v2\/product_cat?post=325"},{"taxonomy":"product_tag","embeddable":true,"href":"https:\/\/distribucionarc.com\/hr\/wp-json\/wp\/v2\/product_tag?post=325"}],"curies":[{"name":"radni list","href":"https:\/\/api.w.org\/{rel}","templated":true}]}}