{"id":3527,"date":"2020-10-03T18:07:26","date_gmt":"2020-10-03T18:07:26","guid":{"rendered":"https:\/\/distribucionarc.com\/?post_type=product&#038;p=3527"},"modified":"2023-04-19T10:46:50","modified_gmt":"2023-04-19T10:46:50","slug":"stroj-za-termicko-uvezivanje","status":"publish","type":"product","link":"https:\/\/distribucionarc.com\/hr\/producto\/maquina-de-encuadernacion-termica\/","title":{"rendered":"stroj za termi\u010dko uvezivanje"},"content":{"rendered":"<h3>stroj za termi\u010dko uvezivanje<\/h3>\n<p>Ovaj <strong>stroj za uvezivanje <span style=\"color: #ff0000;\">DO<\/span><span style=\"color: #0000ff;\">R<\/span>c<\/strong> Koristite vru\u0107e ljepilo za lijepljenje knjiga i vi\u0161e stranica s tvrdim ili mekim koricama u samo nekoliko minuta. Osim toga, br\u017ei je i u\u010dinkovitiji od drugih registratora jer mo\u017ee uvezati debeli papir s vrlo malo ljepila, sposoban za izradu do 160 knjiga na sat.<\/p>\n<p>Stezni ure\u0111aj je izra\u0111en od posebnih materijala za postizanje boljeg u\u010dinka stezanja. Ure\u0111aj za pozicioniranje stranica za tvrde uveze \u010dini njihovo brzo i jednostavno uvezivanje. Dinami\u010dki offset reza\u010d mo\u017ee duboko izglodati hrbat bez blokiranja papira. Tako\u0111er je opremljen bo\u010dnim ljepilom koje pobolj\u0161ava kvalitetu uveza profesionalnih pisa\u010da.<\/p>\n<p>Pogodno za A4 papir, tako\u0111er za papir za bilje\u0161ke, posjetnice itd. Ovaj <strong>toplinsko vezivo <span style=\"color: #ff0000;\">DO<\/span><span style=\"color: #0000ff;\">R<\/span>CMET160<\/strong>\u00a0Pogodan je za tiskare i male knji\u017eare, papirnice, kopirnice, tiskare, knjigove\u017enice i urede.<\/p>\n<h6><strong>Jamstvo\u00a0<span style=\"color: #ff0000;\">DO<\/span><span style=\"color: #0000ff;\">R<\/span>C 2 GODINE<\/strong><\/h6>\n<h6><span style=\"color: #008000;\">Vezivo <span style=\"font-size: 17.6px;\">toplinski<\/span> u\u010dinkovit, niska potro\u0161nja 600w<\/span><\/h6>\n<h6><strong>uklju\u010dena tehni\u010dka podr\u0161ka<\/strong><\/h6>\n<p>&nbsp;<\/p>\n<p>&nbsp;<\/p>\n<table role=\"presentation\" width=\"100%\" cellspacing=\"0\" cellpadding=\"0\">\n<tbody>\n<tr>\n<td class=\"attrLabels\">Temperatura:<\/td>\n<td width=\"50.0%\">0-350\u00baC<\/td>\n<\/tr>\n<tr>\n<td class=\"attrLabels\">Zemlja distribucije:<\/td>\n<td width=\"50.0%\">\u0160panjolska, Njema\u010dka, SAD<\/td>\n<td class=\"attrLabels\">Te\u017eina:<\/td>\n<td width=\"50.0%\">26,8 kg<\/td>\n<\/tr>\n<tr>\n<td class=\"attrLabels\">Marka:<\/td>\n<td width=\"50.0%\">LUK<\/td>\n<td class=\"attrLabels\">Visina:<\/td>\n<td width=\"50.0%\">38 cm<\/td>\n<\/tr>\n<tr>\n<td class=\"attrLabels\">Boja:<\/td>\n<td width=\"50.0%\">Bijela<\/td>\n<td class=\"attrLabels\">dugo:<\/td>\n<td width=\"50.0%\">66 cm<\/td>\n<\/tr>\n<tr>\n<td class=\"attrLabels\">Vrsta proizvoda:<\/td>\n<td width=\"50.0%\">toplinsko vezivo<\/td>\n<td class=\"attrLabels\">\u0160iroko:<\/td>\n<td width=\"50.0%\">48,3 cm<\/td>\n<\/tr>\n<tr>\n<td class=\"attrLabels\">Proizvo\u0111a\u010dki broj:<\/td>\n<td width=\"50.0%\">ARCMET160<\/td>\n<td class=\"attrLabels\">Ulazni napon:<\/td>\n<td width=\"50.0%\">220V \u2013 60Hz<\/td>\n<\/tr>\n<tr>\n<td class=\"attrLabels\">Materijal:<\/td>\n<td width=\"50.0%\">Nehr\u0111aju\u0107i \u010delik, legura aluminija<\/td>\n<td class=\"attrLabels\">Vrijeme grijanja:<\/td>\n<td width=\"50.0%\">30 minuta<\/td>\n<\/tr>\n<tr>\n<td class=\"attrLabels\">Alati za instalaciju:<\/td>\n<td width=\"50.0%\">Da<\/td>\n<td class=\"attrLabels\">Brzina vezanja:<\/td>\n<td width=\"50.0%\">160 na sat<\/td>\n<\/tr>\n<tr>\n<td class=\"attrLabels\">Vlast:<\/td>\n<td width=\"50.0%\">600 W<\/td>\n<td class=\"attrLabels\">Debljina ure\u0111ivanja:<\/td>\n<td width=\"50.0%\">0,1 mm do 40 mm<\/td>\n<\/tr>\n<\/tbody>\n<\/table>","protected":false},"excerpt":{"rendered":"<h2>stroj za termi\u010dko uvezivanje<\/h2>\n<p>Iz <strong><span style=\"color: #ff0000;\">DO<\/span><span style=\"color: #0000ff;\">R<\/span>c<\/strong> nudimo vam a <strong>stroj za uvezivanje<\/strong>. S ISO9001 certifikatom kvalitete. Izra\u0111en od visokokvalitetnog nehr\u0111aju\u0107eg \u010delika 100%. Dizajniran za mala poduze\u0107a, jednostavan za kori\u0161tenje od strane jedne osobe, nije potrebna posebna obuka. Ima<strong> giljotina<\/strong> Izra\u0111en od aluminijske legure s vrlo o\u0161trim i izdr\u017eljivim o\u0161tricama, za prilago\u0111avanje papira \u017eeljenoj veli\u010dini.<\/p>\n<h6><strong>Jamstvo\u00a0<span style=\"color: #ff0000;\">DO<\/span><span style=\"color: #0000ff;\">R<\/span>C 2 GODINE<\/strong><\/h6>\n<h6><span style=\"color: #008000;\">Vezivo <span style=\"font-size: 17.6px;\">toplinski<\/span> u\u010dinkovit, niska potro\u0161nja 600w<\/span><\/h6>\n<h6><strong>uklju\u010dena tehni\u010dka podr\u0161ka<\/strong><\/h6>","protected":false},"featured_media":3535,"comment_status":"open","ping_status":"closed","template":"","meta":{"wds_primary_product_brand":0,"wds_primary_product_cat":0},"product_brand":[],"product_cat":[69],"product_tag":[],"class_list":{"0":"post-3527","1":"product","2":"type-product","3":"status-publish","4":"has-post-thumbnail","6":"product_cat-maquinas-variadas","7":"product_shipping_class-express","9":"first","10":"instock","11":"taxable","12":"shipping-taxable","13":"purchasable","14":"product-type-simple"},"yoast_head":"<!-- This site is optimized with the Yoast SEO Premium plugin v24.9 (Yoast SEO v26.1) - https:\/\/yoast.com\/wordpress\/plugins\/seo\/ -->\n<title>M\u00e1quina de encuadernaci\u00f3n t\u00e9rmica - distribuci\u00f3n ARC<\/title>\n<meta name=\"robots\" content=\"index, follow, max-snippet:-1, max-image-preview:large, max-video-preview:-1\" \/>\n<link rel=\"canonical\" href=\"https:\/\/distribucionarc.com\/hr\/proizvod\/stroj-za-termicko-uvezivanje\/\" \/>\n<meta property=\"og:locale\" content=\"hr_HR\" \/>\n<meta property=\"og:type\" content=\"article\" \/>\n<meta property=\"og:title\" content=\"M\u00e1quina de encuadernaci\u00f3n t\u00e9rmica\" \/>\n<meta property=\"og:description\" content=\"M\u00e1quina de encuadernaci\u00f3n t\u00e9rmica Desde ARC le ofrecemos una m\u00e1quina de encuadernaci\u00f3n. Con certificaci\u00f3n de calidad ISO9001. Fabricada con acero inoxidable 100% de alta calidad. Dise\u00f1ado para peque\u00f1as empresas, f\u00e1cil de usar por una sola persona, no requiere de capacitaci\u00f3n especial. Cuenta con guillotina echa de aleaci\u00f3n de aluminio con hojas muy afiladas y duraderas,\u00a0 para ajustar el papel al tama\u00f1o que requiera. Garant\u00eda\u00a0ARC 2 A\u00d1OS Encuadernadora t\u00e9rmica eficiente, bajo consumo 600w soporte t\u00e9cnico\u00a0incluido\" \/>\n<meta property=\"og:url\" content=\"https:\/\/distribucionarc.com\/hr\/proizvod\/stroj-za-termicko-uvezivanje\/\" \/>\n<meta property=\"og:site_name\" content=\"distribuci\u00f3n ARC\" \/>\n<meta property=\"article:modified_time\" content=\"2023-04-19T10:46:50+00:00\" \/>\n<meta property=\"og:image\" content=\"https:\/\/distribucionarc.com\/wp-content\/uploads\/2020\/10\/M\u00e1quina-de-encuadernaci\u00f3n-t\u00e9rmica-1.jpg\" \/>\n\t<meta property=\"og:image:width\" content=\"1600\" \/>\n\t<meta property=\"og:image:height\" content=\"1600\" \/>\n\t<meta property=\"og:image:type\" content=\"image\/jpeg\" \/>\n<meta name=\"twitter:card\" content=\"summary_large_image\" \/>\n<meta name=\"twitter:label1\" content=\"Procijenjeno vrijeme \u010ditanja\" \/>\n\t<meta name=\"twitter:data1\" content=\"1 minuta\" \/>\n<script type=\"application\/ld+json\" class=\"yoast-schema-graph\">{\"@context\":\"https:\/\/schema.org\",\"@graph\":[{\"@type\":\"WebPage\",\"@id\":\"https:\/\/distribucionarc.com\/it\/producto\/maquina-de-encuadernacion-termica\/\",\"url\":\"https:\/\/distribucionarc.com\/it\/producto\/maquina-de-encuadernacion-termica\/\",\"name\":\"M\u00e1quina de encuadernaci\u00f3n t\u00e9rmica - distribuci\u00f3n ARC\",\"isPartOf\":{\"@id\":\"https:\/\/www.distribucionarc.com\/de\/#website\"},\"primaryImageOfPage\":{\"@id\":\"https:\/\/distribucionarc.com\/it\/producto\/maquina-de-encuadernacion-termica\/#primaryimage\"},\"image\":{\"@id\":\"https:\/\/distribucionarc.com\/it\/producto\/maquina-de-encuadernacion-termica\/#primaryimage\"},\"thumbnailUrl\":\"https:\/\/distribucionarc.com\/wp-content\/uploads\/2020\/10\/M\u00e1quina-de-encuadernaci\u00f3n-t\u00e9rmica-1.jpg\",\"datePublished\":\"2020-10-03T18:07:26+00:00\",\"dateModified\":\"2023-04-19T10:46:50+00:00\",\"breadcrumb\":{\"@id\":\"https:\/\/distribucionarc.com\/it\/producto\/maquina-de-encuadernacion-termica\/#breadcrumb\"},\"inLanguage\":\"hr\",\"potentialAction\":[{\"@type\":\"ReadAction\",\"target\":[\"https:\/\/distribucionarc.com\/it\/producto\/maquina-de-encuadernacion-termica\/\"]}]},{\"@type\":\"ImageObject\",\"inLanguage\":\"hr\",\"@id\":\"https:\/\/distribucionarc.com\/it\/producto\/maquina-de-encuadernacion-termica\/#primaryimage\",\"url\":\"https:\/\/distribucionarc.com\/wp-content\/uploads\/2020\/10\/M\u00e1quina-de-encuadernaci\u00f3n-t\u00e9rmica-1.jpg\",\"contentUrl\":\"https:\/\/distribucionarc.com\/wp-content\/uploads\/2020\/10\/M\u00e1quina-de-encuadernaci\u00f3n-t\u00e9rmica-1.jpg\",\"width\":1600,\"height\":1600,\"caption\":\"M\u00e1quina de encuadernaci\u00f3n t\u00e9rmica\"},{\"@type\":\"BreadcrumbList\",\"@id\":\"https:\/\/distribucionarc.com\/it\/producto\/maquina-de-encuadernacion-termica\/#breadcrumb\",\"itemListElement\":[{\"@type\":\"ListItem\",\"position\":1,\"name\":\"Portada\",\"item\":\"https:\/\/www.distribucionarc.com\/en\/\"},{\"@type\":\"ListItem\",\"position\":2,\"name\":\"Products\",\"item\":\"https:\/\/www.distribucionarc.com\/en\/shop\/\"},{\"@type\":\"ListItem\",\"position\":3,\"name\":\"M\u00e1quina de encuadernaci\u00f3n t\u00e9rmica\"}]},{\"@type\":\"WebSite\",\"@id\":\"https:\/\/www.distribucionarc.com\/de\/#website\",\"url\":\"https:\/\/www.distribucionarc.com\/de\/\",\"name\":\"distribuci\u00f3n ARC\",\"description\":\"Empresa especializada en la fabricaci\u00f3n y distribuci\u00f3n de maquinaria industrial, selladoras de latas, Maquinas de hacer pastillas, Maquinas de cortar carne...\",\"publisher\":{\"@id\":\"https:\/\/www.distribucionarc.com\/de\/#organization\"},\"potentialAction\":[{\"@type\":\"SearchAction\",\"target\":{\"@type\":\"EntryPoint\",\"urlTemplate\":\"https:\/\/www.distribucionarc.com\/de\/?s={search_term_string}\"},\"query-input\":{\"@type\":\"PropertyValueSpecification\",\"valueRequired\":true,\"valueName\":\"search_term_string\"}}],\"inLanguage\":\"hr\"},{\"@type\":\"Organization\",\"@id\":\"https:\/\/www.distribucionarc.com\/de\/#organization\",\"name\":\"Distribuci\u00f3n ARC\",\"url\":\"https:\/\/www.distribucionarc.com\/de\/\",\"logo\":{\"@type\":\"ImageObject\",\"inLanguage\":\"hr\",\"@id\":\"https:\/\/www.distribucionarc.com\/de\/#\/schema\/logo\/image\/\",\"url\":\"https:\/\/distribucionarc.com\/wp-content\/uploads\/2024\/10\/distribucion-ARC-COLOR-SIN-FONDO-e1732295305345.png\",\"contentUrl\":\"https:\/\/distribucionarc.com\/wp-content\/uploads\/2024\/10\/distribucion-ARC-COLOR-SIN-FONDO-e1732295305345.png\",\"width\":1164,\"height\":558,\"caption\":\"Distribuci\u00f3n ARC\"},\"image\":{\"@id\":\"https:\/\/www.distribucionarc.com\/de\/#\/schema\/logo\/image\/\"},\"description\":\"Empresa especializada en la fabricaci\u00f3n y distribuci\u00f3n de maquinaria industrial para los sectores alimentario y farmac\u00e9utico. Nos especializamos en: M\u00e1quinas de cortar carne Fabricaci\u00f3n de comprimidos Sistemas de transporte industrial L\u00edneas de embotellado Dosificadores Y mucho m\u00e1s... Ofrecemos soluciones innovadoras y personalizadas para optimizar los procesos productivos de tu empresa.\",\"email\":\"Admistracion@distribucionarc.com\",\"telephone\":\"+34 643496664\",\"legalName\":\"ARC TECH SOLUTIONS\",\"foundingDate\":\"2024-04-09\",\"vatID\":\"B55480172\",\"numberOfEmployees\":{\"@type\":\"QuantitativeValue\",\"minValue\":\"1\",\"maxValue\":\"10\"}}]}<\/script>\n<!-- \/ Yoast SEO Premium plugin. -->","yoast_head_json":{"title":"Stroj za termi\u010dki uvez - ARC distribucija","robots":{"index":"index","follow":"follow","max-snippet":"max-snippet:-1","max-image-preview":"max-image-preview:large","max-video-preview":"max-video-preview:-1"},"canonical":"https:\/\/distribucionarc.com\/hr\/proizvod\/stroj-za-termicko-uvezivanje\/","og_locale":"hr_HR","og_type":"article","og_title":"M\u00e1quina de encuadernaci\u00f3n t\u00e9rmica","og_description":"M\u00e1quina de encuadernaci\u00f3n t\u00e9rmica Desde ARC le ofrecemos una m\u00e1quina de encuadernaci\u00f3n. Con certificaci\u00f3n de calidad ISO9001. Fabricada con acero inoxidable 100% de alta calidad. Dise\u00f1ado para peque\u00f1as empresas, f\u00e1cil de usar por una sola persona, no requiere de capacitaci\u00f3n especial. Cuenta con guillotina echa de aleaci\u00f3n de aluminio con hojas muy afiladas y duraderas,\u00a0 para ajustar el papel al tama\u00f1o que requiera. Garant\u00eda\u00a0ARC 2 A\u00d1OS Encuadernadora t\u00e9rmica eficiente, bajo consumo 600w soporte t\u00e9cnico\u00a0incluido","og_url":"https:\/\/distribucionarc.com\/hr\/proizvod\/stroj-za-termicko-uvezivanje\/","og_site_name":"distribuci\u00f3n ARC","article_modified_time":"2023-04-19T10:46:50+00:00","og_image":[{"width":1600,"height":1600,"url":"https:\/\/distribucionarc.com\/wp-content\/uploads\/2020\/10\/M\u00e1quina-de-encuadernaci\u00f3n-t\u00e9rmica-1.jpg","type":"image\/jpeg"}],"twitter_card":"summary_large_image","twitter_misc":{"Procijenjeno vrijeme \u010ditanja":"1 minuta"},"schema":{"@context":"https:\/\/schema.org","@graph":[{"@type":"WebPage","@id":"https:\/\/distribucionarc.com\/it\/producto\/maquina-de-encuadernacion-termica\/","url":"https:\/\/distribucionarc.com\/it\/producto\/maquina-de-encuadernacion-termica\/","name":"Stroj za termi\u010dki uvez - ARC distribucija","isPartOf":{"@id":"https:\/\/www.distribucionarc.com\/de\/#website"},"primaryImageOfPage":{"@id":"https:\/\/distribucionarc.com\/it\/producto\/maquina-de-encuadernacion-termica\/#primaryimage"},"image":{"@id":"https:\/\/distribucionarc.com\/it\/producto\/maquina-de-encuadernacion-termica\/#primaryimage"},"thumbnailUrl":"https:\/\/distribucionarc.com\/wp-content\/uploads\/2020\/10\/M\u00e1quina-de-encuadernaci\u00f3n-t\u00e9rmica-1.jpg","datePublished":"2020-10-03T18:07:26+00:00","dateModified":"2023-04-19T10:46:50+00:00","breadcrumb":{"@id":"https:\/\/distribucionarc.com\/it\/producto\/maquina-de-encuadernacion-termica\/#breadcrumb"},"inLanguage":"hr","potentialAction":[{"@type":"ReadAction","target":["https:\/\/distribucionarc.com\/it\/producto\/maquina-de-encuadernacion-termica\/"]}]},{"@type":"ImageObject","inLanguage":"hr","@id":"https:\/\/distribucionarc.com\/it\/producto\/maquina-de-encuadernacion-termica\/#primaryimage","url":"https:\/\/distribucionarc.com\/wp-content\/uploads\/2020\/10\/M\u00e1quina-de-encuadernaci\u00f3n-t\u00e9rmica-1.jpg","contentUrl":"https:\/\/distribucionarc.com\/wp-content\/uploads\/2020\/10\/M\u00e1quina-de-encuadernaci\u00f3n-t\u00e9rmica-1.jpg","width":1600,"height":1600,"caption":"M\u00e1quina de encuadernaci\u00f3n t\u00e9rmica"},{"@type":"BreadcrumbList","@id":"https:\/\/distribucionarc.com\/it\/producto\/maquina-de-encuadernacion-termica\/#breadcrumb","itemListElement":[{"@type":"ListItem","position":1,"name":"Portada","item":"https:\/\/www.distribucionarc.com\/en\/"},{"@type":"ListItem","position":2,"name":"Products","item":"https:\/\/www.distribucionarc.com\/en\/shop\/"},{"@type":"ListItem","position":3,"name":"M\u00e1quina de encuadernaci\u00f3n t\u00e9rmica"}]},{"@type":"WebSite","@id":"https:\/\/www.distribucionarc.com\/de\/#website","url":"https:\/\/www.distribucionarc.com\/de\/","name":"ARC distribucija","description":"Tvrtka specijalizirana za proizvodnju i distribuciju industrijskih strojeva, strojeva za zatvaranje limenki, strojeva za izradu pilula, strojeva za rezanje mesa itd.","publisher":{"@id":"https:\/\/www.distribucionarc.com\/de\/#organization"},"potentialAction":[{"@type":"SearchAction","target":{"@type":"EntryPoint","urlTemplate":"https:\/\/www.distribucionarc.com\/de\/?s={search_term_string}"},"query-input":{"@type":"PropertyValueSpecification","valueRequired":true,"valueName":"search_term_string"}}],"inLanguage":"hr"},{"@type":"Organization","@id":"https:\/\/www.distribucionarc.com\/de\/#organization","name":"ARC distribucija","url":"https:\/\/www.distribucionarc.com\/de\/","logo":{"@type":"ImageObject","inLanguage":"hr","@id":"https:\/\/www.distribucionarc.com\/de\/#\/schema\/logo\/image\/","url":"https:\/\/distribucionarc.com\/wp-content\/uploads\/2024\/10\/distribucion-ARC-COLOR-SIN-FONDO-e1732295305345.png","contentUrl":"https:\/\/distribucionarc.com\/wp-content\/uploads\/2024\/10\/distribucion-ARC-COLOR-SIN-FONDO-e1732295305345.png","width":1164,"height":558,"caption":"Distribuci\u00f3n ARC"},"image":{"@id":"https:\/\/www.distribucionarc.com\/de\/#\/schema\/logo\/image\/"},"description":"Tvrtka specijalizirana za proizvodnju i distribuciju industrijskih strojeva za prehrambeni i farmaceutski sektor. Specijalizirani smo za: Strojeve za rezanje mesa Proizvodnja tableta Industrijske transportne sustave Linije za punjenje Strojevi za doziranje I jo\u0161 mnogo toga... Nudimo inovativna i prilago\u0111ena rje\u0161enja za optimizaciju proizvodnih procesa Va\u0161e tvrtke.","email":"Admistracion@distribucionarc.com","telephone":"+34 643496664","legalName":"ARC TECH SOLUTIONS","foundingDate":"2024-04-09","vatID":"B55480172","numberOfEmployees":{"@type":"QuantitativeValue","minValue":"1","maxValue":"10"}}]}},"_links":{"self":[{"href":"https:\/\/distribucionarc.com\/hr\/wp-json\/wp\/v2\/product\/3527","targetHints":{"allow":["GET"]}}],"collection":[{"href":"https:\/\/distribucionarc.com\/hr\/wp-json\/wp\/v2\/product"}],"about":[{"href":"https:\/\/distribucionarc.com\/hr\/wp-json\/wp\/v2\/types\/product"}],"replies":[{"embeddable":true,"href":"https:\/\/distribucionarc.com\/hr\/wp-json\/wp\/v2\/comments?post=3527"}],"version-history":[{"count":0,"href":"https:\/\/distribucionarc.com\/hr\/wp-json\/wp\/v2\/product\/3527\/revisions"}],"wp:featuredmedia":[{"embeddable":true,"href":"https:\/\/distribucionarc.com\/hr\/wp-json\/wp\/v2\/media\/3535"}],"wp:attachment":[{"href":"https:\/\/distribucionarc.com\/hr\/wp-json\/wp\/v2\/media?parent=3527"}],"wp:term":[{"taxonomy":"product_brand","embeddable":true,"href":"https:\/\/distribucionarc.com\/hr\/wp-json\/wp\/v2\/product_brand?post=3527"},{"taxonomy":"product_cat","embeddable":true,"href":"https:\/\/distribucionarc.com\/hr\/wp-json\/wp\/v2\/product_cat?post=3527"},{"taxonomy":"product_tag","embeddable":true,"href":"https:\/\/distribucionarc.com\/hr\/wp-json\/wp\/v2\/product_tag?post=3527"}],"curies":[{"name":"radni list","href":"https:\/\/api.w.org\/{rel}","templated":true}]}}