{"id":355,"date":"2020-04-17T22:24:28","date_gmt":"2020-04-17T22:24:28","guid":{"rendered":"https:\/\/distribucionarc.com\/?post_type=product&#038;p=355"},"modified":"2025-05-10T00:28:45","modified_gmt":"2025-05-09T22:28:45","slug":"doziranje-punjenje-punjenje-stroj-za-pakiranje-100ml-%f0%9f%94%9b-1000ml","status":"publish","type":"product","link":"https:\/\/distribucionarc.com\/hr\/producto\/dosificadora-embotelladora-llenadora-envasadora-100ml-%f0%9f%94%9b-1000ml\/","title":{"rendered":"Stroj za doziranje, punjenje, punjenje i pakiranje 100 ml? 1000 ml"},"content":{"rendered":"<h2 data-start=\"422\" data-end=\"515\">\ud83e\udd6b Stroj za doziranje, punjenje i boce \u2013 100 do 1000 ml za viskozne proizvode<\/h2>\n<p data-start=\"517\" data-end=\"916\">The <strong data-start=\"520\" data-end=\"573\">Stroj za doziranje i punjenje od 100 do 1000 ml<\/strong> s pneumatskim klipnim sustavom pokazao se kao u\u010dinkovito, precizno i vrlo pouzdano rje\u0161enje za \u0161irok raspon viskoznih proizvoda. Proizvedeno u <strong data-start=\"726\" data-end=\"775\">nehr\u0111aju\u0107i \u010delik prehrambene kvalitete 304\/316<\/strong>, zadovoljava najvi\u0161e standarde kvalitete i higijene te je dizajniran da ponudi industrijske performanse uz veliku jednostavnost kori\u0161tenja.<\/p>\n<h3 data-start=\"918\" data-end=\"958\">\ud83e\udde0 Pravi slu\u010dajevi na\u0161ih klijenata<\/h3>\n<p data-start=\"960\" data-end=\"1229\">U <strong data-start=\"963\" data-end=\"983\">ARC distribucija<\/strong>, ne prodajemo samo strojeve: <strong data-start=\"1014\" data-end=\"1079\">Koristimo ga, pobolj\u0161avamo ga i potkrepljujemo ga iskustvom iz stvarnog svijeta.<\/strong>. Nekoliko na\u0161ih kupaca ve\u0107 godinama koristi ovaj stroj u svojoj svakodnevnoj proizvodnji, s izvrsnim rezultatima. Neki konkretni primjeri:<\/p>\n<h4 data-start=\"1231\" data-end=\"1260\">\ud83e\udd5c Prehrambena industrija<\/h4>\n<ul data-start=\"1261\" data-end=\"1737\">\n<li data-start=\"1261\" data-end=\"1454\">\n<p data-start=\"1263\" data-end=\"1454\"><strong data-start=\"1263\" data-end=\"1285\">Maslac od kikirikija<\/strong>Jedan od na\u0161ih dugogodi\u0161njih kupaca proizvodi maslac od kikirikija u raznim teksturama koriste\u0107i ovaj stroj s velikom precizno\u0161\u0107u i bez ikakvih modifikacija.<\/p>\n<\/li>\n<li data-start=\"1455\" data-end=\"1613\">\n<p data-start=\"1457\" data-end=\"1613\"><strong data-start=\"1457\" data-end=\"1485\">Tradicionalni d\u017eemovi<\/strong>Drugi kupac, obrtnik koji proizvodi pekmez, koristi ovaj punja\u010d za staklenke od 250 ml i 500 ml, bez otpada ili gre\u0161aka.<\/p>\n<\/li>\n<li data-start=\"1614\" data-end=\"1737\">\n<p data-start=\"1616\" data-end=\"1737\"><strong data-start=\"1616\" data-end=\"1652\">Gusti umaci i koncentrati raj\u010dice<\/strong>Koriste ga i proizvo\u0111a\u010di umaka za ro\u0161tilj, aiolija ili gustih preljeva.<\/p>\n<\/li>\n<\/ul>\n<h4 data-start=\"1739\" data-end=\"1756\">\ud83e\uddf4 Kozmetika<\/h4>\n<ul data-start=\"1757\" data-end=\"1866\">\n<li data-start=\"1757\" data-end=\"1787\">\n<p data-start=\"1759\" data-end=\"1787\"><strong data-start=\"1759\" data-end=\"1787\">Guste kreme za tijelo<\/strong><\/p>\n<\/li>\n<li data-start=\"1788\" data-end=\"1832\">\n<p data-start=\"1790\" data-end=\"1832\"><strong data-start=\"1790\" data-end=\"1832\">Maske za lice te\u0161ke teksture<\/strong><\/p>\n<\/li>\n<li data-start=\"1833\" data-end=\"1866\">\n<p data-start=\"1835\" data-end=\"1866\"><strong data-start=\"1835\" data-end=\"1866\">Gelovi i balzami za tijelo<\/strong><\/p>\n<\/li>\n<\/ul>\n<h4 data-start=\"1868\" data-end=\"1883\">\ud83e\uddea Kemija<\/h4>\n<ul data-start=\"1884\" data-end=\"2000\">\n<li data-start=\"1884\" data-end=\"1917\">\n<p data-start=\"1886\" data-end=\"1917\"><strong data-start=\"1886\" data-end=\"1917\">Industrijska pasta za \u010di\u0161\u0107enje<\/strong><\/p>\n<\/li>\n<li data-start=\"1918\" data-end=\"1953\">\n<p data-start=\"1920\" data-end=\"1953\"><strong data-start=\"1920\" data-end=\"1953\">Gusti deterd\u017eenti bez pjene<\/strong><\/p>\n<\/li>\n<li data-start=\"1954\" data-end=\"2000\">\n<p data-start=\"1956\" data-end=\"2000\"><strong data-start=\"1956\" data-end=\"2000\">Polu\u010dvrsta maziva u mekom pakiranju<\/strong><\/p>\n<\/li>\n<\/ul>\n<h4 data-start=\"2002\" data-end=\"2035\">\ud83d\udc8a Farmaceutski i biljni lijekovi<\/h4>\n<ul data-start=\"2036\" data-end=\"2129\">\n<li data-start=\"2036\" data-end=\"2070\">\n<p data-start=\"2038\" data-end=\"2070\"><strong data-start=\"2038\" data-end=\"2070\">Viskozni biljni ekstrakti<\/strong><\/p>\n<\/li>\n<li data-start=\"2071\" data-end=\"2092\">\n<p data-start=\"2073\" data-end=\"2092\"><strong data-start=\"2073\" data-end=\"2092\">Gusti sirupi<\/strong><\/p>\n<\/li>\n<li data-start=\"2093\" data-end=\"2129\">\n<p data-start=\"2095\" data-end=\"2129\"><strong data-start=\"2095\" data-end=\"2129\">Prirodne masti i balzami<\/strong><\/p>\n<\/li>\n<\/ul>\n<p data-start=\"2131\" data-end=\"2360\">Zahvaljuju\u0107i va\u0161em <strong data-start=\"2144\" data-end=\"2162\">Spremnik od 50 kg<\/strong>njegov <strong data-start=\"2167\" data-end=\"2211\">mlaznica s podesivim sustavom protiv kapanja<\/strong> i svojim modularnim dizajnom (koji omogu\u0107uje brzu zamjenu dijelova u slu\u010daju kvara), ovaj stroj je <strong data-start=\"2314\" data-end=\"2357\">vrlo jednostavan za rukovanje, \u010di\u0161\u0107enje i odr\u017eavanje<\/strong>.<\/p>\n<p data-start=\"2362\" data-end=\"2520\">Osim toga, budu\u0107i <strong data-start=\"2377\" data-end=\"2435\">poluautomatski s opcijom automatskog rada<\/strong>, savr\u0161eno je prilago\u0111en i za obrtni\u010dke i za industrijske proizvodne linije.<\/p>\n<p data-start=\"2522\" data-end=\"2673\">S certifikatom <strong data-start=\"2538\" data-end=\"2544\">EC<\/strong>, izravna tehni\u010dka podr\u0161ka i <strong data-start=\"2572\" data-end=\"2594\">2-godi\u0161nje jamstvo<\/strong>Ovo punilo je dizajnirano da traje i prilagodi se razli\u010ditim proizvodnjama.<\/p>\n<p>&nbsp;<\/p>\n<table>\n<thead>\n<tr>\n<th>Zna\u010dajka<\/th>\n<th>Detalj<\/th>\n<\/tr>\n<\/thead>\n<tbody>\n<tr>\n<td>Vrsta stroja<\/td>\n<td>Pneumatski klipni stroj za doziranje boca<\/td>\n<\/tr>\n<tr>\n<td>Raspon punjenja<\/td>\n<td>100 ml \u2013 1000 ml<\/td>\n<\/tr>\n<tr>\n<td>Sustav punjenja<\/td>\n<td>Pneumatski klip s rotacijskim ventilom<\/td>\n<\/tr>\n<tr>\n<td>Glava za punjenje<\/td>\n<td>Pojedina\u010dna mlaznica sa sustavom protiv kapanja<\/td>\n<\/tr>\n<tr>\n<td>Brzina proizvodnje<\/td>\n<td>Do 30 boca u minuti<\/td>\n<\/tr>\n<tr>\n<td>Kapacitet spremnika<\/td>\n<td>50 kg<\/td>\n<\/tr>\n<tr>\n<td>To\u010dnost punjenja<\/td>\n<td>\u00b11%<\/td>\n<\/tr>\n<tr>\n<td>Na\u010din rada<\/td>\n<td>Poluautomatski \/ Automatski<\/td>\n<\/tr>\n<tr>\n<td>Regulacija punjenja<\/td>\n<td>Podesiva glasno\u0107a i brzina<\/td>\n<\/tr>\n<tr>\n<td>Materijal u kontaktu<\/td>\n<td>Nehr\u0111aju\u0107i \u010delik 304\/316<\/td>\n<\/tr>\n<tr>\n<td>Radni tlak<\/td>\n<td>0,4 \u2013 0,9 MPa<\/td>\n<\/tr>\n<tr>\n<td>Napajanje<\/td>\n<td>220 V<\/td>\n<\/tr>\n<tr>\n<td>\u010ci\u0161\u0107enje i odr\u017eavanje<\/td>\n<td>Jednostavno rastavljanje i pranje<\/td>\n<\/tr>\n<tr>\n<td>Modularni dizajn<\/td>\n<td>Da, s brzom zamjenom dijelova<\/td>\n<\/tr>\n<tr>\n<td>Manometar<\/td>\n<td>Uklju\u010duju\u0107i<\/td>\n<\/tr>\n<tr>\n<td>Certifikacija<\/td>\n<td>EC<\/td>\n<\/tr>\n<tr>\n<td>Jamstvo<\/td>\n<td>2 godine<\/td>\n<\/tr>\n<tr>\n<td>Tehni\u010dka podr\u0161ka<\/td>\n<td>Uklju\u010duju\u0107i<\/td>\n<\/tr>\n<\/tbody>\n<\/table>\n<p>&nbsp;<\/p>","protected":false},"excerpt":{"rendered":"<p>Stroj za punjenje vrlo viskoznih teku\u0107ina Poluautomatski, pogonjen pneumatskim klipom, izra\u0111en od najkvalitetnijih materijala. Opremljen s pet ventila koji kontroliraju protok proizvoda. Struktura s vrhunskim dizajnom i svim je modelima jednostavno rukovati. Pneumatske komponente koje se koriste proizvedene su u Njema\u010dkoj i Tajvanu. Svi kori\u0161teni kontaktni materijali su nehr\u0111aju\u0107i \u010delik 316 u skladu sa zahtjevima GMP. Koli\u010dina i brzina punjenja mogu se regulirati s velikom precizno\u0161\u0107u.<\/p>","protected":false},"featured_media":17479,"comment_status":"open","ping_status":"closed","template":"","meta":{"wds_primary_product_brand":0,"wds_primary_product_cat":0},"product_brand":[],"product_cat":[18,20,321,21],"product_tag":[],"class_list":{"0":"post-355","1":"product","2":"type-product","3":"status-publish","4":"has-post-thumbnail","6":"product_cat-dosificadoras","7":"product_cat-dosificadoras-de-pastosos","8":"product_cat-llenadoras-de-piston","9":"product_cat-maquinas-llenadoras","11":"first","12":"instock","13":"sale","14":"taxable","15":"shipping-taxable","16":"purchasable","17":"product-type-simple"},"yoast_head":"<!-- This site is optimized with the Yoast SEO Premium plugin v24.9 (Yoast SEO v26.1) - https:\/\/yoast.com\/wordpress\/plugins\/seo\/ -->\n<title>Dosificadora, Embotelladora, Llenadora Envasadora 100 ml ? 1000 ml - distribuci\u00f3n ARC<\/title>\n<meta name=\"description\" content=\"M\u00e1quina dosificadora y embotelladora para productos viscosos como cremas, mermeladas, salsas y cosm\u00e9ticos. Rango de llenado de 100 a 1000 ml. Precisi\u00f3n \u00b11%. F\u00e1cil de usar y limpiar.\" \/>\n<meta name=\"robots\" content=\"index, follow, max-snippet:-1, max-image-preview:large, max-video-preview:-1\" \/>\n<link rel=\"canonical\" href=\"https:\/\/distribucionarc.com\/hr\/proizvod\/doziranje-punjenje-punjenje-stroj-za-pakiranje-100ml-\ud83d\udd1b-1000ml\/\" \/>\n<meta property=\"og:locale\" content=\"hr_HR\" \/>\n<meta property=\"og:type\" content=\"article\" \/>\n<meta property=\"og:title\" content=\"Dosificadora, Embotelladora, Llenadora Envasadora 100 ml ? 1000 ml\" \/>\n<meta property=\"og:description\" content=\"M\u00e1quina dosificadora y embotelladora para productos viscosos como cremas, mermeladas, salsas y cosm\u00e9ticos. Rango de llenado de 100 a 1000 ml. Precisi\u00f3n \u00b11%. F\u00e1cil de usar y limpiar.\" \/>\n<meta property=\"og:url\" content=\"https:\/\/distribucionarc.com\/hr\/proizvod\/doziranje-punjenje-punjenje-stroj-za-pakiranje-100ml-\ud83d\udd1b-1000ml\/\" \/>\n<meta property=\"og:site_name\" content=\"distribuci\u00f3n ARC\" \/>\n<meta property=\"article:modified_time\" content=\"2025-05-09T22:28:45+00:00\" \/>\n<meta property=\"og:image\" content=\"https:\/\/distribucionarc.com\/wp-content\/uploads\/2020\/04\/Maquina-dosificadora-de-mermeladas-y-cremas.png\" \/>\n\t<meta property=\"og:image:width\" content=\"628\" \/>\n\t<meta property=\"og:image:height\" content=\"476\" \/>\n\t<meta property=\"og:image:type\" content=\"image\/png\" \/>\n<meta name=\"twitter:card\" content=\"summary_large_image\" \/>\n<meta name=\"twitter:label1\" content=\"Procijenjeno vrijeme \u010ditanja\" \/>\n\t<meta name=\"twitter:data1\" content=\"3 minute\" \/>\n<script type=\"application\/ld+json\" class=\"yoast-schema-graph\">{\"@context\":\"https:\/\/schema.org\",\"@graph\":[{\"@type\":\"WebPage\",\"@id\":\"https:\/\/distribucionarc.com\/hr\/producto\/dosificadora-embotelladora-llenadora-envasadora-100ml-%f0%9f%94%9b-1000ml\/\",\"url\":\"https:\/\/distribucionarc.com\/hr\/producto\/dosificadora-embotelladora-llenadora-envasadora-100ml-%f0%9f%94%9b-1000ml\/\",\"name\":\"Dosificadora, Embotelladora, Llenadora Envasadora 100 ml ? 1000 ml - distribuci\u00f3n ARC\",\"isPartOf\":{\"@id\":\"https:\/\/distribucionarc.com\/ar\/#website\"},\"primaryImageOfPage\":{\"@id\":\"https:\/\/distribucionarc.com\/hr\/producto\/dosificadora-embotelladora-llenadora-envasadora-100ml-%f0%9f%94%9b-1000ml\/#primaryimage\"},\"image\":{\"@id\":\"https:\/\/distribucionarc.com\/hr\/producto\/dosificadora-embotelladora-llenadora-envasadora-100ml-%f0%9f%94%9b-1000ml\/#primaryimage\"},\"thumbnailUrl\":\"https:\/\/distribucionarc.com\/wp-content\/uploads\/2020\/04\/Maquina-dosificadora-de-mermeladas-y-cremas.png\",\"datePublished\":\"2020-04-17T22:24:28+00:00\",\"dateModified\":\"2025-05-09T22:28:45+00:00\",\"description\":\"M\u00e1quina dosificadora y embotelladora para productos viscosos como cremas, mermeladas, salsas y cosm\u00e9ticos. Rango de llenado de 100 a 1000 ml. Precisi\u00f3n \u00b11%. F\u00e1cil de usar y limpiar.\",\"breadcrumb\":{\"@id\":\"https:\/\/distribucionarc.com\/hr\/producto\/dosificadora-embotelladora-llenadora-envasadora-100ml-%f0%9f%94%9b-1000ml\/#breadcrumb\"},\"inLanguage\":\"hr\",\"potentialAction\":[{\"@type\":\"ReadAction\",\"target\":[\"https:\/\/distribucionarc.com\/hr\/producto\/dosificadora-embotelladora-llenadora-envasadora-100ml-%f0%9f%94%9b-1000ml\/\"]}]},{\"@type\":\"ImageObject\",\"inLanguage\":\"hr\",\"@id\":\"https:\/\/distribucionarc.com\/hr\/producto\/dosificadora-embotelladora-llenadora-envasadora-100ml-%f0%9f%94%9b-1000ml\/#primaryimage\",\"url\":\"https:\/\/distribucionarc.com\/wp-content\/uploads\/2020\/04\/Maquina-dosificadora-de-mermeladas-y-cremas.png\",\"contentUrl\":\"https:\/\/distribucionarc.com\/wp-content\/uploads\/2020\/04\/Maquina-dosificadora-de-mermeladas-y-cremas.png\",\"width\":628,\"height\":476,\"caption\":\"Vista frontal de la m\u00e1quina dosificadora 100\u20131000 ml ideal para mermeladas, cremas y productos alimentarios viscosos\"},{\"@type\":\"BreadcrumbList\",\"@id\":\"https:\/\/distribucionarc.com\/hr\/producto\/dosificadora-embotelladora-llenadora-envasadora-100ml-%f0%9f%94%9b-1000ml\/#breadcrumb\",\"itemListElement\":[{\"@type\":\"ListItem\",\"position\":1,\"name\":\"Portada\",\"item\":\"https:\/\/www.distribucionarc.com\/pt\/\"},{\"@type\":\"ListItem\",\"position\":2,\"name\":\"Produtos\",\"item\":\"https:\/\/www.distribucionarc.com\/pt\/shop\/\"},{\"@type\":\"ListItem\",\"position\":3,\"name\":\"Dosificadora, Embotelladora, Llenadora Envasadora 100 ml ? 1000 ml\"}]},{\"@type\":\"WebSite\",\"@id\":\"https:\/\/distribucionarc.com\/ar\/#website\",\"url\":\"https:\/\/distribucionarc.com\/ar\/\",\"name\":\"distribuci\u00f3n ARC\",\"description\":\"Empresa especializada en la fabricaci\u00f3n y distribuci\u00f3n de maquinaria industrial, selladoras de latas, Maquinas de hacer pastillas, Maquinas de cortar carne...\",\"publisher\":{\"@id\":\"https:\/\/distribucionarc.com\/ar\/#organization\"},\"potentialAction\":[{\"@type\":\"SearchAction\",\"target\":{\"@type\":\"EntryPoint\",\"urlTemplate\":\"https:\/\/distribucionarc.com\/ar\/?s={search_term_string}\"},\"query-input\":{\"@type\":\"PropertyValueSpecification\",\"valueRequired\":true,\"valueName\":\"search_term_string\"}}],\"inLanguage\":\"hr\"},{\"@type\":\"Organization\",\"@id\":\"https:\/\/distribucionarc.com\/ar\/#organization\",\"name\":\"Distribuci\u00f3n ARC\",\"url\":\"https:\/\/distribucionarc.com\/ar\/\",\"logo\":{\"@type\":\"ImageObject\",\"inLanguage\":\"hr\",\"@id\":\"https:\/\/distribucionarc.com\/ar\/#\/schema\/logo\/image\/\",\"url\":\"https:\/\/distribucionarc.com\/wp-content\/uploads\/2024\/10\/distribucion-ARC-COLOR-SIN-FONDO-e1732295305345.png\",\"contentUrl\":\"https:\/\/distribucionarc.com\/wp-content\/uploads\/2024\/10\/distribucion-ARC-COLOR-SIN-FONDO-e1732295305345.png\",\"width\":1164,\"height\":558,\"caption\":\"Distribuci\u00f3n ARC\"},\"image\":{\"@id\":\"https:\/\/distribucionarc.com\/ar\/#\/schema\/logo\/image\/\"},\"description\":\"Empresa especializada en la fabricaci\u00f3n y distribuci\u00f3n de maquinaria industrial para los sectores alimentario y farmac\u00e9utico. Nos especializamos en: M\u00e1quinas de cortar carne Fabricaci\u00f3n de comprimidos Sistemas de transporte industrial L\u00edneas de embotellado Dosificadores Y mucho m\u00e1s... Ofrecemos soluciones innovadoras y personalizadas para optimizar los procesos productivos de tu empresa.\",\"email\":\"Admistracion@distribucionarc.com\",\"telephone\":\"+34 643496664\",\"legalName\":\"ARC TECH SOLUTIONS\",\"foundingDate\":\"2024-04-09\",\"vatID\":\"B55480172\",\"numberOfEmployees\":{\"@type\":\"QuantitativeValue\",\"minValue\":\"1\",\"maxValue\":\"10\"}}]}<\/script>\n<!-- \/ Yoast SEO Premium plugin. -->","yoast_head_json":{"title":"Stroj za doziranje, punjenje, punjenje i pakiranje 100 ml? 1000 ml - ARC distribucija","description":"Stroj za doziranje i punjenje viskoznih proizvoda poput krema, d\u017eemova, umaka i kozmetike. Raspon punjenja od 100 do 1000 ml. To\u010dnost \u00b11%. Jednostavno za kori\u0161tenje i \u010di\u0161\u0107enje.","robots":{"index":"index","follow":"follow","max-snippet":"max-snippet:-1","max-image-preview":"max-image-preview:large","max-video-preview":"max-video-preview:-1"},"canonical":"https:\/\/distribucionarc.com\/hr\/proizvod\/doziranje-punjenje-punjenje-stroj-za-pakiranje-100ml-\ud83d\udd1b-1000ml\/","og_locale":"hr_HR","og_type":"article","og_title":"Dosificadora, Embotelladora, Llenadora Envasadora 100 ml ? 1000 ml","og_description":"M\u00e1quina dosificadora y embotelladora para productos viscosos como cremas, mermeladas, salsas y cosm\u00e9ticos. Rango de llenado de 100 a 1000 ml. Precisi\u00f3n \u00b11%. F\u00e1cil de usar y limpiar.","og_url":"https:\/\/distribucionarc.com\/hr\/proizvod\/doziranje-punjenje-punjenje-stroj-za-pakiranje-100ml-\ud83d\udd1b-1000ml\/","og_site_name":"distribuci\u00f3n ARC","article_modified_time":"2025-05-09T22:28:45+00:00","og_image":[{"width":628,"height":476,"url":"https:\/\/distribucionarc.com\/wp-content\/uploads\/2020\/04\/Maquina-dosificadora-de-mermeladas-y-cremas.png","type":"image\/png"}],"twitter_card":"summary_large_image","twitter_misc":{"Procijenjeno vrijeme \u010ditanja":"3 minute"},"schema":{"@context":"https:\/\/schema.org","@graph":[{"@type":"WebPage","@id":"https:\/\/distribucionarc.com\/hr\/producto\/dosificadora-embotelladora-llenadora-envasadora-100ml-%f0%9f%94%9b-1000ml\/","url":"https:\/\/distribucionarc.com\/hr\/producto\/dosificadora-embotelladora-llenadora-envasadora-100ml-%f0%9f%94%9b-1000ml\/","name":"Stroj za doziranje, punjenje, punjenje i pakiranje 100 ml? 1000 ml - ARC distribucija","isPartOf":{"@id":"https:\/\/distribucionarc.com\/ar\/#website"},"primaryImageOfPage":{"@id":"https:\/\/distribucionarc.com\/hr\/producto\/dosificadora-embotelladora-llenadora-envasadora-100ml-%f0%9f%94%9b-1000ml\/#primaryimage"},"image":{"@id":"https:\/\/distribucionarc.com\/hr\/producto\/dosificadora-embotelladora-llenadora-envasadora-100ml-%f0%9f%94%9b-1000ml\/#primaryimage"},"thumbnailUrl":"https:\/\/distribucionarc.com\/wp-content\/uploads\/2020\/04\/Maquina-dosificadora-de-mermeladas-y-cremas.png","datePublished":"2020-04-17T22:24:28+00:00","dateModified":"2025-05-09T22:28:45+00:00","description":"Stroj za doziranje i punjenje viskoznih proizvoda poput krema, d\u017eemova, umaka i kozmetike. Raspon punjenja od 100 do 1000 ml. To\u010dnost \u00b11%. Jednostavno za kori\u0161tenje i \u010di\u0161\u0107enje.","breadcrumb":{"@id":"https:\/\/distribucionarc.com\/hr\/producto\/dosificadora-embotelladora-llenadora-envasadora-100ml-%f0%9f%94%9b-1000ml\/#breadcrumb"},"inLanguage":"hr","potentialAction":[{"@type":"ReadAction","target":["https:\/\/distribucionarc.com\/hr\/producto\/dosificadora-embotelladora-llenadora-envasadora-100ml-%f0%9f%94%9b-1000ml\/"]}]},{"@type":"ImageObject","inLanguage":"hr","@id":"https:\/\/distribucionarc.com\/hr\/producto\/dosificadora-embotelladora-llenadora-envasadora-100ml-%f0%9f%94%9b-1000ml\/#primaryimage","url":"https:\/\/distribucionarc.com\/wp-content\/uploads\/2020\/04\/Maquina-dosificadora-de-mermeladas-y-cremas.png","contentUrl":"https:\/\/distribucionarc.com\/wp-content\/uploads\/2020\/04\/Maquina-dosificadora-de-mermeladas-y-cremas.png","width":628,"height":476,"caption":"Vista frontal de la m\u00e1quina dosificadora 100\u20131000 ml ideal para mermeladas, cremas y productos alimentarios viscosos"},{"@type":"BreadcrumbList","@id":"https:\/\/distribucionarc.com\/hr\/producto\/dosificadora-embotelladora-llenadora-envasadora-100ml-%f0%9f%94%9b-1000ml\/#breadcrumb","itemListElement":[{"@type":"ListItem","position":1,"name":"Portada","item":"https:\/\/www.distribucionarc.com\/pt\/"},{"@type":"ListItem","position":2,"name":"Produtos","item":"https:\/\/www.distribucionarc.com\/pt\/shop\/"},{"@type":"ListItem","position":3,"name":"Dosificadora, Embotelladora, Llenadora Envasadora 100 ml ? 1000 ml"}]},{"@type":"WebSite","@id":"https:\/\/distribucionarc.com\/ar\/#website","url":"https:\/\/distribucionarc.com\/ar\/","name":"ARC distribucija","description":"Tvrtka specijalizirana za proizvodnju i distribuciju industrijskih strojeva, strojeva za zatvaranje limenki, strojeva za izradu pilula, strojeva za rezanje mesa itd.","publisher":{"@id":"https:\/\/distribucionarc.com\/ar\/#organization"},"potentialAction":[{"@type":"SearchAction","target":{"@type":"EntryPoint","urlTemplate":"https:\/\/distribucionarc.com\/ar\/?s={search_term_string}"},"query-input":{"@type":"PropertyValueSpecification","valueRequired":true,"valueName":"search_term_string"}}],"inLanguage":"hr"},{"@type":"Organization","@id":"https:\/\/distribucionarc.com\/ar\/#organization","name":"ARC distribucija","url":"https:\/\/distribucionarc.com\/ar\/","logo":{"@type":"ImageObject","inLanguage":"hr","@id":"https:\/\/distribucionarc.com\/ar\/#\/schema\/logo\/image\/","url":"https:\/\/distribucionarc.com\/wp-content\/uploads\/2024\/10\/distribucion-ARC-COLOR-SIN-FONDO-e1732295305345.png","contentUrl":"https:\/\/distribucionarc.com\/wp-content\/uploads\/2024\/10\/distribucion-ARC-COLOR-SIN-FONDO-e1732295305345.png","width":1164,"height":558,"caption":"Distribuci\u00f3n ARC"},"image":{"@id":"https:\/\/distribucionarc.com\/ar\/#\/schema\/logo\/image\/"},"description":"Tvrtka specijalizirana za proizvodnju i distribuciju industrijskih strojeva za prehrambeni i farmaceutski sektor. Specijalizirani smo za: Strojeve za rezanje mesa Proizvodnja tableta Industrijske transportne sustave Linije za punjenje Strojevi za doziranje I jo\u0161 mnogo toga... Nudimo inovativna i prilago\u0111ena rje\u0161enja za optimizaciju proizvodnih procesa Va\u0161e tvrtke.","email":"Admistracion@distribucionarc.com","telephone":"+34 643496664","legalName":"ARC TECH SOLUTIONS","foundingDate":"2024-04-09","vatID":"B55480172","numberOfEmployees":{"@type":"QuantitativeValue","minValue":"1","maxValue":"10"}}]}},"_links":{"self":[{"href":"https:\/\/distribucionarc.com\/hr\/wp-json\/wp\/v2\/product\/355","targetHints":{"allow":["GET"]}}],"collection":[{"href":"https:\/\/distribucionarc.com\/hr\/wp-json\/wp\/v2\/product"}],"about":[{"href":"https:\/\/distribucionarc.com\/hr\/wp-json\/wp\/v2\/types\/product"}],"replies":[{"embeddable":true,"href":"https:\/\/distribucionarc.com\/hr\/wp-json\/wp\/v2\/comments?post=355"}],"version-history":[{"count":2,"href":"https:\/\/distribucionarc.com\/hr\/wp-json\/wp\/v2\/product\/355\/revisions"}],"predecessor-version":[{"id":17483,"href":"https:\/\/distribucionarc.com\/hr\/wp-json\/wp\/v2\/product\/355\/revisions\/17483"}],"wp:featuredmedia":[{"embeddable":true,"href":"https:\/\/distribucionarc.com\/hr\/wp-json\/wp\/v2\/media\/17479"}],"wp:attachment":[{"href":"https:\/\/distribucionarc.com\/hr\/wp-json\/wp\/v2\/media?parent=355"}],"wp:term":[{"taxonomy":"product_brand","embeddable":true,"href":"https:\/\/distribucionarc.com\/hr\/wp-json\/wp\/v2\/product_brand?post=355"},{"taxonomy":"product_cat","embeddable":true,"href":"https:\/\/distribucionarc.com\/hr\/wp-json\/wp\/v2\/product_cat?post=355"},{"taxonomy":"product_tag","embeddable":true,"href":"https:\/\/distribucionarc.com\/hr\/wp-json\/wp\/v2\/product_tag?post=355"}],"curies":[{"name":"radni list","href":"https:\/\/api.w.org\/{rel}","templated":true}]}}