{"id":3592,"date":"2020-10-05T11:45:53","date_gmt":"2020-10-05T11:45:53","guid":{"rendered":"https:\/\/distribucionarc.com\/?post_type=product&#038;p=3592"},"modified":"2020-10-05T11:46:57","modified_gmt":"2020-10-05T11:46:57","slug":"poluautomatski-zatvarac-limenki-53mm","status":"publish","type":"product","link":"https:\/\/distribucionarc.com\/hr\/producto\/selladora-de-latas-semiautomatica-53mm\/","title":{"rendered":"Poluautomatski zatvara\u010d limenki 53 mm"},"content":{"rendered":"<h3>Poluautomatski zatvara\u010d limenki 53 mm<\/h3>\n<p>Ovaj\u00a0<strong>limenka capper\u00a0<span style=\"color: #ff0000;\">DO<\/span><span style=\"color: #0000ff;\">R<\/span>c<\/strong>\u00a0Izra\u0111en je od vrhunskog uglji\u010dnog \u010delika koji jam\u010di izdr\u017eljivost. Povr\u0161ina \u0161koljke je obra\u0111ena plastikom oblo\u017eenom prahom, koja je abrazivna, otporna na hr\u0111u i koroziju.<\/p>\n<p>Zatvaranje se kontrolira ru\u010dno. Mo\u017eete podesiti stalak pomo\u0107u osovine za pode\u0161avanje visine kako bi odgovarao limenkama razli\u010ditih visina, raspon visine 11,5-603 mm. Promjer 53mm.<\/p>\n<p>The\u00a0<strong>ma\u0161inica za \u0161i\u0161anje<\/strong>\u00a0od\u00a0<strong><span style=\"color: #ff0000;\">DO<\/span><span style=\"color: #0000ff;\">R<\/span>CSLA53<\/strong>\u00a0Ima dva na\u010dina pe\u010da\u0107enja, jedan gdje je pe\u010da\u0107enje automatsko i drugi gdje mo\u017eete kontrolirati proces pe\u010da\u0107enja pomo\u0107u prekida\u010da za kontrolu to\u010dke<\/p>\n<p>Motor s dvostrukom bakrenom jezgrom uvelike doprinosi\u00a0<strong>visoko u\u010dinkovit rad<\/strong>\u00a0stroja za zatvaranje limenki. Motori velike snage pobolj\u0161avaju u\u010dinkovitost.<\/p>\n<p>Ovaj\u00a0<strong>automatski \u0161iva\u010d limenki<\/strong>\u00a0za njega\u00a0<strong>profesionalno konzerviranje<\/strong>\u00a0Savr\u0161en je za sve vrste papirnatih, \u017eeljeznih, limenih i plasti\u010dnih limenki, za zatvaranje limenih, aluminijskih poklopaca i za zatvaranje limenki.<\/p>\n<h6><strong>Jamstvo\u00a0<span style=\"color: #ff0000;\">DO<\/span><span style=\"color: #0000ff;\">R<\/span>C 2 GODINE<\/strong><\/h6>\n<h6><span style=\"color: #008000;\">\u00a0U\u010dinkovit automatski zatvara\u010d limenki, niska potro\u0161nja 330 W<\/span><\/h6>\n<h6><strong>uklju\u010dena tehni\u010dka podr\u0161ka<\/strong><\/h6>\n<p>&nbsp;<\/p>\n<table role=\"presentation\" width=\"100%\" cellspacing=\"0\" cellpadding=\"0\">\n<tbody>\n<tr>\n<td class=\"attrLabels\">Marka:<\/td>\n<td width=\"50.0%\">LUK<\/td>\n<\/tr>\n<tr>\n<td class=\"attrLabels\">Zemlja distribucije:<\/td>\n<td width=\"50.0%\">\u0160panjolska, Njema\u010dka, SAD<\/td>\n<td class=\"attrLabels\">Te\u017eina:<\/td>\n<td width=\"50.0%\">31 kg<\/td>\n<\/tr>\n<tr>\n<td class=\"attrLabels\">Marka:<\/td>\n<td width=\"50.0%\">LUK<\/td>\n<td class=\"attrLabels\">Visina:<\/td>\n<td width=\"50.0%\">76,5 cm<\/td>\n<\/tr>\n<tr>\n<td class=\"attrLabels\">Boja:<\/td>\n<td width=\"50.0%\">Srebro<\/td>\n<td class=\"attrLabels\">dugo:<\/td>\n<td width=\"50.0%\">35 cm<\/td>\n<\/tr>\n<tr>\n<td class=\"attrLabels\">Vrsta proizvoda:<\/td>\n<td width=\"50.0%\">Poluautomatski zatvara\u010d limenki<\/td>\n<td class=\"attrLabels\">\u0160iroko:<\/td>\n<td width=\"50.0%\">45 cm<\/td>\n<\/tr>\n<tr>\n<td class=\"attrLabels\">Proizvo\u0111a\u010dki broj:<\/td>\n<td width=\"50.0%\">ARCSLA53<\/td>\n<td class=\"attrLabels\">Vlast:<\/td>\n<td width=\"50.0%\">330 W<\/td>\n<\/tr>\n<tr>\n<td class=\"attrLabels\">Materijal:<\/td>\n<td width=\"50.0%\">uglji\u010dni \u010delik, bakreni motor<\/td>\n<td class=\"attrLabels\">ulazni napon<\/td>\n<td width=\"50.0%\">220V \u2013 60Hz<\/td>\n<\/tr>\n<tr>\n<td class=\"attrLabels\">Jamstvo:<\/td>\n<td width=\"50.0%\">\u00a0 2 godine<\/td>\n<td class=\"attrLabels\">Brzina pakiranja:<\/td>\n<td width=\"50.0%\">20 \u2013 40 komada u minuti<\/td>\n<\/tr>\n<tr>\n<td class=\"attrLabels\">Alati za instalaciju:<\/td>\n<td width=\"50.0%\">Da<\/td>\n<td class=\"attrLabels\">\u00a0Raspon visine limenke:<\/td>\n<td width=\"50.0%\">11,5 \u2013 605 mm<\/td>\n<\/tr>\n<\/tbody>\n<\/table>","protected":false},"excerpt":{"rendered":"<h2>Poluautomatski zatvara\u010d limenki 53 mm<\/h2>\n<p>The\u00a0<strong>elektri\u010dni \u0161iva\u010d limenki<\/strong>\u00a0od<span style=\"color: #ff0000;\">\u00a0<\/span><strong><span style=\"color: #ff0000;\">DO<\/span><span style=\"color: #0000ff;\">R<\/span>c<\/strong>\u00a0Pogodan je za sve vrste\u00a0<strong>\u017eeljezne limenke<\/strong>,\u00a0<strong>plasti\u010dni<\/strong>,\u00a0<strong>kositar<\/strong>\u00a0i\u00a0<strong>papir<\/strong>, pove\u0107ajte svoju proizvodnju uz minimalan napor, uvelike pobolj\u0161avaju\u0107i radnu u\u010dinkovitost. od\u00a0<strong>najbolja kvaliteta<\/strong>\u00a0i\u00a0<strong>jednostavan za rukovanje<\/strong>. To je idealna oprema za industriju hrane, pi\u0107a, \u010daja i druge bitne industrije.<\/p>\n<h6><strong>Jamstvo\u00a0<span style=\"color: #ff0000;\">DO<\/span><span style=\"color: #0000ff;\">R<\/span>C 2 GODINE<\/strong><\/h6>\n<h6><span style=\"color: #008000;\">\u00a0U\u010dinkovit automatski zatvara\u010d limenki, niska potro\u0161nja 330 W<\/span><\/h6>\n<h6><strong>uklju\u010dena tehni\u010dka podr\u0161ka<\/strong><\/h6>","protected":false},"featured_media":3594,"comment_status":"open","ping_status":"closed","template":"","meta":{"wds_primary_product_brand":0,"wds_primary_product_cat":0},"product_brand":[],"product_cat":[62],"product_tag":[],"class_list":{"0":"post-3592","1":"product","2":"type-product","3":"status-publish","4":"has-post-thumbnail","6":"product_cat-selladoras-de-latas","7":"product_shipping_class-express","9":"first","10":"instock","11":"sale","12":"taxable","13":"shipping-taxable","14":"purchasable","15":"product-type-simple"},"yoast_head":"<!-- This site is optimized with the Yoast SEO Premium plugin v24.9 (Yoast SEO v26.1) - https:\/\/yoast.com\/wordpress\/plugins\/seo\/ -->\n<title>Selladora de latas semiautom\u00e1tica 53mm - distribuci\u00f3n ARC<\/title>\n<meta name=\"robots\" content=\"index, follow, max-snippet:-1, max-image-preview:large, max-video-preview:-1\" \/>\n<link rel=\"canonical\" href=\"https:\/\/www.distribucionarc.com\/tr\/producto\/selladora-de-latas-semiautomatica-53mm\/\" \/>\n<meta property=\"og:locale\" content=\"hr_HR\" \/>\n<meta property=\"og:type\" content=\"article\" \/>\n<meta property=\"og:title\" content=\"Selladora de latas semiautom\u00e1tica 53mm\" \/>\n<meta property=\"og:description\" content=\"Selladora de latas semiautom\u00e1tica 53mm La\u00a0cerradora de latas el\u00e9ctrica\u00a0de\u00a0ARC\u00a0es adecuada para todo tipo de\u00a0latas de hierro,\u00a0pl\u00e1stico,\u00a0esta\u00f1o\u00a0y\u00a0papel, aumente su producci\u00f3n con el m\u00ednimo esfuerzo, mejorando en gran medida la eficiencia del trabajo. De la\u00a0mejor calidad\u00a0y\u00a0sencilla de accionar. Es el equipo ideal para las industrias de\u00a0alimentos,\u00a0bebidas, t\u00e9 y otras industrias esenciales. Garant\u00eda\u00a0ARC 2 A\u00d1OS \u00a0Selladora para latas autom\u00e1tica eficiente, bajo consumo 330w soporte t\u00e9cnico incluido\" \/>\n<meta property=\"og:url\" content=\"https:\/\/www.distribucionarc.com\/tr\/producto\/selladora-de-latas-semiautomatica-53mm\/\" \/>\n<meta property=\"og:site_name\" content=\"distribuci\u00f3n ARC\" \/>\n<meta property=\"article:modified_time\" content=\"2020-10-05T11:46:57+00:00\" \/>\n<meta property=\"og:image\" content=\"https:\/\/distribucionarc.com\/wp-content\/uploads\/2020\/10\/Selladora-de-latas-semi-autom\u00e1tica-53mm-0.jpg\" \/>\n\t<meta property=\"og:image:width\" content=\"1133\" \/>\n\t<meta property=\"og:image:height\" content=\"1600\" \/>\n\t<meta property=\"og:image:type\" content=\"image\/jpeg\" \/>\n<meta name=\"twitter:card\" content=\"summary_large_image\" \/>\n<meta name=\"twitter:label1\" content=\"Procijenjeno vrijeme \u010ditanja\" \/>\n\t<meta name=\"twitter:data1\" content=\"1 minuta\" \/>\n<script type=\"application\/ld+json\" class=\"yoast-schema-graph\">{\"@context\":\"https:\/\/schema.org\",\"@graph\":[{\"@type\":\"WebPage\",\"@id\":\"https:\/\/www.distribucionarc.com\/tr\/producto\/selladora-de-latas-semiautomatica-53mm\/\",\"url\":\"https:\/\/www.distribucionarc.com\/tr\/producto\/selladora-de-latas-semiautomatica-53mm\/\",\"name\":\"Selladora de latas semiautom\u00e1tica 53mm - distribuci\u00f3n ARC\",\"isPartOf\":{\"@id\":\"https:\/\/distribucionarc.com\/ro\/#website\"},\"primaryImageOfPage\":{\"@id\":\"https:\/\/www.distribucionarc.com\/tr\/producto\/selladora-de-latas-semiautomatica-53mm\/#primaryimage\"},\"image\":{\"@id\":\"https:\/\/www.distribucionarc.com\/tr\/producto\/selladora-de-latas-semiautomatica-53mm\/#primaryimage\"},\"thumbnailUrl\":\"https:\/\/distribucionarc.com\/wp-content\/uploads\/2020\/10\/Selladora-de-latas-semi-autom\u00e1tica-53mm-0.jpg\",\"datePublished\":\"2020-10-05T11:45:53+00:00\",\"dateModified\":\"2020-10-05T11:46:57+00:00\",\"breadcrumb\":{\"@id\":\"https:\/\/www.distribucionarc.com\/tr\/producto\/selladora-de-latas-semiautomatica-53mm\/#breadcrumb\"},\"inLanguage\":\"hr\",\"potentialAction\":[{\"@type\":\"ReadAction\",\"target\":[\"https:\/\/www.distribucionarc.com\/tr\/producto\/selladora-de-latas-semiautomatica-53mm\/\"]}]},{\"@type\":\"ImageObject\",\"inLanguage\":\"hr\",\"@id\":\"https:\/\/www.distribucionarc.com\/tr\/producto\/selladora-de-latas-semiautomatica-53mm\/#primaryimage\",\"url\":\"https:\/\/distribucionarc.com\/wp-content\/uploads\/2020\/10\/Selladora-de-latas-semi-autom\u00e1tica-53mm-0.jpg\",\"contentUrl\":\"https:\/\/distribucionarc.com\/wp-content\/uploads\/2020\/10\/Selladora-de-latas-semi-autom\u00e1tica-53mm-0.jpg\",\"width\":1133,\"height\":1600,\"caption\":\"Selladora de latas semiautom\u00e1tica 53mm\"},{\"@type\":\"BreadcrumbList\",\"@id\":\"https:\/\/www.distribucionarc.com\/tr\/producto\/selladora-de-latas-semiautomatica-53mm\/#breadcrumb\",\"itemListElement\":[{\"@type\":\"ListItem\",\"position\":1,\"name\":\"Portada\",\"item\":\"https:\/\/distribucionarc.com\/ar\/\"},{\"@type\":\"ListItem\",\"position\":2,\"name\":\"Proizvodi\",\"item\":\"https:\/\/www.distribucionarc.com\/hr\/ducan\/\"},{\"@type\":\"ListItem\",\"position\":3,\"name\":\"Selladora de latas semiautom\u00e1tica 53mm\"}]},{\"@type\":\"WebSite\",\"@id\":\"https:\/\/distribucionarc.com\/ro\/#website\",\"url\":\"https:\/\/distribucionarc.com\/ro\/\",\"name\":\"distribuci\u00f3n ARC\",\"description\":\"Empresa especializada en la fabricaci\u00f3n y distribuci\u00f3n de maquinaria industrial, selladoras de latas, Maquinas de hacer pastillas, Maquinas de cortar carne...\",\"publisher\":{\"@id\":\"https:\/\/distribucionarc.com\/ro\/#organization\"},\"potentialAction\":[{\"@type\":\"SearchAction\",\"target\":{\"@type\":\"EntryPoint\",\"urlTemplate\":\"https:\/\/distribucionarc.com\/ro\/?s={search_term_string}\"},\"query-input\":{\"@type\":\"PropertyValueSpecification\",\"valueRequired\":true,\"valueName\":\"search_term_string\"}}],\"inLanguage\":\"hr\"},{\"@type\":\"Organization\",\"@id\":\"https:\/\/distribucionarc.com\/ro\/#organization\",\"name\":\"Distribuci\u00f3n ARC\",\"url\":\"https:\/\/distribucionarc.com\/ro\/\",\"logo\":{\"@type\":\"ImageObject\",\"inLanguage\":\"hr\",\"@id\":\"https:\/\/distribucionarc.com\/ro\/#\/schema\/logo\/image\/\",\"url\":\"https:\/\/distribucionarc.com\/wp-content\/uploads\/2024\/10\/distribucion-ARC-COLOR-SIN-FONDO-e1732295305345.png\",\"contentUrl\":\"https:\/\/distribucionarc.com\/wp-content\/uploads\/2024\/10\/distribucion-ARC-COLOR-SIN-FONDO-e1732295305345.png\",\"width\":1164,\"height\":558,\"caption\":\"Distribuci\u00f3n ARC\"},\"image\":{\"@id\":\"https:\/\/distribucionarc.com\/ro\/#\/schema\/logo\/image\/\"},\"description\":\"Empresa especializada en la fabricaci\u00f3n y distribuci\u00f3n de maquinaria industrial para los sectores alimentario y farmac\u00e9utico. Nos especializamos en: M\u00e1quinas de cortar carne Fabricaci\u00f3n de comprimidos Sistemas de transporte industrial L\u00edneas de embotellado Dosificadores Y mucho m\u00e1s... Ofrecemos soluciones innovadoras y personalizadas para optimizar los procesos productivos de tu empresa.\",\"email\":\"Admistracion@distribucionarc.com\",\"telephone\":\"+34 643496664\",\"legalName\":\"ARC TECH SOLUTIONS\",\"foundingDate\":\"2024-04-09\",\"vatID\":\"B55480172\",\"numberOfEmployees\":{\"@type\":\"QuantitativeValue\",\"minValue\":\"1\",\"maxValue\":\"10\"}}]}<\/script>\n<!-- \/ Yoast SEO Premium plugin. -->","yoast_head_json":{"title":"Poluautomatski zatvara\u010d limenki od 53 mm - ARC distribucija","robots":{"index":"index","follow":"follow","max-snippet":"max-snippet:-1","max-image-preview":"max-image-preview:large","max-video-preview":"max-video-preview:-1"},"canonical":"https:\/\/www.distribucionarc.com\/tr\/producto\/selladora-de-latas-semiautomatica-53mm\/","og_locale":"hr_HR","og_type":"article","og_title":"Selladora de latas semiautom\u00e1tica 53mm","og_description":"Selladora de latas semiautom\u00e1tica 53mm La\u00a0cerradora de latas el\u00e9ctrica\u00a0de\u00a0ARC\u00a0es adecuada para todo tipo de\u00a0latas de hierro,\u00a0pl\u00e1stico,\u00a0esta\u00f1o\u00a0y\u00a0papel, aumente su producci\u00f3n con el m\u00ednimo esfuerzo, mejorando en gran medida la eficiencia del trabajo. De la\u00a0mejor calidad\u00a0y\u00a0sencilla de accionar. Es el equipo ideal para las industrias de\u00a0alimentos,\u00a0bebidas, t\u00e9 y otras industrias esenciales. Garant\u00eda\u00a0ARC 2 A\u00d1OS \u00a0Selladora para latas autom\u00e1tica eficiente, bajo consumo 330w soporte t\u00e9cnico incluido","og_url":"https:\/\/www.distribucionarc.com\/tr\/producto\/selladora-de-latas-semiautomatica-53mm\/","og_site_name":"distribuci\u00f3n ARC","article_modified_time":"2020-10-05T11:46:57+00:00","og_image":[{"width":1133,"height":1600,"url":"https:\/\/distribucionarc.com\/wp-content\/uploads\/2020\/10\/Selladora-de-latas-semi-autom\u00e1tica-53mm-0.jpg","type":"image\/jpeg"}],"twitter_card":"summary_large_image","twitter_misc":{"Procijenjeno vrijeme \u010ditanja":"1 minuta"},"schema":{"@context":"https:\/\/schema.org","@graph":[{"@type":"WebPage","@id":"https:\/\/www.distribucionarc.com\/tr\/producto\/selladora-de-latas-semiautomatica-53mm\/","url":"https:\/\/www.distribucionarc.com\/tr\/producto\/selladora-de-latas-semiautomatica-53mm\/","name":"Poluautomatski zatvara\u010d limenki od 53 mm - ARC distribucija","isPartOf":{"@id":"https:\/\/distribucionarc.com\/ro\/#website"},"primaryImageOfPage":{"@id":"https:\/\/www.distribucionarc.com\/tr\/producto\/selladora-de-latas-semiautomatica-53mm\/#primaryimage"},"image":{"@id":"https:\/\/www.distribucionarc.com\/tr\/producto\/selladora-de-latas-semiautomatica-53mm\/#primaryimage"},"thumbnailUrl":"https:\/\/distribucionarc.com\/wp-content\/uploads\/2020\/10\/Selladora-de-latas-semi-autom\u00e1tica-53mm-0.jpg","datePublished":"2020-10-05T11:45:53+00:00","dateModified":"2020-10-05T11:46:57+00:00","breadcrumb":{"@id":"https:\/\/www.distribucionarc.com\/tr\/producto\/selladora-de-latas-semiautomatica-53mm\/#breadcrumb"},"inLanguage":"hr","potentialAction":[{"@type":"ReadAction","target":["https:\/\/www.distribucionarc.com\/tr\/producto\/selladora-de-latas-semiautomatica-53mm\/"]}]},{"@type":"ImageObject","inLanguage":"hr","@id":"https:\/\/www.distribucionarc.com\/tr\/producto\/selladora-de-latas-semiautomatica-53mm\/#primaryimage","url":"https:\/\/distribucionarc.com\/wp-content\/uploads\/2020\/10\/Selladora-de-latas-semi-autom\u00e1tica-53mm-0.jpg","contentUrl":"https:\/\/distribucionarc.com\/wp-content\/uploads\/2020\/10\/Selladora-de-latas-semi-autom\u00e1tica-53mm-0.jpg","width":1133,"height":1600,"caption":"Selladora de latas semiautom\u00e1tica 53mm"},{"@type":"BreadcrumbList","@id":"https:\/\/www.distribucionarc.com\/tr\/producto\/selladora-de-latas-semiautomatica-53mm\/#breadcrumb","itemListElement":[{"@type":"ListItem","position":1,"name":"Portada","item":"https:\/\/distribucionarc.com\/ar\/"},{"@type":"ListItem","position":2,"name":"Proizvodi","item":"https:\/\/www.distribucionarc.com\/hr\/ducan\/"},{"@type":"ListItem","position":3,"name":"Selladora de latas semiautom\u00e1tica 53mm"}]},{"@type":"WebSite","@id":"https:\/\/distribucionarc.com\/ro\/#website","url":"https:\/\/distribucionarc.com\/ro\/","name":"ARC distribucija","description":"Tvrtka specijalizirana za proizvodnju i distribuciju industrijskih strojeva, strojeva za zatvaranje limenki, strojeva za izradu pilula, strojeva za rezanje mesa itd.","publisher":{"@id":"https:\/\/distribucionarc.com\/ro\/#organization"},"potentialAction":[{"@type":"SearchAction","target":{"@type":"EntryPoint","urlTemplate":"https:\/\/distribucionarc.com\/ro\/?s={search_term_string}"},"query-input":{"@type":"PropertyValueSpecification","valueRequired":true,"valueName":"search_term_string"}}],"inLanguage":"hr"},{"@type":"Organization","@id":"https:\/\/distribucionarc.com\/ro\/#organization","name":"ARC distribucija","url":"https:\/\/distribucionarc.com\/ro\/","logo":{"@type":"ImageObject","inLanguage":"hr","@id":"https:\/\/distribucionarc.com\/ro\/#\/schema\/logo\/image\/","url":"https:\/\/distribucionarc.com\/wp-content\/uploads\/2024\/10\/distribucion-ARC-COLOR-SIN-FONDO-e1732295305345.png","contentUrl":"https:\/\/distribucionarc.com\/wp-content\/uploads\/2024\/10\/distribucion-ARC-COLOR-SIN-FONDO-e1732295305345.png","width":1164,"height":558,"caption":"Distribuci\u00f3n ARC"},"image":{"@id":"https:\/\/distribucionarc.com\/ro\/#\/schema\/logo\/image\/"},"description":"Tvrtka specijalizirana za proizvodnju i distribuciju industrijskih strojeva za prehrambeni i farmaceutski sektor. Specijalizirani smo za: Strojeve za rezanje mesa Proizvodnja tableta Industrijske transportne sustave Linije za punjenje Strojevi za doziranje I jo\u0161 mnogo toga... Nudimo inovativna i prilago\u0111ena rje\u0161enja za optimizaciju proizvodnih procesa Va\u0161e tvrtke.","email":"Admistracion@distribucionarc.com","telephone":"+34 643496664","legalName":"ARC TECH SOLUTIONS","foundingDate":"2024-04-09","vatID":"B55480172","numberOfEmployees":{"@type":"QuantitativeValue","minValue":"1","maxValue":"10"}}]}},"_links":{"self":[{"href":"https:\/\/distribucionarc.com\/hr\/wp-json\/wp\/v2\/product\/3592","targetHints":{"allow":["GET"]}}],"collection":[{"href":"https:\/\/distribucionarc.com\/hr\/wp-json\/wp\/v2\/product"}],"about":[{"href":"https:\/\/distribucionarc.com\/hr\/wp-json\/wp\/v2\/types\/product"}],"replies":[{"embeddable":true,"href":"https:\/\/distribucionarc.com\/hr\/wp-json\/wp\/v2\/comments?post=3592"}],"version-history":[{"count":0,"href":"https:\/\/distribucionarc.com\/hr\/wp-json\/wp\/v2\/product\/3592\/revisions"}],"wp:featuredmedia":[{"embeddable":true,"href":"https:\/\/distribucionarc.com\/hr\/wp-json\/wp\/v2\/media\/3594"}],"wp:attachment":[{"href":"https:\/\/distribucionarc.com\/hr\/wp-json\/wp\/v2\/media?parent=3592"}],"wp:term":[{"taxonomy":"product_brand","embeddable":true,"href":"https:\/\/distribucionarc.com\/hr\/wp-json\/wp\/v2\/product_brand?post=3592"},{"taxonomy":"product_cat","embeddable":true,"href":"https:\/\/distribucionarc.com\/hr\/wp-json\/wp\/v2\/product_cat?post=3592"},{"taxonomy":"product_tag","embeddable":true,"href":"https:\/\/distribucionarc.com\/hr\/wp-json\/wp\/v2\/product_tag?post=3592"}],"curies":[{"name":"radni list","href":"https:\/\/api.w.org\/{rel}","templated":true}]}}