{"id":3644,"date":"2020-10-05T15:31:50","date_gmt":"2020-10-05T15:31:50","guid":{"rendered":"https:\/\/distribucionarc.com\/?post_type=product&#038;p=3644"},"modified":"2025-05-08T22:52:56","modified_gmt":"2025-05-08T20:52:56","slug":"stroj-za-punjenje-viskoznih-tekucina-ulja-deterdzent-500-do-5000ml-2","status":"publish","type":"product","link":"https:\/\/distribucionarc.com\/hr\/producto\/embotelladora-de-agua-liquidos-lejia-reactivos-zumo-1000-5000ml\/","title":{"rendered":"Stroj za punjenje vode, teku\u0107ina, izbjeljiva\u010da, reagensa, sokova 1000-5000 ml"},"content":{"rendered":"<h2 data-start=\"380\" data-end=\"461\">\ud83e\uddf4 Pneumatski usisni punja\u010d za prehrambene teku\u0107ine \u2013 1000 do 5000 ml<\/h2>\n<p data-start=\"463\" data-end=\"882\">The <strong data-start=\"466\" data-end=\"512\">usisno punjenje s pneumatskim klipom<\/strong> To je stroj dizajniran za <strong data-start=\"545\" data-end=\"618\">Punjenje prehrambenih teku\u0107ina i proizvoda srednje do niske viskoznosti<\/strong>, bez sedimenta. Idealan je za pakiranje velikih koli\u010dina kao \u0161to su boce od 1 litre, karafe od 3 litre ili posude do 5 litara, te omogu\u0107uje <strong data-start=\"769\" data-end=\"817\">izravno povezivanje s vanjskim repozitorijima<\/strong> crijevom ili integrirano u linearne sustave punjenja.<\/p>\n<p data-start=\"884\" data-end=\"1215\">Zahvaljuju\u0107i svojoj strukturi u <strong data-start=\"911\" data-end=\"967\">Polirani nehr\u0111aju\u0107i \u010delik prehrambene kvalitete (SS304)<\/strong>Ovo punilo zadovoljava GMP standarde i otporno je na koroziju, lako se \u010disti i odr\u017eava. Visokoprecizni pneumatski klip omogu\u0107uje pode\u0161avanje oba <strong data-start=\"1138\" data-end=\"1178\">volumen kao brzina punjenja<\/strong> prema potrebama proizvodnje.<\/p>\n<p data-start=\"1217\" data-end=\"1472\">Preporu\u010duje se za proizvode <strong data-start=\"1246\" data-end=\"1282\">bez \u010destica ili \u010dvrstih tragova<\/strong>, budu\u0107i da je sustav usisavanja i rotacijskog ventila optimiziran za homogene teku\u0107ine. Ovaj stroj nije prikladan za proizvode visoke viskoznosti ili proizvode koji mogu uzrokovati za\u010depljenje.<\/p>\n<h3 data-start=\"1474\" data-end=\"1508\">Primjeri idealnih proizvoda:<\/h3>\n<ul data-start=\"1510\" data-end=\"1805\">\n<li data-start=\"1510\" data-end=\"1534\">\n<p data-start=\"1512\" data-end=\"1534\">\ud83e\udd64 <strong data-start=\"1515\" data-end=\"1534\">Sokovi bez pulpe<\/strong><\/p>\n<\/li>\n<li data-start=\"1535\" data-end=\"1585\">\n<p data-start=\"1537\" data-end=\"1585\">\ud83e\udd5b <strong data-start=\"1540\" data-end=\"1585\">Napitci od povr\u0107a (soja, zob, badem)<\/strong><\/p>\n<\/li>\n<li data-start=\"1586\" data-end=\"1618\">\n<p data-start=\"1588\" data-end=\"1618\">\ud83c\udf76 <strong data-start=\"1591\" data-end=\"1618\">Rafinirano biljno ulje<\/strong><\/p>\n<\/li>\n<li data-start=\"1619\" data-end=\"1651\">\n<p data-start=\"1621\" data-end=\"1651\">\ud83e\uddc3 <strong data-start=\"1624\" data-end=\"1651\">Bistri teku\u0107i sirupi<\/strong><\/p>\n<\/li>\n<li data-start=\"1652\" data-end=\"1686\">\n<p data-start=\"1654\" data-end=\"1686\">\ud83d\udca7 <strong data-start=\"1657\" data-end=\"1686\">Aromatizirana ili mineralna voda<\/strong><\/p>\n<\/li>\n<li data-start=\"1687\" data-end=\"1715\">\n<p data-start=\"1689\" data-end=\"1715\">\ud83e\uddf4 <strong data-start=\"1692\" data-end=\"1715\">Hidroalkoholni gel<\/strong><\/p>\n<\/li>\n<li data-start=\"1716\" data-end=\"1747\">\n<p data-start=\"1718\" data-end=\"1747\">\ud83c\udf77 <strong data-start=\"1721\" data-end=\"1747\">Vina i bezalkoholna \u017eestoka pi\u0107a<\/strong><\/p>\n<\/li>\n<li data-start=\"1748\" data-end=\"1805\">\n<p data-start=\"1750\" data-end=\"1805\">\ud83e\uddea <strong data-start=\"1753\" data-end=\"1805\">Teku\u0107e otopine za hranu i lijekove<\/strong><\/p>\n<\/li>\n<\/ul>\n<h3 data-start=\"1807\" data-end=\"1836\">Primjeri prakti\u010dne upotrebe:<\/h3>\n<ul data-start=\"1838\" data-end=\"2098\">\n<li data-start=\"1838\" data-end=\"1923\">\n<p data-start=\"1840\" data-end=\"1923\">Ispunjavanje <strong data-start=\"1851\" data-end=\"1878\">PET boce od 1 litre<\/strong> na poluautomatskoj liniji za punjenje boca<\/p>\n<\/li>\n<li data-start=\"1924\" data-end=\"2021\">\n<p data-start=\"1926\" data-end=\"2021\">Doziranje <strong data-start=\"1940\" data-end=\"1959\">rafinirano ulje<\/strong> iz IBC spremnika od 1000 litara spojenog crijevom<\/p>\n<\/li>\n<li data-start=\"2022\" data-end=\"2098\">\n<p data-start=\"2024\" data-end=\"2098\">Pakiranje od <strong data-start=\"2036\" data-end=\"2068\">sirupi ili teku\u0107i ekstrakti<\/strong> u bocama od 3 do 5 litara<\/p>\n<\/li>\n<\/ul>\n<p data-start=\"2100\" data-end=\"2293\">Zahvaljuju\u0107i maloj te\u017eini (25 kg) i kompaktnim dimenzijama, ovaj stroj je idealan za tvrtke kojima je potrebno fleksibilno, ekonomi\u010dno i precizno rje\u0161enje za punjenje teku\u0107ina u velikim koli\u010dinama.<\/p>\n<p data-start=\"2295\" data-end=\"2519\">Uklju\u010duje <strong data-start=\"2303\" data-end=\"2336\">podesiva glava mlaznice<\/strong>, sustav protiv kapanja, regulacija tlaka zraka i mo\u017ee raditi u na\u010dinu rada <strong data-start=\"2413\" data-end=\"2444\">automatski ili poluautomatski<\/strong>. Certifikacija <strong data-start=\"2460\" data-end=\"2466\">EC<\/strong>, 2-godi\u0161nje jamstvo i personalizirana tehni\u010dka podr\u0161ka.<\/p>\n<hr data-start=\"2521\" data-end=\"2524\" \/>\n<h3 data-start=\"2526\" data-end=\"2555\">Tehni\u010dke specifikacije<\/h3>\n<div class=\"_tableContainer_16hzy_1\">\n<div class=\"_tableWrapper_16hzy_14 group flex w-fit flex-col-reverse\" tabindex=\"-1\">\n<table class=\"w-fit min-w-(--thread-content-width)\" data-start=\"2557\" data-end=\"4281\">\n<thead data-start=\"2557\" data-end=\"2632\">\n<tr data-start=\"2557\" data-end=\"2632\">\n<th data-start=\"2557\" data-end=\"2591\" data-col-size=\"sm\">Zna\u010dajka<\/th>\n<th data-start=\"2591\" data-end=\"2632\" data-col-size=\"md\">Detalj<\/th>\n<\/tr>\n<\/thead>\n<tbody data-start=\"2709\" data-end=\"4281\">\n<tr data-start=\"2709\" data-end=\"2785\">\n<td data-start=\"2709\" data-end=\"2743\" data-col-size=\"sm\">Vrsta stroja<\/td>\n<td data-col-size=\"md\" data-start=\"2743\" data-end=\"2785\">Pneumatski usisni punja\u010d<\/td>\n<\/tr>\n<tr data-start=\"2786\" data-end=\"2862\">\n<td data-start=\"2786\" data-end=\"2820\" data-col-size=\"sm\">Vrsta proizvoda<\/td>\n<td data-col-size=\"md\" data-start=\"2820\" data-end=\"2862\">Teku\u0107ine za hranu bez taloga<\/td>\n<\/tr>\n<tr data-start=\"2863\" data-end=\"2940\">\n<td data-start=\"2863\" data-end=\"2897\" data-col-size=\"sm\">Primjene<\/td>\n<td data-col-size=\"md\" data-start=\"2897\" data-end=\"2940\">Hrana, pi\u0107a, farmaceutski proizvodi<\/td>\n<\/tr>\n<tr data-start=\"2941\" data-end=\"3039\">\n<td data-start=\"2941\" data-end=\"2975\" data-col-size=\"sm\">Kompatibilni proizvodi<\/td>\n<td data-col-size=\"md\" data-start=\"2975\" data-end=\"3039\">Sokovi, biljni napitci, sirupi, voda, hidroalkoholni gel<\/td>\n<\/tr>\n<tr data-start=\"3040\" data-end=\"3116\">\n<td data-start=\"3040\" data-end=\"3074\" data-col-size=\"sm\">Sustav punjenja<\/td>\n<td data-col-size=\"md\" data-start=\"3074\" data-end=\"3116\">Pneumatski klip s rotacijskim ventilom<\/td>\n<\/tr>\n<tr data-start=\"3117\" data-end=\"3192\">\n<td data-start=\"3117\" data-end=\"3151\" data-col-size=\"sm\">To\u010dnost punjenja<\/td>\n<td data-col-size=\"md\" data-start=\"3151\" data-end=\"3192\">\u00b11%<\/td>\n<\/tr>\n<tr data-start=\"3193\" data-end=\"3269\">\n<td data-start=\"3193\" data-end=\"3227\" data-col-size=\"sm\">Raspon punjenja<\/td>\n<td data-col-size=\"md\" data-start=\"3227\" data-end=\"3269\">1000 ml \u2013 5000 ml<\/td>\n<\/tr>\n<tr data-start=\"3270\" data-end=\"3345\">\n<td data-start=\"3270\" data-end=\"3304\" data-col-size=\"sm\">Brzina proizvodnje<\/td>\n<td data-col-size=\"md\" data-start=\"3304\" data-end=\"3345\">Do 40 kontejnera u minuti<\/td>\n<\/tr>\n<tr data-start=\"3346\" data-end=\"3425\">\n<td data-start=\"3346\" data-end=\"3380\" data-col-size=\"sm\">Glava za punjenje<\/td>\n<td data-col-size=\"md\" data-start=\"3380\" data-end=\"3425\">1 jedinica, podesiva sa sustavom protiv kapanja<\/td>\n<\/tr>\n<tr data-start=\"3426\" data-end=\"3502\">\n<td data-start=\"3426\" data-end=\"3460\" data-col-size=\"sm\">Napajanje<\/td>\n<td data-col-size=\"md\" data-start=\"3460\" data-end=\"3502\">220 V<\/td>\n<\/tr>\n<tr data-start=\"3503\" data-end=\"3579\">\n<td data-start=\"3503\" data-end=\"3537\" data-col-size=\"sm\">Radni tlak<\/td>\n<td data-col-size=\"md\" data-start=\"3537\" data-end=\"3579\">0,4 \u2013 0,9 MPa<\/td>\n<\/tr>\n<tr data-start=\"3580\" data-end=\"3655\">\n<td data-start=\"3580\" data-end=\"3614\" data-col-size=\"sm\">Materijal u kontaktu<\/td>\n<td data-col-size=\"md\" data-start=\"3614\" data-end=\"3655\">Polirani nehr\u0111aju\u0107i \u010delik (SS304)<\/td>\n<\/tr>\n<tr data-start=\"3656\" data-end=\"3739\">\n<td data-start=\"3656\" data-end=\"3690\" data-col-size=\"sm\">Unutarnja povr\u0161ina<\/td>\n<td data-col-size=\"md\" data-start=\"3690\" data-end=\"3739\">Hrapavost Ra \u2264 0,2\u20130,4 \u03bcm (GMP certifikat)<\/td>\n<\/tr>\n<tr data-start=\"3740\" data-end=\"3815\">\n<td data-start=\"3740\" data-end=\"3774\" data-col-size=\"sm\">Na\u010dini rada<\/td>\n<td data-col-size=\"md\" data-start=\"3774\" data-end=\"3815\">Poluautomatski \/ Automatski<\/td>\n<\/tr>\n<tr data-start=\"3816\" data-end=\"3896\">\n<td data-start=\"3816\" data-end=\"3850\" data-col-size=\"sm\">Unos proizvoda<\/td>\n<td data-col-size=\"md\" data-start=\"3850\" data-end=\"3896\">Spremnik ili izravni priklju\u010dak putem crijeva<\/td>\n<\/tr>\n<tr data-start=\"3897\" data-end=\"3973\">\n<td data-start=\"3897\" data-end=\"3931\" data-col-size=\"sm\">Dimenzije stroja<\/td>\n<td data-col-size=\"md\" data-start=\"3931\" data-end=\"3973\">1260 \u00d7 370 \u00d7 550 mm<\/td>\n<\/tr>\n<tr data-start=\"3974\" data-end=\"4050\">\n<td data-start=\"3974\" data-end=\"4008\" data-col-size=\"sm\">Te\u017eina<\/td>\n<td data-col-size=\"md\" data-start=\"4008\" data-end=\"4050\">25 kg<\/td>\n<\/tr>\n<tr data-start=\"4051\" data-end=\"4127\">\n<td data-start=\"4051\" data-end=\"4085\" data-col-size=\"sm\">Certifikacija<\/td>\n<td data-col-size=\"md\" data-start=\"4085\" data-end=\"4127\">EC<\/td>\n<\/tr>\n<tr data-start=\"4128\" data-end=\"4204\">\n<td data-start=\"4128\" data-end=\"4162\" data-col-size=\"sm\">Jamstvo<\/td>\n<td data-col-size=\"md\" data-start=\"4162\" data-end=\"4204\">2 godine<\/td>\n<\/tr>\n<tr data-start=\"4205\" data-end=\"4281\">\n<td data-start=\"4205\" data-end=\"4239\" data-col-size=\"sm\">Tehni\u010dka podr\u0161ka<\/td>\n<td data-col-size=\"md\" data-start=\"4239\" data-end=\"4281\">Uklju\u010duju\u0107i<\/td>\n<\/tr>\n<\/tbody>\n<\/table>\n<\/div>\n<\/div>","protected":false},"excerpt":{"rendered":"<h2>Pneumatsko usisno klipno punjenje teku\u0107ine za punjenje, to\u010denje 1000-5000 ml?<\/h2>\n<p>1000ML \u27a1\ufe0f5000ML pneumatski stroj za punjenje ure\u0111aja za punjenje \u0161ampona, ulja, vode, parfema<\/p>\n<p>poluautomatska punilica za boce<\/p>\n<p>PNEUMATSKI STROJ ZA PUNJENJE TEKU\u0106INA ZA \u0160AMPONE, ULJA, GELOVE ZA PARFEMSKU VODU<\/p>\n<p>1000ML \u27a1\ufe0f5000ML<\/p>\n<p>Mo\u017eete dozirati razli\u010dite vrste teku\u0107ina kao \u0161to su \u0161ampon, ulje, voda, parfem i kemijski gel. Mo\u017eete dozirati razli\u010dite koli\u010dine proizvoda u rasponu od 1000 ml \u27a1\ufe0f5000 ml<\/p>","protected":false},"featured_media":3645,"comment_status":"open","ping_status":"closed","template":"","meta":{"wds_primary_product_brand":0,"wds_primary_product_cat":0},"product_brand":[],"product_cat":[18,19,321,21],"product_tag":[],"class_list":{"0":"post-3644","1":"product","2":"type-product","3":"status-publish","4":"has-post-thumbnail","6":"product_cat-dosificadoras","7":"product_cat-dosificadoras-de-liquidos","8":"product_cat-llenadoras-de-piston","9":"product_cat-maquinas-llenadoras","10":"product_shipping_class-express","12":"first","13":"instock","14":"sale","15":"taxable","16":"shipping-taxable","17":"purchasable","18":"product-type-simple"},"yoast_head":"<!-- This site is optimized with the Yoast SEO Premium plugin v24.9 (Yoast SEO v26.1) - https:\/\/yoast.com\/wordpress\/plugins\/seo\/ -->\n<title>Embotelladora de agua, l\u00edquidos, lej\u00eda, reactivos, zumo 1000-5000ml - distribuci\u00f3n ARC<\/title>\n<meta name=\"robots\" content=\"index, follow, max-snippet:-1, max-image-preview:large, max-video-preview:-1\" \/>\n<link rel=\"canonical\" href=\"https:\/\/www.distribucionarc.com\/fr\/producto\/embotelladora-de-agua-liquidos-lejia-reactivos-zumo-1000-5000ml\/\" \/>\n<meta property=\"og:locale\" content=\"hr_HR\" \/>\n<meta property=\"og:type\" content=\"article\" \/>\n<meta property=\"og:title\" content=\"Embotelladora de agua, l\u00edquidos, lej\u00eda, reactivos, zumo 1000-5000ml\" \/>\n<meta property=\"og:description\" content=\"Llenadora de L\u00edquidos Pist\u00f3n Neum\u00e1tico por Succi\u00f3n Embotelladora, Dosificadora 1000-5000 ml? Dispositivo de embotellado neum\u00e1tico 1000ML \u27a1\ufe0f 5000ML m\u00e1quina de rellenar para el champ\u00fa, aceite, agua, perfume  llenadora de botellas semiautom\u00e1tica  MAQUINA DE LLENADO DE LIQUIDO NEUMATICA PARA CHAMPU, ACEITE, PERFUME DE AGUA GEL  1000 ML \u27a1\ufe0f 5000 ML  Usted puede dosificar diversas clases de l\u00edquidos como champ\u00fa, aceite, agua, perfume, y gel el producto qu\u00edmico. Puede dosificar diferentes cantidades de producto que van desde los 1000 Ml \u27a1\ufe0f5000 Ml\" \/>\n<meta property=\"og:url\" content=\"https:\/\/www.distribucionarc.com\/fr\/producto\/embotelladora-de-agua-liquidos-lejia-reactivos-zumo-1000-5000ml\/\" \/>\n<meta property=\"og:site_name\" content=\"distribuci\u00f3n ARC\" \/>\n<meta property=\"article:modified_time\" content=\"2025-05-08T20:52:56+00:00\" \/>\n<meta property=\"og:image\" content=\"https:\/\/distribucionarc.com\/wp-content\/uploads\/2020\/10\/Llenadora-de-L\u00edquidos-Pist\u00f3n-Neum\u00e1tico-por-Succi\u00f3n-Embotelladora-Dosificadora-1000-5000-ml-0.jpg\" \/>\n\t<meta property=\"og:image:width\" content=\"1600\" \/>\n\t<meta property=\"og:image:height\" content=\"1600\" \/>\n\t<meta property=\"og:image:type\" content=\"image\/jpeg\" \/>\n<meta name=\"twitter:card\" content=\"summary_large_image\" \/>\n<meta name=\"twitter:label1\" content=\"Procijenjeno vrijeme \u010ditanja\" \/>\n\t<meta name=\"twitter:data1\" content=\"3 minute\" \/>\n<script type=\"application\/ld+json\" class=\"yoast-schema-graph\">{\"@context\":\"https:\/\/schema.org\",\"@graph\":[{\"@type\":\"WebPage\",\"@id\":\"https:\/\/www.distribucionarc.com\/fr\/producto\/embotelladora-de-agua-liquidos-lejia-reactivos-zumo-1000-5000ml\/\",\"url\":\"https:\/\/www.distribucionarc.com\/fr\/producto\/embotelladora-de-agua-liquidos-lejia-reactivos-zumo-1000-5000ml\/\",\"name\":\"Embotelladora de agua, l\u00edquidos, lej\u00eda, reactivos, zumo 1000-5000ml - distribuci\u00f3n ARC\",\"isPartOf\":{\"@id\":\"https:\/\/www.distribucionarc.com\/sl\/#website\"},\"primaryImageOfPage\":{\"@id\":\"https:\/\/www.distribucionarc.com\/fr\/producto\/embotelladora-de-agua-liquidos-lejia-reactivos-zumo-1000-5000ml\/#primaryimage\"},\"image\":{\"@id\":\"https:\/\/www.distribucionarc.com\/fr\/producto\/embotelladora-de-agua-liquidos-lejia-reactivos-zumo-1000-5000ml\/#primaryimage\"},\"thumbnailUrl\":\"https:\/\/distribucionarc.com\/wp-content\/uploads\/2020\/10\/Llenadora-de-L\u00edquidos-Pist\u00f3n-Neum\u00e1tico-por-Succi\u00f3n-Embotelladora-Dosificadora-1000-5000-ml-0.jpg\",\"datePublished\":\"2020-10-05T15:31:50+00:00\",\"dateModified\":\"2025-05-08T20:52:56+00:00\",\"breadcrumb\":{\"@id\":\"https:\/\/www.distribucionarc.com\/fr\/producto\/embotelladora-de-agua-liquidos-lejia-reactivos-zumo-1000-5000ml\/#breadcrumb\"},\"inLanguage\":\"hr\",\"potentialAction\":[{\"@type\":\"ReadAction\",\"target\":[\"https:\/\/www.distribucionarc.com\/fr\/producto\/embotelladora-de-agua-liquidos-lejia-reactivos-zumo-1000-5000ml\/\"]}]},{\"@type\":\"ImageObject\",\"inLanguage\":\"hr\",\"@id\":\"https:\/\/www.distribucionarc.com\/fr\/producto\/embotelladora-de-agua-liquidos-lejia-reactivos-zumo-1000-5000ml\/#primaryimage\",\"url\":\"https:\/\/distribucionarc.com\/wp-content\/uploads\/2020\/10\/Llenadora-de-L\u00edquidos-Pist\u00f3n-Neum\u00e1tico-por-Succi\u00f3n-Embotelladora-Dosificadora-1000-5000-ml-0.jpg\",\"contentUrl\":\"https:\/\/distribucionarc.com\/wp-content\/uploads\/2020\/10\/Llenadora-de-L\u00edquidos-Pist\u00f3n-Neum\u00e1tico-por-Succi\u00f3n-Embotelladora-Dosificadora-1000-5000-ml-0.jpg\",\"width\":1600,\"height\":1600,\"caption\":\"liquid filling machine liquid filling machine automatic manual liquid filling machine pneumatic machine filling machine for liquid filling machine bottle filling machine filling machine rotary filling machine 50-500ml cream filling machine\"},{\"@type\":\"BreadcrumbList\",\"@id\":\"https:\/\/www.distribucionarc.com\/fr\/producto\/embotelladora-de-agua-liquidos-lejia-reactivos-zumo-1000-5000ml\/#breadcrumb\",\"itemListElement\":[{\"@type\":\"ListItem\",\"position\":1,\"name\":\"Portada\",\"item\":\"https:\/\/www.distribucionarc.com\/\"},{\"@type\":\"ListItem\",\"position\":2,\"name\":\"\u00dcr\u00fcnler\",\"item\":\"https:\/\/www.distribucionarc.com\/tr\/magaza\/\"},{\"@type\":\"ListItem\",\"position\":3,\"name\":\"Embotelladora de agua, l\u00edquidos, lej\u00eda, reactivos, zumo 1000-5000ml\"}]},{\"@type\":\"WebSite\",\"@id\":\"https:\/\/www.distribucionarc.com\/sl\/#website\",\"url\":\"https:\/\/www.distribucionarc.com\/sl\/\",\"name\":\"distribuci\u00f3n ARC\",\"description\":\"Empresa especializada en la fabricaci\u00f3n y distribuci\u00f3n de maquinaria industrial, selladoras de latas, Maquinas de hacer pastillas, Maquinas de cortar carne...\",\"publisher\":{\"@id\":\"https:\/\/www.distribucionarc.com\/sl\/#organization\"},\"potentialAction\":[{\"@type\":\"SearchAction\",\"target\":{\"@type\":\"EntryPoint\",\"urlTemplate\":\"https:\/\/www.distribucionarc.com\/sl\/?s={search_term_string}\"},\"query-input\":{\"@type\":\"PropertyValueSpecification\",\"valueRequired\":true,\"valueName\":\"search_term_string\"}}],\"inLanguage\":\"hr\"},{\"@type\":\"Organization\",\"@id\":\"https:\/\/www.distribucionarc.com\/sl\/#organization\",\"name\":\"Distribuci\u00f3n ARC\",\"url\":\"https:\/\/www.distribucionarc.com\/sl\/\",\"logo\":{\"@type\":\"ImageObject\",\"inLanguage\":\"hr\",\"@id\":\"https:\/\/www.distribucionarc.com\/sl\/#\/schema\/logo\/image\/\",\"url\":\"https:\/\/distribucionarc.com\/wp-content\/uploads\/2024\/10\/distribucion-ARC-COLOR-SIN-FONDO-e1732295305345.png\",\"contentUrl\":\"https:\/\/distribucionarc.com\/wp-content\/uploads\/2024\/10\/distribucion-ARC-COLOR-SIN-FONDO-e1732295305345.png\",\"width\":1164,\"height\":558,\"caption\":\"Distribuci\u00f3n ARC\"},\"image\":{\"@id\":\"https:\/\/www.distribucionarc.com\/sl\/#\/schema\/logo\/image\/\"},\"description\":\"Empresa especializada en la fabricaci\u00f3n y distribuci\u00f3n de maquinaria industrial para los sectores alimentario y farmac\u00e9utico. Nos especializamos en: M\u00e1quinas de cortar carne Fabricaci\u00f3n de comprimidos Sistemas de transporte industrial L\u00edneas de embotellado Dosificadores Y mucho m\u00e1s... Ofrecemos soluciones innovadoras y personalizadas para optimizar los procesos productivos de tu empresa.\",\"email\":\"Admistracion@distribucionarc.com\",\"telephone\":\"+34 643496664\",\"legalName\":\"ARC TECH SOLUTIONS\",\"foundingDate\":\"2024-04-09\",\"vatID\":\"B55480172\",\"numberOfEmployees\":{\"@type\":\"QuantitativeValue\",\"minValue\":\"1\",\"maxValue\":\"10\"}}]}<\/script>\n<!-- \/ Yoast SEO Premium plugin. -->","yoast_head_json":{"title":"Fla\u0161iranje vode, teku\u0107ina, izbjeljiva\u010da, reagensa, sokova 1000-5000ml - ARC distribucija","robots":{"index":"index","follow":"follow","max-snippet":"max-snippet:-1","max-image-preview":"max-image-preview:large","max-video-preview":"max-video-preview:-1"},"canonical":"https:\/\/www.distribucionarc.com\/fr\/producto\/embotelladora-de-agua-liquidos-lejia-reactivos-zumo-1000-5000ml\/","og_locale":"hr_HR","og_type":"article","og_title":"Embotelladora de agua, l\u00edquidos, lej\u00eda, reactivos, zumo 1000-5000ml","og_description":"Llenadora de L\u00edquidos Pist\u00f3n Neum\u00e1tico por Succi\u00f3n Embotelladora, Dosificadora 1000-5000 ml? Dispositivo de embotellado neum\u00e1tico 1000ML \u27a1\ufe0f 5000ML m\u00e1quina de rellenar para el champ\u00fa, aceite, agua, perfume  llenadora de botellas semiautom\u00e1tica  MAQUINA DE LLENADO DE LIQUIDO NEUMATICA PARA CHAMPU, ACEITE, PERFUME DE AGUA GEL  1000 ML \u27a1\ufe0f 5000 ML  Usted puede dosificar diversas clases de l\u00edquidos como champ\u00fa, aceite, agua, perfume, y gel el producto qu\u00edmico. Puede dosificar diferentes cantidades de producto que van desde los 1000 Ml \u27a1\ufe0f5000 Ml","og_url":"https:\/\/www.distribucionarc.com\/fr\/producto\/embotelladora-de-agua-liquidos-lejia-reactivos-zumo-1000-5000ml\/","og_site_name":"distribuci\u00f3n ARC","article_modified_time":"2025-05-08T20:52:56+00:00","og_image":[{"width":1600,"height":1600,"url":"https:\/\/distribucionarc.com\/wp-content\/uploads\/2020\/10\/Llenadora-de-L\u00edquidos-Pist\u00f3n-Neum\u00e1tico-por-Succi\u00f3n-Embotelladora-Dosificadora-1000-5000-ml-0.jpg","type":"image\/jpeg"}],"twitter_card":"summary_large_image","twitter_misc":{"Procijenjeno vrijeme \u010ditanja":"3 minute"},"schema":{"@context":"https:\/\/schema.org","@graph":[{"@type":"WebPage","@id":"https:\/\/www.distribucionarc.com\/fr\/producto\/embotelladora-de-agua-liquidos-lejia-reactivos-zumo-1000-5000ml\/","url":"https:\/\/www.distribucionarc.com\/fr\/producto\/embotelladora-de-agua-liquidos-lejia-reactivos-zumo-1000-5000ml\/","name":"Fla\u0161iranje vode, teku\u0107ina, izbjeljiva\u010da, reagensa, sokova 1000-5000ml - ARC distribucija","isPartOf":{"@id":"https:\/\/www.distribucionarc.com\/sl\/#website"},"primaryImageOfPage":{"@id":"https:\/\/www.distribucionarc.com\/fr\/producto\/embotelladora-de-agua-liquidos-lejia-reactivos-zumo-1000-5000ml\/#primaryimage"},"image":{"@id":"https:\/\/www.distribucionarc.com\/fr\/producto\/embotelladora-de-agua-liquidos-lejia-reactivos-zumo-1000-5000ml\/#primaryimage"},"thumbnailUrl":"https:\/\/distribucionarc.com\/wp-content\/uploads\/2020\/10\/Llenadora-de-L\u00edquidos-Pist\u00f3n-Neum\u00e1tico-por-Succi\u00f3n-Embotelladora-Dosificadora-1000-5000-ml-0.jpg","datePublished":"2020-10-05T15:31:50+00:00","dateModified":"2025-05-08T20:52:56+00:00","breadcrumb":{"@id":"https:\/\/www.distribucionarc.com\/fr\/producto\/embotelladora-de-agua-liquidos-lejia-reactivos-zumo-1000-5000ml\/#breadcrumb"},"inLanguage":"hr","potentialAction":[{"@type":"ReadAction","target":["https:\/\/www.distribucionarc.com\/fr\/producto\/embotelladora-de-agua-liquidos-lejia-reactivos-zumo-1000-5000ml\/"]}]},{"@type":"ImageObject","inLanguage":"hr","@id":"https:\/\/www.distribucionarc.com\/fr\/producto\/embotelladora-de-agua-liquidos-lejia-reactivos-zumo-1000-5000ml\/#primaryimage","url":"https:\/\/distribucionarc.com\/wp-content\/uploads\/2020\/10\/Llenadora-de-L\u00edquidos-Pist\u00f3n-Neum\u00e1tico-por-Succi\u00f3n-Embotelladora-Dosificadora-1000-5000-ml-0.jpg","contentUrl":"https:\/\/distribucionarc.com\/wp-content\/uploads\/2020\/10\/Llenadora-de-L\u00edquidos-Pist\u00f3n-Neum\u00e1tico-por-Succi\u00f3n-Embotelladora-Dosificadora-1000-5000-ml-0.jpg","width":1600,"height":1600,"caption":"liquid filling machine liquid filling machine automatic manual liquid filling machine pneumatic machine filling machine for liquid filling machine bottle filling machine filling machine rotary filling machine 50-500ml cream filling machine"},{"@type":"BreadcrumbList","@id":"https:\/\/www.distribucionarc.com\/fr\/producto\/embotelladora-de-agua-liquidos-lejia-reactivos-zumo-1000-5000ml\/#breadcrumb","itemListElement":[{"@type":"ListItem","position":1,"name":"Portada","item":"https:\/\/www.distribucionarc.com\/"},{"@type":"ListItem","position":2,"name":"\u00dcr\u00fcnler","item":"https:\/\/www.distribucionarc.com\/tr\/magaza\/"},{"@type":"ListItem","position":3,"name":"Embotelladora de agua, l\u00edquidos, lej\u00eda, reactivos, zumo 1000-5000ml"}]},{"@type":"WebSite","@id":"https:\/\/www.distribucionarc.com\/sl\/#website","url":"https:\/\/www.distribucionarc.com\/sl\/","name":"ARC distribucija","description":"Tvrtka specijalizirana za proizvodnju i distribuciju industrijskih strojeva, strojeva za zatvaranje limenki, strojeva za izradu pilula, strojeva za rezanje mesa itd.","publisher":{"@id":"https:\/\/www.distribucionarc.com\/sl\/#organization"},"potentialAction":[{"@type":"SearchAction","target":{"@type":"EntryPoint","urlTemplate":"https:\/\/www.distribucionarc.com\/sl\/?s={search_term_string}"},"query-input":{"@type":"PropertyValueSpecification","valueRequired":true,"valueName":"search_term_string"}}],"inLanguage":"hr"},{"@type":"Organization","@id":"https:\/\/www.distribucionarc.com\/sl\/#organization","name":"ARC distribucija","url":"https:\/\/www.distribucionarc.com\/sl\/","logo":{"@type":"ImageObject","inLanguage":"hr","@id":"https:\/\/www.distribucionarc.com\/sl\/#\/schema\/logo\/image\/","url":"https:\/\/distribucionarc.com\/wp-content\/uploads\/2024\/10\/distribucion-ARC-COLOR-SIN-FONDO-e1732295305345.png","contentUrl":"https:\/\/distribucionarc.com\/wp-content\/uploads\/2024\/10\/distribucion-ARC-COLOR-SIN-FONDO-e1732295305345.png","width":1164,"height":558,"caption":"Distribuci\u00f3n ARC"},"image":{"@id":"https:\/\/www.distribucionarc.com\/sl\/#\/schema\/logo\/image\/"},"description":"Tvrtka specijalizirana za proizvodnju i distribuciju industrijskih strojeva za prehrambeni i farmaceutski sektor. Specijalizirani smo za: Strojeve za rezanje mesa Proizvodnja tableta Industrijske transportne sustave Linije za punjenje Strojevi za doziranje I jo\u0161 mnogo toga... Nudimo inovativna i prilago\u0111ena rje\u0161enja za optimizaciju proizvodnih procesa Va\u0161e tvrtke.","email":"Admistracion@distribucionarc.com","telephone":"+34 643496664","legalName":"ARC TECH SOLUTIONS","foundingDate":"2024-04-09","vatID":"B55480172","numberOfEmployees":{"@type":"QuantitativeValue","minValue":"1","maxValue":"10"}}]}},"_links":{"self":[{"href":"https:\/\/distribucionarc.com\/hr\/wp-json\/wp\/v2\/product\/3644","targetHints":{"allow":["GET"]}}],"collection":[{"href":"https:\/\/distribucionarc.com\/hr\/wp-json\/wp\/v2\/product"}],"about":[{"href":"https:\/\/distribucionarc.com\/hr\/wp-json\/wp\/v2\/types\/product"}],"replies":[{"embeddable":true,"href":"https:\/\/distribucionarc.com\/hr\/wp-json\/wp\/v2\/comments?post=3644"}],"version-history":[{"count":2,"href":"https:\/\/distribucionarc.com\/hr\/wp-json\/wp\/v2\/product\/3644\/revisions"}],"predecessor-version":[{"id":17471,"href":"https:\/\/distribucionarc.com\/hr\/wp-json\/wp\/v2\/product\/3644\/revisions\/17471"}],"wp:featuredmedia":[{"embeddable":true,"href":"https:\/\/distribucionarc.com\/hr\/wp-json\/wp\/v2\/media\/3645"}],"wp:attachment":[{"href":"https:\/\/distribucionarc.com\/hr\/wp-json\/wp\/v2\/media?parent=3644"}],"wp:term":[{"taxonomy":"product_brand","embeddable":true,"href":"https:\/\/distribucionarc.com\/hr\/wp-json\/wp\/v2\/product_brand?post=3644"},{"taxonomy":"product_cat","embeddable":true,"href":"https:\/\/distribucionarc.com\/hr\/wp-json\/wp\/v2\/product_cat?post=3644"},{"taxonomy":"product_tag","embeddable":true,"href":"https:\/\/distribucionarc.com\/hr\/wp-json\/wp\/v2\/product_tag?post=3644"}],"curies":[{"name":"radni list","href":"https:\/\/api.w.org\/{rel}","templated":true}]}}