{"id":3679,"date":"2020-10-06T11:17:17","date_gmt":"2020-10-06T11:17:17","guid":{"rendered":"https:\/\/distribucionarc.com\/?post_type=product&#038;p=3679"},"modified":"2023-01-11T18:35:32","modified_gmt":"2023-01-11T18:35:32","slug":"industrijski-rezac-tkanina","status":"publish","type":"product","link":"https:\/\/distribucionarc.com\/hr\/producto\/cortadora-de-tela-industrial\/","title":{"rendered":"industrijski stroj za rezanje tkanina"},"content":{"rendered":"<h3>industrijski stroj za rezanje tkanina<\/h3>\n<p>The<strong> stroj za rezanje tkanine<\/strong> Opremljen je ure\u0111ajem za o\u0161trenje kamena. Ako je potrebno, mo\u017ee se brzo i jednostavno zamijeniti bez rastavljanja o\u0161trice. On<strong> elektri\u010dni reza\u010d tkiva <span style=\"color: #ff0000;\">DO<\/span><span style=\"color: #0000ff;\">R<\/span>c<\/strong> Koristi \u010deli\u010dne o\u0161trice visoke kvalitete koje su o\u0161tre, izdr\u017eljive i \u010dvrste. Vanjski rub o\u0161trice opremljen je za\u0161titnim poklopcem kako bi se osigurala sigurnost korisnika.<\/p>\n<p>Dr\u0161ka od <strong>rotacijski stroj za rezanje tkanine<span style=\"color: #ff0000;\"> DO<\/span><span style=\"color: #0000ff;\">R<\/span>CCTE90<\/strong> Ima ergonomski dizajn koji olak\u0161ava dr\u017eanje i proces rezanja. Struktura dizajnirana za kori\u0161tenje jednom rukom omogu\u0107uje vam vi\u0161e udobnosti za preciznije rezove. Zadebljana baza je stabilnija i sigurnija. Osim toga, doprinosi preciznijem rezu bez napora.<\/p>\n<p>Elektri\u010dni reza\u010d tkanine neophodna je oprema za odje\u0107u i prikladan je za precizno rezanje serija pamuka, vune, lana, ko\u017ee itd. tkanine.<\/p>\n<h6><strong>Jamstvo\u00a0<span style=\"color: #ff0000;\">DO<\/span><span style=\"color: #0000ff;\">R<\/span>C 2 GODINE<\/strong><\/h6>\n<h6><span style=\"color: #008000;\">U\u010dinkovit reza\u010d tkanine, niska potro\u0161nja 165 W<\/span><\/h6>\n<h6><strong>uklju\u010dena tehni\u010dka podr\u0161ka<\/strong><\/h6>\n<p>&nbsp;<\/p>\n<table role=\"presentation\" width=\"100%\" cellspacing=\"0\" cellpadding=\"0\">\n<tbody>\n<tr>\n<td class=\"attrLabels\">Marka:<\/td>\n<td width=\"50.0%\">LUK<\/td>\n<\/tr>\n<tr>\n<td class=\"attrLabels\">Zemlja distribucije:<\/td>\n<td width=\"50.0%\">\u0160panjolska, Njema\u010dka, SAD<\/td>\n<td class=\"attrLabels\">Te\u017eina:<\/td>\n<td width=\"50.0%\">2,4 kg<\/td>\n<\/tr>\n<tr>\n<td class=\"attrLabels\">Jamstvo:<\/td>\n<td width=\"50.0%\">2 godine<\/td>\n<td class=\"attrLabels\">Visina:<\/td>\n<td width=\"50.0%\">21,8 cm<\/td>\n<\/tr>\n<tr>\n<td class=\"attrLabels\">Boja:<\/td>\n<td width=\"50.0%\">Srebro<\/td>\n<td class=\"attrLabels\">dugo:<\/td>\n<td width=\"50.0%\">17,9 cm<\/td>\n<\/tr>\n<tr>\n<td class=\"attrLabels\">Vrsta proizvoda:<\/td>\n<td width=\"50.0%\">Elektri\u010dni reza\u010d tkanine<\/td>\n<td class=\"attrLabels\">\u0160iroko:<\/td>\n<td width=\"50.0%\">8,9 cm<\/td>\n<\/tr>\n<tr>\n<td class=\"attrLabels\">Proizvo\u0111a\u010dki broj:<\/td>\n<td width=\"50.0%\">ARCCTE90<\/td>\n<td class=\"attrLabels\">Vlast:<\/td>\n<td width=\"50.0%\">165 W<\/td>\n<\/tr>\n<tr>\n<td class=\"attrLabels\">Materijal:<\/td>\n<td width=\"50.0%\">nehr\u0111aju\u0107i \u010delik, u\u010dinkovit motor,<\/td>\n<td class=\"attrLabels\">ulazni napon<\/td>\n<td width=\"50.0%\">220V \u2013 60Hz<\/td>\n<\/tr>\n<tr>\n<td class=\"attrLabels\">Alati za instalaciju:<\/td>\n<td width=\"50.0%\">Da<\/td>\n<td class=\"attrLabels\">Veli\u010dina lista:<\/td>\n<td width=\"50.0%\">90 mm<\/td>\n<\/tr>\n<tr>\n<td class=\"attrLabels\">Operacija:<\/td>\n<td width=\"50.0%\">Elektri\u010dno\/ru\u010dno<\/td>\n<td class=\"attrLabels\">Kapacitet rezanja:<\/td>\n<td width=\"50.0%\">\u00a023 mm<\/td>\n<\/tr>\n<\/tbody>\n<\/table>","protected":false},"excerpt":{"rendered":"<h2>industrijski stroj za rezanje tkanina<\/h2>\n<p>On <strong>ARC elektri\u010dni rotacijski reza\u010d<\/strong> Sadr\u017ei visokokvalitetne o\u0161tre \u010deli\u010dne o\u0161trice. Minijaturni pogon i prijenosnici bez reduktora \u010dine <span style=\"color: #008000;\"><strong>motor<\/strong><\/span> biti<span style=\"color: #008000;\"><strong> energetski u\u010dinkovit<\/strong><\/span>; rezanje tekstila brzo i bez napora. \u0160iroko se koristi u industriji odje\u0107e, papira, tepiha, zanata, darova, namje\u0161taja, presvlaka itd.<\/p>\n<h6><strong>Jamstvo\u00a0<span style=\"color: #ff0000;\">DO<\/span><span style=\"color: #0000ff;\">R<\/span>C 2 GODINE<\/strong><\/h6>\n<h6><span style=\"color: #008000;\">U\u010dinkovit reza\u010d tkanine, niska potro\u0161nja 165 W<\/span><\/h6>\n<h6><strong>uklju\u010dena tehni\u010dka podr\u0161ka<\/strong><\/h6>\n<p>&nbsp;<\/p>","protected":false},"featured_media":3686,"comment_status":"open","ping_status":"closed","template":"","meta":{"wds_primary_product_brand":0,"wds_primary_product_cat":0},"product_brand":[],"product_cat":[69],"product_tag":[],"class_list":{"0":"post-3679","1":"product","2":"type-product","3":"status-publish","4":"has-post-thumbnail","6":"product_cat-maquinas-variadas","7":"product_shipping_class-hosteleria","9":"first","10":"instock","11":"taxable","12":"shipping-taxable","13":"purchasable","14":"product-type-simple"},"yoast_head":"<!-- This site is optimized with the Yoast SEO Premium plugin v24.9 (Yoast SEO v26.1) - https:\/\/yoast.com\/wordpress\/plugins\/seo\/ -->\n<title>Cortadora de tela industrial - distribuci\u00f3n ARC<\/title>\n<meta name=\"robots\" content=\"index, follow, max-snippet:-1, max-image-preview:large, max-video-preview:-1\" \/>\n<link rel=\"canonical\" href=\"https:\/\/distribucionarc.com\/hr\/proizvod\/industrijski-rezac-tkanina\/\" \/>\n<meta property=\"og:locale\" content=\"hr_HR\" \/>\n<meta property=\"og:type\" content=\"article\" \/>\n<meta property=\"og:title\" content=\"Cortadora de tela industrial\" \/>\n<meta property=\"og:description\" content=\"Cortadora de tela industrial El cortador rotatorio el\u00e9ctrico ARC cuenta con cuchillas de acero afiladas de alta calidad. El accionamiento en miniatura y engranajes sin reducci\u00f3n hacen que el motor sea energ\u00e9ticamente eficiente; cortando la materia textil r\u00e1pidamente y sin esfuerzo. Ampliamente utilizado en la industria de prendas de vestir, papel, alfombras, manualidades, regalos, muebles, tapizados, etc. Garant\u00eda\u00a0ARC 2 A\u00d1OS Cortadora de tela eficiente, bajo consumo 165w soporte t\u00e9cnico incluido &nbsp;\" \/>\n<meta property=\"og:url\" content=\"https:\/\/distribucionarc.com\/hr\/proizvod\/industrijski-rezac-tkanina\/\" \/>\n<meta property=\"og:site_name\" content=\"distribuci\u00f3n ARC\" \/>\n<meta property=\"article:modified_time\" content=\"2023-01-11T18:35:32+00:00\" \/>\n<meta property=\"og:image\" content=\"https:\/\/distribucionarc.com\/wp-content\/uploads\/2020\/10\/Cortadora-de-tela-industrial-0.jpg\" \/>\n\t<meta property=\"og:image:width\" content=\"1600\" \/>\n\t<meta property=\"og:image:height\" content=\"1600\" \/>\n\t<meta property=\"og:image:type\" content=\"image\/jpeg\" \/>\n<meta name=\"twitter:card\" content=\"summary_large_image\" \/>\n<meta name=\"twitter:label1\" content=\"Procijenjeno vrijeme \u010ditanja\" \/>\n\t<meta name=\"twitter:data1\" content=\"1 minuta\" \/>\n<script type=\"application\/ld+json\" class=\"yoast-schema-graph\">{\"@context\":\"https:\/\/schema.org\",\"@graph\":[{\"@type\":\"WebPage\",\"@id\":\"https:\/\/distribucionarc.com\/pt\/producto\/cortadora-de-tela-industrial\/\",\"url\":\"https:\/\/distribucionarc.com\/pt\/producto\/cortadora-de-tela-industrial\/\",\"name\":\"Cortadora de tela industrial - distribuci\u00f3n ARC\",\"isPartOf\":{\"@id\":\"https:\/\/distribucionarc.com\/de\/#website\"},\"primaryImageOfPage\":{\"@id\":\"https:\/\/distribucionarc.com\/pt\/producto\/cortadora-de-tela-industrial\/#primaryimage\"},\"image\":{\"@id\":\"https:\/\/distribucionarc.com\/pt\/producto\/cortadora-de-tela-industrial\/#primaryimage\"},\"thumbnailUrl\":\"https:\/\/distribucionarc.com\/wp-content\/uploads\/2020\/10\/Cortadora-de-tela-industrial-0.jpg\",\"datePublished\":\"2020-10-06T11:17:17+00:00\",\"dateModified\":\"2023-01-11T18:35:32+00:00\",\"breadcrumb\":{\"@id\":\"https:\/\/distribucionarc.com\/pt\/producto\/cortadora-de-tela-industrial\/#breadcrumb\"},\"inLanguage\":\"hr\",\"potentialAction\":[{\"@type\":\"ReadAction\",\"target\":[\"https:\/\/distribucionarc.com\/pt\/producto\/cortadora-de-tela-industrial\/\"]}]},{\"@type\":\"ImageObject\",\"inLanguage\":\"hr\",\"@id\":\"https:\/\/distribucionarc.com\/pt\/producto\/cortadora-de-tela-industrial\/#primaryimage\",\"url\":\"https:\/\/distribucionarc.com\/wp-content\/uploads\/2020\/10\/Cortadora-de-tela-industrial-0.jpg\",\"contentUrl\":\"https:\/\/distribucionarc.com\/wp-content\/uploads\/2020\/10\/Cortadora-de-tela-industrial-0.jpg\",\"width\":1600,\"height\":1600,\"caption\":\"Cortadora de tela industrial\"},{\"@type\":\"BreadcrumbList\",\"@id\":\"https:\/\/distribucionarc.com\/pt\/producto\/cortadora-de-tela-industrial\/#breadcrumb\",\"itemListElement\":[{\"@type\":\"ListItem\",\"position\":1,\"name\":\"Portada\",\"item\":\"https:\/\/distribucionarc.com\/pl\/\"},{\"@type\":\"ListItem\",\"position\":2,\"name\":\"Produkty\",\"item\":\"https:\/\/distribucionarc.com\/pl\/shop\/\"},{\"@type\":\"ListItem\",\"position\":3,\"name\":\"Cortadora de tela industrial\"}]},{\"@type\":\"WebSite\",\"@id\":\"https:\/\/distribucionarc.com\/de\/#website\",\"url\":\"https:\/\/distribucionarc.com\/de\/\",\"name\":\"distribuci\u00f3n ARC\",\"description\":\"Empresa especializada en la fabricaci\u00f3n y distribuci\u00f3n de maquinaria industrial, selladoras de latas, Maquinas de hacer pastillas, Maquinas de cortar carne...\",\"publisher\":{\"@id\":\"https:\/\/distribucionarc.com\/de\/#organization\"},\"potentialAction\":[{\"@type\":\"SearchAction\",\"target\":{\"@type\":\"EntryPoint\",\"urlTemplate\":\"https:\/\/distribucionarc.com\/de\/?s={search_term_string}\"},\"query-input\":{\"@type\":\"PropertyValueSpecification\",\"valueRequired\":true,\"valueName\":\"search_term_string\"}}],\"inLanguage\":\"hr\"},{\"@type\":\"Organization\",\"@id\":\"https:\/\/distribucionarc.com\/de\/#organization\",\"name\":\"Distribuci\u00f3n ARC\",\"url\":\"https:\/\/distribucionarc.com\/de\/\",\"logo\":{\"@type\":\"ImageObject\",\"inLanguage\":\"hr\",\"@id\":\"https:\/\/distribucionarc.com\/de\/#\/schema\/logo\/image\/\",\"url\":\"https:\/\/distribucionarc.com\/wp-content\/uploads\/2024\/10\/distribucion-ARC-COLOR-SIN-FONDO-e1732295305345.png\",\"contentUrl\":\"https:\/\/distribucionarc.com\/wp-content\/uploads\/2024\/10\/distribucion-ARC-COLOR-SIN-FONDO-e1732295305345.png\",\"width\":1164,\"height\":558,\"caption\":\"Distribuci\u00f3n ARC\"},\"image\":{\"@id\":\"https:\/\/distribucionarc.com\/de\/#\/schema\/logo\/image\/\"},\"description\":\"Empresa especializada en la fabricaci\u00f3n y distribuci\u00f3n de maquinaria industrial para los sectores alimentario y farmac\u00e9utico. Nos especializamos en: M\u00e1quinas de cortar carne Fabricaci\u00f3n de comprimidos Sistemas de transporte industrial L\u00edneas de embotellado Dosificadores Y mucho m\u00e1s... Ofrecemos soluciones innovadoras y personalizadas para optimizar los procesos productivos de tu empresa.\",\"email\":\"Admistracion@distribucionarc.com\",\"telephone\":\"+34 643496664\",\"legalName\":\"ARC TECH SOLUTIONS\",\"foundingDate\":\"2024-04-09\",\"vatID\":\"B55480172\",\"numberOfEmployees\":{\"@type\":\"QuantitativeValue\",\"minValue\":\"1\",\"maxValue\":\"10\"}}]}<\/script>\n<!-- \/ Yoast SEO Premium plugin. -->","yoast_head_json":{"title":"Industrijski stroj za rezanje tkanina - ARC distribucija","robots":{"index":"index","follow":"follow","max-snippet":"max-snippet:-1","max-image-preview":"max-image-preview:large","max-video-preview":"max-video-preview:-1"},"canonical":"https:\/\/distribucionarc.com\/hr\/proizvod\/industrijski-rezac-tkanina\/","og_locale":"hr_HR","og_type":"article","og_title":"Cortadora de tela industrial","og_description":"Cortadora de tela industrial El cortador rotatorio el\u00e9ctrico ARC cuenta con cuchillas de acero afiladas de alta calidad. El accionamiento en miniatura y engranajes sin reducci\u00f3n hacen que el motor sea energ\u00e9ticamente eficiente; cortando la materia textil r\u00e1pidamente y sin esfuerzo. Ampliamente utilizado en la industria de prendas de vestir, papel, alfombras, manualidades, regalos, muebles, tapizados, etc. Garant\u00eda\u00a0ARC 2 A\u00d1OS Cortadora de tela eficiente, bajo consumo 165w soporte t\u00e9cnico incluido &nbsp;","og_url":"https:\/\/distribucionarc.com\/hr\/proizvod\/industrijski-rezac-tkanina\/","og_site_name":"distribuci\u00f3n ARC","article_modified_time":"2023-01-11T18:35:32+00:00","og_image":[{"width":1600,"height":1600,"url":"https:\/\/distribucionarc.com\/wp-content\/uploads\/2020\/10\/Cortadora-de-tela-industrial-0.jpg","type":"image\/jpeg"}],"twitter_card":"summary_large_image","twitter_misc":{"Procijenjeno vrijeme \u010ditanja":"1 minuta"},"schema":{"@context":"https:\/\/schema.org","@graph":[{"@type":"WebPage","@id":"https:\/\/distribucionarc.com\/pt\/producto\/cortadora-de-tela-industrial\/","url":"https:\/\/distribucionarc.com\/pt\/producto\/cortadora-de-tela-industrial\/","name":"Industrijski stroj za rezanje tkanina - ARC distribucija","isPartOf":{"@id":"https:\/\/distribucionarc.com\/de\/#website"},"primaryImageOfPage":{"@id":"https:\/\/distribucionarc.com\/pt\/producto\/cortadora-de-tela-industrial\/#primaryimage"},"image":{"@id":"https:\/\/distribucionarc.com\/pt\/producto\/cortadora-de-tela-industrial\/#primaryimage"},"thumbnailUrl":"https:\/\/distribucionarc.com\/wp-content\/uploads\/2020\/10\/Cortadora-de-tela-industrial-0.jpg","datePublished":"2020-10-06T11:17:17+00:00","dateModified":"2023-01-11T18:35:32+00:00","breadcrumb":{"@id":"https:\/\/distribucionarc.com\/pt\/producto\/cortadora-de-tela-industrial\/#breadcrumb"},"inLanguage":"hr","potentialAction":[{"@type":"ReadAction","target":["https:\/\/distribucionarc.com\/pt\/producto\/cortadora-de-tela-industrial\/"]}]},{"@type":"ImageObject","inLanguage":"hr","@id":"https:\/\/distribucionarc.com\/pt\/producto\/cortadora-de-tela-industrial\/#primaryimage","url":"https:\/\/distribucionarc.com\/wp-content\/uploads\/2020\/10\/Cortadora-de-tela-industrial-0.jpg","contentUrl":"https:\/\/distribucionarc.com\/wp-content\/uploads\/2020\/10\/Cortadora-de-tela-industrial-0.jpg","width":1600,"height":1600,"caption":"Cortadora de tela industrial"},{"@type":"BreadcrumbList","@id":"https:\/\/distribucionarc.com\/pt\/producto\/cortadora-de-tela-industrial\/#breadcrumb","itemListElement":[{"@type":"ListItem","position":1,"name":"Portada","item":"https:\/\/distribucionarc.com\/pl\/"},{"@type":"ListItem","position":2,"name":"Produkty","item":"https:\/\/distribucionarc.com\/pl\/shop\/"},{"@type":"ListItem","position":3,"name":"Cortadora de tela industrial"}]},{"@type":"WebSite","@id":"https:\/\/distribucionarc.com\/de\/#website","url":"https:\/\/distribucionarc.com\/de\/","name":"ARC distribucija","description":"Tvrtka specijalizirana za proizvodnju i distribuciju industrijskih strojeva, strojeva za zatvaranje limenki, strojeva za izradu pilula, strojeva za rezanje mesa itd.","publisher":{"@id":"https:\/\/distribucionarc.com\/de\/#organization"},"potentialAction":[{"@type":"SearchAction","target":{"@type":"EntryPoint","urlTemplate":"https:\/\/distribucionarc.com\/de\/?s={search_term_string}"},"query-input":{"@type":"PropertyValueSpecification","valueRequired":true,"valueName":"search_term_string"}}],"inLanguage":"hr"},{"@type":"Organization","@id":"https:\/\/distribucionarc.com\/de\/#organization","name":"ARC distribucija","url":"https:\/\/distribucionarc.com\/de\/","logo":{"@type":"ImageObject","inLanguage":"hr","@id":"https:\/\/distribucionarc.com\/de\/#\/schema\/logo\/image\/","url":"https:\/\/distribucionarc.com\/wp-content\/uploads\/2024\/10\/distribucion-ARC-COLOR-SIN-FONDO-e1732295305345.png","contentUrl":"https:\/\/distribucionarc.com\/wp-content\/uploads\/2024\/10\/distribucion-ARC-COLOR-SIN-FONDO-e1732295305345.png","width":1164,"height":558,"caption":"Distribuci\u00f3n ARC"},"image":{"@id":"https:\/\/distribucionarc.com\/de\/#\/schema\/logo\/image\/"},"description":"Tvrtka specijalizirana za proizvodnju i distribuciju industrijskih strojeva za prehrambeni i farmaceutski sektor. Specijalizirani smo za: Strojeve za rezanje mesa Proizvodnja tableta Industrijske transportne sustave Linije za punjenje Strojevi za doziranje I jo\u0161 mnogo toga... Nudimo inovativna i prilago\u0111ena rje\u0161enja za optimizaciju proizvodnih procesa Va\u0161e tvrtke.","email":"Admistracion@distribucionarc.com","telephone":"+34 643496664","legalName":"ARC TECH SOLUTIONS","foundingDate":"2024-04-09","vatID":"B55480172","numberOfEmployees":{"@type":"QuantitativeValue","minValue":"1","maxValue":"10"}}]}},"_links":{"self":[{"href":"https:\/\/distribucionarc.com\/hr\/wp-json\/wp\/v2\/product\/3679","targetHints":{"allow":["GET"]}}],"collection":[{"href":"https:\/\/distribucionarc.com\/hr\/wp-json\/wp\/v2\/product"}],"about":[{"href":"https:\/\/distribucionarc.com\/hr\/wp-json\/wp\/v2\/types\/product"}],"replies":[{"embeddable":true,"href":"https:\/\/distribucionarc.com\/hr\/wp-json\/wp\/v2\/comments?post=3679"}],"version-history":[{"count":0,"href":"https:\/\/distribucionarc.com\/hr\/wp-json\/wp\/v2\/product\/3679\/revisions"}],"wp:featuredmedia":[{"embeddable":true,"href":"https:\/\/distribucionarc.com\/hr\/wp-json\/wp\/v2\/media\/3686"}],"wp:attachment":[{"href":"https:\/\/distribucionarc.com\/hr\/wp-json\/wp\/v2\/media?parent=3679"}],"wp:term":[{"taxonomy":"product_brand","embeddable":true,"href":"https:\/\/distribucionarc.com\/hr\/wp-json\/wp\/v2\/product_brand?post=3679"},{"taxonomy":"product_cat","embeddable":true,"href":"https:\/\/distribucionarc.com\/hr\/wp-json\/wp\/v2\/product_cat?post=3679"},{"taxonomy":"product_tag","embeddable":true,"href":"https:\/\/distribucionarc.com\/hr\/wp-json\/wp\/v2\/product_tag?post=3679"}],"curies":[{"name":"radni list","href":"https:\/\/api.w.org\/{rel}","templated":true}]}}