{"id":3692,"date":"2020-10-06T14:38:36","date_gmt":"2020-10-06T14:38:36","guid":{"rendered":"https:\/\/distribucionarc.com\/?post_type=product&#038;p=3692"},"modified":"2023-07-26T16:52:46","modified_gmt":"2023-07-26T16:52:46","slug":"dvokomorni-vakuum-stroj-za-pakiranje","status":"publish","type":"product","link":"https:\/\/distribucionarc.com\/hr\/producto\/maquina-de-envasado-al-vacio-doble-camara\/","title":{"rendered":"Stroj za vakuumsko pakiranje s dvije komore"},"content":{"rendered":"<h3>Stroj za vakuumsko pakiranje s dvije komore<\/h3>\n<p>Glavni materijali od <strong>stroj za vakuumsko pakiranje <span style=\"color: #ff0000;\">DO<\/span><span style=\"color: #0000ff;\">R<\/span>c<\/strong> Izra\u0111ene su od nehr\u0111aju\u0107eg \u010delika 304; regulatorno kako bi se zadovoljili zahtjevi higijene hrane. Cijeli stroj ima dizajn ravne vakuumske komore kako bi se olak\u0161alo \u010di\u0161\u0107enje materijala koji padnu tijekom procesa pakiranja, poput masti, ulja, tragova. Opremljen je otpornim kota\u010dima i ko\u010dnicama kako bi se olak\u0161alo kretanje stroja.<\/p>\n<p>The <strong>stroj za vakuumsko pakiranje <span style=\"color: #ff0000;\">DO<\/span><span style=\"color: #0000ff;\">R<\/span>C6002S<\/strong> Opremljen je vakuumskom pumpom velike snage za izvo\u0111enje brzog i u\u010dinkovitog procesa. Njime upravlja mikrora\u010dunalo kako bi se prilagodilo potrebama pakiranja, \u010dime se osigurava velika preciznost. Brtvena traka u obliku slova V izra\u0111ena je od materijala visoke gusto\u0107e koji osiguravaju u\u010dinkovitost brtvljenja, otpornost na pritisak i otpornost na habanje u svakodnevnom radu.<\/p>\n<p>Vrlo jednostavan za kori\u0161tenje zahvaljuju\u0107i strukturi dinami\u010dke ravnote\u017ee, koja vam omogu\u0107uje guranje snagom prsta, smanjuju\u0107i intenzitet rada. Ima sustav zaustavljanja u nu\u017edi koji se mo\u017ee aktivirati kad god korisnik to promisli. Ima funkciju hla\u0111enja ispu\u0161nog zraka<\/p>\n<h6><strong>Jamstvo\u00a0<span style=\"color: #ff0000;\">DO<\/span><span style=\"color: #0000ff;\">R<\/span>C 2 GODINE<\/strong><\/h6>\n<h6><span style=\"color: #008000;\">U\u010dinkovit ure\u0111aj za vakumiranje, niska potro\u0161nja 2000 w<\/span><\/h6>\n<h6><strong>uklju\u010dena tehni\u010dka podr\u0161ka<\/strong><\/h6>\n<p>&nbsp;<\/p>\n<table role=\"presentation\" width=\"100%\" cellspacing=\"0\" cellpadding=\"0\">\n<tbody>\n<tr>\n<td class=\"attrLabels\">Marka:<\/td>\n<td width=\"50.0%\">LUK<\/td>\n<\/tr>\n<tr>\n<td class=\"attrLabels\">Zemlja distribucije:<\/td>\n<td width=\"50.0%\">\u0160panjolska, Njema\u010dka, SAD<\/td>\n<td class=\"attrLabels\">Te\u017eina:<\/td>\n<td width=\"50.0%\">320 kg<\/td>\n<\/tr>\n<tr>\n<td class=\"attrLabels\">Proizvo\u0111a\u010dki broj:<\/td>\n<td width=\"50.0%\">ARC6002s<\/td>\n<td class=\"attrLabels\">Dimenzije stroja:<\/td>\n<td width=\"50.0%\">151 x 68,5 x 96 cm<\/td>\n<\/tr>\n<tr>\n<td class=\"attrLabels\">Boja:<\/td>\n<td width=\"50.0%\">Srebro<\/td>\n<td class=\"attrLabels\">Veli\u010dina prazne komore:<\/td>\n<td width=\"50.0%\">72x55x16 cm<\/td>\n<\/tr>\n<tr>\n<td class=\"attrLabels\">Vrsta proizvoda:<\/td>\n<td width=\"50.0%\">Stroj za industrijsko vakuumsko pakiranje<\/td>\n<td class=\"attrLabels\">U\u010dinkovito toplinsko brtvljenje:<\/td>\n<td width=\"50.0%\">60x55x16 cm<\/td>\n<\/tr>\n<tr>\n<td class=\"attrLabels\">Materijal:<\/td>\n<td width=\"50.0%\">304 nehr\u0111aju\u0107i \u010delik<\/td>\n<td class=\"attrLabels\">Razmak redova brtvljenja:<\/td>\n<td width=\"50.0%\">43 cm<\/td>\n<\/tr>\n<tr>\n<td class=\"attrLabels\">Alati za instalaciju:<\/td>\n<td width=\"50.0%\">Da<\/td>\n<td class=\"attrLabels\">Vakuumska pumpa:<\/td>\n<td width=\"50.0%\">20 x 2 m 3\/h<\/td>\n<\/tr>\n<tr>\n<td class=\"attrLabels\">Vlast:<\/td>\n<td width=\"50.0%\">2000 W<\/td>\n<td class=\"attrLabels\">Radni ciklus:<\/td>\n<td width=\"50.0%\">4-5 puta\/min<\/td>\n<\/tr>\n<tr>\n<td class=\"attrLabels\">Ulazni napon:<\/td>\n<td width=\"50.0%\">380V \u2013 50Hz<\/td>\n<td class=\"attrLabels\">Jamstvo:<\/td>\n<td width=\"50.0%\">LUK 2 GOD<\/td>\n<\/tr>\n<\/tbody>\n<\/table>\n<p>&nbsp;<\/p>","protected":false},"excerpt":{"rendered":"<h2>Stroj za vakuumsko pakiranje s dvije komore<\/h2>\n<p>Ovaj <strong>industrijski vakuumski stroj za pakiranje <span style=\"color: #ff0000;\">DO<\/span><span style=\"color: #0000ff;\">R<\/span>c<\/strong> Usvaja sustav kontrole mikrora\u010dunala kako bi pode\u0161avanje parametara brtvljenja bilo lak\u0161e i to\u010dnije; Mo\u017eete postaviti vrijeme vakumiranja, vrijeme zatvaranja i vrijeme pakiranja prema va\u0161im potrebama. Uspjev\u0161i se prilagoditi potrebama proizvoda ili materijala za pakiranje, ovo <strong>stroj za pakiranje<\/strong> Pogodan je za razli\u010dite industrije: prehrambenu, farmaceutsku, strojarsku, elektri\u010dnu itd.<\/p>\n<h6><strong>Jamstvo\u00a0<span style=\"color: #ff0000;\">DO<\/span><span style=\"color: #0000ff;\">R<\/span>C 2 GODINE<\/strong><\/h6>\n<h6><span style=\"color: #008000;\">U\u010dinkovit ure\u0111aj za vakumiranje, niska potro\u0161nja 2000 w<\/span><\/h6>\n<h6><strong>uklju\u010dena tehni\u010dka podr\u0161ka<\/strong><\/h6>\n<p>&nbsp;<\/p>","protected":false},"featured_media":3701,"comment_status":"open","ping_status":"closed","template":"","meta":{"wds_primary_product_brand":0,"wds_primary_product_cat":0},"product_brand":[],"product_cat":[49,27],"product_tag":[],"class_list":{"0":"post-3692","1":"product","2":"type-product","3":"status-publish","4":"has-post-thumbnail","6":"product_cat-envasadoras-al-vacio","7":"product_cat-selladoras-de-bolsas","8":"product_shipping_class-express","10":"first","11":"instock","12":"taxable","13":"shipping-taxable","14":"purchasable","15":"product-type-simple"},"yoast_head":"<!-- This site is optimized with the Yoast SEO Premium plugin v24.9 (Yoast SEO v26.1) - https:\/\/yoast.com\/wordpress\/plugins\/seo\/ -->\n<title>M\u00e1quina de envasado al vac\u00edo doble c\u00e1mara - distribuci\u00f3n ARC<\/title>\n<meta name=\"robots\" content=\"index, follow, max-snippet:-1, max-image-preview:large, max-video-preview:-1\" \/>\n<link rel=\"canonical\" href=\"https:\/\/www.distribucionarc.com\/nb\/producto\/maquina-de-envasado-al-vacio-doble-camara\/\" \/>\n<meta property=\"og:locale\" content=\"hr_HR\" \/>\n<meta property=\"og:type\" content=\"article\" \/>\n<meta property=\"og:title\" content=\"M\u00e1quina de envasado al vac\u00edo doble c\u00e1mara\" \/>\n<meta property=\"og:description\" content=\"M\u00e1quina de envasado al vac\u00edo doble c\u00e1mara Esta envasadora al vac\u00edo industrial ARC adopta un sistema de control por microordenador para que la configuraci\u00f3n de los par\u00e1metros de sellado sea m\u00e1s f\u00e1cil y precisa; puede establecer el tiempo de aspirado, tiempo de sellado y tiempo de embalaje de acuerdo con sus necesidades. Logrando adaptarse a las necesidades del producto o material de embalaje, esta m\u00e1quina de envasado es adecuada para diferentes industrias: alimentaria, farmac\u00e9utica, mec\u00e1nica, el\u00e9ctrica etc. Garant\u00eda\u00a0ARC 2 A\u00d1OS Envasadora al vac\u00edo eficiente, bajo consumo 2000 w soporte t\u00e9cnico incluido &nbsp;\" \/>\n<meta property=\"og:url\" content=\"https:\/\/www.distribucionarc.com\/nb\/producto\/maquina-de-envasado-al-vacio-doble-camara\/\" \/>\n<meta property=\"og:site_name\" content=\"distribuci\u00f3n ARC\" \/>\n<meta property=\"article:modified_time\" content=\"2023-07-26T16:52:46+00:00\" \/>\n<meta property=\"og:image\" content=\"https:\/\/distribucionarc.com\/wp-content\/uploads\/2020\/10\/M\u00e1quina-de-envasado-al-vac\u00edo-doble-c\u00e1mara-0-1.jpg\" \/>\n\t<meta property=\"og:image:width\" content=\"800\" \/>\n\t<meta property=\"og:image:height\" content=\"800\" \/>\n\t<meta property=\"og:image:type\" content=\"image\/jpeg\" \/>\n<meta name=\"twitter:card\" content=\"summary_large_image\" \/>\n<meta name=\"twitter:label1\" content=\"Procijenjeno vrijeme \u010ditanja\" \/>\n\t<meta name=\"twitter:data1\" content=\"2 minute\" \/>\n<script type=\"application\/ld+json\" class=\"yoast-schema-graph\">{\"@context\":\"https:\/\/schema.org\",\"@graph\":[{\"@type\":\"WebPage\",\"@id\":\"https:\/\/www.distribucionarc.com\/nb\/producto\/maquina-de-envasado-al-vacio-doble-camara\/\",\"url\":\"https:\/\/www.distribucionarc.com\/nb\/producto\/maquina-de-envasado-al-vacio-doble-camara\/\",\"name\":\"M\u00e1quina de envasado al vac\u00edo doble c\u00e1mara - distribuci\u00f3n ARC\",\"isPartOf\":{\"@id\":\"https:\/\/distribucionarc.com\/ro\/#website\"},\"primaryImageOfPage\":{\"@id\":\"https:\/\/www.distribucionarc.com\/nb\/producto\/maquina-de-envasado-al-vacio-doble-camara\/#primaryimage\"},\"image\":{\"@id\":\"https:\/\/www.distribucionarc.com\/nb\/producto\/maquina-de-envasado-al-vacio-doble-camara\/#primaryimage\"},\"thumbnailUrl\":\"https:\/\/distribucionarc.com\/wp-content\/uploads\/2020\/10\/M\u00e1quina-de-envasado-al-vac\u00edo-doble-c\u00e1mara-0-1.jpg\",\"datePublished\":\"2020-10-06T14:38:36+00:00\",\"dateModified\":\"2023-07-26T16:52:46+00:00\",\"breadcrumb\":{\"@id\":\"https:\/\/www.distribucionarc.com\/nb\/producto\/maquina-de-envasado-al-vacio-doble-camara\/#breadcrumb\"},\"inLanguage\":\"hr\",\"potentialAction\":[{\"@type\":\"ReadAction\",\"target\":[\"https:\/\/www.distribucionarc.com\/nb\/producto\/maquina-de-envasado-al-vacio-doble-camara\/\"]}]},{\"@type\":\"ImageObject\",\"inLanguage\":\"hr\",\"@id\":\"https:\/\/www.distribucionarc.com\/nb\/producto\/maquina-de-envasado-al-vacio-doble-camara\/#primaryimage\",\"url\":\"https:\/\/distribucionarc.com\/wp-content\/uploads\/2020\/10\/M\u00e1quina-de-envasado-al-vac\u00edo-doble-c\u00e1mara-0-1.jpg\",\"contentUrl\":\"https:\/\/distribucionarc.com\/wp-content\/uploads\/2020\/10\/M\u00e1quina-de-envasado-al-vac\u00edo-doble-c\u00e1mara-0-1.jpg\",\"width\":800,\"height\":800,\"caption\":\"M\u00e1quina de envasado al vac\u00edo doble c\u00e1mara\"},{\"@type\":\"BreadcrumbList\",\"@id\":\"https:\/\/www.distribucionarc.com\/nb\/producto\/maquina-de-envasado-al-vacio-doble-camara\/#breadcrumb\",\"itemListElement\":[{\"@type\":\"ListItem\",\"position\":1,\"name\":\"Portada\",\"item\":\"https:\/\/distribucionarc.com\/ar\/\"},{\"@type\":\"ListItem\",\"position\":2,\"name\":\"Proizvodi\",\"item\":\"https:\/\/www.distribucionarc.com\/hr\/ducan\/\"},{\"@type\":\"ListItem\",\"position\":3,\"name\":\"M\u00e1quina de envasado al vac\u00edo doble c\u00e1mara\"}]},{\"@type\":\"WebSite\",\"@id\":\"https:\/\/distribucionarc.com\/ro\/#website\",\"url\":\"https:\/\/distribucionarc.com\/ro\/\",\"name\":\"distribuci\u00f3n ARC\",\"description\":\"Empresa especializada en la fabricaci\u00f3n y distribuci\u00f3n de maquinaria industrial, selladoras de latas, Maquinas de hacer pastillas, Maquinas de cortar carne...\",\"publisher\":{\"@id\":\"https:\/\/distribucionarc.com\/ro\/#organization\"},\"potentialAction\":[{\"@type\":\"SearchAction\",\"target\":{\"@type\":\"EntryPoint\",\"urlTemplate\":\"https:\/\/distribucionarc.com\/ro\/?s={search_term_string}\"},\"query-input\":{\"@type\":\"PropertyValueSpecification\",\"valueRequired\":true,\"valueName\":\"search_term_string\"}}],\"inLanguage\":\"hr\"},{\"@type\":\"Organization\",\"@id\":\"https:\/\/distribucionarc.com\/ro\/#organization\",\"name\":\"Distribuci\u00f3n ARC\",\"url\":\"https:\/\/distribucionarc.com\/ro\/\",\"logo\":{\"@type\":\"ImageObject\",\"inLanguage\":\"hr\",\"@id\":\"https:\/\/distribucionarc.com\/ro\/#\/schema\/logo\/image\/\",\"url\":\"https:\/\/distribucionarc.com\/wp-content\/uploads\/2024\/10\/distribucion-ARC-COLOR-SIN-FONDO-e1732295305345.png\",\"contentUrl\":\"https:\/\/distribucionarc.com\/wp-content\/uploads\/2024\/10\/distribucion-ARC-COLOR-SIN-FONDO-e1732295305345.png\",\"width\":1164,\"height\":558,\"caption\":\"Distribuci\u00f3n ARC\"},\"image\":{\"@id\":\"https:\/\/distribucionarc.com\/ro\/#\/schema\/logo\/image\/\"},\"description\":\"Empresa especializada en la fabricaci\u00f3n y distribuci\u00f3n de maquinaria industrial para los sectores alimentario y farmac\u00e9utico. Nos especializamos en: M\u00e1quinas de cortar carne Fabricaci\u00f3n de comprimidos Sistemas de transporte industrial L\u00edneas de embotellado Dosificadores Y mucho m\u00e1s... Ofrecemos soluciones innovadoras y personalizadas para optimizar los procesos productivos de tu empresa.\",\"email\":\"Admistracion@distribucionarc.com\",\"telephone\":\"+34 643496664\",\"legalName\":\"ARC TECH SOLUTIONS\",\"foundingDate\":\"2024-04-09\",\"vatID\":\"B55480172\",\"numberOfEmployees\":{\"@type\":\"QuantitativeValue\",\"minValue\":\"1\",\"maxValue\":\"10\"}}]}<\/script>\n<!-- \/ Yoast SEO Premium plugin. -->","yoast_head_json":{"title":"Stroj za vakuumsko pakiranje s dvostrukom komorom - ARC distribucija","robots":{"index":"index","follow":"follow","max-snippet":"max-snippet:-1","max-image-preview":"max-image-preview:large","max-video-preview":"max-video-preview:-1"},"canonical":"https:\/\/www.distribucionarc.com\/nb\/producto\/maquina-de-envasado-al-vacio-doble-camara\/","og_locale":"hr_HR","og_type":"article","og_title":"M\u00e1quina de envasado al vac\u00edo doble c\u00e1mara","og_description":"M\u00e1quina de envasado al vac\u00edo doble c\u00e1mara Esta envasadora al vac\u00edo industrial ARC adopta un sistema de control por microordenador para que la configuraci\u00f3n de los par\u00e1metros de sellado sea m\u00e1s f\u00e1cil y precisa; puede establecer el tiempo de aspirado, tiempo de sellado y tiempo de embalaje de acuerdo con sus necesidades. Logrando adaptarse a las necesidades del producto o material de embalaje, esta m\u00e1quina de envasado es adecuada para diferentes industrias: alimentaria, farmac\u00e9utica, mec\u00e1nica, el\u00e9ctrica etc. Garant\u00eda\u00a0ARC 2 A\u00d1OS Envasadora al vac\u00edo eficiente, bajo consumo 2000 w soporte t\u00e9cnico incluido &nbsp;","og_url":"https:\/\/www.distribucionarc.com\/nb\/producto\/maquina-de-envasado-al-vacio-doble-camara\/","og_site_name":"distribuci\u00f3n ARC","article_modified_time":"2023-07-26T16:52:46+00:00","og_image":[{"width":800,"height":800,"url":"https:\/\/distribucionarc.com\/wp-content\/uploads\/2020\/10\/M\u00e1quina-de-envasado-al-vac\u00edo-doble-c\u00e1mara-0-1.jpg","type":"image\/jpeg"}],"twitter_card":"summary_large_image","twitter_misc":{"Procijenjeno vrijeme \u010ditanja":"2 minute"},"schema":{"@context":"https:\/\/schema.org","@graph":[{"@type":"WebPage","@id":"https:\/\/www.distribucionarc.com\/nb\/producto\/maquina-de-envasado-al-vacio-doble-camara\/","url":"https:\/\/www.distribucionarc.com\/nb\/producto\/maquina-de-envasado-al-vacio-doble-camara\/","name":"Stroj za vakuumsko pakiranje s dvostrukom komorom - ARC distribucija","isPartOf":{"@id":"https:\/\/distribucionarc.com\/ro\/#website"},"primaryImageOfPage":{"@id":"https:\/\/www.distribucionarc.com\/nb\/producto\/maquina-de-envasado-al-vacio-doble-camara\/#primaryimage"},"image":{"@id":"https:\/\/www.distribucionarc.com\/nb\/producto\/maquina-de-envasado-al-vacio-doble-camara\/#primaryimage"},"thumbnailUrl":"https:\/\/distribucionarc.com\/wp-content\/uploads\/2020\/10\/M\u00e1quina-de-envasado-al-vac\u00edo-doble-c\u00e1mara-0-1.jpg","datePublished":"2020-10-06T14:38:36+00:00","dateModified":"2023-07-26T16:52:46+00:00","breadcrumb":{"@id":"https:\/\/www.distribucionarc.com\/nb\/producto\/maquina-de-envasado-al-vacio-doble-camara\/#breadcrumb"},"inLanguage":"hr","potentialAction":[{"@type":"ReadAction","target":["https:\/\/www.distribucionarc.com\/nb\/producto\/maquina-de-envasado-al-vacio-doble-camara\/"]}]},{"@type":"ImageObject","inLanguage":"hr","@id":"https:\/\/www.distribucionarc.com\/nb\/producto\/maquina-de-envasado-al-vacio-doble-camara\/#primaryimage","url":"https:\/\/distribucionarc.com\/wp-content\/uploads\/2020\/10\/M\u00e1quina-de-envasado-al-vac\u00edo-doble-c\u00e1mara-0-1.jpg","contentUrl":"https:\/\/distribucionarc.com\/wp-content\/uploads\/2020\/10\/M\u00e1quina-de-envasado-al-vac\u00edo-doble-c\u00e1mara-0-1.jpg","width":800,"height":800,"caption":"M\u00e1quina de envasado al vac\u00edo doble c\u00e1mara"},{"@type":"BreadcrumbList","@id":"https:\/\/www.distribucionarc.com\/nb\/producto\/maquina-de-envasado-al-vacio-doble-camara\/#breadcrumb","itemListElement":[{"@type":"ListItem","position":1,"name":"Portada","item":"https:\/\/distribucionarc.com\/ar\/"},{"@type":"ListItem","position":2,"name":"Proizvodi","item":"https:\/\/www.distribucionarc.com\/hr\/ducan\/"},{"@type":"ListItem","position":3,"name":"M\u00e1quina de envasado al vac\u00edo doble c\u00e1mara"}]},{"@type":"WebSite","@id":"https:\/\/distribucionarc.com\/ro\/#website","url":"https:\/\/distribucionarc.com\/ro\/","name":"ARC distribucija","description":"Tvrtka specijalizirana za proizvodnju i distribuciju industrijskih strojeva, strojeva za zatvaranje limenki, strojeva za izradu pilula, strojeva za rezanje mesa itd.","publisher":{"@id":"https:\/\/distribucionarc.com\/ro\/#organization"},"potentialAction":[{"@type":"SearchAction","target":{"@type":"EntryPoint","urlTemplate":"https:\/\/distribucionarc.com\/ro\/?s={search_term_string}"},"query-input":{"@type":"PropertyValueSpecification","valueRequired":true,"valueName":"search_term_string"}}],"inLanguage":"hr"},{"@type":"Organization","@id":"https:\/\/distribucionarc.com\/ro\/#organization","name":"ARC distribucija","url":"https:\/\/distribucionarc.com\/ro\/","logo":{"@type":"ImageObject","inLanguage":"hr","@id":"https:\/\/distribucionarc.com\/ro\/#\/schema\/logo\/image\/","url":"https:\/\/distribucionarc.com\/wp-content\/uploads\/2024\/10\/distribucion-ARC-COLOR-SIN-FONDO-e1732295305345.png","contentUrl":"https:\/\/distribucionarc.com\/wp-content\/uploads\/2024\/10\/distribucion-ARC-COLOR-SIN-FONDO-e1732295305345.png","width":1164,"height":558,"caption":"Distribuci\u00f3n ARC"},"image":{"@id":"https:\/\/distribucionarc.com\/ro\/#\/schema\/logo\/image\/"},"description":"Tvrtka specijalizirana za proizvodnju i distribuciju industrijskih strojeva za prehrambeni i farmaceutski sektor. Specijalizirani smo za: Strojeve za rezanje mesa Proizvodnja tableta Industrijske transportne sustave Linije za punjenje Strojevi za doziranje I jo\u0161 mnogo toga... Nudimo inovativna i prilago\u0111ena rje\u0161enja za optimizaciju proizvodnih procesa Va\u0161e tvrtke.","email":"Admistracion@distribucionarc.com","telephone":"+34 643496664","legalName":"ARC TECH SOLUTIONS","foundingDate":"2024-04-09","vatID":"B55480172","numberOfEmployees":{"@type":"QuantitativeValue","minValue":"1","maxValue":"10"}}]}},"_links":{"self":[{"href":"https:\/\/distribucionarc.com\/hr\/wp-json\/wp\/v2\/product\/3692","targetHints":{"allow":["GET"]}}],"collection":[{"href":"https:\/\/distribucionarc.com\/hr\/wp-json\/wp\/v2\/product"}],"about":[{"href":"https:\/\/distribucionarc.com\/hr\/wp-json\/wp\/v2\/types\/product"}],"replies":[{"embeddable":true,"href":"https:\/\/distribucionarc.com\/hr\/wp-json\/wp\/v2\/comments?post=3692"}],"version-history":[{"count":0,"href":"https:\/\/distribucionarc.com\/hr\/wp-json\/wp\/v2\/product\/3692\/revisions"}],"wp:featuredmedia":[{"embeddable":true,"href":"https:\/\/distribucionarc.com\/hr\/wp-json\/wp\/v2\/media\/3701"}],"wp:attachment":[{"href":"https:\/\/distribucionarc.com\/hr\/wp-json\/wp\/v2\/media?parent=3692"}],"wp:term":[{"taxonomy":"product_brand","embeddable":true,"href":"https:\/\/distribucionarc.com\/hr\/wp-json\/wp\/v2\/product_brand?post=3692"},{"taxonomy":"product_cat","embeddable":true,"href":"https:\/\/distribucionarc.com\/hr\/wp-json\/wp\/v2\/product_cat?post=3692"},{"taxonomy":"product_tag","embeddable":true,"href":"https:\/\/distribucionarc.com\/hr\/wp-json\/wp\/v2\/product_tag?post=3692"}],"curies":[{"name":"radni list","href":"https:\/\/api.w.org\/{rel}","templated":true}]}}