{"id":3846,"date":"2020-10-10T09:01:48","date_gmt":"2020-10-10T09:01:48","guid":{"rendered":"https:\/\/distribucionarc.com\/?post_type=product&#038;p=3846"},"modified":"2020-10-10T09:01:49","modified_gmt":"2020-10-10T09:01:49","slug":"dozator-aparat-za-kavu-dusik","status":"publish","type":"product","link":"https:\/\/distribucionarc.com\/hr\/producto\/dispensador-cafetera-nitrogeno\/","title":{"rendered":"Aparat za kavu s du\u0161ikom"},"content":{"rendered":"<h3>Aparat za kavu s du\u0161ikom<\/h3>\n<p>Struktura <strong>aparat za kavu na du\u0161ik <span style=\"color: #ff0000;\">DO<\/span><span style=\"color: #0000ff;\">R<\/span>c<\/strong> Koristi zadebljani nehr\u0111aju\u0107i \u010delik 304 za hranu debljine 0,8 mm. Otporan, higijenski, jednostavan za \u010di\u0161\u0107enje i izdr\u017eljiv na svakodnevnoj bazi. Ima dva \u0161uplja utora sa svake strane<strong> nitro aparat za kavu<\/strong>Radi jednostavnog transporta, kompaktan i mali dizajn omogu\u0107uje vam da ga pohranite u svoje hladnjake ili police za boce, smanjuju\u0107i kori\u0161tenje prostora. Slavina je ugra\u0111ena u poklopac za jednostavnu zamjenu kako bi se olak\u0161ala upotreba razli\u010ditih teku\u0107ina kao \u0161to su kava, pivo, sok, itd.<\/p>\n<p>On <strong>hladni dozator <span style=\"color: #ff0000;\">DO<\/span><span style=\"color: #0000ff;\">R<\/span>CDCN2<\/strong> Ima veliki kapacitet punjenja od 2L. Olak\u0161avanje skladi\u0161tenja velikih koli\u010dina du\u0161i\u010dne kave i raznih vrsta pi\u0107a. Nitro hladno kuhanje mo\u017ee se posti\u0107i jednostavnim stiskanjem ulo\u0161ka s du\u0161ikom i zatim laganim pritiskom slavine.<\/p>\n<h6><strong>Jamstvo\u00a0<span style=\"color: #ff0000;\">DO<\/span><span style=\"color: #0000ff;\">R<\/span>C 2 GODINE<\/strong><\/h6>\n<h6><strong>uklju\u010dena tehni\u010dka podr\u0161ka<\/strong><\/h6>\n<p>&nbsp;<\/p>\n<table width=\"100%\">\n<tbody>\n<tr>\n<td>Marka:<\/td>\n<td width=\"32%\">LUK<\/td>\n<td>Te\u017eina:<\/td>\n<td width=\"30%\">1,4 kg<\/td>\n<\/tr>\n<tr>\n<td>Zemlja distribucije:<\/td>\n<td width=\"32%\">\u0160panjolska, Njema\u010dka, SAD<\/td>\n<td>Visina:<\/td>\n<td width=\"30%\">19,5 cm<\/td>\n<\/tr>\n<tr>\n<td>Boja:<\/td>\n<td width=\"32%\">Srebro<\/td>\n<td>dugo:<\/td>\n<td width=\"30%\">13,4 cm<\/td>\n<\/tr>\n<tr>\n<td>Vrsta proizvoda:<\/td>\n<td width=\"32%\">Nitro aparat za kavu<\/td>\n<td>\u0160iroko:<\/td>\n<td width=\"30%\">33,4 cm<\/td>\n<\/tr>\n<tr>\n<td>Proizvo\u0111a\u010dki broj:<\/td>\n<td width=\"32%\">ARCDCN2<\/td>\n<td>Sposobnost:<\/td>\n<td width=\"30%\">2L<\/td>\n<\/tr>\n<tr>\n<td>Materijal:<\/td>\n<td width=\"32%\">Nehr\u0111aju\u0107i \u010delik SUS 304<\/td>\n<td>Promjer spremnika:<\/td>\n<td width=\"30%\">13. 4 cm<\/td>\n<\/tr>\n<tr>\n<td>Debljina \u010delika:<\/td>\n<td width=\"32%\">0,8 mm<\/td>\n<td>\u00a0Jamstvo:<\/td>\n<td width=\"30%\">2 GODINE<\/td>\n<\/tr>\n<\/tbody>\n<\/table>","protected":false},"excerpt":{"rendered":"<h2>Aparat za kavu s du\u0161ikom<\/h2>\n<p>Na\u0161e<strong> aparat za kavu <span style=\"color: #ff0000;\">DO<\/span><span style=\"color: #0000ff;\">R<\/span>c<\/strong> Izra\u0111en je od nehr\u0111aju\u0107eg \u010delika kvalitete 304 za hranu radi lak\u0161eg \u010di\u0161\u0107enja uz ispunjavanje sanitarnih zahtjeva. Ovaj dozator omogu\u0107uje pripremu ukusne du\u0161i\u010dne kave, osim \u0161to je koristan kao dozator za pivo, bezalkoholna pi\u0107a, gazirana pi\u0107a itd. Njegova mala veli\u010dina \u010dini ga prenosivim i lakim za spremanje u va\u0161im hladnjacima. Sa \u0161upljim utorima s obje strane za lak\u0161e preno\u0161enje.<\/p>\n<h6><strong>Jamstvo\u00a0<span style=\"color: #ff0000;\">DO<\/span><span style=\"color: #0000ff;\">R<\/span>C 2 GODINE<\/strong><\/h6>\n<h6><strong>uklju\u010dena tehni\u010dka podr\u0161ka<\/strong><\/h6>","protected":false},"featured_media":3856,"comment_status":"open","ping_status":"closed","template":"","meta":{"wds_primary_product_brand":0,"wds_primary_product_cat":0},"product_brand":[],"product_cat":[57],"product_tag":[],"class_list":{"0":"post-3846","1":"product","2":"type-product","3":"status-publish","4":"has-post-thumbnail","6":"product_cat-dosificadores-dispensadores","7":"product_shipping_class-hosteleria","9":"first","10":"instock","11":"sale","12":"taxable","13":"shipping-taxable","14":"purchasable","15":"product-type-simple"},"yoast_head":"<!-- This site is optimized with the Yoast SEO Premium plugin v24.9 (Yoast SEO v26.1) - https:\/\/yoast.com\/wordpress\/plugins\/seo\/ -->\n<title>Dispensador cafetera nitr\u00f3geno - distribuci\u00f3n ARC<\/title>\n<meta name=\"robots\" content=\"index, follow, max-snippet:-1, max-image-preview:large, max-video-preview:-1\" \/>\n<link rel=\"canonical\" href=\"https:\/\/distribucionarc.com\/hr\/proizvod\/dozator-aparat-za-kavu-dusik\/\" \/>\n<meta property=\"og:locale\" content=\"hr_HR\" \/>\n<meta property=\"og:type\" content=\"article\" \/>\n<meta property=\"og:title\" content=\"Dispensador cafetera nitr\u00f3geno\" \/>\n<meta property=\"og:description\" content=\"Dispensador cafetera nitr\u00f3geno Nuestro dispensador cafetera ARC est\u00e1 hecha de acero inoxidable 304 de grado alimenticio para mayor facilidad de limpieza a su vez que cumple con los requisitos sanitarios. Este dispensador le permite realizar un sabroso caf\u00e9 nitrogenado, adem\u00e1s de ser \u00fatil como dispensador de cerveza, refrescos, bebidas gaseosas, etc. Su peque\u00f1o tama\u00f1o lo hace port\u00e1til y f\u00e1cil de guardar en sus neveras. Con ranuras huecas en ambos lados para facilitar su transporte. Garant\u00eda\u00a0ARC 2 A\u00d1OS soporte t\u00e9cnico incluido\" \/>\n<meta property=\"og:url\" content=\"https:\/\/distribucionarc.com\/hr\/proizvod\/dozator-aparat-za-kavu-dusik\/\" \/>\n<meta property=\"og:site_name\" content=\"distribuci\u00f3n ARC\" \/>\n<meta property=\"article:modified_time\" content=\"2020-10-10T09:01:49+00:00\" \/>\n<meta property=\"og:image\" content=\"https:\/\/distribucionarc.com\/wp-content\/uploads\/2020\/10\/Dispensador-cafetera-nitr\u00f3geno-0.jpg\" \/>\n\t<meta property=\"og:image:width\" content=\"1600\" \/>\n\t<meta property=\"og:image:height\" content=\"1600\" \/>\n\t<meta property=\"og:image:type\" content=\"image\/jpeg\" \/>\n<meta name=\"twitter:card\" content=\"summary_large_image\" \/>\n<meta name=\"twitter:label1\" content=\"Procijenjeno vrijeme \u010ditanja\" \/>\n\t<meta name=\"twitter:data1\" content=\"1 minuta\" \/>\n<script type=\"application\/ld+json\" class=\"yoast-schema-graph\">{\"@context\":\"https:\/\/schema.org\",\"@graph\":[{\"@type\":\"WebPage\",\"@id\":\"https:\/\/distribucionarc.com\/hr\/producto\/dispensador-cafetera-nitrogeno\/\",\"url\":\"https:\/\/distribucionarc.com\/hr\/producto\/dispensador-cafetera-nitrogeno\/\",\"name\":\"Dispensador cafetera nitr\u00f3geno - distribuci\u00f3n ARC\",\"isPartOf\":{\"@id\":\"https:\/\/distribucionarc.com\/ro\/#website\"},\"primaryImageOfPage\":{\"@id\":\"https:\/\/distribucionarc.com\/hr\/producto\/dispensador-cafetera-nitrogeno\/#primaryimage\"},\"image\":{\"@id\":\"https:\/\/distribucionarc.com\/hr\/producto\/dispensador-cafetera-nitrogeno\/#primaryimage\"},\"thumbnailUrl\":\"https:\/\/distribucionarc.com\/wp-content\/uploads\/2020\/10\/Dispensador-cafetera-nitr\u00f3geno-0.jpg\",\"datePublished\":\"2020-10-10T09:01:48+00:00\",\"dateModified\":\"2020-10-10T09:01:49+00:00\",\"breadcrumb\":{\"@id\":\"https:\/\/distribucionarc.com\/hr\/producto\/dispensador-cafetera-nitrogeno\/#breadcrumb\"},\"inLanguage\":\"hr\",\"potentialAction\":[{\"@type\":\"ReadAction\",\"target\":[\"https:\/\/distribucionarc.com\/hr\/producto\/dispensador-cafetera-nitrogeno\/\"]}]},{\"@type\":\"ImageObject\",\"inLanguage\":\"hr\",\"@id\":\"https:\/\/distribucionarc.com\/hr\/producto\/dispensador-cafetera-nitrogeno\/#primaryimage\",\"url\":\"https:\/\/distribucionarc.com\/wp-content\/uploads\/2020\/10\/Dispensador-cafetera-nitr\u00f3geno-0.jpg\",\"contentUrl\":\"https:\/\/distribucionarc.com\/wp-content\/uploads\/2020\/10\/Dispensador-cafetera-nitr\u00f3geno-0.jpg\",\"width\":1600,\"height\":1600,\"caption\":\"Dispensador cafetera nitr\u00f3geno 5L\"},{\"@type\":\"BreadcrumbList\",\"@id\":\"https:\/\/distribucionarc.com\/hr\/producto\/dispensador-cafetera-nitrogeno\/#breadcrumb\",\"itemListElement\":[{\"@type\":\"ListItem\",\"position\":1,\"name\":\"Portada\",\"item\":\"https:\/\/distribucionarc.com\/ar\/\"},{\"@type\":\"ListItem\",\"position\":2,\"name\":\"Proizvodi\",\"item\":\"https:\/\/www.distribucionarc.com\/hr\/ducan\/\"},{\"@type\":\"ListItem\",\"position\":3,\"name\":\"Dispensador cafetera nitr\u00f3geno\"}]},{\"@type\":\"WebSite\",\"@id\":\"https:\/\/distribucionarc.com\/ro\/#website\",\"url\":\"https:\/\/distribucionarc.com\/ro\/\",\"name\":\"distribuci\u00f3n ARC\",\"description\":\"Empresa especializada en la fabricaci\u00f3n y distribuci\u00f3n de maquinaria industrial, selladoras de latas, Maquinas de hacer pastillas, Maquinas de cortar carne...\",\"publisher\":{\"@id\":\"https:\/\/distribucionarc.com\/ro\/#organization\"},\"potentialAction\":[{\"@type\":\"SearchAction\",\"target\":{\"@type\":\"EntryPoint\",\"urlTemplate\":\"https:\/\/distribucionarc.com\/ro\/?s={search_term_string}\"},\"query-input\":{\"@type\":\"PropertyValueSpecification\",\"valueRequired\":true,\"valueName\":\"search_term_string\"}}],\"inLanguage\":\"hr\"},{\"@type\":\"Organization\",\"@id\":\"https:\/\/distribucionarc.com\/ro\/#organization\",\"name\":\"Distribuci\u00f3n ARC\",\"url\":\"https:\/\/distribucionarc.com\/ro\/\",\"logo\":{\"@type\":\"ImageObject\",\"inLanguage\":\"hr\",\"@id\":\"https:\/\/distribucionarc.com\/ro\/#\/schema\/logo\/image\/\",\"url\":\"https:\/\/distribucionarc.com\/wp-content\/uploads\/2024\/10\/distribucion-ARC-COLOR-SIN-FONDO-e1732295305345.png\",\"contentUrl\":\"https:\/\/distribucionarc.com\/wp-content\/uploads\/2024\/10\/distribucion-ARC-COLOR-SIN-FONDO-e1732295305345.png\",\"width\":1164,\"height\":558,\"caption\":\"Distribuci\u00f3n ARC\"},\"image\":{\"@id\":\"https:\/\/distribucionarc.com\/ro\/#\/schema\/logo\/image\/\"},\"description\":\"Empresa especializada en la fabricaci\u00f3n y distribuci\u00f3n de maquinaria industrial para los sectores alimentario y farmac\u00e9utico. Nos especializamos en: M\u00e1quinas de cortar carne Fabricaci\u00f3n de comprimidos Sistemas de transporte industrial L\u00edneas de embotellado Dosificadores Y mucho m\u00e1s... Ofrecemos soluciones innovadoras y personalizadas para optimizar los procesos productivos de tu empresa.\",\"email\":\"Admistracion@distribucionarc.com\",\"telephone\":\"+34 643496664\",\"legalName\":\"ARC TECH SOLUTIONS\",\"foundingDate\":\"2024-04-09\",\"vatID\":\"B55480172\",\"numberOfEmployees\":{\"@type\":\"QuantitativeValue\",\"minValue\":\"1\",\"maxValue\":\"10\"}}]}<\/script>\n<!-- \/ Yoast SEO Premium plugin. -->","yoast_head_json":{"title":"Aparat za kavu na du\u0161ik - distribucija ARC","robots":{"index":"index","follow":"follow","max-snippet":"max-snippet:-1","max-image-preview":"max-image-preview:large","max-video-preview":"max-video-preview:-1"},"canonical":"https:\/\/distribucionarc.com\/hr\/proizvod\/dozator-aparat-za-kavu-dusik\/","og_locale":"hr_HR","og_type":"article","og_title":"Dispensador cafetera nitr\u00f3geno","og_description":"Dispensador cafetera nitr\u00f3geno Nuestro dispensador cafetera ARC est\u00e1 hecha de acero inoxidable 304 de grado alimenticio para mayor facilidad de limpieza a su vez que cumple con los requisitos sanitarios. Este dispensador le permite realizar un sabroso caf\u00e9 nitrogenado, adem\u00e1s de ser \u00fatil como dispensador de cerveza, refrescos, bebidas gaseosas, etc. Su peque\u00f1o tama\u00f1o lo hace port\u00e1til y f\u00e1cil de guardar en sus neveras. Con ranuras huecas en ambos lados para facilitar su transporte. Garant\u00eda\u00a0ARC 2 A\u00d1OS soporte t\u00e9cnico incluido","og_url":"https:\/\/distribucionarc.com\/hr\/proizvod\/dozator-aparat-za-kavu-dusik\/","og_site_name":"distribuci\u00f3n ARC","article_modified_time":"2020-10-10T09:01:49+00:00","og_image":[{"width":1600,"height":1600,"url":"https:\/\/distribucionarc.com\/wp-content\/uploads\/2020\/10\/Dispensador-cafetera-nitr\u00f3geno-0.jpg","type":"image\/jpeg"}],"twitter_card":"summary_large_image","twitter_misc":{"Procijenjeno vrijeme \u010ditanja":"1 minuta"},"schema":{"@context":"https:\/\/schema.org","@graph":[{"@type":"WebPage","@id":"https:\/\/distribucionarc.com\/hr\/producto\/dispensador-cafetera-nitrogeno\/","url":"https:\/\/distribucionarc.com\/hr\/producto\/dispensador-cafetera-nitrogeno\/","name":"Aparat za kavu na du\u0161ik - distribucija ARC","isPartOf":{"@id":"https:\/\/distribucionarc.com\/ro\/#website"},"primaryImageOfPage":{"@id":"https:\/\/distribucionarc.com\/hr\/producto\/dispensador-cafetera-nitrogeno\/#primaryimage"},"image":{"@id":"https:\/\/distribucionarc.com\/hr\/producto\/dispensador-cafetera-nitrogeno\/#primaryimage"},"thumbnailUrl":"https:\/\/distribucionarc.com\/wp-content\/uploads\/2020\/10\/Dispensador-cafetera-nitr\u00f3geno-0.jpg","datePublished":"2020-10-10T09:01:48+00:00","dateModified":"2020-10-10T09:01:49+00:00","breadcrumb":{"@id":"https:\/\/distribucionarc.com\/hr\/producto\/dispensador-cafetera-nitrogeno\/#breadcrumb"},"inLanguage":"hr","potentialAction":[{"@type":"ReadAction","target":["https:\/\/distribucionarc.com\/hr\/producto\/dispensador-cafetera-nitrogeno\/"]}]},{"@type":"ImageObject","inLanguage":"hr","@id":"https:\/\/distribucionarc.com\/hr\/producto\/dispensador-cafetera-nitrogeno\/#primaryimage","url":"https:\/\/distribucionarc.com\/wp-content\/uploads\/2020\/10\/Dispensador-cafetera-nitr\u00f3geno-0.jpg","contentUrl":"https:\/\/distribucionarc.com\/wp-content\/uploads\/2020\/10\/Dispensador-cafetera-nitr\u00f3geno-0.jpg","width":1600,"height":1600,"caption":"Dispensador cafetera nitr\u00f3geno 5L"},{"@type":"BreadcrumbList","@id":"https:\/\/distribucionarc.com\/hr\/producto\/dispensador-cafetera-nitrogeno\/#breadcrumb","itemListElement":[{"@type":"ListItem","position":1,"name":"Portada","item":"https:\/\/distribucionarc.com\/ar\/"},{"@type":"ListItem","position":2,"name":"Proizvodi","item":"https:\/\/www.distribucionarc.com\/hr\/ducan\/"},{"@type":"ListItem","position":3,"name":"Dispensador cafetera nitr\u00f3geno"}]},{"@type":"WebSite","@id":"https:\/\/distribucionarc.com\/ro\/#website","url":"https:\/\/distribucionarc.com\/ro\/","name":"ARC distribucija","description":"Tvrtka specijalizirana za proizvodnju i distribuciju industrijskih strojeva, strojeva za zatvaranje limenki, strojeva za izradu pilula, strojeva za rezanje mesa itd.","publisher":{"@id":"https:\/\/distribucionarc.com\/ro\/#organization"},"potentialAction":[{"@type":"SearchAction","target":{"@type":"EntryPoint","urlTemplate":"https:\/\/distribucionarc.com\/ro\/?s={search_term_string}"},"query-input":{"@type":"PropertyValueSpecification","valueRequired":true,"valueName":"search_term_string"}}],"inLanguage":"hr"},{"@type":"Organization","@id":"https:\/\/distribucionarc.com\/ro\/#organization","name":"ARC distribucija","url":"https:\/\/distribucionarc.com\/ro\/","logo":{"@type":"ImageObject","inLanguage":"hr","@id":"https:\/\/distribucionarc.com\/ro\/#\/schema\/logo\/image\/","url":"https:\/\/distribucionarc.com\/wp-content\/uploads\/2024\/10\/distribucion-ARC-COLOR-SIN-FONDO-e1732295305345.png","contentUrl":"https:\/\/distribucionarc.com\/wp-content\/uploads\/2024\/10\/distribucion-ARC-COLOR-SIN-FONDO-e1732295305345.png","width":1164,"height":558,"caption":"Distribuci\u00f3n ARC"},"image":{"@id":"https:\/\/distribucionarc.com\/ro\/#\/schema\/logo\/image\/"},"description":"Tvrtka specijalizirana za proizvodnju i distribuciju industrijskih strojeva za prehrambeni i farmaceutski sektor. Specijalizirani smo za: Strojeve za rezanje mesa Proizvodnja tableta Industrijske transportne sustave Linije za punjenje Strojevi za doziranje I jo\u0161 mnogo toga... Nudimo inovativna i prilago\u0111ena rje\u0161enja za optimizaciju proizvodnih procesa Va\u0161e tvrtke.","email":"Admistracion@distribucionarc.com","telephone":"+34 643496664","legalName":"ARC TECH SOLUTIONS","foundingDate":"2024-04-09","vatID":"B55480172","numberOfEmployees":{"@type":"QuantitativeValue","minValue":"1","maxValue":"10"}}]}},"_links":{"self":[{"href":"https:\/\/distribucionarc.com\/hr\/wp-json\/wp\/v2\/product\/3846","targetHints":{"allow":["GET"]}}],"collection":[{"href":"https:\/\/distribucionarc.com\/hr\/wp-json\/wp\/v2\/product"}],"about":[{"href":"https:\/\/distribucionarc.com\/hr\/wp-json\/wp\/v2\/types\/product"}],"replies":[{"embeddable":true,"href":"https:\/\/distribucionarc.com\/hr\/wp-json\/wp\/v2\/comments?post=3846"}],"version-history":[{"count":0,"href":"https:\/\/distribucionarc.com\/hr\/wp-json\/wp\/v2\/product\/3846\/revisions"}],"wp:featuredmedia":[{"embeddable":true,"href":"https:\/\/distribucionarc.com\/hr\/wp-json\/wp\/v2\/media\/3856"}],"wp:attachment":[{"href":"https:\/\/distribucionarc.com\/hr\/wp-json\/wp\/v2\/media?parent=3846"}],"wp:term":[{"taxonomy":"product_brand","embeddable":true,"href":"https:\/\/distribucionarc.com\/hr\/wp-json\/wp\/v2\/product_brand?post=3846"},{"taxonomy":"product_cat","embeddable":true,"href":"https:\/\/distribucionarc.com\/hr\/wp-json\/wp\/v2\/product_cat?post=3846"},{"taxonomy":"product_tag","embeddable":true,"href":"https:\/\/distribucionarc.com\/hr\/wp-json\/wp\/v2\/product_tag?post=3846"}],"curies":[{"name":"radni list","href":"https:\/\/api.w.org\/{rel}","templated":true}]}}